{"id":48115,"date":"2021-09-23T11:21:19","date_gmt":"2021-09-23T11:21:19","guid":{"rendered":"https:\/\/www.accuratereviews.com\/?page_id=48115"},"modified":"2021-09-27T09:09:51","modified_gmt":"2021-09-27T09:09:51","slug":"buzzsumo-recensione","status":"publish","type":"page","link":"https:\/\/www.accuratereviews.com\/it\/piattaforme-influencer-marketing\/buzzsumo-recensione\/","title":{"rendered":"BuzzSumo"},"content":{"rendered":"<p><strong>BuzzSumo<\/strong> \u00e8 uno<strong> strumento di analisi dei social media<\/strong> e ispirazione e cura dei contenuti per i professionisti del marketing. Cerca nel web i contenuti in base alle query di ricerca e riporta il suo successo in base al suo impegno social, al punteggio sempre aggiornato e ai backlink. Il programma consente ai marketer di analizzare i contenuti pi\u00f9 performanti in qualsiasi nicchia di mercato. Con i migliori contenuti a tua disposizione in pochi secondi, hai molto tempo per analizzare il contenuto per i motivi per cui sta funzionando bene sui social media. Man mano che ottieni informazioni sui fattori che rendono il contenuto di successo, diventa relativamente pi\u00f9 facile per te pianificare e creare contenuti efficaci e promettenti per il tuo mercato di riferimento.<\/p>\n<h2>BUZZSUMO &#8211; TUTORIAL<\/h2>\n<p>Ecco alcuni consigli su come ricercare gli argomenti giusti per sfruttare le funzioni di questo <strong>software per influencer marketing<\/strong>:<\/p>\n<div id=\"fluid-wrapper-counter-1\" class=\"g1-fluid-wrapper \" style=\"width:686px;\">\n<div style=\"padding-bottom:56.268221574344%;\"><iframe loading=\"lazy\" title=\"BuzzSumo: cosa serve  e come si usa\" width=\"686\" height=\"386\" src=\"https:\/\/www.youtube.com\/embed\/uMhDqMBQ01Q?feature=oembed&amp;wmode=transparent&amp;autohide=1&amp;autoplay=0&amp;disablekb=0&amp;fs=1&amp;loop=0&amp;enablejsapi=1&amp;rel=0&amp;controls=2&amp;showinfo=0&amp;wmode=transparent&amp;autohide=2&amp;autoplay=0&amp;disablekb=0&amp;fs=1&amp;loop=0&amp;enablejsapi=1&amp;rel=0&amp;controls=2&amp;showinfo=1\" frameborder=\"0\" allow=\"accelerometer; autoplay; clipboard-write; encrypted-media; gyroscope; picture-in-picture\" allowfullscreen><\/iframe><\/div>\n<\/div>\n<h3>BUZZSUMO &#8211; CARATTERISTICHE<\/h3>\n<ul>\n<li><strong>Volume di ricerca mensile<\/strong>: comprendi la popolarit\u00e0 delle parole chiave per identificare gli argomenti con una domanda elevata<\/li>\n<li><strong>Tendenze di ricerca<\/strong>: visualizza il volume di ricerca nel tempo per scoprire se le tue parole chiave sono influenzate dalla stagionalit\u00e0 o dalle tendenze<\/li>\n<li><strong>Approfondimenti completi:<\/strong> combina le parole chiave con i contenuti, le domande e i dati degli influencer \u00a0per creare contenuti completi<\/li>\n<li><strong>Prevedi i successi virali<\/strong>: ordina le storie per punteggio di tendenza per individuare i successi virali emergenti<\/li>\n<li><strong>Risultati in tempo reale<\/strong>: visualizza i dati sulle prestazioni istantanee per i contenuti appena rilasciati<\/li>\n<li><strong>Filtraggio geografico<\/strong>: concentrati sulle regioni pertinenti e ottieni informazioni significative<\/li>\n<li><strong>Feed personalizzati<\/strong>: crea e condividi feed incentrati su argomenti, domini e posizioni chiave<\/li>\n<li><strong>Esempi di contenuti<\/strong>: genera rapidamente idee con contenuti reali ed esempi di domande in un&#8217;unica pagina<\/li>\n<li><strong>Scava pi\u00f9 a fondo<\/strong>: approfondisci qualsiasi argomento per visualizzare le tendenze e altri esempi<\/li>\n<li><strong>Pensa diversamente<\/strong>: esci dai tuoi soliti schemi di contenuti e diventa creativo<\/li>\n<li><strong>Domande autentiche<\/strong>: esplora le lacune nella conoscenza comune in modo da poter creare contenuti richiesti<\/li>\n<li><strong>Ricerca nel forum<\/strong>: analizza le domande su qualsiasi forum web popolare<\/li>\n<li><strong>Voce del cliente<\/strong>: ascolta cosa chiede il tuo pubblico in modo da poter adottare il suo tono e il suo linguaggio<\/li>\n<\/ul>\n<h4>LE RECENSIONI DEGLI UTENTI<\/h4>\n<p class=\"font-weight-bold mb-1 d-flex align-items-center\"><strong>Younes B.&#8221;una miniera d&#8217;oro per i creatori di contenuti&#8221;<\/strong><\/p>\n<p><strong>Commenti: <\/strong>Mi piace molto usare BuzzSumo poich\u00e9 \u00e8 come un coltellino svizzero per la pianificazione della strategia dei contenuti, la SEO e il marketing in generale.<\/p>\n<p><strong>Pro: <\/strong>Mi piace la funzione Content Analyzer perch\u00e9 \u00e8 accurata per la maggior parte del tempo e supporta molte lingue.<\/p>\n<p><strong>Contro: <\/strong>La funzione Esplora argomenti pu\u00f2 essere un ulteriore miglioramento.<\/p>\n<p class=\"font-weight-bold mb-1 d-flex align-items-center\"><strong>Ajay D.&#8221;Perch\u00e9 i marketer dovrebbero usare BuzzSumo?&#8221;<\/strong><\/p>\n<p><strong>Commenti: <\/strong>Facile da usare e un must se stai creando contenuti su larga scala per indirizzare il traffico al tuo sito web o ai canali social.<\/p>\n<p><strong>Pro: <\/strong>L&#8217;influencer marketing gioca sulle parole chiave nel marketing digitale di oggi. Creare contenuti di tendenza e virali rimane un compito arduo. BuzzSumo svolge un ruolo fondamentale nel colmare questa lacuna. Pu\u00f2 lanciare migliaia di parole chiave relative alla tua categoria, argomenti di tendenza e argomenti pertinenti per creare contenuti istantaneamente e ottenere risultati migliori per i tuoi contenuti.<\/p>\n<p><strong>Contro: <\/strong>Poich\u00e9 questo \u00e8 uno strumento unico, non sono riuscito a trovare molte lacune.<\/p>\n<p class=\"font-weight-bold mb-1 d-flex align-items-center\"><strong>Alina M.&#8221;Ottimo strumento di marketing&#8221;<\/strong><\/p>\n<p><strong>Commenti: <\/strong>BuzzSumo \u00e8 uno dei prodotti di marketing pi\u00f9 ben pensati con cui ho lavorato. \u00c8 ottimo per stare al passo con le tendenze del settore in generale e utilizzarlo su pi\u00f9 casi d&#8217;uso pi\u00f9 piccoli.<\/p>\n<p><strong>Pro: <\/strong>\u00c8 un software altamente versatile. Lo uso principalmente per trovare collegamenti a ritroso al sito e per trovare domande che le persone fanno sulle parole chiave. BuzzSumo \u00e8 davvero per tenersi aggiornati su determinati argomenti. Gli avvisi sono una grande caratteristica. Molto facile da personalizzare e offre ottimi spunti sul comportamento dei clienti.<\/p>\n<p><strong>Contro: <\/strong>Il valore \u00e8 indiscusso ma il prezzo di 99$ al mese \u00e8 molto alto. Penso che si stiano concentrando solo sulle grandi aziende. Come piccola azienda, devi assicurarti di trarne il massimo se l&#8217;acquisti.<\/p>\n","protected":false},"excerpt":{"rendered":"<p>BuzzSumo \u00e8 uno strumento di analisi dei social media e ispirazione e cura dei contenuti per i professionisti del marketing. Cerca nel web i contenuti in base alle query di ricerca e riporta il suo successo, in base al suo impegno social, al punteggio sempre aggiornato e ai backlink. Il programma\u00a0consente ai marketer di analizzare i contenuti pi\u00f9 performanti in qualsiasi nicchia di mercato.\u00a0<\/p>\n","protected":false},"author":16,"featured_media":48116,"parent":48041,"menu_order":0,"comment_status":"open","ping_status":"closed","template":"g1_template_page_review_new.php","meta":{"_acf_changed":false,"cwp_meta_box_check":"Yes","cwp_rev_product_name":"","cwp_rev_product_image":"","wppr_links":[],"cwp_rev_price":"","wppr_options":[],"wppr_pros":[],"wppr_cons":[],"_monsterinsights_skip_tracking":false,"_monsterinsights_sitenote_active":false,"_monsterinsights_sitenote_note":"","_monsterinsights_sitenote_category":0,"footnotes":""},"categories":[11175],"tags":[11212,4149,11191,11189,11181,11192],"features":[],"class_list":{"0":"post-48115","1":"page","2":"type-page","3":"status-publish","4":"has-post-thumbnail","6":"category-piattaforme-per-influencer-marketing","7":"tag-buzzsumo","8":"tag-influencer-marketing-it","9":"tag-piattaforma-per-influencer-marketing","10":"tag-programma-per-influencer-marketing","11":"tag-software-per-influencer-marketing","12":"tag-soluzione-per-influencer-marketing"},"wppr_data":{"cwp_meta_box_check":"Yes","cwp_rev_product_name":"","cwp_rev_product_image":"","cwp_image_link":"image","cwp_rev_price":"","wppr_rating":"0.00"},"acf":[],"yoast_head":"<!-- This site is optimized with the Yoast SEO plugin v26.0 - https:\/\/yoast.com\/wordpress\/plugins\/seo\/ -->\n<title>BuzzSumo: recensione software per influencer marketing<\/title>\n<meta name=\"description\" content=\"BuzzSumo: recensione strumento di analisi dei social media e ispirazione e cura dei contenuti per i professionisti del marketing\" \/>\n<meta name=\"robots\" content=\"index, follow, max-snippet:-1, max-image-preview:large, max-video-preview:-1\" \/>\n<link rel=\"canonical\" href=\"https:\/\/www.accuratereviews.com\/it\/piattaforme-influencer-marketing\/buzzsumo-recensione\/\" \/>\n<meta property=\"og:locale\" content=\"it_IT\" \/>\n<meta property=\"og:type\" content=\"article\" \/>\n<meta property=\"og:title\" content=\"BuzzSumo: recensione software per influencer marketing\" \/>\n<meta property=\"og:description\" content=\"BuzzSumo: recensione strumento di analisi dei social media e ispirazione e cura dei contenuti per i professionisti del marketing\" \/>\n<meta property=\"og:url\" content=\"https:\/\/www.accuratereviews.com\/it\/piattaforme-influencer-marketing\/buzzsumo-recensione\/\" \/>\n<meta property=\"og:site_name\" content=\"Accurate Reviews\" \/>\n<meta property=\"article:modified_time\" content=\"2021-09-27T09:09:51+00:00\" \/>\n<meta property=\"og:image\" content=\"https:\/\/www.accuratereviews.com\/wp-content\/uploads\/2021\/09\/buzzsumo-logo.jpg\" \/>\n\t<meta property=\"og:image:width\" content=\"800\" \/>\n\t<meta property=\"og:image:height\" content=\"400\" \/>\n\t<meta property=\"og:image:type\" content=\"image\/jpeg\" \/>\n<meta name=\"twitter:card\" content=\"summary_large_image\" \/>\n<meta name=\"twitter:label1\" content=\"Tempo di lettura stimato\" \/>\n\t<meta name=\"twitter:data1\" content=\"3 minuti\" \/>\n<script type=\"application\/ld+json\" class=\"yoast-schema-graph\">{\"@context\":\"https:\/\/schema.org\",\"@graph\":[{\"@type\":\"WebPage\",\"@id\":\"https:\/\/www.accuratereviews.com\/it\/piattaforme-influencer-marketing\/buzzsumo-recensione\/\",\"url\":\"https:\/\/www.accuratereviews.com\/it\/piattaforme-influencer-marketing\/buzzsumo-recensione\/\",\"name\":\"BuzzSumo: recensione software per influencer marketing\",\"isPartOf\":{\"@id\":\"https:\/\/www.accuratereviews.com\/it\/#website\"},\"primaryImageOfPage\":{\"@id\":\"https:\/\/www.accuratereviews.com\/it\/piattaforme-influencer-marketing\/buzzsumo-recensione\/#primaryimage\"},\"image\":{\"@id\":\"https:\/\/www.accuratereviews.com\/it\/piattaforme-influencer-marketing\/buzzsumo-recensione\/#primaryimage\"},\"thumbnailUrl\":\"https:\/\/www.accuratereviews.com\/wp-content\/uploads\/2021\/09\/buzzsumo-logo.jpg\",\"datePublished\":\"2021-09-23T11:21:19+00:00\",\"dateModified\":\"2021-09-27T09:09:51+00:00\",\"description\":\"BuzzSumo: recensione strumento di analisi dei social media e ispirazione e cura dei contenuti per i professionisti del marketing\",\"breadcrumb\":{\"@id\":\"https:\/\/www.accuratereviews.com\/it\/piattaforme-influencer-marketing\/buzzsumo-recensione\/#breadcrumb\"},\"inLanguage\":\"it-IT\",\"potentialAction\":[{\"@type\":\"ReadAction\",\"target\":[\"https:\/\/www.accuratereviews.com\/it\/piattaforme-influencer-marketing\/buzzsumo-recensione\/\"]}]},{\"@type\":\"ImageObject\",\"inLanguage\":\"it-IT\",\"@id\":\"https:\/\/www.accuratereviews.com\/it\/piattaforme-influencer-marketing\/buzzsumo-recensione\/#primaryimage\",\"url\":\"https:\/\/www.accuratereviews.com\/wp-content\/uploads\/2021\/09\/buzzsumo-logo.jpg\",\"contentUrl\":\"https:\/\/www.accuratereviews.com\/wp-content\/uploads\/2021\/09\/buzzsumo-logo.jpg\",\"width\":800,\"height\":400},{\"@type\":\"BreadcrumbList\",\"@id\":\"https:\/\/www.accuratereviews.com\/it\/piattaforme-influencer-marketing\/buzzsumo-recensione\/#breadcrumb\",\"itemListElement\":[{\"@type\":\"ListItem\",\"position\":1,\"name\":\"Home\",\"item\":\"https:\/\/www.accuratereviews.com\/it\/\"},{\"@type\":\"ListItem\",\"position\":2,\"name\":\"Piattaforme per influencer marketing\",\"item\":\"https:\/\/www.accuratereviews.com\/it\/piattaforme-influencer-marketing\/\"},{\"@type\":\"ListItem\",\"position\":3,\"name\":\"BuzzSumo\"}]},{\"@type\":\"WebSite\",\"@id\":\"https:\/\/www.accuratereviews.com\/it\/#website\",\"url\":\"https:\/\/www.accuratereviews.com\/it\/\",\"name\":\"Accurate Reviews\",\"description\":\"\",\"potentialAction\":[{\"@type\":\"SearchAction\",\"target\":{\"@type\":\"EntryPoint\",\"urlTemplate\":\"https:\/\/www.accuratereviews.com\/it\/?s={search_term_string}\"},\"query-input\":{\"@type\":\"PropertyValueSpecification\",\"valueRequired\":true,\"valueName\":\"search_term_string\"}}],\"inLanguage\":\"it-IT\"}]}<\/script>\n<!-- \/ Yoast SEO plugin. -->","yoast_head_json":{"title":"BuzzSumo: recensione software per influencer marketing","description":"BuzzSumo: recensione strumento di analisi dei social media e ispirazione e cura dei contenuti per i professionisti del marketing","robots":{"index":"index","follow":"follow","max-snippet":"max-snippet:-1","max-image-preview":"max-image-preview:large","max-video-preview":"max-video-preview:-1"},"canonical":"https:\/\/www.accuratereviews.com\/it\/piattaforme-influencer-marketing\/buzzsumo-recensione\/","og_locale":"it_IT","og_type":"article","og_title":"BuzzSumo: recensione software per influencer marketing","og_description":"BuzzSumo: recensione strumento di analisi dei social media e ispirazione e cura dei contenuti per i professionisti del marketing","og_url":"https:\/\/www.accuratereviews.com\/it\/piattaforme-influencer-marketing\/buzzsumo-recensione\/","og_site_name":"Accurate Reviews","article_modified_time":"2021-09-27T09:09:51+00:00","og_image":[{"width":800,"height":400,"url":"https:\/\/www.accuratereviews.com\/wp-content\/uploads\/2021\/09\/buzzsumo-logo.jpg","type":"image\/jpeg"}],"twitter_card":"summary_large_image","twitter_misc":{"Tempo di lettura stimato":"3 minuti"},"schema":{"@context":"https:\/\/schema.org","@graph":[{"@type":"WebPage","@id":"https:\/\/www.accuratereviews.com\/it\/piattaforme-influencer-marketing\/buzzsumo-recensione\/","url":"https:\/\/www.accuratereviews.com\/it\/piattaforme-influencer-marketing\/buzzsumo-recensione\/","name":"BuzzSumo: recensione software per influencer marketing","isPartOf":{"@id":"https:\/\/www.accuratereviews.com\/it\/#website"},"primaryImageOfPage":{"@id":"https:\/\/www.accuratereviews.com\/it\/piattaforme-influencer-marketing\/buzzsumo-recensione\/#primaryimage"},"image":{"@id":"https:\/\/www.accuratereviews.com\/it\/piattaforme-influencer-marketing\/buzzsumo-recensione\/#primaryimage"},"thumbnailUrl":"https:\/\/www.accuratereviews.com\/wp-content\/uploads\/2021\/09\/buzzsumo-logo.jpg","datePublished":"2021-09-23T11:21:19+00:00","dateModified":"2021-09-27T09:09:51+00:00","description":"BuzzSumo: recensione strumento di analisi dei social media e ispirazione e cura dei contenuti per i professionisti del marketing","breadcrumb":{"@id":"https:\/\/www.accuratereviews.com\/it\/piattaforme-influencer-marketing\/buzzsumo-recensione\/#breadcrumb"},"inLanguage":"it-IT","potentialAction":[{"@type":"ReadAction","target":["https:\/\/www.accuratereviews.com\/it\/piattaforme-influencer-marketing\/buzzsumo-recensione\/"]}]},{"@type":"ImageObject","inLanguage":"it-IT","@id":"https:\/\/www.accuratereviews.com\/it\/piattaforme-influencer-marketing\/buzzsumo-recensione\/#primaryimage","url":"https:\/\/www.accuratereviews.com\/wp-content\/uploads\/2021\/09\/buzzsumo-logo.jpg","contentUrl":"https:\/\/www.accuratereviews.com\/wp-content\/uploads\/2021\/09\/buzzsumo-logo.jpg","width":800,"height":400},{"@type":"BreadcrumbList","@id":"https:\/\/www.accuratereviews.com\/it\/piattaforme-influencer-marketing\/buzzsumo-recensione\/#breadcrumb","itemListElement":[{"@type":"ListItem","position":1,"name":"Home","item":"https:\/\/www.accuratereviews.com\/it\/"},{"@type":"ListItem","position":2,"name":"Piattaforme per influencer marketing","item":"https:\/\/www.accuratereviews.com\/it\/piattaforme-influencer-marketing\/"},{"@type":"ListItem","position":3,"name":"BuzzSumo"}]},{"@type":"WebSite","@id":"https:\/\/www.accuratereviews.com\/it\/#website","url":"https:\/\/www.accuratereviews.com\/it\/","name":"Accurate Reviews","description":"","potentialAction":[{"@type":"SearchAction","target":{"@type":"EntryPoint","urlTemplate":"https:\/\/www.accuratereviews.com\/it\/?s={search_term_string}"},"query-input":{"@type":"PropertyValueSpecification","valueRequired":true,"valueName":"search_term_string"}}],"inLanguage":"it-IT"}]}},"_links":{"self":[{"href":"https:\/\/www.accuratereviews.com\/it\/wp-json\/wp\/v2\/pages\/48115","targetHints":{"allow":["GET"]}}],"collection":[{"href":"https:\/\/www.accuratereviews.com\/it\/wp-json\/wp\/v2\/pages"}],"about":[{"href":"https:\/\/www.accuratereviews.com\/it\/wp-json\/wp\/v2\/types\/page"}],"author":[{"embeddable":true,"href":"https:\/\/www.accuratereviews.com\/it\/wp-json\/wp\/v2\/users\/16"}],"replies":[{"embeddable":true,"href":"https:\/\/www.accuratereviews.com\/it\/wp-json\/wp\/v2\/comments?post=48115"}],"version-history":[{"count":10,"href":"https:\/\/www.accuratereviews.com\/it\/wp-json\/wp\/v2\/pages\/48115\/revisions"}],"predecessor-version":[{"id":48145,"href":"https:\/\/www.accuratereviews.com\/it\/wp-json\/wp\/v2\/pages\/48115\/revisions\/48145"}],"up":[{"embeddable":true,"href":"https:\/\/www.accuratereviews.com\/it\/wp-json\/wp\/v2\/pages\/48041"}],"wp:featuredmedia":[{"embeddable":true,"href":"https:\/\/www.accuratereviews.com\/it\/wp-json\/wp\/v2\/media\/48116"}],"wp:attachment":[{"href":"https:\/\/www.accuratereviews.com\/it\/wp-json\/wp\/v2\/media?parent=48115"}],"wp:term":[{"taxonomy":"category","embeddable":true,"href":"https:\/\/www.accuratereviews.com\/it\/wp-json\/wp\/v2\/categories?post=48115"},{"taxonomy":"post_tag","embeddable":true,"href":"https:\/\/www.accuratereviews.com\/it\/wp-json\/wp\/v2\/tags?post=48115"},{"taxonomy":"features","embeddable":true,"href":"https:\/\/www.accuratereviews.com\/it\/wp-json\/wp\/v2\/features?post=48115"}],"curies":[{"name":"wp","href":"https:\/\/api.w.org\/{rel}","templated":true}]}}