{"id":48146,"date":"2021-09-23T14:20:54","date_gmt":"2021-09-23T14:20:54","guid":{"rendered":"https:\/\/www.accuratereviews.com\/?page_id=48146"},"modified":"2021-09-23T14:20:54","modified_gmt":"2021-09-23T14:20:54","slug":"grin-recensione","status":"publish","type":"page","link":"https:\/\/www.accuratereviews.com\/it\/piattaforme-influencer-marketing\/grin-recensione\/","title":{"rendered":"GRIN"},"content":{"rendered":"<p><strong>GRIN<\/strong> \u00e8 un <strong>software di influencer marketing<\/strong> che offre numerosi strumenti in grado di semplificare la gestione delle campagne. Ha l&#8217;obiettivo di creare relazioni autentiche e dirette con gli influencer al fine di garantire la crescita di un brand. Grazie a questa piattaforma all-in-one potrai coltivare un&#8217;autentica rete di influencer, gestire pi\u00f9 <strong>campagne<\/strong> simultaneamente con le funzionalit\u00e0 di monitoraggio e di mass-outreach e raggiungere cos\u00ec un ROI sempre pi\u00f9 alto.<\/p>\n<h2>GRIN &#8211; TUTORIAL<\/h2>\n<p>Di seguito un video che mostra come funziona <strong>GRIN<\/strong>:<\/p>\n<div id=\"fluid-wrapper-counter-1\" class=\"g1-fluid-wrapper \" style=\"width:686px;\">\n<div style=\"padding-bottom:56.268221574344%;\"><iframe loading=\"lazy\" title=\"GRIN Creator Management Platform Overview\" width=\"686\" height=\"386\" src=\"https:\/\/www.youtube.com\/embed\/SgmaCY3ZPRw?feature=oembed&amp;wmode=transparent&amp;autohide=1&amp;autoplay=0&amp;disablekb=0&amp;fs=1&amp;loop=0&amp;enablejsapi=1&amp;rel=0&amp;controls=2&amp;showinfo=0&amp;wmode=transparent&amp;autohide=2&amp;autoplay=0&amp;disablekb=0&amp;fs=1&amp;loop=0&amp;enablejsapi=1&amp;rel=0&amp;controls=2&amp;showinfo=1\" frameborder=\"0\" allow=\"accelerometer; autoplay; clipboard-write; encrypted-media; gyroscope; picture-in-picture\" allowfullscreen><\/iframe><\/div>\n<\/div>\n<h3>GRIN &#8211; CARATTERISTICHE<\/h3>\n<ul>\n<li><strong>Gestione delle relazioni<\/strong>: fornisce tutti gli strumenti di cui hai bisogno per coltivare relazioni autentiche con il tuo marchio in ogni fase, dalla presentazione delle candidature alla comunicazione con gli influencer<\/li>\n<li><strong>Scopri e recluta<\/strong>: trova gli influencer che vedono il tuo marchio come qualcosa di pi\u00f9 di uno stipendio. GRIN ti offre diversi modi per identificare e invitare solo gli ambasciatori perfetti per il tuo marchio<\/li>\n<li><strong>Sistema reportistico<\/strong>: ami le relazioni con il tuo marchio, ma ami anche i risultati. Traccia tutti i tuoi KPI, crea report personalizzati e dimostra il ROI senza un solo foglio di calcolo<\/li>\n<li><strong>Gestione dei contenuti<\/strong>: sfrutta al massimo ogni foto e post. GRIN ti aiuta a localizzare, tracciare e riutilizzare ogni pezzo di amore per il marchio che i tuoi ambasciatori stanno diffondendo sui social<\/li>\n<li><strong>Strategia &#8220;seeding&#8221;<\/strong>: sei un team di marketing, non un reparto spedizioni. Lascia che GRIN gestisca tutta la logistica per far arrivare i prodotti giusti nelle mani giuste con le integrazioni ecommerce complete<\/li>\n<li><strong>Pagamenti<\/strong>: rimuovi &#8220;contabile&#8221; dalla descrizione del tuo lavoro. GRIN pu\u00f2 inviare pagamenti agli influencer, tracciare lo storico dei pagamenti, analizzare il tuo ROI per individuo e molto altro<\/li>\n<li><strong>Integrazioni<\/strong>: si integra con il tuo intero stack di marketing: piattaforme sociali, soluzioni ecommerce, strumenti di comunicazione e tutto ci\u00f2 di cui il tuo team ha bisogno per l&#8217;influencer marketing end-to-end in un unico posto<\/li>\n<\/ul>\n<h4>LE RECENSIONI DEGLI UTENTI<\/h4>\n<p><strong>Lior O. &#8220;Grin ha tutto&#8230;&#8221;<\/strong><br \/>\nCOMMENTI: Grin \u00e8 stato molto facile da configurare e utilizzare. In poche settimane abbiamo avuto alcune campagne attive e funzionanti ed \u00e8 qualcosa che usiamo quotidianamente per trovare nuovi influencer per ricevere prodotti gratuiti e promuovere il nostro marchio.<br \/>\nPRO: Facilit\u00e0 d&#8217;uso per trovare e raggiungere nuovi influencer.<br \/>\nCaratteristiche di follow-up.<br \/>\nGli influencer non sono in una &#8220;rete&#8221;.<br \/>\nCONTRO: Le funzionalit\u00e0 di automazione. Non si possono fare cose al di l\u00e0 di una email automatica di benvenuto ai nuovi iscritti alla campagna.<\/p>\n<p><strong>Danielle G. &#8220;Recensione di Grin&#8221;<\/strong><br \/>\nCOMMENTI: Ottimo per l&#8217;organizzazione.<br \/>\nPRO: Il CRM \u00e8 ottimo ed \u00e8 bello avere tutti i tuoi influencer e prospect in un unico spazio. Molto organizzato.<br \/>\nCONTRO: Ha bisogno di essere aggiornato. Non mostra statistiche in tempo reale per i follower di IG ecc.<\/p>\n<p><strong>Rihana C. &#8220;Gestione degli ambasciatori&#8221;<\/strong><br \/>\nCOMMENTI: Le persone di GRIN sono super disponibili, ed \u00e8 stato fantastico lavorare con loro. La piattaforma ha cambiato il mio modo di gestire gli ambasciatori per il meglio.<br \/>\nPRO: Questa piattaforma \u00e8\u00a0fantastica da usare per i miei KPI personali, e mi piace l&#8217;impatto che il mio team di ambasciatori ha sulle entrate per il nostro business<br \/>\nCONTRO: L&#8217;unica cosa che non mi piace \u00e8 in questo momento (anche se penso che ci stiano lavorando) mi piacerebbe essere in grado di organizzare le mie campagne ambasciatore, nascondere quelle vecchie, e averle in un ordine che scelgo io.<\/p>\n","protected":false},"excerpt":{"rendered":"<p>Grin \u00e8 un software di influencer marketing che offre numerosi strumenti in grado di semplificare la gestione delle campagne marketing. Ha l&#8217;obiettivo di creare relazioni autentiche e dirette con gli influencer al fine di garantire la crescita di un marchio. <\/p>\n","protected":false},"author":17,"featured_media":48147,"parent":48041,"menu_order":0,"comment_status":"open","ping_status":"closed","template":"g1_template_page_review_new.php","meta":{"_acf_changed":false,"cwp_meta_box_check":"No","cwp_rev_product_name":"","cwp_rev_product_image":"","wppr_links":[],"cwp_rev_price":"","wppr_options":[],"wppr_pros":[],"wppr_cons":[],"_monsterinsights_skip_tracking":false,"_monsterinsights_sitenote_active":false,"_monsterinsights_sitenote_note":"","_monsterinsights_sitenote_category":0,"footnotes":""},"categories":[11175],"tags":[1088,11213,4149,11191,11182,11181,11192],"features":[],"class_list":{"0":"post-48146","1":"page","2":"type-page","3":"status-publish","4":"has-post-thumbnail","6":"category-piattaforme-per-influencer-marketing","7":"tag-digital-influencer","8":"tag-grin","9":"tag-influencer-marketing-it","10":"tag-piattaforma-per-influencer-marketing","11":"tag-programmi-per-influencer-marketing","12":"tag-software-per-influencer-marketing","13":"tag-soluzione-per-influencer-marketing"},"wppr_data":{"cwp_meta_box_check":"No"},"acf":[],"yoast_head":"<!-- This site is optimized with the Yoast SEO plugin v27.4 - https:\/\/yoast.com\/product\/yoast-seo-wordpress\/ -->\n<title>GRIN: recensione software influencer marketing - Accurate Reviews<\/title>\n<meta name=\"description\" content=\"Grin: recensione del software di influencer marketing che offre strumenti in grado di semplificare la gestione delle campagne.\" \/>\n<meta name=\"robots\" content=\"index, follow, max-snippet:-1, max-image-preview:large, max-video-preview:-1\" \/>\n<link rel=\"canonical\" href=\"https:\/\/www.accuratereviews.com\/it\/piattaforme-influencer-marketing\/grin-recensione\/\" \/>\n<meta property=\"og:locale\" content=\"it_IT\" \/>\n<meta property=\"og:type\" content=\"article\" \/>\n<meta property=\"og:title\" content=\"GRIN: recensione software influencer marketing - Accurate Reviews\" \/>\n<meta property=\"og:description\" content=\"Grin: recensione del software di influencer marketing che offre strumenti in grado di semplificare la gestione delle campagne.\" \/>\n<meta property=\"og:url\" content=\"https:\/\/www.accuratereviews.com\/it\/piattaforme-influencer-marketing\/grin-recensione\/\" \/>\n<meta property=\"og:site_name\" content=\"Accurate Reviews\" \/>\n<meta property=\"og:image\" content=\"https:\/\/www.accuratereviews.com\/wp-content\/uploads\/2021\/09\/Grin-logo-600x420-1.png\" \/>\n\t<meta property=\"og:image:width\" content=\"600\" \/>\n\t<meta property=\"og:image:height\" content=\"420\" \/>\n\t<meta property=\"og:image:type\" content=\"image\/png\" \/>\n<meta name=\"twitter:card\" content=\"summary_large_image\" \/>\n<meta name=\"twitter:label1\" content=\"Tempo di lettura stimato\" \/>\n\t<meta name=\"twitter:data1\" content=\"3 minuti\" \/>\n<script type=\"application\/ld+json\" class=\"yoast-schema-graph\">{\"@context\":\"https:\\\/\\\/schema.org\",\"@graph\":[{\"@type\":\"WebPage\",\"@id\":\"https:\\\/\\\/www.accuratereviews.com\\\/it\\\/piattaforme-influencer-marketing\\\/grin-recensione\\\/\",\"url\":\"https:\\\/\\\/www.accuratereviews.com\\\/it\\\/piattaforme-influencer-marketing\\\/grin-recensione\\\/\",\"name\":\"GRIN: recensione software influencer marketing - Accurate Reviews\",\"isPartOf\":{\"@id\":\"https:\\\/\\\/www.accuratereviews.com\\\/it\\\/#website\"},\"primaryImageOfPage\":{\"@id\":\"https:\\\/\\\/www.accuratereviews.com\\\/it\\\/piattaforme-influencer-marketing\\\/grin-recensione\\\/#primaryimage\"},\"image\":{\"@id\":\"https:\\\/\\\/www.accuratereviews.com\\\/it\\\/piattaforme-influencer-marketing\\\/grin-recensione\\\/#primaryimage\"},\"thumbnailUrl\":\"https:\\\/\\\/www.accuratereviews.com\\\/wp-content\\\/uploads\\\/2021\\\/09\\\/Grin-logo-600x420-1.png\",\"datePublished\":\"2021-09-23T14:20:54+00:00\",\"description\":\"Grin: recensione del software di influencer marketing che offre strumenti in grado di semplificare la gestione delle campagne.\",\"breadcrumb\":{\"@id\":\"https:\\\/\\\/www.accuratereviews.com\\\/it\\\/piattaforme-influencer-marketing\\\/grin-recensione\\\/#breadcrumb\"},\"inLanguage\":\"it-IT\",\"potentialAction\":[{\"@type\":\"ReadAction\",\"target\":[\"https:\\\/\\\/www.accuratereviews.com\\\/it\\\/piattaforme-influencer-marketing\\\/grin-recensione\\\/\"]}]},{\"@type\":\"ImageObject\",\"inLanguage\":\"it-IT\",\"@id\":\"https:\\\/\\\/www.accuratereviews.com\\\/it\\\/piattaforme-influencer-marketing\\\/grin-recensione\\\/#primaryimage\",\"url\":\"https:\\\/\\\/www.accuratereviews.com\\\/wp-content\\\/uploads\\\/2021\\\/09\\\/Grin-logo-600x420-1.png\",\"contentUrl\":\"https:\\\/\\\/www.accuratereviews.com\\\/wp-content\\\/uploads\\\/2021\\\/09\\\/Grin-logo-600x420-1.png\",\"width\":600,\"height\":420},{\"@type\":\"BreadcrumbList\",\"@id\":\"https:\\\/\\\/www.accuratereviews.com\\\/it\\\/piattaforme-influencer-marketing\\\/grin-recensione\\\/#breadcrumb\",\"itemListElement\":[{\"@type\":\"ListItem\",\"position\":1,\"name\":\"Home\",\"item\":\"https:\\\/\\\/www.accuratereviews.com\\\/it\\\/\"},{\"@type\":\"ListItem\",\"position\":2,\"name\":\"Piattaforme per influencer marketing\",\"item\":\"https:\\\/\\\/www.accuratereviews.com\\\/it\\\/piattaforme-influencer-marketing\\\/\"},{\"@type\":\"ListItem\",\"position\":3,\"name\":\"GRIN\"}]},{\"@type\":\"WebSite\",\"@id\":\"https:\\\/\\\/www.accuratereviews.com\\\/it\\\/#website\",\"url\":\"https:\\\/\\\/www.accuratereviews.com\\\/it\\\/\",\"name\":\"Accurate Reviews\",\"description\":\"\",\"potentialAction\":[{\"@type\":\"SearchAction\",\"target\":{\"@type\":\"EntryPoint\",\"urlTemplate\":\"https:\\\/\\\/www.accuratereviews.com\\\/it\\\/?s={search_term_string}\"},\"query-input\":{\"@type\":\"PropertyValueSpecification\",\"valueRequired\":true,\"valueName\":\"search_term_string\"}}],\"inLanguage\":\"it-IT\"}]}<\/script>\n<!-- \/ Yoast SEO plugin. -->","yoast_head_json":{"title":"GRIN: recensione software influencer marketing - Accurate Reviews","description":"Grin: recensione del software di influencer marketing che offre strumenti in grado di semplificare la gestione delle campagne.","robots":{"index":"index","follow":"follow","max-snippet":"max-snippet:-1","max-image-preview":"max-image-preview:large","max-video-preview":"max-video-preview:-1"},"canonical":"https:\/\/www.accuratereviews.com\/it\/piattaforme-influencer-marketing\/grin-recensione\/","og_locale":"it_IT","og_type":"article","og_title":"GRIN: recensione software influencer marketing - Accurate Reviews","og_description":"Grin: recensione del software di influencer marketing che offre strumenti in grado di semplificare la gestione delle campagne.","og_url":"https:\/\/www.accuratereviews.com\/it\/piattaforme-influencer-marketing\/grin-recensione\/","og_site_name":"Accurate Reviews","og_image":[{"width":600,"height":420,"url":"https:\/\/www.accuratereviews.com\/wp-content\/uploads\/2021\/09\/Grin-logo-600x420-1.png","type":"image\/png"}],"twitter_card":"summary_large_image","twitter_misc":{"Tempo di lettura stimato":"3 minuti"},"schema":{"@context":"https:\/\/schema.org","@graph":[{"@type":"WebPage","@id":"https:\/\/www.accuratereviews.com\/it\/piattaforme-influencer-marketing\/grin-recensione\/","url":"https:\/\/www.accuratereviews.com\/it\/piattaforme-influencer-marketing\/grin-recensione\/","name":"GRIN: recensione software influencer marketing - Accurate Reviews","isPartOf":{"@id":"https:\/\/www.accuratereviews.com\/it\/#website"},"primaryImageOfPage":{"@id":"https:\/\/www.accuratereviews.com\/it\/piattaforme-influencer-marketing\/grin-recensione\/#primaryimage"},"image":{"@id":"https:\/\/www.accuratereviews.com\/it\/piattaforme-influencer-marketing\/grin-recensione\/#primaryimage"},"thumbnailUrl":"https:\/\/www.accuratereviews.com\/wp-content\/uploads\/2021\/09\/Grin-logo-600x420-1.png","datePublished":"2021-09-23T14:20:54+00:00","description":"Grin: recensione del software di influencer marketing che offre strumenti in grado di semplificare la gestione delle campagne.","breadcrumb":{"@id":"https:\/\/www.accuratereviews.com\/it\/piattaforme-influencer-marketing\/grin-recensione\/#breadcrumb"},"inLanguage":"it-IT","potentialAction":[{"@type":"ReadAction","target":["https:\/\/www.accuratereviews.com\/it\/piattaforme-influencer-marketing\/grin-recensione\/"]}]},{"@type":"ImageObject","inLanguage":"it-IT","@id":"https:\/\/www.accuratereviews.com\/it\/piattaforme-influencer-marketing\/grin-recensione\/#primaryimage","url":"https:\/\/www.accuratereviews.com\/wp-content\/uploads\/2021\/09\/Grin-logo-600x420-1.png","contentUrl":"https:\/\/www.accuratereviews.com\/wp-content\/uploads\/2021\/09\/Grin-logo-600x420-1.png","width":600,"height":420},{"@type":"BreadcrumbList","@id":"https:\/\/www.accuratereviews.com\/it\/piattaforme-influencer-marketing\/grin-recensione\/#breadcrumb","itemListElement":[{"@type":"ListItem","position":1,"name":"Home","item":"https:\/\/www.accuratereviews.com\/it\/"},{"@type":"ListItem","position":2,"name":"Piattaforme per influencer marketing","item":"https:\/\/www.accuratereviews.com\/it\/piattaforme-influencer-marketing\/"},{"@type":"ListItem","position":3,"name":"GRIN"}]},{"@type":"WebSite","@id":"https:\/\/www.accuratereviews.com\/it\/#website","url":"https:\/\/www.accuratereviews.com\/it\/","name":"Accurate Reviews","description":"","potentialAction":[{"@type":"SearchAction","target":{"@type":"EntryPoint","urlTemplate":"https:\/\/www.accuratereviews.com\/it\/?s={search_term_string}"},"query-input":{"@type":"PropertyValueSpecification","valueRequired":true,"valueName":"search_term_string"}}],"inLanguage":"it-IT"}]}},"_links":{"self":[{"href":"https:\/\/www.accuratereviews.com\/it\/wp-json\/wp\/v2\/pages\/48146","targetHints":{"allow":["GET"]}}],"collection":[{"href":"https:\/\/www.accuratereviews.com\/it\/wp-json\/wp\/v2\/pages"}],"about":[{"href":"https:\/\/www.accuratereviews.com\/it\/wp-json\/wp\/v2\/types\/page"}],"author":[{"embeddable":true,"href":"https:\/\/www.accuratereviews.com\/it\/wp-json\/wp\/v2\/users\/17"}],"replies":[{"embeddable":true,"href":"https:\/\/www.accuratereviews.com\/it\/wp-json\/wp\/v2\/comments?post=48146"}],"version-history":[{"count":3,"href":"https:\/\/www.accuratereviews.com\/it\/wp-json\/wp\/v2\/pages\/48146\/revisions"}],"predecessor-version":[{"id":48154,"href":"https:\/\/www.accuratereviews.com\/it\/wp-json\/wp\/v2\/pages\/48146\/revisions\/48154"}],"up":[{"embeddable":true,"href":"https:\/\/www.accuratereviews.com\/it\/wp-json\/wp\/v2\/pages\/48041"}],"wp:featuredmedia":[{"embeddable":true,"href":"https:\/\/www.accuratereviews.com\/it\/wp-json\/wp\/v2\/media\/48147"}],"wp:attachment":[{"href":"https:\/\/www.accuratereviews.com\/it\/wp-json\/wp\/v2\/media?parent=48146"}],"wp:term":[{"taxonomy":"category","embeddable":true,"href":"https:\/\/www.accuratereviews.com\/it\/wp-json\/wp\/v2\/categories?post=48146"},{"taxonomy":"post_tag","embeddable":true,"href":"https:\/\/www.accuratereviews.com\/it\/wp-json\/wp\/v2\/tags?post=48146"},{"taxonomy":"features","embeddable":true,"href":"https:\/\/www.accuratereviews.com\/it\/wp-json\/wp\/v2\/features?post=48146"}],"curies":[{"name":"wp","href":"https:\/\/api.w.org\/{rel}","templated":true}]}}