{"id":48159,"date":"2021-09-24T10:56:24","date_gmt":"2021-09-24T10:56:24","guid":{"rendered":"https:\/\/www.accuratereviews.com\/?page_id=48159"},"modified":"2021-10-25T07:53:21","modified_gmt":"2021-10-25T07:53:21","slug":"trend-recensione","status":"publish","type":"page","link":"https:\/\/www.accuratereviews.com\/it\/piattaforme-influencer-marketing\/trend-recensione\/","title":{"rendered":"Trend"},"content":{"rendered":"<p><strong>Trend<\/strong> aiuta le organizzazioni a creare e <strong>gestire un team di influencer<\/strong> per generare e pubblicare contenuti su vari social network. Include una dashboard centralizzata, che consente alle aziende di visualizzare gli influencer interessati a collaborare, nonch\u00e9 di visualizzare, approvare o rifiutare le richieste di candidatura. La soluzione\u00a0include una funzionalit\u00e0 di gestione della campagna, che aiuta i professionisti del marketing a creare annunci pubblicitari per lanci di prodotti, eventi e consapevolezza del marchio, migliorando le vendite e il coinvolgimento dei clienti. La soluzione offre numerose funzionalit\u00e0 come campagne personalizzabili, approvazione dei contenuti, monitoraggio delle spedizioni, un portale di gestione dei contenuti e altro ancora. La funzionalit\u00e0 di chat integrata permette ai manager di collaborare con influencer e condividere idee o commenti. Inoltre, il sistema consente agli utenti di condividere i report con i team di marketing di tutta l&#8217;organizzazione utilizzando dispositivi mobili.<\/p>\n<h2>TREND &#8211; TUTORIAL<\/h2>\n<p>Guarda quanto \u00e8 semplice utilizzare questo <strong>software per influencer marketing<\/strong>:<\/p>\n<p><img loading=\"lazy\" decoding=\"async\" class=\"size-full aligncenter\" src=\"https:\/\/videos.ctfassets.net\/vlf899vyq9qs\/Bzydf3e1OWlTxcXGeb1g1\/71c7c85ad5762069391152638368ff8b\/Product-Tour-1-optimized.mp4\" width=\"1920\" height=\"1080\" \/><\/p>\n<h3>TREND &#8211; CARATTERISTICHE<\/h3>\n<ul>\n<li><strong>Contenuti social<\/strong>: Prendi i contenuti creati dagli influencer e ripubblicali sul tuo account social. Dai al tuo marchio le migliori possibilit\u00e0 di far crescere il pubblico<\/li>\n<li><strong>Email<\/strong>: mantieni le campagne email in attivo. Con i contenuti generati dagli influencer, non devi mai preoccuparti che le immagini sulla tua email diventino vecchie o ripetitive<\/li>\n<li><strong>Contenuto del web<\/strong>: riutilizza i contenuti che ricevi dagli influencer sul tuo sito web. Questo \u00e8 ottimo per le foto dei prodotti, le home page e persino i post del blog<\/li>\n<li><strong>Promozioni<\/strong>: accedi alla nostra rete di utenti per lanciare una rapida campagna per una promozione. Loro possono aiutarti a ottenere i contenuti di cui hai bisogno per eventuali offerte speciali o novit\u00e0.<\/li>\n<li><strong>Contenuto dell&#8217;annuncio<\/strong>: guarda le tue campagne pubblicitarie esplodere riutilizzando i contenuti per gli annunci. I contenuti generati dagli utenti hanno prestazioni migliori rispetto ai contenuti generati professionalmente.<\/li>\n<\/ul>\n<h4>LE RECENSIONI DEGLI UTENTI<\/h4>\n<p class=\"font-weight-bold mb-1 d-flex align-items-center\"><strong>Tim W.&#8221;Facile da usare e dall&#8217;incredibile valore&#8221;<\/strong><\/p>\n<p><strong>Commenti: <\/strong>Mi \u00e8 piaciuto molto Trend e apprezzo quanto sia facile da usare. Sar\u00e0 un punto fermo nei nostri programmi di marketing digitale per tutti i nostri clienti CPG.<\/p>\n<p><strong>Pro: <\/strong>Essere in grado di aggirare il processo di negoziazione con gli influencer e sapere esattamente cosa ottieni \u00e8 piuttosto sorprendente. L&#8217;analisi aiuta anche a mostrare qualsiasi campagna come un esercizio di branding efficace per i miei clienti.<\/p>\n<p><strong>Contro: <\/strong>L&#8217;unico neo \u00e8 che al momento \u00e8 utilizzabile solo per Instagram.<\/p>\n<p class=\"font-weight-bold mb-1 d-flex align-items-center\"><strong>Mitchell Y.&#8221;Ottimo per creare contenuti facilmente&#8221;<\/strong><\/p>\n<p><strong>Commenti: <\/strong>Finora, Trend ne \u00e8 valsa la pena semplicemente per creare contenuti.<\/p>\n<p><strong>Pro: <\/strong>Il software \u00e8 molto facile da usare e rende abbastanza facile recensire i creatori con semplici clic.<\/p>\n<p><strong>Contro: <\/strong>Le linee guida sono cambiate e Trend ha reso pi\u00f9 difficile per i marchi a prezzi non di lusso massimizzare i contenuti. Hanno cambiato l&#8217;importo minimo (in dollari) del prodotto che i creatori devono ricevere per ricevere 2 foto. Il nuovo valore al dettaglio \u00e8 di $ 150, questo importo non \u00e8 realizzabile per noi in base al costo al dettaglio dei nostri prodotti. Vorrei anche vedere le conferme di lettura nei messaggi dopo aver confermato un creatore. A volte comunicare con i creator pu\u00f2 essere noioso se non controllano attivamente i loro messaggi.<\/p>\n<p class=\"font-weight-bold mb-1 d-flex align-items-center\"><strong>Chrissy B.&#8221;Stato utile!&#8221;<\/strong><\/p>\n<p><strong>Commenti: <\/strong>Nel complesso \u00e8 stato abbastanza buono, direi che il prezzo \u00e8 conveniente e ci ha aiutato a raggiungere pi\u00f9 influencer in modo semplice.<\/p>\n<p><strong>Pro: <\/strong>Facile da usare e abbinare agli influencer, facile da descrivere i tuoi obiettivi e dettagli. \u00c8 stato un bel modo per trovare influencer.<\/p>\n<p><strong>Contro: <\/strong>Gli influencer sono per lo pi\u00f9 molto giovani e non sempre producono immagini di altissima qualit\u00e0: alcuni sembrano molto messi in scena e innaturali e alcuni addirittura con una cattiva illuminazione. Vorrei poter entrare in contatto con influencer con pi\u00f9 coinvolgimento\/follower a un prezzo simile. Inoltre, \u00e8 molto difficile viaggiare per la conversione dalle partnership. Sembra essere pi\u00f9 un modo per influenzare altre persone\/riconoscimento del marchio pi\u00f9 che un fattore di guadagno.<\/p>\n","protected":false},"excerpt":{"rendered":"<p>Trend aiuta le organizzazioni a creare e gestire un team di influencer per generare e pubblicare contenuti su vari social network. Include una dashboard centralizzata, che consente alle aziende di visualizzare gli influencer interessati a collaborare, nonch\u00e9 di visualizzare, approvare o rifiutare le richieste di candidatura.<\/p>\n","protected":false},"author":16,"featured_media":48187,"parent":48041,"menu_order":0,"comment_status":"open","ping_status":"closed","template":"g1_template_page_review_new.php","meta":{"_acf_changed":false,"cwp_meta_box_check":"Yes","cwp_rev_product_name":"","cwp_rev_product_image":"","wppr_links":[],"cwp_rev_price":"","wppr_options":[],"wppr_pros":[],"wppr_cons":[],"_monsterinsights_skip_tracking":false,"_monsterinsights_sitenote_active":false,"_monsterinsights_sitenote_note":"","_monsterinsights_sitenote_category":0,"footnotes":""},"categories":[11175],"tags":[4149,11191,11189,11181,11192,11216],"features":[],"class_list":{"0":"post-48159","1":"page","2":"type-page","3":"status-publish","4":"has-post-thumbnail","6":"category-piattaforme-per-influencer-marketing","7":"tag-influencer-marketing-it","8":"tag-piattaforma-per-influencer-marketing","9":"tag-programma-per-influencer-marketing","10":"tag-software-per-influencer-marketing","11":"tag-soluzione-per-influencer-marketing","12":"tag-trand"},"wppr_data":{"cwp_meta_box_check":"Yes","cwp_rev_product_name":"","cwp_rev_product_image":"","cwp_image_link":"image","cwp_rev_price":"","wppr_rating":"0.00"},"acf":[],"yoast_head":"<!-- This site is optimized with the Yoast SEO plugin v26.0 - https:\/\/yoast.com\/wordpress\/plugins\/seo\/ -->\n<title>Trend: recensione software per influencer marketing- Accurate Reviews<\/title>\n<meta name=\"description\" content=\"Trend: recensione software che aiuta le organizzazioni a creare e gestire un team di influencer per generare contenuti sui social media.\" \/>\n<meta name=\"robots\" content=\"index, follow, max-snippet:-1, max-image-preview:large, max-video-preview:-1\" \/>\n<link rel=\"canonical\" href=\"https:\/\/www.accuratereviews.com\/it\/piattaforme-influencer-marketing\/trend-recensione\/\" \/>\n<meta property=\"og:locale\" content=\"it_IT\" \/>\n<meta property=\"og:type\" content=\"article\" \/>\n<meta property=\"og:title\" content=\"Trend: recensione software per influencer marketing- Accurate Reviews\" \/>\n<meta property=\"og:description\" content=\"Trend: recensione software che aiuta le organizzazioni a creare e gestire un team di influencer per generare contenuti sui social media.\" \/>\n<meta property=\"og:url\" content=\"https:\/\/www.accuratereviews.com\/it\/piattaforme-influencer-marketing\/trend-recensione\/\" \/>\n<meta property=\"og:site_name\" content=\"Accurate Reviews\" \/>\n<meta property=\"article:modified_time\" content=\"2021-10-25T07:53:21+00:00\" \/>\n<meta property=\"og:image\" content=\"https:\/\/www.accuratereviews.com\/wp-content\/uploads\/2021\/09\/Schermata-2021-09-24-alle-09.55.45.png\" \/>\n\t<meta property=\"og:image:width\" content=\"726\" \/>\n\t<meta property=\"og:image:height\" content=\"264\" \/>\n\t<meta property=\"og:image:type\" content=\"image\/png\" \/>\n<meta name=\"twitter:card\" content=\"summary_large_image\" \/>\n<meta name=\"twitter:label1\" content=\"Tempo di lettura stimato\" \/>\n\t<meta name=\"twitter:data1\" content=\"4 minuti\" \/>\n<script type=\"application\/ld+json\" class=\"yoast-schema-graph\">{\"@context\":\"https:\/\/schema.org\",\"@graph\":[{\"@type\":\"WebPage\",\"@id\":\"https:\/\/www.accuratereviews.com\/it\/piattaforme-influencer-marketing\/trend-recensione\/\",\"url\":\"https:\/\/www.accuratereviews.com\/it\/piattaforme-influencer-marketing\/trend-recensione\/\",\"name\":\"Trend: recensione software per influencer marketing- Accurate Reviews\",\"isPartOf\":{\"@id\":\"https:\/\/www.accuratereviews.com\/it\/#website\"},\"primaryImageOfPage\":{\"@id\":\"https:\/\/www.accuratereviews.com\/it\/piattaforme-influencer-marketing\/trend-recensione\/#primaryimage\"},\"image\":{\"@id\":\"https:\/\/www.accuratereviews.com\/it\/piattaforme-influencer-marketing\/trend-recensione\/#primaryimage\"},\"thumbnailUrl\":\"https:\/\/www.accuratereviews.com\/wp-content\/uploads\/2021\/09\/Schermata-2021-09-24-alle-09.55.45.png\",\"datePublished\":\"2021-09-24T10:56:24+00:00\",\"dateModified\":\"2021-10-25T07:53:21+00:00\",\"description\":\"Trend: recensione software che aiuta le organizzazioni a creare e gestire un team di influencer per generare contenuti sui social media.\",\"breadcrumb\":{\"@id\":\"https:\/\/www.accuratereviews.com\/it\/piattaforme-influencer-marketing\/trend-recensione\/#breadcrumb\"},\"inLanguage\":\"it-IT\",\"potentialAction\":[{\"@type\":\"ReadAction\",\"target\":[\"https:\/\/www.accuratereviews.com\/it\/piattaforme-influencer-marketing\/trend-recensione\/\"]}]},{\"@type\":\"ImageObject\",\"inLanguage\":\"it-IT\",\"@id\":\"https:\/\/www.accuratereviews.com\/it\/piattaforme-influencer-marketing\/trend-recensione\/#primaryimage\",\"url\":\"https:\/\/www.accuratereviews.com\/wp-content\/uploads\/2021\/09\/Schermata-2021-09-24-alle-09.55.45.png\",\"contentUrl\":\"https:\/\/www.accuratereviews.com\/wp-content\/uploads\/2021\/09\/Schermata-2021-09-24-alle-09.55.45.png\",\"width\":726,\"height\":264},{\"@type\":\"BreadcrumbList\",\"@id\":\"https:\/\/www.accuratereviews.com\/it\/piattaforme-influencer-marketing\/trend-recensione\/#breadcrumb\",\"itemListElement\":[{\"@type\":\"ListItem\",\"position\":1,\"name\":\"Home\",\"item\":\"https:\/\/www.accuratereviews.com\/it\/\"},{\"@type\":\"ListItem\",\"position\":2,\"name\":\"Piattaforme per influencer marketing\",\"item\":\"https:\/\/www.accuratereviews.com\/it\/piattaforme-influencer-marketing\/\"},{\"@type\":\"ListItem\",\"position\":3,\"name\":\"Trend\"}]},{\"@type\":\"WebSite\",\"@id\":\"https:\/\/www.accuratereviews.com\/it\/#website\",\"url\":\"https:\/\/www.accuratereviews.com\/it\/\",\"name\":\"Accurate Reviews\",\"description\":\"\",\"potentialAction\":[{\"@type\":\"SearchAction\",\"target\":{\"@type\":\"EntryPoint\",\"urlTemplate\":\"https:\/\/www.accuratereviews.com\/it\/?s={search_term_string}\"},\"query-input\":{\"@type\":\"PropertyValueSpecification\",\"valueRequired\":true,\"valueName\":\"search_term_string\"}}],\"inLanguage\":\"it-IT\"}]}<\/script>\n<!-- \/ Yoast SEO plugin. -->","yoast_head_json":{"title":"Trend: recensione software per influencer marketing- Accurate Reviews","description":"Trend: recensione software che aiuta le organizzazioni a creare e gestire un team di influencer per generare contenuti sui social media.","robots":{"index":"index","follow":"follow","max-snippet":"max-snippet:-1","max-image-preview":"max-image-preview:large","max-video-preview":"max-video-preview:-1"},"canonical":"https:\/\/www.accuratereviews.com\/it\/piattaforme-influencer-marketing\/trend-recensione\/","og_locale":"it_IT","og_type":"article","og_title":"Trend: recensione software per influencer marketing- Accurate Reviews","og_description":"Trend: recensione software che aiuta le organizzazioni a creare e gestire un team di influencer per generare contenuti sui social media.","og_url":"https:\/\/www.accuratereviews.com\/it\/piattaforme-influencer-marketing\/trend-recensione\/","og_site_name":"Accurate Reviews","article_modified_time":"2021-10-25T07:53:21+00:00","og_image":[{"width":726,"height":264,"url":"https:\/\/www.accuratereviews.com\/wp-content\/uploads\/2021\/09\/Schermata-2021-09-24-alle-09.55.45.png","type":"image\/png"}],"twitter_card":"summary_large_image","twitter_misc":{"Tempo di lettura stimato":"4 minuti"},"schema":{"@context":"https:\/\/schema.org","@graph":[{"@type":"WebPage","@id":"https:\/\/www.accuratereviews.com\/it\/piattaforme-influencer-marketing\/trend-recensione\/","url":"https:\/\/www.accuratereviews.com\/it\/piattaforme-influencer-marketing\/trend-recensione\/","name":"Trend: recensione software per influencer marketing- Accurate Reviews","isPartOf":{"@id":"https:\/\/www.accuratereviews.com\/it\/#website"},"primaryImageOfPage":{"@id":"https:\/\/www.accuratereviews.com\/it\/piattaforme-influencer-marketing\/trend-recensione\/#primaryimage"},"image":{"@id":"https:\/\/www.accuratereviews.com\/it\/piattaforme-influencer-marketing\/trend-recensione\/#primaryimage"},"thumbnailUrl":"https:\/\/www.accuratereviews.com\/wp-content\/uploads\/2021\/09\/Schermata-2021-09-24-alle-09.55.45.png","datePublished":"2021-09-24T10:56:24+00:00","dateModified":"2021-10-25T07:53:21+00:00","description":"Trend: recensione software che aiuta le organizzazioni a creare e gestire un team di influencer per generare contenuti sui social media.","breadcrumb":{"@id":"https:\/\/www.accuratereviews.com\/it\/piattaforme-influencer-marketing\/trend-recensione\/#breadcrumb"},"inLanguage":"it-IT","potentialAction":[{"@type":"ReadAction","target":["https:\/\/www.accuratereviews.com\/it\/piattaforme-influencer-marketing\/trend-recensione\/"]}]},{"@type":"ImageObject","inLanguage":"it-IT","@id":"https:\/\/www.accuratereviews.com\/it\/piattaforme-influencer-marketing\/trend-recensione\/#primaryimage","url":"https:\/\/www.accuratereviews.com\/wp-content\/uploads\/2021\/09\/Schermata-2021-09-24-alle-09.55.45.png","contentUrl":"https:\/\/www.accuratereviews.com\/wp-content\/uploads\/2021\/09\/Schermata-2021-09-24-alle-09.55.45.png","width":726,"height":264},{"@type":"BreadcrumbList","@id":"https:\/\/www.accuratereviews.com\/it\/piattaforme-influencer-marketing\/trend-recensione\/#breadcrumb","itemListElement":[{"@type":"ListItem","position":1,"name":"Home","item":"https:\/\/www.accuratereviews.com\/it\/"},{"@type":"ListItem","position":2,"name":"Piattaforme per influencer marketing","item":"https:\/\/www.accuratereviews.com\/it\/piattaforme-influencer-marketing\/"},{"@type":"ListItem","position":3,"name":"Trend"}]},{"@type":"WebSite","@id":"https:\/\/www.accuratereviews.com\/it\/#website","url":"https:\/\/www.accuratereviews.com\/it\/","name":"Accurate Reviews","description":"","potentialAction":[{"@type":"SearchAction","target":{"@type":"EntryPoint","urlTemplate":"https:\/\/www.accuratereviews.com\/it\/?s={search_term_string}"},"query-input":{"@type":"PropertyValueSpecification","valueRequired":true,"valueName":"search_term_string"}}],"inLanguage":"it-IT"}]}},"_links":{"self":[{"href":"https:\/\/www.accuratereviews.com\/it\/wp-json\/wp\/v2\/pages\/48159","targetHints":{"allow":["GET"]}}],"collection":[{"href":"https:\/\/www.accuratereviews.com\/it\/wp-json\/wp\/v2\/pages"}],"about":[{"href":"https:\/\/www.accuratereviews.com\/it\/wp-json\/wp\/v2\/types\/page"}],"author":[{"embeddable":true,"href":"https:\/\/www.accuratereviews.com\/it\/wp-json\/wp\/v2\/users\/16"}],"replies":[{"embeddable":true,"href":"https:\/\/www.accuratereviews.com\/it\/wp-json\/wp\/v2\/comments?post=48159"}],"version-history":[{"count":15,"href":"https:\/\/www.accuratereviews.com\/it\/wp-json\/wp\/v2\/pages\/48159\/revisions"}],"predecessor-version":[{"id":49019,"href":"https:\/\/www.accuratereviews.com\/it\/wp-json\/wp\/v2\/pages\/48159\/revisions\/49019"}],"up":[{"embeddable":true,"href":"https:\/\/www.accuratereviews.com\/it\/wp-json\/wp\/v2\/pages\/48041"}],"wp:featuredmedia":[{"embeddable":true,"href":"https:\/\/www.accuratereviews.com\/it\/wp-json\/wp\/v2\/media\/48187"}],"wp:attachment":[{"href":"https:\/\/www.accuratereviews.com\/it\/wp-json\/wp\/v2\/media?parent=48159"}],"wp:term":[{"taxonomy":"category","embeddable":true,"href":"https:\/\/www.accuratereviews.com\/it\/wp-json\/wp\/v2\/categories?post=48159"},{"taxonomy":"post_tag","embeddable":true,"href":"https:\/\/www.accuratereviews.com\/it\/wp-json\/wp\/v2\/tags?post=48159"},{"taxonomy":"features","embeddable":true,"href":"https:\/\/www.accuratereviews.com\/it\/wp-json\/wp\/v2\/features?post=48159"}],"curies":[{"name":"wp","href":"https:\/\/api.w.org\/{rel}","templated":true}]}}