{"id":48160,"date":"2021-09-25T08:33:04","date_gmt":"2021-09-25T08:33:04","guid":{"rendered":"https:\/\/www.accuratereviews.com\/?page_id=48160"},"modified":"2021-09-28T09:49:41","modified_gmt":"2021-09-28T09:49:41","slug":"ninjaoutreach-recensione","status":"publish","type":"page","link":"https:\/\/www.accuratereviews.com\/it\/piattaforme-influencer-marketing\/ninjaoutreach-recensione\/","title":{"rendered":"NinjaOutreach"},"content":{"rendered":"<p><strong>NinjaOutreach<\/strong> \u00e8 un software specializzato per <strong>agenzie di influencer marketing<\/strong> che mira a trovare i lead e automatizzare l&#8217;email outreach su larga scala, in modo semplice e veloce. Si tratta di una piattaforma all-in-one\u00a0 che offre tutti gli strumenti per creare campagne di <strong>influencer marketing<\/strong> efficaci filtrando attraverso milioni di informazioni sugli influencer per trovare quello che cattura l&#8217;attenzione del tuo pubblico di riferimento.<br \/>\nSfruttando questo programma, potrai trovare profili aziendali, influencer di Instagram e YouTube, indirizzi email in qualsiasi nicchia e localit\u00e0. Ti baster\u00e0 digitare le tue parole chiave per accedere a milioni di profili, raccolti in questo enorme database.<br \/>\n<strong>NinjaOutreach<\/strong> dispone anche di un <strong>CRM integrato<\/strong> che ti permette di organizzare progetti, clienti e conversazioni, usare filtri, lasciare note e impostare i diritti di accesso per ogni membro del team. Questo migliorer\u00e0 sicuramente la collaborazione.<\/p>\n<h2>NIJAOUTREACH &#8211; TUTORIAL<\/h2>\n<p>Ecco come trovare gli influencers con NinjaOutreach:<\/p>\n<div id=\"fluid-wrapper-counter-1\" class=\"g1-fluid-wrapper \" style=\"width:686px;\">\n<div style=\"padding-bottom:56.268221574344%;\"><iframe loading=\"lazy\" title=\"How to Find Instagram Influencers - NinjaOutreach\" width=\"686\" height=\"386\" src=\"https:\/\/www.youtube.com\/embed\/pnqldvfQbyY?feature=oembed&amp;wmode=transparent&amp;autohide=1&amp;autoplay=0&amp;disablekb=0&amp;fs=1&amp;loop=0&amp;enablejsapi=1&amp;rel=0&amp;controls=2&amp;showinfo=0&amp;wmode=transparent&amp;autohide=2&amp;autoplay=0&amp;disablekb=0&amp;fs=1&amp;loop=0&amp;enablejsapi=1&amp;rel=0&amp;controls=2&amp;showinfo=1\" frameborder=\"0\" allow=\"accelerometer; autoplay; clipboard-write; encrypted-media; gyroscope; picture-in-picture\" allowfullscreen><\/iframe><\/div>\n<\/div>\n<h3>NINJAOUTREACH &#8211; CARATTERISTICHE<\/h3>\n<ul>\n<li><strong>Trova le persone giuste in un clic<\/strong>: ottieni i contatti giusti con gli Smart Tag con un solo clic. Imposta i follower, le condivisioni, l&#8217;autorit\u00e0 del dominio e altri requisiti metrici<\/li>\n<li><strong>Trova e verifica l&#8217;indirizzo email di chiunque<\/strong>: trova e verifica l&#8217;indirizzo email di chiunque in pochi secondi con un cercatore di email integrato e un validatore di email<\/li>\n<li><strong>Abbandona l&#8217;invio manuale di email<\/strong>: riempi automaticamente i moduli di contatto<\/li>\n<li><strong>Pianifica campagne di sensibilizzazione di massa<\/strong>: utilizza follow-up automatici e moduli di contatto che riempi automaticamente in pochi clic<\/li>\n<li><strong>Migliori contatti e conversioni<\/strong>: utilizza un software di influencer marketing tutto in uno con analisi che ti permette di testare e migliorare le campagne di outreach per ottenere migliori conversioni<\/li>\n<li><strong>Ordina i lead per influenza<\/strong>: sii persuasivo senza riscrivere per ore, non c&#8217;\u00e8 bisogno di scrivere tutto da zero. Scegli da una libreria di modelli gi\u00e0 pronti o aggiungi modifiche per adattarli alla tua campagna<\/li>\n<li><strong>Rendi uniche le tue email di massa con semplici passi<\/strong>: usa campi dinamici che cambiano per adattarsi a ogni lead. Aggiungi tag di frasi alternative nei tuoi messaggi per creare varie combinazioni e aumentare la deliverability delle email<\/li>\n<li><strong>Scopri cosa non funziona e usa quello che funziona<\/strong>: sapere quali modelli di email ottengono pi\u00f9 aperture, click e risposte. Vedi chi ha fatto quale azione e segui in modo appropriato.<\/li>\n<\/ul>\n<h4>LE RECENSIONI DEGLI UTENTI<\/h4>\n<p><strong>Shashank G. &#8220;Il miglior strumento di blogger outreach in assoluto&#8221;<\/strong><br \/>\nCOMMENTI: ho usato con successo Ninja Outreach per implementare blogger e influencer outreach per la mia organizzazione e per i clienti, e mi ha sempre dato grandi risultati.<br \/>\nPRO: 1. Facilit\u00e0 d&#8217;uso.<br \/>\n2. Ampio database.<br \/>\n3. UX ricca di funzionalit\u00e0<br \/>\n4. Flusso di lavoro efficace ed efficiente<br \/>\n5. Aggiornamenti costanti che assicurano che lo strumento sia sempre attuale.<br \/>\nCONTRO: per ora niente. Il software \u00e8 molto potente ed efficace. Mantiene le sue promesse e non trovo nulla di negativo di cui parlare.<\/p>\n<p><strong>Andrey R. &#8220;Risparmia tempo e aiuta a raggiungere le persone pi\u00f9 facilmente&#8221;<\/strong><br \/>\nCOMMENTI: prima di usare NinjaOuteach ho perso molte ore in attivit\u00e0 di marketing. Cos\u00ec ora posso raggiungere pi\u00f9 potenziali clienti con lo stesso tempo.<br \/>\nPRO: NinjaOutreach mi aiuta a tracciare in modo pi\u00f9 efficace chi ho contattato via email e poi organizzare un follow-up. Il tasso di risposta delle mie email aumenta del 25% e mi permette di dedicare il mio tempo ai compiti pi\u00f9 importanti della giornata.<br \/>\nCONTRO: se ci fossero pi\u00f9 manuali di spiegazione su come lavorare con Ninja Outreach sarebbe fantastico. Per alcuni compiti particolari, ho perso tempo per capire esattamente come funziona.<\/p>\n<p><strong>Ganesh B. &#8220;Il migliore per l&#8217;invio di campagne email&#8221;<\/strong><br \/>\nCOMMENTI: \u00e8 un buon strumento di marketing per l&#8217;email outreach, lo consiglio&#8230;<br \/>\nPRO: l&#8217;interfaccia di progettazione dei modelli di e-mail \u00e8 semplice e ordinata<br \/>\nI click e il monitoraggio delle aperture funzionano bene<br \/>\nLa funzione Inbox \u00e8 sorprendente in quanto possiamo comporre una mail veloce manualmente o utilizzando il nostro modello<br \/>\nCONTRO: i filtri per trovare gli influencer possono essere decisamente migliorati. L&#8217;integrazione con\u00a0TikTok non \u00e8 attiva, quindi non possiamo trovare TikTok Influencers.<\/p>\n","protected":false},"excerpt":{"rendered":"<p>NinjaOutreach \u00e8 un software specializzato per agenzie di influencer marketing che mira a trovare i lead e automatizzare l&#8217;email outreach su larga scala, in modo semplice e veloce. Si tratta di una piattaforma all-in-one  che offre tutti gli strumenti per creare campagne di influencer marketing efficaci filtrando attraverso milioni di informazioni sugli influencer per trovare quello che cattura l&#8217;attenzione del tuo pubblico di riferimento.<\/p>\n","protected":false},"author":17,"featured_media":48166,"parent":48041,"menu_order":0,"comment_status":"open","ping_status":"closed","template":"g1_template_page_review_new.php","meta":{"_acf_changed":false,"cwp_meta_box_check":"No","cwp_rev_product_name":"","cwp_rev_product_image":"","wppr_links":[],"cwp_rev_price":"","wppr_options":[],"wppr_pros":[],"wppr_cons":[],"_monsterinsights_skip_tracking":false,"_monsterinsights_sitenote_active":false,"_monsterinsights_sitenote_note":"","_monsterinsights_sitenote_category":0,"footnotes":""},"categories":[11175],"tags":[1088,1087,4149,11215,11191,11189,11181,11183],"features":[],"class_list":{"0":"post-48160","1":"page","2":"type-page","3":"status-publish","4":"has-post-thumbnail","6":"category-piattaforme-per-influencer-marketing","7":"tag-digital-influencer","8":"tag-influencer","9":"tag-influencer-marketing-it","10":"tag-ninjaoutereach","11":"tag-piattaforma-per-influencer-marketing","12":"tag-programma-per-influencer-marketing","13":"tag-software-per-influencer-marketing","14":"tag-soluzione-influencer-marketing"},"wppr_data":{"cwp_meta_box_check":"No"},"acf":[],"yoast_head":"<!-- This site is optimized with the Yoast SEO plugin v27.4 - https:\/\/yoast.com\/product\/yoast-seo-wordpress\/ -->\n<title>NinjaOutreach: recensione software influencer marketing -<\/title>\n<meta name=\"description\" content=\"NinjaOutreach: recensione del software di influencer marketing che mira a trovare i lead e automatizzare l&#039;email outreach su larga scala.\" \/>\n<meta name=\"robots\" content=\"index, follow, max-snippet:-1, max-image-preview:large, max-video-preview:-1\" \/>\n<link rel=\"canonical\" href=\"https:\/\/www.accuratereviews.com\/it\/piattaforme-influencer-marketing\/ninjaoutreach-recensione\/\" \/>\n<meta property=\"og:locale\" content=\"it_IT\" \/>\n<meta property=\"og:type\" content=\"article\" \/>\n<meta property=\"og:title\" content=\"NinjaOutreach: recensione software influencer marketing -\" \/>\n<meta property=\"og:description\" content=\"NinjaOutreach: recensione del software di influencer marketing che mira a trovare i lead e automatizzare l&#039;email outreach su larga scala.\" \/>\n<meta property=\"og:url\" content=\"https:\/\/www.accuratereviews.com\/it\/piattaforme-influencer-marketing\/ninjaoutreach-recensione\/\" \/>\n<meta property=\"og:site_name\" content=\"Accurate Reviews\" \/>\n<meta property=\"article:modified_time\" content=\"2021-09-28T09:49:41+00:00\" \/>\n<meta property=\"og:image\" content=\"https:\/\/www.accuratereviews.com\/wp-content\/uploads\/2021\/09\/Unknown-1.jpeg\" \/>\n\t<meta property=\"og:image:width\" content=\"333\" \/>\n\t<meta property=\"og:image:height\" content=\"200\" \/>\n\t<meta property=\"og:image:type\" content=\"image\/jpeg\" \/>\n<meta name=\"twitter:card\" content=\"summary_large_image\" \/>\n<meta name=\"twitter:label1\" content=\"Tempo di lettura stimato\" \/>\n\t<meta name=\"twitter:data1\" content=\"3 minuti\" \/>\n<script type=\"application\/ld+json\" class=\"yoast-schema-graph\">{\"@context\":\"https:\\\/\\\/schema.org\",\"@graph\":[{\"@type\":\"WebPage\",\"@id\":\"https:\\\/\\\/www.accuratereviews.com\\\/it\\\/piattaforme-influencer-marketing\\\/ninjaoutreach-recensione\\\/\",\"url\":\"https:\\\/\\\/www.accuratereviews.com\\\/it\\\/piattaforme-influencer-marketing\\\/ninjaoutreach-recensione\\\/\",\"name\":\"NinjaOutreach: recensione software influencer marketing -\",\"isPartOf\":{\"@id\":\"https:\\\/\\\/www.accuratereviews.com\\\/it\\\/#website\"},\"primaryImageOfPage\":{\"@id\":\"https:\\\/\\\/www.accuratereviews.com\\\/it\\\/piattaforme-influencer-marketing\\\/ninjaoutreach-recensione\\\/#primaryimage\"},\"image\":{\"@id\":\"https:\\\/\\\/www.accuratereviews.com\\\/it\\\/piattaforme-influencer-marketing\\\/ninjaoutreach-recensione\\\/#primaryimage\"},\"thumbnailUrl\":\"https:\\\/\\\/www.accuratereviews.com\\\/wp-content\\\/uploads\\\/2021\\\/09\\\/Unknown-1.jpeg\",\"datePublished\":\"2021-09-25T08:33:04+00:00\",\"dateModified\":\"2021-09-28T09:49:41+00:00\",\"description\":\"NinjaOutreach: recensione del software di influencer marketing che mira a trovare i lead e automatizzare l'email outreach su larga scala.\",\"breadcrumb\":{\"@id\":\"https:\\\/\\\/www.accuratereviews.com\\\/it\\\/piattaforme-influencer-marketing\\\/ninjaoutreach-recensione\\\/#breadcrumb\"},\"inLanguage\":\"it-IT\",\"potentialAction\":[{\"@type\":\"ReadAction\",\"target\":[\"https:\\\/\\\/www.accuratereviews.com\\\/it\\\/piattaforme-influencer-marketing\\\/ninjaoutreach-recensione\\\/\"]}]},{\"@type\":\"ImageObject\",\"inLanguage\":\"it-IT\",\"@id\":\"https:\\\/\\\/www.accuratereviews.com\\\/it\\\/piattaforme-influencer-marketing\\\/ninjaoutreach-recensione\\\/#primaryimage\",\"url\":\"https:\\\/\\\/www.accuratereviews.com\\\/wp-content\\\/uploads\\\/2021\\\/09\\\/Unknown-1.jpeg\",\"contentUrl\":\"https:\\\/\\\/www.accuratereviews.com\\\/wp-content\\\/uploads\\\/2021\\\/09\\\/Unknown-1.jpeg\",\"width\":333,\"height\":200},{\"@type\":\"BreadcrumbList\",\"@id\":\"https:\\\/\\\/www.accuratereviews.com\\\/it\\\/piattaforme-influencer-marketing\\\/ninjaoutreach-recensione\\\/#breadcrumb\",\"itemListElement\":[{\"@type\":\"ListItem\",\"position\":1,\"name\":\"Home\",\"item\":\"https:\\\/\\\/www.accuratereviews.com\\\/it\\\/\"},{\"@type\":\"ListItem\",\"position\":2,\"name\":\"Piattaforme per influencer marketing\",\"item\":\"https:\\\/\\\/www.accuratereviews.com\\\/it\\\/piattaforme-influencer-marketing\\\/\"},{\"@type\":\"ListItem\",\"position\":3,\"name\":\"NinjaOutreach\"}]},{\"@type\":\"WebSite\",\"@id\":\"https:\\\/\\\/www.accuratereviews.com\\\/it\\\/#website\",\"url\":\"https:\\\/\\\/www.accuratereviews.com\\\/it\\\/\",\"name\":\"Accurate Reviews\",\"description\":\"\",\"potentialAction\":[{\"@type\":\"SearchAction\",\"target\":{\"@type\":\"EntryPoint\",\"urlTemplate\":\"https:\\\/\\\/www.accuratereviews.com\\\/it\\\/?s={search_term_string}\"},\"query-input\":{\"@type\":\"PropertyValueSpecification\",\"valueRequired\":true,\"valueName\":\"search_term_string\"}}],\"inLanguage\":\"it-IT\"}]}<\/script>\n<!-- \/ Yoast SEO plugin. -->","yoast_head_json":{"title":"NinjaOutreach: recensione software influencer marketing -","description":"NinjaOutreach: recensione del software di influencer marketing che mira a trovare i lead e automatizzare l'email outreach su larga scala.","robots":{"index":"index","follow":"follow","max-snippet":"max-snippet:-1","max-image-preview":"max-image-preview:large","max-video-preview":"max-video-preview:-1"},"canonical":"https:\/\/www.accuratereviews.com\/it\/piattaforme-influencer-marketing\/ninjaoutreach-recensione\/","og_locale":"it_IT","og_type":"article","og_title":"NinjaOutreach: recensione software influencer marketing -","og_description":"NinjaOutreach: recensione del software di influencer marketing che mira a trovare i lead e automatizzare l'email outreach su larga scala.","og_url":"https:\/\/www.accuratereviews.com\/it\/piattaforme-influencer-marketing\/ninjaoutreach-recensione\/","og_site_name":"Accurate Reviews","article_modified_time":"2021-09-28T09:49:41+00:00","og_image":[{"width":333,"height":200,"url":"https:\/\/www.accuratereviews.com\/wp-content\/uploads\/2021\/09\/Unknown-1.jpeg","type":"image\/jpeg"}],"twitter_card":"summary_large_image","twitter_misc":{"Tempo di lettura stimato":"3 minuti"},"schema":{"@context":"https:\/\/schema.org","@graph":[{"@type":"WebPage","@id":"https:\/\/www.accuratereviews.com\/it\/piattaforme-influencer-marketing\/ninjaoutreach-recensione\/","url":"https:\/\/www.accuratereviews.com\/it\/piattaforme-influencer-marketing\/ninjaoutreach-recensione\/","name":"NinjaOutreach: recensione software influencer marketing -","isPartOf":{"@id":"https:\/\/www.accuratereviews.com\/it\/#website"},"primaryImageOfPage":{"@id":"https:\/\/www.accuratereviews.com\/it\/piattaforme-influencer-marketing\/ninjaoutreach-recensione\/#primaryimage"},"image":{"@id":"https:\/\/www.accuratereviews.com\/it\/piattaforme-influencer-marketing\/ninjaoutreach-recensione\/#primaryimage"},"thumbnailUrl":"https:\/\/www.accuratereviews.com\/wp-content\/uploads\/2021\/09\/Unknown-1.jpeg","datePublished":"2021-09-25T08:33:04+00:00","dateModified":"2021-09-28T09:49:41+00:00","description":"NinjaOutreach: recensione del software di influencer marketing che mira a trovare i lead e automatizzare l'email outreach su larga scala.","breadcrumb":{"@id":"https:\/\/www.accuratereviews.com\/it\/piattaforme-influencer-marketing\/ninjaoutreach-recensione\/#breadcrumb"},"inLanguage":"it-IT","potentialAction":[{"@type":"ReadAction","target":["https:\/\/www.accuratereviews.com\/it\/piattaforme-influencer-marketing\/ninjaoutreach-recensione\/"]}]},{"@type":"ImageObject","inLanguage":"it-IT","@id":"https:\/\/www.accuratereviews.com\/it\/piattaforme-influencer-marketing\/ninjaoutreach-recensione\/#primaryimage","url":"https:\/\/www.accuratereviews.com\/wp-content\/uploads\/2021\/09\/Unknown-1.jpeg","contentUrl":"https:\/\/www.accuratereviews.com\/wp-content\/uploads\/2021\/09\/Unknown-1.jpeg","width":333,"height":200},{"@type":"BreadcrumbList","@id":"https:\/\/www.accuratereviews.com\/it\/piattaforme-influencer-marketing\/ninjaoutreach-recensione\/#breadcrumb","itemListElement":[{"@type":"ListItem","position":1,"name":"Home","item":"https:\/\/www.accuratereviews.com\/it\/"},{"@type":"ListItem","position":2,"name":"Piattaforme per influencer marketing","item":"https:\/\/www.accuratereviews.com\/it\/piattaforme-influencer-marketing\/"},{"@type":"ListItem","position":3,"name":"NinjaOutreach"}]},{"@type":"WebSite","@id":"https:\/\/www.accuratereviews.com\/it\/#website","url":"https:\/\/www.accuratereviews.com\/it\/","name":"Accurate Reviews","description":"","potentialAction":[{"@type":"SearchAction","target":{"@type":"EntryPoint","urlTemplate":"https:\/\/www.accuratereviews.com\/it\/?s={search_term_string}"},"query-input":{"@type":"PropertyValueSpecification","valueRequired":true,"valueName":"search_term_string"}}],"inLanguage":"it-IT"}]}},"_links":{"self":[{"href":"https:\/\/www.accuratereviews.com\/it\/wp-json\/wp\/v2\/pages\/48160","targetHints":{"allow":["GET"]}}],"collection":[{"href":"https:\/\/www.accuratereviews.com\/it\/wp-json\/wp\/v2\/pages"}],"about":[{"href":"https:\/\/www.accuratereviews.com\/it\/wp-json\/wp\/v2\/types\/page"}],"author":[{"embeddable":true,"href":"https:\/\/www.accuratereviews.com\/it\/wp-json\/wp\/v2\/users\/17"}],"replies":[{"embeddable":true,"href":"https:\/\/www.accuratereviews.com\/it\/wp-json\/wp\/v2\/comments?post=48160"}],"version-history":[{"count":5,"href":"https:\/\/www.accuratereviews.com\/it\/wp-json\/wp\/v2\/pages\/48160\/revisions"}],"predecessor-version":[{"id":48316,"href":"https:\/\/www.accuratereviews.com\/it\/wp-json\/wp\/v2\/pages\/48160\/revisions\/48316"}],"up":[{"embeddable":true,"href":"https:\/\/www.accuratereviews.com\/it\/wp-json\/wp\/v2\/pages\/48041"}],"wp:featuredmedia":[{"embeddable":true,"href":"https:\/\/www.accuratereviews.com\/it\/wp-json\/wp\/v2\/media\/48166"}],"wp:attachment":[{"href":"https:\/\/www.accuratereviews.com\/it\/wp-json\/wp\/v2\/media?parent=48160"}],"wp:term":[{"taxonomy":"category","embeddable":true,"href":"https:\/\/www.accuratereviews.com\/it\/wp-json\/wp\/v2\/categories?post=48160"},{"taxonomy":"post_tag","embeddable":true,"href":"https:\/\/www.accuratereviews.com\/it\/wp-json\/wp\/v2\/tags?post=48160"},{"taxonomy":"features","embeddable":true,"href":"https:\/\/www.accuratereviews.com\/it\/wp-json\/wp\/v2\/features?post=48160"}],"curies":[{"name":"wp","href":"https:\/\/api.w.org\/{rel}","templated":true}]}}