{"id":48173,"date":"2021-09-24T10:54:24","date_gmt":"2021-09-24T10:54:24","guid":{"rendered":"https:\/\/www.accuratereviews.com\/?page_id=48173"},"modified":"2021-09-24T10:54:24","modified_gmt":"2021-09-24T10:54:24","slug":"meltwater-recensione","status":"publish","type":"page","link":"https:\/\/www.accuratereviews.com\/it\/piattaforme-influencer-marketing\/meltwater-recensione\/","title":{"rendered":"Meltwater"},"content":{"rendered":"<p><strong>Meltwater<\/strong> si distingue sul mercato come la<strong> soluzione all-in-one<\/strong> pi\u00f9 completa per i professionisti delle pubbliche relazioni, delle comunicazioni e del marketing. Esamina le notizie, i post sui social e molti altri tipi di media in modo da poter monitorare tutto ci\u00f2 che \u00e8 rilevante per il tuo marchio, i concorrenti e il settore. L&#8217;innovativa tecnologia di monitoraggio dei media basata sull&#8217;intelligenza artificiale, insieme alla nostra rete globale di partnership, fornisce ai nostri clienti l&#8217;accesso ai contenuti a livello locale, nazionale e globale. Basati sul pi\u00f9 grande database di contenuti del settore. Utilizzando la vasta gamma di metriche, i clienti possono personalizzare il servizio in base alle proprie esigenze per comprendere meglio il ritorno sull&#8217;investimento e i risultati.<\/p>\n<h2>MELTWATER &#8211; TUTORIAL<\/h2>\n<p>Guarda il breve tutorial che segue su questo software<\/p>\n<div id=\"fluid-wrapper-counter-1\" class=\"g1-fluid-wrapper \" style=\"width:686px;\">\n<div style=\"padding-bottom:56.268221574344%;\"><iframe loading=\"lazy\" title=\"Meltwater Digital Analytics system\" width=\"686\" height=\"386\" src=\"https:\/\/www.youtube.com\/embed\/64k1Cy-7QHw?feature=oembed&amp;wmode=transparent&amp;autohide=1&amp;autoplay=0&amp;disablekb=0&amp;fs=1&amp;loop=0&amp;enablejsapi=1&amp;rel=0&amp;controls=2&amp;showinfo=0&amp;wmode=transparent&amp;autohide=2&amp;autoplay=0&amp;disablekb=0&amp;fs=1&amp;loop=0&amp;enablejsapi=1&amp;rel=0&amp;controls=2&amp;showinfo=1\" frameborder=\"0\" allow=\"accelerometer; autoplay; clipboard-write; encrypted-media; gyroscope; picture-in-picture\" allowfullscreen><\/iframe><\/div>\n<\/div>\n<h3>MELTWATER &#8211; CARATTERISTICHE<\/h3>\n<ul>\n<li><strong>Tieni traccia delle menzioni del brand<\/strong>: monitora le menzioni del tuo marchio, del team dirigenziale, delle campagne e degli hashtag associati in tempo reale attraverso le notizie e i social media utilizzando le parole chiave correlate al tuo brand<\/li>\n<li><strong>Ricevi avvisi in tempo reale<\/strong>: nei momenti di crisi, tieniti aggiornato sulle ultime notizie relative al tuo marchio, ai concorrenti o alle tendenze del settore per avere il contesto di cui hai bisogno per prendere una decisione informata<\/li>\n<li><strong>Comprendere il sentimento dei consumatori:<\/strong> controlla e analizza la copertura mediatica e le conversazioni online per determinare cosa pensano le persone del tuo marchio<\/li>\n<li><strong>Controlla la narrazione<\/strong>: dai forma alle conversazioni attorno al tuo brand contattando direttamente i giornalisti, distribuendo comunicati stampa e condividendo contenuti pertinenti sui social media.<\/li>\n<li><strong>Credibilit\u00e0<\/strong>: identifica i giornalisti chiave e gli influencer social che potrebbero aiutarti a raccontare la tua storia nelle testate giornalistiche in cui vuoi essere presentato e sui social media<\/li>\n<li><strong>Gestisci l&#8217;immagine del tuo marchio<\/strong>: ottieni il quadro completo della tua immagine online identificando immediatamente il pubblico che sta attualmente discutendo attivamente argomenti di interesse che potrebbero danneggiare la tua reputazione<\/li>\n<li><strong>Partecipa alla conversazione<\/strong>: offri un&#8217;assistenza clienti eccezionale sui social media rispondendo direttamente ai commenti o ai messaggi man mano che vengono pubblicati online<\/li>\n<li><strong>Semplicemente la tua segnalazione<\/strong>: risparmia tempo ordinando tutta la tua copertura mediatica o costruendo formule complicate. La libreria di report predefiniti e AI aiuta ad automatizzare il processo di reporting<\/li>\n<li><strong>Crea dashboard personalizzate<\/strong>: genera report pronti per la presentazione selezionando le metriche pi\u00f9 importanti per la tua organizzazione e personalizzando le tue dashboard secondo le tue specifiche. Condividi facilmente i rapporti con il tuo team tramite un&#8217;email o un file scaricabile<\/li>\n<li><strong>Profili il tuo pubblico<\/strong>: scopri come i consumatori si sentono riguardo ai tuoi concorrenti, alle tendenze del settore o ai marchi per informare le tue campagne eseguendo la segmentazione demografica e psicografica<\/li>\n<li><strong>Analizza i concorrenti<\/strong>: la forza del tuo brand \u00e8 relativa a quella dei tuoi concorrenti. Confronta l&#8217;analisi della condivisione della voce, l&#8217;analisi del sentimenti e altre metriche pertinenti rispetto a loro<\/li>\n<\/ul>\n<h4>LE RECENSIONI DEGLI UTENTI<\/h4>\n<p class=\"font-weight-bold mb-1 d-flex align-items-center\"><strong>Dede C.&#8221;Uno strumento che fa quasi tutto ci\u00f2 di cui abbiamo bisogno&#8221;<\/strong><\/p>\n<p><strong>Commenti: <\/strong>Lo usiamo in questo ufficio da circa 2 anni ormai, e in precedenza li usavo anche per un altro lavoro. Sono molto reattivi quando hai bisogno di aiuto con qualcosa. Mi piace lo strumento. \u00c8 intuitivo e fa praticamente tutto ci\u00f2 che vorremmo. Penso che le loro tattiche di vendita a volte fossero un po &#8216;pesanti, prevedendo scadenze per offerte e quant&#8217;altro, ma quando ne ho parlato con loro, si sono alleggeriti molto.<\/p>\n<p><strong>Pro: <\/strong>La dashboard per un facile monitoraggio dei nostri media e della copertura sociale.<\/p>\n<p><strong>Contro: <\/strong>Fanno pagare prezzi separati per tutto e sembra che ogni volta che mi distraggo stiano lanciando una nuova fantastica funzionalit\u00e0 che vogliono condividere, ma \u00e8 sempre extra.<\/p>\n<p class=\"font-weight-bold mb-1 d-flex align-items-center\"><strong>Ed M.&#8221;Meltwater &#8211; Media Outreach&#8221;<\/strong><\/p>\n<p><strong>Commenti: <\/strong>Il servizio clienti \u00e8 TOP \u00a0il mio rappresentante, \u00e8 sempre in gamba!<\/p>\n<p><strong>Pro: <\/strong>La facilit\u00e0 con cui inviare un comunicato stampa sul newswire nazionale.<\/p>\n<p><strong>Contro: <\/strong>Pi\u00f9 opzioni aggiungi al programma, pi\u00f9 costoso diventa &#8211; ci sono molte cose che non conosco e non ho il tempo o il denaro per esplorare.<\/p>\n<p class=\"font-weight-bold mb-1 d-flex align-items-center\"><strong>Dawn G.&#8221;Monitoraggio dei social media semplice e intuitivo&#8221;<\/strong><\/p>\n<p><strong>Commenti: <\/strong>Se sei nuovo nel social media marketing e hai bisogno di un software facile da seguire, Meltwater \u00e8 uno dei migliori sul mercato. Ti fornir\u00e0 tutti gli strumenti necessari per portare efficacemente la tua presenza sui social media al livello successivo confrontando i post precedenti e trovando ci\u00f2 che funziona davvero meglio per il tuo marchio.<\/p>\n<p><strong>Pro: <\/strong>Sono un imprenditore per una piccola attivit\u00e0 di ecommerce. I social media sono una parte enorme della nostra pubblicit\u00e0 ed \u00e8 estremamente dispendioso in termini di tempo gestirli interamente da solo. Questo software mi consente di visualizzare importanti analisi in un unico posto. L&#8217;interfaccia \u00e8 estremamente intuitiva e molto facile da usare. Tutto quello che &#8220;devi&#8221; sapere \u00e8 in prima pagina. Puoi vedere tutto, dalle menzioni alle impressioni e ai nuovi follower, tutto in un unico posto. Hanno anche una &#8220;percentuale di positivit\u00e0&#8221; e un &#8220;ranking competitivo&#8221; che confronta la reazione del tuo pubblico con gli altri in un campo simile.<\/p>\n<p><strong>Contro: <\/strong>Ho utilizzato diversi strumenti di social media marketing. Questo \u00e8 semplice e questa \u00e8 una cosa che mi piace davvero. Ma mi piacerebbe vedere qualche altra opzione. Vorrei davvero poter trovare un software che mi permettesse di gestire e monitorare nella stessa applicazione. Ma, ahim\u00e8, posso trovare solo software che fanno l&#8217;uno o l&#8217;altro.<\/p>\n<div class=\"ml-4 pl-4 border-left border-left__dotted i18n-translation_vendor_container\" data-translation-id=\"2388173\" data-translation-vendor-target=\"original\">\n<div class=\"d-flex flex-wrap flex-md-nowrap align-items-center\">\n<h4 class=\"h5 font-weight-bold\"><\/h4>\n<\/div>\n<\/div>\n","protected":false},"excerpt":{"rendered":"<p>Meltwater si distingue sul mercato come la soluzione all-in-one pi\u00f9 completa per i professionisti delle pubbliche relazioni, delle comunicazioni e del marketing.\u00a0Esamina le notizie, i post sui social media e molti altri tipi di media in modo da poter monitorare tutto ci\u00f2 che \u00e8 rilevante per il tuo marchio, i concorrenti e il settore.<\/p>\n","protected":false},"author":16,"featured_media":48174,"parent":48041,"menu_order":0,"comment_status":"open","ping_status":"closed","template":"g1_template_page_review_new.php","meta":{"_acf_changed":false,"cwp_meta_box_check":"Yes","cwp_rev_product_name":"","cwp_rev_product_image":"","wppr_links":[],"cwp_rev_price":"","wppr_options":[],"wppr_pros":[],"wppr_cons":[],"_monsterinsights_skip_tracking":false,"_monsterinsights_sitenote_active":false,"_monsterinsights_sitenote_note":"","_monsterinsights_sitenote_category":0,"footnotes":""},"categories":[11175],"tags":[11207,11217,11191,11189,11181,11192],"features":[],"class_list":{"0":"post-48173","1":"page","2":"type-page","3":"status-publish","4":"has-post-thumbnail","6":"category-piattaforme-per-influencer-marketing","7":"tag-influenncer-marketing","8":"tag-meltwater","9":"tag-piattaforma-per-influencer-marketing","10":"tag-programma-per-influencer-marketing","11":"tag-software-per-influencer-marketing","12":"tag-soluzione-per-influencer-marketing"},"wppr_data":{"cwp_meta_box_check":"Yes","cwp_rev_product_name":"","cwp_rev_product_image":"","cwp_image_link":"image","cwp_rev_price":"","wppr_rating":"0.00"},"acf":[],"yoast_head":"<!-- This site is optimized with the Yoast SEO plugin v27.4 - https:\/\/yoast.com\/product\/yoast-seo-wordpress\/ -->\n<title>Meltwater: recensione software per influencer marketing Accurate Reviews<\/title>\n<meta name=\"description\" content=\"Meltwater: recensionei soluzione all-in-one completa per i professionisti delle pubbliche relazioni, della comunicazione e del marketing.\" \/>\n<meta name=\"robots\" content=\"index, follow, max-snippet:-1, max-image-preview:large, max-video-preview:-1\" \/>\n<link rel=\"canonical\" href=\"https:\/\/www.accuratereviews.com\/it\/piattaforme-influencer-marketing\/meltwater-recensione\/\" \/>\n<meta property=\"og:locale\" content=\"it_IT\" \/>\n<meta property=\"og:type\" content=\"article\" \/>\n<meta property=\"og:title\" content=\"Meltwater: recensione software per influencer marketing Accurate Reviews\" \/>\n<meta property=\"og:description\" content=\"Meltwater: recensionei soluzione all-in-one completa per i professionisti delle pubbliche relazioni, della comunicazione e del marketing.\" \/>\n<meta property=\"og:url\" content=\"https:\/\/www.accuratereviews.com\/it\/piattaforme-influencer-marketing\/meltwater-recensione\/\" \/>\n<meta property=\"og:site_name\" content=\"Accurate Reviews\" \/>\n<meta property=\"og:image\" content=\"https:\/\/www.accuratereviews.com\/wp-content\/uploads\/2021\/09\/meltwater.png\" \/>\n\t<meta property=\"og:image:width\" content=\"600\" \/>\n\t<meta property=\"og:image:height\" content=\"315\" \/>\n\t<meta property=\"og:image:type\" content=\"image\/png\" \/>\n<meta name=\"twitter:card\" content=\"summary_large_image\" \/>\n<meta name=\"twitter:label1\" content=\"Tempo di lettura stimato\" \/>\n\t<meta name=\"twitter:data1\" content=\"4 minuti\" \/>\n<script type=\"application\/ld+json\" class=\"yoast-schema-graph\">{\"@context\":\"https:\\\/\\\/schema.org\",\"@graph\":[{\"@type\":\"WebPage\",\"@id\":\"https:\\\/\\\/www.accuratereviews.com\\\/it\\\/piattaforme-influencer-marketing\\\/meltwater-recensione\\\/\",\"url\":\"https:\\\/\\\/www.accuratereviews.com\\\/it\\\/piattaforme-influencer-marketing\\\/meltwater-recensione\\\/\",\"name\":\"Meltwater: recensione software per influencer marketing Accurate Reviews\",\"isPartOf\":{\"@id\":\"https:\\\/\\\/www.accuratereviews.com\\\/it\\\/#website\"},\"primaryImageOfPage\":{\"@id\":\"https:\\\/\\\/www.accuratereviews.com\\\/it\\\/piattaforme-influencer-marketing\\\/meltwater-recensione\\\/#primaryimage\"},\"image\":{\"@id\":\"https:\\\/\\\/www.accuratereviews.com\\\/it\\\/piattaforme-influencer-marketing\\\/meltwater-recensione\\\/#primaryimage\"},\"thumbnailUrl\":\"https:\\\/\\\/www.accuratereviews.com\\\/wp-content\\\/uploads\\\/2021\\\/09\\\/meltwater.png\",\"datePublished\":\"2021-09-24T10:54:24+00:00\",\"description\":\"Meltwater: recensionei soluzione all-in-one completa per i professionisti delle pubbliche relazioni, della comunicazione e del marketing.\",\"breadcrumb\":{\"@id\":\"https:\\\/\\\/www.accuratereviews.com\\\/it\\\/piattaforme-influencer-marketing\\\/meltwater-recensione\\\/#breadcrumb\"},\"inLanguage\":\"it-IT\",\"potentialAction\":[{\"@type\":\"ReadAction\",\"target\":[\"https:\\\/\\\/www.accuratereviews.com\\\/it\\\/piattaforme-influencer-marketing\\\/meltwater-recensione\\\/\"]}]},{\"@type\":\"ImageObject\",\"inLanguage\":\"it-IT\",\"@id\":\"https:\\\/\\\/www.accuratereviews.com\\\/it\\\/piattaforme-influencer-marketing\\\/meltwater-recensione\\\/#primaryimage\",\"url\":\"https:\\\/\\\/www.accuratereviews.com\\\/wp-content\\\/uploads\\\/2021\\\/09\\\/meltwater.png\",\"contentUrl\":\"https:\\\/\\\/www.accuratereviews.com\\\/wp-content\\\/uploads\\\/2021\\\/09\\\/meltwater.png\",\"width\":600,\"height\":315},{\"@type\":\"BreadcrumbList\",\"@id\":\"https:\\\/\\\/www.accuratereviews.com\\\/it\\\/piattaforme-influencer-marketing\\\/meltwater-recensione\\\/#breadcrumb\",\"itemListElement\":[{\"@type\":\"ListItem\",\"position\":1,\"name\":\"Home\",\"item\":\"https:\\\/\\\/www.accuratereviews.com\\\/it\\\/\"},{\"@type\":\"ListItem\",\"position\":2,\"name\":\"Piattaforme per influencer marketing\",\"item\":\"https:\\\/\\\/www.accuratereviews.com\\\/it\\\/piattaforme-influencer-marketing\\\/\"},{\"@type\":\"ListItem\",\"position\":3,\"name\":\"Meltwater\"}]},{\"@type\":\"WebSite\",\"@id\":\"https:\\\/\\\/www.accuratereviews.com\\\/it\\\/#website\",\"url\":\"https:\\\/\\\/www.accuratereviews.com\\\/it\\\/\",\"name\":\"Accurate Reviews\",\"description\":\"\",\"potentialAction\":[{\"@type\":\"SearchAction\",\"target\":{\"@type\":\"EntryPoint\",\"urlTemplate\":\"https:\\\/\\\/www.accuratereviews.com\\\/it\\\/?s={search_term_string}\"},\"query-input\":{\"@type\":\"PropertyValueSpecification\",\"valueRequired\":true,\"valueName\":\"search_term_string\"}}],\"inLanguage\":\"it-IT\"}]}<\/script>\n<!-- \/ Yoast SEO plugin. -->","yoast_head_json":{"title":"Meltwater: recensione software per influencer marketing Accurate Reviews","description":"Meltwater: recensionei soluzione all-in-one completa per i professionisti delle pubbliche relazioni, della comunicazione e del marketing.","robots":{"index":"index","follow":"follow","max-snippet":"max-snippet:-1","max-image-preview":"max-image-preview:large","max-video-preview":"max-video-preview:-1"},"canonical":"https:\/\/www.accuratereviews.com\/it\/piattaforme-influencer-marketing\/meltwater-recensione\/","og_locale":"it_IT","og_type":"article","og_title":"Meltwater: recensione software per influencer marketing Accurate Reviews","og_description":"Meltwater: recensionei soluzione all-in-one completa per i professionisti delle pubbliche relazioni, della comunicazione e del marketing.","og_url":"https:\/\/www.accuratereviews.com\/it\/piattaforme-influencer-marketing\/meltwater-recensione\/","og_site_name":"Accurate Reviews","og_image":[{"width":600,"height":315,"url":"https:\/\/www.accuratereviews.com\/wp-content\/uploads\/2021\/09\/meltwater.png","type":"image\/png"}],"twitter_card":"summary_large_image","twitter_misc":{"Tempo di lettura stimato":"4 minuti"},"schema":{"@context":"https:\/\/schema.org","@graph":[{"@type":"WebPage","@id":"https:\/\/www.accuratereviews.com\/it\/piattaforme-influencer-marketing\/meltwater-recensione\/","url":"https:\/\/www.accuratereviews.com\/it\/piattaforme-influencer-marketing\/meltwater-recensione\/","name":"Meltwater: recensione software per influencer marketing Accurate Reviews","isPartOf":{"@id":"https:\/\/www.accuratereviews.com\/it\/#website"},"primaryImageOfPage":{"@id":"https:\/\/www.accuratereviews.com\/it\/piattaforme-influencer-marketing\/meltwater-recensione\/#primaryimage"},"image":{"@id":"https:\/\/www.accuratereviews.com\/it\/piattaforme-influencer-marketing\/meltwater-recensione\/#primaryimage"},"thumbnailUrl":"https:\/\/www.accuratereviews.com\/wp-content\/uploads\/2021\/09\/meltwater.png","datePublished":"2021-09-24T10:54:24+00:00","description":"Meltwater: recensionei soluzione all-in-one completa per i professionisti delle pubbliche relazioni, della comunicazione e del marketing.","breadcrumb":{"@id":"https:\/\/www.accuratereviews.com\/it\/piattaforme-influencer-marketing\/meltwater-recensione\/#breadcrumb"},"inLanguage":"it-IT","potentialAction":[{"@type":"ReadAction","target":["https:\/\/www.accuratereviews.com\/it\/piattaforme-influencer-marketing\/meltwater-recensione\/"]}]},{"@type":"ImageObject","inLanguage":"it-IT","@id":"https:\/\/www.accuratereviews.com\/it\/piattaforme-influencer-marketing\/meltwater-recensione\/#primaryimage","url":"https:\/\/www.accuratereviews.com\/wp-content\/uploads\/2021\/09\/meltwater.png","contentUrl":"https:\/\/www.accuratereviews.com\/wp-content\/uploads\/2021\/09\/meltwater.png","width":600,"height":315},{"@type":"BreadcrumbList","@id":"https:\/\/www.accuratereviews.com\/it\/piattaforme-influencer-marketing\/meltwater-recensione\/#breadcrumb","itemListElement":[{"@type":"ListItem","position":1,"name":"Home","item":"https:\/\/www.accuratereviews.com\/it\/"},{"@type":"ListItem","position":2,"name":"Piattaforme per influencer marketing","item":"https:\/\/www.accuratereviews.com\/it\/piattaforme-influencer-marketing\/"},{"@type":"ListItem","position":3,"name":"Meltwater"}]},{"@type":"WebSite","@id":"https:\/\/www.accuratereviews.com\/it\/#website","url":"https:\/\/www.accuratereviews.com\/it\/","name":"Accurate Reviews","description":"","potentialAction":[{"@type":"SearchAction","target":{"@type":"EntryPoint","urlTemplate":"https:\/\/www.accuratereviews.com\/it\/?s={search_term_string}"},"query-input":{"@type":"PropertyValueSpecification","valueRequired":true,"valueName":"search_term_string"}}],"inLanguage":"it-IT"}]}},"_links":{"self":[{"href":"https:\/\/www.accuratereviews.com\/it\/wp-json\/wp\/v2\/pages\/48173","targetHints":{"allow":["GET"]}}],"collection":[{"href":"https:\/\/www.accuratereviews.com\/it\/wp-json\/wp\/v2\/pages"}],"about":[{"href":"https:\/\/www.accuratereviews.com\/it\/wp-json\/wp\/v2\/types\/page"}],"author":[{"embeddable":true,"href":"https:\/\/www.accuratereviews.com\/it\/wp-json\/wp\/v2\/users\/16"}],"replies":[{"embeddable":true,"href":"https:\/\/www.accuratereviews.com\/it\/wp-json\/wp\/v2\/comments?post=48173"}],"version-history":[{"count":7,"href":"https:\/\/www.accuratereviews.com\/it\/wp-json\/wp\/v2\/pages\/48173\/revisions"}],"predecessor-version":[{"id":48207,"href":"https:\/\/www.accuratereviews.com\/it\/wp-json\/wp\/v2\/pages\/48173\/revisions\/48207"}],"up":[{"embeddable":true,"href":"https:\/\/www.accuratereviews.com\/it\/wp-json\/wp\/v2\/pages\/48041"}],"wp:featuredmedia":[{"embeddable":true,"href":"https:\/\/www.accuratereviews.com\/it\/wp-json\/wp\/v2\/media\/48174"}],"wp:attachment":[{"href":"https:\/\/www.accuratereviews.com\/it\/wp-json\/wp\/v2\/media?parent=48173"}],"wp:term":[{"taxonomy":"category","embeddable":true,"href":"https:\/\/www.accuratereviews.com\/it\/wp-json\/wp\/v2\/categories?post=48173"},{"taxonomy":"post_tag","embeddable":true,"href":"https:\/\/www.accuratereviews.com\/it\/wp-json\/wp\/v2\/tags?post=48173"},{"taxonomy":"features","embeddable":true,"href":"https:\/\/www.accuratereviews.com\/it\/wp-json\/wp\/v2\/features?post=48173"}],"curies":[{"name":"wp","href":"https:\/\/api.w.org\/{rel}","templated":true}]}}