{"id":48219,"date":"2021-09-27T11:40:22","date_gmt":"2021-09-27T11:40:22","guid":{"rendered":"https:\/\/www.accuratereviews.com\/?page_id=48219"},"modified":"2021-09-27T18:12:00","modified_gmt":"2021-09-27T18:12:00","slug":"circlewise-recensione","status":"publish","type":"page","link":"https:\/\/www.accuratereviews.com\/it\/piattaforme-influencer-marketing\/circlewise-recensione\/","title":{"rendered":"Circlewise"},"content":{"rendered":"<p><strong>Circlewise<\/strong> \u00e8 un <strong>software di gestione delle partnership<\/strong> per la creazione, il ridimensionamento e la gestione di programmi di affiliazione interni. Collega le aziende direttamente ai programmi di affiliazione gestiti dagli inserzionisti attraverso un mercato valutato in base alle prestazioni, consentendo loro di connettersi e commerciare direttamente con gli affiliati. La piattaforma fornisce supporto per il reclutamento, la gestione e i pagamenti degli editori.\u00a0Offre alle aziende il pieno controllo dei loro programmi di marketing attraverso una dashboard self-service in cui le offerte possono essere create, modificate, messe in pausa e monitorate in qualsiasi momento. Il personale di supporto <strong>Circlewise<\/strong>\u00a0gestisce il processo di pagamento dell&#8217;editore, creando un servizio di convalida delle transazioni che elimina la necessit\u00e0 di generare fatture.<\/p>\n<h2>CIRCLEWISE &#8211; TUTORIAL<\/h2>\n<p>Guardiamo quanto sono semplici le impostazione degli URL di postback nell&#8217;interfaccia dell&#8217;editore:<\/p>\n<div id=\"fluid-wrapper-counter-1\" class=\"g1-fluid-wrapper \" style=\"width:686px;\">\n<div style=\"padding-bottom:56.268221574344%;\"><iframe loading=\"lazy\" title=\"7 CW PUBLISHER Setting up postback URLs in your publisher interface\" width=\"686\" height=\"386\" src=\"https:\/\/www.youtube.com\/embed\/yKFA3ZccZw4?list=PLZ6kQMHMpzIfNpC7HDecSf6H_YtkpOmsM\" frameborder=\"0\" allow=\"accelerometer; autoplay; clipboard-write; encrypted-media; gyroscope; picture-in-picture\" allowfullscreen><\/iframe><\/div>\n<\/div>\n<h3>CIRCLEWISE &#8211; CARATTERISTICHE<\/h3>\n<ul>\n<li><strong>Traffico<\/strong>: accesso completo al mercato di affiliazione con fonti di traffico integrate<\/li>\n<li><strong>Tecnologia<\/strong>: tecnologia di monitoraggio, automazione e fatturazione superiore<\/li>\n<li><strong>Branding<\/strong>: report e gateway personalizzabili<\/li>\n<li><strong>Supporto<\/strong>: account manager dedicato per supporto operativo e revisioni mensili<\/li>\n<li><strong>Raccomandazioni<\/strong>: condivisione delle conoscenze per mettere a punto il tuo programma partner<\/li>\n<li><strong>Configurazione<\/strong>: supporto iniziale per facilitare e accelerare l&#8217;avvio del tuo programma partner<\/li>\n<li><strong>Reclutamento<\/strong>: supporto iniziale per attrarre e conquistare i tuoi primi editori<\/li>\n<li><strong>Migrazione<\/strong>: aiuta a migrare i partner esistenti nel mercato<\/li>\n<li><strong>Gestione<\/strong>: delle campagne temporanee o dell&#8217;intero programma partner su tutti i canali<\/li>\n<li><strong>Espansioni geografiche<\/strong>: conoscenza del mercato, ricerca e supporto linguistico<\/li>\n<li><strong>Acquisto di media<\/strong>: generazione di traffico mirata da parte dei nostri esperti<\/li>\n<li><strong>Content marketing<\/strong>: per supportare il tuo team interno<\/li>\n<li><strong>Ottimizzazione<\/strong>: delle attivit\u00e0 del programma partner<\/li>\n<\/ul>\n<h4>LE RECENSIONI DEGLI UTENTI<\/h4>\n<p class=\"font-weight-bold mb-1 d-flex align-items-center\"><strong>Arber B.&#8221;Interfaccia semplice, intuitiva e self-service&#8221;<\/strong><\/p>\n<p><strong>Pro: <\/strong>Il team UI e UX di Circlewise ha fatto un ottimo lavoro. L&#8217;intero software \u00e8 ben pensato e facile da navigare. Ogni volta che ci imbattiamo in un problema, di solito troviamo la risposta nel loro centro assistenza completo e, in caso contrario, il loro team \u00e8 sempre l\u00ec per aiutarci. Software di affiliazione self-service con quel tipo di livello di supporto e qualit\u00e0 che non troverai da nessuna parte sul mercato. La caratteristica che amo di pi\u00f9 \u00e8 il loro rendimento completamente personalizzabile e i rapporti sulle transazioni. Tutto ci\u00f2 di cui un affiliato di marketing ha bisogno per monitorare e ottimizzare le offerte.<\/p>\n<p><strong>Contro: <\/strong>Sebbene il loro team di ricerca e sviluppo ci abbia confermato che i profili dei partner nel loro mercato sarebbero stati migliorati presto, vorrei che l&#8217;aggiornamento fosse gi\u00e0 disponibile.<\/p>\n<p class=\"font-weight-bold mb-1 d-flex align-items-center\"><strong>Ena M.&#8221;Mi \u00e8 piaciuto molto&#8221;<\/strong><\/p>\n<p><strong>Commenti: <\/strong>Non tutto \u00e8 perfetto, ho la sensazione che siano ancora un nuovo prodotto, ma applicando ogni feedback che fornisci loro ottengo il lavoro svolto.<\/p>\n<p><strong>Pro: <\/strong>Facile da usare: ho raggiunto tutti i miei KPI. Offrono molti contenuti che sono stati davvero preziosi per noi come startup, quindi non abbiamo dovuto investire in altre risorse per questo.<\/p>\n<p><strong>Contro: <\/strong>Un po&#8217; caro, anche se alla fine paga, ma all&#8217;inizio \u00e8 difficile accontentarsi di quel costo. L&#8217;importante \u00e8 che tu sia pronto a investire o meno.<\/p>\n<h5 class=\"font-weight-bold mb-1 d-flex align-items-center\">Gerda laura L.&#8221;Recensione&#8221;<\/h5>\n<p><strong>Commenti: <\/strong>Ci ha permesso di entrare in contatto con molti editori finanziari che hanno sparso la voce su Crowdestate.<\/p>\n<p><strong>Pro: <\/strong>Una buona panoramica di blog ben funzionanti. Possiamo ottenere risultati esatti per editore e analizzare chi lavora meglio e metterci in contatto con loro per fare offerte speciali.<\/p>\n<p><strong>Contro: <\/strong>Sarebbe fantastico se potessimo personalizzare diversi nomi di lead sulla piattaforma Circlwise. Paghiamo per 2 diversi tipi di lead, ma poich\u00e9 sono tutti lead nominati, non possiamo differire l&#8217;uno dall&#8217;altro.<\/p>\n","protected":false},"excerpt":{"rendered":"<p>Circlewise \u00e8 un software di gestione delle partnership per la creazione, il ridimensionamento e la gestione di programmi di affiliazione interni. Collega le aziende direttamente ai programmi di affiliazione gestiti dagli inserzionisti attraverso un mercato valutato in base alle prestazioni, consentendo loro di connettersi e commerciare direttamente con gli affiliati.<\/p>\n","protected":false},"author":16,"featured_media":48220,"parent":48041,"menu_order":0,"comment_status":"open","ping_status":"closed","template":"g1_template_page_review_new.php","meta":{"_acf_changed":false,"cwp_meta_box_check":"Yes","cwp_rev_product_name":"","cwp_rev_product_image":"","wppr_links":[],"cwp_rev_price":"","wppr_options":[],"wppr_pros":[],"wppr_cons":[],"_monsterinsights_skip_tracking":false,"_monsterinsights_sitenote_active":false,"_monsterinsights_sitenote_note":"","_monsterinsights_sitenote_category":0,"footnotes":""},"categories":[11175],"tags":[11221,4149,11191,11189,11181,11192],"features":[],"class_list":{"0":"post-48219","1":"page","2":"type-page","3":"status-publish","4":"has-post-thumbnail","6":"category-piattaforme-per-influencer-marketing","7":"tag-circlewise","8":"tag-influencer-marketing-it","9":"tag-piattaforma-per-influencer-marketing","10":"tag-programma-per-influencer-marketing","11":"tag-software-per-influencer-marketing","12":"tag-soluzione-per-influencer-marketing"},"wppr_data":{"cwp_meta_box_check":"Yes","cwp_rev_product_name":"","cwp_rev_product_image":"","cwp_image_link":"image","cwp_rev_price":"","wppr_rating":"0.00"},"acf":[],"yoast_head":"<!-- This site is optimized with the Yoast SEO plugin v27.4 - https:\/\/yoast.com\/product\/yoast-seo-wordpress\/ -->\n<title>Circlewise: recensione software per influencer marketing Accurate Reviews<\/title>\n<meta name=\"description\" content=\"Circlewise: recensione software di gestione partnership per la creazione, il ridimensionamento e la gestione di programmi di affiliazione.\" \/>\n<meta name=\"robots\" content=\"index, follow, max-snippet:-1, max-image-preview:large, max-video-preview:-1\" \/>\n<link rel=\"canonical\" href=\"https:\/\/www.accuratereviews.com\/it\/piattaforme-influencer-marketing\/circlewise-recensione\/\" \/>\n<meta property=\"og:locale\" content=\"it_IT\" \/>\n<meta property=\"og:type\" content=\"article\" \/>\n<meta property=\"og:title\" content=\"Circlewise: recensione software per influencer marketing Accurate Reviews\" \/>\n<meta property=\"og:description\" content=\"Circlewise: recensione software di gestione partnership per la creazione, il ridimensionamento e la gestione di programmi di affiliazione.\" \/>\n<meta property=\"og:url\" content=\"https:\/\/www.accuratereviews.com\/it\/piattaforme-influencer-marketing\/circlewise-recensione\/\" \/>\n<meta property=\"og:site_name\" content=\"Accurate Reviews\" \/>\n<meta property=\"article:modified_time\" content=\"2021-09-27T18:12:00+00:00\" \/>\n<meta property=\"og:image\" content=\"https:\/\/www.accuratereviews.com\/wp-content\/uploads\/2021\/09\/Circlewise.jpeg\" \/>\n\t<meta property=\"og:image:width\" content=\"200\" \/>\n\t<meta property=\"og:image:height\" content=\"200\" \/>\n\t<meta property=\"og:image:type\" content=\"image\/jpeg\" \/>\n<meta name=\"twitter:card\" content=\"summary_large_image\" \/>\n<meta name=\"twitter:label1\" content=\"Tempo di lettura stimato\" \/>\n\t<meta name=\"twitter:data1\" content=\"3 minuti\" \/>\n<script type=\"application\/ld+json\" class=\"yoast-schema-graph\">{\"@context\":\"https:\\\/\\\/schema.org\",\"@graph\":[{\"@type\":\"WebPage\",\"@id\":\"https:\\\/\\\/www.accuratereviews.com\\\/it\\\/piattaforme-influencer-marketing\\\/circlewise-recensione\\\/\",\"url\":\"https:\\\/\\\/www.accuratereviews.com\\\/it\\\/piattaforme-influencer-marketing\\\/circlewise-recensione\\\/\",\"name\":\"Circlewise: recensione software per influencer marketing Accurate Reviews\",\"isPartOf\":{\"@id\":\"https:\\\/\\\/www.accuratereviews.com\\\/it\\\/#website\"},\"primaryImageOfPage\":{\"@id\":\"https:\\\/\\\/www.accuratereviews.com\\\/it\\\/piattaforme-influencer-marketing\\\/circlewise-recensione\\\/#primaryimage\"},\"image\":{\"@id\":\"https:\\\/\\\/www.accuratereviews.com\\\/it\\\/piattaforme-influencer-marketing\\\/circlewise-recensione\\\/#primaryimage\"},\"thumbnailUrl\":\"https:\\\/\\\/www.accuratereviews.com\\\/wp-content\\\/uploads\\\/2021\\\/09\\\/Circlewise.jpeg\",\"datePublished\":\"2021-09-27T11:40:22+00:00\",\"dateModified\":\"2021-09-27T18:12:00+00:00\",\"description\":\"Circlewise: recensione software di gestione partnership per la creazione, il ridimensionamento e la gestione di programmi di affiliazione.\",\"breadcrumb\":{\"@id\":\"https:\\\/\\\/www.accuratereviews.com\\\/it\\\/piattaforme-influencer-marketing\\\/circlewise-recensione\\\/#breadcrumb\"},\"inLanguage\":\"it-IT\",\"potentialAction\":[{\"@type\":\"ReadAction\",\"target\":[\"https:\\\/\\\/www.accuratereviews.com\\\/it\\\/piattaforme-influencer-marketing\\\/circlewise-recensione\\\/\"]}]},{\"@type\":\"ImageObject\",\"inLanguage\":\"it-IT\",\"@id\":\"https:\\\/\\\/www.accuratereviews.com\\\/it\\\/piattaforme-influencer-marketing\\\/circlewise-recensione\\\/#primaryimage\",\"url\":\"https:\\\/\\\/www.accuratereviews.com\\\/wp-content\\\/uploads\\\/2021\\\/09\\\/Circlewise.jpeg\",\"contentUrl\":\"https:\\\/\\\/www.accuratereviews.com\\\/wp-content\\\/uploads\\\/2021\\\/09\\\/Circlewise.jpeg\",\"width\":200,\"height\":200},{\"@type\":\"BreadcrumbList\",\"@id\":\"https:\\\/\\\/www.accuratereviews.com\\\/it\\\/piattaforme-influencer-marketing\\\/circlewise-recensione\\\/#breadcrumb\",\"itemListElement\":[{\"@type\":\"ListItem\",\"position\":1,\"name\":\"Home\",\"item\":\"https:\\\/\\\/www.accuratereviews.com\\\/it\\\/\"},{\"@type\":\"ListItem\",\"position\":2,\"name\":\"Piattaforme per influencer marketing\",\"item\":\"https:\\\/\\\/www.accuratereviews.com\\\/it\\\/piattaforme-influencer-marketing\\\/\"},{\"@type\":\"ListItem\",\"position\":3,\"name\":\"Circlewise\"}]},{\"@type\":\"WebSite\",\"@id\":\"https:\\\/\\\/www.accuratereviews.com\\\/it\\\/#website\",\"url\":\"https:\\\/\\\/www.accuratereviews.com\\\/it\\\/\",\"name\":\"Accurate Reviews\",\"description\":\"\",\"potentialAction\":[{\"@type\":\"SearchAction\",\"target\":{\"@type\":\"EntryPoint\",\"urlTemplate\":\"https:\\\/\\\/www.accuratereviews.com\\\/it\\\/?s={search_term_string}\"},\"query-input\":{\"@type\":\"PropertyValueSpecification\",\"valueRequired\":true,\"valueName\":\"search_term_string\"}}],\"inLanguage\":\"it-IT\"}]}<\/script>\n<!-- \/ Yoast SEO plugin. -->","yoast_head_json":{"title":"Circlewise: recensione software per influencer marketing Accurate Reviews","description":"Circlewise: recensione software di gestione partnership per la creazione, il ridimensionamento e la gestione di programmi di affiliazione.","robots":{"index":"index","follow":"follow","max-snippet":"max-snippet:-1","max-image-preview":"max-image-preview:large","max-video-preview":"max-video-preview:-1"},"canonical":"https:\/\/www.accuratereviews.com\/it\/piattaforme-influencer-marketing\/circlewise-recensione\/","og_locale":"it_IT","og_type":"article","og_title":"Circlewise: recensione software per influencer marketing Accurate Reviews","og_description":"Circlewise: recensione software di gestione partnership per la creazione, il ridimensionamento e la gestione di programmi di affiliazione.","og_url":"https:\/\/www.accuratereviews.com\/it\/piattaforme-influencer-marketing\/circlewise-recensione\/","og_site_name":"Accurate Reviews","article_modified_time":"2021-09-27T18:12:00+00:00","og_image":[{"width":200,"height":200,"url":"https:\/\/www.accuratereviews.com\/wp-content\/uploads\/2021\/09\/Circlewise.jpeg","type":"image\/jpeg"}],"twitter_card":"summary_large_image","twitter_misc":{"Tempo di lettura stimato":"3 minuti"},"schema":{"@context":"https:\/\/schema.org","@graph":[{"@type":"WebPage","@id":"https:\/\/www.accuratereviews.com\/it\/piattaforme-influencer-marketing\/circlewise-recensione\/","url":"https:\/\/www.accuratereviews.com\/it\/piattaforme-influencer-marketing\/circlewise-recensione\/","name":"Circlewise: recensione software per influencer marketing Accurate Reviews","isPartOf":{"@id":"https:\/\/www.accuratereviews.com\/it\/#website"},"primaryImageOfPage":{"@id":"https:\/\/www.accuratereviews.com\/it\/piattaforme-influencer-marketing\/circlewise-recensione\/#primaryimage"},"image":{"@id":"https:\/\/www.accuratereviews.com\/it\/piattaforme-influencer-marketing\/circlewise-recensione\/#primaryimage"},"thumbnailUrl":"https:\/\/www.accuratereviews.com\/wp-content\/uploads\/2021\/09\/Circlewise.jpeg","datePublished":"2021-09-27T11:40:22+00:00","dateModified":"2021-09-27T18:12:00+00:00","description":"Circlewise: recensione software di gestione partnership per la creazione, il ridimensionamento e la gestione di programmi di affiliazione.","breadcrumb":{"@id":"https:\/\/www.accuratereviews.com\/it\/piattaforme-influencer-marketing\/circlewise-recensione\/#breadcrumb"},"inLanguage":"it-IT","potentialAction":[{"@type":"ReadAction","target":["https:\/\/www.accuratereviews.com\/it\/piattaforme-influencer-marketing\/circlewise-recensione\/"]}]},{"@type":"ImageObject","inLanguage":"it-IT","@id":"https:\/\/www.accuratereviews.com\/it\/piattaforme-influencer-marketing\/circlewise-recensione\/#primaryimage","url":"https:\/\/www.accuratereviews.com\/wp-content\/uploads\/2021\/09\/Circlewise.jpeg","contentUrl":"https:\/\/www.accuratereviews.com\/wp-content\/uploads\/2021\/09\/Circlewise.jpeg","width":200,"height":200},{"@type":"BreadcrumbList","@id":"https:\/\/www.accuratereviews.com\/it\/piattaforme-influencer-marketing\/circlewise-recensione\/#breadcrumb","itemListElement":[{"@type":"ListItem","position":1,"name":"Home","item":"https:\/\/www.accuratereviews.com\/it\/"},{"@type":"ListItem","position":2,"name":"Piattaforme per influencer marketing","item":"https:\/\/www.accuratereviews.com\/it\/piattaforme-influencer-marketing\/"},{"@type":"ListItem","position":3,"name":"Circlewise"}]},{"@type":"WebSite","@id":"https:\/\/www.accuratereviews.com\/it\/#website","url":"https:\/\/www.accuratereviews.com\/it\/","name":"Accurate Reviews","description":"","potentialAction":[{"@type":"SearchAction","target":{"@type":"EntryPoint","urlTemplate":"https:\/\/www.accuratereviews.com\/it\/?s={search_term_string}"},"query-input":{"@type":"PropertyValueSpecification","valueRequired":true,"valueName":"search_term_string"}}],"inLanguage":"it-IT"}]}},"_links":{"self":[{"href":"https:\/\/www.accuratereviews.com\/it\/wp-json\/wp\/v2\/pages\/48219","targetHints":{"allow":["GET"]}}],"collection":[{"href":"https:\/\/www.accuratereviews.com\/it\/wp-json\/wp\/v2\/pages"}],"about":[{"href":"https:\/\/www.accuratereviews.com\/it\/wp-json\/wp\/v2\/types\/page"}],"author":[{"embeddable":true,"href":"https:\/\/www.accuratereviews.com\/it\/wp-json\/wp\/v2\/users\/16"}],"replies":[{"embeddable":true,"href":"https:\/\/www.accuratereviews.com\/it\/wp-json\/wp\/v2\/comments?post=48219"}],"version-history":[{"count":11,"href":"https:\/\/www.accuratereviews.com\/it\/wp-json\/wp\/v2\/pages\/48219\/revisions"}],"predecessor-version":[{"id":48273,"href":"https:\/\/www.accuratereviews.com\/it\/wp-json\/wp\/v2\/pages\/48219\/revisions\/48273"}],"up":[{"embeddable":true,"href":"https:\/\/www.accuratereviews.com\/it\/wp-json\/wp\/v2\/pages\/48041"}],"wp:featuredmedia":[{"embeddable":true,"href":"https:\/\/www.accuratereviews.com\/it\/wp-json\/wp\/v2\/media\/48220"}],"wp:attachment":[{"href":"https:\/\/www.accuratereviews.com\/it\/wp-json\/wp\/v2\/media?parent=48219"}],"wp:term":[{"taxonomy":"category","embeddable":true,"href":"https:\/\/www.accuratereviews.com\/it\/wp-json\/wp\/v2\/categories?post=48219"},{"taxonomy":"post_tag","embeddable":true,"href":"https:\/\/www.accuratereviews.com\/it\/wp-json\/wp\/v2\/tags?post=48219"},{"taxonomy":"features","embeddable":true,"href":"https:\/\/www.accuratereviews.com\/it\/wp-json\/wp\/v2\/features?post=48219"}],"curies":[{"name":"wp","href":"https:\/\/api.w.org\/{rel}","templated":true}]}}