{"id":48283,"date":"2021-09-28T14:12:05","date_gmt":"2021-09-28T14:12:05","guid":{"rendered":"https:\/\/www.accuratereviews.com\/?page_id=48283"},"modified":"2021-09-28T14:12:05","modified_gmt":"2021-09-28T14:12:05","slug":"julius-recensione","status":"publish","type":"page","link":"https:\/\/www.accuratereviews.com\/it\/piattaforme-influencer-marketing\/julius-recensione\/","title":{"rendered":"Julius"},"content":{"rendered":"<p><strong>Julius<\/strong> \u00e8 una<strong> soluzione di marketing per influencer<\/strong> basata su <strong>cloud<\/strong>, che aiuta le aziende a cercare profili di influencer su Facebook, Twitter, Instagram, Pinterest, YouTube e Twitch. La piattaforma consente alle organizzazioni di visualizzare i post sui social media pi\u00f9 diffusi e di indirizzare il pubblico in base a posizione, interessi, dati demografici e altri criteri personalizzati. Il modulo di gestione delle campagne integrato consente ai manager di creare, attivare e gestire campagne di marketing su varie piattaforme social. Julius include un sistema di rilevamento automatico dei post, che permette ai team di rivedere le prestazioni della campagna e di conformarsi alle normative della Federal Trade Commission (FTC). Inoltre, gli utenti possono monitorare le campagne utilizzando benchmark delle prestazioni ed esportare report in diversi formati.<\/p>\n<h2>JULIUS &#8211; TUTORIAL<\/h2>\n<p>Guardiamo insieme questa breve panoramica di questo <strong>software per influencer marketing<\/strong>:<\/p>\n<div id=\"fluid-wrapper-counter-1\" class=\"g1-fluid-wrapper \" style=\"width:686px;\">\n<div style=\"padding-bottom:56.268221574344%;\"><iframe loading=\"lazy\" title=\"Julius Review: Influencer Marketing Software (Platform)\" width=\"686\" height=\"386\" src=\"https:\/\/www.youtube.com\/embed\/rr5k4gGE9z4?feature=oembed&amp;wmode=transparent&amp;autohide=1&amp;autoplay=0&amp;disablekb=0&amp;fs=1&amp;loop=0&amp;enablejsapi=1&amp;rel=0&amp;controls=2&amp;showinfo=0&amp;wmode=transparent&amp;autohide=2&amp;autoplay=0&amp;disablekb=0&amp;fs=1&amp;loop=0&amp;enablejsapi=1&amp;rel=0&amp;controls=2&amp;showinfo=1\" frameborder=\"0\" allow=\"accelerometer; autoplay; clipboard-write; encrypted-media; gyroscope; picture-in-picture\" allowfullscreen><\/iframe><\/div>\n<\/div>\n<h2>JULIUS &#8211; CARATTERISTICHE<\/h2>\n<ul>\n<li>Scopri influencer unici che corrispondono ai tuoi criteri di ricerca pi\u00f9 dettagliati<\/li>\n<li>Ricerca\u00a0post di influencer con qualsiasi hashtag o parola chiave per l&#8217;allineamento e la sicurezza del marchio<\/li>\n<li>Comprendi le relazioni con i marchi degli influencer e visualizza i post passati con il nostro strumento di ascolto sociale<\/li>\n<li>Messaggi e gestione dei tuoi influencer in un unico posto<\/li>\n<li>Crea elenchi di influencer per semplificare la comunicazione e rimanere organizzato<\/li>\n<li>Semplifica il tuo flusso di lavoro con tag personalizzati, note e monitoraggio dell&#8217;attivit\u00e0 degli utenti<\/li>\n<li>Recensisci risultati finali e conformit\u00e0 FTC con rilevamento automatico dei post<\/li>\n<li>Analizza il rendimento della tua campagna o immergiti nei dati dei singoli post<\/li>\n<li>Tieni sotto controllo conversazioni sul tuo marchio o coinvolgi i tuoi influencer<\/li>\n<li>Ottimizza future campagne di marketing con benchmark di performance<\/li>\n<li>Accelera la creazione di report con esportazioni white label in qualsiasi formato<\/li>\n<\/ul>\n<h4>LE RECENSIONI DEGLI UTENTI<\/h4>\n<h5 class=\"font-weight-bold mb-1 d-flex align-items-center\">Jason F.&#8221;Uno dei migliori software per influencer SaaS sul mercato&#8221;<\/h5>\n<p><strong>Commenti: <\/strong>Sono stato un cliente per pi\u00f9 di 2 anni e mi sono innamorato del prodotto. Solo dopo mi sono impegnato con loro come sponsor del mio podcast (per motivi di divulgazione). Non sono mai stato pagato da Julius, ma per un breve periodo ho ricevuto l&#8217;accesso gratuito (durante la sponsorizzazione).<\/p>\n<p><strong>Pro: <\/strong>Julius \u00e8 facile da usare, ha potenti filtri di ricerca, tutte le funzionalit\u00e0 di gestione delle campagne che desideri e potenti opzioni di misurazione\/attribuzione del ROI.<\/p>\n<p><strong>Contro: <\/strong>Per SaaS senza servizi gestiti, questo prodotto si trova nella fascia pi\u00f9 alta per quanto riguarda i prezzi, ma \u00e8 un ottimo software.<\/p>\n<p class=\"font-weight-bold mb-1 d-flex align-items-center\"><strong>Stephanie K.&#8221;Julius \u00e8 il dato dietro l&#8217;arte&#8221;<\/strong><\/p>\n<p><strong>Pro: <\/strong>Trovare influencer per una campagna \u00e8 difficile, ma Julius lo rende molto pi\u00f9 semplice permettendomi di cercare talenti tramite centinaia di filtri specifici.<\/p>\n<p><strong>Contro: <\/strong>Niente: lavorare con Julius \u00e8 stato un piacere!<\/p>\n<p class=\"font-weight-bold mb-1 d-flex align-items-center\"><strong>Amanda K.&#8221;Julius &#8220;<\/strong><\/p>\n<p><strong>Pro: <\/strong>Penso che Julius sia un ottimo strumento per fornire informazioni di alto livello sul seguito social di un&#8217;ampia fascia di influencer. Dal fornire una panoramica del seguito totale alla condivisione dei guasti delle demo dei follower, \u00e8 una grande risorsa cercare di capire meglio come stiamo raggiungendo i consumatori.<\/p>\n<p><strong>Contro: <\/strong>Penso che il pi\u00f9 grande difetto di Julius sia davvero in due aree: una delle diverse aree di affinit\u00e0 all&#8217;interno dei follower degli influencer, cos\u00ec come i benchmark\/analisi comparativa tra gli influencer. Sarebbe davvero utile capire meglio quali influencer spuntano per una data area di interesse e per i benchmark associati a quell&#8217;affinit\u00e0 per essere un po&#8217; pi\u00f9 chiari da capire.<\/p>\n","protected":false},"excerpt":{"rendered":"<p>Julius \u00e8 una soluzione di marketing per influencer basata su cloud, che aiuta le aziende a cercare profili di influencer su Facebook, Twitter, Instagram, Pinterest, YouTube e Twitch. La piattaforma consente alle organizzazioni di visualizzare i post sui social media pi\u00f9 diffusi e di indirizzare il pubblico in base a posizione, interessi, dati demografici e altri criteri personalizzati.<\/p>\n","protected":false},"author":16,"featured_media":48285,"parent":48041,"menu_order":0,"comment_status":"open","ping_status":"closed","template":"g1_template_page_review_new.php","meta":{"_acf_changed":false,"cwp_meta_box_check":"Yes","cwp_rev_product_name":"","cwp_rev_product_image":"","wppr_links":[],"cwp_rev_price":"","wppr_options":[],"wppr_pros":[],"wppr_cons":[],"_monsterinsights_skip_tracking":false,"_monsterinsights_sitenote_active":false,"_monsterinsights_sitenote_note":"","_monsterinsights_sitenote_category":0,"footnotes":""},"categories":[11175],"tags":[4149,11228,11191,11189,11181,11192],"features":[],"class_list":{"0":"post-48283","1":"page","2":"type-page","3":"status-publish","4":"has-post-thumbnail","6":"category-piattaforme-per-influencer-marketing","7":"tag-influencer-marketing-it","8":"tag-julius","9":"tag-piattaforma-per-influencer-marketing","10":"tag-programma-per-influencer-marketing","11":"tag-software-per-influencer-marketing","12":"tag-soluzione-per-influencer-marketing"},"wppr_data":{"cwp_meta_box_check":"Yes","cwp_rev_product_name":"","cwp_rev_product_image":"","cwp_image_link":"image","cwp_rev_price":"","wppr_rating":"0.00"},"acf":[],"yoast_head":"<!-- This site is optimized with the Yoast SEO plugin v27.4 - https:\/\/yoast.com\/product\/yoast-seo-wordpress\/ -->\n<title>Julius: recensione software per influencer marketing - Accurate Reviews<\/title>\n<meta name=\"description\" content=\"Julius: recensione soluzione di marketing per influencer basata su cloud, che aiuta le aziende a cercare profili di influencer sui social.\" \/>\n<meta name=\"robots\" content=\"index, follow, max-snippet:-1, max-image-preview:large, max-video-preview:-1\" \/>\n<link rel=\"canonical\" href=\"https:\/\/www.accuratereviews.com\/it\/piattaforme-influencer-marketing\/julius-recensione\/\" \/>\n<meta property=\"og:locale\" content=\"it_IT\" \/>\n<meta property=\"og:type\" content=\"article\" \/>\n<meta property=\"og:title\" content=\"Julius: recensione software per influencer marketing - Accurate Reviews\" \/>\n<meta property=\"og:description\" content=\"Julius: recensione soluzione di marketing per influencer basata su cloud, che aiuta le aziende a cercare profili di influencer sui social.\" \/>\n<meta property=\"og:url\" content=\"https:\/\/www.accuratereviews.com\/it\/piattaforme-influencer-marketing\/julius-recensione\/\" \/>\n<meta property=\"og:site_name\" content=\"Accurate Reviews\" \/>\n<meta property=\"og:image\" content=\"https:\/\/www.accuratereviews.com\/wp-content\/uploads\/2021\/09\/Julius.jpeg\" \/>\n\t<meta property=\"og:image:width\" content=\"200\" \/>\n\t<meta property=\"og:image:height\" content=\"200\" \/>\n\t<meta property=\"og:image:type\" content=\"image\/jpeg\" \/>\n<meta name=\"twitter:card\" content=\"summary_large_image\" \/>\n<meta name=\"twitter:label1\" content=\"Tempo di lettura stimato\" \/>\n\t<meta name=\"twitter:data1\" content=\"3 minuti\" \/>\n<script type=\"application\/ld+json\" class=\"yoast-schema-graph\">{\"@context\":\"https:\\\/\\\/schema.org\",\"@graph\":[{\"@type\":\"WebPage\",\"@id\":\"https:\\\/\\\/www.accuratereviews.com\\\/it\\\/piattaforme-influencer-marketing\\\/julius-recensione\\\/\",\"url\":\"https:\\\/\\\/www.accuratereviews.com\\\/it\\\/piattaforme-influencer-marketing\\\/julius-recensione\\\/\",\"name\":\"Julius: recensione software per influencer marketing - Accurate Reviews\",\"isPartOf\":{\"@id\":\"https:\\\/\\\/www.accuratereviews.com\\\/it\\\/#website\"},\"primaryImageOfPage\":{\"@id\":\"https:\\\/\\\/www.accuratereviews.com\\\/it\\\/piattaforme-influencer-marketing\\\/julius-recensione\\\/#primaryimage\"},\"image\":{\"@id\":\"https:\\\/\\\/www.accuratereviews.com\\\/it\\\/piattaforme-influencer-marketing\\\/julius-recensione\\\/#primaryimage\"},\"thumbnailUrl\":\"https:\\\/\\\/www.accuratereviews.com\\\/wp-content\\\/uploads\\\/2021\\\/09\\\/Julius.jpeg\",\"datePublished\":\"2021-09-28T14:12:05+00:00\",\"description\":\"Julius: recensione soluzione di marketing per influencer basata su cloud, che aiuta le aziende a cercare profili di influencer sui social.\",\"breadcrumb\":{\"@id\":\"https:\\\/\\\/www.accuratereviews.com\\\/it\\\/piattaforme-influencer-marketing\\\/julius-recensione\\\/#breadcrumb\"},\"inLanguage\":\"it-IT\",\"potentialAction\":[{\"@type\":\"ReadAction\",\"target\":[\"https:\\\/\\\/www.accuratereviews.com\\\/it\\\/piattaforme-influencer-marketing\\\/julius-recensione\\\/\"]}]},{\"@type\":\"ImageObject\",\"inLanguage\":\"it-IT\",\"@id\":\"https:\\\/\\\/www.accuratereviews.com\\\/it\\\/piattaforme-influencer-marketing\\\/julius-recensione\\\/#primaryimage\",\"url\":\"https:\\\/\\\/www.accuratereviews.com\\\/wp-content\\\/uploads\\\/2021\\\/09\\\/Julius.jpeg\",\"contentUrl\":\"https:\\\/\\\/www.accuratereviews.com\\\/wp-content\\\/uploads\\\/2021\\\/09\\\/Julius.jpeg\",\"width\":200,\"height\":200},{\"@type\":\"BreadcrumbList\",\"@id\":\"https:\\\/\\\/www.accuratereviews.com\\\/it\\\/piattaforme-influencer-marketing\\\/julius-recensione\\\/#breadcrumb\",\"itemListElement\":[{\"@type\":\"ListItem\",\"position\":1,\"name\":\"Home\",\"item\":\"https:\\\/\\\/www.accuratereviews.com\\\/it\\\/\"},{\"@type\":\"ListItem\",\"position\":2,\"name\":\"Piattaforme per influencer marketing\",\"item\":\"https:\\\/\\\/www.accuratereviews.com\\\/it\\\/piattaforme-influencer-marketing\\\/\"},{\"@type\":\"ListItem\",\"position\":3,\"name\":\"Julius\"}]},{\"@type\":\"WebSite\",\"@id\":\"https:\\\/\\\/www.accuratereviews.com\\\/it\\\/#website\",\"url\":\"https:\\\/\\\/www.accuratereviews.com\\\/it\\\/\",\"name\":\"Accurate Reviews\",\"description\":\"\",\"potentialAction\":[{\"@type\":\"SearchAction\",\"target\":{\"@type\":\"EntryPoint\",\"urlTemplate\":\"https:\\\/\\\/www.accuratereviews.com\\\/it\\\/?s={search_term_string}\"},\"query-input\":{\"@type\":\"PropertyValueSpecification\",\"valueRequired\":true,\"valueName\":\"search_term_string\"}}],\"inLanguage\":\"it-IT\"}]}<\/script>\n<!-- \/ Yoast SEO plugin. -->","yoast_head_json":{"title":"Julius: recensione software per influencer marketing - Accurate Reviews","description":"Julius: recensione soluzione di marketing per influencer basata su cloud, che aiuta le aziende a cercare profili di influencer sui social.","robots":{"index":"index","follow":"follow","max-snippet":"max-snippet:-1","max-image-preview":"max-image-preview:large","max-video-preview":"max-video-preview:-1"},"canonical":"https:\/\/www.accuratereviews.com\/it\/piattaforme-influencer-marketing\/julius-recensione\/","og_locale":"it_IT","og_type":"article","og_title":"Julius: recensione software per influencer marketing - Accurate Reviews","og_description":"Julius: recensione soluzione di marketing per influencer basata su cloud, che aiuta le aziende a cercare profili di influencer sui social.","og_url":"https:\/\/www.accuratereviews.com\/it\/piattaforme-influencer-marketing\/julius-recensione\/","og_site_name":"Accurate Reviews","og_image":[{"width":200,"height":200,"url":"https:\/\/www.accuratereviews.com\/wp-content\/uploads\/2021\/09\/Julius.jpeg","type":"image\/jpeg"}],"twitter_card":"summary_large_image","twitter_misc":{"Tempo di lettura stimato":"3 minuti"},"schema":{"@context":"https:\/\/schema.org","@graph":[{"@type":"WebPage","@id":"https:\/\/www.accuratereviews.com\/it\/piattaforme-influencer-marketing\/julius-recensione\/","url":"https:\/\/www.accuratereviews.com\/it\/piattaforme-influencer-marketing\/julius-recensione\/","name":"Julius: recensione software per influencer marketing - Accurate Reviews","isPartOf":{"@id":"https:\/\/www.accuratereviews.com\/it\/#website"},"primaryImageOfPage":{"@id":"https:\/\/www.accuratereviews.com\/it\/piattaforme-influencer-marketing\/julius-recensione\/#primaryimage"},"image":{"@id":"https:\/\/www.accuratereviews.com\/it\/piattaforme-influencer-marketing\/julius-recensione\/#primaryimage"},"thumbnailUrl":"https:\/\/www.accuratereviews.com\/wp-content\/uploads\/2021\/09\/Julius.jpeg","datePublished":"2021-09-28T14:12:05+00:00","description":"Julius: recensione soluzione di marketing per influencer basata su cloud, che aiuta le aziende a cercare profili di influencer sui social.","breadcrumb":{"@id":"https:\/\/www.accuratereviews.com\/it\/piattaforme-influencer-marketing\/julius-recensione\/#breadcrumb"},"inLanguage":"it-IT","potentialAction":[{"@type":"ReadAction","target":["https:\/\/www.accuratereviews.com\/it\/piattaforme-influencer-marketing\/julius-recensione\/"]}]},{"@type":"ImageObject","inLanguage":"it-IT","@id":"https:\/\/www.accuratereviews.com\/it\/piattaforme-influencer-marketing\/julius-recensione\/#primaryimage","url":"https:\/\/www.accuratereviews.com\/wp-content\/uploads\/2021\/09\/Julius.jpeg","contentUrl":"https:\/\/www.accuratereviews.com\/wp-content\/uploads\/2021\/09\/Julius.jpeg","width":200,"height":200},{"@type":"BreadcrumbList","@id":"https:\/\/www.accuratereviews.com\/it\/piattaforme-influencer-marketing\/julius-recensione\/#breadcrumb","itemListElement":[{"@type":"ListItem","position":1,"name":"Home","item":"https:\/\/www.accuratereviews.com\/it\/"},{"@type":"ListItem","position":2,"name":"Piattaforme per influencer marketing","item":"https:\/\/www.accuratereviews.com\/it\/piattaforme-influencer-marketing\/"},{"@type":"ListItem","position":3,"name":"Julius"}]},{"@type":"WebSite","@id":"https:\/\/www.accuratereviews.com\/it\/#website","url":"https:\/\/www.accuratereviews.com\/it\/","name":"Accurate Reviews","description":"","potentialAction":[{"@type":"SearchAction","target":{"@type":"EntryPoint","urlTemplate":"https:\/\/www.accuratereviews.com\/it\/?s={search_term_string}"},"query-input":{"@type":"PropertyValueSpecification","valueRequired":true,"valueName":"search_term_string"}}],"inLanguage":"it-IT"}]}},"_links":{"self":[{"href":"https:\/\/www.accuratereviews.com\/it\/wp-json\/wp\/v2\/pages\/48283","targetHints":{"allow":["GET"]}}],"collection":[{"href":"https:\/\/www.accuratereviews.com\/it\/wp-json\/wp\/v2\/pages"}],"about":[{"href":"https:\/\/www.accuratereviews.com\/it\/wp-json\/wp\/v2\/types\/page"}],"author":[{"embeddable":true,"href":"https:\/\/www.accuratereviews.com\/it\/wp-json\/wp\/v2\/users\/16"}],"replies":[{"embeddable":true,"href":"https:\/\/www.accuratereviews.com\/it\/wp-json\/wp\/v2\/comments?post=48283"}],"version-history":[{"count":9,"href":"https:\/\/www.accuratereviews.com\/it\/wp-json\/wp\/v2\/pages\/48283\/revisions"}],"predecessor-version":[{"id":48327,"href":"https:\/\/www.accuratereviews.com\/it\/wp-json\/wp\/v2\/pages\/48283\/revisions\/48327"}],"up":[{"embeddable":true,"href":"https:\/\/www.accuratereviews.com\/it\/wp-json\/wp\/v2\/pages\/48041"}],"wp:featuredmedia":[{"embeddable":true,"href":"https:\/\/www.accuratereviews.com\/it\/wp-json\/wp\/v2\/media\/48285"}],"wp:attachment":[{"href":"https:\/\/www.accuratereviews.com\/it\/wp-json\/wp\/v2\/media?parent=48283"}],"wp:term":[{"taxonomy":"category","embeddable":true,"href":"https:\/\/www.accuratereviews.com\/it\/wp-json\/wp\/v2\/categories?post=48283"},{"taxonomy":"post_tag","embeddable":true,"href":"https:\/\/www.accuratereviews.com\/it\/wp-json\/wp\/v2\/tags?post=48283"},{"taxonomy":"features","embeddable":true,"href":"https:\/\/www.accuratereviews.com\/it\/wp-json\/wp\/v2\/features?post=48283"}],"curies":[{"name":"wp","href":"https:\/\/api.w.org\/{rel}","templated":true}]}}