{"id":48299,"date":"2021-09-28T14:05:07","date_gmt":"2021-09-28T14:05:07","guid":{"rendered":"https:\/\/www.accuratereviews.com\/?page_id=48299"},"modified":"2021-09-28T14:05:07","modified_gmt":"2021-09-28T14:05:07","slug":"lumanu-recensione","status":"publish","type":"page","link":"https:\/\/www.accuratereviews.com\/it\/piattaforme-influencer-marketing\/lumanu-recensione\/","title":{"rendered":"Lumanu"},"content":{"rendered":"<p><strong>Lumanu<\/strong> \u00e8 un <strong>software per influencer marketing<\/strong> sviluppato da creatori di contenuti per creatori di contenuti con l&#8217;obiettivo di snellire non solo il lavoro e le collaborazioni, ma anche l&#8217;intero sistema di pagamento. Si rivolge a due categorie specifiche: quella dei creatori di contenuti, che comprende influencer, musicisti, atleti, artisti, fotografi e streamer e quella dei brand, che comprende growth marketer, influencer manager, e-commerce marketer e paid social manager.<br \/>\n<strong>Lumanu<\/strong> offre una soluzione completa e innovativa che consente di semplificare la partnership creatore-brand dall&#8217;inizio alla fine facendoti risparmiare tempo che potrai investire sull&#8217;amplificazione di contenuti d&#8217;impatto, sul raggiungimento di un nuovo pubblico, sull&#8217;aumento delle entrate e molto altro ancora.<\/p>\n<h2>LUMANU &#8211; TUTORIAL<\/h2>\n<p>Diamo un&#8217;occhiata a questo video per capire meglio come funziona questa\u00a0<strong>piattaforma per influencer marketing<\/strong>:<\/p>\n<div id=\"fluid-wrapper-counter-1\" class=\"g1-fluid-wrapper \" style=\"width:686px;\">\n<div style=\"padding-bottom:56.268221574344%;\"><iframe loading=\"lazy\" title=\"Lumanu Demo Video\" width=\"686\" height=\"386\" src=\"https:\/\/www.youtube.com\/embed\/aXV4-fJT4dU?feature=oembed&amp;wmode=transparent&amp;autohide=1&amp;autoplay=0&amp;disablekb=0&amp;fs=1&amp;loop=0&amp;enablejsapi=1&amp;rel=0&amp;controls=2&amp;showinfo=0&amp;wmode=transparent&amp;autohide=2&amp;autoplay=0&amp;disablekb=0&amp;fs=1&amp;loop=0&amp;enablejsapi=1&amp;rel=0&amp;controls=2&amp;showinfo=1\" frameborder=\"0\" allow=\"accelerometer; autoplay; clipboard-write; encrypted-media; gyroscope; picture-in-picture\" allowfullscreen><\/iframe><\/div>\n<\/div>\n<h3>LUMANU &#8211; CARATTERISTICHE<\/h3>\n<ul>\n<li>Per gli influencer:<br \/>\n&#8211; <strong>Collaborazioni<\/strong>: gestisci tutte le tue collaborazioni in un unico posto. Concedi e revoca l&#8217;accesso agli inserzionisti in pochi secondi<br \/>\n&#8211; <strong>EarlyPay<\/strong>: vieni pagato in pochi minuti per le tue collaborazioni con i brand senza pi\u00f9 aspettare 30 o 60 giorni<br \/>\n&#8211; <strong>Pagamenti<\/strong>: smetti di pagare tariffe folli per soldi che dovrebbero essere nelle tue tasche<\/li>\n<li>Per i brand:<br \/>\n&#8211; <strong>Pagamenti<\/strong>: pagare gli influencer dovrebbe essere semplice e sicuro. Lumanu elimina il bisogno di rintracciare le fatture e di elaborare i documenti fiscali<br \/>\n&#8211; <strong>Accesso pubblicitario<\/strong>: crea facilmente annunci di influencer di brand e di pubblico simile<br \/>\n&#8211; <strong>Content Manager<\/strong>: gestisci tutti i contenuti dei tuoi influencer in una comoda dashboard. Lumanu fa emergere ed etichetta automaticamente i contenuti man mano che vengono pubblicati sui social media dai tuoi influencer<br \/>\n&#8211; <strong>SmartBoost<\/strong>: d\u00ec addio a Facebook Ads Manager. Usa il nuovo strumento innovativo per automatizzare e lanciare facilmente campagne pubblicitarie di influencer di brand su Facebook e Instagram.<\/li>\n<\/ul>\n<h4>LE RECENSIONI DEGLI UTENTI<\/h4>\n<p><strong>Katie H. &#8220;Servizio fantastico per la tua azienda!&#8221;<\/strong><br \/>\nPRO: ci \u00e8 piaciuto molto collegare i nostri influencer attraverso Lumanu come una via di mezzo per gli annunci a pagamento sui social media. \u00c8 stato un processo super semplice sia dal punto di vista amministrativo che da quello del creatore di contenuti. Amiamo anche il loro team di assistenza clienti perch\u00e9 sono estremamente competenti e disposti ad aiutarci con qualsiasi cosa di cui abbiamo bisogno.<br \/>\nCONTRO: l&#8217;unica cosa che abbiamo trovato un po&#8217; difficile \u00e8 essere in grado di rispondere ai commenti degli annunci sui post dei creatori per garantire che le voci dei potenziali clienti siano ascoltate e riconosciute.<\/p>\n<p><strong>Erin S. &#8220;Amo Lumanu!&#8221;<\/strong><br \/>\nCOMMENTI: utilizzo Lumanu da pi\u00f9 di due anni per quanto riguarda l&#8217;agenzia. Lo consiglio vivamente ad altre aziende. Il loro servizio clienti \u00e8 parte della ragione per cui amo cos\u00ec tanto usare questa piattaforma!<br \/>\nPRO: il servizio clienti \u00e8 il migliore! Vorrei che altre piattaforme avessero un servizio clienti altrettanto buono. Nel complesso, la piattaforma \u00e8 affidabile e sta al passo con gli aggiornamenti di Instagram.<br \/>\nCONTRO: vorrei che ci fosse un modo per l&#8217;utente di risolvere il problema quando i loro account non sono collegati, invece di dover contattare qualcuno a Lumanu per capirlo.<\/p>\n<p><strong>Katie C. &#8220;Primally Pure x Lumanu&#8221;<\/strong><br \/>\nCOMMENTI: il team \u00e8 super piacevole e il processo di connessione \u00e8 un gioco da ragazzi! Sarebbe bello aggiungere alcune funzionalit\u00e0 come l&#8217;influencer discovery e pi\u00f9 filtri con i contenuti.<br \/>\nPRO: la facilit\u00e0 di far connettere gli influencer alla piattaforma!<br \/>\nCONTRO: l&#8217;assenza dell&#8217;influencer discovery e l&#8217;incapacit\u00e0 di filtrare i contenuti (difficile da filtrare!)<\/p>\n","protected":false},"excerpt":{"rendered":"<p>Lumanu \u00e8 un software per influencer marketing sviluppato da creatori di contenuti per creatori di contenuti con l&#8217;obiettivo di snellire non solo il lavoro e le collaborazioni, ma anche l&#8217;intero sistema di pagamento. Si rivolge a due categorie specifiche: quella dei creatori di contenuti e quella dei brand.<\/p>\n","protected":false},"author":17,"featured_media":48300,"parent":48041,"menu_order":0,"comment_status":"open","ping_status":"closed","template":"g1_template_page_review_new.php","meta":{"_acf_changed":false,"cwp_meta_box_check":"No","cwp_rev_product_name":"","cwp_rev_product_image":"","wppr_links":[],"cwp_rev_price":"","wppr_options":[],"wppr_pros":[],"wppr_cons":[],"_monsterinsights_skip_tracking":false,"_monsterinsights_sitenote_active":false,"_monsterinsights_sitenote_note":"","_monsterinsights_sitenote_category":0,"footnotes":""},"categories":[11175],"tags":[1088,1087,4149,11191,11180,11189,11181,11192],"features":[],"class_list":{"0":"post-48299","1":"page","2":"type-page","3":"status-publish","4":"has-post-thumbnail","6":"category-piattaforme-per-influencer-marketing","7":"tag-digital-influencer","8":"tag-influencer","9":"tag-influencer-marketing-it","10":"tag-piattaforma-per-influencer-marketing","11":"tag-piattaforme-per-influencer-marketing","12":"tag-programma-per-influencer-marketing","13":"tag-software-per-influencer-marketing","14":"tag-soluzione-per-influencer-marketing"},"wppr_data":{"cwp_meta_box_check":"No"},"acf":[],"yoast_head":"<!-- This site is optimized with the Yoast SEO plugin v27.4 - https:\/\/yoast.com\/product\/yoast-seo-wordpress\/ -->\n<title>Lumanu: recensione software influencer marketing - Accurate Reviews<\/title>\n<meta name=\"description\" content=\"Lumanu: recensione del software per influencer marketing sviluppato da creatori di contenuti per creatori di contenuti.\" \/>\n<meta name=\"robots\" content=\"index, follow, max-snippet:-1, max-image-preview:large, max-video-preview:-1\" \/>\n<link rel=\"canonical\" href=\"https:\/\/www.accuratereviews.com\/it\/piattaforme-influencer-marketing\/lumanu-recensione\/\" \/>\n<meta property=\"og:locale\" content=\"it_IT\" \/>\n<meta property=\"og:type\" content=\"article\" \/>\n<meta property=\"og:title\" content=\"Lumanu: recensione software influencer marketing - Accurate Reviews\" \/>\n<meta property=\"og:description\" content=\"Lumanu: recensione del software per influencer marketing sviluppato da creatori di contenuti per creatori di contenuti.\" \/>\n<meta property=\"og:url\" content=\"https:\/\/www.accuratereviews.com\/it\/piattaforme-influencer-marketing\/lumanu-recensione\/\" \/>\n<meta property=\"og:site_name\" content=\"Accurate Reviews\" \/>\n<meta property=\"og:image\" content=\"https:\/\/www.accuratereviews.com\/wp-content\/uploads\/2021\/09\/5fe39a7bbb0dc06a405a9720_1200-x-630-Lumanu-Logo.png\" \/>\n\t<meta property=\"og:image:width\" content=\"1200\" \/>\n\t<meta property=\"og:image:height\" content=\"630\" \/>\n\t<meta property=\"og:image:type\" content=\"image\/png\" \/>\n<meta name=\"twitter:card\" content=\"summary_large_image\" \/>\n<meta name=\"twitter:label1\" content=\"Tempo di lettura stimato\" \/>\n\t<meta name=\"twitter:data1\" content=\"3 minuti\" \/>\n<script type=\"application\/ld+json\" class=\"yoast-schema-graph\">{\"@context\":\"https:\\\/\\\/schema.org\",\"@graph\":[{\"@type\":\"WebPage\",\"@id\":\"https:\\\/\\\/www.accuratereviews.com\\\/it\\\/piattaforme-influencer-marketing\\\/lumanu-recensione\\\/\",\"url\":\"https:\\\/\\\/www.accuratereviews.com\\\/it\\\/piattaforme-influencer-marketing\\\/lumanu-recensione\\\/\",\"name\":\"Lumanu: recensione software influencer marketing - Accurate Reviews\",\"isPartOf\":{\"@id\":\"https:\\\/\\\/www.accuratereviews.com\\\/it\\\/#website\"},\"primaryImageOfPage\":{\"@id\":\"https:\\\/\\\/www.accuratereviews.com\\\/it\\\/piattaforme-influencer-marketing\\\/lumanu-recensione\\\/#primaryimage\"},\"image\":{\"@id\":\"https:\\\/\\\/www.accuratereviews.com\\\/it\\\/piattaforme-influencer-marketing\\\/lumanu-recensione\\\/#primaryimage\"},\"thumbnailUrl\":\"https:\\\/\\\/www.accuratereviews.com\\\/wp-content\\\/uploads\\\/2021\\\/09\\\/5fe39a7bbb0dc06a405a9720_1200-x-630-Lumanu-Logo.png\",\"datePublished\":\"2021-09-28T14:05:07+00:00\",\"description\":\"Lumanu: recensione del software per influencer marketing sviluppato da creatori di contenuti per creatori di contenuti.\",\"breadcrumb\":{\"@id\":\"https:\\\/\\\/www.accuratereviews.com\\\/it\\\/piattaforme-influencer-marketing\\\/lumanu-recensione\\\/#breadcrumb\"},\"inLanguage\":\"it-IT\",\"potentialAction\":[{\"@type\":\"ReadAction\",\"target\":[\"https:\\\/\\\/www.accuratereviews.com\\\/it\\\/piattaforme-influencer-marketing\\\/lumanu-recensione\\\/\"]}]},{\"@type\":\"ImageObject\",\"inLanguage\":\"it-IT\",\"@id\":\"https:\\\/\\\/www.accuratereviews.com\\\/it\\\/piattaforme-influencer-marketing\\\/lumanu-recensione\\\/#primaryimage\",\"url\":\"https:\\\/\\\/www.accuratereviews.com\\\/wp-content\\\/uploads\\\/2021\\\/09\\\/5fe39a7bbb0dc06a405a9720_1200-x-630-Lumanu-Logo.png\",\"contentUrl\":\"https:\\\/\\\/www.accuratereviews.com\\\/wp-content\\\/uploads\\\/2021\\\/09\\\/5fe39a7bbb0dc06a405a9720_1200-x-630-Lumanu-Logo.png\",\"width\":1200,\"height\":630},{\"@type\":\"BreadcrumbList\",\"@id\":\"https:\\\/\\\/www.accuratereviews.com\\\/it\\\/piattaforme-influencer-marketing\\\/lumanu-recensione\\\/#breadcrumb\",\"itemListElement\":[{\"@type\":\"ListItem\",\"position\":1,\"name\":\"Home\",\"item\":\"https:\\\/\\\/www.accuratereviews.com\\\/it\\\/\"},{\"@type\":\"ListItem\",\"position\":2,\"name\":\"Piattaforme per influencer marketing\",\"item\":\"https:\\\/\\\/www.accuratereviews.com\\\/it\\\/piattaforme-influencer-marketing\\\/\"},{\"@type\":\"ListItem\",\"position\":3,\"name\":\"Lumanu\"}]},{\"@type\":\"WebSite\",\"@id\":\"https:\\\/\\\/www.accuratereviews.com\\\/it\\\/#website\",\"url\":\"https:\\\/\\\/www.accuratereviews.com\\\/it\\\/\",\"name\":\"Accurate Reviews\",\"description\":\"\",\"potentialAction\":[{\"@type\":\"SearchAction\",\"target\":{\"@type\":\"EntryPoint\",\"urlTemplate\":\"https:\\\/\\\/www.accuratereviews.com\\\/it\\\/?s={search_term_string}\"},\"query-input\":{\"@type\":\"PropertyValueSpecification\",\"valueRequired\":true,\"valueName\":\"search_term_string\"}}],\"inLanguage\":\"it-IT\"}]}<\/script>\n<!-- \/ Yoast SEO plugin. -->","yoast_head_json":{"title":"Lumanu: recensione software influencer marketing - Accurate Reviews","description":"Lumanu: recensione del software per influencer marketing sviluppato da creatori di contenuti per creatori di contenuti.","robots":{"index":"index","follow":"follow","max-snippet":"max-snippet:-1","max-image-preview":"max-image-preview:large","max-video-preview":"max-video-preview:-1"},"canonical":"https:\/\/www.accuratereviews.com\/it\/piattaforme-influencer-marketing\/lumanu-recensione\/","og_locale":"it_IT","og_type":"article","og_title":"Lumanu: recensione software influencer marketing - Accurate Reviews","og_description":"Lumanu: recensione del software per influencer marketing sviluppato da creatori di contenuti per creatori di contenuti.","og_url":"https:\/\/www.accuratereviews.com\/it\/piattaforme-influencer-marketing\/lumanu-recensione\/","og_site_name":"Accurate Reviews","og_image":[{"width":1200,"height":630,"url":"https:\/\/www.accuratereviews.com\/wp-content\/uploads\/2021\/09\/5fe39a7bbb0dc06a405a9720_1200-x-630-Lumanu-Logo.png","type":"image\/png"}],"twitter_card":"summary_large_image","twitter_misc":{"Tempo di lettura stimato":"3 minuti"},"schema":{"@context":"https:\/\/schema.org","@graph":[{"@type":"WebPage","@id":"https:\/\/www.accuratereviews.com\/it\/piattaforme-influencer-marketing\/lumanu-recensione\/","url":"https:\/\/www.accuratereviews.com\/it\/piattaforme-influencer-marketing\/lumanu-recensione\/","name":"Lumanu: recensione software influencer marketing - Accurate Reviews","isPartOf":{"@id":"https:\/\/www.accuratereviews.com\/it\/#website"},"primaryImageOfPage":{"@id":"https:\/\/www.accuratereviews.com\/it\/piattaforme-influencer-marketing\/lumanu-recensione\/#primaryimage"},"image":{"@id":"https:\/\/www.accuratereviews.com\/it\/piattaforme-influencer-marketing\/lumanu-recensione\/#primaryimage"},"thumbnailUrl":"https:\/\/www.accuratereviews.com\/wp-content\/uploads\/2021\/09\/5fe39a7bbb0dc06a405a9720_1200-x-630-Lumanu-Logo.png","datePublished":"2021-09-28T14:05:07+00:00","description":"Lumanu: recensione del software per influencer marketing sviluppato da creatori di contenuti per creatori di contenuti.","breadcrumb":{"@id":"https:\/\/www.accuratereviews.com\/it\/piattaforme-influencer-marketing\/lumanu-recensione\/#breadcrumb"},"inLanguage":"it-IT","potentialAction":[{"@type":"ReadAction","target":["https:\/\/www.accuratereviews.com\/it\/piattaforme-influencer-marketing\/lumanu-recensione\/"]}]},{"@type":"ImageObject","inLanguage":"it-IT","@id":"https:\/\/www.accuratereviews.com\/it\/piattaforme-influencer-marketing\/lumanu-recensione\/#primaryimage","url":"https:\/\/www.accuratereviews.com\/wp-content\/uploads\/2021\/09\/5fe39a7bbb0dc06a405a9720_1200-x-630-Lumanu-Logo.png","contentUrl":"https:\/\/www.accuratereviews.com\/wp-content\/uploads\/2021\/09\/5fe39a7bbb0dc06a405a9720_1200-x-630-Lumanu-Logo.png","width":1200,"height":630},{"@type":"BreadcrumbList","@id":"https:\/\/www.accuratereviews.com\/it\/piattaforme-influencer-marketing\/lumanu-recensione\/#breadcrumb","itemListElement":[{"@type":"ListItem","position":1,"name":"Home","item":"https:\/\/www.accuratereviews.com\/it\/"},{"@type":"ListItem","position":2,"name":"Piattaforme per influencer marketing","item":"https:\/\/www.accuratereviews.com\/it\/piattaforme-influencer-marketing\/"},{"@type":"ListItem","position":3,"name":"Lumanu"}]},{"@type":"WebSite","@id":"https:\/\/www.accuratereviews.com\/it\/#website","url":"https:\/\/www.accuratereviews.com\/it\/","name":"Accurate Reviews","description":"","potentialAction":[{"@type":"SearchAction","target":{"@type":"EntryPoint","urlTemplate":"https:\/\/www.accuratereviews.com\/it\/?s={search_term_string}"},"query-input":{"@type":"PropertyValueSpecification","valueRequired":true,"valueName":"search_term_string"}}],"inLanguage":"it-IT"}]}},"_links":{"self":[{"href":"https:\/\/www.accuratereviews.com\/it\/wp-json\/wp\/v2\/pages\/48299","targetHints":{"allow":["GET"]}}],"collection":[{"href":"https:\/\/www.accuratereviews.com\/it\/wp-json\/wp\/v2\/pages"}],"about":[{"href":"https:\/\/www.accuratereviews.com\/it\/wp-json\/wp\/v2\/types\/page"}],"author":[{"embeddable":true,"href":"https:\/\/www.accuratereviews.com\/it\/wp-json\/wp\/v2\/users\/17"}],"replies":[{"embeddable":true,"href":"https:\/\/www.accuratereviews.com\/it\/wp-json\/wp\/v2\/comments?post=48299"}],"version-history":[{"count":5,"href":"https:\/\/www.accuratereviews.com\/it\/wp-json\/wp\/v2\/pages\/48299\/revisions"}],"predecessor-version":[{"id":48325,"href":"https:\/\/www.accuratereviews.com\/it\/wp-json\/wp\/v2\/pages\/48299\/revisions\/48325"}],"up":[{"embeddable":true,"href":"https:\/\/www.accuratereviews.com\/it\/wp-json\/wp\/v2\/pages\/48041"}],"wp:featuredmedia":[{"embeddable":true,"href":"https:\/\/www.accuratereviews.com\/it\/wp-json\/wp\/v2\/media\/48300"}],"wp:attachment":[{"href":"https:\/\/www.accuratereviews.com\/it\/wp-json\/wp\/v2\/media?parent=48299"}],"wp:term":[{"taxonomy":"category","embeddable":true,"href":"https:\/\/www.accuratereviews.com\/it\/wp-json\/wp\/v2\/categories?post=48299"},{"taxonomy":"post_tag","embeddable":true,"href":"https:\/\/www.accuratereviews.com\/it\/wp-json\/wp\/v2\/tags?post=48299"},{"taxonomy":"features","embeddable":true,"href":"https:\/\/www.accuratereviews.com\/it\/wp-json\/wp\/v2\/features?post=48299"}],"curies":[{"name":"wp","href":"https:\/\/api.w.org\/{rel}","templated":true}]}}