{"id":48341,"date":"2021-09-29T13:31:32","date_gmt":"2021-09-29T13:31:32","guid":{"rendered":"https:\/\/www.accuratereviews.com\/?page_id=48341"},"modified":"2021-09-29T13:31:32","modified_gmt":"2021-09-29T13:31:32","slug":"pitchbox-recensione","status":"publish","type":"page","link":"https:\/\/www.accuratereviews.com\/it\/piattaforme-influencer-marketing\/pitchbox-recensione\/","title":{"rendered":"Pitchbox"},"content":{"rendered":"<p><strong>Pitchbox<\/strong> \u00e8 una <strong>soluzione di marketing dei contenuti<\/strong> e di sensibilizzazione degli <strong>influencer<\/strong> che consente alle agenzie di marketing o ai dipartimenti SEO di trovare l&#8217;influencer giusto per promuovere i propri contenuti e diffondere la consapevolezza del proprio marchio. <strong>PitchBox<\/strong> \u00e8 in grado di integrarsi con i provider SEO per ricevere risultati affidabili e sicuri per il marchio. Le caratteristiche principali includono campagne di sensibilizzazione, modelli di posta elettronica personalizzabili, flussi di lavoro automatizzati e report per tutte le fasi del processo di sensibilizzazione. Con la funzionalit\u00e0 di analisi delle parole chiave, Pitchbox \u00e8 in grado di restringere le ricerche e visualizzare un elenco di opportunit\u00e0. I gestori delle campagne possono contattare qualsiasi influencer e inviare automaticamente follow-up e risposte utilizzando modelli di email personalizzabili per flussi di lavoro automatizzati.<\/p>\n<h2>PITCHBOX &#8211; TUTORIAL<\/h2>\n<p>Ecco un breve video su come utilizzare questo software per influencer marketing:<\/p>\n<div id=\"fluid-wrapper-counter-1\" class=\"g1-fluid-wrapper \" style=\"width:686px;\">\n<div style=\"padding-bottom:56.268221574344%;\"><iframe loading=\"lazy\" title=\"Introducing Chasebox\u2122\" width=\"686\" height=\"386\" src=\"https:\/\/www.youtube.com\/embed\/pDEzV4BnMKk?feature=oembed&amp;wmode=transparent&amp;autohide=1&amp;autoplay=0&amp;disablekb=0&amp;fs=1&amp;loop=0&amp;enablejsapi=1&amp;rel=0&amp;controls=2&amp;showinfo=0&amp;wmode=transparent&amp;autohide=2&amp;autoplay=0&amp;disablekb=0&amp;fs=1&amp;loop=0&amp;enablejsapi=1&amp;rel=0&amp;controls=2&amp;showinfo=1\" frameborder=\"0\" allow=\"accelerometer; autoplay; clipboard-write; encrypted-media; gyroscope; picture-in-picture\" allowfullscreen><\/iframe><\/div>\n<\/div>\n<h3>PITCHBOX &#8211; CARATTERISTICHE<\/h3>\n<ul>\n<li><strong>Flusso di lavoro basato sulle competenze<\/strong>: il flusso di lavoro si basa sulla metodologia GTD e sui principi orientati ai processi, semplificando le operazioni del tuo team sono super efficienti in base alla progettazione<\/li>\n<li><strong>Sensibilizzazione e follow-up<\/strong>: la piattaforma combina la potenza di SmartTemplates\u2122, sequenziamento email, NSP (Natural Sending Patterns\u2122) e personalizzazione per garantire che le tue campagne di sensibilizzazione producano tassi di consegna e di risposta superiori<\/li>\n<li><strong>Client di posta elettronica SEO<\/strong>: gestisci le comunicazioni tra pi\u00f9 clienti, account di posta elettronica, progetti e campagne. Collabora facilmente con i tuoi compagni di squadra e utilizza le tue metriche SEO preferite integrate direttamente nella Posta in arrivo<\/li>\n<li><strong>Chasebox<\/strong>: un approccio proattivo alla gestione dei lead. Imposta gli inseguimenti per mantenere le tue comunicazioni prioritarie in primo piano e al centro in modo che il tuo team possa inseguire i lead caldi e concludere l&#8217;affare<\/li>\n<li><strong>Integrazioni SEO<\/strong>: i link builder si affidano ai dati SEO per prendere decisioni informate, creare campagne e dare priorit\u00e0 al proprio lavoro. Si integra con tutti i principali strumenti SEO che gi\u00e0 ami e di cui ti fidi: Ahrefs, SEMRush, Majestic, Moz e LinkResearchTools<\/li>\n<li><strong>Ruoli utente basati sulle competenze<\/strong>: ruoli utente integrati in modo da poter gestire facilmente assistenti virtuali, generatori di collegamenti, gestori di sensibilizzazione e amministratori<\/li>\n<li><strong>Rimani organizzato<\/strong>: pianifica, posticipa e collabora facilmente con i tuoi compagni di squadra<\/li>\n<li><strong>Accesso a livello di progetto<\/strong>: limita l&#8217;accesso e proteggi i dati sensibili dei clienti concedendo l&#8217;accesso solo a chi ne ha bisogno<\/li>\n<\/ul>\n<h4>LE RECENSIONI DEGLI UTENTI<\/h4>\n<p class=\"font-weight-bold mb-1 d-flex align-items-center\"><strong>Kyle D.&#8221;Pitchbox \u00e8 fantastico!&#8221;<\/strong><\/p>\n<p><strong>Commenti: <\/strong>Una solida esperienza &#8216;A&#8217;. Lo consiglio vivamente.<\/p>\n<p><strong>Pro: <\/strong>Questo strumento \u00e8 stato molto facile da imparare ed estremamente utile per contattare i webmaster per creare relazioni.<\/p>\n<p><strong>Contro: <\/strong>A volte si sono verificati problemi di connettivit\u00e0 email, ma l&#8217;ottimo team di assistenza clienti di Pitchbox ha contribuito ad alleviare eventuali problemi che stavo riscontrando.<\/p>\n<p class=\"font-weight-bold mb-1 d-flex align-items-center\"><strong>George F.&#8221;Il miglior software per semplificare il tuo processo di link building&#8221;<\/strong><\/p>\n<p><strong>Pro: <\/strong>Pitcbox \u00e8 un ottimo strumento che esegue la scansione del Web e trova opportunit\u00e0 di link building pertinenti ai tuoi contenuti e alla parola chiave principale. Lo adoro perch\u00e9 automatizzer\u00e0 il tuo processo di posta elettronica e ti aiuter\u00e0 a organizzare tutte le tue email in uscita e in arrivo.<\/p>\n<p><strong>Contro: <\/strong>La sua interfaccia utente ha bisogno di qualche rielaborazione. \u00c8 un po&#8217; datato e non molto amichevole per un utente inesperto<\/p>\n<p class=\"font-weight-bold mb-1 d-flex align-items-center\"><strong>Paolo M.&#8221;Pitchbox \u00e8 uno dei miei software di sensibilizzazione per influencer preferiti&#8221;<\/strong><\/p>\n<p><strong>Commenti: <\/strong>Facile da usare e molti ottimi influencer su Pitchbox.<\/p>\n<p><strong>Pro: <\/strong>Pitchbox \u00e8 uno dei miei software di sensibilizzazione per influencer preferiti, ha molti grandi influencer a cui puoi accedere immediatamente.<\/p>\n<p><strong>Contro: <\/strong>Vorrei che ci fosse la possibilit\u00e0 inviare pi\u00f9 inviti a diversi influencer utilizzando diversi filtri automatici.<\/p>\n<p>&nbsp;<\/p>\n","protected":false},"excerpt":{"rendered":"<p>Pitchbox \u00e8 una soluzione di marketing dei contenuti e di sensibilizzazione degli influencer che consente alle agenzie di marketing o ai dipartimenti SEO di trovare l&#8217;influencer giusto per promuovere i propri contenuti e diffondere la consapevolezza del proprio marchio. PitchBox \u00e8 in grado di integrarsi con i provider SEO per ricevere risultati affidabili e sicuri per il marchio.<\/p>\n","protected":false},"author":16,"featured_media":48349,"parent":48041,"menu_order":0,"comment_status":"open","ping_status":"closed","template":"g1_template_page_review_new.php","meta":{"_acf_changed":false,"cwp_meta_box_check":"Yes","cwp_rev_product_name":"","cwp_rev_product_image":"","wppr_links":[],"cwp_rev_price":"","wppr_options":[],"wppr_pros":[],"wppr_cons":[],"_monsterinsights_skip_tracking":false,"_monsterinsights_sitenote_active":false,"_monsterinsights_sitenote_note":"","_monsterinsights_sitenote_category":0,"footnotes":""},"categories":[11175],"tags":[1418,4149,11234,11232,11233,11191,11189,1411,11181,11192],"features":[],"class_list":{"0":"post-48341","1":"page","2":"type-page","3":"status-publish","4":"has-post-thumbnail","6":"category-piattaforme-per-influencer-marketing","7":"tag-ahrefs","8":"tag-influencer-marketing-it","9":"tag-linkresearchtools","10":"tag-majestic","11":"tag-moz","12":"tag-piattaforma-per-influencer-marketing","13":"tag-programma-per-influencer-marketing","14":"tag-semrush","15":"tag-software-per-influencer-marketing","16":"tag-soluzione-per-influencer-marketing"},"wppr_data":{"cwp_meta_box_check":"Yes","cwp_rev_product_name":"","cwp_rev_product_image":"","cwp_image_link":"image","cwp_rev_price":"","wppr_rating":"0.00"},"acf":[],"yoast_head":"<!-- This site is optimized with the Yoast SEO plugin v27.4 - https:\/\/yoast.com\/product\/yoast-seo-wordpress\/ -->\n<title>Pitchbox: recensione software per influencer marketing - Accurate Reviews<\/title>\n<meta name=\"description\" content=\"Pitchbox: soluzione di marketing dei contenuti che consente alle agenzie pubblicitarie o ai dipartimenti SEO di trovare l&#039;influencer giusto\" \/>\n<meta name=\"robots\" content=\"index, follow, max-snippet:-1, max-image-preview:large, max-video-preview:-1\" \/>\n<link rel=\"canonical\" href=\"https:\/\/www.accuratereviews.com\/it\/piattaforme-influencer-marketing\/pitchbox-recensione\/\" \/>\n<meta property=\"og:locale\" content=\"it_IT\" \/>\n<meta property=\"og:type\" content=\"article\" \/>\n<meta property=\"og:title\" content=\"Pitchbox: recensione software per influencer marketing - Accurate Reviews\" \/>\n<meta property=\"og:description\" content=\"Pitchbox: soluzione di marketing dei contenuti che consente alle agenzie pubblicitarie o ai dipartimenti SEO di trovare l&#039;influencer giusto\" \/>\n<meta property=\"og:url\" content=\"https:\/\/www.accuratereviews.com\/it\/piattaforme-influencer-marketing\/pitchbox-recensione\/\" \/>\n<meta property=\"og:site_name\" content=\"Accurate Reviews\" \/>\n<meta property=\"og:image\" content=\"https:\/\/www.accuratereviews.com\/wp-content\/uploads\/2021\/09\/Pitchbox.png\" \/>\n\t<meta property=\"og:image:width\" content=\"275\" \/>\n\t<meta property=\"og:image:height\" content=\"275\" \/>\n\t<meta property=\"og:image:type\" content=\"image\/png\" \/>\n<meta name=\"twitter:card\" content=\"summary_large_image\" \/>\n<meta name=\"twitter:label1\" content=\"Tempo di lettura stimato\" \/>\n\t<meta name=\"twitter:data1\" content=\"3 minuti\" \/>\n<script type=\"application\/ld+json\" class=\"yoast-schema-graph\">{\"@context\":\"https:\\\/\\\/schema.org\",\"@graph\":[{\"@type\":\"WebPage\",\"@id\":\"https:\\\/\\\/www.accuratereviews.com\\\/it\\\/piattaforme-influencer-marketing\\\/pitchbox-recensione\\\/\",\"url\":\"https:\\\/\\\/www.accuratereviews.com\\\/it\\\/piattaforme-influencer-marketing\\\/pitchbox-recensione\\\/\",\"name\":\"Pitchbox: recensione software per influencer marketing - Accurate Reviews\",\"isPartOf\":{\"@id\":\"https:\\\/\\\/www.accuratereviews.com\\\/it\\\/#website\"},\"primaryImageOfPage\":{\"@id\":\"https:\\\/\\\/www.accuratereviews.com\\\/it\\\/piattaforme-influencer-marketing\\\/pitchbox-recensione\\\/#primaryimage\"},\"image\":{\"@id\":\"https:\\\/\\\/www.accuratereviews.com\\\/it\\\/piattaforme-influencer-marketing\\\/pitchbox-recensione\\\/#primaryimage\"},\"thumbnailUrl\":\"https:\\\/\\\/www.accuratereviews.com\\\/wp-content\\\/uploads\\\/2021\\\/09\\\/Pitchbox.png\",\"datePublished\":\"2021-09-29T13:31:32+00:00\",\"description\":\"Pitchbox: soluzione di marketing dei contenuti che consente alle agenzie pubblicitarie o ai dipartimenti SEO di trovare l'influencer giusto\",\"breadcrumb\":{\"@id\":\"https:\\\/\\\/www.accuratereviews.com\\\/it\\\/piattaforme-influencer-marketing\\\/pitchbox-recensione\\\/#breadcrumb\"},\"inLanguage\":\"it-IT\",\"potentialAction\":[{\"@type\":\"ReadAction\",\"target\":[\"https:\\\/\\\/www.accuratereviews.com\\\/it\\\/piattaforme-influencer-marketing\\\/pitchbox-recensione\\\/\"]}]},{\"@type\":\"ImageObject\",\"inLanguage\":\"it-IT\",\"@id\":\"https:\\\/\\\/www.accuratereviews.com\\\/it\\\/piattaforme-influencer-marketing\\\/pitchbox-recensione\\\/#primaryimage\",\"url\":\"https:\\\/\\\/www.accuratereviews.com\\\/wp-content\\\/uploads\\\/2021\\\/09\\\/Pitchbox.png\",\"contentUrl\":\"https:\\\/\\\/www.accuratereviews.com\\\/wp-content\\\/uploads\\\/2021\\\/09\\\/Pitchbox.png\",\"width\":275,\"height\":275},{\"@type\":\"BreadcrumbList\",\"@id\":\"https:\\\/\\\/www.accuratereviews.com\\\/it\\\/piattaforme-influencer-marketing\\\/pitchbox-recensione\\\/#breadcrumb\",\"itemListElement\":[{\"@type\":\"ListItem\",\"position\":1,\"name\":\"Home\",\"item\":\"https:\\\/\\\/www.accuratereviews.com\\\/it\\\/\"},{\"@type\":\"ListItem\",\"position\":2,\"name\":\"Piattaforme per influencer marketing\",\"item\":\"https:\\\/\\\/www.accuratereviews.com\\\/it\\\/piattaforme-influencer-marketing\\\/\"},{\"@type\":\"ListItem\",\"position\":3,\"name\":\"Pitchbox\"}]},{\"@type\":\"WebSite\",\"@id\":\"https:\\\/\\\/www.accuratereviews.com\\\/it\\\/#website\",\"url\":\"https:\\\/\\\/www.accuratereviews.com\\\/it\\\/\",\"name\":\"Accurate Reviews\",\"description\":\"\",\"potentialAction\":[{\"@type\":\"SearchAction\",\"target\":{\"@type\":\"EntryPoint\",\"urlTemplate\":\"https:\\\/\\\/www.accuratereviews.com\\\/it\\\/?s={search_term_string}\"},\"query-input\":{\"@type\":\"PropertyValueSpecification\",\"valueRequired\":true,\"valueName\":\"search_term_string\"}}],\"inLanguage\":\"it-IT\"}]}<\/script>\n<!-- \/ Yoast SEO plugin. -->","yoast_head_json":{"title":"Pitchbox: recensione software per influencer marketing - Accurate Reviews","description":"Pitchbox: soluzione di marketing dei contenuti che consente alle agenzie pubblicitarie o ai dipartimenti SEO di trovare l'influencer giusto","robots":{"index":"index","follow":"follow","max-snippet":"max-snippet:-1","max-image-preview":"max-image-preview:large","max-video-preview":"max-video-preview:-1"},"canonical":"https:\/\/www.accuratereviews.com\/it\/piattaforme-influencer-marketing\/pitchbox-recensione\/","og_locale":"it_IT","og_type":"article","og_title":"Pitchbox: recensione software per influencer marketing - Accurate Reviews","og_description":"Pitchbox: soluzione di marketing dei contenuti che consente alle agenzie pubblicitarie o ai dipartimenti SEO di trovare l'influencer giusto","og_url":"https:\/\/www.accuratereviews.com\/it\/piattaforme-influencer-marketing\/pitchbox-recensione\/","og_site_name":"Accurate Reviews","og_image":[{"width":275,"height":275,"url":"https:\/\/www.accuratereviews.com\/wp-content\/uploads\/2021\/09\/Pitchbox.png","type":"image\/png"}],"twitter_card":"summary_large_image","twitter_misc":{"Tempo di lettura stimato":"3 minuti"},"schema":{"@context":"https:\/\/schema.org","@graph":[{"@type":"WebPage","@id":"https:\/\/www.accuratereviews.com\/it\/piattaforme-influencer-marketing\/pitchbox-recensione\/","url":"https:\/\/www.accuratereviews.com\/it\/piattaforme-influencer-marketing\/pitchbox-recensione\/","name":"Pitchbox: recensione software per influencer marketing - Accurate Reviews","isPartOf":{"@id":"https:\/\/www.accuratereviews.com\/it\/#website"},"primaryImageOfPage":{"@id":"https:\/\/www.accuratereviews.com\/it\/piattaforme-influencer-marketing\/pitchbox-recensione\/#primaryimage"},"image":{"@id":"https:\/\/www.accuratereviews.com\/it\/piattaforme-influencer-marketing\/pitchbox-recensione\/#primaryimage"},"thumbnailUrl":"https:\/\/www.accuratereviews.com\/wp-content\/uploads\/2021\/09\/Pitchbox.png","datePublished":"2021-09-29T13:31:32+00:00","description":"Pitchbox: soluzione di marketing dei contenuti che consente alle agenzie pubblicitarie o ai dipartimenti SEO di trovare l'influencer giusto","breadcrumb":{"@id":"https:\/\/www.accuratereviews.com\/it\/piattaforme-influencer-marketing\/pitchbox-recensione\/#breadcrumb"},"inLanguage":"it-IT","potentialAction":[{"@type":"ReadAction","target":["https:\/\/www.accuratereviews.com\/it\/piattaforme-influencer-marketing\/pitchbox-recensione\/"]}]},{"@type":"ImageObject","inLanguage":"it-IT","@id":"https:\/\/www.accuratereviews.com\/it\/piattaforme-influencer-marketing\/pitchbox-recensione\/#primaryimage","url":"https:\/\/www.accuratereviews.com\/wp-content\/uploads\/2021\/09\/Pitchbox.png","contentUrl":"https:\/\/www.accuratereviews.com\/wp-content\/uploads\/2021\/09\/Pitchbox.png","width":275,"height":275},{"@type":"BreadcrumbList","@id":"https:\/\/www.accuratereviews.com\/it\/piattaforme-influencer-marketing\/pitchbox-recensione\/#breadcrumb","itemListElement":[{"@type":"ListItem","position":1,"name":"Home","item":"https:\/\/www.accuratereviews.com\/it\/"},{"@type":"ListItem","position":2,"name":"Piattaforme per influencer marketing","item":"https:\/\/www.accuratereviews.com\/it\/piattaforme-influencer-marketing\/"},{"@type":"ListItem","position":3,"name":"Pitchbox"}]},{"@type":"WebSite","@id":"https:\/\/www.accuratereviews.com\/it\/#website","url":"https:\/\/www.accuratereviews.com\/it\/","name":"Accurate Reviews","description":"","potentialAction":[{"@type":"SearchAction","target":{"@type":"EntryPoint","urlTemplate":"https:\/\/www.accuratereviews.com\/it\/?s={search_term_string}"},"query-input":{"@type":"PropertyValueSpecification","valueRequired":true,"valueName":"search_term_string"}}],"inLanguage":"it-IT"}]}},"_links":{"self":[{"href":"https:\/\/www.accuratereviews.com\/it\/wp-json\/wp\/v2\/pages\/48341","targetHints":{"allow":["GET"]}}],"collection":[{"href":"https:\/\/www.accuratereviews.com\/it\/wp-json\/wp\/v2\/pages"}],"about":[{"href":"https:\/\/www.accuratereviews.com\/it\/wp-json\/wp\/v2\/types\/page"}],"author":[{"embeddable":true,"href":"https:\/\/www.accuratereviews.com\/it\/wp-json\/wp\/v2\/users\/16"}],"replies":[{"embeddable":true,"href":"https:\/\/www.accuratereviews.com\/it\/wp-json\/wp\/v2\/comments?post=48341"}],"version-history":[{"count":6,"href":"https:\/\/www.accuratereviews.com\/it\/wp-json\/wp\/v2\/pages\/48341\/revisions"}],"predecessor-version":[{"id":48367,"href":"https:\/\/www.accuratereviews.com\/it\/wp-json\/wp\/v2\/pages\/48341\/revisions\/48367"}],"up":[{"embeddable":true,"href":"https:\/\/www.accuratereviews.com\/it\/wp-json\/wp\/v2\/pages\/48041"}],"wp:featuredmedia":[{"embeddable":true,"href":"https:\/\/www.accuratereviews.com\/it\/wp-json\/wp\/v2\/media\/48349"}],"wp:attachment":[{"href":"https:\/\/www.accuratereviews.com\/it\/wp-json\/wp\/v2\/media?parent=48341"}],"wp:term":[{"taxonomy":"category","embeddable":true,"href":"https:\/\/www.accuratereviews.com\/it\/wp-json\/wp\/v2\/categories?post=48341"},{"taxonomy":"post_tag","embeddable":true,"href":"https:\/\/www.accuratereviews.com\/it\/wp-json\/wp\/v2\/tags?post=48341"},{"taxonomy":"features","embeddable":true,"href":"https:\/\/www.accuratereviews.com\/it\/wp-json\/wp\/v2\/features?post=48341"}],"curies":[{"name":"wp","href":"https:\/\/api.w.org\/{rel}","templated":true}]}}