{"id":48369,"date":"2021-09-29T14:51:16","date_gmt":"2021-09-29T14:51:16","guid":{"rendered":"https:\/\/www.accuratereviews.com\/?page_id=48369"},"modified":"2021-09-30T13:41:32","modified_gmt":"2021-09-30T13:41:32","slug":"creatoriq-recensione","status":"publish","type":"page","link":"https:\/\/www.accuratereviews.com\/it\/piattaforme-influencer-marketing\/creatoriq-recensione\/","title":{"rendered":"CreatorIQ"},"content":{"rendered":"<p><strong>CreatorIQ<\/strong> \u00e8 una <strong>piattaforma di influencer marketing<\/strong> affidabile, semplice da usare e completa che si rivolge ad aziende di tutte le dimensioni che cercano di soddisfare le esigenze di marketing digitale. Grazie ad essa potranno infatti migliorare e ottimizzare il loro lavoro utilizzando strumenti avanzati e coltivando partnership autentiche con i creatori di contenuto.<br \/>\nQuesto <strong>software di influencer marketing<\/strong> offre un&#8217;ampia gamma di soluzioni di misurazione per analizzare qualsiasi tuo obiettivo e far crescere il tuo business.<\/p>\n<h2>CREATORIQ &#8211; TUTORIAL<\/h2>\n<p>Di seguito un video su come funziona il database Discovery di <strong>CreatorIQ<\/strong>:<\/p>\n<div id=\"fluid-wrapper-counter-1\" class=\"g1-fluid-wrapper \" style=\"width:686px;\">\n<div style=\"padding-bottom:56.268221574344%;\"><iframe loading=\"lazy\" title=\"CreatorIQ Discovery\" width=\"686\" height=\"386\" src=\"https:\/\/www.youtube.com\/embed\/8kYCl-KQ6Do?feature=oembed&amp;wmode=transparent&amp;autohide=1&amp;autoplay=0&amp;disablekb=0&amp;fs=1&amp;loop=0&amp;enablejsapi=1&amp;rel=0&amp;controls=2&amp;showinfo=0&amp;wmode=transparent&amp;autohide=2&amp;autoplay=0&amp;disablekb=0&amp;fs=1&amp;loop=0&amp;enablejsapi=1&amp;rel=0&amp;controls=2&amp;showinfo=1\" frameborder=\"0\" allow=\"accelerometer; autoplay; clipboard-write; encrypted-media; gyroscope; picture-in-picture\" allowfullscreen><\/iframe><\/div>\n<\/div>\n<h3>CREATORIQ &#8211; CARATTERISTICHE<\/h3>\n<ul>\n<li><strong>Discovery<\/strong>: trova rapidamente i creatori ideali per il tuo marchio. Il database Discovery \u00e8 costruito per essere intelligente e guidato dai dati per aiutarti a trovare e valutare i creatori perfetti per rappresentare il tuo marchio<\/li>\n<li><strong>CRM<\/strong>: costruisci la tua rete privata di creatori. Che tu abbia centinaia o centinaia di migliaia di creatori, crea il tuo sistema di record personalizzato per tutti i dati dei creatori e riuniscili in un unico posto<\/li>\n<li><strong>Campagne<\/strong>: esegui campagne su misura per i tuoi obiettivi. Fai progredire il tuo approccio con la pianificazione, la previsione e la misurazione guidata dai risultati, mantenendo il controllo su ogni aspetto della tua campagna<\/li>\n<li><strong>Reporting<\/strong>: dimostra il ROI con una visione completa delle performance della campagna. Mostra senza sforzo il successo costruendo report personalizzati configurabili e visivamente accattivanti che enfatizzano le metriche di performance che contano di pi\u00f9<\/li>\n<li><strong>Assunzione &amp; reclutamento<\/strong>: crea un&#8217;esperienza eccezionale per i creatori che si uniscono al tuo network con una destinazione di onboarding di marca e facile da lanciare<\/li>\n<li><strong>Pagamenti dei creatori<\/strong>: aumenta la facilit\u00e0 e l&#8217;efficienza sia per gli influencer che per i team finanziari con pagamenti dei creatori automatizzati e semplificati<\/li>\n<li><strong>Whitelisting per gli annunci a pagamento<\/strong>: automatizza il processo di whitelisting e aumenta le entrate dalle tue strategie combinate organiche e a pagamento<\/li>\n<li><strong>Ecommerce &amp; attribuzione<\/strong>: crea un programma completo per i creatori che ti permette di raggiungere i tuoi obiettivi di conversione e vendita in un unico luogo<\/li>\n<li><strong>Integrazioni dati<\/strong>: sincronizza i tuoi dati e costruisci soluzioni personalizzate con possibilit\u00e0 illimitate utilizzando l&#8217;API di CreatorIQ<\/li>\n<li><strong>Personalizzazione del team<\/strong>: personalizza il flusso di lavoro e il branding del team mantenendo standard e pratiche globali.<\/li>\n<\/ul>\n<h4>LE RECENSIONI DEGLI UTENTI<\/h4>\n<p><strong>Heidi S. &#8220;Recensione H&amp;S&#8221;<\/strong><br \/>\nCOMMENTI: la piattaforma \u00e8 fantastica! Ci sono sicuramente alcuni miglioramenti da fare, ma fanno un ottimo lavoro nell&#8217;ascoltare le esigenze dei loro clienti e adattarsi di conseguenza.<br \/>\nPRO: amo quante caratteristiche e quanti creatori ha questa piattaforma! \u00c8 cos\u00ec utile per trovare un gruppo di nicchia di creatori, che varia enormemente tra i nostri clienti. \u00c8 anche molto utile per catturare i contenuti del programma, in modo da non doverli monitorare noi stessi. Infine, il team di supporto \u00e8 FANTASTICO! Sono cos\u00ec veloci e possono farmi avere tutto ci\u00f2 di cui ho bisogno.<br \/>\nCONTRO: ci sono alcune caratteristiche che il nostro team vorrebbe vedere, compresa una funzione di conformit\u00e0 LDA. Troviamo anche che la timeline sociale non sempre raccoglie i post con le ricerche delle parole chiave.<\/p>\n<p><strong>Natasha V. &#8220;Grande strumento per gli influencer&#8221;<\/strong><br \/>\nCOMMENTI: siamo in grado di gestire le nostre campagne in modo efficiente, organizzare i nostri nuovi talenti e cercare e scoprire nuovi talenti. Il servizio clienti \u00e8 eccellente e facile da lavorare<br \/>\nPRO: mi piace come puoi personalizzare la piattaforma in base alle tue esigenze e cambiare le informazioni per soddisfare le tue esigenze specifiche. ha un sacco di nuove funzionalit\u00e0 che sono state aggiunte e il suo miglioramento costante come strumento.<br \/>\nCONTRO: ci sono alcuni difetti e Discovery non \u00e8 la sua caratteristica migliore, ma per il resto \u00e8 un grande strumento.<\/p>\n<p><strong>Max B. &#8220;Grande strumento con un servizio clienti impressionante&#8221;<\/strong><br \/>\nPRO: il team dietro di esso. Mi sento come se fossimo davvero assistiti. Se c&#8217;\u00e8 qualcosa in cui abbiamo bisogno di aiuto, qualcuno \u00e8 sempre disposto a mettersi in gioco e aiutarci, che si tratti di creare un rapporto, analizzare i dati, identificare le tendenze, il team fa il miglio supplementare.<br \/>\nCONTRO: non ho assolutamente alcun contro. Ottimo strumento, molto intuitivo.<\/p>\n","protected":false},"excerpt":{"rendered":"<p>CreatorIQ \u00e8 una piattaforma di influencer marketing affidabile, semplice da usare e completa che si rivolge ad aziende di tutte le dimensioni che cercano di soddisfare le esigenze di marketing digitale. Grazie ad essa, potranno infatti migliorare e ottimizzare il loro lavoro utilizzando strumenti avanzati e coltivando partnership autentiche con i creatori di contenuto.\u00a0<\/p>\n","protected":false},"author":17,"featured_media":48370,"parent":48041,"menu_order":0,"comment_status":"open","ping_status":"closed","template":"g1_template_page_review_new.php","meta":{"_acf_changed":false,"cwp_meta_box_check":"No","cwp_rev_product_name":"","cwp_rev_product_image":"","wppr_links":[],"cwp_rev_price":"","wppr_options":[],"wppr_pros":[],"wppr_cons":[],"_monsterinsights_skip_tracking":false,"_monsterinsights_sitenote_active":false,"_monsterinsights_sitenote_note":"","_monsterinsights_sitenote_category":0,"footnotes":""},"categories":[11175],"tags":[1088,1087,4149,11191,11182,11181],"features":[],"class_list":{"0":"post-48369","1":"page","2":"type-page","3":"status-publish","4":"has-post-thumbnail","6":"category-piattaforme-per-influencer-marketing","7":"tag-digital-influencer","8":"tag-influencer","9":"tag-influencer-marketing-it","10":"tag-piattaforma-per-influencer-marketing","11":"tag-programmi-per-influencer-marketing","12":"tag-software-per-influencer-marketing"},"wppr_data":{"cwp_meta_box_check":"No"},"acf":[],"yoast_head":"<!-- This site is optimized with the Yoast SEO plugin v27.4 - https:\/\/yoast.com\/product\/yoast-seo-wordpress\/ -->\n<title>CreatorIQ: recensione piattaforma influencer marketing - Accurate Reviews<\/title>\n<meta name=\"description\" content=\"CreatorIQ: recensione della piattaforma di influencer marketing affidabile, semplice da usare e completa per aziende di tutte le dimensioni.\" \/>\n<meta name=\"robots\" content=\"index, follow, max-snippet:-1, max-image-preview:large, max-video-preview:-1\" \/>\n<link rel=\"canonical\" href=\"https:\/\/www.accuratereviews.com\/it\/piattaforme-influencer-marketing\/creatoriq-recensione\/\" \/>\n<meta property=\"og:locale\" content=\"it_IT\" \/>\n<meta property=\"og:type\" content=\"article\" \/>\n<meta property=\"og:title\" content=\"CreatorIQ: recensione piattaforma influencer marketing - Accurate Reviews\" \/>\n<meta property=\"og:description\" content=\"CreatorIQ: recensione della piattaforma di influencer marketing affidabile, semplice da usare e completa per aziende di tutte le dimensioni.\" \/>\n<meta property=\"og:url\" content=\"https:\/\/www.accuratereviews.com\/it\/piattaforme-influencer-marketing\/creatoriq-recensione\/\" \/>\n<meta property=\"og:site_name\" content=\"Accurate Reviews\" \/>\n<meta property=\"article:modified_time\" content=\"2021-09-30T13:41:32+00:00\" \/>\n<meta property=\"og:image\" content=\"https:\/\/www.accuratereviews.com\/wp-content\/uploads\/2021\/09\/CreatorIQ-ft-img.png\" \/>\n\t<meta property=\"og:image:width\" content=\"900\" \/>\n\t<meta property=\"og:image:height\" content=\"600\" \/>\n\t<meta property=\"og:image:type\" content=\"image\/png\" \/>\n<meta name=\"twitter:card\" content=\"summary_large_image\" \/>\n<meta name=\"twitter:label1\" content=\"Tempo di lettura stimato\" \/>\n\t<meta name=\"twitter:data1\" content=\"3 minuti\" \/>\n<script type=\"application\/ld+json\" class=\"yoast-schema-graph\">{\"@context\":\"https:\\\/\\\/schema.org\",\"@graph\":[{\"@type\":\"WebPage\",\"@id\":\"https:\\\/\\\/www.accuratereviews.com\\\/it\\\/piattaforme-influencer-marketing\\\/creatoriq-recensione\\\/\",\"url\":\"https:\\\/\\\/www.accuratereviews.com\\\/it\\\/piattaforme-influencer-marketing\\\/creatoriq-recensione\\\/\",\"name\":\"CreatorIQ: recensione piattaforma influencer marketing - Accurate Reviews\",\"isPartOf\":{\"@id\":\"https:\\\/\\\/www.accuratereviews.com\\\/it\\\/#website\"},\"primaryImageOfPage\":{\"@id\":\"https:\\\/\\\/www.accuratereviews.com\\\/it\\\/piattaforme-influencer-marketing\\\/creatoriq-recensione\\\/#primaryimage\"},\"image\":{\"@id\":\"https:\\\/\\\/www.accuratereviews.com\\\/it\\\/piattaforme-influencer-marketing\\\/creatoriq-recensione\\\/#primaryimage\"},\"thumbnailUrl\":\"https:\\\/\\\/www.accuratereviews.com\\\/wp-content\\\/uploads\\\/2021\\\/09\\\/CreatorIQ-ft-img.png\",\"datePublished\":\"2021-09-29T14:51:16+00:00\",\"dateModified\":\"2021-09-30T13:41:32+00:00\",\"description\":\"CreatorIQ: recensione della piattaforma di influencer marketing affidabile, semplice da usare e completa per aziende di tutte le dimensioni.\",\"breadcrumb\":{\"@id\":\"https:\\\/\\\/www.accuratereviews.com\\\/it\\\/piattaforme-influencer-marketing\\\/creatoriq-recensione\\\/#breadcrumb\"},\"inLanguage\":\"it-IT\",\"potentialAction\":[{\"@type\":\"ReadAction\",\"target\":[\"https:\\\/\\\/www.accuratereviews.com\\\/it\\\/piattaforme-influencer-marketing\\\/creatoriq-recensione\\\/\"]}]},{\"@type\":\"ImageObject\",\"inLanguage\":\"it-IT\",\"@id\":\"https:\\\/\\\/www.accuratereviews.com\\\/it\\\/piattaforme-influencer-marketing\\\/creatoriq-recensione\\\/#primaryimage\",\"url\":\"https:\\\/\\\/www.accuratereviews.com\\\/wp-content\\\/uploads\\\/2021\\\/09\\\/CreatorIQ-ft-img.png\",\"contentUrl\":\"https:\\\/\\\/www.accuratereviews.com\\\/wp-content\\\/uploads\\\/2021\\\/09\\\/CreatorIQ-ft-img.png\",\"width\":900,\"height\":600},{\"@type\":\"BreadcrumbList\",\"@id\":\"https:\\\/\\\/www.accuratereviews.com\\\/it\\\/piattaforme-influencer-marketing\\\/creatoriq-recensione\\\/#breadcrumb\",\"itemListElement\":[{\"@type\":\"ListItem\",\"position\":1,\"name\":\"Home\",\"item\":\"https:\\\/\\\/www.accuratereviews.com\\\/it\\\/\"},{\"@type\":\"ListItem\",\"position\":2,\"name\":\"Piattaforme per influencer marketing\",\"item\":\"https:\\\/\\\/www.accuratereviews.com\\\/it\\\/piattaforme-influencer-marketing\\\/\"},{\"@type\":\"ListItem\",\"position\":3,\"name\":\"CreatorIQ\"}]},{\"@type\":\"WebSite\",\"@id\":\"https:\\\/\\\/www.accuratereviews.com\\\/it\\\/#website\",\"url\":\"https:\\\/\\\/www.accuratereviews.com\\\/it\\\/\",\"name\":\"Accurate Reviews\",\"description\":\"\",\"potentialAction\":[{\"@type\":\"SearchAction\",\"target\":{\"@type\":\"EntryPoint\",\"urlTemplate\":\"https:\\\/\\\/www.accuratereviews.com\\\/it\\\/?s={search_term_string}\"},\"query-input\":{\"@type\":\"PropertyValueSpecification\",\"valueRequired\":true,\"valueName\":\"search_term_string\"}}],\"inLanguage\":\"it-IT\"}]}<\/script>\n<!-- \/ Yoast SEO plugin. -->","yoast_head_json":{"title":"CreatorIQ: recensione piattaforma influencer marketing - Accurate Reviews","description":"CreatorIQ: recensione della piattaforma di influencer marketing affidabile, semplice da usare e completa per aziende di tutte le dimensioni.","robots":{"index":"index","follow":"follow","max-snippet":"max-snippet:-1","max-image-preview":"max-image-preview:large","max-video-preview":"max-video-preview:-1"},"canonical":"https:\/\/www.accuratereviews.com\/it\/piattaforme-influencer-marketing\/creatoriq-recensione\/","og_locale":"it_IT","og_type":"article","og_title":"CreatorIQ: recensione piattaforma influencer marketing - Accurate Reviews","og_description":"CreatorIQ: recensione della piattaforma di influencer marketing affidabile, semplice da usare e completa per aziende di tutte le dimensioni.","og_url":"https:\/\/www.accuratereviews.com\/it\/piattaforme-influencer-marketing\/creatoriq-recensione\/","og_site_name":"Accurate Reviews","article_modified_time":"2021-09-30T13:41:32+00:00","og_image":[{"width":900,"height":600,"url":"https:\/\/www.accuratereviews.com\/wp-content\/uploads\/2021\/09\/CreatorIQ-ft-img.png","type":"image\/png"}],"twitter_card":"summary_large_image","twitter_misc":{"Tempo di lettura stimato":"3 minuti"},"schema":{"@context":"https:\/\/schema.org","@graph":[{"@type":"WebPage","@id":"https:\/\/www.accuratereviews.com\/it\/piattaforme-influencer-marketing\/creatoriq-recensione\/","url":"https:\/\/www.accuratereviews.com\/it\/piattaforme-influencer-marketing\/creatoriq-recensione\/","name":"CreatorIQ: recensione piattaforma influencer marketing - Accurate Reviews","isPartOf":{"@id":"https:\/\/www.accuratereviews.com\/it\/#website"},"primaryImageOfPage":{"@id":"https:\/\/www.accuratereviews.com\/it\/piattaforme-influencer-marketing\/creatoriq-recensione\/#primaryimage"},"image":{"@id":"https:\/\/www.accuratereviews.com\/it\/piattaforme-influencer-marketing\/creatoriq-recensione\/#primaryimage"},"thumbnailUrl":"https:\/\/www.accuratereviews.com\/wp-content\/uploads\/2021\/09\/CreatorIQ-ft-img.png","datePublished":"2021-09-29T14:51:16+00:00","dateModified":"2021-09-30T13:41:32+00:00","description":"CreatorIQ: recensione della piattaforma di influencer marketing affidabile, semplice da usare e completa per aziende di tutte le dimensioni.","breadcrumb":{"@id":"https:\/\/www.accuratereviews.com\/it\/piattaforme-influencer-marketing\/creatoriq-recensione\/#breadcrumb"},"inLanguage":"it-IT","potentialAction":[{"@type":"ReadAction","target":["https:\/\/www.accuratereviews.com\/it\/piattaforme-influencer-marketing\/creatoriq-recensione\/"]}]},{"@type":"ImageObject","inLanguage":"it-IT","@id":"https:\/\/www.accuratereviews.com\/it\/piattaforme-influencer-marketing\/creatoriq-recensione\/#primaryimage","url":"https:\/\/www.accuratereviews.com\/wp-content\/uploads\/2021\/09\/CreatorIQ-ft-img.png","contentUrl":"https:\/\/www.accuratereviews.com\/wp-content\/uploads\/2021\/09\/CreatorIQ-ft-img.png","width":900,"height":600},{"@type":"BreadcrumbList","@id":"https:\/\/www.accuratereviews.com\/it\/piattaforme-influencer-marketing\/creatoriq-recensione\/#breadcrumb","itemListElement":[{"@type":"ListItem","position":1,"name":"Home","item":"https:\/\/www.accuratereviews.com\/it\/"},{"@type":"ListItem","position":2,"name":"Piattaforme per influencer marketing","item":"https:\/\/www.accuratereviews.com\/it\/piattaforme-influencer-marketing\/"},{"@type":"ListItem","position":3,"name":"CreatorIQ"}]},{"@type":"WebSite","@id":"https:\/\/www.accuratereviews.com\/it\/#website","url":"https:\/\/www.accuratereviews.com\/it\/","name":"Accurate Reviews","description":"","potentialAction":[{"@type":"SearchAction","target":{"@type":"EntryPoint","urlTemplate":"https:\/\/www.accuratereviews.com\/it\/?s={search_term_string}"},"query-input":{"@type":"PropertyValueSpecification","valueRequired":true,"valueName":"search_term_string"}}],"inLanguage":"it-IT"}]}},"_links":{"self":[{"href":"https:\/\/www.accuratereviews.com\/it\/wp-json\/wp\/v2\/pages\/48369","targetHints":{"allow":["GET"]}}],"collection":[{"href":"https:\/\/www.accuratereviews.com\/it\/wp-json\/wp\/v2\/pages"}],"about":[{"href":"https:\/\/www.accuratereviews.com\/it\/wp-json\/wp\/v2\/types\/page"}],"author":[{"embeddable":true,"href":"https:\/\/www.accuratereviews.com\/it\/wp-json\/wp\/v2\/users\/17"}],"replies":[{"embeddable":true,"href":"https:\/\/www.accuratereviews.com\/it\/wp-json\/wp\/v2\/comments?post=48369"}],"version-history":[{"count":5,"href":"https:\/\/www.accuratereviews.com\/it\/wp-json\/wp\/v2\/pages\/48369\/revisions"}],"predecessor-version":[{"id":48443,"href":"https:\/\/www.accuratereviews.com\/it\/wp-json\/wp\/v2\/pages\/48369\/revisions\/48443"}],"up":[{"embeddable":true,"href":"https:\/\/www.accuratereviews.com\/it\/wp-json\/wp\/v2\/pages\/48041"}],"wp:featuredmedia":[{"embeddable":true,"href":"https:\/\/www.accuratereviews.com\/it\/wp-json\/wp\/v2\/media\/48370"}],"wp:attachment":[{"href":"https:\/\/www.accuratereviews.com\/it\/wp-json\/wp\/v2\/media?parent=48369"}],"wp:term":[{"taxonomy":"category","embeddable":true,"href":"https:\/\/www.accuratereviews.com\/it\/wp-json\/wp\/v2\/categories?post=48369"},{"taxonomy":"post_tag","embeddable":true,"href":"https:\/\/www.accuratereviews.com\/it\/wp-json\/wp\/v2\/tags?post=48369"},{"taxonomy":"features","embeddable":true,"href":"https:\/\/www.accuratereviews.com\/it\/wp-json\/wp\/v2\/features?post=48369"}],"curies":[{"name":"wp","href":"https:\/\/api.w.org\/{rel}","templated":true}]}}