{"id":48382,"date":"2021-09-30T15:26:45","date_gmt":"2021-09-30T15:26:45","guid":{"rendered":"https:\/\/www.accuratereviews.com\/?page_id=48382"},"modified":"2021-09-30T15:26:45","modified_gmt":"2021-09-30T15:26:45","slug":"hypr-recensione","status":"publish","type":"page","link":"https:\/\/www.accuratereviews.com\/it\/piattaforme-influencer-marketing\/hypr-recensione\/","title":{"rendered":"HYPR"},"content":{"rendered":"<p><strong>Hypr<\/strong> \u00e8 una <strong>piattaforma di influencer marketing<\/strong> basata su <strong>cloud<\/strong>, che assiste le aziende con l&#8217;analisi del pubblico e la gestione delle campagne. Le caratteristiche principali includono il filtro dei contenuti, la gestione dei contatti, la comunicazione, la conservazione dei dati e la conformit\u00e0.\u00a0Lo strumento di scoperta dell&#8217;applicazione aiuta a identificare gli influencer sulla base di hashtag, argomenti di contenuto, menzioni di marchi e dati demografici. Gli esperti di marketing possono ordinare gli influencer in base alla pertinenza della ricerca, al conteggio dei follower e ai Mi piace medi, nonch\u00e9 analizzare i dati del pubblico come et\u00e0, sesso, posizione geografica e livelli di reddito. I manager possono utilizzare il bot di sensibilizzazione basato sull&#8217;intelligenza artificiale per accedere alle informazioni di contatto degli influencer e inviare messaggi automatici. Inoltre, la funzione di pagamento consente agli utenti di creare fatture ed elaborare pagamenti per influencer in diverse valute e paesi.<\/p>\n<h2><a href=\"https:\/\/www.accuratereviews.com\/wp-content\/uploads\/2021\/09\/Schermata-2021-09-30-alle-13.22.29.png\"><img loading=\"lazy\" decoding=\"async\" class=\"alignnone size-full wp-image-48415\" src=\"https:\/\/www.accuratereviews.com\/wp-content\/uploads\/2021\/09\/Schermata-2021-09-30-alle-13.22.29.png\" alt=\"\" width=\"1274\" height=\"1134\" srcset=\"https:\/\/www.accuratereviews.com\/wp-content\/uploads\/2021\/09\/Schermata-2021-09-30-alle-13.22.29.png 1274w, https:\/\/www.accuratereviews.com\/wp-content\/uploads\/2021\/09\/Schermata-2021-09-30-alle-13.22.29-300x267.png 300w, https:\/\/www.accuratereviews.com\/wp-content\/uploads\/2021\/09\/Schermata-2021-09-30-alle-13.22.29-1024x911.png 1024w, https:\/\/www.accuratereviews.com\/wp-content\/uploads\/2021\/09\/Schermata-2021-09-30-alle-13.22.29-768x684.png 768w, https:\/\/www.accuratereviews.com\/wp-content\/uploads\/2021\/09\/Schermata-2021-09-30-alle-13.22.29-140x125.png 140w, https:\/\/www.accuratereviews.com\/wp-content\/uploads\/2021\/09\/Schermata-2021-09-30-alle-13.22.29-50x45.png 50w, https:\/\/www.accuratereviews.com\/wp-content\/uploads\/2021\/09\/Schermata-2021-09-30-alle-13.22.29-968x862.png 968w, https:\/\/www.accuratereviews.com\/wp-content\/uploads\/2021\/09\/Schermata-2021-09-30-alle-13.22.29-636x566.png 636w, https:\/\/www.accuratereviews.com\/wp-content\/uploads\/2021\/09\/Schermata-2021-09-30-alle-13.22.29-320x285.png 320w, https:\/\/www.accuratereviews.com\/wp-content\/uploads\/2021\/09\/Schermata-2021-09-30-alle-13.22.29-239x213.png 239w\" sizes=\"auto, (max-width: 1274px) 100vw, 1274px\" \/><\/a><\/h2>\n<h2>HYPR &#8211; CARATTERISTICHE<\/h2>\n<ul>\n<li>Valuta l&#8217;idoneit\u00e0 di un influencer per il tuo pubblico in base a dati demografici, psicografici e geografici<\/li>\n<li>Lo strumento di sovrapposizione del pubblico ti aiuta a comprendere la reale portata della tua campagna e a ottimizzare strategicamente il tuo gruppo di influencer per ottenere la massima copertura o una maggiore visibilit\u00e0 con un pubblico pi\u00f9 ristretto<\/li>\n<li>I punteggi sullo stato di salute del pubblico aiutano a restringere i segmenti di pubblico dannosi che sono inattivi o fraudolenti<\/li>\n<li>Valuta le campagne in base a una serie di metriche, ad esempio chi ha interagito con le campagne e a quale costo per coinvolgimento con il pubblico di destinazione. Confronta facilmente le prestazioni degli influencer<\/li>\n<li>Comunica direttamente con gli influencer e i loro manager<\/li>\n<li>Ricevi aggiornamenti sul tuo indirizzo email personale mentre gli influencer comunicano con te<\/li>\n<li>Conserva tutte le comunicazioni per la tua organizzazione nel registro dei contatti di un influencer e archivia tutti i documenti come contratti e W2<\/li>\n<li>Tieni traccia delle risposte e dello stato in un unico posto, condiviso in tutta l&#8217;azienda<\/li>\n<li>Passa facilmente dalle schede di avanzamento a quelle di corrispondenza<\/li>\n<li>Visualizza le statistiche dell&#8217;influencer a colpo d&#8217;occhio su ogni creatore nel tuo flusso di lavoro: followers, tasso di coinvolgimento, costo per post, ecc&#8230;<\/li>\n<li>Supporto per i pagamenti e conformit\u00e0 per oltre 100 paesi: raccogli automaticamente tutte le informazioni<\/li>\n<li>Visualizza i dati per la tua campagna in una dashboard efficiente<\/li>\n<li>Analizza il ROI con metriche significative per tutti i post e le storie di Instagram dal vivo, tra cui dati di coinvolgimento, visualizzazioni e copertura con il tuo pubblico di destinazione e costo per coinvolgimento<\/li>\n<li>Imposta promemoria automatici e aggiornamenti per la gestione delle campagne.<\/li>\n<li>Archivia le storie di Instagram mentre e dopo che sono state pubblicate e stabilire un punto di riferimento storico per le prestazioni<\/li>\n<li>Accesso basato su autorizzazioni a strumenti e funzionalit\u00e0 nel CRM<\/li>\n<li>Visualizza il tuo flusso di lavoro e tieni traccia dei progressi nel tuo team con tutte le fasi di sensibilizzazione, attivazione, pagamento e conformit\u00e0 dell&#8217;influencer<\/li>\n<li>Gestisci tutte le email e la corrispondenza in una semplice dashboard<\/li>\n<li>Scambia note e informazioni a livello di creatore<\/li>\n<li>Crea una knowledge base con archiviazione centralizzata dei dati per l&#8217;intera organizzazione<\/li>\n<\/ul>\n<h4>LE RECENSIONI DEGLI UTENTI<\/h4>\n<p class=\"font-weight-bold mb-1 d-flex align-items-center\"><strong>John B.&#8221;Facilit\u00e0 d&#8217;uso&#8221;<\/strong><\/p>\n<p><strong>Commenti: <\/strong>Ottima azienda, ottimo prodotto.<\/p>\n<p><strong>Pro: <\/strong>Questo programma \u00e8 facile da visualizzare rapidamente e rende i contenuti disponibili in un riassunto di una pagina molto professionale.<\/p>\n<p><strong>Contro: <\/strong>Vorrei che il software offrisse l&#8217;opzione per una visione pi\u00f9 lunga. Attualmente sembra che siano gli ultimi 30 giorni. Vorrei poter fare clic su periodi di tempo diversi per la visualizzazione.<\/p>\n<div class=\"ml-4 pl-4 border-left border-left__dotted i18n-translation_vendor_container\" data-translation-id=\"1366973\" data-translation-vendor-target=\"original\">\n<div class=\"d-flex flex-wrap flex-md-nowrap align-items-center\">\n<p class=\"font-weight-bold mb-1 d-flex align-items-center\"><strong>Lauren W.&#8221;Recensione HYPR&#8221;<\/strong><\/p>\n<p><strong>Pro: <\/strong>La semplicit\u00e0 della piattaforma rende i profili degli influencer di revisione senza soluzione di continuit\u00e0, soprattutto dato che tutte le informazioni necessarie si trovano in un unico posto. Aiuta a scovare gli influencer che acquistano molti dei loro follower e d\u00e0 a noi (al marchio) la possibilit\u00e0 di esaminare la salute generale dell&#8217;influencer.<\/p>\n<p><strong>Contro: <\/strong>Non c&#8217;\u00e8 niente che non mi piaccia del software.<\/p>\n<p class=\"font-weight-bold mb-1 d-flex align-items-center\"><strong>Carliah H.&#8221;HYPR mi ha reso la vita molto pi\u00f9 semplice&#8221;<\/strong><\/p>\n<p><strong>Pro: <\/strong>Mi piace che la piattaforma fornisca un&#8217;istantanea del pubblico dell&#8217;influencer (ripartizione per fascia d&#8217;et\u00e0, etnia e genere). Facilita il raggiungimento degli obiettivi dei clienti! Se un influencer che stiamo cercando non \u00e8 il sistema, il team \u00e8 veloce nell&#8217;aggiornare le cose e creare un profilo per loro.<\/p>\n<p><strong>Contro: <\/strong>Quando si cerca un influencer, vorrei che i tag attribuiti agli influencer fossero pi\u00f9 allineati con l&#8217;influencer\/il loro contenuto e che il tag del paese fosse pi\u00f9 preciso.<\/p>\n<div class=\"ml-4 pl-4 border-left border-left__dotted i18n-translation_vendor_container\" data-translation-id=\"1388030\" data-translation-vendor-target=\"original\">\n<div class=\"d-flex flex-wrap flex-md-nowrap align-items-center\">\n<h4 class=\"h5 font-weight-bold\"><\/h4>\n<\/div>\n<\/div>\n<\/div>\n<\/div>\n","protected":false},"excerpt":{"rendered":"<p>Hypr \u00e8 una piattaforma di influencer marketing basata su cloud, che assiste le aziende con l&#8217;analisi del pubblico e la gestione delle campagne. Le caratteristiche principali includono il filtro dei contenuti, la gestione dei contatti, la comunicazione, la conservazione dei dati e la conformit\u00e0.\u00a0Lo strumento di scoperta dell&#8217;applicazione aiuta a identificare gli influencer sulla base di hashtag, argomenti di contenuto, menzioni di marchi e dati demografici.<\/p>\n","protected":false},"author":16,"featured_media":48383,"parent":48041,"menu_order":0,"comment_status":"open","ping_status":"closed","template":"g1_template_page_review_new.php","meta":{"_acf_changed":false,"cwp_meta_box_check":"Yes","cwp_rev_product_name":"","cwp_rev_product_image":"","wppr_links":[],"cwp_rev_price":"","wppr_options":[],"wppr_pros":[],"wppr_cons":[],"_monsterinsights_skip_tracking":false,"_monsterinsights_sitenote_active":false,"_monsterinsights_sitenote_note":"","_monsterinsights_sitenote_category":0,"footnotes":""},"categories":[11175],"tags":[11241,4149,11191,11189,11181,11192],"features":[],"class_list":{"0":"post-48382","1":"page","2":"type-page","3":"status-publish","4":"has-post-thumbnail","6":"category-piattaforme-per-influencer-marketing","7":"tag-hypr","8":"tag-influencer-marketing-it","9":"tag-piattaforma-per-influencer-marketing","10":"tag-programma-per-influencer-marketing","11":"tag-software-per-influencer-marketing","12":"tag-soluzione-per-influencer-marketing"},"wppr_data":{"cwp_meta_box_check":"Yes","cwp_rev_product_name":"","cwp_rev_product_image":"","cwp_image_link":"image","cwp_rev_price":"","wppr_rating":"0.00"},"acf":[],"yoast_head":"<!-- This site is optimized with the Yoast SEO plugin v27.4 - https:\/\/yoast.com\/product\/yoast-seo-wordpress\/ -->\n<title>Hypr: recensione software per influencer marketing - Accurate Reviews<\/title>\n<meta name=\"description\" content=\"Hypr: recensione piattaforma di influencer marketing che assiste le aziende con l&#039;analisi del pubblico e la gestione delle campagne.\" \/>\n<meta name=\"robots\" content=\"index, follow, max-snippet:-1, max-image-preview:large, max-video-preview:-1\" \/>\n<link rel=\"canonical\" href=\"https:\/\/www.accuratereviews.com\/it\/piattaforme-influencer-marketing\/hypr-recensione\/\" \/>\n<meta property=\"og:locale\" content=\"it_IT\" \/>\n<meta property=\"og:type\" content=\"article\" \/>\n<meta property=\"og:title\" content=\"Hypr: recensione software per influencer marketing - Accurate Reviews\" \/>\n<meta property=\"og:description\" content=\"Hypr: recensione piattaforma di influencer marketing che assiste le aziende con l&#039;analisi del pubblico e la gestione delle campagne.\" \/>\n<meta property=\"og:url\" content=\"https:\/\/www.accuratereviews.com\/it\/piattaforme-influencer-marketing\/hypr-recensione\/\" \/>\n<meta property=\"og:site_name\" content=\"Accurate Reviews\" \/>\n<meta property=\"og:image\" content=\"https:\/\/www.accuratereviews.com\/wp-content\/uploads\/2021\/09\/hypr.jpg\" \/>\n\t<meta property=\"og:image:width\" content=\"480\" \/>\n\t<meta property=\"og:image:height\" content=\"320\" \/>\n\t<meta property=\"og:image:type\" content=\"image\/jpeg\" \/>\n<meta name=\"twitter:card\" content=\"summary_large_image\" \/>\n<meta name=\"twitter:label1\" content=\"Tempo di lettura stimato\" \/>\n\t<meta name=\"twitter:data1\" content=\"4 minuti\" \/>\n<script type=\"application\/ld+json\" class=\"yoast-schema-graph\">{\"@context\":\"https:\\\/\\\/schema.org\",\"@graph\":[{\"@type\":\"WebPage\",\"@id\":\"https:\\\/\\\/www.accuratereviews.com\\\/it\\\/piattaforme-influencer-marketing\\\/hypr-recensione\\\/\",\"url\":\"https:\\\/\\\/www.accuratereviews.com\\\/it\\\/piattaforme-influencer-marketing\\\/hypr-recensione\\\/\",\"name\":\"Hypr: recensione software per influencer marketing - Accurate Reviews\",\"isPartOf\":{\"@id\":\"https:\\\/\\\/www.accuratereviews.com\\\/it\\\/#website\"},\"primaryImageOfPage\":{\"@id\":\"https:\\\/\\\/www.accuratereviews.com\\\/it\\\/piattaforme-influencer-marketing\\\/hypr-recensione\\\/#primaryimage\"},\"image\":{\"@id\":\"https:\\\/\\\/www.accuratereviews.com\\\/it\\\/piattaforme-influencer-marketing\\\/hypr-recensione\\\/#primaryimage\"},\"thumbnailUrl\":\"https:\\\/\\\/www.accuratereviews.com\\\/wp-content\\\/uploads\\\/2021\\\/09\\\/hypr.jpg\",\"datePublished\":\"2021-09-30T15:26:45+00:00\",\"description\":\"Hypr: recensione piattaforma di influencer marketing che assiste le aziende con l'analisi del pubblico e la gestione delle campagne.\",\"breadcrumb\":{\"@id\":\"https:\\\/\\\/www.accuratereviews.com\\\/it\\\/piattaforme-influencer-marketing\\\/hypr-recensione\\\/#breadcrumb\"},\"inLanguage\":\"it-IT\",\"potentialAction\":[{\"@type\":\"ReadAction\",\"target\":[\"https:\\\/\\\/www.accuratereviews.com\\\/it\\\/piattaforme-influencer-marketing\\\/hypr-recensione\\\/\"]}]},{\"@type\":\"ImageObject\",\"inLanguage\":\"it-IT\",\"@id\":\"https:\\\/\\\/www.accuratereviews.com\\\/it\\\/piattaforme-influencer-marketing\\\/hypr-recensione\\\/#primaryimage\",\"url\":\"https:\\\/\\\/www.accuratereviews.com\\\/wp-content\\\/uploads\\\/2021\\\/09\\\/hypr.jpg\",\"contentUrl\":\"https:\\\/\\\/www.accuratereviews.com\\\/wp-content\\\/uploads\\\/2021\\\/09\\\/hypr.jpg\",\"width\":480,\"height\":320},{\"@type\":\"BreadcrumbList\",\"@id\":\"https:\\\/\\\/www.accuratereviews.com\\\/it\\\/piattaforme-influencer-marketing\\\/hypr-recensione\\\/#breadcrumb\",\"itemListElement\":[{\"@type\":\"ListItem\",\"position\":1,\"name\":\"Home\",\"item\":\"https:\\\/\\\/www.accuratereviews.com\\\/it\\\/\"},{\"@type\":\"ListItem\",\"position\":2,\"name\":\"Piattaforme per influencer marketing\",\"item\":\"https:\\\/\\\/www.accuratereviews.com\\\/it\\\/piattaforme-influencer-marketing\\\/\"},{\"@type\":\"ListItem\",\"position\":3,\"name\":\"HYPR\"}]},{\"@type\":\"WebSite\",\"@id\":\"https:\\\/\\\/www.accuratereviews.com\\\/it\\\/#website\",\"url\":\"https:\\\/\\\/www.accuratereviews.com\\\/it\\\/\",\"name\":\"Accurate Reviews\",\"description\":\"\",\"potentialAction\":[{\"@type\":\"SearchAction\",\"target\":{\"@type\":\"EntryPoint\",\"urlTemplate\":\"https:\\\/\\\/www.accuratereviews.com\\\/it\\\/?s={search_term_string}\"},\"query-input\":{\"@type\":\"PropertyValueSpecification\",\"valueRequired\":true,\"valueName\":\"search_term_string\"}}],\"inLanguage\":\"it-IT\"}]}<\/script>\n<!-- \/ Yoast SEO plugin. -->","yoast_head_json":{"title":"Hypr: recensione software per influencer marketing - Accurate Reviews","description":"Hypr: recensione piattaforma di influencer marketing che assiste le aziende con l'analisi del pubblico e la gestione delle campagne.","robots":{"index":"index","follow":"follow","max-snippet":"max-snippet:-1","max-image-preview":"max-image-preview:large","max-video-preview":"max-video-preview:-1"},"canonical":"https:\/\/www.accuratereviews.com\/it\/piattaforme-influencer-marketing\/hypr-recensione\/","og_locale":"it_IT","og_type":"article","og_title":"Hypr: recensione software per influencer marketing - Accurate Reviews","og_description":"Hypr: recensione piattaforma di influencer marketing che assiste le aziende con l'analisi del pubblico e la gestione delle campagne.","og_url":"https:\/\/www.accuratereviews.com\/it\/piattaforme-influencer-marketing\/hypr-recensione\/","og_site_name":"Accurate Reviews","og_image":[{"width":480,"height":320,"url":"https:\/\/www.accuratereviews.com\/wp-content\/uploads\/2021\/09\/hypr.jpg","type":"image\/jpeg"}],"twitter_card":"summary_large_image","twitter_misc":{"Tempo di lettura stimato":"4 minuti"},"schema":{"@context":"https:\/\/schema.org","@graph":[{"@type":"WebPage","@id":"https:\/\/www.accuratereviews.com\/it\/piattaforme-influencer-marketing\/hypr-recensione\/","url":"https:\/\/www.accuratereviews.com\/it\/piattaforme-influencer-marketing\/hypr-recensione\/","name":"Hypr: recensione software per influencer marketing - Accurate Reviews","isPartOf":{"@id":"https:\/\/www.accuratereviews.com\/it\/#website"},"primaryImageOfPage":{"@id":"https:\/\/www.accuratereviews.com\/it\/piattaforme-influencer-marketing\/hypr-recensione\/#primaryimage"},"image":{"@id":"https:\/\/www.accuratereviews.com\/it\/piattaforme-influencer-marketing\/hypr-recensione\/#primaryimage"},"thumbnailUrl":"https:\/\/www.accuratereviews.com\/wp-content\/uploads\/2021\/09\/hypr.jpg","datePublished":"2021-09-30T15:26:45+00:00","description":"Hypr: recensione piattaforma di influencer marketing che assiste le aziende con l'analisi del pubblico e la gestione delle campagne.","breadcrumb":{"@id":"https:\/\/www.accuratereviews.com\/it\/piattaforme-influencer-marketing\/hypr-recensione\/#breadcrumb"},"inLanguage":"it-IT","potentialAction":[{"@type":"ReadAction","target":["https:\/\/www.accuratereviews.com\/it\/piattaforme-influencer-marketing\/hypr-recensione\/"]}]},{"@type":"ImageObject","inLanguage":"it-IT","@id":"https:\/\/www.accuratereviews.com\/it\/piattaforme-influencer-marketing\/hypr-recensione\/#primaryimage","url":"https:\/\/www.accuratereviews.com\/wp-content\/uploads\/2021\/09\/hypr.jpg","contentUrl":"https:\/\/www.accuratereviews.com\/wp-content\/uploads\/2021\/09\/hypr.jpg","width":480,"height":320},{"@type":"BreadcrumbList","@id":"https:\/\/www.accuratereviews.com\/it\/piattaforme-influencer-marketing\/hypr-recensione\/#breadcrumb","itemListElement":[{"@type":"ListItem","position":1,"name":"Home","item":"https:\/\/www.accuratereviews.com\/it\/"},{"@type":"ListItem","position":2,"name":"Piattaforme per influencer marketing","item":"https:\/\/www.accuratereviews.com\/it\/piattaforme-influencer-marketing\/"},{"@type":"ListItem","position":3,"name":"HYPR"}]},{"@type":"WebSite","@id":"https:\/\/www.accuratereviews.com\/it\/#website","url":"https:\/\/www.accuratereviews.com\/it\/","name":"Accurate Reviews","description":"","potentialAction":[{"@type":"SearchAction","target":{"@type":"EntryPoint","urlTemplate":"https:\/\/www.accuratereviews.com\/it\/?s={search_term_string}"},"query-input":{"@type":"PropertyValueSpecification","valueRequired":true,"valueName":"search_term_string"}}],"inLanguage":"it-IT"}]}},"_links":{"self":[{"href":"https:\/\/www.accuratereviews.com\/it\/wp-json\/wp\/v2\/pages\/48382","targetHints":{"allow":["GET"]}}],"collection":[{"href":"https:\/\/www.accuratereviews.com\/it\/wp-json\/wp\/v2\/pages"}],"about":[{"href":"https:\/\/www.accuratereviews.com\/it\/wp-json\/wp\/v2\/types\/page"}],"author":[{"embeddable":true,"href":"https:\/\/www.accuratereviews.com\/it\/wp-json\/wp\/v2\/users\/16"}],"replies":[{"embeddable":true,"href":"https:\/\/www.accuratereviews.com\/it\/wp-json\/wp\/v2\/comments?post=48382"}],"version-history":[{"count":8,"href":"https:\/\/www.accuratereviews.com\/it\/wp-json\/wp\/v2\/pages\/48382\/revisions"}],"predecessor-version":[{"id":48453,"href":"https:\/\/www.accuratereviews.com\/it\/wp-json\/wp\/v2\/pages\/48382\/revisions\/48453"}],"up":[{"embeddable":true,"href":"https:\/\/www.accuratereviews.com\/it\/wp-json\/wp\/v2\/pages\/48041"}],"wp:featuredmedia":[{"embeddable":true,"href":"https:\/\/www.accuratereviews.com\/it\/wp-json\/wp\/v2\/media\/48383"}],"wp:attachment":[{"href":"https:\/\/www.accuratereviews.com\/it\/wp-json\/wp\/v2\/media?parent=48382"}],"wp:term":[{"taxonomy":"category","embeddable":true,"href":"https:\/\/www.accuratereviews.com\/it\/wp-json\/wp\/v2\/categories?post=48382"},{"taxonomy":"post_tag","embeddable":true,"href":"https:\/\/www.accuratereviews.com\/it\/wp-json\/wp\/v2\/tags?post=48382"},{"taxonomy":"features","embeddable":true,"href":"https:\/\/www.accuratereviews.com\/it\/wp-json\/wp\/v2\/features?post=48382"}],"curies":[{"name":"wp","href":"https:\/\/api.w.org\/{rel}","templated":true}]}}