{"id":48390,"date":"2021-09-30T15:22:45","date_gmt":"2021-09-30T15:22:45","guid":{"rendered":"https:\/\/www.accuratereviews.com\/?page_id=48390"},"modified":"2021-09-30T15:22:45","modified_gmt":"2021-09-30T15:22:45","slug":"wooly-recensione","status":"publish","type":"page","link":"https:\/\/www.accuratereviews.com\/it\/piattaforme-influencer-marketing\/wooly-recensione\/","title":{"rendered":"Wooly"},"content":{"rendered":"<p><strong>Wooly<\/strong> \u00e8 una <strong>soluzione di gestione del marketing<\/strong> basata su <strong>cloud<\/strong> progettata per aiutare le aziende a interagire con i clienti attraverso vari canali di social media come Facebook, Instagram e Twitter al fine di aumentare la consapevolezza del marchio. La piattaforma consente alle organizzazioni di creare campagne di marketing personalizzate, importare elenchi di clienti e inviare inviti per l&#8217;assunzione di influencer. Il programma\u00a0\u00e8 dotato di una funzionalit\u00e0 di attribuzione delle vendite, che permette a clienti, sostenitori, dipendenti e partner di condividere e vendere prodotti tramite consigli personalizzati. La funzione di menzioni social consente agli esperti di marketing di monitorare i riferimenti, i commenti e le discussioni del marchio attraverso le piattaforme di social media. Gli utenti possono anche creare contenuti personalizzati, promuovere marchi e scrivere recensioni di prodotti.<\/p>\n<h2>WOOLY &#8211; TUTORIAL<\/h2>\n<p>Il video ti mostrer\u00e0 come registrarti con un marchio in questo software per influencer marketing e completare il tuo profilo:<\/p>\n<div id=\"fluid-wrapper-counter-1\" class=\"g1-fluid-wrapper \" style=\"width:686px;\">\n<div style=\"padding-bottom:56.268221574344%;\"><iframe loading=\"lazy\" title=\"How to Sign Up and Complete Your Profile in Wooly\" width=\"686\" height=\"386\" src=\"https:\/\/www.youtube.com\/embed\/Itew3wenAwA?feature=oembed&amp;wmode=transparent&amp;autohide=1&amp;autoplay=0&amp;disablekb=0&amp;fs=1&amp;loop=0&amp;enablejsapi=1&amp;rel=0&amp;controls=2&amp;showinfo=0&amp;wmode=transparent&amp;autohide=2&amp;autoplay=0&amp;disablekb=0&amp;fs=1&amp;loop=0&amp;enablejsapi=1&amp;rel=0&amp;controls=2&amp;showinfo=1\" frameborder=\"0\" allow=\"accelerometer; autoplay; clipboard-write; encrypted-media; gyroscope; picture-in-picture\" allowfullscreen><\/iframe><\/div>\n<\/div>\n<h3>WOOLY &#8211; CARATTERISTICHE<\/h3>\n<ul>\n<li><strong>Crea il tuo CRM per influencer<\/strong>: la soluzione fornisce gli strumenti per connettersi con autentici influencer e renderli partner di marketing del brand<\/li>\n<li><strong>Influencer marketing<\/strong>: crea applicazioni, condividi link di riferimento, codici sconto e automatizza i rapporti<\/li>\n<li><strong>Monitoraggio dei social media:<\/strong> tieni traccia dell&#8217;attribuzione delle vendite dirette, dei contenuti generati dagli utenti e dell&#8217;impatto social per ogni influencer. Automatizza i rapporti per ogni persona, campagna e programma in modo da sapere cosa sta guidando la crescita<\/li>\n<li><strong>Equipaggia i tuoi portavoce per il successo<\/strong>: condividi automaticamente ispirazione, direzione, link di sconto, codici di sconto e risorse tramite la soluzione per trasformare i fan influenti in autentici sostenitori del tuo brand<\/li>\n<li><strong>Piattaforma ambassador all-in-one<\/strong>: gestisci il tuo programma di marketing ambassador con una soluzione completa. A differenza degli strumenti di affiliazione, il programma tiene traccia della consapevolezza social, del coinvolgimento della campagna e dei contenuti generati dagli utenti per semplificare le tue responsabilit\u00e0<\/li>\n<li><strong>Lancia un marchio<\/strong>: scopri come aumentare la notoriet\u00e0, il valore dei media e le vendite in modo credibile. Scopri rapidamente come avviare il marketing degli influencer evitando insidie \u200b\u200be ostacoli comuni.<\/li>\n<\/ul>\n<h4>LE RECENSIONI DEGLI UTENTI<\/h4>\n<p class=\"font-weight-bold mb-1 d-flex align-items-center\"><strong>Lexis F.&#8221;Wooly per gli influencer!&#8221;<\/strong><\/p>\n<p><strong>Pro: <\/strong>Usiamo la lana di pi\u00f9 per gestire le nostre community e influencer esclusivi. Le entrate che generano, la gestione dei codici personali e condivisibili, il completamento della campagna, ecc. \u00c8 una grande risorsa sia per gli influencer che per il nostro team di gestione.<\/p>\n<p><strong>Contro: <\/strong>Ci piacerebbe che Wooly avesse un modo per monitorare le entrate pi\u00f9 velocemente. A volte ci sono alcune discrepanze tra wooly e Shopify.<\/p>\n<p class=\"font-weight-bold mb-1 d-flex align-items-center\"><strong>Jacob O.&#8221;Mi piace molto lavorare con il Wooly Team&#8221;<\/strong><\/p>\n<p><strong>Commenti: <\/strong>Nel complesso \u00e8 stato un regalo! Facile strumento di gestione di Ambassador\/Influencer, in cui puoi ospitare, segnalare e interagire con il tuo team da uno strumento. ++ Facilit\u00e0 di reporting, monitoraggio delle metriche, raccolta di contenuti UGC, attribuzione delle vendite, creazione di campagne, incentivi.<\/p>\n<p><strong>Pro: <\/strong>L&#8217;integrazione con l&#8217;intero team \u00e8 molto snella e senza soluzione di continuit\u00e0. Come marchio globale, abbiamo dovuto invitare pi\u00f9 parti interessate, sviluppatori, direttori nella conversazione. Il team Wooly \u00e8 stato estremamente professionale e di supporto dall&#8217;onboarding all&#8217;implementazione. Hanno gestito le nostre domande\/preoccupazioni con comprensione e non hanno mai sentito la pressione di andare avanti contrattualmente con loro, ma hanno invece sentito il supporto per far crescere il nostro programma con loro.<\/p>\n<p><strong>Contro: <\/strong>La segnalazione del software potrebbe essere migliorata\/pi\u00f9 dettagliata, cosa su cui so che il team sta lavorando!<\/p>\n<p class=\"font-weight-bold mb-1 d-flex align-items-center\"><strong>Denise P.&#8221;Fin qui tutto bene&#8221;<\/strong><\/p>\n<p><strong>Commenti: <\/strong>Finora \u00e8 andata bene. Sto ancora imparando e so che stanno ancora migliorando il software, quindi penso che stiamo andando nella giusta direzione.<\/p>\n<p><strong>Pro: <\/strong>Le parti migliori di questo software per me sono state: 1. Il servizio clienti \u00e8 meraviglioso. 2. Il processo di candidatura \u00e8 semplice. 3. La possibilit\u00e0 di duplicare le campagne in modo da non dover costruire da zero ogni volta \u00e8 CHIAVE.<\/p>\n<p><strong>Contro: <\/strong>Finora, la parte frustrante per me \u00e8 stata che non ottiene sempre informazioni aggiornate per tutti i contatti. A volte si rimedia aggiornando la pagina dei contatti, ma non sempre. Non \u00e8 sempre coerente&#8230;<\/p>\n<p>&nbsp;<\/p>\n","protected":false},"excerpt":{"rendered":"<p>Wooly \u00e8 una soluzione di gestione del marketing basata su cloud progettata per aiutare le aziende a interagire con i clienti attraverso vari canali di social media come Facebook, Instagram e Twitter al fine di aumentare la consapevolezza del marchio. La piattaforma consente alle organizzazioni di creare campagne di marketing personalizzate, importare elenchi di clienti e inviare inviti per l&#8217;assunzione di influencer.<\/p>\n","protected":false},"author":16,"featured_media":48391,"parent":48041,"menu_order":0,"comment_status":"open","ping_status":"closed","template":"g1_template_page_review_new.php","meta":{"_acf_changed":false,"cwp_meta_box_check":"Yes","cwp_rev_product_name":"","cwp_rev_product_image":"","wppr_links":[],"cwp_rev_price":"","wppr_options":[],"wppr_pros":[],"wppr_cons":[],"_monsterinsights_skip_tracking":false,"_monsterinsights_sitenote_active":false,"_monsterinsights_sitenote_note":"","_monsterinsights_sitenote_category":0,"footnotes":""},"categories":[11175],"tags":[4149,11191,11189,11181,11192,11236],"features":[],"class_list":{"0":"post-48390","1":"page","2":"type-page","3":"status-publish","4":"has-post-thumbnail","6":"category-piattaforme-per-influencer-marketing","7":"tag-influencer-marketing-it","8":"tag-piattaforma-per-influencer-marketing","9":"tag-programma-per-influencer-marketing","10":"tag-software-per-influencer-marketing","11":"tag-soluzione-per-influencer-marketing","12":"tag-wooly"},"wppr_data":{"cwp_meta_box_check":"Yes","cwp_rev_product_name":"","cwp_rev_product_image":"","cwp_image_link":"image","cwp_rev_price":"","wppr_rating":"0.00"},"acf":[],"yoast_head":"<!-- This site is optimized with the Yoast SEO plugin v27.4 - https:\/\/yoast.com\/product\/yoast-seo-wordpress\/ -->\n<title>Wooly: recensione software per influencer marketing - Accurate Reviews<\/title>\n<meta name=\"description\" content=\"Wooly: recensione soluzione di gestione del marketing basata su cloud progettata per aiutare le aziende a interagire con i clienti via social\" \/>\n<meta name=\"robots\" content=\"index, follow, max-snippet:-1, max-image-preview:large, max-video-preview:-1\" \/>\n<link rel=\"canonical\" href=\"https:\/\/www.accuratereviews.com\/it\/piattaforme-influencer-marketing\/wooly-recensione\/\" \/>\n<meta property=\"og:locale\" content=\"it_IT\" \/>\n<meta property=\"og:type\" content=\"article\" \/>\n<meta property=\"og:title\" content=\"Wooly: recensione software per influencer marketing - Accurate Reviews\" \/>\n<meta property=\"og:description\" content=\"Wooly: recensione soluzione di gestione del marketing basata su cloud progettata per aiutare le aziende a interagire con i clienti via social\" \/>\n<meta property=\"og:url\" content=\"https:\/\/www.accuratereviews.com\/it\/piattaforme-influencer-marketing\/wooly-recensione\/\" \/>\n<meta property=\"og:site_name\" content=\"Accurate Reviews\" \/>\n<meta property=\"og:image\" content=\"https:\/\/www.accuratereviews.com\/wp-content\/uploads\/2021\/09\/Wooly.png\" \/>\n\t<meta property=\"og:image:width\" content=\"200\" \/>\n\t<meta property=\"og:image:height\" content=\"200\" \/>\n\t<meta property=\"og:image:type\" content=\"image\/png\" \/>\n<meta name=\"twitter:card\" content=\"summary_large_image\" \/>\n<meta name=\"twitter:label1\" content=\"Tempo di lettura stimato\" \/>\n\t<meta name=\"twitter:data1\" content=\"3 minuti\" \/>\n<script type=\"application\/ld+json\" class=\"yoast-schema-graph\">{\"@context\":\"https:\\\/\\\/schema.org\",\"@graph\":[{\"@type\":\"WebPage\",\"@id\":\"https:\\\/\\\/www.accuratereviews.com\\\/it\\\/piattaforme-influencer-marketing\\\/wooly-recensione\\\/\",\"url\":\"https:\\\/\\\/www.accuratereviews.com\\\/it\\\/piattaforme-influencer-marketing\\\/wooly-recensione\\\/\",\"name\":\"Wooly: recensione software per influencer marketing - Accurate Reviews\",\"isPartOf\":{\"@id\":\"https:\\\/\\\/www.accuratereviews.com\\\/it\\\/#website\"},\"primaryImageOfPage\":{\"@id\":\"https:\\\/\\\/www.accuratereviews.com\\\/it\\\/piattaforme-influencer-marketing\\\/wooly-recensione\\\/#primaryimage\"},\"image\":{\"@id\":\"https:\\\/\\\/www.accuratereviews.com\\\/it\\\/piattaforme-influencer-marketing\\\/wooly-recensione\\\/#primaryimage\"},\"thumbnailUrl\":\"https:\\\/\\\/www.accuratereviews.com\\\/wp-content\\\/uploads\\\/2021\\\/09\\\/Wooly.png\",\"datePublished\":\"2021-09-30T15:22:45+00:00\",\"description\":\"Wooly: recensione soluzione di gestione del marketing basata su cloud progettata per aiutare le aziende a interagire con i clienti via social\",\"breadcrumb\":{\"@id\":\"https:\\\/\\\/www.accuratereviews.com\\\/it\\\/piattaforme-influencer-marketing\\\/wooly-recensione\\\/#breadcrumb\"},\"inLanguage\":\"it-IT\",\"potentialAction\":[{\"@type\":\"ReadAction\",\"target\":[\"https:\\\/\\\/www.accuratereviews.com\\\/it\\\/piattaforme-influencer-marketing\\\/wooly-recensione\\\/\"]}]},{\"@type\":\"ImageObject\",\"inLanguage\":\"it-IT\",\"@id\":\"https:\\\/\\\/www.accuratereviews.com\\\/it\\\/piattaforme-influencer-marketing\\\/wooly-recensione\\\/#primaryimage\",\"url\":\"https:\\\/\\\/www.accuratereviews.com\\\/wp-content\\\/uploads\\\/2021\\\/09\\\/Wooly.png\",\"contentUrl\":\"https:\\\/\\\/www.accuratereviews.com\\\/wp-content\\\/uploads\\\/2021\\\/09\\\/Wooly.png\",\"width\":200,\"height\":200},{\"@type\":\"BreadcrumbList\",\"@id\":\"https:\\\/\\\/www.accuratereviews.com\\\/it\\\/piattaforme-influencer-marketing\\\/wooly-recensione\\\/#breadcrumb\",\"itemListElement\":[{\"@type\":\"ListItem\",\"position\":1,\"name\":\"Home\",\"item\":\"https:\\\/\\\/www.accuratereviews.com\\\/it\\\/\"},{\"@type\":\"ListItem\",\"position\":2,\"name\":\"Piattaforme per influencer marketing\",\"item\":\"https:\\\/\\\/www.accuratereviews.com\\\/it\\\/piattaforme-influencer-marketing\\\/\"},{\"@type\":\"ListItem\",\"position\":3,\"name\":\"Wooly\"}]},{\"@type\":\"WebSite\",\"@id\":\"https:\\\/\\\/www.accuratereviews.com\\\/it\\\/#website\",\"url\":\"https:\\\/\\\/www.accuratereviews.com\\\/it\\\/\",\"name\":\"Accurate Reviews\",\"description\":\"\",\"potentialAction\":[{\"@type\":\"SearchAction\",\"target\":{\"@type\":\"EntryPoint\",\"urlTemplate\":\"https:\\\/\\\/www.accuratereviews.com\\\/it\\\/?s={search_term_string}\"},\"query-input\":{\"@type\":\"PropertyValueSpecification\",\"valueRequired\":true,\"valueName\":\"search_term_string\"}}],\"inLanguage\":\"it-IT\"}]}<\/script>\n<!-- \/ Yoast SEO plugin. -->","yoast_head_json":{"title":"Wooly: recensione software per influencer marketing - Accurate Reviews","description":"Wooly: recensione soluzione di gestione del marketing basata su cloud progettata per aiutare le aziende a interagire con i clienti via social","robots":{"index":"index","follow":"follow","max-snippet":"max-snippet:-1","max-image-preview":"max-image-preview:large","max-video-preview":"max-video-preview:-1"},"canonical":"https:\/\/www.accuratereviews.com\/it\/piattaforme-influencer-marketing\/wooly-recensione\/","og_locale":"it_IT","og_type":"article","og_title":"Wooly: recensione software per influencer marketing - Accurate Reviews","og_description":"Wooly: recensione soluzione di gestione del marketing basata su cloud progettata per aiutare le aziende a interagire con i clienti via social","og_url":"https:\/\/www.accuratereviews.com\/it\/piattaforme-influencer-marketing\/wooly-recensione\/","og_site_name":"Accurate Reviews","og_image":[{"width":200,"height":200,"url":"https:\/\/www.accuratereviews.com\/wp-content\/uploads\/2021\/09\/Wooly.png","type":"image\/png"}],"twitter_card":"summary_large_image","twitter_misc":{"Tempo di lettura stimato":"3 minuti"},"schema":{"@context":"https:\/\/schema.org","@graph":[{"@type":"WebPage","@id":"https:\/\/www.accuratereviews.com\/it\/piattaforme-influencer-marketing\/wooly-recensione\/","url":"https:\/\/www.accuratereviews.com\/it\/piattaforme-influencer-marketing\/wooly-recensione\/","name":"Wooly: recensione software per influencer marketing - Accurate Reviews","isPartOf":{"@id":"https:\/\/www.accuratereviews.com\/it\/#website"},"primaryImageOfPage":{"@id":"https:\/\/www.accuratereviews.com\/it\/piattaforme-influencer-marketing\/wooly-recensione\/#primaryimage"},"image":{"@id":"https:\/\/www.accuratereviews.com\/it\/piattaforme-influencer-marketing\/wooly-recensione\/#primaryimage"},"thumbnailUrl":"https:\/\/www.accuratereviews.com\/wp-content\/uploads\/2021\/09\/Wooly.png","datePublished":"2021-09-30T15:22:45+00:00","description":"Wooly: recensione soluzione di gestione del marketing basata su cloud progettata per aiutare le aziende a interagire con i clienti via social","breadcrumb":{"@id":"https:\/\/www.accuratereviews.com\/it\/piattaforme-influencer-marketing\/wooly-recensione\/#breadcrumb"},"inLanguage":"it-IT","potentialAction":[{"@type":"ReadAction","target":["https:\/\/www.accuratereviews.com\/it\/piattaforme-influencer-marketing\/wooly-recensione\/"]}]},{"@type":"ImageObject","inLanguage":"it-IT","@id":"https:\/\/www.accuratereviews.com\/it\/piattaforme-influencer-marketing\/wooly-recensione\/#primaryimage","url":"https:\/\/www.accuratereviews.com\/wp-content\/uploads\/2021\/09\/Wooly.png","contentUrl":"https:\/\/www.accuratereviews.com\/wp-content\/uploads\/2021\/09\/Wooly.png","width":200,"height":200},{"@type":"BreadcrumbList","@id":"https:\/\/www.accuratereviews.com\/it\/piattaforme-influencer-marketing\/wooly-recensione\/#breadcrumb","itemListElement":[{"@type":"ListItem","position":1,"name":"Home","item":"https:\/\/www.accuratereviews.com\/it\/"},{"@type":"ListItem","position":2,"name":"Piattaforme per influencer marketing","item":"https:\/\/www.accuratereviews.com\/it\/piattaforme-influencer-marketing\/"},{"@type":"ListItem","position":3,"name":"Wooly"}]},{"@type":"WebSite","@id":"https:\/\/www.accuratereviews.com\/it\/#website","url":"https:\/\/www.accuratereviews.com\/it\/","name":"Accurate Reviews","description":"","potentialAction":[{"@type":"SearchAction","target":{"@type":"EntryPoint","urlTemplate":"https:\/\/www.accuratereviews.com\/it\/?s={search_term_string}"},"query-input":{"@type":"PropertyValueSpecification","valueRequired":true,"valueName":"search_term_string"}}],"inLanguage":"it-IT"}]}},"_links":{"self":[{"href":"https:\/\/www.accuratereviews.com\/it\/wp-json\/wp\/v2\/pages\/48390","targetHints":{"allow":["GET"]}}],"collection":[{"href":"https:\/\/www.accuratereviews.com\/it\/wp-json\/wp\/v2\/pages"}],"about":[{"href":"https:\/\/www.accuratereviews.com\/it\/wp-json\/wp\/v2\/types\/page"}],"author":[{"embeddable":true,"href":"https:\/\/www.accuratereviews.com\/it\/wp-json\/wp\/v2\/users\/16"}],"replies":[{"embeddable":true,"href":"https:\/\/www.accuratereviews.com\/it\/wp-json\/wp\/v2\/comments?post=48390"}],"version-history":[{"count":11,"href":"https:\/\/www.accuratereviews.com\/it\/wp-json\/wp\/v2\/pages\/48390\/revisions"}],"predecessor-version":[{"id":48445,"href":"https:\/\/www.accuratereviews.com\/it\/wp-json\/wp\/v2\/pages\/48390\/revisions\/48445"}],"up":[{"embeddable":true,"href":"https:\/\/www.accuratereviews.com\/it\/wp-json\/wp\/v2\/pages\/48041"}],"wp:featuredmedia":[{"embeddable":true,"href":"https:\/\/www.accuratereviews.com\/it\/wp-json\/wp\/v2\/media\/48391"}],"wp:attachment":[{"href":"https:\/\/www.accuratereviews.com\/it\/wp-json\/wp\/v2\/media?parent=48390"}],"wp:term":[{"taxonomy":"category","embeddable":true,"href":"https:\/\/www.accuratereviews.com\/it\/wp-json\/wp\/v2\/categories?post=48390"},{"taxonomy":"post_tag","embeddable":true,"href":"https:\/\/www.accuratereviews.com\/it\/wp-json\/wp\/v2\/tags?post=48390"},{"taxonomy":"features","embeddable":true,"href":"https:\/\/www.accuratereviews.com\/it\/wp-json\/wp\/v2\/features?post=48390"}],"curies":[{"name":"wp","href":"https:\/\/api.w.org\/{rel}","templated":true}]}}