{"id":48421,"date":"2021-09-30T15:28:11","date_gmt":"2021-09-30T15:28:11","guid":{"rendered":"https:\/\/www.accuratereviews.com\/?page_id=48421"},"modified":"2021-09-30T15:28:11","modified_gmt":"2021-09-30T15:28:11","slug":"target-circle-recensione","status":"publish","type":"page","link":"https:\/\/www.accuratereviews.com\/it\/piattaforme-influencer-marketing\/target-circle-recensione\/","title":{"rendered":"Target Circle"},"content":{"rendered":"<p><strong>Target Circle<\/strong> \u00e8 un <strong>software di influencer marketing<\/strong> che ha l&#8217;obiettivo di alimentare le partnership che portano risultati facendo crescere aziende di tutte le dimensioni. Questa piattaforma su misura\u00a0rafforza la consapevolezza e la fedelt\u00e0 del marchio ed \u00e8 ricca di funzionalit\u00e0 che permettono agli affiliati di tutto il mondo di creare la propria rete di partner in pochi minuti.<br \/>\nCome soluzione di affiliazione, <strong>Target Circle<\/strong> risulta piuttosto conveniente poich\u00e9 ti permette di automatizzare i tuoi programmi partner in modo semplice e veloce, facendoti risparmiare tempo che potrai investire in altre attivit\u00e0.<\/p>\n<h2>TARGET CIRCLE &#8211; TUTORIAL<\/h2>\n<p>Di seguito un breve video che ci mostra quali funzionalit\u00e0 offre questo <strong>programma di influencer marketing<\/strong>:<\/p>\n<div class=\"wp-video\" style=\"max-width:640px;\"><video class=\"wp-video-shortcode\" width=\"640\" height=\"360\" controls autoplay muted playsinline preload=\"auto\"><source src=\"https:\/\/pimarketingcloud.blob.core.windows.net\/content\/targetcircle\/_Target%20circle1.6-1080p-1c7b0214-c9d5-4193-8987-eef11fdb4682.mp4\" type=\"video\/mp4\"><\/video><\/div>\n<p>&nbsp;<\/p>\n<h3>TARGET CIRCLE &#8211; CARATTERISTICHE<\/h3>\n<ul>\n<li><strong>Scoperta<\/strong>: connettiti con decine di migliaia di partner nel nostro Marketplace dei partner<\/li>\n<li><strong>Analis<\/strong>i: crea approfondimenti sul percorso di conversione con un monitoraggio accurato al 99,99966%.<\/li>\n<li><strong>Sistema reportistico<\/strong>: crea report chiari e completi in pochi clic<\/li>\n<li><strong>Personalizzazione<\/strong>: utilizza dashboard e interfaccia completamente personalizzabili<\/li>\n<li><strong>Gestione<\/strong>: gestisci partner e offerte in un unico posto<\/li>\n<li><strong>Pagamenti<\/strong>: convalida i pagamenti dei tuoi partner<\/li>\n<\/ul>\n<h4>LE RECENSIONI DEGLI UTENTI<\/h4>\n<p><strong>Aidan W. &#8220;Un buon punto di partenza nel marketing. Ho un buon rapporto con i collaboratori&#8221;.<\/strong><br \/>\nCOMMENTI: il servizio \u00e8 eccellente.<br \/>\nPRO: le funzioni sono facili da usare e se hai un problema il team di supporto ti assiste immediatamente.<br \/>\nCONTRO: non posso accedere al back end degli account degli editori per assisterli nell&#8217;aggiunta di siti web o nell&#8217;aggiornamento dei loro account.<\/p>\n<p><strong>Roger F. &#8220;Facile da usare, efficiente, piattaforma intelligente&#8221;<\/strong><br \/>\nCOMMENTI: piattaforma di gestione delle affiliazioni di prima scelta per noi!<br \/>\nPRO: da quando abbiamo iniziato la nostra attivit\u00e0 abbiamo utilizzato diversi strumenti di monitoraggio. Tuttavia Target Circle si distingue in tanti aspetti. Tecnicamente, non abbiamo mai avuto sezioni di report e strumenti di gestione delle offerte migliori. Ma, la parte che \u00e8 stata davvero inaspettata \u00e8 stata una gestione completa dei nostri affiliati. Non abbiamo dovuto creare manualmente le fatture per loro, tutto \u00e8 automatizzato. Se vuoi ridurre il tuo tempo nella routine quotidiana con il tuo programma di affiliazione, questa \u00e8 la soluzione giusta per te. \u00c8 anche facile comunicare con il team di supporto.<br \/>\nCONTRO: abbiamo avuto qualche giorno in cui la piattaforma si caricava molto lentamente, ma fondamentalmente questo non era un problema. Bisogna scansionare i prodotti singolarmente, sarebbe bello se tutti i coupon fossero memorizzati automaticamente e si dovesse solo scansionare il codice a barre per raccoglierli tutti.<\/p>\n<p><strong>Elisabeth G. &#8220;Un software facile da gestire senza aiuto o formazione&#8221;.<\/strong><br \/>\nCOMMENTI: ottimo nel complesso, e il servizio clienti \u00e8 fenomenale.<br \/>\nPRO: le informazioni dettagliate delle vendite di vari editori e le opzioni di valuta.<br \/>\nCONTRO: potrebbe essere pi\u00f9 facile selezionare le opzioni delle date sui rapporti.<\/p>\n","protected":false},"excerpt":{"rendered":"<p>Target Circle \u00e8 un software di influencer marketing che ha l&#8217;obiettivo di alimentare le partnership che portano risultati facendo crescere aziende di tutte le dimensioni. Questa piattaforma su misura\u00a0rafforza la consapevolezza e la fedelt\u00e0 del marchio ed \u00e8 ricca di funzionalit\u00e0 che permettono agli affiliati di tutto il mondo di creare la propria rete di partner in pochi minuti.\u00a0<\/p>\n","protected":false},"author":17,"featured_media":48429,"parent":48041,"menu_order":0,"comment_status":"open","ping_status":"closed","template":"g1_template_page_review_new.php","meta":{"_acf_changed":false,"cwp_meta_box_check":"No","cwp_rev_product_name":"","cwp_rev_product_image":"","wppr_links":[],"cwp_rev_price":"","wppr_options":[],"wppr_pros":[],"wppr_cons":[],"_monsterinsights_skip_tracking":false,"_monsterinsights_sitenote_active":false,"_monsterinsights_sitenote_note":"","_monsterinsights_sitenote_category":0,"footnotes":""},"categories":[11175],"tags":[1088,4149,11191,11189,11181],"features":[],"class_list":{"0":"post-48421","1":"page","2":"type-page","3":"status-publish","4":"has-post-thumbnail","6":"category-piattaforme-per-influencer-marketing","7":"tag-digital-influencer","8":"tag-influencer-marketing-it","9":"tag-piattaforma-per-influencer-marketing","10":"tag-programma-per-influencer-marketing","11":"tag-software-per-influencer-marketing"},"wppr_data":{"cwp_meta_box_check":"No"},"acf":[],"yoast_head":"<!-- This site is optimized with the Yoast SEO plugin v27.4 - https:\/\/yoast.com\/product\/yoast-seo-wordpress\/ -->\n<title>Target Circle: recensione software influencer marketing - Accurate Reviews<\/title>\n<meta name=\"description\" content=\"Target Circle: recensione del software di influencer marketing che ha l&#039;obiettivo di alimentare le partnership e far crescere le aziende.\" \/>\n<meta name=\"robots\" content=\"index, follow, max-snippet:-1, max-image-preview:large, max-video-preview:-1\" \/>\n<link rel=\"canonical\" href=\"https:\/\/www.accuratereviews.com\/it\/piattaforme-influencer-marketing\/target-circle-recensione\/\" \/>\n<meta property=\"og:locale\" content=\"it_IT\" \/>\n<meta property=\"og:type\" content=\"article\" \/>\n<meta property=\"og:title\" content=\"Target Circle: recensione software influencer marketing - Accurate Reviews\" \/>\n<meta property=\"og:description\" content=\"Target Circle: recensione del software di influencer marketing che ha l&#039;obiettivo di alimentare le partnership e far crescere le aziende.\" \/>\n<meta property=\"og:url\" content=\"https:\/\/www.accuratereviews.com\/it\/piattaforme-influencer-marketing\/target-circle-recensione\/\" \/>\n<meta property=\"og:site_name\" content=\"Accurate Reviews\" \/>\n<meta property=\"og:image\" content=\"https:\/\/www.accuratereviews.com\/wp-content\/uploads\/2021\/09\/Schermata-2021-09-30-alle-14.00.42-1.png\" \/>\n\t<meta property=\"og:image:width\" content=\"919\" \/>\n\t<meta property=\"og:image:height\" content=\"300\" \/>\n\t<meta property=\"og:image:type\" content=\"image\/png\" \/>\n<meta name=\"twitter:card\" content=\"summary_large_image\" \/>\n<meta name=\"twitter:label1\" content=\"Tempo di lettura stimato\" \/>\n\t<meta name=\"twitter:data1\" content=\"2 minuti\" \/>\n<script type=\"application\/ld+json\" class=\"yoast-schema-graph\">{\"@context\":\"https:\\\/\\\/schema.org\",\"@graph\":[{\"@type\":\"WebPage\",\"@id\":\"https:\\\/\\\/www.accuratereviews.com\\\/it\\\/piattaforme-influencer-marketing\\\/target-circle-recensione\\\/\",\"url\":\"https:\\\/\\\/www.accuratereviews.com\\\/it\\\/piattaforme-influencer-marketing\\\/target-circle-recensione\\\/\",\"name\":\"Target Circle: recensione software influencer marketing - Accurate Reviews\",\"isPartOf\":{\"@id\":\"https:\\\/\\\/www.accuratereviews.com\\\/it\\\/#website\"},\"primaryImageOfPage\":{\"@id\":\"https:\\\/\\\/www.accuratereviews.com\\\/it\\\/piattaforme-influencer-marketing\\\/target-circle-recensione\\\/#primaryimage\"},\"image\":{\"@id\":\"https:\\\/\\\/www.accuratereviews.com\\\/it\\\/piattaforme-influencer-marketing\\\/target-circle-recensione\\\/#primaryimage\"},\"thumbnailUrl\":\"https:\\\/\\\/www.accuratereviews.com\\\/wp-content\\\/uploads\\\/2021\\\/09\\\/Schermata-2021-09-30-alle-14.00.42-1.png\",\"datePublished\":\"2021-09-30T15:28:11+00:00\",\"description\":\"Target Circle: recensione del software di influencer marketing che ha l'obiettivo di alimentare le partnership e far crescere le aziende.\",\"breadcrumb\":{\"@id\":\"https:\\\/\\\/www.accuratereviews.com\\\/it\\\/piattaforme-influencer-marketing\\\/target-circle-recensione\\\/#breadcrumb\"},\"inLanguage\":\"it-IT\",\"potentialAction\":[{\"@type\":\"ReadAction\",\"target\":[\"https:\\\/\\\/www.accuratereviews.com\\\/it\\\/piattaforme-influencer-marketing\\\/target-circle-recensione\\\/\"]}]},{\"@type\":\"ImageObject\",\"inLanguage\":\"it-IT\",\"@id\":\"https:\\\/\\\/www.accuratereviews.com\\\/it\\\/piattaforme-influencer-marketing\\\/target-circle-recensione\\\/#primaryimage\",\"url\":\"https:\\\/\\\/www.accuratereviews.com\\\/wp-content\\\/uploads\\\/2021\\\/09\\\/Schermata-2021-09-30-alle-14.00.42-1.png\",\"contentUrl\":\"https:\\\/\\\/www.accuratereviews.com\\\/wp-content\\\/uploads\\\/2021\\\/09\\\/Schermata-2021-09-30-alle-14.00.42-1.png\",\"width\":919,\"height\":300},{\"@type\":\"BreadcrumbList\",\"@id\":\"https:\\\/\\\/www.accuratereviews.com\\\/it\\\/piattaforme-influencer-marketing\\\/target-circle-recensione\\\/#breadcrumb\",\"itemListElement\":[{\"@type\":\"ListItem\",\"position\":1,\"name\":\"Home\",\"item\":\"https:\\\/\\\/www.accuratereviews.com\\\/it\\\/\"},{\"@type\":\"ListItem\",\"position\":2,\"name\":\"Piattaforme per influencer marketing\",\"item\":\"https:\\\/\\\/www.accuratereviews.com\\\/it\\\/piattaforme-influencer-marketing\\\/\"},{\"@type\":\"ListItem\",\"position\":3,\"name\":\"Target Circle\"}]},{\"@type\":\"WebSite\",\"@id\":\"https:\\\/\\\/www.accuratereviews.com\\\/it\\\/#website\",\"url\":\"https:\\\/\\\/www.accuratereviews.com\\\/it\\\/\",\"name\":\"Accurate Reviews\",\"description\":\"\",\"potentialAction\":[{\"@type\":\"SearchAction\",\"target\":{\"@type\":\"EntryPoint\",\"urlTemplate\":\"https:\\\/\\\/www.accuratereviews.com\\\/it\\\/?s={search_term_string}\"},\"query-input\":{\"@type\":\"PropertyValueSpecification\",\"valueRequired\":true,\"valueName\":\"search_term_string\"}}],\"inLanguage\":\"it-IT\"}]}<\/script>\n<!-- \/ Yoast SEO plugin. -->","yoast_head_json":{"title":"Target Circle: recensione software influencer marketing - Accurate Reviews","description":"Target Circle: recensione del software di influencer marketing che ha l'obiettivo di alimentare le partnership e far crescere le aziende.","robots":{"index":"index","follow":"follow","max-snippet":"max-snippet:-1","max-image-preview":"max-image-preview:large","max-video-preview":"max-video-preview:-1"},"canonical":"https:\/\/www.accuratereviews.com\/it\/piattaforme-influencer-marketing\/target-circle-recensione\/","og_locale":"it_IT","og_type":"article","og_title":"Target Circle: recensione software influencer marketing - Accurate Reviews","og_description":"Target Circle: recensione del software di influencer marketing che ha l'obiettivo di alimentare le partnership e far crescere le aziende.","og_url":"https:\/\/www.accuratereviews.com\/it\/piattaforme-influencer-marketing\/target-circle-recensione\/","og_site_name":"Accurate Reviews","og_image":[{"width":919,"height":300,"url":"https:\/\/www.accuratereviews.com\/wp-content\/uploads\/2021\/09\/Schermata-2021-09-30-alle-14.00.42-1.png","type":"image\/png"}],"twitter_card":"summary_large_image","twitter_misc":{"Tempo di lettura stimato":"2 minuti"},"schema":{"@context":"https:\/\/schema.org","@graph":[{"@type":"WebPage","@id":"https:\/\/www.accuratereviews.com\/it\/piattaforme-influencer-marketing\/target-circle-recensione\/","url":"https:\/\/www.accuratereviews.com\/it\/piattaforme-influencer-marketing\/target-circle-recensione\/","name":"Target Circle: recensione software influencer marketing - Accurate Reviews","isPartOf":{"@id":"https:\/\/www.accuratereviews.com\/it\/#website"},"primaryImageOfPage":{"@id":"https:\/\/www.accuratereviews.com\/it\/piattaforme-influencer-marketing\/target-circle-recensione\/#primaryimage"},"image":{"@id":"https:\/\/www.accuratereviews.com\/it\/piattaforme-influencer-marketing\/target-circle-recensione\/#primaryimage"},"thumbnailUrl":"https:\/\/www.accuratereviews.com\/wp-content\/uploads\/2021\/09\/Schermata-2021-09-30-alle-14.00.42-1.png","datePublished":"2021-09-30T15:28:11+00:00","description":"Target Circle: recensione del software di influencer marketing che ha l'obiettivo di alimentare le partnership e far crescere le aziende.","breadcrumb":{"@id":"https:\/\/www.accuratereviews.com\/it\/piattaforme-influencer-marketing\/target-circle-recensione\/#breadcrumb"},"inLanguage":"it-IT","potentialAction":[{"@type":"ReadAction","target":["https:\/\/www.accuratereviews.com\/it\/piattaforme-influencer-marketing\/target-circle-recensione\/"]}]},{"@type":"ImageObject","inLanguage":"it-IT","@id":"https:\/\/www.accuratereviews.com\/it\/piattaforme-influencer-marketing\/target-circle-recensione\/#primaryimage","url":"https:\/\/www.accuratereviews.com\/wp-content\/uploads\/2021\/09\/Schermata-2021-09-30-alle-14.00.42-1.png","contentUrl":"https:\/\/www.accuratereviews.com\/wp-content\/uploads\/2021\/09\/Schermata-2021-09-30-alle-14.00.42-1.png","width":919,"height":300},{"@type":"BreadcrumbList","@id":"https:\/\/www.accuratereviews.com\/it\/piattaforme-influencer-marketing\/target-circle-recensione\/#breadcrumb","itemListElement":[{"@type":"ListItem","position":1,"name":"Home","item":"https:\/\/www.accuratereviews.com\/it\/"},{"@type":"ListItem","position":2,"name":"Piattaforme per influencer marketing","item":"https:\/\/www.accuratereviews.com\/it\/piattaforme-influencer-marketing\/"},{"@type":"ListItem","position":3,"name":"Target Circle"}]},{"@type":"WebSite","@id":"https:\/\/www.accuratereviews.com\/it\/#website","url":"https:\/\/www.accuratereviews.com\/it\/","name":"Accurate Reviews","description":"","potentialAction":[{"@type":"SearchAction","target":{"@type":"EntryPoint","urlTemplate":"https:\/\/www.accuratereviews.com\/it\/?s={search_term_string}"},"query-input":{"@type":"PropertyValueSpecification","valueRequired":true,"valueName":"search_term_string"}}],"inLanguage":"it-IT"}]}},"_links":{"self":[{"href":"https:\/\/www.accuratereviews.com\/it\/wp-json\/wp\/v2\/pages\/48421","targetHints":{"allow":["GET"]}}],"collection":[{"href":"https:\/\/www.accuratereviews.com\/it\/wp-json\/wp\/v2\/pages"}],"about":[{"href":"https:\/\/www.accuratereviews.com\/it\/wp-json\/wp\/v2\/types\/page"}],"author":[{"embeddable":true,"href":"https:\/\/www.accuratereviews.com\/it\/wp-json\/wp\/v2\/users\/17"}],"replies":[{"embeddable":true,"href":"https:\/\/www.accuratereviews.com\/it\/wp-json\/wp\/v2\/comments?post=48421"}],"version-history":[{"count":6,"href":"https:\/\/www.accuratereviews.com\/it\/wp-json\/wp\/v2\/pages\/48421\/revisions"}],"predecessor-version":[{"id":48449,"href":"https:\/\/www.accuratereviews.com\/it\/wp-json\/wp\/v2\/pages\/48421\/revisions\/48449"}],"up":[{"embeddable":true,"href":"https:\/\/www.accuratereviews.com\/it\/wp-json\/wp\/v2\/pages\/48041"}],"wp:featuredmedia":[{"embeddable":true,"href":"https:\/\/www.accuratereviews.com\/it\/wp-json\/wp\/v2\/media\/48429"}],"wp:attachment":[{"href":"https:\/\/www.accuratereviews.com\/it\/wp-json\/wp\/v2\/media?parent=48421"}],"wp:term":[{"taxonomy":"category","embeddable":true,"href":"https:\/\/www.accuratereviews.com\/it\/wp-json\/wp\/v2\/categories?post=48421"},{"taxonomy":"post_tag","embeddable":true,"href":"https:\/\/www.accuratereviews.com\/it\/wp-json\/wp\/v2\/tags?post=48421"},{"taxonomy":"features","embeddable":true,"href":"https:\/\/www.accuratereviews.com\/it\/wp-json\/wp\/v2\/features?post=48421"}],"curies":[{"name":"wp","href":"https:\/\/api.w.org\/{rel}","templated":true}]}}