{"id":48462,"date":"2021-10-01T13:16:13","date_gmt":"2021-10-01T13:16:13","guid":{"rendered":"https:\/\/www.accuratereviews.com\/?page_id=48462"},"modified":"2021-10-01T13:16:13","modified_gmt":"2021-10-01T13:16:13","slug":"buzzstream-recensione","status":"publish","type":"page","link":"https:\/\/www.accuratereviews.com\/it\/piattaforme-influencer-marketing\/buzzstream-recensione\/","title":{"rendered":"BuzzStream"},"content":{"rendered":"<p><strong>BuzzStream<\/strong> \u00e8 un <strong>software progettato per i professionisti<\/strong> del <strong>marketing<\/strong> per aiutarli a condurre attivit\u00e0 di sensibilizzazione, con un approccio personalizzato per la creazione di relazioni. Gli esperti di marketing possono trovare influencer per condividere e collegare i contenuti al pubblico giusto.\u00a0Aggiungi siti web al tuo account <strong>BuzzStream<\/strong> e rileva automaticamente le informazioni di contatto. Organizza la tua sensibilizzazione per progetti, aggiungendo tag e note e assegnando contatti specifici a qualcuno nel tuo team. Le informazioni di contatto dei siti web possono essere riviste e utilizzate per inviare un&#8217;email direttamente al proprietario per presentare una proposta. La soluzione consente lo scraping dei collegamenti su una pagina per creare elenchi di potenziali clienti. <strong>BuzzStream<\/strong> include anche campi personalizzati, gestione dei collegamenti e funzionalit\u00e0 avanzate di organizzazione.<\/p>\n<h2>BUZZSTREAM &#8211; TUTORIAL<\/h2>\n<p>Ecco una panoramica di come sftruttare le funzioni di questo <strong>software per influencer marketing<\/strong>:<\/p>\n<div id=\"fluid-wrapper-counter-1\" class=\"g1-fluid-wrapper \" style=\"width:686px;\">\n<div style=\"padding-bottom:56.268221574344%;\"><iframe loading=\"lazy\" title=\"How to Use The BuzzMarker\" width=\"686\" height=\"386\" src=\"https:\/\/www.youtube.com\/embed\/79vpbN8qpRQ?feature=oembed&amp;wmode=transparent&amp;autohide=1&amp;autoplay=0&amp;disablekb=0&amp;fs=1&amp;loop=0&amp;enablejsapi=1&amp;rel=0&amp;controls=2&amp;showinfo=0&amp;wmode=transparent&amp;autohide=2&amp;autoplay=0&amp;disablekb=0&amp;fs=1&amp;loop=0&amp;enablejsapi=1&amp;rel=0&amp;controls=2&amp;showinfo=1\" frameborder=\"0\" allow=\"accelerometer; autoplay; clipboard-write; encrypted-media; gyroscope; picture-in-picture\" allowfullscreen><\/iframe><\/div>\n<\/div>\n<h3>BUZZSTREAM &#8211; CARATTERISTICHE<\/h3>\n<ul>\n<li><strong>Aggiungi contatti con un solo clic<\/strong>: aggiungi nuovi blogger, siti e profili social al tuo database mentre navighi sul web<\/li>\n<li><strong>Qualifica rapidamente la tua lista di potenziali clienti<\/strong>: trasforma istantaneamente qualsiasi SERP o elenco di URL in un elenco di potenziali clienti. Qualifica, ricerca e raggiungi in modo efficiente con flussi di lavoro di ricerca personalizzabili<\/li>\n<li><strong>Creazione automatica dell&#8217;elenco<\/strong>: lascia che il programma esegua la ricerca per te con la prospezione automatica. Raccoglieremo i risultati pi\u00f9 pertinenti dalle ricerche web e di notizie e creeremo il tuo elenco in pochi secondi<\/li>\n<li><strong>Divulgazione personalizzata resa semplice<\/strong>: lasciati alle spalle quei complicati fogli di calcolo. Invia messaggi personalizzati basati sulle relazioni senza sacrificare l&#8217;efficienza<\/li>\n<li><strong>Traccia ogni punto automaticamente<\/strong>: dedica meno tempo a tenere traccia delle attivit\u00e0 del progetto e pi\u00f9 tempo a costruire relazioni<\/li>\n<li><strong>Visualizzare i profili dettagliati nella navigazione del web<\/strong>: visualizza informazioni dettagliate sul sito web che stai visitando e sulle persone a esso affiliate<\/li>\n<li><strong>Veloce ed efficiente<\/strong>: utilizza il modulo di sensibilizzazione per inviare rapidamente e facilmente messaggi personalizzati basati sulle relazioni che ottengono risultati<\/li>\n<\/ul>\n<h4>LE RECENSIONI DEGLI UTENTI<\/h4>\n<p class=\"font-weight-bold mb-1 d-flex align-items-center\"><strong>Maria rosario T.&#8221;Buono per organizzare i lead ma a volte non risponde.&#8221;<\/strong><\/p>\n<p><strong>Commenti: <\/strong>Buzzstream ci ha aiutato principalmente nell&#8217;organizzare i dettagli dei nostri lead, il che \u00e8 molto importante per il nostro Influencer.<\/p>\n<p><strong>Pro: <\/strong>Usiamo buzzstream principalmente per raggiungere gli influencer. \u00c8 ottimo per organizzare i nostri tag e lo stato delle impostazioni. Ci ha anche aiutato moltissimo nel lungo processo di ricerca dell&#8217;e-mail dei lead. Ha una funzione per la sequenza di e-mail del passo e pianifica il tempo per inviare l&#8217;e-mail. Puoi anche vedere le analisi del lead.<\/p>\n<p><strong>Contro: <\/strong>L&#8217;app \u00e8 limitata in termini di ricerca di lead. In genere devi fare una ricerca su Google per trovarli, quindi Buzzstream ti aiuter\u00e0 a decidere se lo vuoi o meno. \u00c8 buzzmarker spesso non funziona. Anche l&#8217;aggiunta di lead di Youtube \u00e8 noiosa perch\u00e9 riconosce il collegamento al canale di Youtuber come uno se li stai caricando tutti contemporaneamente. Inoltre, non \u00e8 facile da usare per i nuovi utenti e ci vuole tempo per capire le sue capacit\u00e0 complessive.<\/p>\n<p class=\"font-weight-bold mb-1 d-flex align-items-center\"><strong>Nik D.&#8221;Lo standard d&#8217;oro per la divulgazione&#8221;<\/strong><\/p>\n<p><strong>Commenti: <\/strong>Un sistema facile da usare che mantiene tutto il mio raggio d&#8217;azione in un unico punto.<\/p>\n<p><strong>Pro: <\/strong>Uso BuzzStream da ANNI ed \u00e8 in continua evoluzione e crescita. Le funzionalit\u00e0 che hanno sono esattamente ci\u00f2 di cui hai bisogno quando fai outreach per il brand e la costruzione di autorit\u00e0 per il tuo sito web. Devo ancora trovare qualcosa che si avvicini!<\/p>\n<p><strong>Contro: <\/strong>Man mano che sono cresciuti, penso che sia stato pi\u00f9 difficile per loro implementare le idee che le persone hanno lanciato loro, quindi a volte sembra che gli aggiornamenti non escano &#8220;abbastanza velocemente&#8221;, ma il lato positivo di questo \u00e8 che loro assicurati che le cose funzionino al 100% e siano utili prima di rilasciarle.<\/p>\n<p class=\"font-weight-bold mb-1 d-flex align-items-center\"><strong>Isaac P.&#8221;Ottimo per la divulgazione&#8221;<\/strong><\/p>\n<p><strong>Pro: <\/strong>Puoi aprire rapidamente l&#8217;estensione crome per contrassegnare un sito nel database Buzzstream e da l\u00ec puoi inviare rapidamente un&#8217;e-mail con un modello di design pre-salvato. Questo rende la divulgazione incredibilmente rapida.<\/p>\n<p><strong>Contro: <\/strong>Non credo che Buzzstream registri correttamente i backlink dai siti e chi sta aprendo le tue e-mail. In realt\u00e0 ho avuto diverse circostanze in cui le persone hanno reagito alle mie e-mail anche quando Buzzstream afferma che non sono mai state aperte.<\/p>\n","protected":false},"excerpt":{"rendered":"<p>BuzzStream \u00e8 un software progettato per i professionisti del marketing per aiutarli a condurre attivit\u00e0 di sensibilizzazione, con un approccio personalizzato per la creazione di relazioni. Gli esperti di marketing possono trovare influencer per condividere e collegare i contenuti al pubblico giusto.\u00a0<\/p>\n","protected":false},"author":16,"featured_media":48463,"parent":48041,"menu_order":0,"comment_status":"open","ping_status":"closed","template":"g1_template_page_review_new.php","meta":{"_acf_changed":false,"cwp_meta_box_check":"Yes","cwp_rev_product_name":"","cwp_rev_product_image":"","wppr_links":[],"cwp_rev_price":"","wppr_options":[],"wppr_pros":[],"wppr_cons":[],"_monsterinsights_skip_tracking":false,"_monsterinsights_sitenote_active":false,"_monsterinsights_sitenote_note":"","_monsterinsights_sitenote_category":0,"footnotes":""},"categories":[11175],"tags":[11244,4149,11191,11189,11181,11192],"features":[],"class_list":{"0":"post-48462","1":"page","2":"type-page","3":"status-publish","4":"has-post-thumbnail","6":"category-piattaforme-per-influencer-marketing","7":"tag-buzzstream","8":"tag-influencer-marketing-it","9":"tag-piattaforma-per-influencer-marketing","10":"tag-programma-per-influencer-marketing","11":"tag-software-per-influencer-marketing","12":"tag-soluzione-per-influencer-marketing"},"wppr_data":{"cwp_meta_box_check":"Yes","cwp_rev_product_name":"","cwp_rev_product_image":"","cwp_image_link":"image","cwp_rev_price":"","wppr_rating":"0.00"},"acf":[],"yoast_head":"<!-- This site is optimized with the Yoast SEO plugin v27.4 - https:\/\/yoast.com\/product\/yoast-seo-wordpress\/ -->\n<title>BuzzStream: recensione software per influencer marketing<\/title>\n<meta name=\"description\" content=\"BuzzStream: recensione software progettato per i professionisti del marketing per aiutarli a condurre attivit\u00e0 di sensibilizzazione.\" \/>\n<meta name=\"robots\" content=\"index, follow, max-snippet:-1, max-image-preview:large, max-video-preview:-1\" \/>\n<link rel=\"canonical\" href=\"https:\/\/www.accuratereviews.com\/it\/piattaforme-influencer-marketing\/buzzstream-recensione\/\" \/>\n<meta property=\"og:locale\" content=\"it_IT\" \/>\n<meta property=\"og:type\" content=\"article\" \/>\n<meta property=\"og:title\" content=\"BuzzStream: recensione software per influencer marketing\" \/>\n<meta property=\"og:description\" content=\"BuzzStream: recensione software progettato per i professionisti del marketing per aiutarli a condurre attivit\u00e0 di sensibilizzazione.\" \/>\n<meta property=\"og:url\" content=\"https:\/\/www.accuratereviews.com\/it\/piattaforme-influencer-marketing\/buzzstream-recensione\/\" \/>\n<meta property=\"og:site_name\" content=\"Accurate Reviews\" \/>\n<meta property=\"og:image\" content=\"https:\/\/www.accuratereviews.com\/wp-content\/uploads\/2021\/10\/BuzzStream.png\" \/>\n\t<meta property=\"og:image:width\" content=\"224\" \/>\n\t<meta property=\"og:image:height\" content=\"224\" \/>\n\t<meta property=\"og:image:type\" content=\"image\/png\" \/>\n<meta name=\"twitter:card\" content=\"summary_large_image\" \/>\n<meta name=\"twitter:label1\" content=\"Tempo di lettura stimato\" \/>\n\t<meta name=\"twitter:data1\" content=\"4 minuti\" \/>\n<script type=\"application\/ld+json\" class=\"yoast-schema-graph\">{\"@context\":\"https:\\\/\\\/schema.org\",\"@graph\":[{\"@type\":\"WebPage\",\"@id\":\"https:\\\/\\\/www.accuratereviews.com\\\/it\\\/piattaforme-influencer-marketing\\\/buzzstream-recensione\\\/\",\"url\":\"https:\\\/\\\/www.accuratereviews.com\\\/it\\\/piattaforme-influencer-marketing\\\/buzzstream-recensione\\\/\",\"name\":\"BuzzStream: recensione software per influencer marketing\",\"isPartOf\":{\"@id\":\"https:\\\/\\\/www.accuratereviews.com\\\/it\\\/#website\"},\"primaryImageOfPage\":{\"@id\":\"https:\\\/\\\/www.accuratereviews.com\\\/it\\\/piattaforme-influencer-marketing\\\/buzzstream-recensione\\\/#primaryimage\"},\"image\":{\"@id\":\"https:\\\/\\\/www.accuratereviews.com\\\/it\\\/piattaforme-influencer-marketing\\\/buzzstream-recensione\\\/#primaryimage\"},\"thumbnailUrl\":\"https:\\\/\\\/www.accuratereviews.com\\\/wp-content\\\/uploads\\\/2021\\\/10\\\/BuzzStream.png\",\"datePublished\":\"2021-10-01T13:16:13+00:00\",\"description\":\"BuzzStream: recensione software progettato per i professionisti del marketing per aiutarli a condurre attivit\u00e0 di sensibilizzazione.\",\"breadcrumb\":{\"@id\":\"https:\\\/\\\/www.accuratereviews.com\\\/it\\\/piattaforme-influencer-marketing\\\/buzzstream-recensione\\\/#breadcrumb\"},\"inLanguage\":\"it-IT\",\"potentialAction\":[{\"@type\":\"ReadAction\",\"target\":[\"https:\\\/\\\/www.accuratereviews.com\\\/it\\\/piattaforme-influencer-marketing\\\/buzzstream-recensione\\\/\"]}]},{\"@type\":\"ImageObject\",\"inLanguage\":\"it-IT\",\"@id\":\"https:\\\/\\\/www.accuratereviews.com\\\/it\\\/piattaforme-influencer-marketing\\\/buzzstream-recensione\\\/#primaryimage\",\"url\":\"https:\\\/\\\/www.accuratereviews.com\\\/wp-content\\\/uploads\\\/2021\\\/10\\\/BuzzStream.png\",\"contentUrl\":\"https:\\\/\\\/www.accuratereviews.com\\\/wp-content\\\/uploads\\\/2021\\\/10\\\/BuzzStream.png\",\"width\":224,\"height\":224},{\"@type\":\"BreadcrumbList\",\"@id\":\"https:\\\/\\\/www.accuratereviews.com\\\/it\\\/piattaforme-influencer-marketing\\\/buzzstream-recensione\\\/#breadcrumb\",\"itemListElement\":[{\"@type\":\"ListItem\",\"position\":1,\"name\":\"Home\",\"item\":\"https:\\\/\\\/www.accuratereviews.com\\\/it\\\/\"},{\"@type\":\"ListItem\",\"position\":2,\"name\":\"Piattaforme per influencer marketing\",\"item\":\"https:\\\/\\\/www.accuratereviews.com\\\/it\\\/piattaforme-influencer-marketing\\\/\"},{\"@type\":\"ListItem\",\"position\":3,\"name\":\"BuzzStream\"}]},{\"@type\":\"WebSite\",\"@id\":\"https:\\\/\\\/www.accuratereviews.com\\\/it\\\/#website\",\"url\":\"https:\\\/\\\/www.accuratereviews.com\\\/it\\\/\",\"name\":\"Accurate Reviews\",\"description\":\"\",\"potentialAction\":[{\"@type\":\"SearchAction\",\"target\":{\"@type\":\"EntryPoint\",\"urlTemplate\":\"https:\\\/\\\/www.accuratereviews.com\\\/it\\\/?s={search_term_string}\"},\"query-input\":{\"@type\":\"PropertyValueSpecification\",\"valueRequired\":true,\"valueName\":\"search_term_string\"}}],\"inLanguage\":\"it-IT\"}]}<\/script>\n<!-- \/ Yoast SEO plugin. -->","yoast_head_json":{"title":"BuzzStream: recensione software per influencer marketing","description":"BuzzStream: recensione software progettato per i professionisti del marketing per aiutarli a condurre attivit\u00e0 di sensibilizzazione.","robots":{"index":"index","follow":"follow","max-snippet":"max-snippet:-1","max-image-preview":"max-image-preview:large","max-video-preview":"max-video-preview:-1"},"canonical":"https:\/\/www.accuratereviews.com\/it\/piattaforme-influencer-marketing\/buzzstream-recensione\/","og_locale":"it_IT","og_type":"article","og_title":"BuzzStream: recensione software per influencer marketing","og_description":"BuzzStream: recensione software progettato per i professionisti del marketing per aiutarli a condurre attivit\u00e0 di sensibilizzazione.","og_url":"https:\/\/www.accuratereviews.com\/it\/piattaforme-influencer-marketing\/buzzstream-recensione\/","og_site_name":"Accurate Reviews","og_image":[{"width":224,"height":224,"url":"https:\/\/www.accuratereviews.com\/wp-content\/uploads\/2021\/10\/BuzzStream.png","type":"image\/png"}],"twitter_card":"summary_large_image","twitter_misc":{"Tempo di lettura stimato":"4 minuti"},"schema":{"@context":"https:\/\/schema.org","@graph":[{"@type":"WebPage","@id":"https:\/\/www.accuratereviews.com\/it\/piattaforme-influencer-marketing\/buzzstream-recensione\/","url":"https:\/\/www.accuratereviews.com\/it\/piattaforme-influencer-marketing\/buzzstream-recensione\/","name":"BuzzStream: recensione software per influencer marketing","isPartOf":{"@id":"https:\/\/www.accuratereviews.com\/it\/#website"},"primaryImageOfPage":{"@id":"https:\/\/www.accuratereviews.com\/it\/piattaforme-influencer-marketing\/buzzstream-recensione\/#primaryimage"},"image":{"@id":"https:\/\/www.accuratereviews.com\/it\/piattaforme-influencer-marketing\/buzzstream-recensione\/#primaryimage"},"thumbnailUrl":"https:\/\/www.accuratereviews.com\/wp-content\/uploads\/2021\/10\/BuzzStream.png","datePublished":"2021-10-01T13:16:13+00:00","description":"BuzzStream: recensione software progettato per i professionisti del marketing per aiutarli a condurre attivit\u00e0 di sensibilizzazione.","breadcrumb":{"@id":"https:\/\/www.accuratereviews.com\/it\/piattaforme-influencer-marketing\/buzzstream-recensione\/#breadcrumb"},"inLanguage":"it-IT","potentialAction":[{"@type":"ReadAction","target":["https:\/\/www.accuratereviews.com\/it\/piattaforme-influencer-marketing\/buzzstream-recensione\/"]}]},{"@type":"ImageObject","inLanguage":"it-IT","@id":"https:\/\/www.accuratereviews.com\/it\/piattaforme-influencer-marketing\/buzzstream-recensione\/#primaryimage","url":"https:\/\/www.accuratereviews.com\/wp-content\/uploads\/2021\/10\/BuzzStream.png","contentUrl":"https:\/\/www.accuratereviews.com\/wp-content\/uploads\/2021\/10\/BuzzStream.png","width":224,"height":224},{"@type":"BreadcrumbList","@id":"https:\/\/www.accuratereviews.com\/it\/piattaforme-influencer-marketing\/buzzstream-recensione\/#breadcrumb","itemListElement":[{"@type":"ListItem","position":1,"name":"Home","item":"https:\/\/www.accuratereviews.com\/it\/"},{"@type":"ListItem","position":2,"name":"Piattaforme per influencer marketing","item":"https:\/\/www.accuratereviews.com\/it\/piattaforme-influencer-marketing\/"},{"@type":"ListItem","position":3,"name":"BuzzStream"}]},{"@type":"WebSite","@id":"https:\/\/www.accuratereviews.com\/it\/#website","url":"https:\/\/www.accuratereviews.com\/it\/","name":"Accurate Reviews","description":"","potentialAction":[{"@type":"SearchAction","target":{"@type":"EntryPoint","urlTemplate":"https:\/\/www.accuratereviews.com\/it\/?s={search_term_string}"},"query-input":{"@type":"PropertyValueSpecification","valueRequired":true,"valueName":"search_term_string"}}],"inLanguage":"it-IT"}]}},"_links":{"self":[{"href":"https:\/\/www.accuratereviews.com\/it\/wp-json\/wp\/v2\/pages\/48462","targetHints":{"allow":["GET"]}}],"collection":[{"href":"https:\/\/www.accuratereviews.com\/it\/wp-json\/wp\/v2\/pages"}],"about":[{"href":"https:\/\/www.accuratereviews.com\/it\/wp-json\/wp\/v2\/types\/page"}],"author":[{"embeddable":true,"href":"https:\/\/www.accuratereviews.com\/it\/wp-json\/wp\/v2\/users\/16"}],"replies":[{"embeddable":true,"href":"https:\/\/www.accuratereviews.com\/it\/wp-json\/wp\/v2\/comments?post=48462"}],"version-history":[{"count":6,"href":"https:\/\/www.accuratereviews.com\/it\/wp-json\/wp\/v2\/pages\/48462\/revisions"}],"predecessor-version":[{"id":48491,"href":"https:\/\/www.accuratereviews.com\/it\/wp-json\/wp\/v2\/pages\/48462\/revisions\/48491"}],"up":[{"embeddable":true,"href":"https:\/\/www.accuratereviews.com\/it\/wp-json\/wp\/v2\/pages\/48041"}],"wp:featuredmedia":[{"embeddable":true,"href":"https:\/\/www.accuratereviews.com\/it\/wp-json\/wp\/v2\/media\/48463"}],"wp:attachment":[{"href":"https:\/\/www.accuratereviews.com\/it\/wp-json\/wp\/v2\/media?parent=48462"}],"wp:term":[{"taxonomy":"category","embeddable":true,"href":"https:\/\/www.accuratereviews.com\/it\/wp-json\/wp\/v2\/categories?post=48462"},{"taxonomy":"post_tag","embeddable":true,"href":"https:\/\/www.accuratereviews.com\/it\/wp-json\/wp\/v2\/tags?post=48462"},{"taxonomy":"features","embeddable":true,"href":"https:\/\/www.accuratereviews.com\/it\/wp-json\/wp\/v2\/features?post=48462"}],"curies":[{"name":"wp","href":"https:\/\/api.w.org\/{rel}","templated":true}]}}