{"id":48521,"date":"2021-10-04T20:10:27","date_gmt":"2021-10-04T20:10:27","guid":{"rendered":"https:\/\/www.accuratereviews.com\/?page_id=48521"},"modified":"2021-10-04T20:10:27","modified_gmt":"2021-10-04T20:10:27","slug":"klear-recensione","status":"publish","type":"page","link":"https:\/\/www.accuratereviews.com\/it\/piattaforme-influencer-marketing\/klear-recensione\/","title":{"rendered":"Klear"},"content":{"rendered":"<p><strong>Klear<\/strong> \u00e8 uno <strong>strumento di gestione dei social media<\/strong> che ti avvicina ai tuoi visitatori attraverso gli influencer su diverse piattaforme. \u00c8 il modo pi\u00f9 facile per promuovere il tuo brand e ha una miriade di fantastiche funzionalit\u00e0 che ti consentono di individuare facilmente gli influencer. Monitora le conversazioni sui social media, ascolta come si parla del tuo marchio e ti consente di prendere decisioni pi\u00f9 efficienti per la tua attivit\u00e0. Analisi altamente coinvolgenti non solo rendono il tuo lavoro semplice, ma allo stesso tempo piacevole. L&#8217;app mobile iOS ti tiene connesso al lavoro da qualsiasi luogo in modo da rimanere aggiornato 24 ore al giorno. Le estensioni di Chrome e i report PDF generati automaticamente semplificano il tuo lavoro mentre prendi decisioni importanti per le campagne sui social media.<\/p>\n<h2>KLEAR &#8211; TUTORIAL<\/h2>\n<p>Guardiamo come insieme il tutorial su questo <strong>software per influencer marketing<\/strong>:<\/p>\n<div id=\"fluid-wrapper-counter-1\" class=\"g1-fluid-wrapper \" style=\"width:686px;\">\n<div style=\"padding-bottom:56.268221574344%;\"><iframe loading=\"lazy\" title=\"Klear Tutorial\" width=\"686\" height=\"386\" src=\"https:\/\/www.youtube.com\/embed\/MfTJHOJ-rc0?feature=oembed&amp;wmode=transparent&amp;autohide=1&amp;autoplay=0&amp;disablekb=0&amp;fs=1&amp;loop=0&amp;enablejsapi=1&amp;rel=0&amp;controls=2&amp;showinfo=0&amp;wmode=transparent&amp;autohide=2&amp;autoplay=0&amp;disablekb=0&amp;fs=1&amp;loop=0&amp;enablejsapi=1&amp;rel=0&amp;controls=2&amp;showinfo=1\" frameborder=\"0\" allow=\"accelerometer; autoplay; clipboard-write; encrypted-media; gyroscope; picture-in-picture\" allowfullscreen><\/iframe><\/div>\n<\/div>\n<p>&nbsp;<\/p>\n<h3>KLEAR &#8211; CARATTERISTICHE<\/h3>\n<ul>\n<li>\u00c8 in grado di abbinare i brand ai creator pi\u00f9 rilevanti per il loro pubblico, attraverso i principali social network<\/li>\n<li>Trova influencer che si adattano al tuo pubblico di destinazione e ai valori del marchio, per argomenti, localit\u00e0 e molto altro<\/li>\n<li>Le funzionalit\u00e0 sofisticate consentono la scoperta segmentata dei creator per regione, lingua, settore, hashtag, argomento di nicchia, collaborazioni passate, fascia di prezzo, dettagli di contatto disponibili, livello di influenza e altro ancora<\/li>\n<li>Assicurati di collaborare con influencer che genereranno il maggior impatto. La tecnologia basata sull&#8217;intelligenza artificiale rileva follower falsi o coinvolgimenti generati da bot automatici, garantendo che il pubblico del tuo influencer generi un valore reale. Concentrandoti sulle metriche che contano davvero, garantisci che le tue campagne raggiungano le persone pi\u00f9 pertinenti per il tuo marchio<\/li>\n<li>Usa il programma per identificare gli utenti con il pi\u00f9 alto livello di influenza. Alimentato da un sofisticato algoritmo AI, esamina dozzine di metriche per generare un punteggio 0-100 che quantifica l&#8217;influenza di un utente<\/li>\n<li>Garantisce di ricevere dati pertinenti e di tendenza. Da Instagram Stories a TikTok, esamina le prestazioni degli influencer sui principali social network<\/li>\n<li>Gestisci la tua campagna e mantieni sincronizzato tutto il team con un CRM integrato<\/li>\n<li>I report delle campagne sono basati sui dati e utilizzano metriche leader del settore per quantificare le prestazioni della campagna. Usa le capacit\u00e0 di analisi per migliorare la tua strategia identificando le aree di ulteriore crescita<\/li>\n<\/ul>\n<h4>LE RECENSIONI DEGLI UTENTI<\/h4>\n<p class=\"font-weight-bold mb-1 d-flex align-items-center\"><strong>Matteo P.&#8221;Il giusto supporto per la campagna di influencer marketing&#8221;<\/strong><\/p>\n<p><strong>Commenti: <\/strong>La mia esperienza \u00e8 molto soddisfacente. Lo strumento mi ha costantemente supportato nelle mie esigenze<\/p>\n<p><strong>Pro: <\/strong>Klear supporta gli utenti in ogni fase di una campagna di influencer marketing: divulgazione, analisi, gestione, monitoraggio.<\/p>\n<p><strong>Contro: <\/strong>Il prezzo per le funzionalit\u00e0 ma \u00e8 alto. Le numerose funzionalit\u00e0 diventano spesso difficili da gestire per utenti non esperti.<\/p>\n<p class=\"font-weight-bold mb-1 d-flex align-items-center\"><strong>Deborah P.&#8221;Ottimo strumento per aiutarti a ottimizzare le tue attivit\u00e0 di influencer&#8221;<\/strong><\/p>\n<p><strong>Commenti: <\/strong>Nel complesso siamo molto contenti di usare KLEAR in quanto ci aiuta a gestire la nostra attivit\u00e0 di influencer sui social media e nominare valori concreti come il valore stimato che ci portano.<\/p>\n<p><strong>Pro: <\/strong>Adoro il modo in cui KLEAR offre una panoramica di impatto sulla tua attivit\u00e0 di influencer in corso. La dashboard &#8220;misura&#8221; all&#8217;interno della campagna \u00e8 probabilmente la mia funzione preferita. Mi piace anche che la configurazione della campagna e il collegamento con un influencer sia molto facile da fare.<\/p>\n<p><strong>Contro: <\/strong>L&#8217;unico inconveniente \u00e8 che spesso i miei influencer non sono in grado di allegare i loro contenuti, in particolare i video, correttamente a KLEAR per consentirmi di esaminarli. Forse KLEAR potrebbe lavorare per consentire tutti i formati e le dimensioni, quindi gli influencer non si imbattono pi\u00f9 in quel problema.<\/p>\n<h5 class=\"font-weight-bold mb-1 d-flex align-items-center\">Ashley S.&#8221;Funzionalit\u00e0 Klear&#8221;<\/h5>\n<p><strong>Commenti: <\/strong>Descritto sopra: la riautenticazione con gli influencer.<\/p>\n<p><strong>Pro: <\/strong>Le metriche e le misurazioni per ritenere responsabile l&#8217;influencer sono solide. Ottimi strumenti integrati per la firma di contratti e brief. Eccellente reportistica sulle campagne.<\/p>\n<p><strong>Contro: <\/strong>Spesso \u00e8 difficile convincere gli influencer a riautenticarsi. La guida in formato PDF spesso non funziona. Sarebbe bello poter inviare l&#8217;influencer a un contatto email o a qualcuno che pu\u00f2 aiutarlo senza sprecare il mio tempo con il loro problema di non autenticarsi. Questo \u00e8 successo in diverse occasioni.<\/p>\n","protected":false},"excerpt":{"rendered":"<p>Klear \u00e8 uno strumento di gestione dei social media che che ti avvicina ai tuoi visitatori attraverso gli influencer su diverse piattaforme social. \u00c8 probabilmente il modo pi\u00f9 facile per promuovere il tuo marchio e ha una miriade di fantastiche funzionalit\u00e0 che ti consentono di individuare facilmente gli influencer.<\/p>\n","protected":false},"author":16,"featured_media":48522,"parent":48041,"menu_order":0,"comment_status":"open","ping_status":"closed","template":"g1_template_page_review_new.php","meta":{"_acf_changed":false,"cwp_meta_box_check":"Yes","cwp_rev_product_name":"","cwp_rev_product_image":"","wppr_links":[],"cwp_rev_price":"","wppr_options":[],"wppr_pros":[],"wppr_cons":[],"_monsterinsights_skip_tracking":false,"_monsterinsights_sitenote_active":false,"_monsterinsights_sitenote_note":"","_monsterinsights_sitenote_category":0,"footnotes":""},"categories":[11175],"tags":[4149,11248,11191,11189,11181,11192],"features":[],"class_list":{"0":"post-48521","1":"page","2":"type-page","3":"status-publish","4":"has-post-thumbnail","6":"category-piattaforme-per-influencer-marketing","7":"tag-influencer-marketing-it","8":"tag-klear","9":"tag-piattaforma-per-influencer-marketing","10":"tag-programma-per-influencer-marketing","11":"tag-software-per-influencer-marketing","12":"tag-soluzione-per-influencer-marketing"},"wppr_data":{"cwp_meta_box_check":"Yes","cwp_rev_product_name":"","cwp_rev_product_image":"","cwp_image_link":"image","cwp_rev_price":"","wppr_rating":"0.00"},"acf":[],"yoast_head":"<!-- This site is optimized with the Yoast SEO plugin v27.4 - https:\/\/yoast.com\/product\/yoast-seo-wordpress\/ -->\n<title>Klear: recensione software per influencer marketing - Accurate Reviews<\/title>\n<meta name=\"description\" content=\"Klear: recensione strumento di gestione dei social media che che ti avvicina ai tuoi visitatori attraverso gli influencer su varie piattaforme\" \/>\n<meta name=\"robots\" content=\"index, follow, max-snippet:-1, max-image-preview:large, max-video-preview:-1\" \/>\n<link rel=\"canonical\" href=\"https:\/\/www.accuratereviews.com\/it\/piattaforme-influencer-marketing\/klear-recensione\/\" \/>\n<meta property=\"og:locale\" content=\"it_IT\" \/>\n<meta property=\"og:type\" content=\"article\" \/>\n<meta property=\"og:title\" content=\"Klear: recensione software per influencer marketing - Accurate Reviews\" \/>\n<meta property=\"og:description\" content=\"Klear: recensione strumento di gestione dei social media che che ti avvicina ai tuoi visitatori attraverso gli influencer su varie piattaforme\" \/>\n<meta property=\"og:url\" content=\"https:\/\/www.accuratereviews.com\/it\/piattaforme-influencer-marketing\/klear-recensione\/\" \/>\n<meta property=\"og:site_name\" content=\"Accurate Reviews\" \/>\n<meta property=\"og:image\" content=\"https:\/\/www.accuratereviews.com\/wp-content\/uploads\/2021\/10\/Klear.jpg\" \/>\n\t<meta property=\"og:image:width\" content=\"580\" \/>\n\t<meta property=\"og:image:height\" content=\"427\" \/>\n\t<meta property=\"og:image:type\" content=\"image\/jpeg\" \/>\n<meta name=\"twitter:card\" content=\"summary_large_image\" \/>\n<meta name=\"twitter:label1\" content=\"Tempo di lettura stimato\" \/>\n\t<meta name=\"twitter:data1\" content=\"3 minuti\" \/>\n<script type=\"application\/ld+json\" class=\"yoast-schema-graph\">{\"@context\":\"https:\\\/\\\/schema.org\",\"@graph\":[{\"@type\":\"WebPage\",\"@id\":\"https:\\\/\\\/www.accuratereviews.com\\\/it\\\/piattaforme-influencer-marketing\\\/klear-recensione\\\/\",\"url\":\"https:\\\/\\\/www.accuratereviews.com\\\/it\\\/piattaforme-influencer-marketing\\\/klear-recensione\\\/\",\"name\":\"Klear: recensione software per influencer marketing - Accurate Reviews\",\"isPartOf\":{\"@id\":\"https:\\\/\\\/www.accuratereviews.com\\\/it\\\/#website\"},\"primaryImageOfPage\":{\"@id\":\"https:\\\/\\\/www.accuratereviews.com\\\/it\\\/piattaforme-influencer-marketing\\\/klear-recensione\\\/#primaryimage\"},\"image\":{\"@id\":\"https:\\\/\\\/www.accuratereviews.com\\\/it\\\/piattaforme-influencer-marketing\\\/klear-recensione\\\/#primaryimage\"},\"thumbnailUrl\":\"https:\\\/\\\/www.accuratereviews.com\\\/wp-content\\\/uploads\\\/2021\\\/10\\\/Klear.jpg\",\"datePublished\":\"2021-10-04T20:10:27+00:00\",\"description\":\"Klear: recensione strumento di gestione dei social media che che ti avvicina ai tuoi visitatori attraverso gli influencer su varie piattaforme\",\"breadcrumb\":{\"@id\":\"https:\\\/\\\/www.accuratereviews.com\\\/it\\\/piattaforme-influencer-marketing\\\/klear-recensione\\\/#breadcrumb\"},\"inLanguage\":\"it-IT\",\"potentialAction\":[{\"@type\":\"ReadAction\",\"target\":[\"https:\\\/\\\/www.accuratereviews.com\\\/it\\\/piattaforme-influencer-marketing\\\/klear-recensione\\\/\"]}]},{\"@type\":\"ImageObject\",\"inLanguage\":\"it-IT\",\"@id\":\"https:\\\/\\\/www.accuratereviews.com\\\/it\\\/piattaforme-influencer-marketing\\\/klear-recensione\\\/#primaryimage\",\"url\":\"https:\\\/\\\/www.accuratereviews.com\\\/wp-content\\\/uploads\\\/2021\\\/10\\\/Klear.jpg\",\"contentUrl\":\"https:\\\/\\\/www.accuratereviews.com\\\/wp-content\\\/uploads\\\/2021\\\/10\\\/Klear.jpg\",\"width\":580,\"height\":427},{\"@type\":\"BreadcrumbList\",\"@id\":\"https:\\\/\\\/www.accuratereviews.com\\\/it\\\/piattaforme-influencer-marketing\\\/klear-recensione\\\/#breadcrumb\",\"itemListElement\":[{\"@type\":\"ListItem\",\"position\":1,\"name\":\"Home\",\"item\":\"https:\\\/\\\/www.accuratereviews.com\\\/it\\\/\"},{\"@type\":\"ListItem\",\"position\":2,\"name\":\"Piattaforme per influencer marketing\",\"item\":\"https:\\\/\\\/www.accuratereviews.com\\\/it\\\/piattaforme-influencer-marketing\\\/\"},{\"@type\":\"ListItem\",\"position\":3,\"name\":\"Klear\"}]},{\"@type\":\"WebSite\",\"@id\":\"https:\\\/\\\/www.accuratereviews.com\\\/it\\\/#website\",\"url\":\"https:\\\/\\\/www.accuratereviews.com\\\/it\\\/\",\"name\":\"Accurate Reviews\",\"description\":\"\",\"potentialAction\":[{\"@type\":\"SearchAction\",\"target\":{\"@type\":\"EntryPoint\",\"urlTemplate\":\"https:\\\/\\\/www.accuratereviews.com\\\/it\\\/?s={search_term_string}\"},\"query-input\":{\"@type\":\"PropertyValueSpecification\",\"valueRequired\":true,\"valueName\":\"search_term_string\"}}],\"inLanguage\":\"it-IT\"}]}<\/script>\n<!-- \/ Yoast SEO plugin. -->","yoast_head_json":{"title":"Klear: recensione software per influencer marketing - Accurate Reviews","description":"Klear: recensione strumento di gestione dei social media che che ti avvicina ai tuoi visitatori attraverso gli influencer su varie piattaforme","robots":{"index":"index","follow":"follow","max-snippet":"max-snippet:-1","max-image-preview":"max-image-preview:large","max-video-preview":"max-video-preview:-1"},"canonical":"https:\/\/www.accuratereviews.com\/it\/piattaforme-influencer-marketing\/klear-recensione\/","og_locale":"it_IT","og_type":"article","og_title":"Klear: recensione software per influencer marketing - Accurate Reviews","og_description":"Klear: recensione strumento di gestione dei social media che che ti avvicina ai tuoi visitatori attraverso gli influencer su varie piattaforme","og_url":"https:\/\/www.accuratereviews.com\/it\/piattaforme-influencer-marketing\/klear-recensione\/","og_site_name":"Accurate Reviews","og_image":[{"width":580,"height":427,"url":"https:\/\/www.accuratereviews.com\/wp-content\/uploads\/2021\/10\/Klear.jpg","type":"image\/jpeg"}],"twitter_card":"summary_large_image","twitter_misc":{"Tempo di lettura stimato":"3 minuti"},"schema":{"@context":"https:\/\/schema.org","@graph":[{"@type":"WebPage","@id":"https:\/\/www.accuratereviews.com\/it\/piattaforme-influencer-marketing\/klear-recensione\/","url":"https:\/\/www.accuratereviews.com\/it\/piattaforme-influencer-marketing\/klear-recensione\/","name":"Klear: recensione software per influencer marketing - Accurate Reviews","isPartOf":{"@id":"https:\/\/www.accuratereviews.com\/it\/#website"},"primaryImageOfPage":{"@id":"https:\/\/www.accuratereviews.com\/it\/piattaforme-influencer-marketing\/klear-recensione\/#primaryimage"},"image":{"@id":"https:\/\/www.accuratereviews.com\/it\/piattaforme-influencer-marketing\/klear-recensione\/#primaryimage"},"thumbnailUrl":"https:\/\/www.accuratereviews.com\/wp-content\/uploads\/2021\/10\/Klear.jpg","datePublished":"2021-10-04T20:10:27+00:00","description":"Klear: recensione strumento di gestione dei social media che che ti avvicina ai tuoi visitatori attraverso gli influencer su varie piattaforme","breadcrumb":{"@id":"https:\/\/www.accuratereviews.com\/it\/piattaforme-influencer-marketing\/klear-recensione\/#breadcrumb"},"inLanguage":"it-IT","potentialAction":[{"@type":"ReadAction","target":["https:\/\/www.accuratereviews.com\/it\/piattaforme-influencer-marketing\/klear-recensione\/"]}]},{"@type":"ImageObject","inLanguage":"it-IT","@id":"https:\/\/www.accuratereviews.com\/it\/piattaforme-influencer-marketing\/klear-recensione\/#primaryimage","url":"https:\/\/www.accuratereviews.com\/wp-content\/uploads\/2021\/10\/Klear.jpg","contentUrl":"https:\/\/www.accuratereviews.com\/wp-content\/uploads\/2021\/10\/Klear.jpg","width":580,"height":427},{"@type":"BreadcrumbList","@id":"https:\/\/www.accuratereviews.com\/it\/piattaforme-influencer-marketing\/klear-recensione\/#breadcrumb","itemListElement":[{"@type":"ListItem","position":1,"name":"Home","item":"https:\/\/www.accuratereviews.com\/it\/"},{"@type":"ListItem","position":2,"name":"Piattaforme per influencer marketing","item":"https:\/\/www.accuratereviews.com\/it\/piattaforme-influencer-marketing\/"},{"@type":"ListItem","position":3,"name":"Klear"}]},{"@type":"WebSite","@id":"https:\/\/www.accuratereviews.com\/it\/#website","url":"https:\/\/www.accuratereviews.com\/it\/","name":"Accurate Reviews","description":"","potentialAction":[{"@type":"SearchAction","target":{"@type":"EntryPoint","urlTemplate":"https:\/\/www.accuratereviews.com\/it\/?s={search_term_string}"},"query-input":{"@type":"PropertyValueSpecification","valueRequired":true,"valueName":"search_term_string"}}],"inLanguage":"it-IT"}]}},"_links":{"self":[{"href":"https:\/\/www.accuratereviews.com\/it\/wp-json\/wp\/v2\/pages\/48521","targetHints":{"allow":["GET"]}}],"collection":[{"href":"https:\/\/www.accuratereviews.com\/it\/wp-json\/wp\/v2\/pages"}],"about":[{"href":"https:\/\/www.accuratereviews.com\/it\/wp-json\/wp\/v2\/types\/page"}],"author":[{"embeddable":true,"href":"https:\/\/www.accuratereviews.com\/it\/wp-json\/wp\/v2\/users\/16"}],"replies":[{"embeddable":true,"href":"https:\/\/www.accuratereviews.com\/it\/wp-json\/wp\/v2\/comments?post=48521"}],"version-history":[{"count":10,"href":"https:\/\/www.accuratereviews.com\/it\/wp-json\/wp\/v2\/pages\/48521\/revisions"}],"predecessor-version":[{"id":48572,"href":"https:\/\/www.accuratereviews.com\/it\/wp-json\/wp\/v2\/pages\/48521\/revisions\/48572"}],"up":[{"embeddable":true,"href":"https:\/\/www.accuratereviews.com\/it\/wp-json\/wp\/v2\/pages\/48041"}],"wp:featuredmedia":[{"embeddable":true,"href":"https:\/\/www.accuratereviews.com\/it\/wp-json\/wp\/v2\/media\/48522"}],"wp:attachment":[{"href":"https:\/\/www.accuratereviews.com\/it\/wp-json\/wp\/v2\/media?parent=48521"}],"wp:term":[{"taxonomy":"category","embeddable":true,"href":"https:\/\/www.accuratereviews.com\/it\/wp-json\/wp\/v2\/categories?post=48521"},{"taxonomy":"post_tag","embeddable":true,"href":"https:\/\/www.accuratereviews.com\/it\/wp-json\/wp\/v2\/tags?post=48521"},{"taxonomy":"features","embeddable":true,"href":"https:\/\/www.accuratereviews.com\/it\/wp-json\/wp\/v2\/features?post=48521"}],"curies":[{"name":"wp","href":"https:\/\/api.w.org\/{rel}","templated":true}]}}