{"id":48531,"date":"2021-10-04T20:18:36","date_gmt":"2021-10-04T20:18:36","guid":{"rendered":"https:\/\/www.accuratereviews.com\/?page_id=48531"},"modified":"2021-10-05T07:29:55","modified_gmt":"2021-10-05T07:29:55","slug":"hui-recensione","status":"publish","type":"page","link":"https:\/\/www.accuratereviews.com\/it\/piattaforme-influencer-marketing\/hui-recensione\/","title":{"rendered":"HUI"},"content":{"rendered":"<p><strong>HUI<\/strong> \u00e8 un <strong>software di influencer marketing<\/strong> che ti offre tool strutturati e specifici per organizzare il tuo business e non perdere di vista i tuoi obiettivi. Grazie a questi tool di <strong>HUI.desk<\/strong>, sarai in grado di acquisire metodologia, know how e tecniche che ti permetteranno di gestire ogni attivit\u00e0 e di implementare con successo lo smart working nella tua azienda o startup. In questo modo incrementerai il lavoro del team e del concept, diminuendo il rischio di impresa e rendendo pi\u00f9 performante il tuo lavoro e i tuoi dipendenti.<br \/>\n<strong>HUI.play<\/strong> invece \u00e8 pi\u00f9 impostato sulla sfera Social e facilita il networking tra pi\u00f9 di 3000 utenti: freelance, startup, aziende, investitori e protagonisti dell\u2019 Open Innovation.<\/p>\n<h2>HUI &#8211; IMMAGINE DASHBOARD<\/h2>\n<p><a href=\"https:\/\/www.accuratereviews.com\/wp-content\/uploads\/2021\/10\/01.png\"><img loading=\"lazy\" decoding=\"async\" class=\"size-full wp-image-48534 aligncenter\" src=\"https:\/\/www.accuratereviews.com\/wp-content\/uploads\/2021\/10\/01.png\" alt=\"\" width=\"1619\" height=\"847\" srcset=\"https:\/\/www.accuratereviews.com\/wp-content\/uploads\/2021\/10\/01.png 1619w, https:\/\/www.accuratereviews.com\/wp-content\/uploads\/2021\/10\/01-300x157.png 300w, https:\/\/www.accuratereviews.com\/wp-content\/uploads\/2021\/10\/01-1024x536.png 1024w, https:\/\/www.accuratereviews.com\/wp-content\/uploads\/2021\/10\/01-768x402.png 768w, https:\/\/www.accuratereviews.com\/wp-content\/uploads\/2021\/10\/01-1536x804.png 1536w, https:\/\/www.accuratereviews.com\/wp-content\/uploads\/2021\/10\/01-239x125.png 239w, https:\/\/www.accuratereviews.com\/wp-content\/uploads\/2021\/10\/01-50x26.png 50w, https:\/\/www.accuratereviews.com\/wp-content\/uploads\/2021\/10\/01-968x506.png 968w, https:\/\/www.accuratereviews.com\/wp-content\/uploads\/2021\/10\/01-636x333.png 636w, https:\/\/www.accuratereviews.com\/wp-content\/uploads\/2021\/10\/01-320x167.png 320w\" sizes=\"auto, (max-width: 1619px) 100vw, 1619px\" \/><\/a><\/p>\n<p>&nbsp;<\/p>\n<h3 class=\"m_top40 m_bot40 subhead\">HUI &#8211; CARATTERISTICHE<\/h3>\n<ul>\n<li><strong>DASHBOARD<\/strong>: ottieni una visione trasversale delle tue aziende controllando l\u2019agenda con tutti gli eventi, milestone e Todo. Avrai una programmazione completa e molto intuitiva, ideale per lo smart working<\/li>\n<li><strong>MAIL<\/strong>: progetta, programma e invia email, sia manuali che automatizzate. Potrai creare liste dinamiche, basate sul tag e\/o parametri<\/li>\n<li><strong>LEGAL<\/strong>: gestisci le tue posizioni legali, della documentazione e anagrafiche affinch\u00e9 tu possa interfacciarti pi\u00f9 efficacemente con avvocati e consulenti legali<\/li>\n<li><strong>INTELLIGENCE<\/strong>: configura come meglio ritieni opportuno il tuo strumento di Business Intelligence che riceve dati automatizzati via API relativi a obiettivi, consuntivi e delta su ogni metrica e KPI<\/li>\n<li><strong>DOCUMENTI<\/strong>: consulta facilmente tutti i documenti caricati in ogni app, filtrabili per utente, data e provenienza<\/li>\n<li><strong>PROGETTI<\/strong>: ottieni una versione trasversale sulle varie aziende filtrando per livello di dettaglio differenti per un controllo di gestione automatizzato<\/li>\n<li><strong>COMMUNITY<\/strong>: strumento di traction control, per avere report provenienti da dati dinamici della propria startup<\/li>\n<li><strong>RACCOLTA FONDI<\/strong>: trova tutti i contatti, i tools e i documenti (investor kit, business plan, pitch deck, &#8230;) per svolgere nel miglior modo possibile l\u2019attivit\u00e0 di Fundraising<\/li>\n<li><strong>INFLUENCE<\/strong>: gestisci in maniera strutturata le attivit\u00e0 di PR e il rapporto con media e influencer e le relative documentazioni<\/li>\n<li><strong>VENDITE<\/strong>: gestisci tutti i rapporti con clienti potenziali e esistenti, aprendo opportunit\u00e0 di business o chiudendo rapporti commerciali<\/li>\n<li><strong>DATI<\/strong>: fai arrivare via API da server esterni o importa manualmente tutti i contatti della tua company e organizzali secondo campi preimpostati.<\/li>\n<\/ul>\n<h4>LE RECENSIONI DEGLI UTENTI<\/h4>\n<p><strong>Giovanni R.\u00a0&#8220;La svolta&#8221;<br \/>\n<\/strong>PRO: la completa totalit\u00e0 di copertura di ogni aspetto del tuo lavoro. Tante App e widget per migliorare il monitoring delle attivit\u00e0 e il loro andamento. Aspetto Social in grado di creare connessioni con tantissimi utenti e professionisti. Sistema di messaggistica comodo e pratico. Nonostante venissi da Slack, Trello e Asana la differenza non si sente per nulla se non in meglio sotto l&#8217;aspetto monitoring.<br \/>\nCONTRO: in generale funziona tutto alla grande essendo per\u00f2 un software molto complesso e strutturato necessita di una formazione specifica sotto determinati aspetti.<\/p>\n<p><strong>Fabrizio P. &#8220;Processi aziendali integrati&#8221;<\/strong><br \/>\nCOMMENTI: molto utile per gestire team che lavorano in remoto<br \/>\nPRO: permette di gestire tutti i processi aziendali con un solo prodotto<br \/>\nCONTRO: potrebbe essere utile integrare pi\u00f9 funzioni di comunicazione (videoconferenze, messaggistica istantanea) nella piattaforma<\/p>\n<p><strong>Andrea I. &#8220;MIGLIORE PIATTAFORMA ALL-IN-ONE&#8221;<\/strong><br \/>\nPRO: Hui \u00e8 la migliore piattaforma integrata per gestire il tuo business. Come startupper avevo bisogno di poter gestire centralmente tutti i processi, per poter lavorare con i database per il fundrising, comunicare con gli azionisti, creare opportunit\u00e0 di business e gestire amministrativamente la startup. Hui lo fa in modo semplice e intuitivo.<br \/>\nCONTRO: dateci un&#8217;app mobile! La maggior parte del tempo viaggio e sarei in grado di gestire in modo efficiente le mie attivit\u00e0 usando il telefono.<\/p>\n","protected":false},"excerpt":{"rendered":"<p>HUI \u00e8 un software di influencer marketing che ti offre tool strutturati e specifici per organizzare il tuo business e non perdere di vista i tuoi obiettivi. Grazie a questi tool di HUI.desk, sarai in grado di acquisire metodologia, know how e tecniche che ti permetteranno di gestire ogni attivit\u00e0 e di implementare con successo lo smart working nella tua azienda o startup.<\/p>\n","protected":false},"author":17,"featured_media":48551,"parent":48041,"menu_order":0,"comment_status":"open","ping_status":"closed","template":"g1_template_page_review_new.php","meta":{"_acf_changed":false,"cwp_meta_box_check":"No","cwp_rev_product_name":"","cwp_rev_product_image":"","wppr_links":[],"cwp_rev_price":"","wppr_options":[],"wppr_pros":[],"wppr_cons":[],"_monsterinsights_skip_tracking":false,"_monsterinsights_sitenote_active":false,"_monsterinsights_sitenote_note":"","_monsterinsights_sitenote_category":0,"footnotes":""},"categories":[11175],"tags":[1088,11191,11189,11181,11192],"features":[],"class_list":{"0":"post-48531","1":"page","2":"type-page","3":"status-publish","4":"has-post-thumbnail","6":"category-piattaforme-per-influencer-marketing","7":"tag-digital-influencer","8":"tag-piattaforma-per-influencer-marketing","9":"tag-programma-per-influencer-marketing","10":"tag-software-per-influencer-marketing","11":"tag-soluzione-per-influencer-marketing"},"wppr_data":{"cwp_meta_box_check":"No"},"acf":[],"yoast_head":"<!-- This site is optimized with the Yoast SEO plugin v27.4 - https:\/\/yoast.com\/product\/yoast-seo-wordpress\/ -->\n<title>HUI: recensione software influencer marketing - Accurate Reviews<\/title>\n<meta name=\"description\" content=\"HUI: recensione del software di influencer marketing che ti offre tool strutturati e specifici per organizzare il tuo business.\" \/>\n<meta name=\"robots\" content=\"index, follow, max-snippet:-1, max-image-preview:large, max-video-preview:-1\" \/>\n<link rel=\"canonical\" href=\"https:\/\/www.accuratereviews.com\/it\/piattaforme-influencer-marketing\/hui-recensione\/\" \/>\n<meta property=\"og:locale\" content=\"it_IT\" \/>\n<meta property=\"og:type\" content=\"article\" \/>\n<meta property=\"og:title\" content=\"HUI: recensione software influencer marketing - Accurate Reviews\" \/>\n<meta property=\"og:description\" content=\"HUI: recensione del software di influencer marketing che ti offre tool strutturati e specifici per organizzare il tuo business.\" \/>\n<meta property=\"og:url\" content=\"https:\/\/www.accuratereviews.com\/it\/piattaforme-influencer-marketing\/hui-recensione\/\" \/>\n<meta property=\"og:site_name\" content=\"Accurate Reviews\" \/>\n<meta property=\"article:modified_time\" content=\"2021-10-05T07:29:55+00:00\" \/>\n<meta property=\"og:image\" content=\"https:\/\/www.accuratereviews.com\/wp-content\/uploads\/2021\/10\/Schermata-2021-10-04-alle-10.57.26-1.png\" \/>\n\t<meta property=\"og:image:width\" content=\"391\" \/>\n\t<meta property=\"og:image:height\" content=\"300\" \/>\n\t<meta property=\"og:image:type\" content=\"image\/png\" \/>\n<meta name=\"twitter:card\" content=\"summary_large_image\" \/>\n<meta name=\"twitter:label1\" content=\"Tempo di lettura stimato\" \/>\n\t<meta name=\"twitter:data1\" content=\"3 minuti\" \/>\n<script type=\"application\/ld+json\" class=\"yoast-schema-graph\">{\"@context\":\"https:\\\/\\\/schema.org\",\"@graph\":[{\"@type\":\"WebPage\",\"@id\":\"https:\\\/\\\/www.accuratereviews.com\\\/it\\\/piattaforme-influencer-marketing\\\/hui-recensione\\\/\",\"url\":\"https:\\\/\\\/www.accuratereviews.com\\\/it\\\/piattaforme-influencer-marketing\\\/hui-recensione\\\/\",\"name\":\"HUI: recensione software influencer marketing - Accurate Reviews\",\"isPartOf\":{\"@id\":\"https:\\\/\\\/www.accuratereviews.com\\\/it\\\/#website\"},\"primaryImageOfPage\":{\"@id\":\"https:\\\/\\\/www.accuratereviews.com\\\/it\\\/piattaforme-influencer-marketing\\\/hui-recensione\\\/#primaryimage\"},\"image\":{\"@id\":\"https:\\\/\\\/www.accuratereviews.com\\\/it\\\/piattaforme-influencer-marketing\\\/hui-recensione\\\/#primaryimage\"},\"thumbnailUrl\":\"https:\\\/\\\/www.accuratereviews.com\\\/wp-content\\\/uploads\\\/2021\\\/10\\\/Schermata-2021-10-04-alle-10.57.26-1.png\",\"datePublished\":\"2021-10-04T20:18:36+00:00\",\"dateModified\":\"2021-10-05T07:29:55+00:00\",\"description\":\"HUI: recensione del software di influencer marketing che ti offre tool strutturati e specifici per organizzare il tuo business.\",\"breadcrumb\":{\"@id\":\"https:\\\/\\\/www.accuratereviews.com\\\/it\\\/piattaforme-influencer-marketing\\\/hui-recensione\\\/#breadcrumb\"},\"inLanguage\":\"it-IT\",\"potentialAction\":[{\"@type\":\"ReadAction\",\"target\":[\"https:\\\/\\\/www.accuratereviews.com\\\/it\\\/piattaforme-influencer-marketing\\\/hui-recensione\\\/\"]}]},{\"@type\":\"ImageObject\",\"inLanguage\":\"it-IT\",\"@id\":\"https:\\\/\\\/www.accuratereviews.com\\\/it\\\/piattaforme-influencer-marketing\\\/hui-recensione\\\/#primaryimage\",\"url\":\"https:\\\/\\\/www.accuratereviews.com\\\/wp-content\\\/uploads\\\/2021\\\/10\\\/Schermata-2021-10-04-alle-10.57.26-1.png\",\"contentUrl\":\"https:\\\/\\\/www.accuratereviews.com\\\/wp-content\\\/uploads\\\/2021\\\/10\\\/Schermata-2021-10-04-alle-10.57.26-1.png\",\"width\":391,\"height\":300},{\"@type\":\"BreadcrumbList\",\"@id\":\"https:\\\/\\\/www.accuratereviews.com\\\/it\\\/piattaforme-influencer-marketing\\\/hui-recensione\\\/#breadcrumb\",\"itemListElement\":[{\"@type\":\"ListItem\",\"position\":1,\"name\":\"Home\",\"item\":\"https:\\\/\\\/www.accuratereviews.com\\\/it\\\/\"},{\"@type\":\"ListItem\",\"position\":2,\"name\":\"Piattaforme per influencer marketing\",\"item\":\"https:\\\/\\\/www.accuratereviews.com\\\/it\\\/piattaforme-influencer-marketing\\\/\"},{\"@type\":\"ListItem\",\"position\":3,\"name\":\"HUI\"}]},{\"@type\":\"WebSite\",\"@id\":\"https:\\\/\\\/www.accuratereviews.com\\\/it\\\/#website\",\"url\":\"https:\\\/\\\/www.accuratereviews.com\\\/it\\\/\",\"name\":\"Accurate Reviews\",\"description\":\"\",\"potentialAction\":[{\"@type\":\"SearchAction\",\"target\":{\"@type\":\"EntryPoint\",\"urlTemplate\":\"https:\\\/\\\/www.accuratereviews.com\\\/it\\\/?s={search_term_string}\"},\"query-input\":{\"@type\":\"PropertyValueSpecification\",\"valueRequired\":true,\"valueName\":\"search_term_string\"}}],\"inLanguage\":\"it-IT\"}]}<\/script>\n<!-- \/ Yoast SEO plugin. -->","yoast_head_json":{"title":"HUI: recensione software influencer marketing - Accurate Reviews","description":"HUI: recensione del software di influencer marketing che ti offre tool strutturati e specifici per organizzare il tuo business.","robots":{"index":"index","follow":"follow","max-snippet":"max-snippet:-1","max-image-preview":"max-image-preview:large","max-video-preview":"max-video-preview:-1"},"canonical":"https:\/\/www.accuratereviews.com\/it\/piattaforme-influencer-marketing\/hui-recensione\/","og_locale":"it_IT","og_type":"article","og_title":"HUI: recensione software influencer marketing - Accurate Reviews","og_description":"HUI: recensione del software di influencer marketing che ti offre tool strutturati e specifici per organizzare il tuo business.","og_url":"https:\/\/www.accuratereviews.com\/it\/piattaforme-influencer-marketing\/hui-recensione\/","og_site_name":"Accurate Reviews","article_modified_time":"2021-10-05T07:29:55+00:00","og_image":[{"width":391,"height":300,"url":"https:\/\/www.accuratereviews.com\/wp-content\/uploads\/2021\/10\/Schermata-2021-10-04-alle-10.57.26-1.png","type":"image\/png"}],"twitter_card":"summary_large_image","twitter_misc":{"Tempo di lettura stimato":"3 minuti"},"schema":{"@context":"https:\/\/schema.org","@graph":[{"@type":"WebPage","@id":"https:\/\/www.accuratereviews.com\/it\/piattaforme-influencer-marketing\/hui-recensione\/","url":"https:\/\/www.accuratereviews.com\/it\/piattaforme-influencer-marketing\/hui-recensione\/","name":"HUI: recensione software influencer marketing - Accurate Reviews","isPartOf":{"@id":"https:\/\/www.accuratereviews.com\/it\/#website"},"primaryImageOfPage":{"@id":"https:\/\/www.accuratereviews.com\/it\/piattaforme-influencer-marketing\/hui-recensione\/#primaryimage"},"image":{"@id":"https:\/\/www.accuratereviews.com\/it\/piattaforme-influencer-marketing\/hui-recensione\/#primaryimage"},"thumbnailUrl":"https:\/\/www.accuratereviews.com\/wp-content\/uploads\/2021\/10\/Schermata-2021-10-04-alle-10.57.26-1.png","datePublished":"2021-10-04T20:18:36+00:00","dateModified":"2021-10-05T07:29:55+00:00","description":"HUI: recensione del software di influencer marketing che ti offre tool strutturati e specifici per organizzare il tuo business.","breadcrumb":{"@id":"https:\/\/www.accuratereviews.com\/it\/piattaforme-influencer-marketing\/hui-recensione\/#breadcrumb"},"inLanguage":"it-IT","potentialAction":[{"@type":"ReadAction","target":["https:\/\/www.accuratereviews.com\/it\/piattaforme-influencer-marketing\/hui-recensione\/"]}]},{"@type":"ImageObject","inLanguage":"it-IT","@id":"https:\/\/www.accuratereviews.com\/it\/piattaforme-influencer-marketing\/hui-recensione\/#primaryimage","url":"https:\/\/www.accuratereviews.com\/wp-content\/uploads\/2021\/10\/Schermata-2021-10-04-alle-10.57.26-1.png","contentUrl":"https:\/\/www.accuratereviews.com\/wp-content\/uploads\/2021\/10\/Schermata-2021-10-04-alle-10.57.26-1.png","width":391,"height":300},{"@type":"BreadcrumbList","@id":"https:\/\/www.accuratereviews.com\/it\/piattaforme-influencer-marketing\/hui-recensione\/#breadcrumb","itemListElement":[{"@type":"ListItem","position":1,"name":"Home","item":"https:\/\/www.accuratereviews.com\/it\/"},{"@type":"ListItem","position":2,"name":"Piattaforme per influencer marketing","item":"https:\/\/www.accuratereviews.com\/it\/piattaforme-influencer-marketing\/"},{"@type":"ListItem","position":3,"name":"HUI"}]},{"@type":"WebSite","@id":"https:\/\/www.accuratereviews.com\/it\/#website","url":"https:\/\/www.accuratereviews.com\/it\/","name":"Accurate Reviews","description":"","potentialAction":[{"@type":"SearchAction","target":{"@type":"EntryPoint","urlTemplate":"https:\/\/www.accuratereviews.com\/it\/?s={search_term_string}"},"query-input":{"@type":"PropertyValueSpecification","valueRequired":true,"valueName":"search_term_string"}}],"inLanguage":"it-IT"}]}},"_links":{"self":[{"href":"https:\/\/www.accuratereviews.com\/it\/wp-json\/wp\/v2\/pages\/48531","targetHints":{"allow":["GET"]}}],"collection":[{"href":"https:\/\/www.accuratereviews.com\/it\/wp-json\/wp\/v2\/pages"}],"about":[{"href":"https:\/\/www.accuratereviews.com\/it\/wp-json\/wp\/v2\/types\/page"}],"author":[{"embeddable":true,"href":"https:\/\/www.accuratereviews.com\/it\/wp-json\/wp\/v2\/users\/17"}],"replies":[{"embeddable":true,"href":"https:\/\/www.accuratereviews.com\/it\/wp-json\/wp\/v2\/comments?post=48531"}],"version-history":[{"count":10,"href":"https:\/\/www.accuratereviews.com\/it\/wp-json\/wp\/v2\/pages\/48531\/revisions"}],"predecessor-version":[{"id":48599,"href":"https:\/\/www.accuratereviews.com\/it\/wp-json\/wp\/v2\/pages\/48531\/revisions\/48599"}],"up":[{"embeddable":true,"href":"https:\/\/www.accuratereviews.com\/it\/wp-json\/wp\/v2\/pages\/48041"}],"wp:featuredmedia":[{"embeddable":true,"href":"https:\/\/www.accuratereviews.com\/it\/wp-json\/wp\/v2\/media\/48551"}],"wp:attachment":[{"href":"https:\/\/www.accuratereviews.com\/it\/wp-json\/wp\/v2\/media?parent=48531"}],"wp:term":[{"taxonomy":"category","embeddable":true,"href":"https:\/\/www.accuratereviews.com\/it\/wp-json\/wp\/v2\/categories?post=48531"},{"taxonomy":"post_tag","embeddable":true,"href":"https:\/\/www.accuratereviews.com\/it\/wp-json\/wp\/v2\/tags?post=48531"},{"taxonomy":"features","embeddable":true,"href":"https:\/\/www.accuratereviews.com\/it\/wp-json\/wp\/v2\/features?post=48531"}],"curies":[{"name":"wp","href":"https:\/\/api.w.org\/{rel}","templated":true}]}}