{"id":48577,"date":"2021-10-05T12:59:32","date_gmt":"2021-10-05T12:59:32","guid":{"rendered":"https:\/\/www.accuratereviews.com\/?page_id=48577"},"modified":"2021-10-05T12:59:32","modified_gmt":"2021-10-05T12:59:32","slug":"hivency-recensione","status":"publish","type":"page","link":"https:\/\/www.accuratereviews.com\/it\/piattaforme-influencer-marketing\/hivency-recensione\/","title":{"rendered":"Hivency"},"content":{"rendered":"<p><strong>Hivency<\/strong> \u00e8 una <strong>piattaforma di influencer marketing<\/strong> che unisce influencer, consumatori e brand offrendo loro un&#8217;esperienza unica che permette di generare fiducia e, di conseguenza, amplificare il marchio e aumentare le entrate.<br \/>\nGrazie all&#8217;autenticit\u00e0 dei micro-influencer, dei brand ambassador e delle recensioni dei consumatori di questa <strong>soluzione all-in-one<\/strong>, potrai promuovere la scoperta dei tuoi prodotti e aumentare la tua brand awareness.<br \/>\nCombina il potere degli <strong>influencer<\/strong> con l&#8217;immagine del tuo marchio utilizzando tutti i social network: da Instagram a Facebook, a YouTube, a TikTok, a Pinterest e a molti altri ancora che saranno in grado di assicurarti una maggiore visibilit\u00e0.<\/p>\n<h2>HIVENCY &#8211; TUTORIAL<\/h2>\n<p>Ecco un breve tutorial su questo <strong>software per influencer marketing<\/strong>:<\/p>\n<div id=\"fluid-wrapper-counter-1\" class=\"g1-fluid-wrapper \" style=\"width:686px;\">\n<div style=\"padding-bottom:56.268221574344%;\"><iframe loading=\"lazy\" title=\"Comment passer en Instagram Business sur Hivency ?\" width=\"686\" height=\"386\" src=\"https:\/\/www.youtube.com\/embed\/-5Tcc5jR6vA?feature=oembed&amp;wmode=transparent&amp;autohide=1&amp;autoplay=0&amp;disablekb=0&amp;fs=1&amp;loop=0&amp;enablejsapi=1&amp;rel=0&amp;controls=2&amp;showinfo=0&amp;wmode=transparent&amp;autohide=2&amp;autoplay=0&amp;disablekb=0&amp;fs=1&amp;loop=0&amp;enablejsapi=1&amp;rel=0&amp;controls=2&amp;showinfo=1\" frameborder=\"0\" allow=\"accelerometer; autoplay; clipboard-write; encrypted-media; gyroscope; picture-in-picture\" allowfullscreen><\/iframe><\/div>\n<\/div>\n<h3>HIVENCY &#8211; CARATTERISTICHE<\/h3>\n<div class=\"item d-flex align-items-start\">\n<div class=\"txt\">\n<ul>\n<li><strong>Smart matching<\/strong>: ricevi dal momento della creazione della campagna delle proposte automatiche di profili di influencer o ambasciatori, facenti parte della piattaforma, che corrispondono all\u2019universo e ai valori del tuo brand<\/li>\n<li><strong>Ricerca esterna<\/strong>: trova i profili di cui hai bisogno in pochi minuti, in modo semplice e facile grazie alla ricerca esterna. Con una ricerca approfondita, non c&#8217;\u00e8 pi\u00f9 possibilit\u00e0 di sbagliare<\/li>\n<li><strong>Fame check<\/strong>: una reputazione verificata con delle campagne qualit\u00e0. La reputazione online dell\u2019influencer \u00e8 sempre verificata prima della selezione<\/li>\n<li><strong>Banca a immagini<\/strong>: traccia tutti i contenuti generati dai tuoi influencer e ambassador. Scarica i contenuti pi\u00f9 performanti per utilizzarli su tutti i tuoi canali di marketing<\/li>\n<li><strong>Reporting<\/strong>: riunisci tutte le informazioni e analizza i risultati delle tue campagne di influencer marketing. Questo strumento integrato direttamente alla piattaforma di influence ti permette di analizzare la tua campagna in tempo reale.<\/li>\n<\/ul>\n<\/div>\n<\/div>\n<h4>LE RECENSIONI DEGLI UTENTI<\/h4>\n<p><strong>Guillarme B. &#8220;Recensioni dei clienti&#8221;<\/strong><br \/>\nPRO: facilit\u00e0 d&#8217;uso, disponibilit\u00e0 del team, qualit\u00e0 del sito<br \/>\nCONTRO: ottimizzazione del display, ottimizzazione della velocit\u00e0 della piattaforma<\/p>\n<p><strong>Laetitia R. &#8220;Ottima piattaforma di matchmaking di micro-influenza&#8221;.<\/strong><br \/>\nPRO: la piattaforma ha un enorme database di micro influencer di qualit\u00e0.<br \/>\nCONTRO: alcuni bug a volte durante gli aggiornamenti, ma rapidamente risolti.<\/p>\n<p><strong>Louise P. &#8220;Grande strumento&#8221;.<\/strong><br \/>\nCOMMENTI: grande<br \/>\nPRO: la piattaforma \u00e8 molto facile da usare.<br \/>\nLa nuova funzione di visualizzazione e recupero dei contenuti del KPIS \u00e8 molto utile.<br \/>\nCONTRO: chiaro tranne che per il reclutamento su Tiktok, ma il problema sembra essere risolto.<\/p>\n","protected":false},"excerpt":{"rendered":"<p>Hivency \u00e8 una piattaforma di influencer marketing che unisce influencer, consumatori e brand offrendo loro un&#8217;esperienza unica che permette di generare fiducia e, di conseguenza, amplificare il marchio e aumentare le entrare.<\/p>\n","protected":false},"author":17,"featured_media":48581,"parent":48041,"menu_order":0,"comment_status":"open","ping_status":"closed","template":"g1_template_page_review_new.php","meta":{"_acf_changed":false,"cwp_meta_box_check":"No","cwp_rev_product_name":"","cwp_rev_product_image":"","wppr_links":[],"cwp_rev_price":"","wppr_options":[],"wppr_pros":[],"wppr_cons":[],"_monsterinsights_skip_tracking":false,"_monsterinsights_sitenote_active":false,"_monsterinsights_sitenote_note":"","_monsterinsights_sitenote_category":0,"footnotes":""},"categories":[11175],"tags":[1088,1087,4149,11191,11189,11181,11183],"features":[],"class_list":{"0":"post-48577","1":"page","2":"type-page","3":"status-publish","4":"has-post-thumbnail","6":"category-piattaforme-per-influencer-marketing","7":"tag-digital-influencer","8":"tag-influencer","9":"tag-influencer-marketing-it","10":"tag-piattaforma-per-influencer-marketing","11":"tag-programma-per-influencer-marketing","12":"tag-software-per-influencer-marketing","13":"tag-soluzione-influencer-marketing"},"wppr_data":{"cwp_meta_box_check":"No"},"acf":[],"yoast_head":"<!-- This site is optimized with the Yoast SEO plugin v27.4 - https:\/\/yoast.com\/product\/yoast-seo-wordpress\/ -->\n<title>Hivency: recensione piattaforma influencer marketing - Accurate Reviews<\/title>\n<meta name=\"description\" content=\"Hivency: recensione della piattaforma di influencer marketing che unisce influencer, consumatori e brand offrendo loro un&#039;esperienza unica.\" \/>\n<meta name=\"robots\" content=\"index, follow, max-snippet:-1, max-image-preview:large, max-video-preview:-1\" \/>\n<link rel=\"canonical\" href=\"https:\/\/www.accuratereviews.com\/it\/piattaforme-influencer-marketing\/hivency-recensione\/\" \/>\n<meta property=\"og:locale\" content=\"it_IT\" \/>\n<meta property=\"og:type\" content=\"article\" \/>\n<meta property=\"og:title\" content=\"Hivency: recensione piattaforma influencer marketing - Accurate Reviews\" \/>\n<meta property=\"og:description\" content=\"Hivency: recensione della piattaforma di influencer marketing che unisce influencer, consumatori e brand offrendo loro un&#039;esperienza unica.\" \/>\n<meta property=\"og:url\" content=\"https:\/\/www.accuratereviews.com\/it\/piattaforme-influencer-marketing\/hivency-recensione\/\" \/>\n<meta property=\"og:site_name\" content=\"Accurate Reviews\" \/>\n<meta property=\"og:image\" content=\"https:\/\/www.accuratereviews.com\/wp-content\/uploads\/2021\/10\/Schermata-2021-10-05-alle-09.09.31.png\" \/>\n\t<meta property=\"og:image:width\" content=\"714\" \/>\n\t<meta property=\"og:image:height\" content=\"300\" \/>\n\t<meta property=\"og:image:type\" content=\"image\/png\" \/>\n<meta name=\"twitter:card\" content=\"summary_large_image\" \/>\n<meta name=\"twitter:label1\" content=\"Tempo di lettura stimato\" \/>\n\t<meta name=\"twitter:data1\" content=\"2 minuti\" \/>\n<script type=\"application\/ld+json\" class=\"yoast-schema-graph\">{\"@context\":\"https:\\\/\\\/schema.org\",\"@graph\":[{\"@type\":\"WebPage\",\"@id\":\"https:\\\/\\\/www.accuratereviews.com\\\/it\\\/piattaforme-influencer-marketing\\\/hivency-recensione\\\/\",\"url\":\"https:\\\/\\\/www.accuratereviews.com\\\/it\\\/piattaforme-influencer-marketing\\\/hivency-recensione\\\/\",\"name\":\"Hivency: recensione piattaforma influencer marketing - Accurate Reviews\",\"isPartOf\":{\"@id\":\"https:\\\/\\\/www.accuratereviews.com\\\/it\\\/#website\"},\"primaryImageOfPage\":{\"@id\":\"https:\\\/\\\/www.accuratereviews.com\\\/it\\\/piattaforme-influencer-marketing\\\/hivency-recensione\\\/#primaryimage\"},\"image\":{\"@id\":\"https:\\\/\\\/www.accuratereviews.com\\\/it\\\/piattaforme-influencer-marketing\\\/hivency-recensione\\\/#primaryimage\"},\"thumbnailUrl\":\"https:\\\/\\\/www.accuratereviews.com\\\/wp-content\\\/uploads\\\/2021\\\/10\\\/Schermata-2021-10-05-alle-09.09.31.png\",\"datePublished\":\"2021-10-05T12:59:32+00:00\",\"description\":\"Hivency: recensione della piattaforma di influencer marketing che unisce influencer, consumatori e brand offrendo loro un'esperienza unica.\",\"breadcrumb\":{\"@id\":\"https:\\\/\\\/www.accuratereviews.com\\\/it\\\/piattaforme-influencer-marketing\\\/hivency-recensione\\\/#breadcrumb\"},\"inLanguage\":\"it-IT\",\"potentialAction\":[{\"@type\":\"ReadAction\",\"target\":[\"https:\\\/\\\/www.accuratereviews.com\\\/it\\\/piattaforme-influencer-marketing\\\/hivency-recensione\\\/\"]}]},{\"@type\":\"ImageObject\",\"inLanguage\":\"it-IT\",\"@id\":\"https:\\\/\\\/www.accuratereviews.com\\\/it\\\/piattaforme-influencer-marketing\\\/hivency-recensione\\\/#primaryimage\",\"url\":\"https:\\\/\\\/www.accuratereviews.com\\\/wp-content\\\/uploads\\\/2021\\\/10\\\/Schermata-2021-10-05-alle-09.09.31.png\",\"contentUrl\":\"https:\\\/\\\/www.accuratereviews.com\\\/wp-content\\\/uploads\\\/2021\\\/10\\\/Schermata-2021-10-05-alle-09.09.31.png\",\"width\":714,\"height\":300},{\"@type\":\"BreadcrumbList\",\"@id\":\"https:\\\/\\\/www.accuratereviews.com\\\/it\\\/piattaforme-influencer-marketing\\\/hivency-recensione\\\/#breadcrumb\",\"itemListElement\":[{\"@type\":\"ListItem\",\"position\":1,\"name\":\"Home\",\"item\":\"https:\\\/\\\/www.accuratereviews.com\\\/it\\\/\"},{\"@type\":\"ListItem\",\"position\":2,\"name\":\"Piattaforme per influencer marketing\",\"item\":\"https:\\\/\\\/www.accuratereviews.com\\\/it\\\/piattaforme-influencer-marketing\\\/\"},{\"@type\":\"ListItem\",\"position\":3,\"name\":\"Hivency\"}]},{\"@type\":\"WebSite\",\"@id\":\"https:\\\/\\\/www.accuratereviews.com\\\/it\\\/#website\",\"url\":\"https:\\\/\\\/www.accuratereviews.com\\\/it\\\/\",\"name\":\"Accurate Reviews\",\"description\":\"\",\"potentialAction\":[{\"@type\":\"SearchAction\",\"target\":{\"@type\":\"EntryPoint\",\"urlTemplate\":\"https:\\\/\\\/www.accuratereviews.com\\\/it\\\/?s={search_term_string}\"},\"query-input\":{\"@type\":\"PropertyValueSpecification\",\"valueRequired\":true,\"valueName\":\"search_term_string\"}}],\"inLanguage\":\"it-IT\"}]}<\/script>\n<!-- \/ Yoast SEO plugin. -->","yoast_head_json":{"title":"Hivency: recensione piattaforma influencer marketing - Accurate Reviews","description":"Hivency: recensione della piattaforma di influencer marketing che unisce influencer, consumatori e brand offrendo loro un'esperienza unica.","robots":{"index":"index","follow":"follow","max-snippet":"max-snippet:-1","max-image-preview":"max-image-preview:large","max-video-preview":"max-video-preview:-1"},"canonical":"https:\/\/www.accuratereviews.com\/it\/piattaforme-influencer-marketing\/hivency-recensione\/","og_locale":"it_IT","og_type":"article","og_title":"Hivency: recensione piattaforma influencer marketing - Accurate Reviews","og_description":"Hivency: recensione della piattaforma di influencer marketing che unisce influencer, consumatori e brand offrendo loro un'esperienza unica.","og_url":"https:\/\/www.accuratereviews.com\/it\/piattaforme-influencer-marketing\/hivency-recensione\/","og_site_name":"Accurate Reviews","og_image":[{"width":714,"height":300,"url":"https:\/\/www.accuratereviews.com\/wp-content\/uploads\/2021\/10\/Schermata-2021-10-05-alle-09.09.31.png","type":"image\/png"}],"twitter_card":"summary_large_image","twitter_misc":{"Tempo di lettura stimato":"2 minuti"},"schema":{"@context":"https:\/\/schema.org","@graph":[{"@type":"WebPage","@id":"https:\/\/www.accuratereviews.com\/it\/piattaforme-influencer-marketing\/hivency-recensione\/","url":"https:\/\/www.accuratereviews.com\/it\/piattaforme-influencer-marketing\/hivency-recensione\/","name":"Hivency: recensione piattaforma influencer marketing - Accurate Reviews","isPartOf":{"@id":"https:\/\/www.accuratereviews.com\/it\/#website"},"primaryImageOfPage":{"@id":"https:\/\/www.accuratereviews.com\/it\/piattaforme-influencer-marketing\/hivency-recensione\/#primaryimage"},"image":{"@id":"https:\/\/www.accuratereviews.com\/it\/piattaforme-influencer-marketing\/hivency-recensione\/#primaryimage"},"thumbnailUrl":"https:\/\/www.accuratereviews.com\/wp-content\/uploads\/2021\/10\/Schermata-2021-10-05-alle-09.09.31.png","datePublished":"2021-10-05T12:59:32+00:00","description":"Hivency: recensione della piattaforma di influencer marketing che unisce influencer, consumatori e brand offrendo loro un'esperienza unica.","breadcrumb":{"@id":"https:\/\/www.accuratereviews.com\/it\/piattaforme-influencer-marketing\/hivency-recensione\/#breadcrumb"},"inLanguage":"it-IT","potentialAction":[{"@type":"ReadAction","target":["https:\/\/www.accuratereviews.com\/it\/piattaforme-influencer-marketing\/hivency-recensione\/"]}]},{"@type":"ImageObject","inLanguage":"it-IT","@id":"https:\/\/www.accuratereviews.com\/it\/piattaforme-influencer-marketing\/hivency-recensione\/#primaryimage","url":"https:\/\/www.accuratereviews.com\/wp-content\/uploads\/2021\/10\/Schermata-2021-10-05-alle-09.09.31.png","contentUrl":"https:\/\/www.accuratereviews.com\/wp-content\/uploads\/2021\/10\/Schermata-2021-10-05-alle-09.09.31.png","width":714,"height":300},{"@type":"BreadcrumbList","@id":"https:\/\/www.accuratereviews.com\/it\/piattaforme-influencer-marketing\/hivency-recensione\/#breadcrumb","itemListElement":[{"@type":"ListItem","position":1,"name":"Home","item":"https:\/\/www.accuratereviews.com\/it\/"},{"@type":"ListItem","position":2,"name":"Piattaforme per influencer marketing","item":"https:\/\/www.accuratereviews.com\/it\/piattaforme-influencer-marketing\/"},{"@type":"ListItem","position":3,"name":"Hivency"}]},{"@type":"WebSite","@id":"https:\/\/www.accuratereviews.com\/it\/#website","url":"https:\/\/www.accuratereviews.com\/it\/","name":"Accurate Reviews","description":"","potentialAction":[{"@type":"SearchAction","target":{"@type":"EntryPoint","urlTemplate":"https:\/\/www.accuratereviews.com\/it\/?s={search_term_string}"},"query-input":{"@type":"PropertyValueSpecification","valueRequired":true,"valueName":"search_term_string"}}],"inLanguage":"it-IT"}]}},"_links":{"self":[{"href":"https:\/\/www.accuratereviews.com\/it\/wp-json\/wp\/v2\/pages\/48577","targetHints":{"allow":["GET"]}}],"collection":[{"href":"https:\/\/www.accuratereviews.com\/it\/wp-json\/wp\/v2\/pages"}],"about":[{"href":"https:\/\/www.accuratereviews.com\/it\/wp-json\/wp\/v2\/types\/page"}],"author":[{"embeddable":true,"href":"https:\/\/www.accuratereviews.com\/it\/wp-json\/wp\/v2\/users\/17"}],"replies":[{"embeddable":true,"href":"https:\/\/www.accuratereviews.com\/it\/wp-json\/wp\/v2\/comments?post=48577"}],"version-history":[{"count":6,"href":"https:\/\/www.accuratereviews.com\/it\/wp-json\/wp\/v2\/pages\/48577\/revisions"}],"predecessor-version":[{"id":48623,"href":"https:\/\/www.accuratereviews.com\/it\/wp-json\/wp\/v2\/pages\/48577\/revisions\/48623"}],"up":[{"embeddable":true,"href":"https:\/\/www.accuratereviews.com\/it\/wp-json\/wp\/v2\/pages\/48041"}],"wp:featuredmedia":[{"embeddable":true,"href":"https:\/\/www.accuratereviews.com\/it\/wp-json\/wp\/v2\/media\/48581"}],"wp:attachment":[{"href":"https:\/\/www.accuratereviews.com\/it\/wp-json\/wp\/v2\/media?parent=48577"}],"wp:term":[{"taxonomy":"category","embeddable":true,"href":"https:\/\/www.accuratereviews.com\/it\/wp-json\/wp\/v2\/categories?post=48577"},{"taxonomy":"post_tag","embeddable":true,"href":"https:\/\/www.accuratereviews.com\/it\/wp-json\/wp\/v2\/tags?post=48577"},{"taxonomy":"features","embeddable":true,"href":"https:\/\/www.accuratereviews.com\/it\/wp-json\/wp\/v2\/features?post=48577"}],"curies":[{"name":"wp","href":"https:\/\/api.w.org\/{rel}","templated":true}]}}