{"id":48588,"date":"2021-10-05T13:10:51","date_gmt":"2021-10-05T13:10:51","guid":{"rendered":"https:\/\/www.accuratereviews.com\/?page_id=48588"},"modified":"2021-10-05T13:10:51","modified_gmt":"2021-10-05T13:10:51","slug":"idevaffiliate-recensione","status":"publish","type":"page","link":"https:\/\/www.accuratereviews.com\/it\/piattaforme-influencer-marketing\/idevaffiliate-recensione\/","title":{"rendered":"iDevAffiliate"},"content":{"rendered":"<p><strong>iDevAffiliate<\/strong> \u00e8 un <strong>programma di affiliazione<\/strong>, gestione delle commissioni e sistema di monitoraggio degli affiliati, che offre agli utenti strutture di pagamento delle commissioni personalizzabili, modelli di marketing, rapporti sulle attivit\u00e0, integrazioni per il carrello e la fatturazione e altro ancora. Il software\u00a0include pi\u00f9 opzioni di contenuti di marketing che gli utenti possono condividere con i loro affiliati, inclusi peeling di pagina, banner, annunci di testo e link, annunci HTML, modelli di posta elettronica, video e altro. Gli utenti possono inoltre creare contenuti<strong> Facebook e Twitter<\/strong> che gli affiliati possono condividere direttamente dai loro account e offrire <strong>QR code<\/strong> generati automaticamente con il collegamento di un affiliato incorporato, da utilizzare nel marketing online o offline. Gli affiliati possono anche richiedere specifici codici coupon \u201cvanity\u201d, che possono essere approvati o rifiutati dagli utenti.<\/p>\n<h2>IDEVAFFILIATE &#8211; TUTORIAL<\/h2>\n<p>Guardiamo come \u00e8 semplice integrare questo software per influencer marketing con un altro programma:<\/p>\n<div id=\"fluid-wrapper-counter-1\" class=\"g1-fluid-wrapper \" style=\"width:686px;\">\n<div style=\"padding-bottom:56.268221574344%;\"><iframe loading=\"lazy\" title=\"Integrating iDevAffiliate with Constant Contact HD\" width=\"686\" height=\"386\" src=\"https:\/\/www.youtube.com\/embed\/MAbX9Kdd0l0?feature=oembed&amp;wmode=transparent&amp;autohide=1&amp;autoplay=0&amp;disablekb=0&amp;fs=1&amp;loop=0&amp;enablejsapi=1&amp;rel=0&amp;controls=2&amp;showinfo=0&amp;wmode=transparent&amp;autohide=2&amp;autoplay=0&amp;disablekb=0&amp;fs=1&amp;loop=0&amp;enablejsapi=1&amp;rel=0&amp;controls=2&amp;showinfo=1\" frameborder=\"0\" allow=\"accelerometer; autoplay; clipboard-write; encrypted-media; gyroscope; picture-in-picture\" allowfullscreen><\/iframe><\/div>\n<\/div>\n<h3>IDEVAFFILIATE &#8211; CARATTERISTICHE<\/h3>\n<ul>\n<li><strong>Collegamento SEO<\/strong>: costruisci una SEO pi\u00f9 forte con strutture di collegamento comprovate e compatibilit\u00e0 con i backlink<\/li>\n<li><strong>Strumenti di localizzazione<\/strong>: definisci la tua valuta predefinita e, se necessario, abilita alcuni Paesi per l&#8217;IVA<\/li>\n<li><strong>Monitoraggio generale dei lead<\/strong>: monitora i lead segnalati dagli affiliati con l&#8217;opzione di commissionarli<\/li>\n<li><strong>Reclutamento di livello<\/strong>: offri agli affiliati la possibilit\u00e0 di reclutare altri affiliati<\/li>\n<li><strong>Premi per le prestazioni<\/strong>: aumenta automaticamente i livelli di pagamento in base alle prestazioni<\/li>\n<li><strong>Strumenti di prevenzione delle frodi<\/strong>: limita e blocca le attivit\u00e0 degli affiliati e dei visitatori<\/li>\n<li><strong>Monitoraggio dei sub-affiliati<\/strong>: offri agli affiliati la possibilit\u00e0 di utilizzare il proprio database di esperti di marketing<\/li>\n<li><strong>Commissioni decrescenti<\/strong>: definire l&#8217;importo della commissione in base all&#8217;importo acquistato<\/li>\n<li><strong>Monitoraggio delle parole chiave personalizzate<\/strong>: gli affiliati possono dividere test migliaia di varianti di collegamento<\/li>\n<li><strong>Pagamento affiliato integrato<\/strong>: paga gli affiliati direttamente dalla tua dashboard utilizzando Paypal o Stripe<\/li>\n<li><strong>Pannello di affiliazione<\/strong>: personalizza il tuo logo in base alla combinazione di colori, layout, tema e contenuto della lingua<\/li>\n<li><strong>Targeting geografico<\/strong>: indirizza il traffico verso pagine di destinazione alternative in base alla posizione dei visitatori<\/li>\n<li><strong>QR Code<\/strong>: questa \u00e8 una fantastica opzione di marketing offline ideale per volantini e biglietti da visita.<\/li>\n<\/ul>\n<h4>LE RECENSIONI DEGLI UTENTI<\/h4>\n<p class=\"font-weight-bold mb-1 d-flex align-items-center\"><strong>Brent T.&#8221;Fantastico software autoesplicativo&#8221;<\/strong><\/p>\n<p><strong>Pro: <\/strong>Ho iniziato a utilizzare il software nel 2019 nella sua modalit\u00e0 di prova gratuita per capirne il senso e mi sono immediatamente innamorato dell&#8217;interfaccia utente. Viene fornito con molti tutorial, suggerimenti, ma in realt\u00e0 l&#8217;interfaccia \u00e8 molto facile da capire e a cui abituarsi. Ci\u00f2 che conta di pi\u00f9 \u00e8 che l&#8217;esecuzione della versione cloud dell&#8217;app negli ultimi 2 anni non ha comportato alcun problema critico per noi.<\/p>\n<p><strong>Contro: <\/strong>Il loro supporto non \u00e8 disponibile 24 ore su 24, 7 giorni su 7, quindi se ti viene in mente una domanda nel cuore della notte non aspettarti una risposta immediata. Ho mai avuto un bug critico da segnalare e risolverlo con urgenza? No<\/p>\n<p class=\"font-weight-bold mb-1 d-flex align-items-center\"><strong>Becky W.&#8221;Buon software per le esigenze di base degli affiliati&#8221;<\/strong><\/p>\n<p><strong>Commenti: <\/strong>Se stai cercando un software di affiliazione di base senza tutte le campane allora iDev potrebbe essere il software adatto al tuo lavoro. Svolge tutte le funzioni di base a un prezzo accessibile. Ottimo per le piccole imprese. Il servizio clienti non \u00e8 il pi\u00f9 rapido o amichevole, ma alla fine riescono a svolgere il lavoro. \u00c8 un compromesso che sono disposto a fare poich\u00e9 \u00e8 molto pi\u00f9 conveniente rispetto alla concorrenza (e abbiamo una grande persona IT in grado di gestire tutte le cose minori).<\/p>\n<p><strong>Pro: <\/strong>Fa un ottimo lavoro con le basi a un buon prezzo.<\/p>\n<p><strong>Contro: <\/strong>Il servizio clienti potrebbe utilizzare alcuni miglioramenti.<\/p>\n<p class=\"h5 font-weight-bold flex-grow-1 mb-4\"><strong>Johon D.&#8221;Software di monitoraggio delle affiliazioni che funziona praticamente con qualsiasi carrello&#8221;<\/strong><\/p>\n<p><strong>Commenti: <\/strong>iDevAffiliate ha dimostrato di essere molto affidabile e ha tutte le funzionalit\u00e0 di cui ho bisogno e di cui gli affiliati hanno bisogno.<\/p>\n<p><strong>Pro: <\/strong>iDevAffiliate \u00e8 affidabile. In passato ho usato altri software di affiliazione che non sembravano affidabili. Voglio essere in grado di sapere che il software che utilizzo sta monitorando e accreditando accuratamente gli affiliati con i loro referral. iDevAffiliate funziona.<\/p>\n<p><strong>Contro: <\/strong>Dipende dalla versione utilizzata e dal carrello o dalla piattaforma di ecommerce in uso, ma il processo di configurazione pu\u00f2 essere un po &#8216;complicato. Ho usato iDevAffiliate su due siti diversi e li ho assunti per fare l&#8217;installazione e la configurazione perch\u00e9 volevo assicurarmi che fosse fatto bene.<\/p>\n","protected":false},"excerpt":{"rendered":"<p>iDevAffiliate \u00e8 un programma di affiliazione, gestione delle commissioni e sistema di monitoraggio degli affiliati, che offre agli utenti strutture di pagamento delle commissioni personalizzabili, modelli di marketing, rapporti sulle attivit\u00e0, integrazioni per il carrello e la fatturazione e altro ancora.<\/p>\n","protected":false},"author":16,"featured_media":48590,"parent":48041,"menu_order":0,"comment_status":"open","ping_status":"closed","template":"g1_template_page_review_new.php","meta":{"_acf_changed":false,"cwp_meta_box_check":"Yes","cwp_rev_product_name":"","cwp_rev_product_image":"","wppr_links":[],"cwp_rev_price":"","wppr_options":[],"wppr_pros":[],"wppr_cons":[],"_monsterinsights_skip_tracking":false,"_monsterinsights_sitenote_active":false,"_monsterinsights_sitenote_note":"","_monsterinsights_sitenote_category":0,"footnotes":""},"categories":[11175],"tags":[11252,4149,11191,11189,11181,11192],"features":[],"class_list":{"0":"post-48588","1":"page","2":"type-page","3":"status-publish","4":"has-post-thumbnail","6":"category-piattaforme-per-influencer-marketing","7":"tag-idevaffiliate","8":"tag-influencer-marketing-it","9":"tag-piattaforma-per-influencer-marketing","10":"tag-programma-per-influencer-marketing","11":"tag-software-per-influencer-marketing","12":"tag-soluzione-per-influencer-marketing"},"wppr_data":{"cwp_meta_box_check":"Yes","cwp_rev_product_name":"","cwp_rev_product_image":"","cwp_image_link":"image","cwp_rev_price":"","wppr_rating":"0.00"},"acf":[],"yoast_head":"<!-- This site is optimized with the Yoast SEO plugin v27.4 - https:\/\/yoast.com\/product\/yoast-seo-wordpress\/ -->\n<title>DevAffiliate: recensione software per influencer marketing<\/title>\n<meta name=\"description\" content=\"DevAffiliate: recensione programma di affiliazione, gestione delle commissioni e sistema di monitoraggio degli affiliati.\" \/>\n<meta name=\"robots\" content=\"index, follow, max-snippet:-1, max-image-preview:large, max-video-preview:-1\" \/>\n<link rel=\"canonical\" href=\"https:\/\/www.accuratereviews.com\/it\/piattaforme-influencer-marketing\/idevaffiliate-recensione\/\" \/>\n<meta property=\"og:locale\" content=\"it_IT\" \/>\n<meta property=\"og:type\" content=\"article\" \/>\n<meta property=\"og:title\" content=\"DevAffiliate: recensione software per influencer marketing\" \/>\n<meta property=\"og:description\" content=\"DevAffiliate: recensione programma di affiliazione, gestione delle commissioni e sistema di monitoraggio degli affiliati.\" \/>\n<meta property=\"og:url\" content=\"https:\/\/www.accuratereviews.com\/it\/piattaforme-influencer-marketing\/idevaffiliate-recensione\/\" \/>\n<meta property=\"og:site_name\" content=\"Accurate Reviews\" \/>\n<meta property=\"og:image\" content=\"https:\/\/www.accuratereviews.com\/wp-content\/uploads\/2021\/10\/iDevAffiliate.png\" \/>\n\t<meta property=\"og:image:width\" content=\"220\" \/>\n\t<meta property=\"og:image:height\" content=\"220\" \/>\n\t<meta property=\"og:image:type\" content=\"image\/png\" \/>\n<meta name=\"twitter:card\" content=\"summary_large_image\" \/>\n<meta name=\"twitter:label1\" content=\"Tempo di lettura stimato\" \/>\n\t<meta name=\"twitter:data1\" content=\"4 minuti\" \/>\n<script type=\"application\/ld+json\" class=\"yoast-schema-graph\">{\"@context\":\"https:\\\/\\\/schema.org\",\"@graph\":[{\"@type\":\"WebPage\",\"@id\":\"https:\\\/\\\/www.accuratereviews.com\\\/it\\\/piattaforme-influencer-marketing\\\/idevaffiliate-recensione\\\/\",\"url\":\"https:\\\/\\\/www.accuratereviews.com\\\/it\\\/piattaforme-influencer-marketing\\\/idevaffiliate-recensione\\\/\",\"name\":\"DevAffiliate: recensione software per influencer marketing\",\"isPartOf\":{\"@id\":\"https:\\\/\\\/www.accuratereviews.com\\\/it\\\/#website\"},\"primaryImageOfPage\":{\"@id\":\"https:\\\/\\\/www.accuratereviews.com\\\/it\\\/piattaforme-influencer-marketing\\\/idevaffiliate-recensione\\\/#primaryimage\"},\"image\":{\"@id\":\"https:\\\/\\\/www.accuratereviews.com\\\/it\\\/piattaforme-influencer-marketing\\\/idevaffiliate-recensione\\\/#primaryimage\"},\"thumbnailUrl\":\"https:\\\/\\\/www.accuratereviews.com\\\/wp-content\\\/uploads\\\/2021\\\/10\\\/iDevAffiliate.png\",\"datePublished\":\"2021-10-05T13:10:51+00:00\",\"description\":\"DevAffiliate: recensione programma di affiliazione, gestione delle commissioni e sistema di monitoraggio degli affiliati.\",\"breadcrumb\":{\"@id\":\"https:\\\/\\\/www.accuratereviews.com\\\/it\\\/piattaforme-influencer-marketing\\\/idevaffiliate-recensione\\\/#breadcrumb\"},\"inLanguage\":\"it-IT\",\"potentialAction\":[{\"@type\":\"ReadAction\",\"target\":[\"https:\\\/\\\/www.accuratereviews.com\\\/it\\\/piattaforme-influencer-marketing\\\/idevaffiliate-recensione\\\/\"]}]},{\"@type\":\"ImageObject\",\"inLanguage\":\"it-IT\",\"@id\":\"https:\\\/\\\/www.accuratereviews.com\\\/it\\\/piattaforme-influencer-marketing\\\/idevaffiliate-recensione\\\/#primaryimage\",\"url\":\"https:\\\/\\\/www.accuratereviews.com\\\/wp-content\\\/uploads\\\/2021\\\/10\\\/iDevAffiliate.png\",\"contentUrl\":\"https:\\\/\\\/www.accuratereviews.com\\\/wp-content\\\/uploads\\\/2021\\\/10\\\/iDevAffiliate.png\",\"width\":220,\"height\":220},{\"@type\":\"BreadcrumbList\",\"@id\":\"https:\\\/\\\/www.accuratereviews.com\\\/it\\\/piattaforme-influencer-marketing\\\/idevaffiliate-recensione\\\/#breadcrumb\",\"itemListElement\":[{\"@type\":\"ListItem\",\"position\":1,\"name\":\"Home\",\"item\":\"https:\\\/\\\/www.accuratereviews.com\\\/it\\\/\"},{\"@type\":\"ListItem\",\"position\":2,\"name\":\"Piattaforme per influencer marketing\",\"item\":\"https:\\\/\\\/www.accuratereviews.com\\\/it\\\/piattaforme-influencer-marketing\\\/\"},{\"@type\":\"ListItem\",\"position\":3,\"name\":\"iDevAffiliate\"}]},{\"@type\":\"WebSite\",\"@id\":\"https:\\\/\\\/www.accuratereviews.com\\\/it\\\/#website\",\"url\":\"https:\\\/\\\/www.accuratereviews.com\\\/it\\\/\",\"name\":\"Accurate Reviews\",\"description\":\"\",\"potentialAction\":[{\"@type\":\"SearchAction\",\"target\":{\"@type\":\"EntryPoint\",\"urlTemplate\":\"https:\\\/\\\/www.accuratereviews.com\\\/it\\\/?s={search_term_string}\"},\"query-input\":{\"@type\":\"PropertyValueSpecification\",\"valueRequired\":true,\"valueName\":\"search_term_string\"}}],\"inLanguage\":\"it-IT\"}]}<\/script>\n<!-- \/ Yoast SEO plugin. -->","yoast_head_json":{"title":"DevAffiliate: recensione software per influencer marketing","description":"DevAffiliate: recensione programma di affiliazione, gestione delle commissioni e sistema di monitoraggio degli affiliati.","robots":{"index":"index","follow":"follow","max-snippet":"max-snippet:-1","max-image-preview":"max-image-preview:large","max-video-preview":"max-video-preview:-1"},"canonical":"https:\/\/www.accuratereviews.com\/it\/piattaforme-influencer-marketing\/idevaffiliate-recensione\/","og_locale":"it_IT","og_type":"article","og_title":"DevAffiliate: recensione software per influencer marketing","og_description":"DevAffiliate: recensione programma di affiliazione, gestione delle commissioni e sistema di monitoraggio degli affiliati.","og_url":"https:\/\/www.accuratereviews.com\/it\/piattaforme-influencer-marketing\/idevaffiliate-recensione\/","og_site_name":"Accurate Reviews","og_image":[{"width":220,"height":220,"url":"https:\/\/www.accuratereviews.com\/wp-content\/uploads\/2021\/10\/iDevAffiliate.png","type":"image\/png"}],"twitter_card":"summary_large_image","twitter_misc":{"Tempo di lettura stimato":"4 minuti"},"schema":{"@context":"https:\/\/schema.org","@graph":[{"@type":"WebPage","@id":"https:\/\/www.accuratereviews.com\/it\/piattaforme-influencer-marketing\/idevaffiliate-recensione\/","url":"https:\/\/www.accuratereviews.com\/it\/piattaforme-influencer-marketing\/idevaffiliate-recensione\/","name":"DevAffiliate: recensione software per influencer marketing","isPartOf":{"@id":"https:\/\/www.accuratereviews.com\/it\/#website"},"primaryImageOfPage":{"@id":"https:\/\/www.accuratereviews.com\/it\/piattaforme-influencer-marketing\/idevaffiliate-recensione\/#primaryimage"},"image":{"@id":"https:\/\/www.accuratereviews.com\/it\/piattaforme-influencer-marketing\/idevaffiliate-recensione\/#primaryimage"},"thumbnailUrl":"https:\/\/www.accuratereviews.com\/wp-content\/uploads\/2021\/10\/iDevAffiliate.png","datePublished":"2021-10-05T13:10:51+00:00","description":"DevAffiliate: recensione programma di affiliazione, gestione delle commissioni e sistema di monitoraggio degli affiliati.","breadcrumb":{"@id":"https:\/\/www.accuratereviews.com\/it\/piattaforme-influencer-marketing\/idevaffiliate-recensione\/#breadcrumb"},"inLanguage":"it-IT","potentialAction":[{"@type":"ReadAction","target":["https:\/\/www.accuratereviews.com\/it\/piattaforme-influencer-marketing\/idevaffiliate-recensione\/"]}]},{"@type":"ImageObject","inLanguage":"it-IT","@id":"https:\/\/www.accuratereviews.com\/it\/piattaforme-influencer-marketing\/idevaffiliate-recensione\/#primaryimage","url":"https:\/\/www.accuratereviews.com\/wp-content\/uploads\/2021\/10\/iDevAffiliate.png","contentUrl":"https:\/\/www.accuratereviews.com\/wp-content\/uploads\/2021\/10\/iDevAffiliate.png","width":220,"height":220},{"@type":"BreadcrumbList","@id":"https:\/\/www.accuratereviews.com\/it\/piattaforme-influencer-marketing\/idevaffiliate-recensione\/#breadcrumb","itemListElement":[{"@type":"ListItem","position":1,"name":"Home","item":"https:\/\/www.accuratereviews.com\/it\/"},{"@type":"ListItem","position":2,"name":"Piattaforme per influencer marketing","item":"https:\/\/www.accuratereviews.com\/it\/piattaforme-influencer-marketing\/"},{"@type":"ListItem","position":3,"name":"iDevAffiliate"}]},{"@type":"WebSite","@id":"https:\/\/www.accuratereviews.com\/it\/#website","url":"https:\/\/www.accuratereviews.com\/it\/","name":"Accurate Reviews","description":"","potentialAction":[{"@type":"SearchAction","target":{"@type":"EntryPoint","urlTemplate":"https:\/\/www.accuratereviews.com\/it\/?s={search_term_string}"},"query-input":{"@type":"PropertyValueSpecification","valueRequired":true,"valueName":"search_term_string"}}],"inLanguage":"it-IT"}]}},"_links":{"self":[{"href":"https:\/\/www.accuratereviews.com\/it\/wp-json\/wp\/v2\/pages\/48588","targetHints":{"allow":["GET"]}}],"collection":[{"href":"https:\/\/www.accuratereviews.com\/it\/wp-json\/wp\/v2\/pages"}],"about":[{"href":"https:\/\/www.accuratereviews.com\/it\/wp-json\/wp\/v2\/types\/page"}],"author":[{"embeddable":true,"href":"https:\/\/www.accuratereviews.com\/it\/wp-json\/wp\/v2\/users\/16"}],"replies":[{"embeddable":true,"href":"https:\/\/www.accuratereviews.com\/it\/wp-json\/wp\/v2\/comments?post=48588"}],"version-history":[{"count":10,"href":"https:\/\/www.accuratereviews.com\/it\/wp-json\/wp\/v2\/pages\/48588\/revisions"}],"predecessor-version":[{"id":48627,"href":"https:\/\/www.accuratereviews.com\/it\/wp-json\/wp\/v2\/pages\/48588\/revisions\/48627"}],"up":[{"embeddable":true,"href":"https:\/\/www.accuratereviews.com\/it\/wp-json\/wp\/v2\/pages\/48041"}],"wp:featuredmedia":[{"embeddable":true,"href":"https:\/\/www.accuratereviews.com\/it\/wp-json\/wp\/v2\/media\/48590"}],"wp:attachment":[{"href":"https:\/\/www.accuratereviews.com\/it\/wp-json\/wp\/v2\/media?parent=48588"}],"wp:term":[{"taxonomy":"category","embeddable":true,"href":"https:\/\/www.accuratereviews.com\/it\/wp-json\/wp\/v2\/categories?post=48588"},{"taxonomy":"post_tag","embeddable":true,"href":"https:\/\/www.accuratereviews.com\/it\/wp-json\/wp\/v2\/tags?post=48588"},{"taxonomy":"features","embeddable":true,"href":"https:\/\/www.accuratereviews.com\/it\/wp-json\/wp\/v2\/features?post=48588"}],"curies":[{"name":"wp","href":"https:\/\/api.w.org\/{rel}","templated":true}]}}