{"id":48652,"date":"2021-10-13T10:50:04","date_gmt":"2021-10-13T10:50:04","guid":{"rendered":"https:\/\/www.accuratereviews.com\/?page_id=48652"},"modified":"2021-10-13T10:50:04","modified_gmt":"2021-10-13T10:50:04","slug":"onalytica-recensione","status":"publish","type":"page","link":"https:\/\/www.accuratereviews.com\/it\/piattaforme-influencer-marketing\/onalytica-recensione\/","title":{"rendered":"Onalytica"},"content":{"rendered":"<p><strong>Onalytica<\/strong> \u00e8 specializzata nella fornitura di software per la<strong> gestione delle relazioni<\/strong> con gli <strong>influencer<\/strong> e nel supporto di servizi professionali per aiutare i marchi a scalare i risultati. La piattaforma aiuta i professionisti del marketing, della comunicazione, del digitale e delle pubbliche relazioni a configurare programmi di influencer su misura, consentendo loro di automatizzare e semplificare meglio l&#8217;attivit\u00e0 di influenza, nonch\u00e9 di identificare le opportunit\u00e0 di coinvolgimento in corso. La soluzione estrae oltre 200 miliardi di post all&#8217;anno in un database curato di oltre 500.000 influencer di social media globali, inclusi dati da Twitter, blog, Instagram, YouTube, Facebook, link al profilo di LinkedIn e dati demografici. Gli influencer vengono quindi classificati per portata, risonanza, rilevanza e riferimento. Il punteggio dell&#8217;influencer di <strong>Onalytica<\/strong> \u00e8 contestuale, quindi una persona pu\u00f2 ottenere punteggi diversi su argomenti diversi piuttosto che ricevere un punteggio generale.<\/p>\n<h2>ONALYTICA &#8211; TUTORIAL<\/h2>\n<p>Ecco un video che\u00a0spiega come utilizzare <strong>software per influencer marketing<\/strong> per comprendere e monitorare esperti influenti molto rilevanti:<\/p>\n<div id=\"fluid-wrapper-counter-1\" class=\"g1-fluid-wrapper \" style=\"width:686px;\">\n<div style=\"padding-bottom:56.268221574344%;\"><iframe loading=\"lazy\" title=\"We Mean Business and Onalytica\" width=\"686\" height=\"386\" src=\"https:\/\/www.youtube.com\/embed\/xnazAnGUySQ?feature=oembed&amp;wmode=transparent&amp;autohide=1&amp;autoplay=0&amp;disablekb=0&amp;fs=1&amp;loop=0&amp;enablejsapi=1&amp;rel=0&amp;controls=2&amp;showinfo=0&amp;wmode=transparent&amp;autohide=2&amp;autoplay=0&amp;disablekb=0&amp;fs=1&amp;loop=0&amp;enablejsapi=1&amp;rel=0&amp;controls=2&amp;showinfo=1\" frameborder=\"0\" allow=\"accelerometer; autoplay; clipboard-write; encrypted-media; gyroscope; picture-in-picture\" allowfullscreen><\/iframe><\/div>\n<\/div>\n<h3>ONALYTICA &#8211; CARATTERISTICHE<\/h3>\n<ul>\n<li><strong>Scoprire<\/strong>: identifica i tuoi influencer sui social media rilevanti da database globale di oltre 700.000 influencer<\/li>\n<li><strong>Approfondimenti<\/strong>: analizza la tua community di influencer e comprendi la tua attuale consapevolezza e coinvolgimento del marchio<\/li>\n<li><strong>Attivare<\/strong>: connettiti con i tuoi target di influencer chiave attraverso la community<\/li>\n<li><strong>Misurare<\/strong>: misura l&#8217;impatto del tuo programma di influencer marketing e come ti confronti con i tuoi concorrenti<\/li>\n<li><strong>Migliora la leadership di pensiero<\/strong>: crea contenuti con influencer sull&#8217;innovazione e le sfide del settore per aumentare la consapevolezza e stimolare la considerazione con il tuo pubblico di destinazione<\/li>\n<li><strong>Modifica rapida della percezione:<\/strong> gli influencer hanno un&#8217;influenza significativa e fiducia all&#8217;interno del mercato. Interagisci con loro per aiutare a modellare la percezione del tuo marchio mentre continui a evolvere i messaggi del tuo brand<\/li>\n<li><strong>Aumenta la generazione della domanda<\/strong>: gli influencer ti aiuteranno a generare una domanda reale per il tuo prodotto o soluzione piuttosto che fare affidamento su costose ricerche a pagamento o campagne PPC per generare lead<\/li>\n<li><strong>Raggiungi nuovo pubblico<\/strong>: la collaborazione con gli influencer ti aiuter\u00e0 a coinvolgere e attivare quei segmenti di pubblico difficili da raggiungere<\/li>\n<\/ul>\n<h4>LE RECENSIONI DEGLI UTENTI<\/h4>\n<p class=\"font-weight-bold mb-1 d-flex align-items-center\"><strong>Marie F.&#8221;Marie Curie &#8211; Recensione Onalytica&#8221;<\/strong><\/p>\n<p><strong>Commenti: <\/strong>Ci \u00e8 voluto un po&#8217; di tempo per sapere veramente cosa volevamo e informare con sicurezza il team di Onalytica. Ora, con l&#8217;aiuto del team, abbiamo un piano chiarissimo e stiamo ottenendo molto di pi\u00f9 dallo strumento. Dopo aver lavorato con il tuo strumento per diversi anni, mi rendo conto della quantit\u00e0 di tempo che devi davvero dedicare per farlo funzionare, anche solo per assicurarti che altri team ne traggano il massimo, non appena inizi a vedere i frutti di il tuo lavoro!<\/p>\n<p><strong>Vantaggi: <\/strong>Mi piace la gamma di modi in cui siamo in grado di conoscere ogni singolo influencer e il modo in cui si relazionano al nostro marchio attraverso le parole chiave. Gli avvisi sono particolarmente utili. Il principale vantaggio di lavorare con Onalytica \u00e8 il supporto del loro staff<\/p>\n<p><strong>Inconvenienti: <\/strong>Senza formazione \u00e8 difficile orientarsi nello strumento. Non \u00e8 neanche eccessivamente carino.<\/p>\n<p class=\"font-weight-bold mb-1 d-flex align-items-center\"><strong>Ryan B.&#8221;Onalytica: dai fogli di calcolo alla gestione&#8221;<\/strong><\/p>\n<p><strong>Commenti: <\/strong>Nel complesso la mia esperienza con Onalytica \u00e8 stata positiva. \u00c8 uno strumento conveniente e il team di successo dei clienti di Onalytica \u00e8 molto reattivo e disponibile.<\/p>\n<p><strong>Pro: <\/strong>Ci sono molte cose che mi piacciono di pi\u00f9 di Onalytica. Per cominciare, mi piace quanto sia facile vedere la mappa della rete di un influencer. Inoltre, mi piace essere portato direttamente a un tweet dal software.<\/p>\n<p><strong>Contro: <\/strong>Quello che mi piace di meno di Onalytica \u00e8 (attualmente) puoi valutare solo gli influencer che sono nel tuo programma e non in tutto Twitter. Inoltre, essere in grado di utilizzare solo Twitter e i blog personali limita la scoperta e la gestione degli influencer.<\/p>\n<p class=\"font-weight-bold mb-1 d-flex align-items-center\"><strong>Jennafer H.&#8221;Servizio eccellente&#8221;<\/strong><\/p>\n<p><strong>Commenti: <\/strong>Ho solo cose positive da dire su Onalytica. Il servizio \u00e8 fantastico, con personale dedicato a disposizione per rispondere a qualsiasi domanda e aiutare con il software ogni volta che ne abbiamo bisogno. Anche la gamma di informazioni fornite dal software \u00e8 fantastica.<\/p>\n<p><strong>Pro: <\/strong>Molto facile da usare.\u00a0Intuizioni potenti non disponibili da nessun&#8217;altra parte.\u00a0Forte suite di reportistica<\/p>\n<p><strong>Contro: <\/strong>Scopri il software non il migliore per la nostra nicchia di mercato<\/p>\n","protected":false},"excerpt":{"rendered":"<p>Onalytica \u00e8 specializzata nella fornitura di software per la gestione delle relazioni con gli influencer e nel supporto di servizi professionali per aiutare i marchi a scalare i risultati.<\/p>\n","protected":false},"author":16,"featured_media":48658,"parent":48041,"menu_order":0,"comment_status":"open","ping_status":"closed","template":"g1_template_page_review_new.php","meta":{"_acf_changed":false,"cwp_meta_box_check":"Yes","cwp_rev_product_name":"","cwp_rev_product_image":"","wppr_links":[],"cwp_rev_price":"","wppr_options":[],"wppr_pros":[],"wppr_cons":[],"_monsterinsights_skip_tracking":false,"_monsterinsights_sitenote_active":false,"_monsterinsights_sitenote_note":"","_monsterinsights_sitenote_category":0,"footnotes":""},"categories":[11175],"tags":[11257,459,11258,583,11259,11189,11181,11192,582,1040],"features":[],"class_list":{"0":"post-48652","1":"page","2":"type-page","3":"status-publish","4":"has-post-thumbnail","6":"category-piattaforme-per-influencer-marketing","7":"tag-blog","8":"tag-facebook","9":"tag-influencer-marketig","10":"tag-instagram","11":"tag-piattaforma-per-influecer-marketing","12":"tag-programma-per-influencer-marketing","13":"tag-software-per-influencer-marketing","14":"tag-soluzione-per-influencer-marketing","15":"tag-twitter","16":"tag-youtube"},"wppr_data":{"cwp_meta_box_check":"Yes","cwp_rev_product_name":"","cwp_rev_product_image":"","cwp_image_link":"image","cwp_rev_price":"","wppr_rating":"0.00"},"acf":[],"yoast_head":"<!-- This site is optimized with the Yoast SEO plugin v27.4 - https:\/\/yoast.com\/product\/yoast-seo-wordpress\/ -->\n<title>Onalytica: recensione software per influencer marketing Accurate Reviews<\/title>\n<meta name=\"description\" content=\"Onalytica: recensione software per la gestione delle relazioni con influencer e per il supporto di servizi professionali.\" \/>\n<meta name=\"robots\" content=\"index, follow, max-snippet:-1, max-image-preview:large, max-video-preview:-1\" \/>\n<link rel=\"canonical\" href=\"https:\/\/www.accuratereviews.com\/it\/piattaforme-influencer-marketing\/onalytica-recensione\/\" \/>\n<meta property=\"og:locale\" content=\"it_IT\" \/>\n<meta property=\"og:type\" content=\"article\" \/>\n<meta property=\"og:title\" content=\"Onalytica: recensione software per influencer marketing Accurate Reviews\" \/>\n<meta property=\"og:description\" content=\"Onalytica: recensione software per la gestione delle relazioni con influencer e per il supporto di servizi professionali.\" \/>\n<meta property=\"og:url\" content=\"https:\/\/www.accuratereviews.com\/it\/piattaforme-influencer-marketing\/onalytica-recensione\/\" \/>\n<meta property=\"og:site_name\" content=\"Accurate Reviews\" \/>\n<meta property=\"og:image\" content=\"https:\/\/www.accuratereviews.com\/wp-content\/uploads\/2021\/10\/onalytica1.png\" \/>\n\t<meta property=\"og:image:width\" content=\"240\" \/>\n\t<meta property=\"og:image:height\" content=\"240\" \/>\n\t<meta property=\"og:image:type\" content=\"image\/png\" \/>\n<meta name=\"twitter:card\" content=\"summary_large_image\" \/>\n<meta name=\"twitter:label1\" content=\"Tempo di lettura stimato\" \/>\n\t<meta name=\"twitter:data1\" content=\"4 minuti\" \/>\n<script type=\"application\/ld+json\" class=\"yoast-schema-graph\">{\"@context\":\"https:\\\/\\\/schema.org\",\"@graph\":[{\"@type\":\"WebPage\",\"@id\":\"https:\\\/\\\/www.accuratereviews.com\\\/it\\\/piattaforme-influencer-marketing\\\/onalytica-recensione\\\/\",\"url\":\"https:\\\/\\\/www.accuratereviews.com\\\/it\\\/piattaforme-influencer-marketing\\\/onalytica-recensione\\\/\",\"name\":\"Onalytica: recensione software per influencer marketing Accurate Reviews\",\"isPartOf\":{\"@id\":\"https:\\\/\\\/www.accuratereviews.com\\\/it\\\/#website\"},\"primaryImageOfPage\":{\"@id\":\"https:\\\/\\\/www.accuratereviews.com\\\/it\\\/piattaforme-influencer-marketing\\\/onalytica-recensione\\\/#primaryimage\"},\"image\":{\"@id\":\"https:\\\/\\\/www.accuratereviews.com\\\/it\\\/piattaforme-influencer-marketing\\\/onalytica-recensione\\\/#primaryimage\"},\"thumbnailUrl\":\"https:\\\/\\\/www.accuratereviews.com\\\/wp-content\\\/uploads\\\/2021\\\/10\\\/onalytica1.png\",\"datePublished\":\"2021-10-13T10:50:04+00:00\",\"description\":\"Onalytica: recensione software per la gestione delle relazioni con influencer e per il supporto di servizi professionali.\",\"breadcrumb\":{\"@id\":\"https:\\\/\\\/www.accuratereviews.com\\\/it\\\/piattaforme-influencer-marketing\\\/onalytica-recensione\\\/#breadcrumb\"},\"inLanguage\":\"it-IT\",\"potentialAction\":[{\"@type\":\"ReadAction\",\"target\":[\"https:\\\/\\\/www.accuratereviews.com\\\/it\\\/piattaforme-influencer-marketing\\\/onalytica-recensione\\\/\"]}]},{\"@type\":\"ImageObject\",\"inLanguage\":\"it-IT\",\"@id\":\"https:\\\/\\\/www.accuratereviews.com\\\/it\\\/piattaforme-influencer-marketing\\\/onalytica-recensione\\\/#primaryimage\",\"url\":\"https:\\\/\\\/www.accuratereviews.com\\\/wp-content\\\/uploads\\\/2021\\\/10\\\/onalytica1.png\",\"contentUrl\":\"https:\\\/\\\/www.accuratereviews.com\\\/wp-content\\\/uploads\\\/2021\\\/10\\\/onalytica1.png\",\"width\":240,\"height\":240},{\"@type\":\"BreadcrumbList\",\"@id\":\"https:\\\/\\\/www.accuratereviews.com\\\/it\\\/piattaforme-influencer-marketing\\\/onalytica-recensione\\\/#breadcrumb\",\"itemListElement\":[{\"@type\":\"ListItem\",\"position\":1,\"name\":\"Home\",\"item\":\"https:\\\/\\\/www.accuratereviews.com\\\/it\\\/\"},{\"@type\":\"ListItem\",\"position\":2,\"name\":\"Piattaforme per influencer marketing\",\"item\":\"https:\\\/\\\/www.accuratereviews.com\\\/it\\\/piattaforme-influencer-marketing\\\/\"},{\"@type\":\"ListItem\",\"position\":3,\"name\":\"Onalytica\"}]},{\"@type\":\"WebSite\",\"@id\":\"https:\\\/\\\/www.accuratereviews.com\\\/it\\\/#website\",\"url\":\"https:\\\/\\\/www.accuratereviews.com\\\/it\\\/\",\"name\":\"Accurate Reviews\",\"description\":\"\",\"potentialAction\":[{\"@type\":\"SearchAction\",\"target\":{\"@type\":\"EntryPoint\",\"urlTemplate\":\"https:\\\/\\\/www.accuratereviews.com\\\/it\\\/?s={search_term_string}\"},\"query-input\":{\"@type\":\"PropertyValueSpecification\",\"valueRequired\":true,\"valueName\":\"search_term_string\"}}],\"inLanguage\":\"it-IT\"}]}<\/script>\n<!-- \/ Yoast SEO plugin. -->","yoast_head_json":{"title":"Onalytica: recensione software per influencer marketing Accurate Reviews","description":"Onalytica: recensione software per la gestione delle relazioni con influencer e per il supporto di servizi professionali.","robots":{"index":"index","follow":"follow","max-snippet":"max-snippet:-1","max-image-preview":"max-image-preview:large","max-video-preview":"max-video-preview:-1"},"canonical":"https:\/\/www.accuratereviews.com\/it\/piattaforme-influencer-marketing\/onalytica-recensione\/","og_locale":"it_IT","og_type":"article","og_title":"Onalytica: recensione software per influencer marketing Accurate Reviews","og_description":"Onalytica: recensione software per la gestione delle relazioni con influencer e per il supporto di servizi professionali.","og_url":"https:\/\/www.accuratereviews.com\/it\/piattaforme-influencer-marketing\/onalytica-recensione\/","og_site_name":"Accurate Reviews","og_image":[{"width":240,"height":240,"url":"https:\/\/www.accuratereviews.com\/wp-content\/uploads\/2021\/10\/onalytica1.png","type":"image\/png"}],"twitter_card":"summary_large_image","twitter_misc":{"Tempo di lettura stimato":"4 minuti"},"schema":{"@context":"https:\/\/schema.org","@graph":[{"@type":"WebPage","@id":"https:\/\/www.accuratereviews.com\/it\/piattaforme-influencer-marketing\/onalytica-recensione\/","url":"https:\/\/www.accuratereviews.com\/it\/piattaforme-influencer-marketing\/onalytica-recensione\/","name":"Onalytica: recensione software per influencer marketing Accurate Reviews","isPartOf":{"@id":"https:\/\/www.accuratereviews.com\/it\/#website"},"primaryImageOfPage":{"@id":"https:\/\/www.accuratereviews.com\/it\/piattaforme-influencer-marketing\/onalytica-recensione\/#primaryimage"},"image":{"@id":"https:\/\/www.accuratereviews.com\/it\/piattaforme-influencer-marketing\/onalytica-recensione\/#primaryimage"},"thumbnailUrl":"https:\/\/www.accuratereviews.com\/wp-content\/uploads\/2021\/10\/onalytica1.png","datePublished":"2021-10-13T10:50:04+00:00","description":"Onalytica: recensione software per la gestione delle relazioni con influencer e per il supporto di servizi professionali.","breadcrumb":{"@id":"https:\/\/www.accuratereviews.com\/it\/piattaforme-influencer-marketing\/onalytica-recensione\/#breadcrumb"},"inLanguage":"it-IT","potentialAction":[{"@type":"ReadAction","target":["https:\/\/www.accuratereviews.com\/it\/piattaforme-influencer-marketing\/onalytica-recensione\/"]}]},{"@type":"ImageObject","inLanguage":"it-IT","@id":"https:\/\/www.accuratereviews.com\/it\/piattaforme-influencer-marketing\/onalytica-recensione\/#primaryimage","url":"https:\/\/www.accuratereviews.com\/wp-content\/uploads\/2021\/10\/onalytica1.png","contentUrl":"https:\/\/www.accuratereviews.com\/wp-content\/uploads\/2021\/10\/onalytica1.png","width":240,"height":240},{"@type":"BreadcrumbList","@id":"https:\/\/www.accuratereviews.com\/it\/piattaforme-influencer-marketing\/onalytica-recensione\/#breadcrumb","itemListElement":[{"@type":"ListItem","position":1,"name":"Home","item":"https:\/\/www.accuratereviews.com\/it\/"},{"@type":"ListItem","position":2,"name":"Piattaforme per influencer marketing","item":"https:\/\/www.accuratereviews.com\/it\/piattaforme-influencer-marketing\/"},{"@type":"ListItem","position":3,"name":"Onalytica"}]},{"@type":"WebSite","@id":"https:\/\/www.accuratereviews.com\/it\/#website","url":"https:\/\/www.accuratereviews.com\/it\/","name":"Accurate Reviews","description":"","potentialAction":[{"@type":"SearchAction","target":{"@type":"EntryPoint","urlTemplate":"https:\/\/www.accuratereviews.com\/it\/?s={search_term_string}"},"query-input":{"@type":"PropertyValueSpecification","valueRequired":true,"valueName":"search_term_string"}}],"inLanguage":"it-IT"}]}},"_links":{"self":[{"href":"https:\/\/www.accuratereviews.com\/it\/wp-json\/wp\/v2\/pages\/48652","targetHints":{"allow":["GET"]}}],"collection":[{"href":"https:\/\/www.accuratereviews.com\/it\/wp-json\/wp\/v2\/pages"}],"about":[{"href":"https:\/\/www.accuratereviews.com\/it\/wp-json\/wp\/v2\/types\/page"}],"author":[{"embeddable":true,"href":"https:\/\/www.accuratereviews.com\/it\/wp-json\/wp\/v2\/users\/16"}],"replies":[{"embeddable":true,"href":"https:\/\/www.accuratereviews.com\/it\/wp-json\/wp\/v2\/comments?post=48652"}],"version-history":[{"count":8,"href":"https:\/\/www.accuratereviews.com\/it\/wp-json\/wp\/v2\/pages\/48652\/revisions"}],"predecessor-version":[{"id":48697,"href":"https:\/\/www.accuratereviews.com\/it\/wp-json\/wp\/v2\/pages\/48652\/revisions\/48697"}],"up":[{"embeddable":true,"href":"https:\/\/www.accuratereviews.com\/it\/wp-json\/wp\/v2\/pages\/48041"}],"wp:featuredmedia":[{"embeddable":true,"href":"https:\/\/www.accuratereviews.com\/it\/wp-json\/wp\/v2\/media\/48658"}],"wp:attachment":[{"href":"https:\/\/www.accuratereviews.com\/it\/wp-json\/wp\/v2\/media?parent=48652"}],"wp:term":[{"taxonomy":"category","embeddable":true,"href":"https:\/\/www.accuratereviews.com\/it\/wp-json\/wp\/v2\/categories?post=48652"},{"taxonomy":"post_tag","embeddable":true,"href":"https:\/\/www.accuratereviews.com\/it\/wp-json\/wp\/v2\/tags?post=48652"},{"taxonomy":"features","embeddable":true,"href":"https:\/\/www.accuratereviews.com\/it\/wp-json\/wp\/v2\/features?post=48652"}],"curies":[{"name":"wp","href":"https:\/\/api.w.org\/{rel}","templated":true}]}}