{"id":48665,"date":"2021-10-12T11:42:11","date_gmt":"2021-10-12T11:42:11","guid":{"rendered":"https:\/\/www.accuratereviews.com\/?page_id=48665"},"modified":"2021-10-17T20:14:28","modified_gmt":"2021-10-17T20:14:28","slug":"analisa-io-recensione","status":"publish","type":"page","link":"https:\/\/www.accuratereviews.com\/it\/piattaforme-influencer-marketing\/analisa-io-recensione\/","title":{"rendered":"Analisa.io"},"content":{"rendered":"<p><strong>Analisa.io<\/strong> \u00e8 una <strong>soluzione di analisi dei social<\/strong> basata su <strong>cloud<\/strong> progettata per aiutare le piccole e medie imprese nei settori dell&#8217;abbigliamento, dei beni di consumo, dei media o dei prodotti alimentari e delle bevande a misurare il coinvolgimento dei clienti attraverso i profili dei social media come <strong>Instagram<\/strong>. Le caratteristiche principali includono il monitoraggio storico delle prestazioni, l&#8217;analisi della concorrenza, la mappatura degli influencer, le statistiche sull&#8217;attivit\u00e0 social e i rapporti.\u00a0L&#8217;applicazione basata sull&#8217;intelligenza artificiale consente ai professionisti del marketing di analizzare il traffico dei visitatori, il coinvolgimento e le relazioni con tag su pi\u00f9 profili Instagram o hashtag e determinare la data, l&#8217;ora e il luogo delle attivit\u00e0 di pubblicazione. Aiuta le agenzie a ottenere informazioni sui dati demografici dei visitatori come et\u00e0, sesso e posizione, consentendo di verificare l&#8217;autenticit\u00e0 dei follower e ridurre le attivit\u00e0 fraudolente.<\/p>\n<h2>ANNALISA.IO &#8211; TUTORIAL<\/h2>\n<p>Guardiamo insieme come pu\u00f2 aiutarti nel tuo lavoro questo <strong>software per influencer marketing<\/strong>:<\/p>\n<div id=\"fluid-wrapper-counter-1\" class=\"g1-fluid-wrapper \" style=\"width:686px;\">\n<div style=\"padding-bottom:56.268221574344%;\"><iframe loading=\"lazy\" title=\"How to Become an Analisa.io Affiliate Partner\" width=\"686\" height=\"386\" src=\"https:\/\/www.youtube.com\/embed\/2JpdX54CRpo?feature=oembed&amp;wmode=transparent&amp;autohide=1&amp;autoplay=0&amp;disablekb=0&amp;fs=1&amp;loop=0&amp;enablejsapi=1&amp;rel=0&amp;controls=2&amp;showinfo=0&amp;wmode=transparent&amp;autohide=2&amp;autoplay=0&amp;disablekb=0&amp;fs=1&amp;loop=0&amp;enablejsapi=1&amp;rel=0&amp;controls=2&amp;showinfo=1\" frameborder=\"0\" allow=\"accelerometer; autoplay; clipboard-write; encrypted-media; gyroscope; picture-in-picture\" allowfullscreen><\/iframe><\/div>\n<\/div>\n<h3>ANNALISA.IO &#8211; CARATTERISTICHE<\/h3>\n<ul>\n<li><strong>Profilo e analisi della concorrenza<\/strong>: analizza l&#8217;attivit\u00e0 social e le prestazioni dei tuoi profili e hashtag su Instagram e TikTok e di quelli dei tuoi concorrenti<\/li>\n<li><strong>Dati demografici e autenticit\u00e0 dei follower:<\/strong> scopri l&#8217;et\u00e0, il sesso e la posizione dei follower dei profili Instagram, misurando la qualit\u00e0 e l&#8217;autenticit\u00e0 per ridurre al minimo le frodi<\/li>\n<li><strong>Rapporti sulla campagna<\/strong>: risparmia tempo. Esporta profili Instagram e TikTok e rapporti hashtag in PDF o CSV, personalizzati in base alle tue esigenze<\/li>\n<li><strong>Dati storici e analisi<\/strong>: ottieni dati storici dei post e scopri informazioni sui social da intervalli di date personalizzati<\/li>\n<li><strong>Ottimizzazione di contenuti e influencer<\/strong>: scopri contenuti accattivanti e influencer con analisi in tempo reale dei migliori post, didascalie, hashtag e tempi di pubblicazione<\/li>\n<\/ul>\n<h4>LE RECENSIONI DEGLI UTENTI<\/h4>\n<h4>JhonD.:&#8221;uno dei migliori strumenti di influencer marketing&#8221;<\/h4>\n<p><strong>Pro<\/strong>: Super facile da usare e aiuta i marketer e fa sistemarsi sui giusti Influencer Instagram e TikTok per le nostre campagne di marketing. Le informazioni dettagliate all&#8217;interno del piano Pro ci consentono di aspettarci l&#8217;impatto della nostra collaborazione con l&#8217;influencer.<\/p>\n<p><strong>Contro<\/strong>: forse nel rapporto TikTok, possono fornire tutti i dati di interazione, come quante persone duettano o reagiscono al post.<\/p>\n<p class=\"font-weight-bold mb-1 d-flex align-items-center\"><strong>Murniaty I.&#8221;Il pi\u00f9 potente Instagram Analytics in circolazione&#8221;<\/strong><\/p>\n<p><strong>Commenti: <\/strong>Adatto per l&#8217;influencer marketing o per chiunque utilizzi Instagram per creare o commercializzare un marchio<\/p>\n<p><strong>Pro: <\/strong>&#8211; Ricche intuizioni<br \/>\n&#8211; Caricamento istantaneo<br \/>\n&#8211; Piattaforma aperta e flessibile<br \/>\n&#8211; Pu\u00f2 analizzare qualsiasi account\/hashtag pubblico di Instagram, come quello dei tuoi concorrenti, non solo il tuo<\/p>\n<p><strong>Contro: <\/strong>Non molto, mi piace come sia completamente gratuito e paghi solo per l&#8217;aggiornamento<\/p>\n<p class=\"h5 font-weight-bold flex-grow-1 mb-4\"><strong>JohonD:&#8221;Ottimo software&#8221;<\/strong><\/p>\n<p><strong>Commenti: <\/strong>finora va bene, ma \u00e8 necessario aggiornare il software in seguito<\/p>\n<p><strong>Vantaggi: <\/strong>pu\u00f2 tenere traccia degli hashtag di tiktok e instagram e buone analisi per ogni piattaforma, ottimo prodotto!<\/p>\n<p><strong>Inconvenienti: <\/strong>deve essere possibile vedere reazioni o sticth da tiktok<\/p>\n","protected":false},"excerpt":{"rendered":"<p>Analisa.io \u00e8 una soluzione di analisi dei social basata su cloud progettata per aiutare le piccole e medie imprese nei settori dell&#8217;abbigliamento, dei beni di consumo, dei media o dei prodotti alimentari e delle bevande a misurare il coinvolgimento dei clienti attraverso i profili dei social media come Instagram.<\/p>\n","protected":false},"author":16,"featured_media":48666,"parent":48041,"menu_order":0,"comment_status":"open","ping_status":"closed","template":"g1_template_page_review_new.php","meta":{"_acf_changed":false,"cwp_meta_box_check":"Yes","cwp_rev_product_name":"","cwp_rev_product_image":"","wppr_links":[],"cwp_rev_price":"","wppr_options":[],"wppr_pros":[],"wppr_cons":[],"_monsterinsights_skip_tracking":false,"_monsterinsights_sitenote_active":false,"_monsterinsights_sitenote_note":"","_monsterinsights_sitenote_category":0,"footnotes":""},"categories":[11175],"tags":[11255,11254,11191,11189,11181,11192],"features":[],"class_list":{"0":"post-48665","1":"page","2":"type-page","3":"status-publish","4":"has-post-thumbnail","6":"category-piattaforme-per-influencer-marketing","7":"tag-analisa-io","8":"tag-infuencer-marketing","9":"tag-piattaforma-per-influencer-marketing","10":"tag-programma-per-influencer-marketing","11":"tag-software-per-influencer-marketing","12":"tag-soluzione-per-influencer-marketing"},"wppr_data":{"cwp_meta_box_check":"Yes","cwp_rev_product_name":"","cwp_rev_product_image":"","cwp_image_link":"image","cwp_rev_price":"","wppr_rating":"0.00"},"acf":[],"yoast_head":"<!-- This site is optimized with the Yoast SEO plugin v27.4 - https:\/\/yoast.com\/product\/yoast-seo-wordpress\/ -->\n<title>Analisa.io: recensione software per influencer marketing Accurate Reviews<\/title>\n<meta name=\"description\" content=\"Analisa.io: recensione soluzione di analisi dei social basata su cloud progettata per aiutare le piccole e medie imprese.\" \/>\n<meta name=\"robots\" content=\"index, follow, max-snippet:-1, max-image-preview:large, max-video-preview:-1\" \/>\n<link rel=\"canonical\" href=\"https:\/\/www.accuratereviews.com\/it\/piattaforme-influencer-marketing\/analisa-io-recensione\/\" \/>\n<meta property=\"og:locale\" content=\"it_IT\" \/>\n<meta property=\"og:type\" content=\"article\" \/>\n<meta property=\"og:title\" content=\"Analisa.io: recensione software per influencer marketing Accurate Reviews\" \/>\n<meta property=\"og:description\" content=\"Analisa.io: recensione soluzione di analisi dei social basata su cloud progettata per aiutare le piccole e medie imprese.\" \/>\n<meta property=\"og:url\" content=\"https:\/\/www.accuratereviews.com\/it\/piattaforme-influencer-marketing\/analisa-io-recensione\/\" \/>\n<meta property=\"og:site_name\" content=\"Accurate Reviews\" \/>\n<meta property=\"article:modified_time\" content=\"2021-10-17T20:14:28+00:00\" \/>\n<meta property=\"og:image\" content=\"https:\/\/www.accuratereviews.com\/wp-content\/uploads\/2021\/10\/Analisa.IoUntitled.png\" \/>\n\t<meta property=\"og:image:width\" content=\"1600\" \/>\n\t<meta property=\"og:image:height\" content=\"600\" \/>\n\t<meta property=\"og:image:type\" content=\"image\/png\" \/>\n<meta name=\"twitter:card\" content=\"summary_large_image\" \/>\n<meta name=\"twitter:label1\" content=\"Tempo di lettura stimato\" \/>\n\t<meta name=\"twitter:data1\" content=\"2 minuti\" \/>\n<script type=\"application\/ld+json\" class=\"yoast-schema-graph\">{\"@context\":\"https:\\\/\\\/schema.org\",\"@graph\":[{\"@type\":\"WebPage\",\"@id\":\"https:\\\/\\\/www.accuratereviews.com\\\/it\\\/piattaforme-influencer-marketing\\\/analisa-io-recensione\\\/\",\"url\":\"https:\\\/\\\/www.accuratereviews.com\\\/it\\\/piattaforme-influencer-marketing\\\/analisa-io-recensione\\\/\",\"name\":\"Analisa.io: recensione software per influencer marketing Accurate Reviews\",\"isPartOf\":{\"@id\":\"https:\\\/\\\/www.accuratereviews.com\\\/it\\\/#website\"},\"primaryImageOfPage\":{\"@id\":\"https:\\\/\\\/www.accuratereviews.com\\\/it\\\/piattaforme-influencer-marketing\\\/analisa-io-recensione\\\/#primaryimage\"},\"image\":{\"@id\":\"https:\\\/\\\/www.accuratereviews.com\\\/it\\\/piattaforme-influencer-marketing\\\/analisa-io-recensione\\\/#primaryimage\"},\"thumbnailUrl\":\"https:\\\/\\\/www.accuratereviews.com\\\/wp-content\\\/uploads\\\/2021\\\/10\\\/Analisa.IoUntitled.png\",\"datePublished\":\"2021-10-12T11:42:11+00:00\",\"dateModified\":\"2021-10-17T20:14:28+00:00\",\"description\":\"Analisa.io: recensione soluzione di analisi dei social basata su cloud progettata per aiutare le piccole e medie imprese.\",\"breadcrumb\":{\"@id\":\"https:\\\/\\\/www.accuratereviews.com\\\/it\\\/piattaforme-influencer-marketing\\\/analisa-io-recensione\\\/#breadcrumb\"},\"inLanguage\":\"it-IT\",\"potentialAction\":[{\"@type\":\"ReadAction\",\"target\":[\"https:\\\/\\\/www.accuratereviews.com\\\/it\\\/piattaforme-influencer-marketing\\\/analisa-io-recensione\\\/\"]}]},{\"@type\":\"ImageObject\",\"inLanguage\":\"it-IT\",\"@id\":\"https:\\\/\\\/www.accuratereviews.com\\\/it\\\/piattaforme-influencer-marketing\\\/analisa-io-recensione\\\/#primaryimage\",\"url\":\"https:\\\/\\\/www.accuratereviews.com\\\/wp-content\\\/uploads\\\/2021\\\/10\\\/Analisa.IoUntitled.png\",\"contentUrl\":\"https:\\\/\\\/www.accuratereviews.com\\\/wp-content\\\/uploads\\\/2021\\\/10\\\/Analisa.IoUntitled.png\",\"width\":1600,\"height\":600},{\"@type\":\"BreadcrumbList\",\"@id\":\"https:\\\/\\\/www.accuratereviews.com\\\/it\\\/piattaforme-influencer-marketing\\\/analisa-io-recensione\\\/#breadcrumb\",\"itemListElement\":[{\"@type\":\"ListItem\",\"position\":1,\"name\":\"Home\",\"item\":\"https:\\\/\\\/www.accuratereviews.com\\\/it\\\/\"},{\"@type\":\"ListItem\",\"position\":2,\"name\":\"Piattaforme per influencer marketing\",\"item\":\"https:\\\/\\\/www.accuratereviews.com\\\/it\\\/piattaforme-influencer-marketing\\\/\"},{\"@type\":\"ListItem\",\"position\":3,\"name\":\"Analisa.io\"}]},{\"@type\":\"WebSite\",\"@id\":\"https:\\\/\\\/www.accuratereviews.com\\\/it\\\/#website\",\"url\":\"https:\\\/\\\/www.accuratereviews.com\\\/it\\\/\",\"name\":\"Accurate Reviews\",\"description\":\"\",\"potentialAction\":[{\"@type\":\"SearchAction\",\"target\":{\"@type\":\"EntryPoint\",\"urlTemplate\":\"https:\\\/\\\/www.accuratereviews.com\\\/it\\\/?s={search_term_string}\"},\"query-input\":{\"@type\":\"PropertyValueSpecification\",\"valueRequired\":true,\"valueName\":\"search_term_string\"}}],\"inLanguage\":\"it-IT\"}]}<\/script>\n<!-- \/ Yoast SEO plugin. -->","yoast_head_json":{"title":"Analisa.io: recensione software per influencer marketing Accurate Reviews","description":"Analisa.io: recensione soluzione di analisi dei social basata su cloud progettata per aiutare le piccole e medie imprese.","robots":{"index":"index","follow":"follow","max-snippet":"max-snippet:-1","max-image-preview":"max-image-preview:large","max-video-preview":"max-video-preview:-1"},"canonical":"https:\/\/www.accuratereviews.com\/it\/piattaforme-influencer-marketing\/analisa-io-recensione\/","og_locale":"it_IT","og_type":"article","og_title":"Analisa.io: recensione software per influencer marketing Accurate Reviews","og_description":"Analisa.io: recensione soluzione di analisi dei social basata su cloud progettata per aiutare le piccole e medie imprese.","og_url":"https:\/\/www.accuratereviews.com\/it\/piattaforme-influencer-marketing\/analisa-io-recensione\/","og_site_name":"Accurate Reviews","article_modified_time":"2021-10-17T20:14:28+00:00","og_image":[{"width":1600,"height":600,"url":"https:\/\/www.accuratereviews.com\/wp-content\/uploads\/2021\/10\/Analisa.IoUntitled.png","type":"image\/png"}],"twitter_card":"summary_large_image","twitter_misc":{"Tempo di lettura stimato":"2 minuti"},"schema":{"@context":"https:\/\/schema.org","@graph":[{"@type":"WebPage","@id":"https:\/\/www.accuratereviews.com\/it\/piattaforme-influencer-marketing\/analisa-io-recensione\/","url":"https:\/\/www.accuratereviews.com\/it\/piattaforme-influencer-marketing\/analisa-io-recensione\/","name":"Analisa.io: recensione software per influencer marketing Accurate Reviews","isPartOf":{"@id":"https:\/\/www.accuratereviews.com\/it\/#website"},"primaryImageOfPage":{"@id":"https:\/\/www.accuratereviews.com\/it\/piattaforme-influencer-marketing\/analisa-io-recensione\/#primaryimage"},"image":{"@id":"https:\/\/www.accuratereviews.com\/it\/piattaforme-influencer-marketing\/analisa-io-recensione\/#primaryimage"},"thumbnailUrl":"https:\/\/www.accuratereviews.com\/wp-content\/uploads\/2021\/10\/Analisa.IoUntitled.png","datePublished":"2021-10-12T11:42:11+00:00","dateModified":"2021-10-17T20:14:28+00:00","description":"Analisa.io: recensione soluzione di analisi dei social basata su cloud progettata per aiutare le piccole e medie imprese.","breadcrumb":{"@id":"https:\/\/www.accuratereviews.com\/it\/piattaforme-influencer-marketing\/analisa-io-recensione\/#breadcrumb"},"inLanguage":"it-IT","potentialAction":[{"@type":"ReadAction","target":["https:\/\/www.accuratereviews.com\/it\/piattaforme-influencer-marketing\/analisa-io-recensione\/"]}]},{"@type":"ImageObject","inLanguage":"it-IT","@id":"https:\/\/www.accuratereviews.com\/it\/piattaforme-influencer-marketing\/analisa-io-recensione\/#primaryimage","url":"https:\/\/www.accuratereviews.com\/wp-content\/uploads\/2021\/10\/Analisa.IoUntitled.png","contentUrl":"https:\/\/www.accuratereviews.com\/wp-content\/uploads\/2021\/10\/Analisa.IoUntitled.png","width":1600,"height":600},{"@type":"BreadcrumbList","@id":"https:\/\/www.accuratereviews.com\/it\/piattaforme-influencer-marketing\/analisa-io-recensione\/#breadcrumb","itemListElement":[{"@type":"ListItem","position":1,"name":"Home","item":"https:\/\/www.accuratereviews.com\/it\/"},{"@type":"ListItem","position":2,"name":"Piattaforme per influencer marketing","item":"https:\/\/www.accuratereviews.com\/it\/piattaforme-influencer-marketing\/"},{"@type":"ListItem","position":3,"name":"Analisa.io"}]},{"@type":"WebSite","@id":"https:\/\/www.accuratereviews.com\/it\/#website","url":"https:\/\/www.accuratereviews.com\/it\/","name":"Accurate Reviews","description":"","potentialAction":[{"@type":"SearchAction","target":{"@type":"EntryPoint","urlTemplate":"https:\/\/www.accuratereviews.com\/it\/?s={search_term_string}"},"query-input":{"@type":"PropertyValueSpecification","valueRequired":true,"valueName":"search_term_string"}}],"inLanguage":"it-IT"}]}},"_links":{"self":[{"href":"https:\/\/www.accuratereviews.com\/it\/wp-json\/wp\/v2\/pages\/48665","targetHints":{"allow":["GET"]}}],"collection":[{"href":"https:\/\/www.accuratereviews.com\/it\/wp-json\/wp\/v2\/pages"}],"about":[{"href":"https:\/\/www.accuratereviews.com\/it\/wp-json\/wp\/v2\/types\/page"}],"author":[{"embeddable":true,"href":"https:\/\/www.accuratereviews.com\/it\/wp-json\/wp\/v2\/users\/16"}],"replies":[{"embeddable":true,"href":"https:\/\/www.accuratereviews.com\/it\/wp-json\/wp\/v2\/comments?post=48665"}],"version-history":[{"count":10,"href":"https:\/\/www.accuratereviews.com\/it\/wp-json\/wp\/v2\/pages\/48665\/revisions"}],"predecessor-version":[{"id":48766,"href":"https:\/\/www.accuratereviews.com\/it\/wp-json\/wp\/v2\/pages\/48665\/revisions\/48766"}],"up":[{"embeddable":true,"href":"https:\/\/www.accuratereviews.com\/it\/wp-json\/wp\/v2\/pages\/48041"}],"wp:featuredmedia":[{"embeddable":true,"href":"https:\/\/www.accuratereviews.com\/it\/wp-json\/wp\/v2\/media\/48666"}],"wp:attachment":[{"href":"https:\/\/www.accuratereviews.com\/it\/wp-json\/wp\/v2\/media?parent=48665"}],"wp:term":[{"taxonomy":"category","embeddable":true,"href":"https:\/\/www.accuratereviews.com\/it\/wp-json\/wp\/v2\/categories?post=48665"},{"taxonomy":"post_tag","embeddable":true,"href":"https:\/\/www.accuratereviews.com\/it\/wp-json\/wp\/v2\/tags?post=48665"},{"taxonomy":"features","embeddable":true,"href":"https:\/\/www.accuratereviews.com\/it\/wp-json\/wp\/v2\/features?post=48665"}],"curies":[{"name":"wp","href":"https:\/\/api.w.org\/{rel}","templated":true}]}}