{"id":48679,"date":"2021-10-13T10:57:41","date_gmt":"2021-10-13T10:57:41","guid":{"rendered":"https:\/\/www.accuratereviews.com\/?page_id=48679"},"modified":"2021-10-13T10:57:41","modified_gmt":"2021-10-13T10:57:41","slug":"tint-recensione","status":"publish","type":"page","link":"https:\/\/www.accuratereviews.com\/it\/piattaforme-influencer-marketing\/tint-recensione\/","title":{"rendered":"Tint"},"content":{"rendered":"<p><strong>Tint<\/strong> \u00e8 un&#8217;<strong>app di social media marketing<\/strong> creata per i marchi che desiderano raggiungere il proprio pubblico in modo innovativo. Una piattaforma avanzata e facile da usare per trovare, filtrare, curare, ottenere diritti legali e visualizzare i contenuti generati dagli utenti (UGC) pi\u00f9 efficaci su siti web, schermi digitali, eventi, email e annunci social. I brand si affidano inoltre a questa soluzione per eseguire campagne di hashtag, concorsi, lanci di prodotti e tutti i loro display social. Le funzioni speciali includono moderazione, analisi, diritti sui contenuti e <strong>TINTmix<\/strong>, che consente di combinare i social hub con qualsiasi media digitale (url, contenuti live, immagini, video, contenuti dinamici) in un unico posto.<\/p>\n<h2>TINT &#8211; TUTORIAL<\/h2>\n<p>Guardiamo insieme il tutorial su questo <strong>software per influencer marketing<\/strong>:<\/p>\n<div id=\"fluid-wrapper-counter-1\" class=\"g1-fluid-wrapper \" style=\"width:686px;\">\n<div style=\"padding-bottom:56.268221574344%;\"><iframe loading=\"lazy\" title=\"TINT: Deliver trust at every touchpoint\" src=\"https:\/\/player.vimeo.com\/video\/252618683?h=403706ec20&amp;dnt=1&amp;app_id=122963?title=0&amp;byline=0&amp;portrait=0\" width=\"686\" height=\"386\" frameborder=\"0\" allow=\"autoplay; fullscreen; picture-in-picture\" allowfullscreen><\/iframe><\/div>\n<\/div>\n<h3>TINT &#8211; CARATTERISTICHE<\/h3>\n<ul>\n<li><strong>Crea esperienze omnicanale<\/strong>: crea esperienze coerenti e altamente personalizzate per i tuoi clienti e offri un coinvolgimento sofisticato e senza interruzioni con il passaparola sui social e i contenuti generati dagli utenti su tutti i canali di marketing<\/li>\n<li><strong>AI e piattaforma di apprendimento comportamentale<\/strong>: l&#8217;IA avanzata aumenta la produttivit\u00e0 imparando i modelli di comportamento degli utenti con moderazione e pubblicazione. L&#8217;apprendimento automatico ti aiuta a trovare contenuti di altissima qualit\u00e0 mentre la ricerca visiva, la prima del settore, scopre le immagini perfette<\/li>\n<li><strong>Trova rapidamente le tendenze del pubblico<\/strong>: i social si muovono velocemente. Scopri cosa sta pensando il tuo pubblico e rimani aggiornato su conversazioni importanti, tendenze e momenti virali. Pianifica post, monitora, analizza e rispondi alle conversazioni per entrare in contatto con il tuo pubblico<\/li>\n<li><strong>Marca e pubblica ovunque:<\/strong> modella facilmente i contenuti generati dagli utenti per soddisfare i requisiti del brand, quindi pubblicali su siti web, schermi, annunci, social media, email e visualizzali sui social wall agli eventi<\/li>\n<li><strong>Lancia concorsi e campagne social in pochi minuti<\/strong>: coinvolgi il tuo pubblico come mai prima d&#8217;ora con esperienze dinamiche. Modelli predefiniti e innumerevoli personalizzazioni per concorsi ed eventi virtuali che incentivano gli utenti<\/li>\n<li><strong>Facile gestione dei diritti legali<\/strong>: evita problemi legali e GDPR. Richiedi facilmente l&#8217;autorizzazione e ottieni i diritti legali sui contenuti con una traccia di controllo documentata dell&#8217;accettazione dell&#8217;utente. Il rilevamento del copyright previene rischi e violazioni in modo da poter utilizzare contenuti con sicurezza<\/li>\n<li><strong>Studio per i beni guadagnati e posseduti<\/strong>: archivia, organizza, cerca, personalizza, modifica e salva pi\u00f9 versioni di contenuti visivi senza utilizzare designer o programmi costosi come Photoshop. I flussi di lavoro automatizzati consentono di risparmiare tempo sulle azioni ripetitive<\/li>\n<li><strong>Misura il ROI e l&#8217;impatto<\/strong>: monitora le statistiche e il coinvolgimento utilizzando analisi avanzate per restringere le prestazioni di prodotti, contenuti e persone per il tuo marchio. Genera report personalizzati per calcolare il ROI e le entrate e ottimizzare i tuoi sforzi di marketing<\/li>\n<\/ul>\n<h4>LE RECENSIONI DEGLI UTENTI<\/h4>\n<p class=\"font-weight-bold mb-1 d-flex align-items-center\"><strong>Wendy F.&#8221;TINT\u00a0\u00e8 meraviglioso&#8221;<\/strong><\/p>\n<p><strong>Commenti: <\/strong>Usiamo Tint in una variet\u00e0 di modi a Boise State. Da semplici incorporamenti web su pagine chiave che illustrano la vibrante condivisione sociae che avviene, a display di coinvolgimento specifici per eventi che guidano la condivisione in cui i partecipanti possono &#8220;vedere ed essere visti&#8221; online, Tint \u00e8 semplicemente il migliore. \u00c8 un po&#8217; una spesa, ma una volta che ti rendi conto del valore di avere un&#8217;app mobile straordinaria per moderare i feed ovunque, cos\u00ec come ogni singolo partecipante agli eventi in cui lo usiamo pensando che sia magico. . . non puoi perdere. Siamo tutti d&#8217;accordo con Tint. Controlla.<\/p>\n<p><strong>Pro: <\/strong>Facile da usare, facile da personalizzare, facile da ottenere supporto, moderazione web e app, facile incorporamento e visualizzazione.<\/p>\n<p><strong>Contro: <\/strong>Costoso, ma ne vale la pena.<\/p>\n<p class=\"font-weight-bold mb-1 d-flex align-items-center\"><strong>Kinga O.&#8221;Interessante aggregatore di contenuti&#8221;<\/strong><\/p>\n<p><strong>Vantaggi: <\/strong>Fornisce davvero contenuti originali ed \u00e8 difficile ottenerli al giorno d&#8217;oggi. Incredibile anche per i social wall! Se stai cercando di far salire alle stelle i tuoi social media, questa soluzione fa per te.<\/p>\n<p><strong>Inconvenienti: <\/strong>Il prezzo, purtroppo, \u00e8 l&#8217;unico svantaggio.<\/p>\n<p class=\"font-weight-bold mb-1 d-flex align-items-center\"><strong>Kerry H.&#8221;Facile da usare e cos\u00ec efficace&#8221;<\/strong><\/p>\n<p><strong>Commenti: <\/strong>Amiamo la facilit\u00e0 d&#8217;uso. TINTUP \u00e8 cos\u00ec intuitivo. La variet\u00e0 di modelli offre cos\u00ec tanti look diversi. Lo strumento consente la moderazione o meno. Abbiamo trovato che il team di TINTUP \u00e8 cos\u00ec reattivo e disponibile.<\/p>\n<p><strong>Pro: <\/strong>Ottimo servizio clienti. Piattaforma intuitiva. Sembra funzionare alla grande.<\/p>\n<p><strong>Contro: <\/strong>Le limitazioni al numero di TINT per le grandi aziende possono essere restrittive se non \u00e8 possibile aumentare l&#8217;abbonamento al pacchetto.<\/p>\n","protected":false},"excerpt":{"rendered":"<p>Tint \u00e8 un&#8217;app di social media marketing creata per i marchi che desiderano raggiungere il proprio pubblico in modi nuovi e innovativi. Piattaforma avanzata e facile da usare per trovare, filtrare, curare, ottenere diritti legali e visualizzare i contenuti generati dagli utenti (UGC) pi\u00f9 efficaci su siti web, schermi digitali, eventi, email e annunci social.<\/p>\n","protected":false},"author":16,"featured_media":48681,"parent":48041,"menu_order":0,"comment_status":"open","ping_status":"closed","template":"g1_template_page_review_new.php","meta":{"_acf_changed":false,"cwp_meta_box_check":"Yes","cwp_rev_product_name":"","cwp_rev_product_image":"","wppr_links":[],"cwp_rev_price":"","wppr_options":[],"wppr_pros":[],"wppr_cons":[],"_monsterinsights_skip_tracking":false,"_monsterinsights_sitenote_active":false,"_monsterinsights_sitenote_note":"","_monsterinsights_sitenote_category":0,"footnotes":""},"categories":[11175],"tags":[4149,11191,11189,11181,11192,11256],"features":[],"class_list":{"0":"post-48679","1":"page","2":"type-page","3":"status-publish","4":"has-post-thumbnail","6":"category-piattaforme-per-influencer-marketing","7":"tag-influencer-marketing-it","8":"tag-piattaforma-per-influencer-marketing","9":"tag-programma-per-influencer-marketing","10":"tag-software-per-influencer-marketing","11":"tag-soluzione-per-influencer-marketing","12":"tag-tint"},"wppr_data":{"cwp_meta_box_check":"Yes","cwp_rev_product_name":"","cwp_rev_product_image":"","cwp_image_link":"image","cwp_rev_price":"","wppr_rating":"0.00"},"acf":[],"yoast_head":"<!-- This site is optimized with the Yoast SEO plugin v27.4 - https:\/\/yoast.com\/product\/yoast-seo-wordpress\/ -->\n<title>Tint: recensione software per influencer marketing - Accurate Reviews<\/title>\n<meta name=\"description\" content=\"Tint: recensione app di social media marketing creata per i marchi che desiderano raggiungere il proprio pubblico in modi nuovi e dinamici.\" \/>\n<meta name=\"robots\" content=\"index, follow, max-snippet:-1, max-image-preview:large, max-video-preview:-1\" \/>\n<link rel=\"canonical\" href=\"https:\/\/www.accuratereviews.com\/it\/piattaforme-influencer-marketing\/tint-recensione\/\" \/>\n<meta property=\"og:locale\" content=\"it_IT\" \/>\n<meta property=\"og:type\" content=\"article\" \/>\n<meta property=\"og:title\" content=\"Tint: recensione software per influencer marketing - Accurate Reviews\" \/>\n<meta property=\"og:description\" content=\"Tint: recensione app di social media marketing creata per i marchi che desiderano raggiungere il proprio pubblico in modi nuovi e dinamici.\" \/>\n<meta property=\"og:url\" content=\"https:\/\/www.accuratereviews.com\/it\/piattaforme-influencer-marketing\/tint-recensione\/\" \/>\n<meta property=\"og:site_name\" content=\"Accurate Reviews\" \/>\n<meta property=\"og:image\" content=\"https:\/\/www.accuratereviews.com\/wp-content\/uploads\/2021\/10\/TINT.png\" \/>\n\t<meta property=\"og:image:width\" content=\"1000\" \/>\n\t<meta property=\"og:image:height\" content=\"642\" \/>\n\t<meta property=\"og:image:type\" content=\"image\/png\" \/>\n<meta name=\"twitter:card\" content=\"summary_large_image\" \/>\n<meta name=\"twitter:label1\" content=\"Tempo di lettura stimato\" \/>\n\t<meta name=\"twitter:data1\" content=\"4 minuti\" \/>\n<script type=\"application\/ld+json\" class=\"yoast-schema-graph\">{\"@context\":\"https:\\\/\\\/schema.org\",\"@graph\":[{\"@type\":\"WebPage\",\"@id\":\"https:\\\/\\\/www.accuratereviews.com\\\/it\\\/piattaforme-influencer-marketing\\\/tint-recensione\\\/\",\"url\":\"https:\\\/\\\/www.accuratereviews.com\\\/it\\\/piattaforme-influencer-marketing\\\/tint-recensione\\\/\",\"name\":\"Tint: recensione software per influencer marketing - Accurate Reviews\",\"isPartOf\":{\"@id\":\"https:\\\/\\\/www.accuratereviews.com\\\/it\\\/#website\"},\"primaryImageOfPage\":{\"@id\":\"https:\\\/\\\/www.accuratereviews.com\\\/it\\\/piattaforme-influencer-marketing\\\/tint-recensione\\\/#primaryimage\"},\"image\":{\"@id\":\"https:\\\/\\\/www.accuratereviews.com\\\/it\\\/piattaforme-influencer-marketing\\\/tint-recensione\\\/#primaryimage\"},\"thumbnailUrl\":\"https:\\\/\\\/www.accuratereviews.com\\\/wp-content\\\/uploads\\\/2021\\\/10\\\/TINT.png\",\"datePublished\":\"2021-10-13T10:57:41+00:00\",\"description\":\"Tint: recensione app di social media marketing creata per i marchi che desiderano raggiungere il proprio pubblico in modi nuovi e dinamici.\",\"breadcrumb\":{\"@id\":\"https:\\\/\\\/www.accuratereviews.com\\\/it\\\/piattaforme-influencer-marketing\\\/tint-recensione\\\/#breadcrumb\"},\"inLanguage\":\"it-IT\",\"potentialAction\":[{\"@type\":\"ReadAction\",\"target\":[\"https:\\\/\\\/www.accuratereviews.com\\\/it\\\/piattaforme-influencer-marketing\\\/tint-recensione\\\/\"]}]},{\"@type\":\"ImageObject\",\"inLanguage\":\"it-IT\",\"@id\":\"https:\\\/\\\/www.accuratereviews.com\\\/it\\\/piattaforme-influencer-marketing\\\/tint-recensione\\\/#primaryimage\",\"url\":\"https:\\\/\\\/www.accuratereviews.com\\\/wp-content\\\/uploads\\\/2021\\\/10\\\/TINT.png\",\"contentUrl\":\"https:\\\/\\\/www.accuratereviews.com\\\/wp-content\\\/uploads\\\/2021\\\/10\\\/TINT.png\",\"width\":1000,\"height\":642},{\"@type\":\"BreadcrumbList\",\"@id\":\"https:\\\/\\\/www.accuratereviews.com\\\/it\\\/piattaforme-influencer-marketing\\\/tint-recensione\\\/#breadcrumb\",\"itemListElement\":[{\"@type\":\"ListItem\",\"position\":1,\"name\":\"Home\",\"item\":\"https:\\\/\\\/www.accuratereviews.com\\\/it\\\/\"},{\"@type\":\"ListItem\",\"position\":2,\"name\":\"Piattaforme per influencer marketing\",\"item\":\"https:\\\/\\\/www.accuratereviews.com\\\/it\\\/piattaforme-influencer-marketing\\\/\"},{\"@type\":\"ListItem\",\"position\":3,\"name\":\"Tint\"}]},{\"@type\":\"WebSite\",\"@id\":\"https:\\\/\\\/www.accuratereviews.com\\\/it\\\/#website\",\"url\":\"https:\\\/\\\/www.accuratereviews.com\\\/it\\\/\",\"name\":\"Accurate Reviews\",\"description\":\"\",\"potentialAction\":[{\"@type\":\"SearchAction\",\"target\":{\"@type\":\"EntryPoint\",\"urlTemplate\":\"https:\\\/\\\/www.accuratereviews.com\\\/it\\\/?s={search_term_string}\"},\"query-input\":{\"@type\":\"PropertyValueSpecification\",\"valueRequired\":true,\"valueName\":\"search_term_string\"}}],\"inLanguage\":\"it-IT\"}]}<\/script>\n<!-- \/ Yoast SEO plugin. -->","yoast_head_json":{"title":"Tint: recensione software per influencer marketing - Accurate Reviews","description":"Tint: recensione app di social media marketing creata per i marchi che desiderano raggiungere il proprio pubblico in modi nuovi e dinamici.","robots":{"index":"index","follow":"follow","max-snippet":"max-snippet:-1","max-image-preview":"max-image-preview:large","max-video-preview":"max-video-preview:-1"},"canonical":"https:\/\/www.accuratereviews.com\/it\/piattaforme-influencer-marketing\/tint-recensione\/","og_locale":"it_IT","og_type":"article","og_title":"Tint: recensione software per influencer marketing - Accurate Reviews","og_description":"Tint: recensione app di social media marketing creata per i marchi che desiderano raggiungere il proprio pubblico in modi nuovi e dinamici.","og_url":"https:\/\/www.accuratereviews.com\/it\/piattaforme-influencer-marketing\/tint-recensione\/","og_site_name":"Accurate Reviews","og_image":[{"width":1000,"height":642,"url":"https:\/\/www.accuratereviews.com\/wp-content\/uploads\/2021\/10\/TINT.png","type":"image\/png"}],"twitter_card":"summary_large_image","twitter_misc":{"Tempo di lettura stimato":"4 minuti"},"schema":{"@context":"https:\/\/schema.org","@graph":[{"@type":"WebPage","@id":"https:\/\/www.accuratereviews.com\/it\/piattaforme-influencer-marketing\/tint-recensione\/","url":"https:\/\/www.accuratereviews.com\/it\/piattaforme-influencer-marketing\/tint-recensione\/","name":"Tint: recensione software per influencer marketing - Accurate Reviews","isPartOf":{"@id":"https:\/\/www.accuratereviews.com\/it\/#website"},"primaryImageOfPage":{"@id":"https:\/\/www.accuratereviews.com\/it\/piattaforme-influencer-marketing\/tint-recensione\/#primaryimage"},"image":{"@id":"https:\/\/www.accuratereviews.com\/it\/piattaforme-influencer-marketing\/tint-recensione\/#primaryimage"},"thumbnailUrl":"https:\/\/www.accuratereviews.com\/wp-content\/uploads\/2021\/10\/TINT.png","datePublished":"2021-10-13T10:57:41+00:00","description":"Tint: recensione app di social media marketing creata per i marchi che desiderano raggiungere il proprio pubblico in modi nuovi e dinamici.","breadcrumb":{"@id":"https:\/\/www.accuratereviews.com\/it\/piattaforme-influencer-marketing\/tint-recensione\/#breadcrumb"},"inLanguage":"it-IT","potentialAction":[{"@type":"ReadAction","target":["https:\/\/www.accuratereviews.com\/it\/piattaforme-influencer-marketing\/tint-recensione\/"]}]},{"@type":"ImageObject","inLanguage":"it-IT","@id":"https:\/\/www.accuratereviews.com\/it\/piattaforme-influencer-marketing\/tint-recensione\/#primaryimage","url":"https:\/\/www.accuratereviews.com\/wp-content\/uploads\/2021\/10\/TINT.png","contentUrl":"https:\/\/www.accuratereviews.com\/wp-content\/uploads\/2021\/10\/TINT.png","width":1000,"height":642},{"@type":"BreadcrumbList","@id":"https:\/\/www.accuratereviews.com\/it\/piattaforme-influencer-marketing\/tint-recensione\/#breadcrumb","itemListElement":[{"@type":"ListItem","position":1,"name":"Home","item":"https:\/\/www.accuratereviews.com\/it\/"},{"@type":"ListItem","position":2,"name":"Piattaforme per influencer marketing","item":"https:\/\/www.accuratereviews.com\/it\/piattaforme-influencer-marketing\/"},{"@type":"ListItem","position":3,"name":"Tint"}]},{"@type":"WebSite","@id":"https:\/\/www.accuratereviews.com\/it\/#website","url":"https:\/\/www.accuratereviews.com\/it\/","name":"Accurate Reviews","description":"","potentialAction":[{"@type":"SearchAction","target":{"@type":"EntryPoint","urlTemplate":"https:\/\/www.accuratereviews.com\/it\/?s={search_term_string}"},"query-input":{"@type":"PropertyValueSpecification","valueRequired":true,"valueName":"search_term_string"}}],"inLanguage":"it-IT"}]}},"_links":{"self":[{"href":"https:\/\/www.accuratereviews.com\/it\/wp-json\/wp\/v2\/pages\/48679","targetHints":{"allow":["GET"]}}],"collection":[{"href":"https:\/\/www.accuratereviews.com\/it\/wp-json\/wp\/v2\/pages"}],"about":[{"href":"https:\/\/www.accuratereviews.com\/it\/wp-json\/wp\/v2\/types\/page"}],"author":[{"embeddable":true,"href":"https:\/\/www.accuratereviews.com\/it\/wp-json\/wp\/v2\/users\/16"}],"replies":[{"embeddable":true,"href":"https:\/\/www.accuratereviews.com\/it\/wp-json\/wp\/v2\/comments?post=48679"}],"version-history":[{"count":9,"href":"https:\/\/www.accuratereviews.com\/it\/wp-json\/wp\/v2\/pages\/48679\/revisions"}],"predecessor-version":[{"id":48777,"href":"https:\/\/www.accuratereviews.com\/it\/wp-json\/wp\/v2\/pages\/48679\/revisions\/48777"}],"up":[{"embeddable":true,"href":"https:\/\/www.accuratereviews.com\/it\/wp-json\/wp\/v2\/pages\/48041"}],"wp:featuredmedia":[{"embeddable":true,"href":"https:\/\/www.accuratereviews.com\/it\/wp-json\/wp\/v2\/media\/48681"}],"wp:attachment":[{"href":"https:\/\/www.accuratereviews.com\/it\/wp-json\/wp\/v2\/media?parent=48679"}],"wp:term":[{"taxonomy":"category","embeddable":true,"href":"https:\/\/www.accuratereviews.com\/it\/wp-json\/wp\/v2\/categories?post=48679"},{"taxonomy":"post_tag","embeddable":true,"href":"https:\/\/www.accuratereviews.com\/it\/wp-json\/wp\/v2\/tags?post=48679"},{"taxonomy":"features","embeddable":true,"href":"https:\/\/www.accuratereviews.com\/it\/wp-json\/wp\/v2\/features?post=48679"}],"curies":[{"name":"wp","href":"https:\/\/api.w.org\/{rel}","templated":true}]}}