{"id":48700,"date":"2021-10-14T10:34:37","date_gmt":"2021-10-14T10:34:37","guid":{"rendered":"https:\/\/www.accuratereviews.com\/?page_id=48700"},"modified":"2021-10-14T10:34:37","modified_gmt":"2021-10-14T10:34:37","slug":"socialbook-recensione","status":"publish","type":"page","link":"https:\/\/www.accuratereviews.com\/it\/piattaforme-influencer-marketing\/socialbook-recensione\/","title":{"rendered":"SocialBook"},"content":{"rendered":"<p><strong>SocialBook<\/strong> \u00e8 un <strong>software di marketing per influencer<\/strong> progettato per aiutare le aziende di tutte le dimensioni a gestire i brand, impostare ed eseguire campagne di marketing e tenere traccia dei pagamenti tramite una piattaforma unificata. Consente alle organizzazioni di interagire con gli influencer su piattaforme di social media tra cui <strong>YouTube, Instagram e Twitch<\/strong>, misurare gli indicatori chiave di prestazione (KPI) e configurare i flussi di lavoro.\u00a0L&#8217;applicazione offre una serie di funzionalit\u00e0 come la scoperta di influencer, la gestione della comunicazione, il monitoraggio dei social media, l&#8217;analisi, il coinvolgimento dei clienti, un dashboard delle attivit\u00e0, la collaborazione e altro ancora. I team di marketing possono utilizzare l&#8217;applicazione per tenere traccia del ritorno sugli investimenti (ROI), generare report personalizzati e preparare contratti.<\/p>\n<h2>SOCIALBOOK &#8211; TUTORIAL<\/h2>\n<p>Questo software per influencer marketing ottimizza i risultati di ricerca e il tuo canale YouTube sar\u00e0 pi\u00f9 ricercato che mai:<\/p>\n<div id=\"fluid-wrapper-counter-1\" class=\"g1-fluid-wrapper \" style=\"width:686px;\">\n<div style=\"padding-bottom:56.268221574344%;\"><iframe loading=\"lazy\" title=\"YOUTUBE SEO 2021 | Make Your Channel Searchable\" width=\"686\" height=\"386\" src=\"https:\/\/www.youtube.com\/embed\/nwPDDZMhJ18?feature=oembed&amp;wmode=transparent&amp;autohide=1&amp;autoplay=0&amp;disablekb=0&amp;fs=1&amp;loop=0&amp;enablejsapi=1&amp;rel=0&amp;controls=2&amp;showinfo=0&amp;wmode=transparent&amp;autohide=2&amp;autoplay=0&amp;disablekb=0&amp;fs=1&amp;loop=0&amp;enablejsapi=1&amp;rel=0&amp;controls=2&amp;showinfo=1\" frameborder=\"0\" allow=\"accelerometer; autoplay; clipboard-write; encrypted-media; gyroscope; picture-in-picture\" allowfullscreen><\/iframe><\/div>\n<\/div>\n<h3>SOCIALBOOK &#8211; CARATTERISTICHE<\/h3>\n<ul>\n<li>Gestione dei tag<\/li>\n<li>Realizzare la migliore miniatura che le persone probabilmente cliccheranno per guardare<\/li>\n<li>Impostazione di avvisi di tendenza per rendere popolari i contenuti in tempo<\/li>\n<li>Monitorare il canale del tuo concorrente su come stanno andando e perch\u00e9 stanno crescendo pi\u00f9 velocemente del tuo<\/li>\n<li>Usa l&#8217;abbreviatore di link per capire su quali link fanno clic i tuoi fan<\/li>\n<li>Ottieni tag pertinenti per i tuoi video in pochi secondi<\/li>\n<li>Scopri le opportunit\u00e0 di contenuto che ti mancano<\/li>\n<li>Organizza i tag nel canale<\/li>\n<li>Grafica e caratteri facili da personalizzare per migliorare il tuo video<\/li>\n<li>Crea i tuoi design direttamente all&#8217;interno della soluzione<\/li>\n<li>Scarica come immagine o salva i tuoi modelli per video futuri<\/li>\n<li>Molti di modelli professionali tra cui scegliere<\/li>\n<li>Genera collegamenti di tracciamento in linea durante l&#8217;editing video<\/li>\n<li>Collegamento intelligente tra dispositivo e piattaforma<\/li>\n<li>Monitoraggio delle prestazioni in tempo reale<\/li>\n<\/ul>\n<h4>LE RECENSIONI DEGLI UTENTI<\/h4>\n<p class=\"font-weight-bold mb-1 d-flex align-items-center\"><strong>Kobe Z.&#8221;Buon prodotto.&#8221;<\/strong><\/p>\n<p><strong>Commenti: <\/strong>Dolce esperienza. Utile per noi nuovi utenti che sviluppano nuovi mercati. Insomma, uno strumento carino e utile. Buon lavoro ragazzi!<\/p>\n<p><strong>Pro: <\/strong>Facile da usare. Informazioni utili facili da filtrare.<\/p>\n<p><strong>Contro: <\/strong>\u00c8 necessario aggiungere alcune funzionalit\u00e0 dettagliate come operazioni in blocco, eliminazione di duplicati o gi\u00f9 di l\u00ec.<\/p>\n<p class=\"font-weight-bold mb-1 d-flex align-items-center\"><strong>Erick P.&#8221;Software e supporto straordinari&#8221;<\/strong><\/p>\n<p><strong>Commenti: <\/strong>Il team di SocialBook \u00e8 stato eccezionale nell&#8217;ascoltare i nostri punti deboli e le richieste e nell&#8217;implementarli rapidamente nel software. Il software \u00e8 robusto, ma ci\u00f2 che fa davvero brillare SocialBook \u00e8 il suo supporto clienti. Grazie!<\/p>\n<p><strong>Pro: <\/strong>Questo software consente di implementare facilmente tutte le nostre campagne di influencer marketing. Aiuta non solo a scoprire e contattare gli influencer, ma anche a monitorare le prestazioni della campagna.<\/p>\n<p><strong>Contro: <\/strong>Vorrei che lo strumento di monitoraggio e lo strumento di scoperta fossero accessibili tramite un unico portale.<\/p>\n<p class=\"h5 font-weight-bold flex-grow-1 mb-4\"><strong>Johon D.&#8221;Ottimo strumento&#8221;<\/strong><\/p>\n<p><strong>Commenti: <\/strong>La mia esperienza complessiva \u00e8 abbastanza buona, so che ci sono cose che potresti preferire in modo diverso, ma possono soddisfare rapidamente le tue aspettative se fornisci loro un feedback utile.<\/p>\n<p><strong>Pro: <\/strong>Prima di utilizzare SocialBook, non ho mai pensato di poter trovare tutti i tipi di dati per potenziali influencer che voglio che promuovano il mio prodotto. Questo prodotto mi ha aiutato molto durante la mia ricerca per individuare il candidato giusto per i miei clienti di e-commerce.<\/p>\n<p><strong>Contro: <\/strong>A volte, potrebbe volerci un po&#8217; di tempo per ottenere il risultato.<\/p>\n","protected":false},"excerpt":{"rendered":"<p>SocialBook \u00e8 un software di marketing per influencer progettato per aiutare le aziende di tutte le dimensioni a gestire i marchi, impostare ed eseguire campagne di marketing e tenere traccia dei pagamenti tramite una piattaforma unificata.<\/p>\n","protected":false},"author":16,"featured_media":48701,"parent":48041,"menu_order":0,"comment_status":"open","ping_status":"closed","template":"g1_template_page_review_new.php","meta":{"_acf_changed":false,"cwp_meta_box_check":"Yes","cwp_rev_product_name":"","cwp_rev_product_image":"","wppr_links":[],"cwp_rev_price":"","wppr_options":[],"wppr_pros":[],"wppr_cons":[],"_monsterinsights_skip_tracking":false,"_monsterinsights_sitenote_active":false,"_monsterinsights_sitenote_note":"","_monsterinsights_sitenote_category":0,"footnotes":""},"categories":[11175],"tags":[4149,583,11191,11189,11260,11181,11192,11261,1040],"features":[],"class_list":{"0":"post-48700","1":"page","2":"type-page","3":"status-publish","4":"has-post-thumbnail","6":"category-piattaforme-per-influencer-marketing","7":"tag-influencer-marketing-it","8":"tag-instagram","9":"tag-piattaforma-per-influencer-marketing","10":"tag-programma-per-influencer-marketing","11":"tag-socialbook","12":"tag-software-per-influencer-marketing","13":"tag-soluzione-per-influencer-marketing","14":"tag-twitch","15":"tag-youtube"},"wppr_data":{"cwp_meta_box_check":"Yes","cwp_rev_product_name":"","cwp_rev_product_image":"","cwp_image_link":"image","cwp_rev_price":"","wppr_rating":"0.00"},"acf":[],"yoast_head":"<!-- This site is optimized with the Yoast SEO plugin v27.4 - https:\/\/yoast.com\/product\/yoast-seo-wordpress\/ -->\n<title>SocialBook: recensione software influencer marketing - Accurate Reviews<\/title>\n<meta name=\"description\" content=\"SocialBook: recensione software di marketing per influencer progettato per aiutare le aziende di tutte le dimensioni a gestire i propi marchi\" \/>\n<meta name=\"robots\" content=\"index, follow, max-snippet:-1, max-image-preview:large, max-video-preview:-1\" \/>\n<link rel=\"canonical\" href=\"https:\/\/www.accuratereviews.com\/it\/piattaforme-influencer-marketing\/socialbook-recensione\/\" \/>\n<meta property=\"og:locale\" content=\"it_IT\" \/>\n<meta property=\"og:type\" content=\"article\" \/>\n<meta property=\"og:title\" content=\"SocialBook: recensione software influencer marketing - Accurate Reviews\" \/>\n<meta property=\"og:description\" content=\"SocialBook: recensione software di marketing per influencer progettato per aiutare le aziende di tutte le dimensioni a gestire i propi marchi\" \/>\n<meta property=\"og:url\" content=\"https:\/\/www.accuratereviews.com\/it\/piattaforme-influencer-marketing\/socialbook-recensione\/\" \/>\n<meta property=\"og:site_name\" content=\"Accurate Reviews\" \/>\n<meta property=\"og:image\" content=\"https:\/\/www.accuratereviews.com\/wp-content\/uploads\/2021\/10\/socialbook.jpg\" \/>\n\t<meta property=\"og:image:width\" content=\"500\" \/>\n\t<meta property=\"og:image:height\" content=\"500\" \/>\n\t<meta property=\"og:image:type\" content=\"image\/jpeg\" \/>\n<meta name=\"twitter:card\" content=\"summary_large_image\" \/>\n<meta name=\"twitter:label1\" content=\"Tempo di lettura stimato\" \/>\n\t<meta name=\"twitter:data1\" content=\"3 minuti\" \/>\n<script type=\"application\/ld+json\" class=\"yoast-schema-graph\">{\"@context\":\"https:\\\/\\\/schema.org\",\"@graph\":[{\"@type\":\"WebPage\",\"@id\":\"https:\\\/\\\/www.accuratereviews.com\\\/it\\\/piattaforme-influencer-marketing\\\/socialbook-recensione\\\/\",\"url\":\"https:\\\/\\\/www.accuratereviews.com\\\/it\\\/piattaforme-influencer-marketing\\\/socialbook-recensione\\\/\",\"name\":\"SocialBook: recensione software influencer marketing - Accurate Reviews\",\"isPartOf\":{\"@id\":\"https:\\\/\\\/www.accuratereviews.com\\\/it\\\/#website\"},\"primaryImageOfPage\":{\"@id\":\"https:\\\/\\\/www.accuratereviews.com\\\/it\\\/piattaforme-influencer-marketing\\\/socialbook-recensione\\\/#primaryimage\"},\"image\":{\"@id\":\"https:\\\/\\\/www.accuratereviews.com\\\/it\\\/piattaforme-influencer-marketing\\\/socialbook-recensione\\\/#primaryimage\"},\"thumbnailUrl\":\"https:\\\/\\\/www.accuratereviews.com\\\/wp-content\\\/uploads\\\/2021\\\/10\\\/socialbook.jpg\",\"datePublished\":\"2021-10-14T10:34:37+00:00\",\"description\":\"SocialBook: recensione software di marketing per influencer progettato per aiutare le aziende di tutte le dimensioni a gestire i propi marchi\",\"breadcrumb\":{\"@id\":\"https:\\\/\\\/www.accuratereviews.com\\\/it\\\/piattaforme-influencer-marketing\\\/socialbook-recensione\\\/#breadcrumb\"},\"inLanguage\":\"it-IT\",\"potentialAction\":[{\"@type\":\"ReadAction\",\"target\":[\"https:\\\/\\\/www.accuratereviews.com\\\/it\\\/piattaforme-influencer-marketing\\\/socialbook-recensione\\\/\"]}]},{\"@type\":\"ImageObject\",\"inLanguage\":\"it-IT\",\"@id\":\"https:\\\/\\\/www.accuratereviews.com\\\/it\\\/piattaforme-influencer-marketing\\\/socialbook-recensione\\\/#primaryimage\",\"url\":\"https:\\\/\\\/www.accuratereviews.com\\\/wp-content\\\/uploads\\\/2021\\\/10\\\/socialbook.jpg\",\"contentUrl\":\"https:\\\/\\\/www.accuratereviews.com\\\/wp-content\\\/uploads\\\/2021\\\/10\\\/socialbook.jpg\",\"width\":500,\"height\":500},{\"@type\":\"BreadcrumbList\",\"@id\":\"https:\\\/\\\/www.accuratereviews.com\\\/it\\\/piattaforme-influencer-marketing\\\/socialbook-recensione\\\/#breadcrumb\",\"itemListElement\":[{\"@type\":\"ListItem\",\"position\":1,\"name\":\"Home\",\"item\":\"https:\\\/\\\/www.accuratereviews.com\\\/it\\\/\"},{\"@type\":\"ListItem\",\"position\":2,\"name\":\"Piattaforme per influencer marketing\",\"item\":\"https:\\\/\\\/www.accuratereviews.com\\\/it\\\/piattaforme-influencer-marketing\\\/\"},{\"@type\":\"ListItem\",\"position\":3,\"name\":\"SocialBook\"}]},{\"@type\":\"WebSite\",\"@id\":\"https:\\\/\\\/www.accuratereviews.com\\\/it\\\/#website\",\"url\":\"https:\\\/\\\/www.accuratereviews.com\\\/it\\\/\",\"name\":\"Accurate Reviews\",\"description\":\"\",\"potentialAction\":[{\"@type\":\"SearchAction\",\"target\":{\"@type\":\"EntryPoint\",\"urlTemplate\":\"https:\\\/\\\/www.accuratereviews.com\\\/it\\\/?s={search_term_string}\"},\"query-input\":{\"@type\":\"PropertyValueSpecification\",\"valueRequired\":true,\"valueName\":\"search_term_string\"}}],\"inLanguage\":\"it-IT\"}]}<\/script>\n<!-- \/ Yoast SEO plugin. -->","yoast_head_json":{"title":"SocialBook: recensione software influencer marketing - Accurate Reviews","description":"SocialBook: recensione software di marketing per influencer progettato per aiutare le aziende di tutte le dimensioni a gestire i propi marchi","robots":{"index":"index","follow":"follow","max-snippet":"max-snippet:-1","max-image-preview":"max-image-preview:large","max-video-preview":"max-video-preview:-1"},"canonical":"https:\/\/www.accuratereviews.com\/it\/piattaforme-influencer-marketing\/socialbook-recensione\/","og_locale":"it_IT","og_type":"article","og_title":"SocialBook: recensione software influencer marketing - Accurate Reviews","og_description":"SocialBook: recensione software di marketing per influencer progettato per aiutare le aziende di tutte le dimensioni a gestire i propi marchi","og_url":"https:\/\/www.accuratereviews.com\/it\/piattaforme-influencer-marketing\/socialbook-recensione\/","og_site_name":"Accurate Reviews","og_image":[{"width":500,"height":500,"url":"https:\/\/www.accuratereviews.com\/wp-content\/uploads\/2021\/10\/socialbook.jpg","type":"image\/jpeg"}],"twitter_card":"summary_large_image","twitter_misc":{"Tempo di lettura stimato":"3 minuti"},"schema":{"@context":"https:\/\/schema.org","@graph":[{"@type":"WebPage","@id":"https:\/\/www.accuratereviews.com\/it\/piattaforme-influencer-marketing\/socialbook-recensione\/","url":"https:\/\/www.accuratereviews.com\/it\/piattaforme-influencer-marketing\/socialbook-recensione\/","name":"SocialBook: recensione software influencer marketing - Accurate Reviews","isPartOf":{"@id":"https:\/\/www.accuratereviews.com\/it\/#website"},"primaryImageOfPage":{"@id":"https:\/\/www.accuratereviews.com\/it\/piattaforme-influencer-marketing\/socialbook-recensione\/#primaryimage"},"image":{"@id":"https:\/\/www.accuratereviews.com\/it\/piattaforme-influencer-marketing\/socialbook-recensione\/#primaryimage"},"thumbnailUrl":"https:\/\/www.accuratereviews.com\/wp-content\/uploads\/2021\/10\/socialbook.jpg","datePublished":"2021-10-14T10:34:37+00:00","description":"SocialBook: recensione software di marketing per influencer progettato per aiutare le aziende di tutte le dimensioni a gestire i propi marchi","breadcrumb":{"@id":"https:\/\/www.accuratereviews.com\/it\/piattaforme-influencer-marketing\/socialbook-recensione\/#breadcrumb"},"inLanguage":"it-IT","potentialAction":[{"@type":"ReadAction","target":["https:\/\/www.accuratereviews.com\/it\/piattaforme-influencer-marketing\/socialbook-recensione\/"]}]},{"@type":"ImageObject","inLanguage":"it-IT","@id":"https:\/\/www.accuratereviews.com\/it\/piattaforme-influencer-marketing\/socialbook-recensione\/#primaryimage","url":"https:\/\/www.accuratereviews.com\/wp-content\/uploads\/2021\/10\/socialbook.jpg","contentUrl":"https:\/\/www.accuratereviews.com\/wp-content\/uploads\/2021\/10\/socialbook.jpg","width":500,"height":500},{"@type":"BreadcrumbList","@id":"https:\/\/www.accuratereviews.com\/it\/piattaforme-influencer-marketing\/socialbook-recensione\/#breadcrumb","itemListElement":[{"@type":"ListItem","position":1,"name":"Home","item":"https:\/\/www.accuratereviews.com\/it\/"},{"@type":"ListItem","position":2,"name":"Piattaforme per influencer marketing","item":"https:\/\/www.accuratereviews.com\/it\/piattaforme-influencer-marketing\/"},{"@type":"ListItem","position":3,"name":"SocialBook"}]},{"@type":"WebSite","@id":"https:\/\/www.accuratereviews.com\/it\/#website","url":"https:\/\/www.accuratereviews.com\/it\/","name":"Accurate Reviews","description":"","potentialAction":[{"@type":"SearchAction","target":{"@type":"EntryPoint","urlTemplate":"https:\/\/www.accuratereviews.com\/it\/?s={search_term_string}"},"query-input":{"@type":"PropertyValueSpecification","valueRequired":true,"valueName":"search_term_string"}}],"inLanguage":"it-IT"}]}},"_links":{"self":[{"href":"https:\/\/www.accuratereviews.com\/it\/wp-json\/wp\/v2\/pages\/48700","targetHints":{"allow":["GET"]}}],"collection":[{"href":"https:\/\/www.accuratereviews.com\/it\/wp-json\/wp\/v2\/pages"}],"about":[{"href":"https:\/\/www.accuratereviews.com\/it\/wp-json\/wp\/v2\/types\/page"}],"author":[{"embeddable":true,"href":"https:\/\/www.accuratereviews.com\/it\/wp-json\/wp\/v2\/users\/16"}],"replies":[{"embeddable":true,"href":"https:\/\/www.accuratereviews.com\/it\/wp-json\/wp\/v2\/comments?post=48700"}],"version-history":[{"count":10,"href":"https:\/\/www.accuratereviews.com\/it\/wp-json\/wp\/v2\/pages\/48700\/revisions"}],"predecessor-version":[{"id":48728,"href":"https:\/\/www.accuratereviews.com\/it\/wp-json\/wp\/v2\/pages\/48700\/revisions\/48728"}],"up":[{"embeddable":true,"href":"https:\/\/www.accuratereviews.com\/it\/wp-json\/wp\/v2\/pages\/48041"}],"wp:featuredmedia":[{"embeddable":true,"href":"https:\/\/www.accuratereviews.com\/it\/wp-json\/wp\/v2\/media\/48701"}],"wp:attachment":[{"href":"https:\/\/www.accuratereviews.com\/it\/wp-json\/wp\/v2\/media?parent=48700"}],"wp:term":[{"taxonomy":"category","embeddable":true,"href":"https:\/\/www.accuratereviews.com\/it\/wp-json\/wp\/v2\/categories?post=48700"},{"taxonomy":"post_tag","embeddable":true,"href":"https:\/\/www.accuratereviews.com\/it\/wp-json\/wp\/v2\/tags?post=48700"},{"taxonomy":"features","embeddable":true,"href":"https:\/\/www.accuratereviews.com\/it\/wp-json\/wp\/v2\/features?post=48700"}],"curies":[{"name":"wp","href":"https:\/\/api.w.org\/{rel}","templated":true}]}}