{"id":48731,"date":"2021-10-15T10:09:44","date_gmt":"2021-10-15T10:09:44","guid":{"rendered":"https:\/\/www.accuratereviews.com\/?page_id=48731"},"modified":"2021-10-15T10:09:44","modified_gmt":"2021-10-15T10:09:44","slug":"phlanx-recensione","status":"publish","type":"page","link":"https:\/\/www.accuratereviews.com\/it\/piattaforme-influencer-marketing\/phlanx-recensione\/","title":{"rendered":"Phlanx"},"content":{"rendered":"<p><strong>Phlanx<\/strong> \u00e8 un <strong>software di marketing per influencer<\/strong> che include funzionalit\u00e0 come ricerca\/filtro, scoperta di influencer e monitoraggio dei social media. Il calcolatore di coinvolgimento della soluzione analizza il tasso di coinvolgimento di un determinato account Instagram, Facebook, Pinterest, YouTube, TikTok e Twitter. Sebbene lo strumento sia commercializzato come per influencer, \u00e8 possibile collegare qualsiasi account personale o aziendale. Il tasso di coinvolgimento viene calcolato dividendo il numero di like e commenti ricevuti da un post rispetto al conteggio dei follower di un account. Strumenti come <strong>Phlanx<\/strong> sono inestimabili per individuare account con follower falsi o determinare se i post di un influencer stanno ricevendo un coinvolgimento legittimo. Il programma pu\u00f2 essere utilizzato anche per monitorare il coinvolgimento dei concorrenti oltre al proprio account.<\/p>\n<h2>PHLANX &#8211; TUTORIAL<\/h2>\n<p>Guardiamo come trovare gli influencer giusti per la tua campagna pubblicitaria con questo <strong>software per influencer marketing<\/strong>:<\/p>\n<div id=\"fluid-wrapper-counter-1\" class=\"g1-fluid-wrapper \" style=\"width:686px;\">\n<div style=\"padding-bottom:56.268221574344%;\"><iframe loading=\"lazy\" title=\"How to search for Instagram Micro Influencers using Phlanx\" width=\"686\" height=\"386\" src=\"https:\/\/www.youtube.com\/embed\/aHiSQMjyDHw?feature=oembed&amp;wmode=transparent&amp;autohide=1&amp;autoplay=0&amp;disablekb=0&amp;fs=1&amp;loop=0&amp;enablejsapi=1&amp;rel=0&amp;controls=2&amp;showinfo=0&amp;wmode=transparent&amp;autohide=2&amp;autoplay=0&amp;disablekb=0&amp;fs=1&amp;loop=0&amp;enablejsapi=1&amp;rel=0&amp;controls=2&amp;showinfo=1\" frameborder=\"0\" allow=\"accelerometer; autoplay; clipboard-write; encrypted-media; gyroscope; picture-in-picture\" allowfullscreen><\/iframe><\/div>\n<\/div>\n<h3>PHLANX &#8211; CARATTERISTICHE<\/h3>\n<ul>\n<li><strong>Elenco degli influencer<\/strong>: fai crescere i tuoi follower sui social media lavorando con influencer in tutto il mondo<\/li>\n<li><strong>Collaborazioni<\/strong>: collaborare con altri marchi e promuoversi reciprocamente<\/li>\n<li><strong>Menzioni di marca<\/strong>: tieni traccia di tutte le menzioni web del tuo marchio e dei brand concorrenti. Ascolto social di notizie, blog, forum e social media<\/li>\n<li><strong>Revisore Instagram:<\/strong> l&#8217;audit influencer tiene conto dei follower reali\/non attivi, del tasso di coinvolgimento e verifica se sono gli influencer giusti per il tuo brand<\/li>\n<li><strong>Calcolatore di coinvolgimento di Instagram<\/strong>: misura il coinvolgimento di Instagram e assicurati che il tuo pubblico rimanga connesso<\/li>\n<li><strong>Revisore YouTube<\/strong>: controlla gli account Youtube, analizza i dati degli iscritti e i tassi di coinvolgimento e verifica se sono adatti<\/li>\n<li><strong>Responsabile della campagna<\/strong>: gestisci le tue campagne sui social media e crea liste di eventi e campagne analizzando i dati degli influencer da tutte le piattaforme di social media tra cui Instagram, Facebook, YouTube, Twitch e TikTok<\/li>\n<li><strong>Generatore di contratti<\/strong>: genera contratti di marketing personalizzati e automatici in pochi minuti<\/li>\n<li><strong>Tracker dei concorrenti di Instagram, YouTube, Twitter e Twitch:<\/strong> confronta le statistiche di diversi account Instagram e concorrenti utilizzando il grafico semplificato<\/li>\n<li><strong>Suggerimenti<\/strong>: ricevi consigli utili e newsletter su come commercializzare online la tua attivit\u00e0<\/li>\n<\/ul>\n<h4>LE RECENSIONI DEGLI UTENTI<\/h4>\n<p class=\"font-weight-bold mb-1 d-flex align-items-center\"><strong>Josie F.&#8221;Strumento di marketing completo per influencer&#8221;<\/strong><\/p>\n<p><strong>Commenti: <\/strong>Consiglio vivamente Phlanx per l&#8217;analisi dei dati e come strumento di marketing poich\u00e9 la loro presentazione \u00e8 facile da capire e il sistema \u00e8 molto intuitivo. Il loro rapporto di audit approfondito \u00e8 particolarmente utile e perspicace. Continuer\u00f2 a utilizzare Phlanx per monitorare i dati della mia pagina sui social media.<\/p>\n<p><strong>Pro: <\/strong>Phlanx ha un&#8217;analisi completa dei dati che copre una vasta gamma di aspetti. Come utente, mi piace il loro design dell&#8217;interfaccia pulito ma elegante, che \u00e8 molto semplice e intuitivo. Mi fornisce informazioni utili sullo sviluppo della mia pagina sui social media.<br \/>\nFornisce inoltre una piattaforma professionale per facilitare le collaborazioni tra influencer e aziende. Questi dati diventano una risorsa preziosa e uno strumento per influencer e aziende per ulteriori comunicazioni.<\/p>\n<p><strong>Contro: <\/strong>Finora trovo il servizio di Phlanx soddisfacente. Niente di cui lamentarsi.<\/p>\n<p class=\"font-weight-bold mb-1 d-flex align-items-center\"><strong>Alani L.&#8221;La migliore piattaforma per influencer&#8221;<\/strong><\/p>\n<p><strong>Commenti: <\/strong>La mia esperienza con Phlanx \u00e8 stata perfetta! In realt\u00e0 ho ottenuto un&#8217;opportunit\u00e0 cos\u00ec straordinaria attraverso di loro con un marchio con cui ora sto lavorando. Consiglio vivamente Phlanx, nient&#8217;altro che esperienze positive<\/p>\n<p><strong>Pro: <\/strong>Strumenti che devono utilizzare per il tuo account sui social media come influencer. Le opportunit\u00e0 di collegarsi con altri marchi e collaborare<\/p>\n<p><strong>Contro: <\/strong>Niente di veramente, sembra tutto abbastanza fantastico!<\/p>\n<p class=\"font-weight-bold mb-1 d-flex align-items-center\"><strong>John matthew A.&#8221;Uno dei migliori strumenti di marketing&#8221;<\/strong><\/p>\n<p><strong>Commenti: <\/strong>Phlanx mi ha dato la possibilit\u00e0 di entrare in contatto con potenziali partner e mi ha fornito i dati necessari per creare una proiezione per la mia attivit\u00e0. Lo consiglierei ad aziende e influencer che desiderano far crescere la propria rete\/patrimonio in modo organico. Ho provato altri strumenti per la crescita, ma non credo di aver avuto qualcosa come Phlanx che mi ha fornito un valore reale.<\/p>\n<p><strong>Pro: <\/strong>Mi piace come sia facile navigare attraverso Phlanx. L&#8217;interfaccia \u00e8 molto semplice e intuitiva. Ho potuto esplorare il sito e utilizzare i suoi servizi in pochi secondi. Ha anche una facile funzione di ricerca con le opzioni di filtro necessarie per aiutare gli utenti a trovare esattamente ci\u00f2 che \u00e8 necessario. Phlanx offre anche diverse opzioni agli utenti per connettersi con potenziali partner come influencer per aziende e marchi per influencer. Ha un&#8217;atmosfera collaborativa che \u00e8 in contrasto con altri strumenti di marketing. Apprezzo anche i modelli per i contratti inclusi nella loro linea di servizi. Questo aiuta a portare un&#8217;aria di professionalit\u00e0. \u00c8 uno strumento molto completo che ti offre sia un sistema per collaborare che l&#8217;analisi per aiutarti a decidere con chi collaborare e cosa ha portato in tavola la tua collaborazione.<\/p>\n<p><strong>Contro: <\/strong>Non c&#8217;\u00e8 praticamente nulla che non mi piaccia di Phlanx. \u00c8 praticamente uno sportello unico.<\/p>\n","protected":false},"excerpt":{"rendered":"<p>Phlanx \u00e8 un software di marketing per influencer e include funzionalit\u00e0 come ricerca \/ filtro, scoperta di influencer e monitoraggio dei social media. Il calcolatore di coinvolgimento della soluzione analizza il tasso di coinvolgimento di un determinato account Instagram, Facebook, Pinterest, Youtube, Tiktok e Twitter. S<\/p>\n","protected":false},"author":16,"featured_media":48733,"parent":48041,"menu_order":0,"comment_status":"open","ping_status":"closed","template":"g1_template_page_review_new.php","meta":{"_acf_changed":false,"cwp_meta_box_check":"No","cwp_rev_product_name":"","cwp_rev_product_image":"","wppr_links":[],"cwp_rev_price":"","wppr_options":[],"wppr_pros":[],"wppr_cons":[],"_monsterinsights_skip_tracking":false,"_monsterinsights_sitenote_active":false,"_monsterinsights_sitenote_note":"","_monsterinsights_sitenote_category":0,"footnotes":""},"categories":[11175],"tags":[4149,11267,11191,11189,11181,11192],"features":[],"class_list":{"0":"post-48731","1":"page","2":"type-page","3":"status-publish","4":"has-post-thumbnail","6":"category-piattaforme-per-influencer-marketing","7":"tag-influencer-marketing-it","8":"tag-phlanx","9":"tag-piattaforma-per-influencer-marketing","10":"tag-programma-per-influencer-marketing","11":"tag-software-per-influencer-marketing","12":"tag-soluzione-per-influencer-marketing"},"wppr_data":{"cwp_meta_box_check":"No"},"acf":[],"yoast_head":"<!-- This site is optimized with the Yoast SEO plugin v27.4 - https:\/\/yoast.com\/product\/yoast-seo-wordpress\/ -->\n<title>Phlanx: recensione software per influencer marketing - Accurate Reviews<\/title>\n<meta name=\"description\" content=\"Phlanx: recensione software di marketing per influencer che include funzionalit\u00e0 come ricerca\/filtro, scoperta influencer e monitoraggio.\" \/>\n<meta name=\"robots\" content=\"index, follow, max-snippet:-1, max-image-preview:large, max-video-preview:-1\" \/>\n<link rel=\"canonical\" href=\"https:\/\/www.accuratereviews.com\/it\/piattaforme-influencer-marketing\/phlanx-recensione\/\" \/>\n<meta property=\"og:locale\" content=\"it_IT\" \/>\n<meta property=\"og:type\" content=\"article\" \/>\n<meta property=\"og:title\" content=\"Phlanx: recensione software per influencer marketing - Accurate Reviews\" \/>\n<meta property=\"og:description\" content=\"Phlanx: recensione software di marketing per influencer che include funzionalit\u00e0 come ricerca\/filtro, scoperta influencer e monitoraggio.\" \/>\n<meta property=\"og:url\" content=\"https:\/\/www.accuratereviews.com\/it\/piattaforme-influencer-marketing\/phlanx-recensione\/\" \/>\n<meta property=\"og:site_name\" content=\"Accurate Reviews\" \/>\n<meta property=\"og:image\" content=\"https:\/\/www.accuratereviews.com\/wp-content\/uploads\/2021\/10\/Phlanx.jpg\" \/>\n\t<meta property=\"og:image:width\" content=\"200\" \/>\n\t<meta property=\"og:image:height\" content=\"200\" \/>\n\t<meta property=\"og:image:type\" content=\"image\/jpeg\" \/>\n<meta name=\"twitter:card\" content=\"summary_large_image\" \/>\n<meta name=\"twitter:label1\" content=\"Tempo di lettura stimato\" \/>\n\t<meta name=\"twitter:data1\" content=\"4 minuti\" \/>\n<script type=\"application\/ld+json\" class=\"yoast-schema-graph\">{\"@context\":\"https:\\\/\\\/schema.org\",\"@graph\":[{\"@type\":\"WebPage\",\"@id\":\"https:\\\/\\\/www.accuratereviews.com\\\/it\\\/piattaforme-influencer-marketing\\\/phlanx-recensione\\\/\",\"url\":\"https:\\\/\\\/www.accuratereviews.com\\\/it\\\/piattaforme-influencer-marketing\\\/phlanx-recensione\\\/\",\"name\":\"Phlanx: recensione software per influencer marketing - Accurate Reviews\",\"isPartOf\":{\"@id\":\"https:\\\/\\\/www.accuratereviews.com\\\/it\\\/#website\"},\"primaryImageOfPage\":{\"@id\":\"https:\\\/\\\/www.accuratereviews.com\\\/it\\\/piattaforme-influencer-marketing\\\/phlanx-recensione\\\/#primaryimage\"},\"image\":{\"@id\":\"https:\\\/\\\/www.accuratereviews.com\\\/it\\\/piattaforme-influencer-marketing\\\/phlanx-recensione\\\/#primaryimage\"},\"thumbnailUrl\":\"https:\\\/\\\/www.accuratereviews.com\\\/wp-content\\\/uploads\\\/2021\\\/10\\\/Phlanx.jpg\",\"datePublished\":\"2021-10-15T10:09:44+00:00\",\"description\":\"Phlanx: recensione software di marketing per influencer che include funzionalit\u00e0 come ricerca\\\/filtro, scoperta influencer e monitoraggio.\",\"breadcrumb\":{\"@id\":\"https:\\\/\\\/www.accuratereviews.com\\\/it\\\/piattaforme-influencer-marketing\\\/phlanx-recensione\\\/#breadcrumb\"},\"inLanguage\":\"it-IT\",\"potentialAction\":[{\"@type\":\"ReadAction\",\"target\":[\"https:\\\/\\\/www.accuratereviews.com\\\/it\\\/piattaforme-influencer-marketing\\\/phlanx-recensione\\\/\"]}]},{\"@type\":\"ImageObject\",\"inLanguage\":\"it-IT\",\"@id\":\"https:\\\/\\\/www.accuratereviews.com\\\/it\\\/piattaforme-influencer-marketing\\\/phlanx-recensione\\\/#primaryimage\",\"url\":\"https:\\\/\\\/www.accuratereviews.com\\\/wp-content\\\/uploads\\\/2021\\\/10\\\/Phlanx.jpg\",\"contentUrl\":\"https:\\\/\\\/www.accuratereviews.com\\\/wp-content\\\/uploads\\\/2021\\\/10\\\/Phlanx.jpg\",\"width\":200,\"height\":200},{\"@type\":\"BreadcrumbList\",\"@id\":\"https:\\\/\\\/www.accuratereviews.com\\\/it\\\/piattaforme-influencer-marketing\\\/phlanx-recensione\\\/#breadcrumb\",\"itemListElement\":[{\"@type\":\"ListItem\",\"position\":1,\"name\":\"Home\",\"item\":\"https:\\\/\\\/www.accuratereviews.com\\\/it\\\/\"},{\"@type\":\"ListItem\",\"position\":2,\"name\":\"Piattaforme per influencer marketing\",\"item\":\"https:\\\/\\\/www.accuratereviews.com\\\/it\\\/piattaforme-influencer-marketing\\\/\"},{\"@type\":\"ListItem\",\"position\":3,\"name\":\"Phlanx\"}]},{\"@type\":\"WebSite\",\"@id\":\"https:\\\/\\\/www.accuratereviews.com\\\/it\\\/#website\",\"url\":\"https:\\\/\\\/www.accuratereviews.com\\\/it\\\/\",\"name\":\"Accurate Reviews\",\"description\":\"\",\"potentialAction\":[{\"@type\":\"SearchAction\",\"target\":{\"@type\":\"EntryPoint\",\"urlTemplate\":\"https:\\\/\\\/www.accuratereviews.com\\\/it\\\/?s={search_term_string}\"},\"query-input\":{\"@type\":\"PropertyValueSpecification\",\"valueRequired\":true,\"valueName\":\"search_term_string\"}}],\"inLanguage\":\"it-IT\"}]}<\/script>\n<!-- \/ Yoast SEO plugin. -->","yoast_head_json":{"title":"Phlanx: recensione software per influencer marketing - Accurate Reviews","description":"Phlanx: recensione software di marketing per influencer che include funzionalit\u00e0 come ricerca\/filtro, scoperta influencer e monitoraggio.","robots":{"index":"index","follow":"follow","max-snippet":"max-snippet:-1","max-image-preview":"max-image-preview:large","max-video-preview":"max-video-preview:-1"},"canonical":"https:\/\/www.accuratereviews.com\/it\/piattaforme-influencer-marketing\/phlanx-recensione\/","og_locale":"it_IT","og_type":"article","og_title":"Phlanx: recensione software per influencer marketing - Accurate Reviews","og_description":"Phlanx: recensione software di marketing per influencer che include funzionalit\u00e0 come ricerca\/filtro, scoperta influencer e monitoraggio.","og_url":"https:\/\/www.accuratereviews.com\/it\/piattaforme-influencer-marketing\/phlanx-recensione\/","og_site_name":"Accurate Reviews","og_image":[{"width":200,"height":200,"url":"https:\/\/www.accuratereviews.com\/wp-content\/uploads\/2021\/10\/Phlanx.jpg","type":"image\/jpeg"}],"twitter_card":"summary_large_image","twitter_misc":{"Tempo di lettura stimato":"4 minuti"},"schema":{"@context":"https:\/\/schema.org","@graph":[{"@type":"WebPage","@id":"https:\/\/www.accuratereviews.com\/it\/piattaforme-influencer-marketing\/phlanx-recensione\/","url":"https:\/\/www.accuratereviews.com\/it\/piattaforme-influencer-marketing\/phlanx-recensione\/","name":"Phlanx: recensione software per influencer marketing - Accurate Reviews","isPartOf":{"@id":"https:\/\/www.accuratereviews.com\/it\/#website"},"primaryImageOfPage":{"@id":"https:\/\/www.accuratereviews.com\/it\/piattaforme-influencer-marketing\/phlanx-recensione\/#primaryimage"},"image":{"@id":"https:\/\/www.accuratereviews.com\/it\/piattaforme-influencer-marketing\/phlanx-recensione\/#primaryimage"},"thumbnailUrl":"https:\/\/www.accuratereviews.com\/wp-content\/uploads\/2021\/10\/Phlanx.jpg","datePublished":"2021-10-15T10:09:44+00:00","description":"Phlanx: recensione software di marketing per influencer che include funzionalit\u00e0 come ricerca\/filtro, scoperta influencer e monitoraggio.","breadcrumb":{"@id":"https:\/\/www.accuratereviews.com\/it\/piattaforme-influencer-marketing\/phlanx-recensione\/#breadcrumb"},"inLanguage":"it-IT","potentialAction":[{"@type":"ReadAction","target":["https:\/\/www.accuratereviews.com\/it\/piattaforme-influencer-marketing\/phlanx-recensione\/"]}]},{"@type":"ImageObject","inLanguage":"it-IT","@id":"https:\/\/www.accuratereviews.com\/it\/piattaforme-influencer-marketing\/phlanx-recensione\/#primaryimage","url":"https:\/\/www.accuratereviews.com\/wp-content\/uploads\/2021\/10\/Phlanx.jpg","contentUrl":"https:\/\/www.accuratereviews.com\/wp-content\/uploads\/2021\/10\/Phlanx.jpg","width":200,"height":200},{"@type":"BreadcrumbList","@id":"https:\/\/www.accuratereviews.com\/it\/piattaforme-influencer-marketing\/phlanx-recensione\/#breadcrumb","itemListElement":[{"@type":"ListItem","position":1,"name":"Home","item":"https:\/\/www.accuratereviews.com\/it\/"},{"@type":"ListItem","position":2,"name":"Piattaforme per influencer marketing","item":"https:\/\/www.accuratereviews.com\/it\/piattaforme-influencer-marketing\/"},{"@type":"ListItem","position":3,"name":"Phlanx"}]},{"@type":"WebSite","@id":"https:\/\/www.accuratereviews.com\/it\/#website","url":"https:\/\/www.accuratereviews.com\/it\/","name":"Accurate Reviews","description":"","potentialAction":[{"@type":"SearchAction","target":{"@type":"EntryPoint","urlTemplate":"https:\/\/www.accuratereviews.com\/it\/?s={search_term_string}"},"query-input":{"@type":"PropertyValueSpecification","valueRequired":true,"valueName":"search_term_string"}}],"inLanguage":"it-IT"}]}},"_links":{"self":[{"href":"https:\/\/www.accuratereviews.com\/it\/wp-json\/wp\/v2\/pages\/48731","targetHints":{"allow":["GET"]}}],"collection":[{"href":"https:\/\/www.accuratereviews.com\/it\/wp-json\/wp\/v2\/pages"}],"about":[{"href":"https:\/\/www.accuratereviews.com\/it\/wp-json\/wp\/v2\/types\/page"}],"author":[{"embeddable":true,"href":"https:\/\/www.accuratereviews.com\/it\/wp-json\/wp\/v2\/users\/16"}],"replies":[{"embeddable":true,"href":"https:\/\/www.accuratereviews.com\/it\/wp-json\/wp\/v2\/comments?post=48731"}],"version-history":[{"count":6,"href":"https:\/\/www.accuratereviews.com\/it\/wp-json\/wp\/v2\/pages\/48731\/revisions"}],"predecessor-version":[{"id":48755,"href":"https:\/\/www.accuratereviews.com\/it\/wp-json\/wp\/v2\/pages\/48731\/revisions\/48755"}],"up":[{"embeddable":true,"href":"https:\/\/www.accuratereviews.com\/it\/wp-json\/wp\/v2\/pages\/48041"}],"wp:featuredmedia":[{"embeddable":true,"href":"https:\/\/www.accuratereviews.com\/it\/wp-json\/wp\/v2\/media\/48733"}],"wp:attachment":[{"href":"https:\/\/www.accuratereviews.com\/it\/wp-json\/wp\/v2\/media?parent=48731"}],"wp:term":[{"taxonomy":"category","embeddable":true,"href":"https:\/\/www.accuratereviews.com\/it\/wp-json\/wp\/v2\/categories?post=48731"},{"taxonomy":"post_tag","embeddable":true,"href":"https:\/\/www.accuratereviews.com\/it\/wp-json\/wp\/v2\/tags?post=48731"},{"taxonomy":"features","embeddable":true,"href":"https:\/\/www.accuratereviews.com\/it\/wp-json\/wp\/v2\/features?post=48731"}],"curies":[{"name":"wp","href":"https:\/\/api.w.org\/{rel}","templated":true}]}}