{"id":48739,"date":"2021-10-15T10:02:54","date_gmt":"2021-10-15T10:02:54","guid":{"rendered":"https:\/\/www.accuratereviews.com\/?page_id=48739"},"modified":"2021-10-15T10:02:54","modified_gmt":"2021-10-15T10:02:54","slug":"socialix-recensione","status":"publish","type":"page","link":"https:\/\/www.accuratereviews.com\/it\/piattaforme-influencer-marketing\/socialix-recensione\/","title":{"rendered":"Socialix"},"content":{"rendered":"<p><strong>Socialix<\/strong> \u00e8 una<strong> piattaforma di influencer marketing<\/strong> che aiuta a gestire gli influencer su larga scala, misurare le prestazioni del programma e a migliorare l&#8217;efficienza. Il software aiuta a snellirei procedimenti della pubblicit\u00e0 online e a migliora le prestazioni con una soluzione end-to-end. Centralizza e organizza la comunit\u00e0 degli influencer, analizza, automatizza, collabora e integra la strategia di marketing degli influencer. Le funzionalit\u00e0 della piattaforma includono il monitoraggio delle comunicazioni e delle attivazioni, l&#8217;analisi delle metriche per le prestazioni dei contenuti e i dati demografici del pubblico, la misurazione automatica delle prestazioni del programma e molto altro.<\/p>\n<h2>SOCIALIX &#8211; TUTORIAL<\/h2>\n<p>Visualizza un breve riassunto del <strong>software di marketing per influencer:<\/strong><\/p>\n<div id=\"fluid-wrapper-counter-1\" class=\"g1-fluid-wrapper \" style=\"width:686px;\">\n<div style=\"padding-bottom:56.268221574344%;\"><iframe loading=\"lazy\" title=\"Socialix Review: Influencer Marketing Software (Platform)\" width=\"686\" height=\"386\" src=\"https:\/\/www.youtube.com\/embed\/RKQAeidfra8?feature=oembed&amp;wmode=transparent&amp;autohide=1&amp;autoplay=0&amp;disablekb=0&amp;fs=1&amp;loop=0&amp;enablejsapi=1&amp;rel=0&amp;controls=2&amp;showinfo=0&amp;wmode=transparent&amp;autohide=2&amp;autoplay=0&amp;disablekb=0&amp;fs=1&amp;loop=0&amp;enablejsapi=1&amp;rel=0&amp;controls=2&amp;showinfo=1\" frameborder=\"0\" allow=\"accelerometer; autoplay; clipboard-write; encrypted-media; gyroscope; picture-in-picture\" allowfullscreen><\/iframe><\/div>\n<\/div>\n<h3>SOCIALIX &#8211; CARATTERISTICHE<\/h3>\n<div class=\"dePhmb\">\n<div class=\"eyKpYb\" data-language=\"it\" data-original-language=\"en\" data-result-index=\"0\">\n<ul>\n<li class=\"J0lOec\"><span class=\"VIiyi\" lang=\"it\"><span class=\"JLqJ4b ChMk0b\" data-language-for-alternatives=\"it\" data-language-to-translate-into=\"en\" data-phrase-index=\"0\" data-number-of-phrases=\"26\"><strong>Influencer CRM<\/strong>:<span class=\"JLqJ4b\" data-language-for-alternatives=\"it\" data-language-to-translate-into=\"en\" data-phrase-index=\"1\" data-number-of-phrases=\"26\"> centralizza e organizza la tua community di influencer. Tieni traccia delle tue comunicazioni e attivazioni<\/span><\/span><\/span><\/li>\n<li class=\"J0lOec\"><span class=\"VIiyi\" lang=\"it\"><span class=\"JLqJ4b ChMk0b\" data-language-for-alternatives=\"it\" data-language-to-translate-into=\"en\" data-phrase-index=\"0\" data-number-of-phrases=\"26\"><span class=\"JLqJ4b\" data-language-for-alternatives=\"it\" data-language-to-translate-into=\"en\" data-phrase-index=\"1\" data-number-of-phrases=\"26\"><strong>Analisi del profilo<\/strong>: scopri i migliori influencer, con metriche complete per le prestazioni dei contenuti e i dati demografici del pubblico<\/span><\/span><\/span><\/li>\n<li class=\"J0lOec\"><span class=\"VIiyi\" lang=\"it\"><span class=\"JLqJ4b ChMk0b\" data-language-for-alternatives=\"it\" data-language-to-translate-into=\"en\" data-phrase-index=\"0\" data-number-of-phrases=\"26\"><span class=\"JLqJ4b\" data-language-for-alternatives=\"it\" data-language-to-translate-into=\"en\" data-phrase-index=\"1\" data-number-of-phrases=\"26\"><strong>Flusso di lavoro automatizzato:<\/strong> semplifica il tuo processo di collaborazione, con rapide azioni in un flusso di lavoro automatizzato<\/span><\/span><\/span><\/li>\n<li class=\"J0lOec\"><span class=\"VIiyi\" lang=\"it\"><span class=\"JLqJ4b ChMk0b\" data-language-for-alternatives=\"it\" data-language-to-translate-into=\"en\" data-phrase-index=\"0\" data-number-of-phrases=\"26\"><span class=\"JLqJ4b\" data-language-for-alternatives=\"it\" data-language-to-translate-into=\"en\" data-phrase-index=\"1\" data-number-of-phrases=\"26\"><strong>Reportistica e analisi:<\/strong> misura automaticamente le prestazioni del tuo programma con metriche social, di vendita e di traffico<\/span><\/span><\/span><\/li>\n<li class=\"J0lOec\"><span class=\"VIiyi\" lang=\"it\"><span class=\"JLqJ4b ChMk0b\" data-language-for-alternatives=\"it\" data-language-to-translate-into=\"en\" data-phrase-index=\"0\" data-number-of-phrases=\"26\"><span class=\"JLqJ4b\" data-language-for-alternatives=\"it\" data-language-to-translate-into=\"en\" data-phrase-index=\"1\" data-number-of-phrases=\"26\"><strong>Collaborazione di squadra<\/strong>: collabora sulle attivazioni all&#8217;interno del tuo team. Invia compiti specifici per condividere il carico di lavoro in modo efficace<\/span><\/span><\/span><\/li>\n<li class=\"J0lOec\"><span class=\"VIiyi\" lang=\"it\"><span class=\"JLqJ4b ChMk0b\" data-language-for-alternatives=\"it\" data-language-to-translate-into=\"en\" data-phrase-index=\"0\" data-number-of-phrases=\"26\"><span class=\"JLqJ4b\" data-language-for-alternatives=\"it\" data-language-to-translate-into=\"en\" data-phrase-index=\"1\" data-number-of-phrases=\"26\"><strong>Integrazioni personalizzate<\/strong>: collega la soluzione alla tua tecnologia esistente. Centralizza i tuoi dati e automatizza completamente il tuo processo<\/span><\/span><\/span><\/li>\n<\/ul>\n<h4>LE RECENSIONI DEGLI UTENTI<\/h4>\n<div>\n<p class=\"font-weight-bold mb-1 d-flex align-items-center\"><strong>Caitlin K.&#8221;Ottima piattaforma, persone migliori!&#8221;<\/strong><\/p>\n<p><strong>Pro: <\/strong>Socialix \u00e8 in continua evoluzione in base alle esigenze dei consumatori e, per un&#8217;azienda di software, pu\u00f2 essere estremamente raro da trovare. La nostra azienda gravitava verso la piattaforma user-friendly per il suo solido monitoraggio analitico, la parte di gestione delle relazioni con gli influencer e la facilit\u00e0 d&#8217;uso. Ad oggi, tuttavia, siamo rimasti molto colpiti dal servizio clienti. Ad oggi abbiamo avuto numerose idee ed esigenze per la piattaforma e Socialix le ha implementate quasi tutte! Sono molto aperti al feedback e a modificare la piattaforma. Socialix \u00e8 una necessit\u00e0 per eseguire le nostre campagne di marketing.<\/p>\n<p><strong>Contro: <\/strong>Ci piacerebbe vedere la capacit\u00e0 di aumentare i contenuti degli influencer, anche se capiamo che pu\u00f2 essere un po&#8217; una forzatura.<\/p>\n<p class=\"font-weight-bold mb-1 d-flex align-items-center\"><strong>Erin M.&#8221;Socialix rende il mio lavoro facile!&#8221;<\/strong><\/p>\n<p><strong>Commenti: <\/strong>Adoro lavorare con il mio rappresentante a Socialix. \u00c8 stato molto reattivo e mi tiene aggiornato su nuove funzionalit\u00e0 e tempistiche per gli sviluppi imminenti.<\/p>\n<p><strong>Pro: <\/strong>L&#8217;utilizzo di Socialix \u00e8 stato un punto di svolta per la gestione della mia campagna. Ero solito destreggiarmi tra pi\u00f9 fogli Excel e dovevo controllare manualmente i post. Socialix ha cambiato tutto questo. I miei partner sono anche felici di poter essere pagati tramite PayPal invece che attraverso un lungo processo di fatturazione.<\/p>\n<p><strong>Contro: <\/strong>Socialix sta lavorando per aggiungere alcune nuove funzionalit\u00e0 che ho richiesto. Non vedo l&#8217;ora di vederli nei prossimi mesi.<\/p>\n<p class=\"font-weight-bold mb-1 d-flex align-items-center\"><strong>Avigayil F.&#8221;Grande piattaforma!&#8221;<\/strong><\/p>\n<p><strong>Pro: <\/strong>Socialix rende facile tenere traccia delle collaborazioni, rivedere i contenuti prima che vengano pubblicati ed effettuare pagamenti. Mi piace particolarmente il modo in cui qualsiasi influencer pu\u00f2 collaborare senza dover creare un account.<\/p>\n<p><strong>Contro: <\/strong>Non mi viene in mente nulla, \u00e8 stato davvero fantastico lavorare con la piattaforma.<\/p>\n<\/div>\n<\/div>\n<\/div>\n","protected":false},"excerpt":{"rendered":"<p>Socialix \u00e8 una piattaforma di influencer marketing che aiuta a gestire gli influencer su larga scala e misurare le prestazioni del programma e a migliorare l&#8217;efficienza.\u00a0Il software aiuta a snellirei procedimenti della pubblicit\u00e0 online e a migliora le prestazioni con una soluzione end-to-end.<\/p>\n","protected":false},"author":16,"featured_media":48740,"parent":48041,"menu_order":0,"comment_status":"open","ping_status":"closed","template":"g1_template_page_review_new.php","meta":{"_acf_changed":false,"cwp_meta_box_check":"Yes","cwp_rev_product_name":"","cwp_rev_product_image":"","wppr_links":[],"cwp_rev_price":"","wppr_options":[],"wppr_pros":[],"wppr_cons":[],"_monsterinsights_skip_tracking":false,"_monsterinsights_sitenote_active":false,"_monsterinsights_sitenote_note":"","_monsterinsights_sitenote_category":0,"footnotes":""},"categories":[11175],"tags":[4149,11263,11262,11266,11181,11192],"features":[],"class_list":{"0":"post-48739","1":"page","2":"type-page","3":"status-publish","4":"has-post-thumbnail","6":"category-piattaforme-per-influencer-marketing","7":"tag-influencer-marketing-it","8":"tag-piattaforma-influencer-marketing","9":"tag-programma-influencer-marketing","10":"tag-socialix","11":"tag-software-per-influencer-marketing","12":"tag-soluzione-per-influencer-marketing"},"wppr_data":{"cwp_meta_box_check":"Yes","cwp_rev_product_name":"","cwp_rev_product_image":"","cwp_image_link":"image","cwp_rev_price":"","wppr_rating":"0.00"},"acf":[],"yoast_head":"<!-- This site is optimized with the Yoast SEO plugin v27.4 - https:\/\/yoast.com\/product\/yoast-seo-wordpress\/ -->\n<title>Socialix: recensione software per influencer marketing - Accurate Reviews<\/title>\n<meta name=\"description\" content=\"Socialix: recensione software di influencer marketing che aiuta a gestire gli influencer e misurare le prestazioni del programma.\" \/>\n<meta name=\"robots\" content=\"index, follow, max-snippet:-1, max-image-preview:large, max-video-preview:-1\" \/>\n<link rel=\"canonical\" href=\"https:\/\/www.accuratereviews.com\/it\/piattaforme-influencer-marketing\/socialix-recensione\/\" \/>\n<meta property=\"og:locale\" content=\"it_IT\" \/>\n<meta property=\"og:type\" content=\"article\" \/>\n<meta property=\"og:title\" content=\"Socialix: recensione software per influencer marketing - Accurate Reviews\" \/>\n<meta property=\"og:description\" content=\"Socialix: recensione software di influencer marketing che aiuta a gestire gli influencer e misurare le prestazioni del programma.\" \/>\n<meta property=\"og:url\" content=\"https:\/\/www.accuratereviews.com\/it\/piattaforme-influencer-marketing\/socialix-recensione\/\" \/>\n<meta property=\"og:site_name\" content=\"Accurate Reviews\" \/>\n<meta property=\"og:image\" content=\"https:\/\/www.accuratereviews.com\/wp-content\/uploads\/2021\/10\/Socialix.jpg\" \/>\n\t<meta property=\"og:image:width\" content=\"400\" \/>\n\t<meta property=\"og:image:height\" content=\"400\" \/>\n\t<meta property=\"og:image:type\" content=\"image\/jpeg\" \/>\n<meta name=\"twitter:card\" content=\"summary_large_image\" \/>\n<meta name=\"twitter:label1\" content=\"Tempo di lettura stimato\" \/>\n\t<meta name=\"twitter:data1\" content=\"3 minuti\" \/>\n<script type=\"application\/ld+json\" class=\"yoast-schema-graph\">{\"@context\":\"https:\\\/\\\/schema.org\",\"@graph\":[{\"@type\":\"WebPage\",\"@id\":\"https:\\\/\\\/www.accuratereviews.com\\\/it\\\/piattaforme-influencer-marketing\\\/socialix-recensione\\\/\",\"url\":\"https:\\\/\\\/www.accuratereviews.com\\\/it\\\/piattaforme-influencer-marketing\\\/socialix-recensione\\\/\",\"name\":\"Socialix: recensione software per influencer marketing - Accurate Reviews\",\"isPartOf\":{\"@id\":\"https:\\\/\\\/www.accuratereviews.com\\\/it\\\/#website\"},\"primaryImageOfPage\":{\"@id\":\"https:\\\/\\\/www.accuratereviews.com\\\/it\\\/piattaforme-influencer-marketing\\\/socialix-recensione\\\/#primaryimage\"},\"image\":{\"@id\":\"https:\\\/\\\/www.accuratereviews.com\\\/it\\\/piattaforme-influencer-marketing\\\/socialix-recensione\\\/#primaryimage\"},\"thumbnailUrl\":\"https:\\\/\\\/www.accuratereviews.com\\\/wp-content\\\/uploads\\\/2021\\\/10\\\/Socialix.jpg\",\"datePublished\":\"2021-10-15T10:02:54+00:00\",\"description\":\"Socialix: recensione software di influencer marketing che aiuta a gestire gli influencer e misurare le prestazioni del programma.\",\"breadcrumb\":{\"@id\":\"https:\\\/\\\/www.accuratereviews.com\\\/it\\\/piattaforme-influencer-marketing\\\/socialix-recensione\\\/#breadcrumb\"},\"inLanguage\":\"it-IT\",\"potentialAction\":[{\"@type\":\"ReadAction\",\"target\":[\"https:\\\/\\\/www.accuratereviews.com\\\/it\\\/piattaforme-influencer-marketing\\\/socialix-recensione\\\/\"]}]},{\"@type\":\"ImageObject\",\"inLanguage\":\"it-IT\",\"@id\":\"https:\\\/\\\/www.accuratereviews.com\\\/it\\\/piattaforme-influencer-marketing\\\/socialix-recensione\\\/#primaryimage\",\"url\":\"https:\\\/\\\/www.accuratereviews.com\\\/wp-content\\\/uploads\\\/2021\\\/10\\\/Socialix.jpg\",\"contentUrl\":\"https:\\\/\\\/www.accuratereviews.com\\\/wp-content\\\/uploads\\\/2021\\\/10\\\/Socialix.jpg\",\"width\":400,\"height\":400},{\"@type\":\"BreadcrumbList\",\"@id\":\"https:\\\/\\\/www.accuratereviews.com\\\/it\\\/piattaforme-influencer-marketing\\\/socialix-recensione\\\/#breadcrumb\",\"itemListElement\":[{\"@type\":\"ListItem\",\"position\":1,\"name\":\"Home\",\"item\":\"https:\\\/\\\/www.accuratereviews.com\\\/it\\\/\"},{\"@type\":\"ListItem\",\"position\":2,\"name\":\"Piattaforme per influencer marketing\",\"item\":\"https:\\\/\\\/www.accuratereviews.com\\\/it\\\/piattaforme-influencer-marketing\\\/\"},{\"@type\":\"ListItem\",\"position\":3,\"name\":\"Socialix\"}]},{\"@type\":\"WebSite\",\"@id\":\"https:\\\/\\\/www.accuratereviews.com\\\/it\\\/#website\",\"url\":\"https:\\\/\\\/www.accuratereviews.com\\\/it\\\/\",\"name\":\"Accurate Reviews\",\"description\":\"\",\"potentialAction\":[{\"@type\":\"SearchAction\",\"target\":{\"@type\":\"EntryPoint\",\"urlTemplate\":\"https:\\\/\\\/www.accuratereviews.com\\\/it\\\/?s={search_term_string}\"},\"query-input\":{\"@type\":\"PropertyValueSpecification\",\"valueRequired\":true,\"valueName\":\"search_term_string\"}}],\"inLanguage\":\"it-IT\"}]}<\/script>\n<!-- \/ Yoast SEO plugin. -->","yoast_head_json":{"title":"Socialix: recensione software per influencer marketing - Accurate Reviews","description":"Socialix: recensione software di influencer marketing che aiuta a gestire gli influencer e misurare le prestazioni del programma.","robots":{"index":"index","follow":"follow","max-snippet":"max-snippet:-1","max-image-preview":"max-image-preview:large","max-video-preview":"max-video-preview:-1"},"canonical":"https:\/\/www.accuratereviews.com\/it\/piattaforme-influencer-marketing\/socialix-recensione\/","og_locale":"it_IT","og_type":"article","og_title":"Socialix: recensione software per influencer marketing - Accurate Reviews","og_description":"Socialix: recensione software di influencer marketing che aiuta a gestire gli influencer e misurare le prestazioni del programma.","og_url":"https:\/\/www.accuratereviews.com\/it\/piattaforme-influencer-marketing\/socialix-recensione\/","og_site_name":"Accurate Reviews","og_image":[{"width":400,"height":400,"url":"https:\/\/www.accuratereviews.com\/wp-content\/uploads\/2021\/10\/Socialix.jpg","type":"image\/jpeg"}],"twitter_card":"summary_large_image","twitter_misc":{"Tempo di lettura stimato":"3 minuti"},"schema":{"@context":"https:\/\/schema.org","@graph":[{"@type":"WebPage","@id":"https:\/\/www.accuratereviews.com\/it\/piattaforme-influencer-marketing\/socialix-recensione\/","url":"https:\/\/www.accuratereviews.com\/it\/piattaforme-influencer-marketing\/socialix-recensione\/","name":"Socialix: recensione software per influencer marketing - Accurate Reviews","isPartOf":{"@id":"https:\/\/www.accuratereviews.com\/it\/#website"},"primaryImageOfPage":{"@id":"https:\/\/www.accuratereviews.com\/it\/piattaforme-influencer-marketing\/socialix-recensione\/#primaryimage"},"image":{"@id":"https:\/\/www.accuratereviews.com\/it\/piattaforme-influencer-marketing\/socialix-recensione\/#primaryimage"},"thumbnailUrl":"https:\/\/www.accuratereviews.com\/wp-content\/uploads\/2021\/10\/Socialix.jpg","datePublished":"2021-10-15T10:02:54+00:00","description":"Socialix: recensione software di influencer marketing che aiuta a gestire gli influencer e misurare le prestazioni del programma.","breadcrumb":{"@id":"https:\/\/www.accuratereviews.com\/it\/piattaforme-influencer-marketing\/socialix-recensione\/#breadcrumb"},"inLanguage":"it-IT","potentialAction":[{"@type":"ReadAction","target":["https:\/\/www.accuratereviews.com\/it\/piattaforme-influencer-marketing\/socialix-recensione\/"]}]},{"@type":"ImageObject","inLanguage":"it-IT","@id":"https:\/\/www.accuratereviews.com\/it\/piattaforme-influencer-marketing\/socialix-recensione\/#primaryimage","url":"https:\/\/www.accuratereviews.com\/wp-content\/uploads\/2021\/10\/Socialix.jpg","contentUrl":"https:\/\/www.accuratereviews.com\/wp-content\/uploads\/2021\/10\/Socialix.jpg","width":400,"height":400},{"@type":"BreadcrumbList","@id":"https:\/\/www.accuratereviews.com\/it\/piattaforme-influencer-marketing\/socialix-recensione\/#breadcrumb","itemListElement":[{"@type":"ListItem","position":1,"name":"Home","item":"https:\/\/www.accuratereviews.com\/it\/"},{"@type":"ListItem","position":2,"name":"Piattaforme per influencer marketing","item":"https:\/\/www.accuratereviews.com\/it\/piattaforme-influencer-marketing\/"},{"@type":"ListItem","position":3,"name":"Socialix"}]},{"@type":"WebSite","@id":"https:\/\/www.accuratereviews.com\/it\/#website","url":"https:\/\/www.accuratereviews.com\/it\/","name":"Accurate Reviews","description":"","potentialAction":[{"@type":"SearchAction","target":{"@type":"EntryPoint","urlTemplate":"https:\/\/www.accuratereviews.com\/it\/?s={search_term_string}"},"query-input":{"@type":"PropertyValueSpecification","valueRequired":true,"valueName":"search_term_string"}}],"inLanguage":"it-IT"}]}},"_links":{"self":[{"href":"https:\/\/www.accuratereviews.com\/it\/wp-json\/wp\/v2\/pages\/48739","targetHints":{"allow":["GET"]}}],"collection":[{"href":"https:\/\/www.accuratereviews.com\/it\/wp-json\/wp\/v2\/pages"}],"about":[{"href":"https:\/\/www.accuratereviews.com\/it\/wp-json\/wp\/v2\/types\/page"}],"author":[{"embeddable":true,"href":"https:\/\/www.accuratereviews.com\/it\/wp-json\/wp\/v2\/users\/16"}],"replies":[{"embeddable":true,"href":"https:\/\/www.accuratereviews.com\/it\/wp-json\/wp\/v2\/comments?post=48739"}],"version-history":[{"count":7,"href":"https:\/\/www.accuratereviews.com\/it\/wp-json\/wp\/v2\/pages\/48739\/revisions"}],"predecessor-version":[{"id":48753,"href":"https:\/\/www.accuratereviews.com\/it\/wp-json\/wp\/v2\/pages\/48739\/revisions\/48753"}],"up":[{"embeddable":true,"href":"https:\/\/www.accuratereviews.com\/it\/wp-json\/wp\/v2\/pages\/48041"}],"wp:featuredmedia":[{"embeddable":true,"href":"https:\/\/www.accuratereviews.com\/it\/wp-json\/wp\/v2\/media\/48740"}],"wp:attachment":[{"href":"https:\/\/www.accuratereviews.com\/it\/wp-json\/wp\/v2\/media?parent=48739"}],"wp:term":[{"taxonomy":"category","embeddable":true,"href":"https:\/\/www.accuratereviews.com\/it\/wp-json\/wp\/v2\/categories?post=48739"},{"taxonomy":"post_tag","embeddable":true,"href":"https:\/\/www.accuratereviews.com\/it\/wp-json\/wp\/v2\/tags?post=48739"},{"taxonomy":"features","embeddable":true,"href":"https:\/\/www.accuratereviews.com\/it\/wp-json\/wp\/v2\/features?post=48739"}],"curies":[{"name":"wp","href":"https:\/\/api.w.org\/{rel}","templated":true}]}}