{"id":48791,"date":"2021-10-18T11:55:06","date_gmt":"2021-10-18T11:55:06","guid":{"rendered":"https:\/\/www.accuratereviews.com\/?page_id=48791"},"modified":"2021-10-18T11:55:06","modified_gmt":"2021-10-18T11:55:06","slug":"tapinfluence-recensione","status":"publish","type":"page","link":"https:\/\/www.accuratereviews.com\/it\/piattaforme-influencer-marketing\/tapinfluence-recensione\/","title":{"rendered":"TapInfluence"},"content":{"rendered":"<p><strong>TapInfluence <\/strong>esiste dal 2013. In precedenza, si chiamava <strong>Blog Frog.<\/strong>\u00a0Oggi, questo software \u00e8 uno dei nomi pi\u00f9 riconosciuti nel web come piattaforma di<strong> marketing degli influencer<\/strong>. Vanta un impressionante elenco di clienti, con nomi importanti come Whole Foods, Seiko, Canon, Volvo e Target. L&#8217;intenzione alla base della piattaforma \u00e8 quella di fornire ai marchi gli strumenti di cui hanno bisogno per gestire le campagne di influencer con un unico set di strumenti. Attraverso sponsorizzazioni, posizionamenti di prodotti o copertura di eventi speciali, i brand e gli inserzionisti possono sfruttare i follower coinvolti per fornire un nuovo tipo di messaggio del marchio.<\/p>\n<h2>TAPINFLUENCER &#8211; TUTORIAL<\/h2>\n<p>Guardiamo in questo video l&#8217;efficacia di usare questo <strong>software per influencer marketing<\/strong>:<\/p>\n<div id=\"fluid-wrapper-counter-1\" class=\"g1-fluid-wrapper \" style=\"width:686px;\">\n<div style=\"padding-bottom:56.268221574344%;\"><iframe loading=\"lazy\" title=\"TapInfluence Influencer Discovery\" width=\"686\" height=\"386\" src=\"https:\/\/www.youtube.com\/embed\/z_KcPDTm7OQ?feature=oembed&amp;wmode=transparent&amp;autohide=1&amp;autoplay=0&amp;disablekb=0&amp;fs=1&amp;loop=0&amp;enablejsapi=1&amp;rel=0&amp;controls=2&amp;showinfo=0&amp;wmode=transparent&amp;autohide=2&amp;autoplay=0&amp;disablekb=0&amp;fs=1&amp;loop=0&amp;enablejsapi=1&amp;rel=0&amp;controls=2&amp;showinfo=1\" frameborder=\"0\" allow=\"accelerometer; autoplay; clipboard-write; encrypted-media; gyroscope; picture-in-picture\" allowfullscreen><\/iframe><\/div>\n<\/div>\n<h3>TAPINFLUENCER &#8211; CARATTERISTICHE<\/h3>\n<ul>\n<li><strong>Ricerca per parola chiave<\/strong>: un metodo semplice ed efficiente per identificare influencer qualificati e aperti alla collaborazione con i marketer. Utilizzando un&#8217;ampia gamma di criteri e filtri puoi cercare influencer pertinenti ed esperti, tra cui: et\u00e0, sesso, posizione, istruzione, lingua e altro. Perfeziona i risultati della ricerca in base ai filtri relativi al pubblico o al profilo dell&#8217;influencer, crea e salva rapidamente elenchi nominativi per un rapido richiamo futuro<\/li>\n<li><strong>Profili degli influencer<\/strong>: esplora i contenuti, le connessioni social, le informazioni personali e i dati sul pubblico di ciascun influencer per vedere se \u00e8 il candidato giusto per la tua campagna.<\/li>\n<li><strong>Elenchi<\/strong>: crea elenchi personalizzati dei tuoi migliori influencer, tieni traccia dei tuoi migliori o invita pi\u00f9 creatori alle opportunit\u00e0 contemporaneamente. Gli elenchi curati predefiniti sono disponibili anche nella dashboard in base agli argomenti e alle categorie di ricerca pi\u00f9 diffusi<\/li>\n<li><strong>Gestione della campagna<\/strong>: struttura le campagne nel modo in cui lavori. Crea campagne composte da pi\u00f9 progetti che possono essere monitorati insieme. Specifica i requisiti, aggiungi link, immagini e tracker di terze parti con i dettagli e gli elementi dell&#8217;unit\u00e0.<\/li>\n<li><strong>Offerta aperta<\/strong>: ottimizza il tuo budget con le soglie di offerta, abbina in modo programmatico le tue offerte con il targeting del creator (demografico, socioeconomico e geografico), filtra su piattaforme chiave o segmenta in base ai principali parametri demografici del pubblico (et\u00e0, sesso, lingua e reddito).<\/li>\n<\/ul>\n<h4>LE RECENSIONI DEGLI UTENTI<\/h4>\n<p class=\"h5 font-weight-bold flex-grow-1 mb-4\"><strong>Johon D.:&#8221;Piattaforma INfluencer ideale per grandi influencer&#8221;<\/strong><\/p>\n<p><strong>Pro: <\/strong>Le funzionalit\u00e0 di questo software sono fantastiche e ci sono molti modi in cui marchi e influencer possono connettersi, fare rete e collaborare da tutto il mondo.<\/p>\n<p><strong>Contro: <\/strong>\u00c8 difficile avere riscontri o anche una possibilit\u00e0 se la tua influenza non \u00e8 enorme.<\/p>\n<p class=\"font-weight-bold mb-1 d-flex align-items-center\"><strong>Aleksandra C.&#8221;Mi sono registrato molto tempo fa, ma non ho ricevuto alcuna proposta.&#8221;<\/strong><\/p>\n<p><strong>Pro: <\/strong>Mi piace l&#8217;intero concetto del sito web e le funzionalit\u00e0 sono fantastiche, ma nessuno mi ha contattato per gli shoutout e simili. Non ho molti follower da quando ho iniziato di recente a lavorare sulle mie piattaforme social, ma mi piacerebbe vedere come si comporta.<\/p>\n<p><strong>Contro: <\/strong>Mi piacerebbe vedere i potenziali clienti e fare domanda sulle loro proposte per l&#8217;influencer marketing.<\/p>\n","protected":false},"excerpt":{"rendered":"<p>TapInfluence, come marchio, esiste dal 2013 e in precedenza, l&#8217;azienda si chiamava Blog Frog.\u00a0Oggi, questo software \u00e8 uno dei nomi pi\u00f9 riconosciuti nel web come piattaforma di marketing degli influencer. Vanta un impressionante elenco di clienti, con nomi importanti come Whole Foods, Seiko, Canon, Volvo e Target.<\/p>\n","protected":false},"author":16,"featured_media":48792,"parent":48041,"menu_order":0,"comment_status":"open","ping_status":"closed","template":"g1_template_page_review_new.php","meta":{"_acf_changed":false,"cwp_meta_box_check":"Yes","cwp_rev_product_name":"","cwp_rev_product_image":"","wppr_links":[],"cwp_rev_price":"","wppr_options":[],"wppr_pros":[],"wppr_cons":[],"_monsterinsights_skip_tracking":false,"_monsterinsights_sitenote_active":false,"_monsterinsights_sitenote_note":"","_monsterinsights_sitenote_category":0,"footnotes":""},"categories":[11175],"tags":[11275,11191,11189,11181,11192,11274],"features":[],"class_list":{"0":"post-48791","1":"page","2":"type-page","3":"status-publish","4":"has-post-thumbnail","6":"category-piattaforme-per-influencer-marketing","7":"tag-blog-frog","8":"tag-piattaforma-per-influencer-marketing","9":"tag-programma-per-influencer-marketing","10":"tag-software-per-influencer-marketing","11":"tag-soluzione-per-influencer-marketing","12":"tag-tapinfluence"},"wppr_data":{"cwp_meta_box_check":"Yes","cwp_rev_product_name":"","cwp_rev_product_image":"","cwp_image_link":"image","cwp_rev_price":"","wppr_rating":"0.00"},"acf":[],"yoast_head":"<!-- This site is optimized with the Yoast SEO plugin v27.4 - https:\/\/yoast.com\/product\/yoast-seo-wordpress\/ -->\n<title>TapInfluence: recensione software per influencer marketing<\/title>\n<meta name=\"description\" content=\"TapInfluence: recensione software per influencer marketing in precedenza chiamato Blog Frog e a oggi \u00e8 uno dei nomi pi\u00f9 riconosciuti nel web.\" \/>\n<meta name=\"robots\" content=\"index, follow, max-snippet:-1, max-image-preview:large, max-video-preview:-1\" \/>\n<link rel=\"canonical\" href=\"https:\/\/www.accuratereviews.com\/it\/piattaforme-influencer-marketing\/tapinfluence-recensione\/\" \/>\n<meta property=\"og:locale\" content=\"it_IT\" \/>\n<meta property=\"og:type\" content=\"article\" \/>\n<meta property=\"og:title\" content=\"TapInfluence: recensione software per influencer marketing\" \/>\n<meta property=\"og:description\" content=\"TapInfluence: recensione software per influencer marketing in precedenza chiamato Blog Frog e a oggi \u00e8 uno dei nomi pi\u00f9 riconosciuti nel web.\" \/>\n<meta property=\"og:url\" content=\"https:\/\/www.accuratereviews.com\/it\/piattaforme-influencer-marketing\/tapinfluence-recensione\/\" \/>\n<meta property=\"og:site_name\" content=\"Accurate Reviews\" \/>\n<meta property=\"og:image\" content=\"https:\/\/www.accuratereviews.com\/wp-content\/uploads\/2021\/10\/TapInfluence-Logo.jpg\" \/>\n\t<meta property=\"og:image:width\" content=\"720\" \/>\n\t<meta property=\"og:image:height\" content=\"320\" \/>\n\t<meta property=\"og:image:type\" content=\"image\/jpeg\" \/>\n<meta name=\"twitter:card\" content=\"summary_large_image\" \/>\n<meta name=\"twitter:label1\" content=\"Tempo di lettura stimato\" \/>\n\t<meta name=\"twitter:data1\" content=\"3 minuti\" \/>\n<script type=\"application\/ld+json\" class=\"yoast-schema-graph\">{\"@context\":\"https:\\\/\\\/schema.org\",\"@graph\":[{\"@type\":\"WebPage\",\"@id\":\"https:\\\/\\\/www.accuratereviews.com\\\/it\\\/piattaforme-influencer-marketing\\\/tapinfluence-recensione\\\/\",\"url\":\"https:\\\/\\\/www.accuratereviews.com\\\/it\\\/piattaforme-influencer-marketing\\\/tapinfluence-recensione\\\/\",\"name\":\"TapInfluence: recensione software per influencer marketing\",\"isPartOf\":{\"@id\":\"https:\\\/\\\/www.accuratereviews.com\\\/it\\\/#website\"},\"primaryImageOfPage\":{\"@id\":\"https:\\\/\\\/www.accuratereviews.com\\\/it\\\/piattaforme-influencer-marketing\\\/tapinfluence-recensione\\\/#primaryimage\"},\"image\":{\"@id\":\"https:\\\/\\\/www.accuratereviews.com\\\/it\\\/piattaforme-influencer-marketing\\\/tapinfluence-recensione\\\/#primaryimage\"},\"thumbnailUrl\":\"https:\\\/\\\/www.accuratereviews.com\\\/wp-content\\\/uploads\\\/2021\\\/10\\\/TapInfluence-Logo.jpg\",\"datePublished\":\"2021-10-18T11:55:06+00:00\",\"description\":\"TapInfluence: recensione software per influencer marketing in precedenza chiamato Blog Frog e a oggi \u00e8 uno dei nomi pi\u00f9 riconosciuti nel web.\",\"breadcrumb\":{\"@id\":\"https:\\\/\\\/www.accuratereviews.com\\\/it\\\/piattaforme-influencer-marketing\\\/tapinfluence-recensione\\\/#breadcrumb\"},\"inLanguage\":\"it-IT\",\"potentialAction\":[{\"@type\":\"ReadAction\",\"target\":[\"https:\\\/\\\/www.accuratereviews.com\\\/it\\\/piattaforme-influencer-marketing\\\/tapinfluence-recensione\\\/\"]}]},{\"@type\":\"ImageObject\",\"inLanguage\":\"it-IT\",\"@id\":\"https:\\\/\\\/www.accuratereviews.com\\\/it\\\/piattaforme-influencer-marketing\\\/tapinfluence-recensione\\\/#primaryimage\",\"url\":\"https:\\\/\\\/www.accuratereviews.com\\\/wp-content\\\/uploads\\\/2021\\\/10\\\/TapInfluence-Logo.jpg\",\"contentUrl\":\"https:\\\/\\\/www.accuratereviews.com\\\/wp-content\\\/uploads\\\/2021\\\/10\\\/TapInfluence-Logo.jpg\",\"width\":720,\"height\":320},{\"@type\":\"BreadcrumbList\",\"@id\":\"https:\\\/\\\/www.accuratereviews.com\\\/it\\\/piattaforme-influencer-marketing\\\/tapinfluence-recensione\\\/#breadcrumb\",\"itemListElement\":[{\"@type\":\"ListItem\",\"position\":1,\"name\":\"Home\",\"item\":\"https:\\\/\\\/www.accuratereviews.com\\\/it\\\/\"},{\"@type\":\"ListItem\",\"position\":2,\"name\":\"Piattaforme per influencer marketing\",\"item\":\"https:\\\/\\\/www.accuratereviews.com\\\/it\\\/piattaforme-influencer-marketing\\\/\"},{\"@type\":\"ListItem\",\"position\":3,\"name\":\"TapInfluence\"}]},{\"@type\":\"WebSite\",\"@id\":\"https:\\\/\\\/www.accuratereviews.com\\\/it\\\/#website\",\"url\":\"https:\\\/\\\/www.accuratereviews.com\\\/it\\\/\",\"name\":\"Accurate Reviews\",\"description\":\"\",\"potentialAction\":[{\"@type\":\"SearchAction\",\"target\":{\"@type\":\"EntryPoint\",\"urlTemplate\":\"https:\\\/\\\/www.accuratereviews.com\\\/it\\\/?s={search_term_string}\"},\"query-input\":{\"@type\":\"PropertyValueSpecification\",\"valueRequired\":true,\"valueName\":\"search_term_string\"}}],\"inLanguage\":\"it-IT\"}]}<\/script>\n<!-- \/ Yoast SEO plugin. -->","yoast_head_json":{"title":"TapInfluence: recensione software per influencer marketing","description":"TapInfluence: recensione software per influencer marketing in precedenza chiamato Blog Frog e a oggi \u00e8 uno dei nomi pi\u00f9 riconosciuti nel web.","robots":{"index":"index","follow":"follow","max-snippet":"max-snippet:-1","max-image-preview":"max-image-preview:large","max-video-preview":"max-video-preview:-1"},"canonical":"https:\/\/www.accuratereviews.com\/it\/piattaforme-influencer-marketing\/tapinfluence-recensione\/","og_locale":"it_IT","og_type":"article","og_title":"TapInfluence: recensione software per influencer marketing","og_description":"TapInfluence: recensione software per influencer marketing in precedenza chiamato Blog Frog e a oggi \u00e8 uno dei nomi pi\u00f9 riconosciuti nel web.","og_url":"https:\/\/www.accuratereviews.com\/it\/piattaforme-influencer-marketing\/tapinfluence-recensione\/","og_site_name":"Accurate Reviews","og_image":[{"width":720,"height":320,"url":"https:\/\/www.accuratereviews.com\/wp-content\/uploads\/2021\/10\/TapInfluence-Logo.jpg","type":"image\/jpeg"}],"twitter_card":"summary_large_image","twitter_misc":{"Tempo di lettura stimato":"3 minuti"},"schema":{"@context":"https:\/\/schema.org","@graph":[{"@type":"WebPage","@id":"https:\/\/www.accuratereviews.com\/it\/piattaforme-influencer-marketing\/tapinfluence-recensione\/","url":"https:\/\/www.accuratereviews.com\/it\/piattaforme-influencer-marketing\/tapinfluence-recensione\/","name":"TapInfluence: recensione software per influencer marketing","isPartOf":{"@id":"https:\/\/www.accuratereviews.com\/it\/#website"},"primaryImageOfPage":{"@id":"https:\/\/www.accuratereviews.com\/it\/piattaforme-influencer-marketing\/tapinfluence-recensione\/#primaryimage"},"image":{"@id":"https:\/\/www.accuratereviews.com\/it\/piattaforme-influencer-marketing\/tapinfluence-recensione\/#primaryimage"},"thumbnailUrl":"https:\/\/www.accuratereviews.com\/wp-content\/uploads\/2021\/10\/TapInfluence-Logo.jpg","datePublished":"2021-10-18T11:55:06+00:00","description":"TapInfluence: recensione software per influencer marketing in precedenza chiamato Blog Frog e a oggi \u00e8 uno dei nomi pi\u00f9 riconosciuti nel web.","breadcrumb":{"@id":"https:\/\/www.accuratereviews.com\/it\/piattaforme-influencer-marketing\/tapinfluence-recensione\/#breadcrumb"},"inLanguage":"it-IT","potentialAction":[{"@type":"ReadAction","target":["https:\/\/www.accuratereviews.com\/it\/piattaforme-influencer-marketing\/tapinfluence-recensione\/"]}]},{"@type":"ImageObject","inLanguage":"it-IT","@id":"https:\/\/www.accuratereviews.com\/it\/piattaforme-influencer-marketing\/tapinfluence-recensione\/#primaryimage","url":"https:\/\/www.accuratereviews.com\/wp-content\/uploads\/2021\/10\/TapInfluence-Logo.jpg","contentUrl":"https:\/\/www.accuratereviews.com\/wp-content\/uploads\/2021\/10\/TapInfluence-Logo.jpg","width":720,"height":320},{"@type":"BreadcrumbList","@id":"https:\/\/www.accuratereviews.com\/it\/piattaforme-influencer-marketing\/tapinfluence-recensione\/#breadcrumb","itemListElement":[{"@type":"ListItem","position":1,"name":"Home","item":"https:\/\/www.accuratereviews.com\/it\/"},{"@type":"ListItem","position":2,"name":"Piattaforme per influencer marketing","item":"https:\/\/www.accuratereviews.com\/it\/piattaforme-influencer-marketing\/"},{"@type":"ListItem","position":3,"name":"TapInfluence"}]},{"@type":"WebSite","@id":"https:\/\/www.accuratereviews.com\/it\/#website","url":"https:\/\/www.accuratereviews.com\/it\/","name":"Accurate Reviews","description":"","potentialAction":[{"@type":"SearchAction","target":{"@type":"EntryPoint","urlTemplate":"https:\/\/www.accuratereviews.com\/it\/?s={search_term_string}"},"query-input":{"@type":"PropertyValueSpecification","valueRequired":true,"valueName":"search_term_string"}}],"inLanguage":"it-IT"}]}},"_links":{"self":[{"href":"https:\/\/www.accuratereviews.com\/it\/wp-json\/wp\/v2\/pages\/48791","targetHints":{"allow":["GET"]}}],"collection":[{"href":"https:\/\/www.accuratereviews.com\/it\/wp-json\/wp\/v2\/pages"}],"about":[{"href":"https:\/\/www.accuratereviews.com\/it\/wp-json\/wp\/v2\/types\/page"}],"author":[{"embeddable":true,"href":"https:\/\/www.accuratereviews.com\/it\/wp-json\/wp\/v2\/users\/16"}],"replies":[{"embeddable":true,"href":"https:\/\/www.accuratereviews.com\/it\/wp-json\/wp\/v2\/comments?post=48791"}],"version-history":[{"count":8,"href":"https:\/\/www.accuratereviews.com\/it\/wp-json\/wp\/v2\/pages\/48791\/revisions"}],"predecessor-version":[{"id":48807,"href":"https:\/\/www.accuratereviews.com\/it\/wp-json\/wp\/v2\/pages\/48791\/revisions\/48807"}],"up":[{"embeddable":true,"href":"https:\/\/www.accuratereviews.com\/it\/wp-json\/wp\/v2\/pages\/48041"}],"wp:featuredmedia":[{"embeddable":true,"href":"https:\/\/www.accuratereviews.com\/it\/wp-json\/wp\/v2\/media\/48792"}],"wp:attachment":[{"href":"https:\/\/www.accuratereviews.com\/it\/wp-json\/wp\/v2\/media?parent=48791"}],"wp:term":[{"taxonomy":"category","embeddable":true,"href":"https:\/\/www.accuratereviews.com\/it\/wp-json\/wp\/v2\/categories?post=48791"},{"taxonomy":"post_tag","embeddable":true,"href":"https:\/\/www.accuratereviews.com\/it\/wp-json\/wp\/v2\/tags?post=48791"},{"taxonomy":"features","embeddable":true,"href":"https:\/\/www.accuratereviews.com\/it\/wp-json\/wp\/v2\/features?post=48791"}],"curies":[{"name":"wp","href":"https:\/\/api.w.org\/{rel}","templated":true}]}}