{"id":48810,"date":"2021-10-19T13:19:00","date_gmt":"2021-10-19T13:19:00","guid":{"rendered":"https:\/\/www.accuratereviews.com\/?page_id=48810"},"modified":"2021-10-19T13:19:00","modified_gmt":"2021-10-19T13:19:00","slug":"gshift-recensione","status":"publish","type":"page","link":"https:\/\/www.accuratereviews.com\/it\/piattaforme-influencer-marketing\/gshift-recensione\/","title":{"rendered":"gShift"},"content":{"rendered":"<p>La piattaforma per <strong>influencer marketing<\/strong> di <strong>gShift<\/strong>, leader del settore, aiuta i marchi e le agenzie a comprendere e migliorare in modo efficiente l&#8217;impatto e il coinvolgimento dei contenuti attraverso la propria presenza sul web. Semplifica la vita dei marketer digitali e ha creato <strong>Content Performance Cloud,<\/strong> una combinazione di moduli e tecnologie integrate in un&#8217;unica piattaforma di accesso. Fornisce questi dati insieme ad approfondimenti sul marketing degli influencer, sullo sviluppo del pubblico e sul monitoraggio intelligente degli url per i contenuti in loco e fuori sede. Questo permette agli esperti di marketing di acquisire una comprensione pi\u00f9 profonda del vero coinvolgimento e delle prestazioni dei contenuti. Le caratteristiche principali includono il monitoraggio delle parole chiave, i rapporti, il controllo e la dashboard.<\/p>\n<h2>GSHIFT &#8211; TUTORIAL<\/h2>\n<p>Diamo una occhiata a l&#8217;interfaccia di questo s<strong>oftware per influencer marketing<\/strong>:<\/p>\n<div id=\"fluid-wrapper-counter-1\" class=\"g1-fluid-wrapper \" style=\"width:686px;\">\n<div style=\"padding-bottom:56.268221574344%;\"><iframe loading=\"lazy\" title=\"June 2018 gShift Software Release - Web Presence Overview Dashboard and Site Audit Tours\" width=\"515\" height=\"386\" src=\"https:\/\/www.youtube.com\/embed\/n0jX68U5icw?feature=oembed&amp;wmode=transparent&amp;autohide=1&amp;autoplay=0&amp;disablekb=0&amp;fs=1&amp;loop=0&amp;enablejsapi=1&amp;rel=0&amp;controls=2&amp;showinfo=0&amp;wmode=transparent&amp;autohide=2&amp;autoplay=0&amp;disablekb=0&amp;fs=1&amp;loop=0&amp;enablejsapi=1&amp;rel=0&amp;controls=2&amp;showinfo=1\" frameborder=\"0\" allow=\"accelerometer; autoplay; clipboard-write; encrypted-media; gyroscope; picture-in-picture\" allowfullscreen><\/iframe><\/div>\n<\/div>\n<h3>GSHIFT &#8211; CARATTERISTICHE<\/h3>\n<ul>\n<li><strong>Strategie di marketing dei contenuti<\/strong>: il software ti aiuta a garantire che i tuoi personaggi siano sviluppati in modo che tu sappia quali contenuti creare e su quali parole chiave concentrarti per avere le migliori possibilit\u00e0 di essere scoperto su Google. \u00c8 in grado di colmare qualsiasi lacuna nella creazione di contenuti e assicurarti che i tuoi contenuti siano distribuiti strategicamente su social ed elenchi di email<\/li>\n<li><strong>Sviluppo della persona<\/strong>: le persone sono il punto di partenza per creare contenuti eccezionali. Gli utenti rappresentano il tuo pubblico di destinazione e parlano direttamente a loro in ogni fase del loro percorso del cliente digitale. Portano chiarezza e attenzione al tuo investimento nel marketing dei contenuti, incluso dove e quando deve essere distribuito<\/li>\n<li><strong>Parole chiave e SEO<\/strong>: parole chiave, contenuti, clienti. Spider e robot di Google devono comprendere i tuoi contenuti dal punto di vista delle parole chiave affinch\u00e9 i clienti possano scoprirli in fase di ricerca online<\/li>\n<li><strong>Marketing via email<\/strong>: l&#8217;email marketing continua a essere il punto di lancio delle campagne digitali. Il contenuto ottimizzato per le campagne email \u00e8 un&#8217;abilit\u00e0 e gli strateghi dei contenuti possono aiutare la tua attivit\u00e0 a prosperare. Dalle strategie di creazione di elenchi all&#8217;ottimizzazione del tasso di conversione, la tua strategia di contenuto merita la potenza aggiuntiva che l&#8217;email marketing apporta al mix.<\/li>\n<\/ul>\n<h4>LE RECENSIONI DEGLI UTENTI<\/h4>\n<p class=\"font-weight-bold mb-1 d-flex align-items-center\"><strong>Dioshai G&#8221;aumenta la qualit\u00e0 della tua nicchia con il modulo Influencer Marketing&#8221;<\/strong><\/p>\n<p><strong>Commenti: <\/strong>con Influencer Marketing Module ho aumentato le vendite sul mio sito web e stiamo coltivando il marketing di raccomandazione (passaparola)<\/p>\n<p><strong>Pro: <\/strong>Influencer Marketing Module crea un impatto maggiore e fa s\u00ec che il messaggio raggiunga pi\u00f9 efficacemente il tuo mercato di nicchia, grazie agli influencer dei social network che hanno gi\u00e0 il permesso, la fiducia e l&#8217;approvazione degli utenti. \u00c8 una tattica efficace che aumenta il coinvolgimento e ti assicura un rapido ritorno sull&#8217;investimento<\/p>\n<p><strong>Contro: <\/strong>Il prezzo per acquistare questo potente software \u00e8 un po&#8217; alto. Ma garantisce il successo a breve, medio e lungo termine<\/p>\n<p class=\"h5 font-weight-bold flex-grow-1 mb-4\"><strong>Johon D.:&#8221;Una piattaforma SEO obsoleta&#8221;<\/strong><\/p>\n<p><strong>Pro: <\/strong>Ho davvero adorato lo strumento di controllo del sito. In qualit\u00e0 di specialista SEO tecnico, nessun altro software si \u00e8 avvicinato nei dettagli cos\u00ec intricati sulla salute tecnica di un sito.<\/p>\n<p><strong>Contro: <\/strong>L&#8217;esperienza dell&#8217;utente \u00e8 sempre stata orribile. Ero anche arrabbiato per l&#8217;inesattezza dei numeri del volume di ricerca.<\/p>\n","protected":false},"excerpt":{"rendered":"<p>La piattaforma per influencer marketing di gShift, leader del settore, aiuta i marchi e le agenzie a comprendere e migliorare in modo efficiente l&#8217;impatto e il coinvolgimento dei contenuti attraverso la propria presenza sul web. Semplifica la vita dei marketer digitali e ha creato Content Performance Cloud, una combinazione di moduli e tecnologie integrate in un&#8217;unica piattaforma di accesso.<\/p>\n","protected":false},"author":16,"featured_media":48811,"parent":48041,"menu_order":0,"comment_status":"open","ping_status":"closed","template":"g1_template_page_review_new.php","meta":{"_acf_changed":false,"cwp_meta_box_check":"Yes","cwp_rev_product_name":"","cwp_rev_product_image":"","wppr_links":[],"cwp_rev_price":"","wppr_options":[],"wppr_pros":[],"wppr_cons":[],"_monsterinsights_skip_tracking":false,"_monsterinsights_sitenote_active":false,"_monsterinsights_sitenote_note":"","_monsterinsights_sitenote_category":0,"footnotes":""},"categories":[11175],"tags":[11279,4149,11191,11189,11181,11192],"features":[],"class_list":{"0":"post-48810","1":"page","2":"type-page","3":"status-publish","4":"has-post-thumbnail","6":"category-piattaforme-per-influencer-marketing","7":"tag-gshift","8":"tag-influencer-marketing-it","9":"tag-piattaforma-per-influencer-marketing","10":"tag-programma-per-influencer-marketing","11":"tag-software-per-influencer-marketing","12":"tag-soluzione-per-influencer-marketing"},"wppr_data":{"cwp_meta_box_check":"Yes","cwp_rev_product_name":"","cwp_rev_product_image":"","cwp_image_link":"image","cwp_rev_price":"","wppr_rating":"0.00"},"acf":[],"yoast_head":"<!-- This site is optimized with the Yoast SEO plugin v27.4 - https:\/\/yoast.com\/product\/yoast-seo-wordpress\/ -->\n<title>gShift: recensione software influencer marketing - Accurate Reviews<\/title>\n<meta name=\"description\" content=\"gShift: recensione software per influencer marketing aiuta i brand e le agenzie a comprendere e migliorare l&#039;impatto dei contenuti.\" \/>\n<meta name=\"robots\" content=\"index, follow, max-snippet:-1, max-image-preview:large, max-video-preview:-1\" \/>\n<link rel=\"canonical\" href=\"https:\/\/www.accuratereviews.com\/it\/piattaforme-influencer-marketing\/gshift-recensione\/\" \/>\n<meta property=\"og:locale\" content=\"it_IT\" \/>\n<meta property=\"og:type\" content=\"article\" \/>\n<meta property=\"og:title\" content=\"gShift: recensione software influencer marketing - Accurate Reviews\" \/>\n<meta property=\"og:description\" content=\"gShift: recensione software per influencer marketing aiuta i brand e le agenzie a comprendere e migliorare l&#039;impatto dei contenuti.\" \/>\n<meta property=\"og:url\" content=\"https:\/\/www.accuratereviews.com\/it\/piattaforme-influencer-marketing\/gshift-recensione\/\" \/>\n<meta property=\"og:site_name\" content=\"Accurate Reviews\" \/>\n<meta property=\"og:image\" content=\"https:\/\/www.accuratereviews.com\/wp-content\/uploads\/2021\/10\/gShift.jpeg\" \/>\n\t<meta property=\"og:image:width\" content=\"820\" \/>\n\t<meta property=\"og:image:height\" content=\"380\" \/>\n\t<meta property=\"og:image:type\" content=\"image\/jpeg\" \/>\n<meta name=\"twitter:card\" content=\"summary_large_image\" \/>\n<meta name=\"twitter:label1\" content=\"Tempo di lettura stimato\" \/>\n\t<meta name=\"twitter:data1\" content=\"3 minuti\" \/>\n<script type=\"application\/ld+json\" class=\"yoast-schema-graph\">{\"@context\":\"https:\\\/\\\/schema.org\",\"@graph\":[{\"@type\":\"WebPage\",\"@id\":\"https:\\\/\\\/www.accuratereviews.com\\\/it\\\/piattaforme-influencer-marketing\\\/gshift-recensione\\\/\",\"url\":\"https:\\\/\\\/www.accuratereviews.com\\\/it\\\/piattaforme-influencer-marketing\\\/gshift-recensione\\\/\",\"name\":\"gShift: recensione software influencer marketing - Accurate Reviews\",\"isPartOf\":{\"@id\":\"https:\\\/\\\/www.accuratereviews.com\\\/it\\\/#website\"},\"primaryImageOfPage\":{\"@id\":\"https:\\\/\\\/www.accuratereviews.com\\\/it\\\/piattaforme-influencer-marketing\\\/gshift-recensione\\\/#primaryimage\"},\"image\":{\"@id\":\"https:\\\/\\\/www.accuratereviews.com\\\/it\\\/piattaforme-influencer-marketing\\\/gshift-recensione\\\/#primaryimage\"},\"thumbnailUrl\":\"https:\\\/\\\/www.accuratereviews.com\\\/wp-content\\\/uploads\\\/2021\\\/10\\\/gShift.jpeg\",\"datePublished\":\"2021-10-19T13:19:00+00:00\",\"description\":\"gShift: recensione software per influencer marketing aiuta i brand e le agenzie a comprendere e migliorare l'impatto dei contenuti.\",\"breadcrumb\":{\"@id\":\"https:\\\/\\\/www.accuratereviews.com\\\/it\\\/piattaforme-influencer-marketing\\\/gshift-recensione\\\/#breadcrumb\"},\"inLanguage\":\"it-IT\",\"potentialAction\":[{\"@type\":\"ReadAction\",\"target\":[\"https:\\\/\\\/www.accuratereviews.com\\\/it\\\/piattaforme-influencer-marketing\\\/gshift-recensione\\\/\"]}]},{\"@type\":\"ImageObject\",\"inLanguage\":\"it-IT\",\"@id\":\"https:\\\/\\\/www.accuratereviews.com\\\/it\\\/piattaforme-influencer-marketing\\\/gshift-recensione\\\/#primaryimage\",\"url\":\"https:\\\/\\\/www.accuratereviews.com\\\/wp-content\\\/uploads\\\/2021\\\/10\\\/gShift.jpeg\",\"contentUrl\":\"https:\\\/\\\/www.accuratereviews.com\\\/wp-content\\\/uploads\\\/2021\\\/10\\\/gShift.jpeg\",\"width\":820,\"height\":380},{\"@type\":\"BreadcrumbList\",\"@id\":\"https:\\\/\\\/www.accuratereviews.com\\\/it\\\/piattaforme-influencer-marketing\\\/gshift-recensione\\\/#breadcrumb\",\"itemListElement\":[{\"@type\":\"ListItem\",\"position\":1,\"name\":\"Home\",\"item\":\"https:\\\/\\\/www.accuratereviews.com\\\/it\\\/\"},{\"@type\":\"ListItem\",\"position\":2,\"name\":\"Piattaforme per influencer marketing\",\"item\":\"https:\\\/\\\/www.accuratereviews.com\\\/it\\\/piattaforme-influencer-marketing\\\/\"},{\"@type\":\"ListItem\",\"position\":3,\"name\":\"gShift\"}]},{\"@type\":\"WebSite\",\"@id\":\"https:\\\/\\\/www.accuratereviews.com\\\/it\\\/#website\",\"url\":\"https:\\\/\\\/www.accuratereviews.com\\\/it\\\/\",\"name\":\"Accurate Reviews\",\"description\":\"\",\"potentialAction\":[{\"@type\":\"SearchAction\",\"target\":{\"@type\":\"EntryPoint\",\"urlTemplate\":\"https:\\\/\\\/www.accuratereviews.com\\\/it\\\/?s={search_term_string}\"},\"query-input\":{\"@type\":\"PropertyValueSpecification\",\"valueRequired\":true,\"valueName\":\"search_term_string\"}}],\"inLanguage\":\"it-IT\"}]}<\/script>\n<!-- \/ Yoast SEO plugin. -->","yoast_head_json":{"title":"gShift: recensione software influencer marketing - Accurate Reviews","description":"gShift: recensione software per influencer marketing aiuta i brand e le agenzie a comprendere e migliorare l'impatto dei contenuti.","robots":{"index":"index","follow":"follow","max-snippet":"max-snippet:-1","max-image-preview":"max-image-preview:large","max-video-preview":"max-video-preview:-1"},"canonical":"https:\/\/www.accuratereviews.com\/it\/piattaforme-influencer-marketing\/gshift-recensione\/","og_locale":"it_IT","og_type":"article","og_title":"gShift: recensione software influencer marketing - Accurate Reviews","og_description":"gShift: recensione software per influencer marketing aiuta i brand e le agenzie a comprendere e migliorare l'impatto dei contenuti.","og_url":"https:\/\/www.accuratereviews.com\/it\/piattaforme-influencer-marketing\/gshift-recensione\/","og_site_name":"Accurate Reviews","og_image":[{"width":820,"height":380,"url":"https:\/\/www.accuratereviews.com\/wp-content\/uploads\/2021\/10\/gShift.jpeg","type":"image\/jpeg"}],"twitter_card":"summary_large_image","twitter_misc":{"Tempo di lettura stimato":"3 minuti"},"schema":{"@context":"https:\/\/schema.org","@graph":[{"@type":"WebPage","@id":"https:\/\/www.accuratereviews.com\/it\/piattaforme-influencer-marketing\/gshift-recensione\/","url":"https:\/\/www.accuratereviews.com\/it\/piattaforme-influencer-marketing\/gshift-recensione\/","name":"gShift: recensione software influencer marketing - Accurate Reviews","isPartOf":{"@id":"https:\/\/www.accuratereviews.com\/it\/#website"},"primaryImageOfPage":{"@id":"https:\/\/www.accuratereviews.com\/it\/piattaforme-influencer-marketing\/gshift-recensione\/#primaryimage"},"image":{"@id":"https:\/\/www.accuratereviews.com\/it\/piattaforme-influencer-marketing\/gshift-recensione\/#primaryimage"},"thumbnailUrl":"https:\/\/www.accuratereviews.com\/wp-content\/uploads\/2021\/10\/gShift.jpeg","datePublished":"2021-10-19T13:19:00+00:00","description":"gShift: recensione software per influencer marketing aiuta i brand e le agenzie a comprendere e migliorare l'impatto dei contenuti.","breadcrumb":{"@id":"https:\/\/www.accuratereviews.com\/it\/piattaforme-influencer-marketing\/gshift-recensione\/#breadcrumb"},"inLanguage":"it-IT","potentialAction":[{"@type":"ReadAction","target":["https:\/\/www.accuratereviews.com\/it\/piattaforme-influencer-marketing\/gshift-recensione\/"]}]},{"@type":"ImageObject","inLanguage":"it-IT","@id":"https:\/\/www.accuratereviews.com\/it\/piattaforme-influencer-marketing\/gshift-recensione\/#primaryimage","url":"https:\/\/www.accuratereviews.com\/wp-content\/uploads\/2021\/10\/gShift.jpeg","contentUrl":"https:\/\/www.accuratereviews.com\/wp-content\/uploads\/2021\/10\/gShift.jpeg","width":820,"height":380},{"@type":"BreadcrumbList","@id":"https:\/\/www.accuratereviews.com\/it\/piattaforme-influencer-marketing\/gshift-recensione\/#breadcrumb","itemListElement":[{"@type":"ListItem","position":1,"name":"Home","item":"https:\/\/www.accuratereviews.com\/it\/"},{"@type":"ListItem","position":2,"name":"Piattaforme per influencer marketing","item":"https:\/\/www.accuratereviews.com\/it\/piattaforme-influencer-marketing\/"},{"@type":"ListItem","position":3,"name":"gShift"}]},{"@type":"WebSite","@id":"https:\/\/www.accuratereviews.com\/it\/#website","url":"https:\/\/www.accuratereviews.com\/it\/","name":"Accurate Reviews","description":"","potentialAction":[{"@type":"SearchAction","target":{"@type":"EntryPoint","urlTemplate":"https:\/\/www.accuratereviews.com\/it\/?s={search_term_string}"},"query-input":{"@type":"PropertyValueSpecification","valueRequired":true,"valueName":"search_term_string"}}],"inLanguage":"it-IT"}]}},"_links":{"self":[{"href":"https:\/\/www.accuratereviews.com\/it\/wp-json\/wp\/v2\/pages\/48810","targetHints":{"allow":["GET"]}}],"collection":[{"href":"https:\/\/www.accuratereviews.com\/it\/wp-json\/wp\/v2\/pages"}],"about":[{"href":"https:\/\/www.accuratereviews.com\/it\/wp-json\/wp\/v2\/types\/page"}],"author":[{"embeddable":true,"href":"https:\/\/www.accuratereviews.com\/it\/wp-json\/wp\/v2\/users\/16"}],"replies":[{"embeddable":true,"href":"https:\/\/www.accuratereviews.com\/it\/wp-json\/wp\/v2\/comments?post=48810"}],"version-history":[{"count":8,"href":"https:\/\/www.accuratereviews.com\/it\/wp-json\/wp\/v2\/pages\/48810\/revisions"}],"predecessor-version":[{"id":48841,"href":"https:\/\/www.accuratereviews.com\/it\/wp-json\/wp\/v2\/pages\/48810\/revisions\/48841"}],"up":[{"embeddable":true,"href":"https:\/\/www.accuratereviews.com\/it\/wp-json\/wp\/v2\/pages\/48041"}],"wp:featuredmedia":[{"embeddable":true,"href":"https:\/\/www.accuratereviews.com\/it\/wp-json\/wp\/v2\/media\/48811"}],"wp:attachment":[{"href":"https:\/\/www.accuratereviews.com\/it\/wp-json\/wp\/v2\/media?parent=48810"}],"wp:term":[{"taxonomy":"category","embeddable":true,"href":"https:\/\/www.accuratereviews.com\/it\/wp-json\/wp\/v2\/categories?post=48810"},{"taxonomy":"post_tag","embeddable":true,"href":"https:\/\/www.accuratereviews.com\/it\/wp-json\/wp\/v2\/tags?post=48810"},{"taxonomy":"features","embeddable":true,"href":"https:\/\/www.accuratereviews.com\/it\/wp-json\/wp\/v2\/features?post=48810"}],"curies":[{"name":"wp","href":"https:\/\/api.w.org\/{rel}","templated":true}]}}