{"id":48817,"date":"2021-10-19T13:06:20","date_gmt":"2021-10-19T13:06:20","guid":{"rendered":"https:\/\/www.accuratereviews.com\/?page_id=48817"},"modified":"2021-10-19T13:06:20","modified_gmt":"2021-10-19T13:06:20","slug":"intellifluence-recensione","status":"publish","type":"page","link":"https:\/\/www.accuratereviews.com\/it\/piattaforme-influencer-marketing\/intellifluence-recensione\/","title":{"rendered":"Intellifluence"},"content":{"rendered":"<p><strong>Intellifluence<\/strong> \u00e8 una <strong>soluzione per influencer marketing<\/strong> che aiuta a gestire la campagna pubblicitaria e\u00a0 che si occupa di vendite sui social, test dei prodotti pre-lancio, branding e SEO. Inoltre, il focus del canale comprende tutti i principali social network. Questi includono Facebook, Instagram, YouTube, Pinterest, LinkedIn, Twitch, TikTok e Twitter. I piani tariffari sono flessibili e scalabili e possono facilmente adattarsi alle tue esigenze specifiche.<\/p>\n<h2>INTELLIFLUENCE &#8211; TUTORIAL<\/h2>\n<p>Guradiamo come creare una campagna pubblicitaria con questo <strong>software per influencer marketing<\/strong>:<\/p>\n<div id=\"fluid-wrapper-counter-1\" class=\"g1-fluid-wrapper \" style=\"width:686px;\">\n<div style=\"padding-bottom:56.268221574344%;\"><iframe loading=\"lazy\" title=\"How to Create a Campaign\" width=\"686\" height=\"386\" src=\"https:\/\/www.youtube.com\/embed\/ahuRJl2dOg0?feature=oembed&amp;wmode=transparent&amp;autohide=1&amp;autoplay=0&amp;disablekb=0&amp;fs=1&amp;loop=0&amp;enablejsapi=1&amp;rel=0&amp;controls=2&amp;showinfo=0&amp;wmode=transparent&amp;autohide=2&amp;autoplay=0&amp;disablekb=0&amp;fs=1&amp;loop=0&amp;enablejsapi=1&amp;rel=0&amp;controls=2&amp;showinfo=1\" frameborder=\"0\" allow=\"accelerometer; autoplay; clipboard-write; encrypted-media; gyroscope; picture-in-picture\" allowfullscreen><\/iframe><\/div>\n<\/div>\n<h3>INTELLIFLUENCE &#8211; CARATTERISTICHE<\/h3>\n<ul>\n<li><strong>Nessun contratto a lungo termine<\/strong>: goditi la tranquillit\u00e0 sapendo che non ci sono mai impegni lunghi, budget o spese minime<\/li>\n<li><strong>Una soluzione all-in-one<\/strong>: influencer discovery, pagamenti e strumenti di messaggistica integrati in modo da non dover mai uscire dalla piattaforma<\/li>\n<li><strong>Incredibile ROI<\/strong>: massimizza il tuo budget con il miglior rapporto dollaro\/reale influencer del settore<\/li>\n<li><strong>Pagamenti semplici e sicuri<\/strong>: compensa facilmente gli influencer utilizzando Intellifluence Payments, il servizio che garantisce che tutto il lavoro sia completato<\/li>\n<li><strong>Oltre 100.000 creator in attesa di collaborare con te<\/strong>: progetta offerte pubbliche a cui i candidati qualificati possono fare domanda mentre contemporaneamente trovi e proponi altri creator utilizzando lo strumento Scopri<\/li>\n<li><strong>Controlla tutto all&#8217;interno della dashboard della tua azienda<\/strong>: crea campagne, rimani aggiornato sui messaggi e completa le transazioni con facilit\u00e0 utilizzando la piattaforma di marketing di influencer potente ma intuitiva.<\/li>\n<\/ul>\n<h4>LE RECENSIONE DEGLI UTENTI<\/h4>\n<p class=\"font-weight-bold mb-1 d-flex align-items-center\"><strong>Beaton M.&#8221;Intellifluence dove gli influencer incontrano i brand&#8221;<\/strong><\/p>\n<p><strong>Commenti: <\/strong>Come influencer alla ricerca di concerti freelance, Intellifluence mi ha associato a marchi che hanno pagato per i miei servizi.<\/p>\n<p><strong>Pro: <\/strong>Intellifluence ha una garanzia sul lavoro svolto attraverso la sua agenzia, dando protezione sia all&#8217;influencer che al brand per una campagna.<\/p>\n<p><strong>Contro: <\/strong>Il tempo necessario per un pagamento \u00e8 un po &#8216;lungo ma anche perch\u00e9 il lavoro svolto passa attraverso una fase di revisione e il pagamento avviene dopo 15 giorni .. e paga solo dopo aver superato l&#8217;importo soglia.<\/p>\n<p class=\"font-weight-bold mb-1 d-flex align-items-center\"><strong>Jean bertin C.&#8221;Il mio timore per l&#8217;Influencer Marking non si \u00e8 avverato con questo strumento&#8221;<\/strong><\/p>\n<p><strong>Commenti: <\/strong>Nel complesso, \u00e8 una buona idea in generale affrontare le grandi masse oscure di piccoli vlogger occasionali, ma il tasso di risposta \u00e8 basso. Pagare i vlogger in anticipo sembra irragionevole quando non hanno ancora confermato l&#8217;incarico n\u00e9 pubblicato nulla. Ha bisogno di molti miglioramenti per renderlo uno strumento meraviglioso.<\/p>\n<p><strong>Pro: <\/strong>Non mi piace dare recensioni negative poich\u00e9 penso che ogni azienda meriti incoraggiamento, specialmente le startup che sono difficili. Ma con questo Intellifluence, \u00e8 diverso. Approvo l&#8217;idea di questo strumento ed \u00e8 per questo che ho subito firmato per il loro affare Appsumo. Il primo motivo \u00e8 perch\u00e9 tutti conosciamo l&#8217;importanza di un buon influencer, ma non \u00e8 sempre facile trovarne uno. Intellifluence mira ad essere il tuo sportello unico per il marketing degli influencer. Trova e crea campagne per influencer e fornisci loro tutti gli strumenti di cui hanno bisogno. Finora la mia esperienza con questa app non \u00e8 stata eccezionale. Penso che chiunque farebbe bene a starne alla larga perch\u00e9 ci sono cos\u00ec tanti influencer che non sono affidabili. Ad ogni modo, un post ottiene solo pochissimi impegni. Il ritorno sugli investimenti \u00e8 molto molto scarso. Forse non sono un esperto quando si tratta di influencer marketing, ma qui c&#8217;\u00e8 qualcosa di sbagliato che deve essere risolto.<\/p>\n<p><strong>Contro: <\/strong>Ero cos\u00ec eccitato perch\u00e9 l&#8217;idea \u00e8 cos\u00ec buona, ma quando ho sfogliato gli influencer per trovare qualcuno perfetto per la nostra campagna, sono rimasto deluso. Come ho gi\u00e0 detto, sembra che la maggior parte di loro siano &#8220;falsi influencer&#8221; e con cos\u00ec tante persone che utilizzano la piattaforma, \u00e8 difficile trovare quelli autentici. Spero che il team dietro metta in atto un sistema per filtrare tutti i falsi influencer. \u00c8 necessario implementare processi che promuovano la fiducia<\/p>\n","protected":false},"excerpt":{"rendered":"<p>Intellifluence \u00e8 una soluzione per influencer marketing che aiuta a gestire la campagna pubblicitaria che copre tutto, dalle vendite sui social, ai test dei prodotti pre-lancio, al branding e alla SEO. Inoltre, il focus del canale comprende tutti i principali social network.<\/p>\n","protected":false},"author":16,"featured_media":48818,"parent":48041,"menu_order":0,"comment_status":"open","ping_status":"closed","template":"g1_template_page_review_new.php","meta":{"_acf_changed":false,"cwp_meta_box_check":"Yes","cwp_rev_product_name":"","cwp_rev_product_image":"","wppr_links":[],"cwp_rev_price":"","wppr_options":[],"wppr_pros":[],"wppr_cons":[],"_monsterinsights_skip_tracking":false,"_monsterinsights_sitenote_active":false,"_monsterinsights_sitenote_note":"","_monsterinsights_sitenote_category":0,"footnotes":""},"categories":[11175],"tags":[4149,11278,11191,11189,11181,11192],"features":[],"class_list":{"0":"post-48817","1":"page","2":"type-page","3":"status-publish","4":"has-post-thumbnail","6":"category-piattaforme-per-influencer-marketing","7":"tag-influencer-marketing-it","8":"tag-intellifluence","9":"tag-piattaforma-per-influencer-marketing","10":"tag-programma-per-influencer-marketing","11":"tag-software-per-influencer-marketing","12":"tag-soluzione-per-influencer-marketing"},"wppr_data":{"cwp_meta_box_check":"Yes","cwp_rev_product_name":"","cwp_rev_product_image":"","cwp_image_link":"image","cwp_rev_price":"","wppr_rating":"0.00"},"acf":[],"yoast_head":"<!-- This site is optimized with the Yoast SEO plugin v27.4 - https:\/\/yoast.com\/product\/yoast-seo-wordpress\/ -->\n<title>Intellifluence: recensione software influencer marketing - Accurate Reviews<\/title>\n<meta name=\"description\" content=\"Intellifluence: recensione soluzione per influencer marketing che aiuta a gestire la campagna pubblicitaria, compresi i principali social.\" \/>\n<meta name=\"robots\" content=\"index, follow, max-snippet:-1, max-image-preview:large, max-video-preview:-1\" \/>\n<link rel=\"canonical\" href=\"https:\/\/www.accuratereviews.com\/it\/piattaforme-influencer-marketing\/intellifluence-recensione\/\" \/>\n<meta property=\"og:locale\" content=\"it_IT\" \/>\n<meta property=\"og:type\" content=\"article\" \/>\n<meta property=\"og:title\" content=\"Intellifluence: recensione software influencer marketing - Accurate Reviews\" \/>\n<meta property=\"og:description\" content=\"Intellifluence: recensione soluzione per influencer marketing che aiuta a gestire la campagna pubblicitaria, compresi i principali social.\" \/>\n<meta property=\"og:url\" content=\"https:\/\/www.accuratereviews.com\/it\/piattaforme-influencer-marketing\/intellifluence-recensione\/\" \/>\n<meta property=\"og:site_name\" content=\"Accurate Reviews\" \/>\n<meta property=\"og:image\" content=\"https:\/\/www.accuratereviews.com\/wp-content\/uploads\/2021\/10\/intellifluence.png\" \/>\n\t<meta property=\"og:image:width\" content=\"400\" \/>\n\t<meta property=\"og:image:height\" content=\"400\" \/>\n\t<meta property=\"og:image:type\" content=\"image\/png\" \/>\n<meta name=\"twitter:card\" content=\"summary_large_image\" \/>\n<meta name=\"twitter:label1\" content=\"Tempo di lettura stimato\" \/>\n\t<meta name=\"twitter:data1\" content=\"3 minuti\" \/>\n<script type=\"application\/ld+json\" class=\"yoast-schema-graph\">{\"@context\":\"https:\\\/\\\/schema.org\",\"@graph\":[{\"@type\":\"WebPage\",\"@id\":\"https:\\\/\\\/www.accuratereviews.com\\\/it\\\/piattaforme-influencer-marketing\\\/intellifluence-recensione\\\/\",\"url\":\"https:\\\/\\\/www.accuratereviews.com\\\/it\\\/piattaforme-influencer-marketing\\\/intellifluence-recensione\\\/\",\"name\":\"Intellifluence: recensione software influencer marketing - Accurate Reviews\",\"isPartOf\":{\"@id\":\"https:\\\/\\\/www.accuratereviews.com\\\/it\\\/#website\"},\"primaryImageOfPage\":{\"@id\":\"https:\\\/\\\/www.accuratereviews.com\\\/it\\\/piattaforme-influencer-marketing\\\/intellifluence-recensione\\\/#primaryimage\"},\"image\":{\"@id\":\"https:\\\/\\\/www.accuratereviews.com\\\/it\\\/piattaforme-influencer-marketing\\\/intellifluence-recensione\\\/#primaryimage\"},\"thumbnailUrl\":\"https:\\\/\\\/www.accuratereviews.com\\\/wp-content\\\/uploads\\\/2021\\\/10\\\/intellifluence.png\",\"datePublished\":\"2021-10-19T13:06:20+00:00\",\"description\":\"Intellifluence: recensione soluzione per influencer marketing che aiuta a gestire la campagna pubblicitaria, compresi i principali social.\",\"breadcrumb\":{\"@id\":\"https:\\\/\\\/www.accuratereviews.com\\\/it\\\/piattaforme-influencer-marketing\\\/intellifluence-recensione\\\/#breadcrumb\"},\"inLanguage\":\"it-IT\",\"potentialAction\":[{\"@type\":\"ReadAction\",\"target\":[\"https:\\\/\\\/www.accuratereviews.com\\\/it\\\/piattaforme-influencer-marketing\\\/intellifluence-recensione\\\/\"]}]},{\"@type\":\"ImageObject\",\"inLanguage\":\"it-IT\",\"@id\":\"https:\\\/\\\/www.accuratereviews.com\\\/it\\\/piattaforme-influencer-marketing\\\/intellifluence-recensione\\\/#primaryimage\",\"url\":\"https:\\\/\\\/www.accuratereviews.com\\\/wp-content\\\/uploads\\\/2021\\\/10\\\/intellifluence.png\",\"contentUrl\":\"https:\\\/\\\/www.accuratereviews.com\\\/wp-content\\\/uploads\\\/2021\\\/10\\\/intellifluence.png\",\"width\":400,\"height\":400},{\"@type\":\"BreadcrumbList\",\"@id\":\"https:\\\/\\\/www.accuratereviews.com\\\/it\\\/piattaforme-influencer-marketing\\\/intellifluence-recensione\\\/#breadcrumb\",\"itemListElement\":[{\"@type\":\"ListItem\",\"position\":1,\"name\":\"Home\",\"item\":\"https:\\\/\\\/www.accuratereviews.com\\\/it\\\/\"},{\"@type\":\"ListItem\",\"position\":2,\"name\":\"Piattaforme per influencer marketing\",\"item\":\"https:\\\/\\\/www.accuratereviews.com\\\/it\\\/piattaforme-influencer-marketing\\\/\"},{\"@type\":\"ListItem\",\"position\":3,\"name\":\"Intellifluence\"}]},{\"@type\":\"WebSite\",\"@id\":\"https:\\\/\\\/www.accuratereviews.com\\\/it\\\/#website\",\"url\":\"https:\\\/\\\/www.accuratereviews.com\\\/it\\\/\",\"name\":\"Accurate Reviews\",\"description\":\"\",\"potentialAction\":[{\"@type\":\"SearchAction\",\"target\":{\"@type\":\"EntryPoint\",\"urlTemplate\":\"https:\\\/\\\/www.accuratereviews.com\\\/it\\\/?s={search_term_string}\"},\"query-input\":{\"@type\":\"PropertyValueSpecification\",\"valueRequired\":true,\"valueName\":\"search_term_string\"}}],\"inLanguage\":\"it-IT\"}]}<\/script>\n<!-- \/ Yoast SEO plugin. -->","yoast_head_json":{"title":"Intellifluence: recensione software influencer marketing - Accurate Reviews","description":"Intellifluence: recensione soluzione per influencer marketing che aiuta a gestire la campagna pubblicitaria, compresi i principali social.","robots":{"index":"index","follow":"follow","max-snippet":"max-snippet:-1","max-image-preview":"max-image-preview:large","max-video-preview":"max-video-preview:-1"},"canonical":"https:\/\/www.accuratereviews.com\/it\/piattaforme-influencer-marketing\/intellifluence-recensione\/","og_locale":"it_IT","og_type":"article","og_title":"Intellifluence: recensione software influencer marketing - Accurate Reviews","og_description":"Intellifluence: recensione soluzione per influencer marketing che aiuta a gestire la campagna pubblicitaria, compresi i principali social.","og_url":"https:\/\/www.accuratereviews.com\/it\/piattaforme-influencer-marketing\/intellifluence-recensione\/","og_site_name":"Accurate Reviews","og_image":[{"width":400,"height":400,"url":"https:\/\/www.accuratereviews.com\/wp-content\/uploads\/2021\/10\/intellifluence.png","type":"image\/png"}],"twitter_card":"summary_large_image","twitter_misc":{"Tempo di lettura stimato":"3 minuti"},"schema":{"@context":"https:\/\/schema.org","@graph":[{"@type":"WebPage","@id":"https:\/\/www.accuratereviews.com\/it\/piattaforme-influencer-marketing\/intellifluence-recensione\/","url":"https:\/\/www.accuratereviews.com\/it\/piattaforme-influencer-marketing\/intellifluence-recensione\/","name":"Intellifluence: recensione software influencer marketing - Accurate Reviews","isPartOf":{"@id":"https:\/\/www.accuratereviews.com\/it\/#website"},"primaryImageOfPage":{"@id":"https:\/\/www.accuratereviews.com\/it\/piattaforme-influencer-marketing\/intellifluence-recensione\/#primaryimage"},"image":{"@id":"https:\/\/www.accuratereviews.com\/it\/piattaforme-influencer-marketing\/intellifluence-recensione\/#primaryimage"},"thumbnailUrl":"https:\/\/www.accuratereviews.com\/wp-content\/uploads\/2021\/10\/intellifluence.png","datePublished":"2021-10-19T13:06:20+00:00","description":"Intellifluence: recensione soluzione per influencer marketing che aiuta a gestire la campagna pubblicitaria, compresi i principali social.","breadcrumb":{"@id":"https:\/\/www.accuratereviews.com\/it\/piattaforme-influencer-marketing\/intellifluence-recensione\/#breadcrumb"},"inLanguage":"it-IT","potentialAction":[{"@type":"ReadAction","target":["https:\/\/www.accuratereviews.com\/it\/piattaforme-influencer-marketing\/intellifluence-recensione\/"]}]},{"@type":"ImageObject","inLanguage":"it-IT","@id":"https:\/\/www.accuratereviews.com\/it\/piattaforme-influencer-marketing\/intellifluence-recensione\/#primaryimage","url":"https:\/\/www.accuratereviews.com\/wp-content\/uploads\/2021\/10\/intellifluence.png","contentUrl":"https:\/\/www.accuratereviews.com\/wp-content\/uploads\/2021\/10\/intellifluence.png","width":400,"height":400},{"@type":"BreadcrumbList","@id":"https:\/\/www.accuratereviews.com\/it\/piattaforme-influencer-marketing\/intellifluence-recensione\/#breadcrumb","itemListElement":[{"@type":"ListItem","position":1,"name":"Home","item":"https:\/\/www.accuratereviews.com\/it\/"},{"@type":"ListItem","position":2,"name":"Piattaforme per influencer marketing","item":"https:\/\/www.accuratereviews.com\/it\/piattaforme-influencer-marketing\/"},{"@type":"ListItem","position":3,"name":"Intellifluence"}]},{"@type":"WebSite","@id":"https:\/\/www.accuratereviews.com\/it\/#website","url":"https:\/\/www.accuratereviews.com\/it\/","name":"Accurate Reviews","description":"","potentialAction":[{"@type":"SearchAction","target":{"@type":"EntryPoint","urlTemplate":"https:\/\/www.accuratereviews.com\/it\/?s={search_term_string}"},"query-input":{"@type":"PropertyValueSpecification","valueRequired":true,"valueName":"search_term_string"}}],"inLanguage":"it-IT"}]}},"_links":{"self":[{"href":"https:\/\/www.accuratereviews.com\/it\/wp-json\/wp\/v2\/pages\/48817","targetHints":{"allow":["GET"]}}],"collection":[{"href":"https:\/\/www.accuratereviews.com\/it\/wp-json\/wp\/v2\/pages"}],"about":[{"href":"https:\/\/www.accuratereviews.com\/it\/wp-json\/wp\/v2\/types\/page"}],"author":[{"embeddable":true,"href":"https:\/\/www.accuratereviews.com\/it\/wp-json\/wp\/v2\/users\/16"}],"replies":[{"embeddable":true,"href":"https:\/\/www.accuratereviews.com\/it\/wp-json\/wp\/v2\/comments?post=48817"}],"version-history":[{"count":12,"href":"https:\/\/www.accuratereviews.com\/it\/wp-json\/wp\/v2\/pages\/48817\/revisions"}],"predecessor-version":[{"id":48839,"href":"https:\/\/www.accuratereviews.com\/it\/wp-json\/wp\/v2\/pages\/48817\/revisions\/48839"}],"up":[{"embeddable":true,"href":"https:\/\/www.accuratereviews.com\/it\/wp-json\/wp\/v2\/pages\/48041"}],"wp:featuredmedia":[{"embeddable":true,"href":"https:\/\/www.accuratereviews.com\/it\/wp-json\/wp\/v2\/media\/48818"}],"wp:attachment":[{"href":"https:\/\/www.accuratereviews.com\/it\/wp-json\/wp\/v2\/media?parent=48817"}],"wp:term":[{"taxonomy":"category","embeddable":true,"href":"https:\/\/www.accuratereviews.com\/it\/wp-json\/wp\/v2\/categories?post=48817"},{"taxonomy":"post_tag","embeddable":true,"href":"https:\/\/www.accuratereviews.com\/it\/wp-json\/wp\/v2\/tags?post=48817"},{"taxonomy":"features","embeddable":true,"href":"https:\/\/www.accuratereviews.com\/it\/wp-json\/wp\/v2\/features?post=48817"}],"curies":[{"name":"wp","href":"https:\/\/api.w.org\/{rel}","templated":true}]}}