{"id":48846,"date":"2021-10-20T12:02:35","date_gmt":"2021-10-20T12:02:35","guid":{"rendered":"https:\/\/www.accuratereviews.com\/?page_id=48846"},"modified":"2021-10-20T12:03:04","modified_gmt":"2021-10-20T12:03:04","slug":"brandchamp-recensione","status":"publish","type":"page","link":"https:\/\/www.accuratereviews.com\/it\/piattaforme-influencer-marketing\/brandchamp-recensione\/","title":{"rendered":"BrandChamp"},"content":{"rendered":"<p><strong>BrandChamp<\/strong> \u00e8 una delle principali<strong> piattaforme di marketing<\/strong> per l&#8217;automazione e il ridimensionamento dei programmi di influencer e affiliati. La soluzione \u00e8 principalmente un software di marketing relazionale poich\u00e9 il suo obiettivo \u00e8 costruire buone relazioni tra il brand e i suoi influencer. Questa relazione porta a maggiori vendite, maggiore consapevolezza del brand e coinvolgimento sui social. Con una sola piattaforma, puoi reclutare, creare campagne, monitorare le prestazioni ed emettere premi. Inoltre, puoi utilizzare i tag per segmentare i tuoi partecipanti per campagne mirate. Un&#8217;altra caratteristica fondamentale di <strong>BrandChamp<\/strong> \u00e8 la sua integrazione in Shopify, WooCommerce, Amazon e Google Analytics, al fine di controllare le vendite di riferimento tramite cookie, link e codici sconto.<\/p>\n<h2>BRANDCHAMP &#8211; TUTORIAL<\/h2>\n<p>Il tutorial ti insegna come impostare questa <strong>piattaforma per influencer marketing<\/strong>:<\/p>\n<div id=\"fluid-wrapper-counter-1\" class=\"g1-fluid-wrapper \" style=\"width:686px;\">\n<div style=\"padding-bottom:56.268221574344%;\"><iframe loading=\"lazy\" title=\"BrandChamp Settings\" width=\"686\" height=\"386\" src=\"https:\/\/www.youtube.com\/embed\/NU1YzgwrmV8?feature=oembed&amp;wmode=transparent&amp;autohide=1&amp;autoplay=0&amp;disablekb=0&amp;fs=1&amp;loop=0&amp;enablejsapi=1&amp;rel=0&amp;controls=2&amp;showinfo=0&amp;wmode=transparent&amp;autohide=2&amp;autoplay=0&amp;disablekb=0&amp;fs=1&amp;loop=0&amp;enablejsapi=1&amp;rel=0&amp;controls=2&amp;showinfo=1\" frameborder=\"0\" allow=\"accelerometer; autoplay; clipboard-write; encrypted-media; gyroscope; picture-in-picture\" allowfullscreen><\/iframe><\/div>\n<\/div>\n<h3>BRANDCHAMP &#8211; CARATTERISTICHE<\/h3>\n<ul>\n<li><strong>Aumenta le vendite con il monitoraggio dei referral<\/strong>: tieni traccia e gestisci facilmente le vendite di riferimento utilizzando collegamenti e codici sconto sul tuo negozio e Amazon<\/li>\n<li><strong>Distinguiti con i social<\/strong>: genera preziosi contenuti creati dagli utenti con l&#8217;aiuto degli influencer per aumentare le conversioni<\/li>\n<li><strong>Promuovi il coinvolgimento e la copertura sui social media:<\/strong> mobilita gli influencer per taggare il tuo marchio e partecipare alle campagne di marketing sui social<\/li>\n<li><strong>Costruisci una migliore esperienza del cliente<\/strong>: premia gli ambasciatori con una serie di premi che combinano prodotti gratuiti, sconti, carte regalo e pagamenti in contanti<\/li>\n<li><strong>Messaggi di posta elettronica<\/strong>: invia newsletter e messaggi personalizzati agli influencer<\/li>\n<li><strong>Analisi e rapporti<\/strong>: rivedi analisi dettagliate con la possibilit\u00e0 di vedere cosa sta facendo ogni influencer<\/li>\n<li><strong>Link di riferimento personalizzati:<\/strong> crea pi\u00f9 link di riferimento per il tuo negozio, campagne, collezioni e prodotti<\/li>\n<li><strong>Pagamento cumulativo PayPal<\/strong>: invia pagamenti in contanti con il clic di un pulsante utilizzando PayPal Mass Pay<\/li>\n<li><strong>Segmento con tag<\/strong>: organizza gli ambasciatori in segmenti unici a cui puoi rivolgerti con attivit\u00e0, premi ed email<\/li>\n<\/ul>\n<h4>LE RECENSIONI DEGLI UTENTI<\/h4>\n<p class=\"font-weight-bold mb-1 d-flex align-items-center\"><strong>Shannon M.&#8221;Recensione di Brandchamp di Anupaya&#8221;<\/strong><\/p>\n<p><strong>Commenti: <\/strong>\u00c8 solo che lo amo. Ho gestito un programma di ambasciatori da solo prima ed era insano. Ero cos\u00ec sopraffatto e perdevo la concentrazione. Ora, mi sento come se ci fossi sopra, \u00e8 legittimo e tutto scorre magnificamente. Di gran lunga una delle migliori decisioni che abbiamo preso per la nostra azienda. Inoltre, adoro Kyle. Il sistema di supporto \u00e8 incredibile. Mi sento trattenuto e guidato e come se non fossi solo. Posso mandare idee e ottenere il suo feedback e il suo SOOOO utile. Sono profondamente grato.<\/p>\n<p><strong>Pro: <\/strong>Rende la nostra ambasciatrice cos\u00ec semplice. \u00c8 fluido, facile e divertente. Dopo una configurazione iniziale, il lavoro \u00e8 finito per me, il che \u00e8 davvero utile e di cui sono profondamente grato.<\/p>\n<p><strong>Contro: <\/strong>I consumatori vorrebbero incassare una serie di premi insieme e questo non \u00e8 possibile.\u00a0Capisco perch\u00e9 \u00e8 impostato in questo modo, ma aiuterebbe le persone a risparmiare sulla spedizione e i marchi a utilizzare meno risorse per spedire pi\u00f9 ordini insieme.<\/p>\n<p class=\"font-weight-bold mb-1 d-flex align-items-center\"><strong>Shannon L.&#8221;BrandChamp \u00e8 una soluzione di gestione degli ambasciatori del marchio unica nel suo genere&#8221;<\/strong><\/p>\n<p><strong>Commenti: <\/strong>Nel complesso, troviamo che Brand Champ offre automazioni uniche a un ottimo prezzo che ci consente di gestire e scalare il nostro programma Ambassador in crescita. Il servizio clienti fornito per aiutarci ad affrontare eventuali problemi o dubbi \u00e8 di prim&#8217;ordine, efficiente, efficace e completato con un senso di urgenza. Il team di BrandChamp segue sempre per assicurarsi che tutto sia stato risolto. Apprezziamo il piccolo team e l&#8217;esperienza personale che otteniamo lavorando con il nostro rappresentante. \u00c8 oltremodo paziente con noi e fa di tutto per ascoltarci, sostenerci e fare tutto il possibile per aiutarci a soddisfarci e soddisfare le nostre esigenze specifiche. Siamo molto colpiti dalla politica della porta aperta del management di BrandChamp e dai continui sforzi per ascoltare e dare vita a nuove idee. Consigliamo vivamente questa piattaforma a chiunque cerchi una piattaforma per organizzare e coltivare la fedelt\u00e0 al marchio in un modo che sia reciprocamente vantaggioso sia per l&#8217;azienda che per i micro e nano influencer fedeli pi\u00f9 entusiasti.<\/p>\n<p><strong>Pro: <\/strong>Siamo grandi fan di BrandChamp prima di tutto perch\u00e9 offre un&#8217;esperienza utente unica per i nostri ambasciatori che non ha eguali in questo momento nel settore dell&#8217;influencer marketing. La funzione Ambassador Portal offre piena trasparenza ai nostri membri consentendo loro di accedere in qualsiasi momento per monitorare i loro progressi, partecipare ad attivit\u00e0 entusiasmanti e ottenere feedback sui loro contenuti. In generale, troviamo che la piattaforma sia molto intuitiva, con funzionalit\u00e0 semplici e facilit\u00e0 d&#8217;uso. Piuttosto che concentrarsi sul reclutamento, BrandChamp aiuta a gestire le reclute una volta che hanno deciso di impegnarsi. Un&#8217;altra caratteristica di punta che BrandChamp offre \u00e8 il sistema a punti. Mentre la maggior parte delle altre piattaforme offre solo opzioni di pagamento, BrandChamp offre unicamente un programma basato su commissione e un programma secondario basato su punti che consente agli ambasciatori di lavorare per premi in punti che possono essere salvati e utilizzati senza problemi per riscattare prodotti gratuiti tramite un&#8217;integrazione Shopify.<\/p>\n<p><strong>Contro: <\/strong>Sebbene pensiamo che BrandChamp offra un incredibile valore per il suo prezzo, ci sono alcune caratteristiche chiave che ci piacerebbe vedere aggiunte in futuro. Rispetto a piattaforme simili, Brand Champ non ha attualmente alcuna capacit\u00e0 di monitoraggio analitico social, qualcosa che riteniamo fondamentale per misurare il successo e la portata delle nostre varie campagne e del programma generale. Questa caratteristica potrebbe anche svolgere un ruolo chiave nel pre vagliare l&#8217;autenticit\u00e0 e la portata di ciascun richiedente prima di portarlo a bordo.Un&#8217;altra area che ci piacerebbe vedere sviluppata \u00e8 la capacit\u00e0 di comunicare in modo pi\u00f9 efficiente con i membri del nostro team, sia che si tratti di uno a uno o dell&#8217;intero team. Al di fuori della posta elettronica, non esistono altri canali di comunicazione, come notifiche push o \u201cbacheche\u201d. Questo pu\u00f2 rivelarsi difficile in situazioni sensibili al tempo. Oltre a ci\u00f2, abbiamo trovato la piattaforma integrata con il nostro sito Web basato su Shopify in modo abbastanza fluido. Abbiamo scoperto che il team di BrandChamp \u00e8 molto veloce nell&#8217;apportare modifiche in base al feedback che migliora immediatamente l&#8217;esperienza dell&#8217;amministratore e dell&#8217;utente.<\/p>\n","protected":false},"excerpt":{"rendered":"<p>BrandChamp \u00e8 una delle principali piattaforme di marketing per l&#8217;automazione e il ridimensionamento dei programmi di influencer e affiliati. La soluzione \u00e8 principalmente un software di marketing relazionale poich\u00e9 il suo obiettivo \u00e8 costruire buone relazioni tra il brand e i suoi influencer.<\/p>\n","protected":false},"author":16,"featured_media":48847,"parent":48041,"menu_order":0,"comment_status":"open","ping_status":"closed","template":"g1_template_page_review_new.php","meta":{"_acf_changed":false,"cwp_meta_box_check":"Yes","cwp_rev_product_name":"","cwp_rev_product_image":"","wppr_links":[],"cwp_rev_price":"","wppr_options":[],"wppr_pros":[],"wppr_cons":[],"_monsterinsights_skip_tracking":false,"_monsterinsights_sitenote_active":false,"_monsterinsights_sitenote_note":"","_monsterinsights_sitenote_category":0,"footnotes":""},"categories":[11175],"tags":[11283,4149,11191,11189,11181,11192],"features":[],"class_list":{"0":"post-48846","1":"page","2":"type-page","3":"status-publish","4":"has-post-thumbnail","6":"category-piattaforme-per-influencer-marketing","7":"tag-brandchamp","8":"tag-influencer-marketing-it","9":"tag-piattaforma-per-influencer-marketing","10":"tag-programma-per-influencer-marketing","11":"tag-software-per-influencer-marketing","12":"tag-soluzione-per-influencer-marketing"},"wppr_data":{"cwp_meta_box_check":"Yes","cwp_rev_product_name":"","cwp_rev_product_image":"","cwp_image_link":"image","cwp_rev_price":"","wppr_rating":"0.00"},"acf":[],"yoast_head":"<!-- This site is optimized with the Yoast SEO plugin v27.4 - https:\/\/yoast.com\/product\/yoast-seo-wordpress\/ -->\n<title>BrandChamp: recensione software influencer marketing Accurate Reviews<\/title>\n<meta name=\"description\" content=\"BrandChamp: recensione piattaforma di marketing per l&#039;automazione e il ridimensionamento dei programmi di influencer e affiliati.\" \/>\n<meta name=\"robots\" content=\"index, follow, max-snippet:-1, max-image-preview:large, max-video-preview:-1\" \/>\n<link rel=\"canonical\" href=\"https:\/\/www.accuratereviews.com\/it\/piattaforme-influencer-marketing\/brandchamp-recensione\/\" \/>\n<meta property=\"og:locale\" content=\"it_IT\" \/>\n<meta property=\"og:type\" content=\"article\" \/>\n<meta property=\"og:title\" content=\"BrandChamp: recensione software influencer marketing Accurate Reviews\" \/>\n<meta property=\"og:description\" content=\"BrandChamp: recensione piattaforma di marketing per l&#039;automazione e il ridimensionamento dei programmi di influencer e affiliati.\" \/>\n<meta property=\"og:url\" content=\"https:\/\/www.accuratereviews.com\/it\/piattaforme-influencer-marketing\/brandchamp-recensione\/\" \/>\n<meta property=\"og:site_name\" content=\"Accurate Reviews\" \/>\n<meta property=\"article:modified_time\" content=\"2021-10-20T12:03:04+00:00\" \/>\n<meta property=\"og:image\" content=\"https:\/\/www.accuratereviews.com\/wp-content\/uploads\/2021\/10\/BrandChamp.jpg\" \/>\n\t<meta property=\"og:image:width\" content=\"256\" \/>\n\t<meta property=\"og:image:height\" content=\"256\" \/>\n\t<meta property=\"og:image:type\" content=\"image\/jpeg\" \/>\n<meta name=\"twitter:card\" content=\"summary_large_image\" \/>\n<meta name=\"twitter:label1\" content=\"Tempo di lettura stimato\" \/>\n\t<meta name=\"twitter:data1\" content=\"5 minuti\" \/>\n<script type=\"application\/ld+json\" class=\"yoast-schema-graph\">{\"@context\":\"https:\\\/\\\/schema.org\",\"@graph\":[{\"@type\":\"WebPage\",\"@id\":\"https:\\\/\\\/www.accuratereviews.com\\\/it\\\/piattaforme-influencer-marketing\\\/brandchamp-recensione\\\/\",\"url\":\"https:\\\/\\\/www.accuratereviews.com\\\/it\\\/piattaforme-influencer-marketing\\\/brandchamp-recensione\\\/\",\"name\":\"BrandChamp: recensione software influencer marketing Accurate Reviews\",\"isPartOf\":{\"@id\":\"https:\\\/\\\/www.accuratereviews.com\\\/it\\\/#website\"},\"primaryImageOfPage\":{\"@id\":\"https:\\\/\\\/www.accuratereviews.com\\\/it\\\/piattaforme-influencer-marketing\\\/brandchamp-recensione\\\/#primaryimage\"},\"image\":{\"@id\":\"https:\\\/\\\/www.accuratereviews.com\\\/it\\\/piattaforme-influencer-marketing\\\/brandchamp-recensione\\\/#primaryimage\"},\"thumbnailUrl\":\"https:\\\/\\\/www.accuratereviews.com\\\/wp-content\\\/uploads\\\/2021\\\/10\\\/BrandChamp.jpg\",\"datePublished\":\"2021-10-20T12:02:35+00:00\",\"dateModified\":\"2021-10-20T12:03:04+00:00\",\"description\":\"BrandChamp: recensione piattaforma di marketing per l'automazione e il ridimensionamento dei programmi di influencer e affiliati.\",\"breadcrumb\":{\"@id\":\"https:\\\/\\\/www.accuratereviews.com\\\/it\\\/piattaforme-influencer-marketing\\\/brandchamp-recensione\\\/#breadcrumb\"},\"inLanguage\":\"it-IT\",\"potentialAction\":[{\"@type\":\"ReadAction\",\"target\":[\"https:\\\/\\\/www.accuratereviews.com\\\/it\\\/piattaforme-influencer-marketing\\\/brandchamp-recensione\\\/\"]}]},{\"@type\":\"ImageObject\",\"inLanguage\":\"it-IT\",\"@id\":\"https:\\\/\\\/www.accuratereviews.com\\\/it\\\/piattaforme-influencer-marketing\\\/brandchamp-recensione\\\/#primaryimage\",\"url\":\"https:\\\/\\\/www.accuratereviews.com\\\/wp-content\\\/uploads\\\/2021\\\/10\\\/BrandChamp.jpg\",\"contentUrl\":\"https:\\\/\\\/www.accuratereviews.com\\\/wp-content\\\/uploads\\\/2021\\\/10\\\/BrandChamp.jpg\",\"width\":256,\"height\":256},{\"@type\":\"BreadcrumbList\",\"@id\":\"https:\\\/\\\/www.accuratereviews.com\\\/it\\\/piattaforme-influencer-marketing\\\/brandchamp-recensione\\\/#breadcrumb\",\"itemListElement\":[{\"@type\":\"ListItem\",\"position\":1,\"name\":\"Home\",\"item\":\"https:\\\/\\\/www.accuratereviews.com\\\/it\\\/\"},{\"@type\":\"ListItem\",\"position\":2,\"name\":\"Piattaforme per influencer marketing\",\"item\":\"https:\\\/\\\/www.accuratereviews.com\\\/it\\\/piattaforme-influencer-marketing\\\/\"},{\"@type\":\"ListItem\",\"position\":3,\"name\":\"BrandChamp\"}]},{\"@type\":\"WebSite\",\"@id\":\"https:\\\/\\\/www.accuratereviews.com\\\/it\\\/#website\",\"url\":\"https:\\\/\\\/www.accuratereviews.com\\\/it\\\/\",\"name\":\"Accurate Reviews\",\"description\":\"\",\"potentialAction\":[{\"@type\":\"SearchAction\",\"target\":{\"@type\":\"EntryPoint\",\"urlTemplate\":\"https:\\\/\\\/www.accuratereviews.com\\\/it\\\/?s={search_term_string}\"},\"query-input\":{\"@type\":\"PropertyValueSpecification\",\"valueRequired\":true,\"valueName\":\"search_term_string\"}}],\"inLanguage\":\"it-IT\"}]}<\/script>\n<!-- \/ Yoast SEO plugin. -->","yoast_head_json":{"title":"BrandChamp: recensione software influencer marketing Accurate Reviews","description":"BrandChamp: recensione piattaforma di marketing per l'automazione e il ridimensionamento dei programmi di influencer e affiliati.","robots":{"index":"index","follow":"follow","max-snippet":"max-snippet:-1","max-image-preview":"max-image-preview:large","max-video-preview":"max-video-preview:-1"},"canonical":"https:\/\/www.accuratereviews.com\/it\/piattaforme-influencer-marketing\/brandchamp-recensione\/","og_locale":"it_IT","og_type":"article","og_title":"BrandChamp: recensione software influencer marketing Accurate Reviews","og_description":"BrandChamp: recensione piattaforma di marketing per l'automazione e il ridimensionamento dei programmi di influencer e affiliati.","og_url":"https:\/\/www.accuratereviews.com\/it\/piattaforme-influencer-marketing\/brandchamp-recensione\/","og_site_name":"Accurate Reviews","article_modified_time":"2021-10-20T12:03:04+00:00","og_image":[{"width":256,"height":256,"url":"https:\/\/www.accuratereviews.com\/wp-content\/uploads\/2021\/10\/BrandChamp.jpg","type":"image\/jpeg"}],"twitter_card":"summary_large_image","twitter_misc":{"Tempo di lettura stimato":"5 minuti"},"schema":{"@context":"https:\/\/schema.org","@graph":[{"@type":"WebPage","@id":"https:\/\/www.accuratereviews.com\/it\/piattaforme-influencer-marketing\/brandchamp-recensione\/","url":"https:\/\/www.accuratereviews.com\/it\/piattaforme-influencer-marketing\/brandchamp-recensione\/","name":"BrandChamp: recensione software influencer marketing Accurate Reviews","isPartOf":{"@id":"https:\/\/www.accuratereviews.com\/it\/#website"},"primaryImageOfPage":{"@id":"https:\/\/www.accuratereviews.com\/it\/piattaforme-influencer-marketing\/brandchamp-recensione\/#primaryimage"},"image":{"@id":"https:\/\/www.accuratereviews.com\/it\/piattaforme-influencer-marketing\/brandchamp-recensione\/#primaryimage"},"thumbnailUrl":"https:\/\/www.accuratereviews.com\/wp-content\/uploads\/2021\/10\/BrandChamp.jpg","datePublished":"2021-10-20T12:02:35+00:00","dateModified":"2021-10-20T12:03:04+00:00","description":"BrandChamp: recensione piattaforma di marketing per l'automazione e il ridimensionamento dei programmi di influencer e affiliati.","breadcrumb":{"@id":"https:\/\/www.accuratereviews.com\/it\/piattaforme-influencer-marketing\/brandchamp-recensione\/#breadcrumb"},"inLanguage":"it-IT","potentialAction":[{"@type":"ReadAction","target":["https:\/\/www.accuratereviews.com\/it\/piattaforme-influencer-marketing\/brandchamp-recensione\/"]}]},{"@type":"ImageObject","inLanguage":"it-IT","@id":"https:\/\/www.accuratereviews.com\/it\/piattaforme-influencer-marketing\/brandchamp-recensione\/#primaryimage","url":"https:\/\/www.accuratereviews.com\/wp-content\/uploads\/2021\/10\/BrandChamp.jpg","contentUrl":"https:\/\/www.accuratereviews.com\/wp-content\/uploads\/2021\/10\/BrandChamp.jpg","width":256,"height":256},{"@type":"BreadcrumbList","@id":"https:\/\/www.accuratereviews.com\/it\/piattaforme-influencer-marketing\/brandchamp-recensione\/#breadcrumb","itemListElement":[{"@type":"ListItem","position":1,"name":"Home","item":"https:\/\/www.accuratereviews.com\/it\/"},{"@type":"ListItem","position":2,"name":"Piattaforme per influencer marketing","item":"https:\/\/www.accuratereviews.com\/it\/piattaforme-influencer-marketing\/"},{"@type":"ListItem","position":3,"name":"BrandChamp"}]},{"@type":"WebSite","@id":"https:\/\/www.accuratereviews.com\/it\/#website","url":"https:\/\/www.accuratereviews.com\/it\/","name":"Accurate Reviews","description":"","potentialAction":[{"@type":"SearchAction","target":{"@type":"EntryPoint","urlTemplate":"https:\/\/www.accuratereviews.com\/it\/?s={search_term_string}"},"query-input":{"@type":"PropertyValueSpecification","valueRequired":true,"valueName":"search_term_string"}}],"inLanguage":"it-IT"}]}},"_links":{"self":[{"href":"https:\/\/www.accuratereviews.com\/it\/wp-json\/wp\/v2\/pages\/48846","targetHints":{"allow":["GET"]}}],"collection":[{"href":"https:\/\/www.accuratereviews.com\/it\/wp-json\/wp\/v2\/pages"}],"about":[{"href":"https:\/\/www.accuratereviews.com\/it\/wp-json\/wp\/v2\/types\/page"}],"author":[{"embeddable":true,"href":"https:\/\/www.accuratereviews.com\/it\/wp-json\/wp\/v2\/users\/16"}],"replies":[{"embeddable":true,"href":"https:\/\/www.accuratereviews.com\/it\/wp-json\/wp\/v2\/comments?post=48846"}],"version-history":[{"count":9,"href":"https:\/\/www.accuratereviews.com\/it\/wp-json\/wp\/v2\/pages\/48846\/revisions"}],"predecessor-version":[{"id":48877,"href":"https:\/\/www.accuratereviews.com\/it\/wp-json\/wp\/v2\/pages\/48846\/revisions\/48877"}],"up":[{"embeddable":true,"href":"https:\/\/www.accuratereviews.com\/it\/wp-json\/wp\/v2\/pages\/48041"}],"wp:featuredmedia":[{"embeddable":true,"href":"https:\/\/www.accuratereviews.com\/it\/wp-json\/wp\/v2\/media\/48847"}],"wp:attachment":[{"href":"https:\/\/www.accuratereviews.com\/it\/wp-json\/wp\/v2\/media?parent=48846"}],"wp:term":[{"taxonomy":"category","embeddable":true,"href":"https:\/\/www.accuratereviews.com\/it\/wp-json\/wp\/v2\/categories?post=48846"},{"taxonomy":"post_tag","embeddable":true,"href":"https:\/\/www.accuratereviews.com\/it\/wp-json\/wp\/v2\/tags?post=48846"},{"taxonomy":"features","embeddable":true,"href":"https:\/\/www.accuratereviews.com\/it\/wp-json\/wp\/v2\/features?post=48846"}],"curies":[{"name":"wp","href":"https:\/\/api.w.org\/{rel}","templated":true}]}}