{"id":48889,"date":"2021-10-21T10:47:13","date_gmt":"2021-10-21T10:47:13","guid":{"rendered":"https:\/\/www.accuratereviews.com\/?page_id=48889"},"modified":"2021-10-21T10:47:13","modified_gmt":"2021-10-21T10:47:13","slug":"opensponsorship-recensione","status":"publish","type":"page","link":"https:\/\/www.accuratereviews.com\/it\/piattaforme-influencer-marketing\/opensponsorship-recensione\/","title":{"rendered":"OpenSponsorship"},"content":{"rendered":"<p><strong>OpenSponsorship<\/strong> \u00e8 un <strong>software di marketing per influencer<\/strong>\u00a0progettato per aiutare le aziende del settore sportivo a connettersi con gli atleti per facilitare le campagne di marketing digitale. Gli amministratori possono utilizzare la funzionalit\u00e0 di ricerca per identificare e connettersi con il personale selezionato.\u00a0La piattaforma consente ai manager di pubblicizzare i requisiti del brand e condividere domande personalizzate con i team per selezionare gli atleti per le campagne pubblicitarie. I marketer possono condurre chiamate bisettimanali e sessioni strategiche e monitorare il tasso di interesse di diverse campagne.<strong> OpenSponsorship<\/strong> consente ai team leader di inviare proposte e comunicare con gli sportivi direttamente su un&#8217;interfaccia unificata. I supervisori possono anche trattenere i pagamenti in garanzia e generare fatture dopo aver trasferito l&#8217;importo.<\/p>\n<h2>OPENSPONSORSHIP &#8211; TUTORIAL<\/h2>\n<p>Il tutorial mostra\u00a0come creare una campagna come marchio passo per passo su questo <strong>software per influencer marketing<\/strong>:<\/p>\n<div id=\"fluid-wrapper-counter-1\" class=\"g1-fluid-wrapper \" style=\"width:686px;\">\n<div style=\"padding-bottom:56.268221574344%;\"><iframe loading=\"lazy\" title=\"How to Create a Campaign\" width=\"686\" height=\"386\" src=\"https:\/\/www.youtube.com\/embed\/dhQqFbwpgos?feature=oembed&amp;wmode=transparent&amp;autohide=1&amp;autoplay=0&amp;disablekb=0&amp;fs=1&amp;loop=0&amp;enablejsapi=1&amp;rel=0&amp;controls=2&amp;showinfo=0&amp;wmode=transparent&amp;autohide=2&amp;autoplay=0&amp;disablekb=0&amp;fs=1&amp;loop=0&amp;enablejsapi=1&amp;rel=0&amp;controls=2&amp;showinfo=1\" frameborder=\"0\" allow=\"accelerometer; autoplay; clipboard-write; encrypted-media; gyroscope; picture-in-picture\" allowfullscreen><\/iframe><\/div>\n<\/div>\n<h3>OPENSPONSORSHIP &#8211; CARATTERISTICHE<\/h3>\n<ul>\n<li><strong>Ricerca<\/strong>: utilizza lo strumento di ricerca pi\u00f9 completo del settore per trovare l&#8217;atleta che raggiunger\u00e0 tutti i tuoi obiettivi<\/li>\n<li><strong>Campagne<\/strong>: \u00e8 il modo pi\u00f9 rapido, efficiente e semplice per scoprire chi \u00e8 interessato a collaborare con il tuo brand. Pubblicizza il tuo brand a tutti i gli atleti, squadre e eventi<\/li>\n<li><strong>Profili personali<\/strong>: gli atleti e squadre completano i propri profili, dettagliando informazioni esclusive su interessi personali, tariffe e altri dettagli<\/li>\n<li><strong>Offerte<\/strong>: rendi ufficiale la tua partnership inviando un&#8217;offerta. Entrambe le parti hanno la possibilit\u00e0 di rivedere i termini prima di accettare ufficialmente<\/li>\n<li><strong>Fatture:<\/strong> paga l&#8217;atleta solo una volta che i tuoi <em>deliverable<\/em> sono stati completati e mantieni il pagamento in garanzia fino ad allora per proteggere tutte le parti<\/li>\n<li><strong>Approfondimenti<\/strong>: cerca i profili dei social media degli atleti in base a parole chiave specifiche del marchio per vedere se qualcuno sta gi\u00e0 parlando di te, confronta gli atleti per vedere chi \u00e8 il migliore.<\/li>\n<\/ul>\n<h4>LE RECENSIONI DEGLI UTENTI<\/h4>\n<p class=\"font-weight-bold mb-1 d-flex align-items-center\"><strong>Brandon C.&#8221;Recensione BC&#8221;<\/strong><\/p>\n<p><strong>Commenti: <\/strong>Nel complesso una parte integrante della nostra strategia di marketing.<\/p>\n<p><strong>Pro: <\/strong>Fammi sapere quali sono le aziende che stanno cercando di attivare con i clienti NBA. Risparmia un sacco di lavoro per indovinare chi ha soldi da spendere.<\/p>\n<p><strong>Contro: <\/strong>La commissione del 20% \u00e8 alta e ci fa trasferire i costi sui marchi con prezzi pi\u00f9 alti per gli atleti.<\/p>\n<p class=\"font-weight-bold mb-1 d-flex align-items-center\"><strong>Lauren C.&#8221;Un modo fantastico per connettersi con gli atleti&#8221;<\/strong><\/p>\n<p><strong>Commenti: <\/strong>Lavorare con loro \u00e8 fantastico. Sta facendo del loro meglio per consolidare gli affari.<\/p>\n<p><strong>Pro: <\/strong>Ottimo lavorare con un agente di OpenSponsorship per completare le offerte.\u00a0Grande offerta di atleti.\u00a0Piattaforma facile da usare<\/p>\n<p><strong>Contro: <\/strong>Non sono sicuro se gli atleti\/agenti si fidano\/rispettano pienamente OpenSponsorship. Non possiamo convincere gli atleti a impegnarsi in date e gli agenti non si preoccupano di consolidare quelle date per i loro clienti. So che hanno programmi fitti di impegni, ma non sembra che abbiano fretta di concludere gli affari.<\/p>\n","protected":false},"excerpt":{"rendered":"<p>OpenSponsorship \u00e8 un software di marketing per influencer\u00a0progettato per aiutare le aziende del settore sportivo a connettersi con gli atleti per facilitare le campagne di marketing digitale. Gli amministratori possono utilizzare la funzionalit\u00e0 di ricerca per identificare e connettersi con il personale selezionato.\u00a0<\/p>\n","protected":false},"author":16,"featured_media":48903,"parent":48041,"menu_order":0,"comment_status":"open","ping_status":"closed","template":"g1_template_page_review_new.php","meta":{"_acf_changed":false,"cwp_meta_box_check":"Yes","cwp_rev_product_name":"","cwp_rev_product_image":"","wppr_links":[],"cwp_rev_price":"","wppr_options":[],"wppr_pros":[],"wppr_cons":[],"_monsterinsights_skip_tracking":false,"_monsterinsights_sitenote_active":false,"_monsterinsights_sitenote_note":"","_monsterinsights_sitenote_category":0,"footnotes":""},"categories":[11175],"tags":[4149,11284,11263,11262,11264,11183],"features":[],"class_list":{"0":"post-48889","1":"page","2":"type-page","3":"status-publish","4":"has-post-thumbnail","6":"category-piattaforme-per-influencer-marketing","7":"tag-influencer-marketing-it","8":"tag-opensponsorship","9":"tag-piattaforma-influencer-marketing","10":"tag-programma-influencer-marketing","11":"tag-software-influencer-marketing","12":"tag-soluzione-influencer-marketing"},"wppr_data":{"cwp_meta_box_check":"Yes","cwp_rev_product_name":"","cwp_rev_product_image":"","cwp_image_link":"image","cwp_rev_price":"","wppr_rating":"0.00"},"acf":[],"yoast_head":"<!-- This site is optimized with the Yoast SEO plugin v27.4 - https:\/\/yoast.com\/product\/yoast-seo-wordpress\/ -->\n<title>OpenSponsorship: recensione software influencer marketing<\/title>\n<meta name=\"description\" content=\"OpenSponsorship: recensione software di marketing per influencer\u00a0pensato per aiutare aziende del settore sportivo a connettersi con atleti.\" \/>\n<meta name=\"robots\" content=\"index, follow, max-snippet:-1, max-image-preview:large, max-video-preview:-1\" \/>\n<link rel=\"canonical\" href=\"https:\/\/www.accuratereviews.com\/it\/piattaforme-influencer-marketing\/opensponsorship-recensione\/\" \/>\n<meta property=\"og:locale\" content=\"it_IT\" \/>\n<meta property=\"og:type\" content=\"article\" \/>\n<meta property=\"og:title\" content=\"OpenSponsorship: recensione software influencer marketing\" \/>\n<meta property=\"og:description\" content=\"OpenSponsorship: recensione software di marketing per influencer\u00a0pensato per aiutare aziende del settore sportivo a connettersi con atleti.\" \/>\n<meta property=\"og:url\" content=\"https:\/\/www.accuratereviews.com\/it\/piattaforme-influencer-marketing\/opensponsorship-recensione\/\" \/>\n<meta property=\"og:site_name\" content=\"Accurate Reviews\" \/>\n<meta property=\"og:image\" content=\"https:\/\/www.accuratereviews.com\/wp-content\/uploads\/2021\/10\/OpenSponsorship.jpeg\" \/>\n\t<meta property=\"og:image:width\" content=\"200\" \/>\n\t<meta property=\"og:image:height\" content=\"200\" \/>\n\t<meta property=\"og:image:type\" content=\"image\/jpeg\" \/>\n<meta name=\"twitter:card\" content=\"summary_large_image\" \/>\n<meta name=\"twitter:label1\" content=\"Tempo di lettura stimato\" \/>\n\t<meta name=\"twitter:data1\" content=\"3 minuti\" \/>\n<script type=\"application\/ld+json\" class=\"yoast-schema-graph\">{\"@context\":\"https:\\\/\\\/schema.org\",\"@graph\":[{\"@type\":\"WebPage\",\"@id\":\"https:\\\/\\\/www.accuratereviews.com\\\/it\\\/piattaforme-influencer-marketing\\\/opensponsorship-recensione\\\/\",\"url\":\"https:\\\/\\\/www.accuratereviews.com\\\/it\\\/piattaforme-influencer-marketing\\\/opensponsorship-recensione\\\/\",\"name\":\"OpenSponsorship: recensione software influencer marketing\",\"isPartOf\":{\"@id\":\"https:\\\/\\\/www.accuratereviews.com\\\/it\\\/#website\"},\"primaryImageOfPage\":{\"@id\":\"https:\\\/\\\/www.accuratereviews.com\\\/it\\\/piattaforme-influencer-marketing\\\/opensponsorship-recensione\\\/#primaryimage\"},\"image\":{\"@id\":\"https:\\\/\\\/www.accuratereviews.com\\\/it\\\/piattaforme-influencer-marketing\\\/opensponsorship-recensione\\\/#primaryimage\"},\"thumbnailUrl\":\"https:\\\/\\\/www.accuratereviews.com\\\/wp-content\\\/uploads\\\/2021\\\/10\\\/OpenSponsorship.jpeg\",\"datePublished\":\"2021-10-21T10:47:13+00:00\",\"description\":\"OpenSponsorship: recensione software di marketing per influencer\u00a0pensato per aiutare aziende del settore sportivo a connettersi con atleti.\",\"breadcrumb\":{\"@id\":\"https:\\\/\\\/www.accuratereviews.com\\\/it\\\/piattaforme-influencer-marketing\\\/opensponsorship-recensione\\\/#breadcrumb\"},\"inLanguage\":\"it-IT\",\"potentialAction\":[{\"@type\":\"ReadAction\",\"target\":[\"https:\\\/\\\/www.accuratereviews.com\\\/it\\\/piattaforme-influencer-marketing\\\/opensponsorship-recensione\\\/\"]}]},{\"@type\":\"ImageObject\",\"inLanguage\":\"it-IT\",\"@id\":\"https:\\\/\\\/www.accuratereviews.com\\\/it\\\/piattaforme-influencer-marketing\\\/opensponsorship-recensione\\\/#primaryimage\",\"url\":\"https:\\\/\\\/www.accuratereviews.com\\\/wp-content\\\/uploads\\\/2021\\\/10\\\/OpenSponsorship.jpeg\",\"contentUrl\":\"https:\\\/\\\/www.accuratereviews.com\\\/wp-content\\\/uploads\\\/2021\\\/10\\\/OpenSponsorship.jpeg\",\"width\":200,\"height\":200},{\"@type\":\"BreadcrumbList\",\"@id\":\"https:\\\/\\\/www.accuratereviews.com\\\/it\\\/piattaforme-influencer-marketing\\\/opensponsorship-recensione\\\/#breadcrumb\",\"itemListElement\":[{\"@type\":\"ListItem\",\"position\":1,\"name\":\"Home\",\"item\":\"https:\\\/\\\/www.accuratereviews.com\\\/it\\\/\"},{\"@type\":\"ListItem\",\"position\":2,\"name\":\"Piattaforme per influencer marketing\",\"item\":\"https:\\\/\\\/www.accuratereviews.com\\\/it\\\/piattaforme-influencer-marketing\\\/\"},{\"@type\":\"ListItem\",\"position\":3,\"name\":\"OpenSponsorship\"}]},{\"@type\":\"WebSite\",\"@id\":\"https:\\\/\\\/www.accuratereviews.com\\\/it\\\/#website\",\"url\":\"https:\\\/\\\/www.accuratereviews.com\\\/it\\\/\",\"name\":\"Accurate Reviews\",\"description\":\"\",\"potentialAction\":[{\"@type\":\"SearchAction\",\"target\":{\"@type\":\"EntryPoint\",\"urlTemplate\":\"https:\\\/\\\/www.accuratereviews.com\\\/it\\\/?s={search_term_string}\"},\"query-input\":{\"@type\":\"PropertyValueSpecification\",\"valueRequired\":true,\"valueName\":\"search_term_string\"}}],\"inLanguage\":\"it-IT\"}]}<\/script>\n<!-- \/ Yoast SEO plugin. -->","yoast_head_json":{"title":"OpenSponsorship: recensione software influencer marketing","description":"OpenSponsorship: recensione software di marketing per influencer\u00a0pensato per aiutare aziende del settore sportivo a connettersi con atleti.","robots":{"index":"index","follow":"follow","max-snippet":"max-snippet:-1","max-image-preview":"max-image-preview:large","max-video-preview":"max-video-preview:-1"},"canonical":"https:\/\/www.accuratereviews.com\/it\/piattaforme-influencer-marketing\/opensponsorship-recensione\/","og_locale":"it_IT","og_type":"article","og_title":"OpenSponsorship: recensione software influencer marketing","og_description":"OpenSponsorship: recensione software di marketing per influencer\u00a0pensato per aiutare aziende del settore sportivo a connettersi con atleti.","og_url":"https:\/\/www.accuratereviews.com\/it\/piattaforme-influencer-marketing\/opensponsorship-recensione\/","og_site_name":"Accurate Reviews","og_image":[{"width":200,"height":200,"url":"https:\/\/www.accuratereviews.com\/wp-content\/uploads\/2021\/10\/OpenSponsorship.jpeg","type":"image\/jpeg"}],"twitter_card":"summary_large_image","twitter_misc":{"Tempo di lettura stimato":"3 minuti"},"schema":{"@context":"https:\/\/schema.org","@graph":[{"@type":"WebPage","@id":"https:\/\/www.accuratereviews.com\/it\/piattaforme-influencer-marketing\/opensponsorship-recensione\/","url":"https:\/\/www.accuratereviews.com\/it\/piattaforme-influencer-marketing\/opensponsorship-recensione\/","name":"OpenSponsorship: recensione software influencer marketing","isPartOf":{"@id":"https:\/\/www.accuratereviews.com\/it\/#website"},"primaryImageOfPage":{"@id":"https:\/\/www.accuratereviews.com\/it\/piattaforme-influencer-marketing\/opensponsorship-recensione\/#primaryimage"},"image":{"@id":"https:\/\/www.accuratereviews.com\/it\/piattaforme-influencer-marketing\/opensponsorship-recensione\/#primaryimage"},"thumbnailUrl":"https:\/\/www.accuratereviews.com\/wp-content\/uploads\/2021\/10\/OpenSponsorship.jpeg","datePublished":"2021-10-21T10:47:13+00:00","description":"OpenSponsorship: recensione software di marketing per influencer\u00a0pensato per aiutare aziende del settore sportivo a connettersi con atleti.","breadcrumb":{"@id":"https:\/\/www.accuratereviews.com\/it\/piattaforme-influencer-marketing\/opensponsorship-recensione\/#breadcrumb"},"inLanguage":"it-IT","potentialAction":[{"@type":"ReadAction","target":["https:\/\/www.accuratereviews.com\/it\/piattaforme-influencer-marketing\/opensponsorship-recensione\/"]}]},{"@type":"ImageObject","inLanguage":"it-IT","@id":"https:\/\/www.accuratereviews.com\/it\/piattaforme-influencer-marketing\/opensponsorship-recensione\/#primaryimage","url":"https:\/\/www.accuratereviews.com\/wp-content\/uploads\/2021\/10\/OpenSponsorship.jpeg","contentUrl":"https:\/\/www.accuratereviews.com\/wp-content\/uploads\/2021\/10\/OpenSponsorship.jpeg","width":200,"height":200},{"@type":"BreadcrumbList","@id":"https:\/\/www.accuratereviews.com\/it\/piattaforme-influencer-marketing\/opensponsorship-recensione\/#breadcrumb","itemListElement":[{"@type":"ListItem","position":1,"name":"Home","item":"https:\/\/www.accuratereviews.com\/it\/"},{"@type":"ListItem","position":2,"name":"Piattaforme per influencer marketing","item":"https:\/\/www.accuratereviews.com\/it\/piattaforme-influencer-marketing\/"},{"@type":"ListItem","position":3,"name":"OpenSponsorship"}]},{"@type":"WebSite","@id":"https:\/\/www.accuratereviews.com\/it\/#website","url":"https:\/\/www.accuratereviews.com\/it\/","name":"Accurate Reviews","description":"","potentialAction":[{"@type":"SearchAction","target":{"@type":"EntryPoint","urlTemplate":"https:\/\/www.accuratereviews.com\/it\/?s={search_term_string}"},"query-input":{"@type":"PropertyValueSpecification","valueRequired":true,"valueName":"search_term_string"}}],"inLanguage":"it-IT"}]}},"_links":{"self":[{"href":"https:\/\/www.accuratereviews.com\/it\/wp-json\/wp\/v2\/pages\/48889","targetHints":{"allow":["GET"]}}],"collection":[{"href":"https:\/\/www.accuratereviews.com\/it\/wp-json\/wp\/v2\/pages"}],"about":[{"href":"https:\/\/www.accuratereviews.com\/it\/wp-json\/wp\/v2\/types\/page"}],"author":[{"embeddable":true,"href":"https:\/\/www.accuratereviews.com\/it\/wp-json\/wp\/v2\/users\/16"}],"replies":[{"embeddable":true,"href":"https:\/\/www.accuratereviews.com\/it\/wp-json\/wp\/v2\/comments?post=48889"}],"version-history":[{"count":15,"href":"https:\/\/www.accuratereviews.com\/it\/wp-json\/wp\/v2\/pages\/48889\/revisions"}],"predecessor-version":[{"id":48924,"href":"https:\/\/www.accuratereviews.com\/it\/wp-json\/wp\/v2\/pages\/48889\/revisions\/48924"}],"up":[{"embeddable":true,"href":"https:\/\/www.accuratereviews.com\/it\/wp-json\/wp\/v2\/pages\/48041"}],"wp:featuredmedia":[{"embeddable":true,"href":"https:\/\/www.accuratereviews.com\/it\/wp-json\/wp\/v2\/media\/48903"}],"wp:attachment":[{"href":"https:\/\/www.accuratereviews.com\/it\/wp-json\/wp\/v2\/media?parent=48889"}],"wp:term":[{"taxonomy":"category","embeddable":true,"href":"https:\/\/www.accuratereviews.com\/it\/wp-json\/wp\/v2\/categories?post=48889"},{"taxonomy":"post_tag","embeddable":true,"href":"https:\/\/www.accuratereviews.com\/it\/wp-json\/wp\/v2\/tags?post=48889"},{"taxonomy":"features","embeddable":true,"href":"https:\/\/www.accuratereviews.com\/it\/wp-json\/wp\/v2\/features?post=48889"}],"curies":[{"name":"wp","href":"https:\/\/api.w.org\/{rel}","templated":true}]}}