{"id":48927,"date":"2021-10-22T11:31:35","date_gmt":"2021-10-22T11:31:35","guid":{"rendered":"https:\/\/www.accuratereviews.com\/?page_id=48927"},"modified":"2021-10-22T11:31:35","modified_gmt":"2021-10-22T11:31:35","slug":"kolsquare-recensione","status":"publish","type":"page","link":"https:\/\/www.accuratereviews.com\/it\/piattaforme-influencer-marketing\/kolsquare-recensione\/","title":{"rendered":"Kolsquare"},"content":{"rendered":"<p><strong>Kolsquare<\/strong> \u00e8 una<strong> piattaforma di influencer marketing<\/strong> basata sui dati che aiuta i marchi a raggiungere i propri obiettivi in ogni fase di una campagna di influencer. Ti permette di controllare i profili pi\u00f9 rilevanti per il tuo brand da un catalogo di oltre 1,7 milioni di KOL (Key Opinion Leader) su Instagram, Facebook, Twitter, YouTube e TikTok e di gestire in completa autonomia tutti gli aspetti della tua campagna marketing. Ti aiuta anche a misurare e analizzare i risultati delle tue campagne utilizzando i dati. <strong>Kolsquare<\/strong> \u00e8 composto da quaranta esperti che ti supportano durante tutto l&#8217;anno per costruire campagne efficaci e strategie di<strong> influencer marketing<\/strong> e per aumentare la tua conoscenza nel settore attraverso studi, approfondimenti e report.<\/p>\n<h2>KOLSQUARE &#8211; TUTORIAL<\/h2>\n<p>Ecco un video in cui spiega come creare una compagna pubblicitaria con questo <strong>software per influencer marketing<\/strong>:<\/p>\n<div id=\"fluid-wrapper-counter-1\" class=\"g1-fluid-wrapper \" style=\"width:686px;\">\n<div style=\"padding-bottom:56.268221574344%;\"><iframe loading=\"lazy\" title=\"Mode und Accessoires: Influencer Marketing als Zentrales Instrument der Brand Performance\" width=\"686\" height=\"386\" src=\"https:\/\/www.youtube.com\/embed\/2hVlfI36oSU?feature=oembed&amp;wmode=transparent&amp;autohide=1&amp;autoplay=0&amp;disablekb=0&amp;fs=1&amp;loop=0&amp;enablejsapi=1&amp;rel=0&amp;controls=2&amp;showinfo=0&amp;wmode=transparent&amp;autohide=2&amp;autoplay=0&amp;disablekb=0&amp;fs=1&amp;loop=0&amp;enablejsapi=1&amp;rel=0&amp;controls=2&amp;showinfo=1\" frameborder=\"0\" allow=\"accelerometer; autoplay; clipboard-write; encrypted-media; gyroscope; picture-in-picture\" allowfullscreen><\/iframe><\/div>\n<\/div>\n<h3>KOLSQUARE &#8211; CARATTERISTICHE<\/h3>\n<ul>\n<li><strong>Gestione contabile<\/strong>: progettato con diversi livelli di gestione dell&#8217;account per aiutarti a ottenere il meglio<\/li>\n<li><strong>Integrazione<\/strong>: integra i tuoi dati nel software per ricostruire il tuo intero portfolio di influencer e la storia delle tue relazioni<\/li>\n<li><strong>Addestramento<\/strong>: offre formazione dedicata ma anche un catalogo di workshop specifici sull&#8217;Influencer Marketing<\/li>\n<li><strong>Analisi<\/strong>: grazie alla ricchezza della raccolta di dati fornisce analisi dettagliate sull&#8217;impatto reale del tuo brand e delle tue campagne, nonch\u00e9 sulle azioni dei tuoi concorrenti<\/li>\n<li><strong>Strategie<\/strong>: ti assiste nella definizione della tua strategia di influencer marketing e nella scelta dei KPI per il monitoraggio delle tue campagne<\/li>\n<li><strong>Influencer giusti<\/strong>: fornisce elenchi di influencer o celebrit\u00e0 in base a criteri di affinit\u00e0 per raggiungere efficacemente i tuoi obiettivi<\/li>\n<li><strong>Connessione<\/strong>: agisce come una terza parte di fiducia nel presentare un brief di campagna agli influencer che desideri attivare<\/li>\n<li><strong>Arricchimento<\/strong>: arricchisce i tuoi database CRM, B2B o B2C con dati specifici al fine di identificare gli ambasciatori per le tue campagne di influenza<\/li>\n<\/ul>\n<h4>LE RECENSIONE DEGLI UTENTI<\/h4>\n<p class=\"font-weight-bold mb-1 d-flex align-items-center\"><strong>Chlo\u00e9 C.&#8221;La mia esperienza KOLSQUARE&#8221;<\/strong><\/p>\n<p><strong>Pro: <\/strong>\u00c8 lo strumento pi\u00f9 completo sul mercato!<\/p>\n<p><strong>Contro: <\/strong>L&#8217;implementazione \u00e8 la chiave per ottenere con successo i giusti KPI<\/p>\n<p class=\"font-weight-bold mb-1 d-flex align-items-center\"><strong>Anjuna B.&#8221;Il nostro uso di Kolsquare&#8221;<\/strong><\/p>\n<p><strong>Commenti: <\/strong>L&#8217;influenza \u00e8 un argomento in crescita nella nostra attivit\u00e0, quindi dotare uno strumento come Kolsquare era pi\u00f9 che necessario. Abbiamo diverse campagne da gestire ogni semestre, a volte diverse nello stesso periodo, quindi lo strumento semplifica la vita. Risparmiamo tempo, efficienza e risultati grazie ad esso.<\/p>\n<p><strong>Pro: <\/strong>Quello che ci piace particolarmente dello strumento \u00e8 la possibilit\u00e0 di gestire pi\u00f9 campagne contemporaneamente, senza limiti.<br \/>\nAnche lo strumento di reportistica \u00e8 molto ben fatto, la sua ergonomia lo rende facile da usare e la comprensione dei risultati \u00e8 solo facilitata.<\/p>\n<p><strong>Contro: <\/strong>Abbiamo avuto alcuni piccoli problemi con il motore di ricerca che mancava leggermente di precisione, ma ci\u00f2 non ha impedito il suo utilizzo generale.\u00a0Il nostro account manager ci ha fornito alcuni suggerimenti che ora rendono la ricerca molto pi\u00f9 efficiente.<\/p>\n","protected":false},"excerpt":{"rendered":"<p>Kolsquare \u00e8 una piattaforma di influencer marketing basata sui dati che aiuta i marchi a raggiungere i propri obiettivi in ogni fase di una campagna di Influencer.\u00a0Ti permette di controllare i profili pi\u00f9 rilevanti per il tuo brand da un catalogo di oltre 1,7 milioni di KOL (Key Opinion Leader)<\/p>\n","protected":false},"author":16,"featured_media":48928,"parent":48041,"menu_order":0,"comment_status":"open","ping_status":"closed","template":"g1_template_page_review_new.php","meta":{"_acf_changed":false,"cwp_meta_box_check":"Yes","cwp_rev_product_name":"","cwp_rev_product_image":"","wppr_links":[],"cwp_rev_price":"","wppr_options":[],"wppr_pros":[],"wppr_cons":[],"_monsterinsights_skip_tracking":false,"_monsterinsights_sitenote_active":false,"_monsterinsights_sitenote_note":"","_monsterinsights_sitenote_category":0,"footnotes":""},"categories":[11175],"tags":[459,4149,583,11287,11191,11189,11181,11192,11277,582,1040],"features":[],"class_list":{"0":"post-48927","1":"page","2":"type-page","3":"status-publish","4":"has-post-thumbnail","6":"category-piattaforme-per-influencer-marketing","7":"tag-facebook","8":"tag-influencer-marketing-it","9":"tag-instagram","10":"tag-kolsquare","11":"tag-piattaforma-per-influencer-marketing","12":"tag-programma-per-influencer-marketing","13":"tag-software-per-influencer-marketing","14":"tag-soluzione-per-influencer-marketing","15":"tag-tiktok","16":"tag-twitter","17":"tag-youtube"},"wppr_data":{"cwp_meta_box_check":"Yes","cwp_rev_product_name":"","cwp_rev_product_image":"","cwp_image_link":"image","cwp_rev_price":"","wppr_rating":"0.00"},"acf":[],"yoast_head":"<!-- This site is optimized with the Yoast SEO plugin v27.4 - https:\/\/yoast.com\/product\/yoast-seo-wordpress\/ -->\n<title>Kolsquare: recensione software influencer marketing - Accurate Reviews<\/title>\n<meta name=\"description\" content=\"Kolsquare: recensione piattaforma di influencer marketing basata sui dati che aiuta i brand a raggiungere i propri obiettivi.\" \/>\n<meta name=\"robots\" content=\"index, follow, max-snippet:-1, max-image-preview:large, max-video-preview:-1\" \/>\n<link rel=\"canonical\" href=\"https:\/\/www.accuratereviews.com\/it\/piattaforme-influencer-marketing\/kolsquare-recensione\/\" \/>\n<meta property=\"og:locale\" content=\"it_IT\" \/>\n<meta property=\"og:type\" content=\"article\" \/>\n<meta property=\"og:title\" content=\"Kolsquare: recensione software influencer marketing - Accurate Reviews\" \/>\n<meta property=\"og:description\" content=\"Kolsquare: recensione piattaforma di influencer marketing basata sui dati che aiuta i brand a raggiungere i propri obiettivi.\" \/>\n<meta property=\"og:url\" content=\"https:\/\/www.accuratereviews.com\/it\/piattaforme-influencer-marketing\/kolsquare-recensione\/\" \/>\n<meta property=\"og:site_name\" content=\"Accurate Reviews\" \/>\n<meta property=\"og:image\" content=\"https:\/\/www.accuratereviews.com\/wp-content\/uploads\/2021\/10\/Kolsquare.png\" \/>\n\t<meta property=\"og:image:width\" content=\"225\" \/>\n\t<meta property=\"og:image:height\" content=\"225\" \/>\n\t<meta property=\"og:image:type\" content=\"image\/png\" \/>\n<meta name=\"twitter:card\" content=\"summary_large_image\" \/>\n<meta name=\"twitter:label1\" content=\"Tempo di lettura stimato\" \/>\n\t<meta name=\"twitter:data1\" content=\"3 minuti\" \/>\n<script type=\"application\/ld+json\" class=\"yoast-schema-graph\">{\"@context\":\"https:\\\/\\\/schema.org\",\"@graph\":[{\"@type\":\"WebPage\",\"@id\":\"https:\\\/\\\/www.accuratereviews.com\\\/it\\\/piattaforme-influencer-marketing\\\/kolsquare-recensione\\\/\",\"url\":\"https:\\\/\\\/www.accuratereviews.com\\\/it\\\/piattaforme-influencer-marketing\\\/kolsquare-recensione\\\/\",\"name\":\"Kolsquare: recensione software influencer marketing - Accurate Reviews\",\"isPartOf\":{\"@id\":\"https:\\\/\\\/www.accuratereviews.com\\\/it\\\/#website\"},\"primaryImageOfPage\":{\"@id\":\"https:\\\/\\\/www.accuratereviews.com\\\/it\\\/piattaforme-influencer-marketing\\\/kolsquare-recensione\\\/#primaryimage\"},\"image\":{\"@id\":\"https:\\\/\\\/www.accuratereviews.com\\\/it\\\/piattaforme-influencer-marketing\\\/kolsquare-recensione\\\/#primaryimage\"},\"thumbnailUrl\":\"https:\\\/\\\/www.accuratereviews.com\\\/wp-content\\\/uploads\\\/2021\\\/10\\\/Kolsquare.png\",\"datePublished\":\"2021-10-22T11:31:35+00:00\",\"description\":\"Kolsquare: recensione piattaforma di influencer marketing basata sui dati che aiuta i brand a raggiungere i propri obiettivi.\",\"breadcrumb\":{\"@id\":\"https:\\\/\\\/www.accuratereviews.com\\\/it\\\/piattaforme-influencer-marketing\\\/kolsquare-recensione\\\/#breadcrumb\"},\"inLanguage\":\"it-IT\",\"potentialAction\":[{\"@type\":\"ReadAction\",\"target\":[\"https:\\\/\\\/www.accuratereviews.com\\\/it\\\/piattaforme-influencer-marketing\\\/kolsquare-recensione\\\/\"]}]},{\"@type\":\"ImageObject\",\"inLanguage\":\"it-IT\",\"@id\":\"https:\\\/\\\/www.accuratereviews.com\\\/it\\\/piattaforme-influencer-marketing\\\/kolsquare-recensione\\\/#primaryimage\",\"url\":\"https:\\\/\\\/www.accuratereviews.com\\\/wp-content\\\/uploads\\\/2021\\\/10\\\/Kolsquare.png\",\"contentUrl\":\"https:\\\/\\\/www.accuratereviews.com\\\/wp-content\\\/uploads\\\/2021\\\/10\\\/Kolsquare.png\",\"width\":225,\"height\":225},{\"@type\":\"BreadcrumbList\",\"@id\":\"https:\\\/\\\/www.accuratereviews.com\\\/it\\\/piattaforme-influencer-marketing\\\/kolsquare-recensione\\\/#breadcrumb\",\"itemListElement\":[{\"@type\":\"ListItem\",\"position\":1,\"name\":\"Home\",\"item\":\"https:\\\/\\\/www.accuratereviews.com\\\/it\\\/\"},{\"@type\":\"ListItem\",\"position\":2,\"name\":\"Piattaforme per influencer marketing\",\"item\":\"https:\\\/\\\/www.accuratereviews.com\\\/it\\\/piattaforme-influencer-marketing\\\/\"},{\"@type\":\"ListItem\",\"position\":3,\"name\":\"Kolsquare\"}]},{\"@type\":\"WebSite\",\"@id\":\"https:\\\/\\\/www.accuratereviews.com\\\/it\\\/#website\",\"url\":\"https:\\\/\\\/www.accuratereviews.com\\\/it\\\/\",\"name\":\"Accurate Reviews\",\"description\":\"\",\"potentialAction\":[{\"@type\":\"SearchAction\",\"target\":{\"@type\":\"EntryPoint\",\"urlTemplate\":\"https:\\\/\\\/www.accuratereviews.com\\\/it\\\/?s={search_term_string}\"},\"query-input\":{\"@type\":\"PropertyValueSpecification\",\"valueRequired\":true,\"valueName\":\"search_term_string\"}}],\"inLanguage\":\"it-IT\"}]}<\/script>\n<!-- \/ Yoast SEO plugin. -->","yoast_head_json":{"title":"Kolsquare: recensione software influencer marketing - Accurate Reviews","description":"Kolsquare: recensione piattaforma di influencer marketing basata sui dati che aiuta i brand a raggiungere i propri obiettivi.","robots":{"index":"index","follow":"follow","max-snippet":"max-snippet:-1","max-image-preview":"max-image-preview:large","max-video-preview":"max-video-preview:-1"},"canonical":"https:\/\/www.accuratereviews.com\/it\/piattaforme-influencer-marketing\/kolsquare-recensione\/","og_locale":"it_IT","og_type":"article","og_title":"Kolsquare: recensione software influencer marketing - Accurate Reviews","og_description":"Kolsquare: recensione piattaforma di influencer marketing basata sui dati che aiuta i brand a raggiungere i propri obiettivi.","og_url":"https:\/\/www.accuratereviews.com\/it\/piattaforme-influencer-marketing\/kolsquare-recensione\/","og_site_name":"Accurate Reviews","og_image":[{"width":225,"height":225,"url":"https:\/\/www.accuratereviews.com\/wp-content\/uploads\/2021\/10\/Kolsquare.png","type":"image\/png"}],"twitter_card":"summary_large_image","twitter_misc":{"Tempo di lettura stimato":"3 minuti"},"schema":{"@context":"https:\/\/schema.org","@graph":[{"@type":"WebPage","@id":"https:\/\/www.accuratereviews.com\/it\/piattaforme-influencer-marketing\/kolsquare-recensione\/","url":"https:\/\/www.accuratereviews.com\/it\/piattaforme-influencer-marketing\/kolsquare-recensione\/","name":"Kolsquare: recensione software influencer marketing - Accurate Reviews","isPartOf":{"@id":"https:\/\/www.accuratereviews.com\/it\/#website"},"primaryImageOfPage":{"@id":"https:\/\/www.accuratereviews.com\/it\/piattaforme-influencer-marketing\/kolsquare-recensione\/#primaryimage"},"image":{"@id":"https:\/\/www.accuratereviews.com\/it\/piattaforme-influencer-marketing\/kolsquare-recensione\/#primaryimage"},"thumbnailUrl":"https:\/\/www.accuratereviews.com\/wp-content\/uploads\/2021\/10\/Kolsquare.png","datePublished":"2021-10-22T11:31:35+00:00","description":"Kolsquare: recensione piattaforma di influencer marketing basata sui dati che aiuta i brand a raggiungere i propri obiettivi.","breadcrumb":{"@id":"https:\/\/www.accuratereviews.com\/it\/piattaforme-influencer-marketing\/kolsquare-recensione\/#breadcrumb"},"inLanguage":"it-IT","potentialAction":[{"@type":"ReadAction","target":["https:\/\/www.accuratereviews.com\/it\/piattaforme-influencer-marketing\/kolsquare-recensione\/"]}]},{"@type":"ImageObject","inLanguage":"it-IT","@id":"https:\/\/www.accuratereviews.com\/it\/piattaforme-influencer-marketing\/kolsquare-recensione\/#primaryimage","url":"https:\/\/www.accuratereviews.com\/wp-content\/uploads\/2021\/10\/Kolsquare.png","contentUrl":"https:\/\/www.accuratereviews.com\/wp-content\/uploads\/2021\/10\/Kolsquare.png","width":225,"height":225},{"@type":"BreadcrumbList","@id":"https:\/\/www.accuratereviews.com\/it\/piattaforme-influencer-marketing\/kolsquare-recensione\/#breadcrumb","itemListElement":[{"@type":"ListItem","position":1,"name":"Home","item":"https:\/\/www.accuratereviews.com\/it\/"},{"@type":"ListItem","position":2,"name":"Piattaforme per influencer marketing","item":"https:\/\/www.accuratereviews.com\/it\/piattaforme-influencer-marketing\/"},{"@type":"ListItem","position":3,"name":"Kolsquare"}]},{"@type":"WebSite","@id":"https:\/\/www.accuratereviews.com\/it\/#website","url":"https:\/\/www.accuratereviews.com\/it\/","name":"Accurate Reviews","description":"","potentialAction":[{"@type":"SearchAction","target":{"@type":"EntryPoint","urlTemplate":"https:\/\/www.accuratereviews.com\/it\/?s={search_term_string}"},"query-input":{"@type":"PropertyValueSpecification","valueRequired":true,"valueName":"search_term_string"}}],"inLanguage":"it-IT"}]}},"_links":{"self":[{"href":"https:\/\/www.accuratereviews.com\/it\/wp-json\/wp\/v2\/pages\/48927","targetHints":{"allow":["GET"]}}],"collection":[{"href":"https:\/\/www.accuratereviews.com\/it\/wp-json\/wp\/v2\/pages"}],"about":[{"href":"https:\/\/www.accuratereviews.com\/it\/wp-json\/wp\/v2\/types\/page"}],"author":[{"embeddable":true,"href":"https:\/\/www.accuratereviews.com\/it\/wp-json\/wp\/v2\/users\/16"}],"replies":[{"embeddable":true,"href":"https:\/\/www.accuratereviews.com\/it\/wp-json\/wp\/v2\/comments?post=48927"}],"version-history":[{"count":9,"href":"https:\/\/www.accuratereviews.com\/it\/wp-json\/wp\/v2\/pages\/48927\/revisions"}],"predecessor-version":[{"id":48953,"href":"https:\/\/www.accuratereviews.com\/it\/wp-json\/wp\/v2\/pages\/48927\/revisions\/48953"}],"up":[{"embeddable":true,"href":"https:\/\/www.accuratereviews.com\/it\/wp-json\/wp\/v2\/pages\/48041"}],"wp:featuredmedia":[{"embeddable":true,"href":"https:\/\/www.accuratereviews.com\/it\/wp-json\/wp\/v2\/media\/48928"}],"wp:attachment":[{"href":"https:\/\/www.accuratereviews.com\/it\/wp-json\/wp\/v2\/media?parent=48927"}],"wp:term":[{"taxonomy":"category","embeddable":true,"href":"https:\/\/www.accuratereviews.com\/it\/wp-json\/wp\/v2\/categories?post=48927"},{"taxonomy":"post_tag","embeddable":true,"href":"https:\/\/www.accuratereviews.com\/it\/wp-json\/wp\/v2\/tags?post=48927"},{"taxonomy":"features","embeddable":true,"href":"https:\/\/www.accuratereviews.com\/it\/wp-json\/wp\/v2\/features?post=48927"}],"curies":[{"name":"wp","href":"https:\/\/api.w.org\/{rel}","templated":true}]}}