{"id":48934,"date":"2021-10-22T11:32:04","date_gmt":"2021-10-22T11:32:04","guid":{"rendered":"https:\/\/www.accuratereviews.com\/?page_id=48934"},"modified":"2021-10-22T11:32:04","modified_gmt":"2021-10-22T11:32:04","slug":"buzzoole-recensione","status":"publish","type":"page","link":"https:\/\/www.accuratereviews.com\/it\/piattaforme-influencer-marketing\/buzzoole-recensione\/","title":{"rendered":"Buzzoole"},"content":{"rendered":"<p><strong>Buzzoole<\/strong> \u00e8 un <strong>software di marketing per influencer<\/strong>, che sfrutta la tecnologia dell&#8217;intelligenza artificiale (AI) per aiutare le agenzie digitali e le imprese a gestire le campagne sui social media. Utilizzando modelli statistici e algoritmi di deep learning, le aziende possono creare strategie di marketing e abbinare automaticamente i brands ai creatori di contenuti adatti. Il programma\u00a0fornisce una dashboard amministrativa, che permette alle agenzie di misurare la portata e le prestazioni dei post sui social media tramite analisi e indicatori di prestazioni chiave (KPI). Gli influencer possono accettare o rifiutare gli inviti alla campagna ed estrarre informazioni dai post utilizzando le funzionalit\u00e0 di elaborazione del linguaggio naturale (NLP). Le aziende possono anche identificare i bot e prevenire attivit\u00e0 fraudolente determinando il punteggio dei profili dei creatori.\u00a0Utilizzando l&#8217;applicazione mobile, gli influencer possono ricevere notifiche su nuove campagne, pubblicare post e ottenere ricompense sotto forma di crediti o denaro.<\/p>\n<h2>BUZZOOLE &#8211; TUTORIAL<\/h2>\n<p>Il video mostra come trovare l&#8217;influencer giusto per il tuo brand utilizzando questo <strong>software per influencer marketing<\/strong>:<\/p>\n<div id=\"fluid-wrapper-counter-1\" class=\"g1-fluid-wrapper \" style=\"width:686px;\">\n<div style=\"padding-bottom:56.268221574344%;\"><iframe loading=\"lazy\" title=\"[Webinar] Buzzoole Discovery: trova i migliori influencer per il tuo brand\" width=\"686\" height=\"386\" src=\"https:\/\/www.youtube.com\/embed\/aulOWglEoyM?feature=oembed&amp;wmode=transparent&amp;autohide=1&amp;autoplay=0&amp;disablekb=0&amp;fs=1&amp;loop=0&amp;enablejsapi=1&amp;rel=0&amp;controls=2&amp;showinfo=0&amp;wmode=transparent&amp;autohide=2&amp;autoplay=0&amp;disablekb=0&amp;fs=1&amp;loop=0&amp;enablejsapi=1&amp;rel=0&amp;controls=2&amp;showinfo=1\" frameborder=\"0\" allow=\"accelerometer; autoplay; clipboard-write; encrypted-media; gyroscope; picture-in-picture\" allowfullscreen><\/iframe><\/div>\n<\/div>\n<h3>BUZZOOLE &#8211; CARATTERISTICHE<\/h3>\n<ul>\n<li><strong>Identifica<\/strong>: puoi cercare tra 2 milioni di canali scegliendo tra ricerca Smart o Advanced e ricerca per Contenuti. Sarai guidato da numerosi filtri che ti permetteranno di individuare gli influencer iscritti al software con dati certificati e canali esterni corredati da metriche dettagliate<\/li>\n<li><strong>Analizza<\/strong>: entra nel mondo di ogni singolo creator e analizza le sue performance reali, <strong>l\u2019audience<\/strong>, i brand menzionati, i contenuti pi\u00f9 performanti e tanto altro. Potrai conoscere anche lo &#8220;stato di salute&#8221; dei profili verificati Buzzoole grazie al sistema di <em>fraud detection<\/em> basato su first-party data<\/li>\n<li><strong>Gestisci<\/strong>: aggiungi tag e note ai content creator che ti interessano, seleziona quelli che preferisci e crea liste illimitate da utilizzare in futuro. Invita con un clic i creator a partecipare alla tua nuova attivit\u00e0 di influencer marketing o se individui un influencer non iscritto utilizza il referral link generato automaticamente per invitarlo ad iscriversi.<\/li>\n<\/ul>\n<h4>LE RECENSIONI DEGLI UTENTI<\/h4>\n<p><strong>Francesco A.&#8221;Ottimo strumento di Influencer Marketing&#8221;<\/strong><\/p>\n<p><strong>Commenti: <\/strong>Ho collaborato con Buzzoole come semplice utente e come contributor per il loro blog, e posso dire che \u00e8 una realt\u00e0 davvero interessante e degna di nota.<\/p>\n<p><strong>Pro: <\/strong>Credo che la sua duplice natura, lato brand e lato influencer, la renda davvero molto utile e versatile.<\/p>\n<p><strong>Contro: <\/strong>I costi spesso non alla portata di PMI e piccole attivit\u00e0.<\/p>\n<p class=\"font-weight-bold mb-1 d-flex align-items-center\"><strong>Sara D.&#8221;Unisce Influencer e Brand per collaborazioni efficaci&#8221;<\/strong><\/p>\n<p><strong>Commenti: <\/strong>Tutto sommato mi sono trovata bene nella creazione di post sponsorizzati per la realizzazioni di campagne adatte al mio pubblico con Brand importanti.<\/p>\n<p><strong>Vantaggi: <\/strong>Buzzoole \u00e8 una piattaforma di Influencer Marketing che unisce gli Influencer ai Brand in base alla categoria alla quale appartengono. Ogni influencer viene associato ad una campagna che dovr\u00e0 realizzare e per me \u00e8 stato utile per l&#8217;analisi del sentiment.<\/p>\n<p><strong>Inconvenienti: <\/strong>Non \u00e8 facile avere accesso alle campagne e negli ultimi anni ancora di pi\u00f9. Bisognerebbe avere la possibilit\u00e0 di far partecipare tutti gli iscritti, anche se a campagne pi\u00f9 piccole.<\/p>\n","protected":false},"excerpt":{"rendered":"<p>Buzzoole \u00e8 un software di marketing per influencer, che sfrutta la tecnologia dell&#8217;intelligenza artificiale (AI) per aiutare le agenzie digitali e le imprese a gestire le campagne sui social media. Utilizzando modelli statistici e algoritmi di deep learning, le aziende possono creare strategie di marketing e abbinare automaticamente i brands ai creatori di contenuti adatti.<\/p>\n","protected":false},"author":16,"featured_media":48935,"parent":48041,"menu_order":0,"comment_status":"open","ping_status":"closed","template":"g1_template_page_review_new.php","meta":{"_acf_changed":false,"cwp_meta_box_check":"Yes","cwp_rev_product_name":"","cwp_rev_product_image":"","wppr_links":[],"cwp_rev_price":"","wppr_options":[],"wppr_pros":[],"wppr_cons":[],"_monsterinsights_skip_tracking":false,"_monsterinsights_sitenote_active":false,"_monsterinsights_sitenote_note":"","_monsterinsights_sitenote_category":0,"footnotes":""},"categories":[11175],"tags":[11286,4149,11191,11189,11181,11192],"features":[],"class_list":{"0":"post-48934","1":"page","2":"type-page","3":"status-publish","4":"has-post-thumbnail","6":"category-piattaforme-per-influencer-marketing","7":"tag-buzzoole","8":"tag-influencer-marketing-it","9":"tag-piattaforma-per-influencer-marketing","10":"tag-programma-per-influencer-marketing","11":"tag-software-per-influencer-marketing","12":"tag-soluzione-per-influencer-marketing"},"wppr_data":{"cwp_meta_box_check":"Yes","cwp_rev_product_name":"","cwp_rev_product_image":"","cwp_image_link":"image","cwp_rev_price":"","wppr_rating":"0.00"},"acf":[],"yoast_head":"<!-- This site is optimized with the Yoast SEO plugin v27.4 - https:\/\/yoast.com\/product\/yoast-seo-wordpress\/ -->\n<title>Buzzoole: recensione software influencer marketing - Accurate Reviews<\/title>\n<meta name=\"description\" content=\"Buzzoole: recensione software di marketing per influencer che sfrutta la tecnologia dell&#039;intelligenza artificiale per le agenzie digitali.\" \/>\n<meta name=\"robots\" content=\"index, follow, max-snippet:-1, max-image-preview:large, max-video-preview:-1\" \/>\n<link rel=\"canonical\" href=\"https:\/\/www.accuratereviews.com\/it\/piattaforme-influencer-marketing\/buzzoole-recensione\/\" \/>\n<meta property=\"og:locale\" content=\"it_IT\" \/>\n<meta property=\"og:type\" content=\"article\" \/>\n<meta property=\"og:title\" content=\"Buzzoole: recensione software influencer marketing - Accurate Reviews\" \/>\n<meta property=\"og:description\" content=\"Buzzoole: recensione software di marketing per influencer che sfrutta la tecnologia dell&#039;intelligenza artificiale per le agenzie digitali.\" \/>\n<meta property=\"og:url\" content=\"https:\/\/www.accuratereviews.com\/it\/piattaforme-influencer-marketing\/buzzoole-recensione\/\" \/>\n<meta property=\"og:site_name\" content=\"Accurate Reviews\" \/>\n<meta property=\"og:image\" content=\"https:\/\/www.accuratereviews.com\/wp-content\/uploads\/2021\/10\/BUZZOOLE_Sito_60783ac2b40df9776d705224.jpg\" \/>\n\t<meta property=\"og:image:width\" content=\"625\" \/>\n\t<meta property=\"og:image:height\" content=\"625\" \/>\n\t<meta property=\"og:image:type\" content=\"image\/jpeg\" \/>\n<meta name=\"twitter:card\" content=\"summary_large_image\" \/>\n<meta name=\"twitter:label1\" content=\"Tempo di lettura stimato\" \/>\n\t<meta name=\"twitter:data1\" content=\"3 minuti\" \/>\n<script type=\"application\/ld+json\" class=\"yoast-schema-graph\">{\"@context\":\"https:\\\/\\\/schema.org\",\"@graph\":[{\"@type\":\"WebPage\",\"@id\":\"https:\\\/\\\/www.accuratereviews.com\\\/it\\\/piattaforme-influencer-marketing\\\/buzzoole-recensione\\\/\",\"url\":\"https:\\\/\\\/www.accuratereviews.com\\\/it\\\/piattaforme-influencer-marketing\\\/buzzoole-recensione\\\/\",\"name\":\"Buzzoole: recensione software influencer marketing - Accurate Reviews\",\"isPartOf\":{\"@id\":\"https:\\\/\\\/www.accuratereviews.com\\\/it\\\/#website\"},\"primaryImageOfPage\":{\"@id\":\"https:\\\/\\\/www.accuratereviews.com\\\/it\\\/piattaforme-influencer-marketing\\\/buzzoole-recensione\\\/#primaryimage\"},\"image\":{\"@id\":\"https:\\\/\\\/www.accuratereviews.com\\\/it\\\/piattaforme-influencer-marketing\\\/buzzoole-recensione\\\/#primaryimage\"},\"thumbnailUrl\":\"https:\\\/\\\/www.accuratereviews.com\\\/wp-content\\\/uploads\\\/2021\\\/10\\\/BUZZOOLE_Sito_60783ac2b40df9776d705224.jpg\",\"datePublished\":\"2021-10-22T11:32:04+00:00\",\"description\":\"Buzzoole: recensione software di marketing per influencer che sfrutta la tecnologia dell'intelligenza artificiale per le agenzie digitali.\",\"breadcrumb\":{\"@id\":\"https:\\\/\\\/www.accuratereviews.com\\\/it\\\/piattaforme-influencer-marketing\\\/buzzoole-recensione\\\/#breadcrumb\"},\"inLanguage\":\"it-IT\",\"potentialAction\":[{\"@type\":\"ReadAction\",\"target\":[\"https:\\\/\\\/www.accuratereviews.com\\\/it\\\/piattaforme-influencer-marketing\\\/buzzoole-recensione\\\/\"]}]},{\"@type\":\"ImageObject\",\"inLanguage\":\"it-IT\",\"@id\":\"https:\\\/\\\/www.accuratereviews.com\\\/it\\\/piattaforme-influencer-marketing\\\/buzzoole-recensione\\\/#primaryimage\",\"url\":\"https:\\\/\\\/www.accuratereviews.com\\\/wp-content\\\/uploads\\\/2021\\\/10\\\/BUZZOOLE_Sito_60783ac2b40df9776d705224.jpg\",\"contentUrl\":\"https:\\\/\\\/www.accuratereviews.com\\\/wp-content\\\/uploads\\\/2021\\\/10\\\/BUZZOOLE_Sito_60783ac2b40df9776d705224.jpg\",\"width\":625,\"height\":625},{\"@type\":\"BreadcrumbList\",\"@id\":\"https:\\\/\\\/www.accuratereviews.com\\\/it\\\/piattaforme-influencer-marketing\\\/buzzoole-recensione\\\/#breadcrumb\",\"itemListElement\":[{\"@type\":\"ListItem\",\"position\":1,\"name\":\"Home\",\"item\":\"https:\\\/\\\/www.accuratereviews.com\\\/it\\\/\"},{\"@type\":\"ListItem\",\"position\":2,\"name\":\"Piattaforme per influencer marketing\",\"item\":\"https:\\\/\\\/www.accuratereviews.com\\\/it\\\/piattaforme-influencer-marketing\\\/\"},{\"@type\":\"ListItem\",\"position\":3,\"name\":\"Buzzoole\"}]},{\"@type\":\"WebSite\",\"@id\":\"https:\\\/\\\/www.accuratereviews.com\\\/it\\\/#website\",\"url\":\"https:\\\/\\\/www.accuratereviews.com\\\/it\\\/\",\"name\":\"Accurate Reviews\",\"description\":\"\",\"potentialAction\":[{\"@type\":\"SearchAction\",\"target\":{\"@type\":\"EntryPoint\",\"urlTemplate\":\"https:\\\/\\\/www.accuratereviews.com\\\/it\\\/?s={search_term_string}\"},\"query-input\":{\"@type\":\"PropertyValueSpecification\",\"valueRequired\":true,\"valueName\":\"search_term_string\"}}],\"inLanguage\":\"it-IT\"}]}<\/script>\n<!-- \/ Yoast SEO plugin. -->","yoast_head_json":{"title":"Buzzoole: recensione software influencer marketing - Accurate Reviews","description":"Buzzoole: recensione software di marketing per influencer che sfrutta la tecnologia dell'intelligenza artificiale per le agenzie digitali.","robots":{"index":"index","follow":"follow","max-snippet":"max-snippet:-1","max-image-preview":"max-image-preview:large","max-video-preview":"max-video-preview:-1"},"canonical":"https:\/\/www.accuratereviews.com\/it\/piattaforme-influencer-marketing\/buzzoole-recensione\/","og_locale":"it_IT","og_type":"article","og_title":"Buzzoole: recensione software influencer marketing - Accurate Reviews","og_description":"Buzzoole: recensione software di marketing per influencer che sfrutta la tecnologia dell'intelligenza artificiale per le agenzie digitali.","og_url":"https:\/\/www.accuratereviews.com\/it\/piattaforme-influencer-marketing\/buzzoole-recensione\/","og_site_name":"Accurate Reviews","og_image":[{"width":625,"height":625,"url":"https:\/\/www.accuratereviews.com\/wp-content\/uploads\/2021\/10\/BUZZOOLE_Sito_60783ac2b40df9776d705224.jpg","type":"image\/jpeg"}],"twitter_card":"summary_large_image","twitter_misc":{"Tempo di lettura stimato":"3 minuti"},"schema":{"@context":"https:\/\/schema.org","@graph":[{"@type":"WebPage","@id":"https:\/\/www.accuratereviews.com\/it\/piattaforme-influencer-marketing\/buzzoole-recensione\/","url":"https:\/\/www.accuratereviews.com\/it\/piattaforme-influencer-marketing\/buzzoole-recensione\/","name":"Buzzoole: recensione software influencer marketing - Accurate Reviews","isPartOf":{"@id":"https:\/\/www.accuratereviews.com\/it\/#website"},"primaryImageOfPage":{"@id":"https:\/\/www.accuratereviews.com\/it\/piattaforme-influencer-marketing\/buzzoole-recensione\/#primaryimage"},"image":{"@id":"https:\/\/www.accuratereviews.com\/it\/piattaforme-influencer-marketing\/buzzoole-recensione\/#primaryimage"},"thumbnailUrl":"https:\/\/www.accuratereviews.com\/wp-content\/uploads\/2021\/10\/BUZZOOLE_Sito_60783ac2b40df9776d705224.jpg","datePublished":"2021-10-22T11:32:04+00:00","description":"Buzzoole: recensione software di marketing per influencer che sfrutta la tecnologia dell'intelligenza artificiale per le agenzie digitali.","breadcrumb":{"@id":"https:\/\/www.accuratereviews.com\/it\/piattaforme-influencer-marketing\/buzzoole-recensione\/#breadcrumb"},"inLanguage":"it-IT","potentialAction":[{"@type":"ReadAction","target":["https:\/\/www.accuratereviews.com\/it\/piattaforme-influencer-marketing\/buzzoole-recensione\/"]}]},{"@type":"ImageObject","inLanguage":"it-IT","@id":"https:\/\/www.accuratereviews.com\/it\/piattaforme-influencer-marketing\/buzzoole-recensione\/#primaryimage","url":"https:\/\/www.accuratereviews.com\/wp-content\/uploads\/2021\/10\/BUZZOOLE_Sito_60783ac2b40df9776d705224.jpg","contentUrl":"https:\/\/www.accuratereviews.com\/wp-content\/uploads\/2021\/10\/BUZZOOLE_Sito_60783ac2b40df9776d705224.jpg","width":625,"height":625},{"@type":"BreadcrumbList","@id":"https:\/\/www.accuratereviews.com\/it\/piattaforme-influencer-marketing\/buzzoole-recensione\/#breadcrumb","itemListElement":[{"@type":"ListItem","position":1,"name":"Home","item":"https:\/\/www.accuratereviews.com\/it\/"},{"@type":"ListItem","position":2,"name":"Piattaforme per influencer marketing","item":"https:\/\/www.accuratereviews.com\/it\/piattaforme-influencer-marketing\/"},{"@type":"ListItem","position":3,"name":"Buzzoole"}]},{"@type":"WebSite","@id":"https:\/\/www.accuratereviews.com\/it\/#website","url":"https:\/\/www.accuratereviews.com\/it\/","name":"Accurate Reviews","description":"","potentialAction":[{"@type":"SearchAction","target":{"@type":"EntryPoint","urlTemplate":"https:\/\/www.accuratereviews.com\/it\/?s={search_term_string}"},"query-input":{"@type":"PropertyValueSpecification","valueRequired":true,"valueName":"search_term_string"}}],"inLanguage":"it-IT"}]}},"_links":{"self":[{"href":"https:\/\/www.accuratereviews.com\/it\/wp-json\/wp\/v2\/pages\/48934","targetHints":{"allow":["GET"]}}],"collection":[{"href":"https:\/\/www.accuratereviews.com\/it\/wp-json\/wp\/v2\/pages"}],"about":[{"href":"https:\/\/www.accuratereviews.com\/it\/wp-json\/wp\/v2\/types\/page"}],"author":[{"embeddable":true,"href":"https:\/\/www.accuratereviews.com\/it\/wp-json\/wp\/v2\/users\/16"}],"replies":[{"embeddable":true,"href":"https:\/\/www.accuratereviews.com\/it\/wp-json\/wp\/v2\/comments?post=48934"}],"version-history":[{"count":7,"href":"https:\/\/www.accuratereviews.com\/it\/wp-json\/wp\/v2\/pages\/48934\/revisions"}],"predecessor-version":[{"id":48954,"href":"https:\/\/www.accuratereviews.com\/it\/wp-json\/wp\/v2\/pages\/48934\/revisions\/48954"}],"up":[{"embeddable":true,"href":"https:\/\/www.accuratereviews.com\/it\/wp-json\/wp\/v2\/pages\/48041"}],"wp:featuredmedia":[{"embeddable":true,"href":"https:\/\/www.accuratereviews.com\/it\/wp-json\/wp\/v2\/media\/48935"}],"wp:attachment":[{"href":"https:\/\/www.accuratereviews.com\/it\/wp-json\/wp\/v2\/media?parent=48934"}],"wp:term":[{"taxonomy":"category","embeddable":true,"href":"https:\/\/www.accuratereviews.com\/it\/wp-json\/wp\/v2\/categories?post=48934"},{"taxonomy":"post_tag","embeddable":true,"href":"https:\/\/www.accuratereviews.com\/it\/wp-json\/wp\/v2\/tags?post=48934"},{"taxonomy":"features","embeddable":true,"href":"https:\/\/www.accuratereviews.com\/it\/wp-json\/wp\/v2\/features?post=48934"}],"curies":[{"name":"wp","href":"https:\/\/api.w.org\/{rel}","templated":true}]}}