{"id":49055,"date":"2021-10-26T11:21:39","date_gmt":"2021-10-26T11:21:39","guid":{"rendered":"https:\/\/www.accuratereviews.com\/?page_id=49055"},"modified":"2021-10-26T11:21:39","modified_gmt":"2021-10-26T11:21:39","slug":"messente-recensione","status":"publish","type":"page","link":"https:\/\/www.accuratereviews.com\/it\/piattaforme-sms-marketing\/messente-recensione\/","title":{"rendered":"Messente"},"content":{"rendered":"<p><strong>Messente<\/strong> \u00e8 un <strong>software di marketing mobile<\/strong> che consente agli utenti di inviare <strong>sms<\/strong> in oltre 190 paesi. La piattaforma ha collaborato con oltre 800 reti mobili per garantire la consegna affidabile dei messaggi. Funzionalit\u00e0 come il routing velocizzano anche la consegna dei messaggi scegliendo il percorso di consegna pi\u00f9 veloce. Offre varie funzionalit\u00e0 per migliorare la sicurezza dell&#8217;account utente. La piattaforma pu\u00f2 essere configurata per inviare codici PIN tramite sms e utilizzare l&#8217;autenticazione a due fattori per confermare transazioni e autorizzazioni. Il software pu\u00f2 anche generare password monouso basate sul tempo di cui viene eseguito il backup tramite sms. Queste funzionalit\u00e0 assicurano che solo le persone giuste possano accedere ai propri account. Le aziende possono utilizzare <strong>Messente<\/strong> per sfruttare il marketing via sms per migliorare il coinvolgimento dei clienti.<\/p>\n<h2>MESSENTE &#8211; TUTORIAL<\/h2>\n<p>Fornisci codici pin business-critical, notifiche e <strong>messaggi di marketing<\/strong> direttamente nelle mani dei tuoi clienti con l&#8217;API SMS e omnicanale di questo software:<\/p>\n<div id=\"fluid-wrapper-counter-1\" class=\"g1-fluid-wrapper \" style=\"width:686px;\">\n<div style=\"padding-bottom:56.268221574344%;\"><iframe loading=\"lazy\" title=\"Messente&#039;s SMS &amp; Omnichannel API - Global Messaging Platform for Businesses\" width=\"686\" height=\"386\" src=\"https:\/\/www.youtube.com\/embed\/1vyvSQF8J_c?feature=oembed&amp;wmode=transparent&amp;autohide=1&amp;autoplay=0&amp;disablekb=0&amp;fs=1&amp;loop=0&amp;enablejsapi=1&amp;rel=0&amp;controls=2&amp;showinfo=0&amp;wmode=transparent&amp;autohide=2&amp;autoplay=0&amp;disablekb=0&amp;fs=1&amp;loop=0&amp;enablejsapi=1&amp;rel=0&amp;controls=2&amp;showinfo=1\" frameborder=\"0\" allow=\"accelerometer; autoplay; clipboard-write; encrypted-media; gyroscope; picture-in-picture\" allowfullscreen><\/iframe><\/div>\n<\/div>\n<h3>MESSENTE &#8211; CARATTERISTICHE<\/h3>\n<ul>\n<li><strong>Portata globale<\/strong>: invia sms a clienti in oltre 190 paesi grazie alle partnership con oltre 800 reti mobili e hub<\/li>\n<li><strong>Nessun costo nascosto<\/strong>: prezzi equi e trasparenti. Nessun costo di installazione o abbonamento di cui preoccuparsi. Paghi solo per i messaggi che invii<\/li>\n<li><strong>Supporto gratuito<\/strong>: entra in contatto con una persona reale quando hai domande o hai bisogno di una mano<\/li>\n<li><strong>Instradamento<\/strong>: i tuoi messaggi arrivano velocemente grazie agli algoritmi di routing intelligenti che determinano i canali di consegna o reindirizzamento rapidi<\/li>\n<li><strong>Analisi completa<\/strong>: guarda come stanno andando i tuoi messaggi nella dashboard online. Visualizza la cronologia delle campagne, i rapporti di consegna e altro ancora<\/li>\n<li><strong>Messaggistica omnicanale<\/strong>: invia messaggi ricchi di contenuto agli utenti Viber tramite la stessa API di messaggistica con pi\u00f9 piattaforme OTT e RCS in arrivo<\/li>\n<li><strong>Strumenti per le campagne SMS<\/strong>: esegui campagne mirate con strumenti come anteprima dei messaggi, modelli, pianificazione, link di cancellazione e integrazione CRM<\/li>\n<li><strong>Costruito per scalare<\/strong>: affidati a un&#8217;API di livello aziendale facile da integrare per gestire qualsiasi volume di messaggi di cui la tua azienda ha bisogno man mano che cresci<\/li>\n<\/ul>\n<h4>LE RECENSIONI DEGLI UTENTI<\/h4>\n<p class=\"font-weight-bold mb-1 d-flex align-items-center\"><strong>Boris B.&#8221;Partner di messaggistica affidabile&#8221;<\/strong><\/p>\n<p><strong>Pro: <\/strong>Messente \u00e8 uno dei pochi provider di messaggistica che utilizziamo nel mondo. Ha sicuramente la migliore gestione dell&#8217;account della classe e ha un prezzo molto ragionevole. Nel corso della nostra relazione hanno superato altri fornitori nei nostri mercati pi\u00f9 importanti.<\/p>\n<p><strong>Contro: <\/strong>Non mi viene in mente nulla di specifico. Lo strumento \u00e8 molto semplice.<\/p>\n<p class=\"font-weight-bold mb-1 d-flex align-items-center\"><strong>Neeme P.&#8221;Buon servizio&#8221;<\/strong><\/p>\n<p><strong>Commenti: <\/strong>Dobbiamo inviare notifiche SMS agli utenti e non vogliamo occuparcene da soli. Messente ha mantenuto ci\u00f2 che promette.<\/p>\n<p><strong>Pro: <\/strong>API ben documentata, tutte le funzionalit\u00e0 di cui abbiamo bisogno (e altro), ottimo supporto clienti: cosa si pu\u00f2 desiderare di pi\u00f9?<\/p>\n<p><strong>Contro: <\/strong>Troveremmo utile avere il supporto per pi\u00f9 organizzazioni con lo stesso account. Non \u00e8 un rompicapo, per\u00f2, solo bello avere.<\/p>\n<p class=\"font-weight-bold mb-1 d-flex align-items-center\"><strong>Alejandro M.&#8221;Recensione Messente&#8221;<\/strong><\/p>\n<p><strong>Commenti: <\/strong>In generale l&#8217;esperienza \u00e8 sempre stata molto positiva, in quanto di facile utilizzo e interpretazione<\/p>\n<p><strong>Pro: <\/strong>La piattaforma e il servizio sono molto intuitivi; E facile da usare<\/p>\n<p><strong>Contro: <\/strong>Il download dei dati del messaggio, esce in uno strano formato e deve essere modificato<\/p>\n<p>&nbsp;<\/p>\n","protected":false},"excerpt":{"rendered":"<p>Messente \u00e8 un software di marketing mobile che consente agli utenti di inviare SMS in oltre 190 paesi. La piattaforma ha collaborato con oltre 800 reti mobili per garantire la consegna affidabile dei messaggi. Funzionalit\u00e0 come il routing velocizza anche la consegna dei messaggi scegliendo il percorso di consegna pi\u00f9 veloce.\u00a0<\/p>\n","protected":false},"author":16,"featured_media":49057,"parent":49078,"menu_order":0,"comment_status":"open","ping_status":"closed","template":"g1_template_page_review_new.php","meta":{"_acf_changed":false,"cwp_meta_box_check":"Yes","cwp_rev_product_name":"","cwp_rev_product_image":"","wppr_links":[],"cwp_rev_price":"","wppr_options":[],"wppr_pros":[],"wppr_cons":[],"_monsterinsights_skip_tracking":false,"_monsterinsights_sitenote_active":false,"_monsterinsights_sitenote_note":"","_monsterinsights_sitenote_category":0,"footnotes":""},"categories":[11324],"tags":[11343,11327,11329,5721,11328,11330],"features":[],"class_list":{"0":"post-49055","1":"page","2":"type-page","3":"status-publish","4":"has-post-thumbnail","6":"category-piattaforma-sms-marketing-cat","7":"tag-messente","8":"tag-piattaforma-sms-marketing","9":"tag-programma-sms-marketing","10":"tag-sms-marketing-it","11":"tag-software-sms-marketing","12":"tag-soluzione-sms-marketing"},"wppr_data":{"cwp_meta_box_check":"Yes","cwp_rev_product_name":"","cwp_rev_product_image":"","cwp_image_link":"image","cwp_rev_price":"","wppr_rating":"0.00"},"acf":[],"yoast_head":"<!-- This site is optimized with the Yoast SEO plugin v27.4 - https:\/\/yoast.com\/product\/yoast-seo-wordpress\/ -->\n<title>Messente: recensione software SMS marketing - Accurate Reviews<\/title>\n<meta name=\"description\" content=\"Messente: recensione software di marketing mobile che consente agli utenti di inviare SMS in oltre 190 paesi.\" \/>\n<meta name=\"robots\" content=\"index, follow, max-snippet:-1, max-image-preview:large, max-video-preview:-1\" \/>\n<link rel=\"canonical\" href=\"https:\/\/www.accuratereviews.com\/it\/piattaforme-sms-marketing\/messente-recensione\/\" \/>\n<meta property=\"og:locale\" content=\"it_IT\" \/>\n<meta property=\"og:type\" content=\"article\" \/>\n<meta property=\"og:title\" content=\"Messente: recensione software SMS marketing - Accurate Reviews\" \/>\n<meta property=\"og:description\" content=\"Messente: recensione software di marketing mobile che consente agli utenti di inviare SMS in oltre 190 paesi.\" \/>\n<meta property=\"og:url\" content=\"https:\/\/www.accuratereviews.com\/it\/piattaforme-sms-marketing\/messente-recensione\/\" \/>\n<meta property=\"og:site_name\" content=\"Accurate Reviews\" \/>\n<meta property=\"og:image\" content=\"https:\/\/www.accuratereviews.com\/wp-content\/uploads\/2021\/10\/Messente.jpg\" \/>\n\t<meta property=\"og:image:width\" content=\"400\" \/>\n\t<meta property=\"og:image:height\" content=\"400\" \/>\n\t<meta property=\"og:image:type\" content=\"image\/jpeg\" \/>\n<meta name=\"twitter:card\" content=\"summary_large_image\" \/>\n<meta name=\"twitter:label1\" content=\"Tempo di lettura stimato\" \/>\n\t<meta name=\"twitter:data1\" content=\"3 minuti\" \/>\n<script type=\"application\/ld+json\" class=\"yoast-schema-graph\">{\"@context\":\"https:\\\/\\\/schema.org\",\"@graph\":[{\"@type\":\"WebPage\",\"@id\":\"https:\\\/\\\/www.accuratereviews.com\\\/it\\\/piattaforme-sms-marketing\\\/messente-recensione\\\/\",\"url\":\"https:\\\/\\\/www.accuratereviews.com\\\/it\\\/piattaforme-sms-marketing\\\/messente-recensione\\\/\",\"name\":\"Messente: recensione software SMS marketing - Accurate Reviews\",\"isPartOf\":{\"@id\":\"https:\\\/\\\/www.accuratereviews.com\\\/it\\\/#website\"},\"primaryImageOfPage\":{\"@id\":\"https:\\\/\\\/www.accuratereviews.com\\\/it\\\/piattaforme-sms-marketing\\\/messente-recensione\\\/#primaryimage\"},\"image\":{\"@id\":\"https:\\\/\\\/www.accuratereviews.com\\\/it\\\/piattaforme-sms-marketing\\\/messente-recensione\\\/#primaryimage\"},\"thumbnailUrl\":\"https:\\\/\\\/www.accuratereviews.com\\\/wp-content\\\/uploads\\\/2021\\\/10\\\/Messente.jpg\",\"datePublished\":\"2021-10-26T11:21:39+00:00\",\"description\":\"Messente: recensione software di marketing mobile che consente agli utenti di inviare SMS in oltre 190 paesi.\",\"breadcrumb\":{\"@id\":\"https:\\\/\\\/www.accuratereviews.com\\\/it\\\/piattaforme-sms-marketing\\\/messente-recensione\\\/#breadcrumb\"},\"inLanguage\":\"it-IT\",\"potentialAction\":[{\"@type\":\"ReadAction\",\"target\":[\"https:\\\/\\\/www.accuratereviews.com\\\/it\\\/piattaforme-sms-marketing\\\/messente-recensione\\\/\"]}]},{\"@type\":\"ImageObject\",\"inLanguage\":\"it-IT\",\"@id\":\"https:\\\/\\\/www.accuratereviews.com\\\/it\\\/piattaforme-sms-marketing\\\/messente-recensione\\\/#primaryimage\",\"url\":\"https:\\\/\\\/www.accuratereviews.com\\\/wp-content\\\/uploads\\\/2021\\\/10\\\/Messente.jpg\",\"contentUrl\":\"https:\\\/\\\/www.accuratereviews.com\\\/wp-content\\\/uploads\\\/2021\\\/10\\\/Messente.jpg\",\"width\":400,\"height\":400},{\"@type\":\"BreadcrumbList\",\"@id\":\"https:\\\/\\\/www.accuratereviews.com\\\/it\\\/piattaforme-sms-marketing\\\/messente-recensione\\\/#breadcrumb\",\"itemListElement\":[{\"@type\":\"ListItem\",\"position\":1,\"name\":\"Home\",\"item\":\"https:\\\/\\\/www.accuratereviews.com\\\/it\\\/\"},{\"@type\":\"ListItem\",\"position\":2,\"name\":\"Piattaforme per sms marketing\",\"item\":\"https:\\\/\\\/www.accuratereviews.com\\\/it\\\/piattaforme-sms-marketing\\\/\"},{\"@type\":\"ListItem\",\"position\":3,\"name\":\"Messente\"}]},{\"@type\":\"WebSite\",\"@id\":\"https:\\\/\\\/www.accuratereviews.com\\\/it\\\/#website\",\"url\":\"https:\\\/\\\/www.accuratereviews.com\\\/it\\\/\",\"name\":\"Accurate Reviews\",\"description\":\"\",\"potentialAction\":[{\"@type\":\"SearchAction\",\"target\":{\"@type\":\"EntryPoint\",\"urlTemplate\":\"https:\\\/\\\/www.accuratereviews.com\\\/it\\\/?s={search_term_string}\"},\"query-input\":{\"@type\":\"PropertyValueSpecification\",\"valueRequired\":true,\"valueName\":\"search_term_string\"}}],\"inLanguage\":\"it-IT\"}]}<\/script>\n<!-- \/ Yoast SEO plugin. -->","yoast_head_json":{"title":"Messente: recensione software SMS marketing - Accurate Reviews","description":"Messente: recensione software di marketing mobile che consente agli utenti di inviare SMS in oltre 190 paesi.","robots":{"index":"index","follow":"follow","max-snippet":"max-snippet:-1","max-image-preview":"max-image-preview:large","max-video-preview":"max-video-preview:-1"},"canonical":"https:\/\/www.accuratereviews.com\/it\/piattaforme-sms-marketing\/messente-recensione\/","og_locale":"it_IT","og_type":"article","og_title":"Messente: recensione software SMS marketing - Accurate Reviews","og_description":"Messente: recensione software di marketing mobile che consente agli utenti di inviare SMS in oltre 190 paesi.","og_url":"https:\/\/www.accuratereviews.com\/it\/piattaforme-sms-marketing\/messente-recensione\/","og_site_name":"Accurate Reviews","og_image":[{"width":400,"height":400,"url":"https:\/\/www.accuratereviews.com\/wp-content\/uploads\/2021\/10\/Messente.jpg","type":"image\/jpeg"}],"twitter_card":"summary_large_image","twitter_misc":{"Tempo di lettura stimato":"3 minuti"},"schema":{"@context":"https:\/\/schema.org","@graph":[{"@type":"WebPage","@id":"https:\/\/www.accuratereviews.com\/it\/piattaforme-sms-marketing\/messente-recensione\/","url":"https:\/\/www.accuratereviews.com\/it\/piattaforme-sms-marketing\/messente-recensione\/","name":"Messente: recensione software SMS marketing - Accurate Reviews","isPartOf":{"@id":"https:\/\/www.accuratereviews.com\/it\/#website"},"primaryImageOfPage":{"@id":"https:\/\/www.accuratereviews.com\/it\/piattaforme-sms-marketing\/messente-recensione\/#primaryimage"},"image":{"@id":"https:\/\/www.accuratereviews.com\/it\/piattaforme-sms-marketing\/messente-recensione\/#primaryimage"},"thumbnailUrl":"https:\/\/www.accuratereviews.com\/wp-content\/uploads\/2021\/10\/Messente.jpg","datePublished":"2021-10-26T11:21:39+00:00","description":"Messente: recensione software di marketing mobile che consente agli utenti di inviare SMS in oltre 190 paesi.","breadcrumb":{"@id":"https:\/\/www.accuratereviews.com\/it\/piattaforme-sms-marketing\/messente-recensione\/#breadcrumb"},"inLanguage":"it-IT","potentialAction":[{"@type":"ReadAction","target":["https:\/\/www.accuratereviews.com\/it\/piattaforme-sms-marketing\/messente-recensione\/"]}]},{"@type":"ImageObject","inLanguage":"it-IT","@id":"https:\/\/www.accuratereviews.com\/it\/piattaforme-sms-marketing\/messente-recensione\/#primaryimage","url":"https:\/\/www.accuratereviews.com\/wp-content\/uploads\/2021\/10\/Messente.jpg","contentUrl":"https:\/\/www.accuratereviews.com\/wp-content\/uploads\/2021\/10\/Messente.jpg","width":400,"height":400},{"@type":"BreadcrumbList","@id":"https:\/\/www.accuratereviews.com\/it\/piattaforme-sms-marketing\/messente-recensione\/#breadcrumb","itemListElement":[{"@type":"ListItem","position":1,"name":"Home","item":"https:\/\/www.accuratereviews.com\/it\/"},{"@type":"ListItem","position":2,"name":"Piattaforme per sms marketing","item":"https:\/\/www.accuratereviews.com\/it\/piattaforme-sms-marketing\/"},{"@type":"ListItem","position":3,"name":"Messente"}]},{"@type":"WebSite","@id":"https:\/\/www.accuratereviews.com\/it\/#website","url":"https:\/\/www.accuratereviews.com\/it\/","name":"Accurate Reviews","description":"","potentialAction":[{"@type":"SearchAction","target":{"@type":"EntryPoint","urlTemplate":"https:\/\/www.accuratereviews.com\/it\/?s={search_term_string}"},"query-input":{"@type":"PropertyValueSpecification","valueRequired":true,"valueName":"search_term_string"}}],"inLanguage":"it-IT"}]}},"_links":{"self":[{"href":"https:\/\/www.accuratereviews.com\/it\/wp-json\/wp\/v2\/pages\/49055","targetHints":{"allow":["GET"]}}],"collection":[{"href":"https:\/\/www.accuratereviews.com\/it\/wp-json\/wp\/v2\/pages"}],"about":[{"href":"https:\/\/www.accuratereviews.com\/it\/wp-json\/wp\/v2\/types\/page"}],"author":[{"embeddable":true,"href":"https:\/\/www.accuratereviews.com\/it\/wp-json\/wp\/v2\/users\/16"}],"replies":[{"embeddable":true,"href":"https:\/\/www.accuratereviews.com\/it\/wp-json\/wp\/v2\/comments?post=49055"}],"version-history":[{"count":8,"href":"https:\/\/www.accuratereviews.com\/it\/wp-json\/wp\/v2\/pages\/49055\/revisions"}],"predecessor-version":[{"id":49116,"href":"https:\/\/www.accuratereviews.com\/it\/wp-json\/wp\/v2\/pages\/49055\/revisions\/49116"}],"up":[{"embeddable":true,"href":"https:\/\/www.accuratereviews.com\/it\/wp-json\/wp\/v2\/pages\/49078"}],"wp:featuredmedia":[{"embeddable":true,"href":"https:\/\/www.accuratereviews.com\/it\/wp-json\/wp\/v2\/media\/49057"}],"wp:attachment":[{"href":"https:\/\/www.accuratereviews.com\/it\/wp-json\/wp\/v2\/media?parent=49055"}],"wp:term":[{"taxonomy":"category","embeddable":true,"href":"https:\/\/www.accuratereviews.com\/it\/wp-json\/wp\/v2\/categories?post=49055"},{"taxonomy":"post_tag","embeddable":true,"href":"https:\/\/www.accuratereviews.com\/it\/wp-json\/wp\/v2\/tags?post=49055"},{"taxonomy":"features","embeddable":true,"href":"https:\/\/www.accuratereviews.com\/it\/wp-json\/wp\/v2\/features?post=49055"}],"curies":[{"name":"wp","href":"https:\/\/api.w.org\/{rel}","templated":true}]}}