{"id":49063,"date":"2021-10-26T11:24:14","date_gmt":"2021-10-26T11:24:14","guid":{"rendered":"https:\/\/www.accuratereviews.com\/?page_id=49063"},"modified":"2021-10-26T11:24:14","modified_gmt":"2021-10-26T11:24:14","slug":"routee-recensione","status":"publish","type":"page","link":"https:\/\/www.accuratereviews.com\/it\/piattaforme-sms-marketing\/routee-recensione\/","title":{"rendered":"Routee"},"content":{"rendered":"<p><strong>Routee<\/strong>, fornisce soluzioni web e API Communication as a Service, per espandere e semplificare le capacit\u00e0 di <strong>comunicazione<\/strong> tra persone, applicazioni, aziende e tecnologia. Le organizzazioni sono in grado di utilizzare forme di messaggistica, voce e verifica. Le caratteristiche principali includono email, testo\/sms, sms bidirezionali, IVR, click-to-call, autenticazione a due fattori, ricerca\/convalida del numero e numeri di telefono virtuali. Inoltre, gli utenti hanno la possibilit\u00e0 di progettare e automatizzare i flussi di lavoro, oltre a dare la priorit\u00e0 a determinati canali per ottenere il massimo coinvolgimento durante la consegna dei messaggi. <strong>Routee<\/strong> offre report in tempo reale sul comportamento dei clienti. Questi rapporti tengono traccia della posizione, dell&#8217;ora, dei messaggi letti e dei tassi di conversione per un&#8217;analisi dettagliata.\u00a0Inoltre, viene fornita documentazione sull&#8217;API per le aziende che desiderano integrare sistemi di terze parti con la piattaforma.<\/p>\n<h2>ROUTEE &#8211; TUTORIAL<\/h2>\n<p>Comunica, coinvolgi e converti con questo programma, il tuo partner per l&#8217;<strong>automazione del marketing:<\/strong><\/p>\n<div id=\"fluid-wrapper-counter-1\" class=\"g1-fluid-wrapper \" style=\"width:686px;\">\n<div style=\"padding-bottom:56.268221574344%;\"><iframe loading=\"lazy\" title=\"Routee: Harness the power of Marketing Automation\" width=\"686\" height=\"386\" src=\"https:\/\/www.youtube.com\/embed\/m1C_XRJrYRc?feature=oembed&amp;wmode=transparent&amp;autohide=1&amp;autoplay=0&amp;disablekb=0&amp;fs=1&amp;loop=0&amp;enablejsapi=1&amp;rel=0&amp;controls=2&amp;showinfo=0&amp;wmode=transparent&amp;autohide=2&amp;autoplay=0&amp;disablekb=0&amp;fs=1&amp;loop=0&amp;enablejsapi=1&amp;rel=0&amp;controls=2&amp;showinfo=1\" frameborder=\"0\" allow=\"accelerometer; autoplay; clipboard-write; encrypted-media; gyroscope; picture-in-picture\" allowfullscreen><\/iframe><\/div>\n<\/div>\n<h3>ROUTEE &#8211; CARATTERISTICHE<\/h3>\n<ul>\n<li class=\"a4\"><strong>Sms<\/strong>: come uno dei primi pionieri dei messaggi di testo come strumento di marketing, ha una vasta esperienza che la tua azienda pu\u00f2 utilizzare oggi. Gli sms sono un ottimo modo per connettersi personalmente con i singoli clienti<\/li>\n<li class=\"a4\"><strong>Voice<\/strong>: la voce sta diventando rapidamente il modo in cui controlliamo il mondo che ci circonda. Il software ha gli strumenti necessari per sfruttare immediatamente il voice marketing<\/li>\n<li class=\"a4\"><strong>Email<\/strong>: l&#8217;email \u00e8 ancora uno dei canali di marketing pi\u00f9 efficaci che la tua azienda pu\u00f2 utilizzare. Con i servizi della piattaforma puoi spostare le tue campagne email al livello successivo<\/li>\n<li class=\"a4\"><strong>App di messaggistica<\/strong>: interagisci con i tuoi clienti attraverso le popolari piattaforme di messaggistica come Facebook Messenger, Viber e WhatsApp<\/li>\n<li class=\"a4\"><strong>Numeri<\/strong>: correggi e verifica l&#8217;accuratezza dei numeri di telefono dei tuoi clienti. Utilizza un flusso di lavoro interattivo con utenti, clienti, colleghi e partner tramite sms o chiamate telefoniche dirette utilizzando la tua applicazione per l\u2019attivazione di numero virtuale<\/li>\n<li class=\"a4\"><strong>Autenticazione a due fattori:<\/strong> usando questo software hai accesso a strumenti di sicurezza di livello mondiale. Assicurati che i tuoi clienti siano sempre al sicuro garantendo un elevato livello di sicurezza per ogni messaggio inviato dalla tua azienda<\/li>\n<li class=\"a4\"><strong>Automazione del marketing<\/strong>: crea i tuoi flussi di dati, segmenta il tuo pubblico, ottieni analisi in tempo reale e informazioni utili per apportare eventuali modifiche necessarie alle tue campagne.<\/li>\n<\/ul>\n<h4>LE RECENSIONI DEGLI UTENTI<\/h4>\n<p class=\"font-weight-bold mb-1 d-flex align-items-center\"><strong>Tony S.&#8221;Uno dei migliori fornitori di SMS&#8221;<\/strong><\/p>\n<p><strong>Commenti: <\/strong>Mi piace Routee in generale e continuer\u00f2 a usarlo, almeno per &#8220;il resto del mondo, ma quando ho davvero bisogno di messaggi affidabili, preferisco trattare direttamente con gli operatori di telefonia mobile, se possibile&#8221;.<\/p>\n<p><strong>Pro: <\/strong>I prezzi sono i pi\u00f9 economici e affidabili che ho trovato per il paese a cui mi rivolgo maggiormente (Malta, UE) ma sembra abbastanza economico e affidabile anche per altri paesi. \u00c8 il pi\u00f9 vicino possibile all&#8217;integrazione diretta con l&#8217;operatore<\/p>\n<p><strong>Contro: <\/strong>In un&#8217;occasione hanno promesso un percorso diretto ma in realt\u00e0 non lo \u00e8 stato. I messaggi ai numeri trasferiti venivano persi e hanno detto di averlo risolto dopo il fatto, ma non potevano garantire che non sarebbe successo di nuovo.\u00a0Il supporto \u00e8 stato veloce ma non abbastanza per salvare la situazione con il mio cliente.<\/p>\n<p class=\"font-weight-bold mb-1 d-flex align-items-center\"><strong>Christos B.&#8221;Funzione SMS&#8221;<\/strong><\/p>\n<p><strong>Commenti: <\/strong>Le persone nel settore assicurativo hanno bisogno di comunicare ogni giorno con i clienti sulle date di scadenza dei contratti. Il sistema ROUTEE ha aiutato ad automatizzare l&#8217;invio di messaggi SMS. Reso facile ed economico<\/p>\n<p><strong>Pro: <\/strong>Buona documentazione dettagliata ed esempi<\/p>\n<p><strong>Contro: <\/strong>Gli esempi non includevano VB.NET e alcuni errori nelle stringhe JSON<\/p>\n<p class=\"font-weight-bold mb-1 d-flex align-items-center\"><strong>Athanasios Z.&#8221;Routee sms gateway&#8221;<\/strong><\/p>\n<p><strong>Commenti: <\/strong>positivo. Sicuramente lo consiglio<\/p>\n<p><strong>Pro: <\/strong>supporta tutti i fornitori di Grecia e Bulgaria,\u00a0prezzi bassi,\u00a0messaggi predefiniti per i clienti,\u00a0storia completa e rapporto di consegna<\/p>\n<p><strong>Contro: <\/strong>un po&#8217; complicato. Ovviamente i programmatori non hanno in mente l&#8217;utente ma la funzionalit\u00e0.<\/p>\n<p>&nbsp;<\/p>\n","protected":false},"excerpt":{"rendered":"<p>Routee, fornisce soluzioni web e API Communication as a Service, per espandere e semplificare le capacit\u00e0 di comunicazione tra persone, applicazioni, aziende e tecnologia. Le organizzazioni sono in grado di utilizzare forme di messaggistica, voce e verifica. Le caratteristiche principali includono email, testo\/SMS, SMS bidirezionali, IVR, click-to-call, autenticazione a due fattori, ricerca\/convalida del numero e numeri di telefono virtuali.<\/p>\n","protected":false},"author":16,"featured_media":49065,"parent":49078,"menu_order":0,"comment_status":"open","ping_status":"closed","template":"g1_template_page_review_new.php","meta":{"_acf_changed":false,"cwp_meta_box_check":"Yes","cwp_rev_product_name":"","cwp_rev_product_image":"","wppr_links":[],"cwp_rev_price":"","wppr_options":[],"wppr_pros":[],"wppr_cons":[],"_monsterinsights_skip_tracking":false,"_monsterinsights_sitenote_active":false,"_monsterinsights_sitenote_note":"","_monsterinsights_sitenote_category":0,"footnotes":""},"categories":[11324],"tags":[11327,11329,11331,11332,11328,11330],"features":[],"class_list":{"0":"post-49063","1":"page","2":"type-page","3":"status-publish","4":"has-post-thumbnail","6":"category-piattaforma-sms-marketing-cat","7":"tag-piattaforma-sms-marketing","8":"tag-programma-sms-marketing","9":"tag-routee","10":"tag-sms-markerketing","11":"tag-software-sms-marketing","12":"tag-soluzione-sms-marketing"},"wppr_data":{"cwp_meta_box_check":"Yes","cwp_rev_product_name":"","cwp_rev_product_image":"","cwp_image_link":"image","cwp_rev_price":"","wppr_rating":"0.00"},"acf":[],"yoast_head":"<!-- This site is optimized with the Yoast SEO plugin v27.4 - https:\/\/yoast.com\/product\/yoast-seo-wordpress\/ -->\n<title>Routee: recensione piattaforma SMS marketing - Accurate Reviews<\/title>\n<meta name=\"description\" content=\"Routee: recensione piattaforma per sms marketing per espandere e semplificare le capacit\u00e0 di comunicazione tra persone.\" \/>\n<meta name=\"robots\" content=\"index, follow, max-snippet:-1, max-image-preview:large, max-video-preview:-1\" \/>\n<link rel=\"canonical\" href=\"https:\/\/www.accuratereviews.com\/it\/piattaforme-sms-marketing\/routee-recensione\/\" \/>\n<meta property=\"og:locale\" content=\"it_IT\" \/>\n<meta property=\"og:type\" content=\"article\" \/>\n<meta property=\"og:title\" content=\"Routee: recensione piattaforma SMS marketing - Accurate Reviews\" \/>\n<meta property=\"og:description\" content=\"Routee: recensione piattaforma per sms marketing per espandere e semplificare le capacit\u00e0 di comunicazione tra persone.\" \/>\n<meta property=\"og:url\" content=\"https:\/\/www.accuratereviews.com\/it\/piattaforme-sms-marketing\/routee-recensione\/\" \/>\n<meta property=\"og:site_name\" content=\"Accurate Reviews\" \/>\n<meta property=\"og:image\" content=\"https:\/\/www.accuratereviews.com\/wp-content\/uploads\/2021\/10\/Routee.jpeg\" \/>\n\t<meta property=\"og:image:width\" content=\"200\" \/>\n\t<meta property=\"og:image:height\" content=\"200\" \/>\n\t<meta property=\"og:image:type\" content=\"image\/jpeg\" \/>\n<meta name=\"twitter:card\" content=\"summary_large_image\" \/>\n<meta name=\"twitter:label1\" content=\"Tempo di lettura stimato\" \/>\n\t<meta name=\"twitter:data1\" content=\"3 minuti\" \/>\n<script type=\"application\/ld+json\" class=\"yoast-schema-graph\">{\"@context\":\"https:\\\/\\\/schema.org\",\"@graph\":[{\"@type\":\"WebPage\",\"@id\":\"https:\\\/\\\/www.accuratereviews.com\\\/it\\\/piattaforme-sms-marketing\\\/routee-recensione\\\/\",\"url\":\"https:\\\/\\\/www.accuratereviews.com\\\/it\\\/piattaforme-sms-marketing\\\/routee-recensione\\\/\",\"name\":\"Routee: recensione piattaforma SMS marketing - Accurate Reviews\",\"isPartOf\":{\"@id\":\"https:\\\/\\\/www.accuratereviews.com\\\/it\\\/#website\"},\"primaryImageOfPage\":{\"@id\":\"https:\\\/\\\/www.accuratereviews.com\\\/it\\\/piattaforme-sms-marketing\\\/routee-recensione\\\/#primaryimage\"},\"image\":{\"@id\":\"https:\\\/\\\/www.accuratereviews.com\\\/it\\\/piattaforme-sms-marketing\\\/routee-recensione\\\/#primaryimage\"},\"thumbnailUrl\":\"https:\\\/\\\/www.accuratereviews.com\\\/wp-content\\\/uploads\\\/2021\\\/10\\\/Routee.jpeg\",\"datePublished\":\"2021-10-26T11:24:14+00:00\",\"description\":\"Routee: recensione piattaforma per sms marketing per espandere e semplificare le capacit\u00e0 di comunicazione tra persone.\",\"breadcrumb\":{\"@id\":\"https:\\\/\\\/www.accuratereviews.com\\\/it\\\/piattaforme-sms-marketing\\\/routee-recensione\\\/#breadcrumb\"},\"inLanguage\":\"it-IT\",\"potentialAction\":[{\"@type\":\"ReadAction\",\"target\":[\"https:\\\/\\\/www.accuratereviews.com\\\/it\\\/piattaforme-sms-marketing\\\/routee-recensione\\\/\"]}]},{\"@type\":\"ImageObject\",\"inLanguage\":\"it-IT\",\"@id\":\"https:\\\/\\\/www.accuratereviews.com\\\/it\\\/piattaforme-sms-marketing\\\/routee-recensione\\\/#primaryimage\",\"url\":\"https:\\\/\\\/www.accuratereviews.com\\\/wp-content\\\/uploads\\\/2021\\\/10\\\/Routee.jpeg\",\"contentUrl\":\"https:\\\/\\\/www.accuratereviews.com\\\/wp-content\\\/uploads\\\/2021\\\/10\\\/Routee.jpeg\",\"width\":200,\"height\":200},{\"@type\":\"BreadcrumbList\",\"@id\":\"https:\\\/\\\/www.accuratereviews.com\\\/it\\\/piattaforme-sms-marketing\\\/routee-recensione\\\/#breadcrumb\",\"itemListElement\":[{\"@type\":\"ListItem\",\"position\":1,\"name\":\"Home\",\"item\":\"https:\\\/\\\/www.accuratereviews.com\\\/it\\\/\"},{\"@type\":\"ListItem\",\"position\":2,\"name\":\"Piattaforme per sms marketing\",\"item\":\"https:\\\/\\\/www.accuratereviews.com\\\/it\\\/piattaforme-sms-marketing\\\/\"},{\"@type\":\"ListItem\",\"position\":3,\"name\":\"Routee\"}]},{\"@type\":\"WebSite\",\"@id\":\"https:\\\/\\\/www.accuratereviews.com\\\/it\\\/#website\",\"url\":\"https:\\\/\\\/www.accuratereviews.com\\\/it\\\/\",\"name\":\"Accurate Reviews\",\"description\":\"\",\"potentialAction\":[{\"@type\":\"SearchAction\",\"target\":{\"@type\":\"EntryPoint\",\"urlTemplate\":\"https:\\\/\\\/www.accuratereviews.com\\\/it\\\/?s={search_term_string}\"},\"query-input\":{\"@type\":\"PropertyValueSpecification\",\"valueRequired\":true,\"valueName\":\"search_term_string\"}}],\"inLanguage\":\"it-IT\"}]}<\/script>\n<!-- \/ Yoast SEO plugin. -->","yoast_head_json":{"title":"Routee: recensione piattaforma SMS marketing - Accurate Reviews","description":"Routee: recensione piattaforma per sms marketing per espandere e semplificare le capacit\u00e0 di comunicazione tra persone.","robots":{"index":"index","follow":"follow","max-snippet":"max-snippet:-1","max-image-preview":"max-image-preview:large","max-video-preview":"max-video-preview:-1"},"canonical":"https:\/\/www.accuratereviews.com\/it\/piattaforme-sms-marketing\/routee-recensione\/","og_locale":"it_IT","og_type":"article","og_title":"Routee: recensione piattaforma SMS marketing - Accurate Reviews","og_description":"Routee: recensione piattaforma per sms marketing per espandere e semplificare le capacit\u00e0 di comunicazione tra persone.","og_url":"https:\/\/www.accuratereviews.com\/it\/piattaforme-sms-marketing\/routee-recensione\/","og_site_name":"Accurate Reviews","og_image":[{"width":200,"height":200,"url":"https:\/\/www.accuratereviews.com\/wp-content\/uploads\/2021\/10\/Routee.jpeg","type":"image\/jpeg"}],"twitter_card":"summary_large_image","twitter_misc":{"Tempo di lettura stimato":"3 minuti"},"schema":{"@context":"https:\/\/schema.org","@graph":[{"@type":"WebPage","@id":"https:\/\/www.accuratereviews.com\/it\/piattaforme-sms-marketing\/routee-recensione\/","url":"https:\/\/www.accuratereviews.com\/it\/piattaforme-sms-marketing\/routee-recensione\/","name":"Routee: recensione piattaforma SMS marketing - Accurate Reviews","isPartOf":{"@id":"https:\/\/www.accuratereviews.com\/it\/#website"},"primaryImageOfPage":{"@id":"https:\/\/www.accuratereviews.com\/it\/piattaforme-sms-marketing\/routee-recensione\/#primaryimage"},"image":{"@id":"https:\/\/www.accuratereviews.com\/it\/piattaforme-sms-marketing\/routee-recensione\/#primaryimage"},"thumbnailUrl":"https:\/\/www.accuratereviews.com\/wp-content\/uploads\/2021\/10\/Routee.jpeg","datePublished":"2021-10-26T11:24:14+00:00","description":"Routee: recensione piattaforma per sms marketing per espandere e semplificare le capacit\u00e0 di comunicazione tra persone.","breadcrumb":{"@id":"https:\/\/www.accuratereviews.com\/it\/piattaforme-sms-marketing\/routee-recensione\/#breadcrumb"},"inLanguage":"it-IT","potentialAction":[{"@type":"ReadAction","target":["https:\/\/www.accuratereviews.com\/it\/piattaforme-sms-marketing\/routee-recensione\/"]}]},{"@type":"ImageObject","inLanguage":"it-IT","@id":"https:\/\/www.accuratereviews.com\/it\/piattaforme-sms-marketing\/routee-recensione\/#primaryimage","url":"https:\/\/www.accuratereviews.com\/wp-content\/uploads\/2021\/10\/Routee.jpeg","contentUrl":"https:\/\/www.accuratereviews.com\/wp-content\/uploads\/2021\/10\/Routee.jpeg","width":200,"height":200},{"@type":"BreadcrumbList","@id":"https:\/\/www.accuratereviews.com\/it\/piattaforme-sms-marketing\/routee-recensione\/#breadcrumb","itemListElement":[{"@type":"ListItem","position":1,"name":"Home","item":"https:\/\/www.accuratereviews.com\/it\/"},{"@type":"ListItem","position":2,"name":"Piattaforme per sms marketing","item":"https:\/\/www.accuratereviews.com\/it\/piattaforme-sms-marketing\/"},{"@type":"ListItem","position":3,"name":"Routee"}]},{"@type":"WebSite","@id":"https:\/\/www.accuratereviews.com\/it\/#website","url":"https:\/\/www.accuratereviews.com\/it\/","name":"Accurate Reviews","description":"","potentialAction":[{"@type":"SearchAction","target":{"@type":"EntryPoint","urlTemplate":"https:\/\/www.accuratereviews.com\/it\/?s={search_term_string}"},"query-input":{"@type":"PropertyValueSpecification","valueRequired":true,"valueName":"search_term_string"}}],"inLanguage":"it-IT"}]}},"_links":{"self":[{"href":"https:\/\/www.accuratereviews.com\/it\/wp-json\/wp\/v2\/pages\/49063","targetHints":{"allow":["GET"]}}],"collection":[{"href":"https:\/\/www.accuratereviews.com\/it\/wp-json\/wp\/v2\/pages"}],"about":[{"href":"https:\/\/www.accuratereviews.com\/it\/wp-json\/wp\/v2\/types\/page"}],"author":[{"embeddable":true,"href":"https:\/\/www.accuratereviews.com\/it\/wp-json\/wp\/v2\/users\/16"}],"replies":[{"embeddable":true,"href":"https:\/\/www.accuratereviews.com\/it\/wp-json\/wp\/v2\/comments?post=49063"}],"version-history":[{"count":10,"href":"https:\/\/www.accuratereviews.com\/it\/wp-json\/wp\/v2\/pages\/49063\/revisions"}],"predecessor-version":[{"id":49118,"href":"https:\/\/www.accuratereviews.com\/it\/wp-json\/wp\/v2\/pages\/49063\/revisions\/49118"}],"up":[{"embeddable":true,"href":"https:\/\/www.accuratereviews.com\/it\/wp-json\/wp\/v2\/pages\/49078"}],"wp:featuredmedia":[{"embeddable":true,"href":"https:\/\/www.accuratereviews.com\/it\/wp-json\/wp\/v2\/media\/49065"}],"wp:attachment":[{"href":"https:\/\/www.accuratereviews.com\/it\/wp-json\/wp\/v2\/media?parent=49063"}],"wp:term":[{"taxonomy":"category","embeddable":true,"href":"https:\/\/www.accuratereviews.com\/it\/wp-json\/wp\/v2\/categories?post=49063"},{"taxonomy":"post_tag","embeddable":true,"href":"https:\/\/www.accuratereviews.com\/it\/wp-json\/wp\/v2\/tags?post=49063"},{"taxonomy":"features","embeddable":true,"href":"https:\/\/www.accuratereviews.com\/it\/wp-json\/wp\/v2\/features?post=49063"}],"curies":[{"name":"wp","href":"https:\/\/api.w.org\/{rel}","templated":true}]}}