{"id":49119,"date":"2021-10-26T15:03:51","date_gmt":"2021-10-26T15:03:51","guid":{"rendered":"https:\/\/www.accuratereviews.com\/?page_id=49119"},"modified":"2021-10-28T10:40:33","modified_gmt":"2021-10-28T10:40:33","slug":"instasent-recensione","status":"publish","type":"page","link":"https:\/\/www.accuratereviews.com\/it\/piattaforme-sms-marketing\/instasent-recensione\/","title":{"rendered":"Instasent"},"content":{"rendered":"<p><strong>Instasent<\/strong> \u00e8 una piattaforma per<strong> sms marketing<\/strong> semplice e intuitiva, progettata con l&#8217;obiettivo di rendere l&#8217;integrazione con il tuo sito web o app molto pi\u00f9 facile. Non c&#8217;\u00e8 nessuna installazione, ti baster\u00e0 importare il tuo database e integrare tutti i prodotti di Instasent (sms, Verify e Lookup) via HTTP o SMPP.<br \/>\nLa strategia di<strong> sms marketing<\/strong> \u00e8 estremamente funzionale poich\u00e9 gli sms rappresentano un canale che si adatta perfettamente ai modi in cui le aziende desiderano comunicare: rapido, diretto, sicuro, premium e di ampia portata, dato che l&#8217;accesso a Internet non \u00e8 necessario.<\/p>\n<div>\n<h2>INSTASENT &#8211; TUTORIAL<\/h2>\n<div>Questo breve video ci mostra come funziona questo programma:<\/div>\n<div>\n<div id=\"fluid-wrapper-counter-1\" class=\"g1-fluid-wrapper \" style=\"width:686px;\"><div style=\"padding-bottom:56.268221574344%;\"><iframe loading=\"lazy\" title=\"Env\u00edo de SMS Masivo, SMS Marketing - Instasent\" width=\"686\" height=\"386\" src=\"https:\/\/www.youtube.com\/embed\/jk5iiOX2AHY?feature=oembed&amp;wmode=transparent&amp;autohide=1&amp;autoplay=0&amp;disablekb=0&amp;fs=1&amp;loop=0&amp;enablejsapi=1&amp;rel=0&amp;controls=2&amp;showinfo=0&amp;wmode=transparent&amp;autohide=2&amp;autoplay=0&amp;disablekb=0&amp;fs=1&amp;loop=0&amp;enablejsapi=1&amp;rel=0&amp;controls=2&amp;showinfo=1\" frameborder=\"0\" allow=\"accelerometer; autoplay; clipboard-write; encrypted-media; gyroscope; picture-in-picture\" allowfullscreen><\/iframe><\/div><\/div>\n<p>&nbsp;<\/p>\n<\/div>\n<div>\n<div>\n<h3>INSTASENT &#8211; CARATTERISTICHE<\/h3>\n<ul>\n<li><strong>Rapporti di consegn<\/strong>a: analizza i risultati delle campagne online e in tempo reale da qualsiasi dispositivo<\/li>\n<li><strong>Programmazione delle tue campagne<\/strong>: programma le campagne che vuoi inviare in un giorno e un&#8217;ora prestabiliti<\/li>\n<li><strong>Programmazione dei contatti<\/strong>: gestire l&#8217;importazione di contatti e gruppi, copiare e incollare o inserire contatti da excel, cvs, tsv&#8230;<\/li>\n<li><strong>Personalizzazione del testo del mittente<\/strong>: usa il nome della tua azienda o brand come mittente<\/li>\n<li><strong>Copertura mondiale<\/strong>: i servizi sono disponibili in pi\u00f9 di 200 paesi, collegati con pi\u00f9 di 7 miliardi di telefoni in tutto il mondo<\/li>\n<li><strong>Gestione degli utenti<\/strong>: puoi creare vari utenti con un solo account e configurare l&#8217;accesso per ciascuno di essi<\/li>\n<li><strong>Concatenazione<\/strong>: non limitarti a 160 caratteri, il sistema ti permette di concatenare fino a 9 sms<\/li>\n<li><strong>Unicode<\/strong>: il sistema accetta i caratteri unicode in modo che tu sia in grado di generare sms in pi\u00f9 lingue<\/li>\n<\/ul>\n<\/div>\n<\/div>\n<h4>LE RECENSIONI DEGLI UTENTI<\/h4>\n<p><strong>Sebastian F. &#8220;Instasent, una soluzione tutto in uno&#8221;.<\/strong><br \/>\nCOMMENTI: lo strumento \u00e8 stato un gioco da ragazzi da quando \u00e8 stato adottato, non abbiamo avuto problemi o interruzioni di servizio.<br \/>\nL&#8217;invio di massa \u00e8 sempre andato liscio, nessuna lamentela!<br \/>\nPRO: la facilit\u00e0 di implementazione nei progetti oltre alla metrica.<br \/>\nCONTRO: non saprei cosa dire, il servizio non ha praticamente mai fallito, sono un fan!<\/p>\n<p><strong>Jorge E. &#8220;Buon servizio&#8221;.<\/strong><br \/>\nCOMMENTI: tutto \u00e8 corretto e diretto<br \/>\nPRO: affidabile e sicuro. Funzionamento corretto<br \/>\nCONTRO: l&#8217;API \u00e8 un po&#8217; complessa da integrare.\u00a0Forse sarebbero adeguati pi\u00f9 esempi di utilizzo e di aiuto durante lo sviluppo.<\/p>\n<p><strong>Arturo D. &#8220;Strumento ottimale per automatizzare l&#8217;invio di SMS&#8221;.<\/strong><br \/>\nPRO: il pi\u00f9 grande contributo di Instasent alla nostra azienda \u00e8 stata la facilit\u00e0 di integrazione tramite API per l&#8217;invio di SMS sia di massa che individuali. Non ci ha causato alcun errore nel tempo di utilizzo. E naturalmente \u00e8 uno dei prodotti pi\u00f9 economici che abbiamo trovato sul mercato.<br \/>\nCONTRO: vorrei commentare che mi manca il rapporto statistico via API, anche se non \u00e8 un problema in quanto tutti i rapporti appaiono sulla intranet.<\/p>\n<\/div>\n","protected":false},"excerpt":{"rendered":"<p>Instasent \u00e8 una piattaforma per sms marketing semplice e intuitiva, progettata con l&#8217;obiettivo di rendere l&#8217;integrazione con il tuo sito web o app molto pi\u00f9 facile. Non c&#8217;\u00e8 nessuna installazione, ti baster\u00e0 importare il tuo database e integrare tutti i prodotti di Instasent (SMS, Verify e Lookup) via HTTP o SMPP.<\/p>\n","protected":false},"author":17,"featured_media":49120,"parent":49078,"menu_order":0,"comment_status":"open","ping_status":"closed","template":"g1_template_page_review_new.php","meta":{"_acf_changed":false,"cwp_meta_box_check":"No","cwp_rev_product_name":"","cwp_rev_product_image":"","wppr_links":[],"cwp_rev_price":"","wppr_options":[],"wppr_pros":[],"wppr_cons":[],"_monsterinsights_skip_tracking":false,"_monsterinsights_sitenote_active":false,"_monsterinsights_sitenote_note":"","_monsterinsights_sitenote_category":0,"footnotes":""},"categories":[11324],"tags":[11327,11329,5721,11328,11330],"features":[],"class_list":{"0":"post-49119","1":"page","2":"type-page","3":"status-publish","4":"has-post-thumbnail","6":"category-piattaforma-sms-marketing-cat","7":"tag-piattaforma-sms-marketing","8":"tag-programma-sms-marketing","9":"tag-sms-marketing-it","10":"tag-software-sms-marketing","11":"tag-soluzione-sms-marketing"},"wppr_data":{"cwp_meta_box_check":"No"},"acf":[],"yoast_head":"<!-- This site is optimized with the Yoast SEO plugin v27.4 - https:\/\/yoast.com\/product\/yoast-seo-wordpress\/ -->\n<title>Instasent: recensione piattaforma sms marketing - Accurate Reviews<\/title>\n<meta name=\"description\" content=\"Instasent: recensione della piattaforma per sms marketing semplice e intuitiva che rende l&#039;integrazione con il tuo sito web pi\u00f9 facile.\" \/>\n<meta name=\"robots\" content=\"index, follow, max-snippet:-1, max-image-preview:large, max-video-preview:-1\" \/>\n<link rel=\"canonical\" href=\"https:\/\/www.accuratereviews.com\/it\/piattaforme-sms-marketing\/instasent-recensione\/\" \/>\n<meta property=\"og:locale\" content=\"it_IT\" \/>\n<meta property=\"og:type\" content=\"article\" \/>\n<meta property=\"og:title\" content=\"Instasent: recensione piattaforma sms marketing - Accurate Reviews\" \/>\n<meta property=\"og:description\" content=\"Instasent: recensione della piattaforma per sms marketing semplice e intuitiva che rende l&#039;integrazione con il tuo sito web pi\u00f9 facile.\" \/>\n<meta property=\"og:url\" content=\"https:\/\/www.accuratereviews.com\/it\/piattaforme-sms-marketing\/instasent-recensione\/\" \/>\n<meta property=\"og:site_name\" content=\"Accurate Reviews\" \/>\n<meta property=\"article:modified_time\" content=\"2021-10-28T10:40:33+00:00\" \/>\n<meta property=\"og:image\" content=\"https:\/\/www.accuratereviews.com\/wp-content\/uploads\/2021\/10\/instasent.png\" \/>\n\t<meta property=\"og:image:width\" content=\"606\" \/>\n\t<meta property=\"og:image:height\" content=\"300\" \/>\n\t<meta property=\"og:image:type\" content=\"image\/png\" \/>\n<meta name=\"twitter:card\" content=\"summary_large_image\" \/>\n<meta name=\"twitter:label1\" content=\"Tempo di lettura stimato\" \/>\n\t<meta name=\"twitter:data1\" content=\"2 minuti\" \/>\n<script type=\"application\/ld+json\" class=\"yoast-schema-graph\">{\"@context\":\"https:\\\/\\\/schema.org\",\"@graph\":[{\"@type\":\"WebPage\",\"@id\":\"https:\\\/\\\/www.accuratereviews.com\\\/it\\\/piattaforme-sms-marketing\\\/instasent-recensione\\\/\",\"url\":\"https:\\\/\\\/www.accuratereviews.com\\\/it\\\/piattaforme-sms-marketing\\\/instasent-recensione\\\/\",\"name\":\"Instasent: recensione piattaforma sms marketing - Accurate Reviews\",\"isPartOf\":{\"@id\":\"https:\\\/\\\/www.accuratereviews.com\\\/it\\\/#website\"},\"primaryImageOfPage\":{\"@id\":\"https:\\\/\\\/www.accuratereviews.com\\\/it\\\/piattaforme-sms-marketing\\\/instasent-recensione\\\/#primaryimage\"},\"image\":{\"@id\":\"https:\\\/\\\/www.accuratereviews.com\\\/it\\\/piattaforme-sms-marketing\\\/instasent-recensione\\\/#primaryimage\"},\"thumbnailUrl\":\"https:\\\/\\\/www.accuratereviews.com\\\/wp-content\\\/uploads\\\/2021\\\/10\\\/instasent.png\",\"datePublished\":\"2021-10-26T15:03:51+00:00\",\"dateModified\":\"2021-10-28T10:40:33+00:00\",\"description\":\"Instasent: recensione della piattaforma per sms marketing semplice e intuitiva che rende l'integrazione con il tuo sito web pi\u00f9 facile.\",\"breadcrumb\":{\"@id\":\"https:\\\/\\\/www.accuratereviews.com\\\/it\\\/piattaforme-sms-marketing\\\/instasent-recensione\\\/#breadcrumb\"},\"inLanguage\":\"it-IT\",\"potentialAction\":[{\"@type\":\"ReadAction\",\"target\":[\"https:\\\/\\\/www.accuratereviews.com\\\/it\\\/piattaforme-sms-marketing\\\/instasent-recensione\\\/\"]}]},{\"@type\":\"ImageObject\",\"inLanguage\":\"it-IT\",\"@id\":\"https:\\\/\\\/www.accuratereviews.com\\\/it\\\/piattaforme-sms-marketing\\\/instasent-recensione\\\/#primaryimage\",\"url\":\"https:\\\/\\\/www.accuratereviews.com\\\/wp-content\\\/uploads\\\/2021\\\/10\\\/instasent.png\",\"contentUrl\":\"https:\\\/\\\/www.accuratereviews.com\\\/wp-content\\\/uploads\\\/2021\\\/10\\\/instasent.png\",\"width\":606,\"height\":300},{\"@type\":\"BreadcrumbList\",\"@id\":\"https:\\\/\\\/www.accuratereviews.com\\\/it\\\/piattaforme-sms-marketing\\\/instasent-recensione\\\/#breadcrumb\",\"itemListElement\":[{\"@type\":\"ListItem\",\"position\":1,\"name\":\"Home\",\"item\":\"https:\\\/\\\/www.accuratereviews.com\\\/it\\\/\"},{\"@type\":\"ListItem\",\"position\":2,\"name\":\"Piattaforme per sms marketing\",\"item\":\"https:\\\/\\\/www.accuratereviews.com\\\/it\\\/piattaforme-sms-marketing\\\/\"},{\"@type\":\"ListItem\",\"position\":3,\"name\":\"Instasent\"}]},{\"@type\":\"WebSite\",\"@id\":\"https:\\\/\\\/www.accuratereviews.com\\\/it\\\/#website\",\"url\":\"https:\\\/\\\/www.accuratereviews.com\\\/it\\\/\",\"name\":\"Accurate Reviews\",\"description\":\"\",\"potentialAction\":[{\"@type\":\"SearchAction\",\"target\":{\"@type\":\"EntryPoint\",\"urlTemplate\":\"https:\\\/\\\/www.accuratereviews.com\\\/it\\\/?s={search_term_string}\"},\"query-input\":{\"@type\":\"PropertyValueSpecification\",\"valueRequired\":true,\"valueName\":\"search_term_string\"}}],\"inLanguage\":\"it-IT\"}]}<\/script>\n<!-- \/ Yoast SEO plugin. -->","yoast_head_json":{"title":"Instasent: recensione piattaforma sms marketing - Accurate Reviews","description":"Instasent: recensione della piattaforma per sms marketing semplice e intuitiva che rende l'integrazione con il tuo sito web pi\u00f9 facile.","robots":{"index":"index","follow":"follow","max-snippet":"max-snippet:-1","max-image-preview":"max-image-preview:large","max-video-preview":"max-video-preview:-1"},"canonical":"https:\/\/www.accuratereviews.com\/it\/piattaforme-sms-marketing\/instasent-recensione\/","og_locale":"it_IT","og_type":"article","og_title":"Instasent: recensione piattaforma sms marketing - Accurate Reviews","og_description":"Instasent: recensione della piattaforma per sms marketing semplice e intuitiva che rende l'integrazione con il tuo sito web pi\u00f9 facile.","og_url":"https:\/\/www.accuratereviews.com\/it\/piattaforme-sms-marketing\/instasent-recensione\/","og_site_name":"Accurate Reviews","article_modified_time":"2021-10-28T10:40:33+00:00","og_image":[{"width":606,"height":300,"url":"https:\/\/www.accuratereviews.com\/wp-content\/uploads\/2021\/10\/instasent.png","type":"image\/png"}],"twitter_card":"summary_large_image","twitter_misc":{"Tempo di lettura stimato":"2 minuti"},"schema":{"@context":"https:\/\/schema.org","@graph":[{"@type":"WebPage","@id":"https:\/\/www.accuratereviews.com\/it\/piattaforme-sms-marketing\/instasent-recensione\/","url":"https:\/\/www.accuratereviews.com\/it\/piattaforme-sms-marketing\/instasent-recensione\/","name":"Instasent: recensione piattaforma sms marketing - Accurate Reviews","isPartOf":{"@id":"https:\/\/www.accuratereviews.com\/it\/#website"},"primaryImageOfPage":{"@id":"https:\/\/www.accuratereviews.com\/it\/piattaforme-sms-marketing\/instasent-recensione\/#primaryimage"},"image":{"@id":"https:\/\/www.accuratereviews.com\/it\/piattaforme-sms-marketing\/instasent-recensione\/#primaryimage"},"thumbnailUrl":"https:\/\/www.accuratereviews.com\/wp-content\/uploads\/2021\/10\/instasent.png","datePublished":"2021-10-26T15:03:51+00:00","dateModified":"2021-10-28T10:40:33+00:00","description":"Instasent: recensione della piattaforma per sms marketing semplice e intuitiva che rende l'integrazione con il tuo sito web pi\u00f9 facile.","breadcrumb":{"@id":"https:\/\/www.accuratereviews.com\/it\/piattaforme-sms-marketing\/instasent-recensione\/#breadcrumb"},"inLanguage":"it-IT","potentialAction":[{"@type":"ReadAction","target":["https:\/\/www.accuratereviews.com\/it\/piattaforme-sms-marketing\/instasent-recensione\/"]}]},{"@type":"ImageObject","inLanguage":"it-IT","@id":"https:\/\/www.accuratereviews.com\/it\/piattaforme-sms-marketing\/instasent-recensione\/#primaryimage","url":"https:\/\/www.accuratereviews.com\/wp-content\/uploads\/2021\/10\/instasent.png","contentUrl":"https:\/\/www.accuratereviews.com\/wp-content\/uploads\/2021\/10\/instasent.png","width":606,"height":300},{"@type":"BreadcrumbList","@id":"https:\/\/www.accuratereviews.com\/it\/piattaforme-sms-marketing\/instasent-recensione\/#breadcrumb","itemListElement":[{"@type":"ListItem","position":1,"name":"Home","item":"https:\/\/www.accuratereviews.com\/it\/"},{"@type":"ListItem","position":2,"name":"Piattaforme per sms marketing","item":"https:\/\/www.accuratereviews.com\/it\/piattaforme-sms-marketing\/"},{"@type":"ListItem","position":3,"name":"Instasent"}]},{"@type":"WebSite","@id":"https:\/\/www.accuratereviews.com\/it\/#website","url":"https:\/\/www.accuratereviews.com\/it\/","name":"Accurate Reviews","description":"","potentialAction":[{"@type":"SearchAction","target":{"@type":"EntryPoint","urlTemplate":"https:\/\/www.accuratereviews.com\/it\/?s={search_term_string}"},"query-input":{"@type":"PropertyValueSpecification","valueRequired":true,"valueName":"search_term_string"}}],"inLanguage":"it-IT"}]}},"_links":{"self":[{"href":"https:\/\/www.accuratereviews.com\/it\/wp-json\/wp\/v2\/pages\/49119","targetHints":{"allow":["GET"]}}],"collection":[{"href":"https:\/\/www.accuratereviews.com\/it\/wp-json\/wp\/v2\/pages"}],"about":[{"href":"https:\/\/www.accuratereviews.com\/it\/wp-json\/wp\/v2\/types\/page"}],"author":[{"embeddable":true,"href":"https:\/\/www.accuratereviews.com\/it\/wp-json\/wp\/v2\/users\/17"}],"replies":[{"embeddable":true,"href":"https:\/\/www.accuratereviews.com\/it\/wp-json\/wp\/v2\/comments?post=49119"}],"version-history":[{"count":6,"href":"https:\/\/www.accuratereviews.com\/it\/wp-json\/wp\/v2\/pages\/49119\/revisions"}],"predecessor-version":[{"id":49275,"href":"https:\/\/www.accuratereviews.com\/it\/wp-json\/wp\/v2\/pages\/49119\/revisions\/49275"}],"up":[{"embeddable":true,"href":"https:\/\/www.accuratereviews.com\/it\/wp-json\/wp\/v2\/pages\/49078"}],"wp:featuredmedia":[{"embeddable":true,"href":"https:\/\/www.accuratereviews.com\/it\/wp-json\/wp\/v2\/media\/49120"}],"wp:attachment":[{"href":"https:\/\/www.accuratereviews.com\/it\/wp-json\/wp\/v2\/media?parent=49119"}],"wp:term":[{"taxonomy":"category","embeddable":true,"href":"https:\/\/www.accuratereviews.com\/it\/wp-json\/wp\/v2\/categories?post=49119"},{"taxonomy":"post_tag","embeddable":true,"href":"https:\/\/www.accuratereviews.com\/it\/wp-json\/wp\/v2\/tags?post=49119"},{"taxonomy":"features","embeddable":true,"href":"https:\/\/www.accuratereviews.com\/it\/wp-json\/wp\/v2\/features?post=49119"}],"curies":[{"name":"wp","href":"https:\/\/api.w.org\/{rel}","templated":true}]}}