{"id":49150,"date":"2021-10-27T10:47:02","date_gmt":"2021-10-27T10:47:02","guid":{"rendered":"https:\/\/www.accuratereviews.com\/?page_id=49150"},"modified":"2021-10-27T10:47:02","modified_gmt":"2021-10-27T10:47:02","slug":"vcita-recensione","status":"publish","type":"page","link":"https:\/\/www.accuratereviews.com\/it\/piattaforme-sms-marketing\/vcita-recensione\/","title":{"rendered":"Vcita"},"content":{"rendered":"<p><strong>Vcita<\/strong> \u00e8 una potente <strong>app all-in-all<\/strong>, progettata per aiutarti a gestire la tua attivit\u00e0 e pianificare, interagire meglio con i tuoi clienti e risparmiare tempo prezioso.\u00a0Include tutti gli strumenti necessari per semplificare la tua giornata lavorativa.\u00a0Gestisci la tua base clienti con un <strong>CRM mobile<\/strong>, acquisisci nuovi contatti con un widget personalizzabile sul tuo sito web, invia campagne <strong>email e marketing via sms<\/strong> che promuovono l&#8217;azione, emetti fatture ai clienti e gestisci le tue entrate con una dashboard di pagamento. Organizza il tuo programma, gli appuntamenti e gli eventi con un calendario del team online e ti permette di ai clienti un portale clienti personale dove possono prenotare, riprogrammare, pagare, compilare moduli, condividere file e altro.<\/p>\n<h2>VCITA &#8211; TUTORIAL<\/h2>\n<p>Questo video ti mostrer\u00e0 come aggiungere singoli clienti o importarli in blocco in questa piattaforma per sms marketing:<\/p>\n<div id=\"fluid-wrapper-counter-1\" class=\"g1-fluid-wrapper \" style=\"width:686px;\">\n<div style=\"padding-bottom:56.268221574344%;\"><iframe loading=\"lazy\" title=\"Getting started with vcita - Adding and Importing Clients\" width=\"686\" height=\"386\" src=\"https:\/\/www.youtube.com\/embed\/6GExFTjUaiQ?feature=oembed&amp;wmode=transparent&amp;autohide=1&amp;autoplay=0&amp;disablekb=0&amp;fs=1&amp;loop=0&amp;enablejsapi=1&amp;rel=0&amp;controls=2&amp;showinfo=0&amp;wmode=transparent&amp;autohide=2&amp;autoplay=0&amp;disablekb=0&amp;fs=1&amp;loop=0&amp;enablejsapi=1&amp;rel=0&amp;controls=2&amp;showinfo=1\" frameborder=\"0\" allow=\"accelerometer; autoplay; clipboard-write; encrypted-media; gyroscope; picture-in-picture\" allowfullscreen><\/iframe><\/div>\n<\/div>\n<h2>VCITA &#8211; CARATTERISTICHE<\/h2>\n<ul>\n<li><strong>Rendi la progettazione di campagne sms un gioco da ragazzi<\/strong>: crea facilmente campagne straordinarie dal tuo cellulare utilizzando il modello predefinito<\/li>\n<li><strong>Ottieni un tasso di apertura del 98% per il tuo marketing via sms<\/strong>: assicurati che i tuoi clienti vedano i tuoi messaggi in tempo e inviino offerte last minute<\/li>\n<li><strong>Raggiungi tutti i tuoi clienti e potenziali<\/strong>: l&#8217;unica soluzione che ti permette di creare campagne email e sms contemporaneamente<\/li>\n<li><strong>Pulsanti di invito all&#8217;azione efficaci<\/strong>: aggiungi CTA alle tue email, consentendo ai clienti di prenotare appuntamenti, completare un pagamento o inviare un documento 24 ore su 24, 7 giorni su 7, da qualsiasi dispositivo<\/li>\n<li><strong>Email marketing in movimento<\/strong>: crea facilmente campagne email, gestisci gli abbonati e ottieni risultati in tempo reale, tutto dal tuo cellulare<\/li>\n<li><strong>Segmentazione dei clienti<\/strong>: importa i contatti e usa i tag per segmentare i clienti in base alla loro posizione, interessi e altro<\/li>\n<li><strong>Promozioni coupon<\/strong>: crea bellissimi coupon per ottenere pi\u00f9 prenotazioni, promuovere nuovi servizi e altro ancora<\/li>\n<li><strong>Risultati in tempo reale<\/strong>: ottieni analisi in tempo reale e guarda come ogni campagna email influisce sui tuoi profitti<\/li>\n<\/ul>\n<h4>LE RECENSIONI DEGLI UTENTI<\/h4>\n<p class=\"font-weight-bold mb-1 d-flex align-items-center\"><strong>John S.&#8221;vcita ci ha fatto andare avanti&#8221;<\/strong><\/p>\n<p><strong>Commenti: <\/strong>Fantastico. Abbiamo implementato vcita in brevissimo tempo e siamo diventati subito abili nell&#8217;usarlo. Era cos\u00ec facile. L&#8217;integrazione con Zoom \u00e8 stata la chiave di volta per noi: \u00e8 di gran lunga la migliore piattaforma video sul mercato!<\/p>\n<p><strong>Pro: <\/strong>Integrazione con zoom! La gestione degli appuntamenti \u00e8 semplice ed intuitiva. Siamo in grado di fatturare ai clienti semplicemente senza un preoccupante sistema di fatturazione. Strumenti di comunicazione incredibili integrati nel sistema. Notifiche\/promemoria.<\/p>\n<p><strong>Contro: <\/strong>Vorrei che avessimo un modo per consentire al cliente di impostare l&#8217;importo che desidera o \u00e8 in grado di pagare.\u00a0A volte \u00e8 difficile fare i conti tra report in vcita e stripe.<\/p>\n<p class=\"font-weight-bold mb-1 d-flex align-items-center\"><strong>Karlis O.&#8221;Ottima soluzione per piccole imprese&#8221;<\/strong><\/p>\n<p><strong>Commenti: <\/strong>Nel complesso, ci siamo trovati benissimo con vCita. Forniscono una serie di funzionalit\u00e0 conformi alle condizioni di mercato e supportano le loro versioni con webinar e chiamate di formazione.<\/p>\n<p><strong>Pro: <\/strong>Gli appuntamenti sono fissati in modo molto semplice. Possibilit\u00e0 di personalizzare la pagina degli orari per renderla pi\u00f9 professionale e differenziare i servizi disponibili. Il concetto di portale clienti mi affascina. I clienti possono utilizzare il portale per effettuare pagamenti, prenotare appuntamenti e inviare documenti.<\/p>\n<p><strong>Contro: <\/strong>Il meccanismo di fatturazione non \u00e8 robusto come altri sistemi. Vorrei che il programma inviasse in particolare la fatturazione mensile dell&#8217;acconto.<\/p>\n<p class=\"font-weight-bold mb-1 d-flex align-items-center\"><strong>Jeffrey T.&#8221;Uno strumento davvero eccezionale&#8221;<\/strong><\/p>\n<p><strong>Commenti: <\/strong>La mia esperienza \u00e8 stata fantastica. Mi sento quasi come se le persone di vcita fossero mie amiche anche se sono a Seattle e io sono nel New Jersey.<\/p>\n<p><strong>Pro: <\/strong>Amo le persone che capiscono che sono arcaico verso la tecnologia e ho bisogno di aiuto per implementare il programma. Mi piace anche poter seguire le attivit\u00e0 della giornata semplicemente accendendo il mio computer. vcita mi permette di fare praticamente tutto quello che devo fare ad eccezione della pulizia dell&#8217;ufficio.<\/p>\n<p><strong>Contro: <\/strong>Non ho davvero alcuna lamentela con il sistema.<\/p>\n","protected":false},"excerpt":{"rendered":"<p>Vcita \u00e8 una potente app all-in-all, progettata per aiutarti a gestire la tua attivit\u00e0 e pianificare, interagire meglio con i tuoi clienti e risparmiare tempo prezioso.\u00a0Include tutti gli strumenti necessari per semplificare la tua giornata lavorativa.\u00a0<\/p>\n","protected":false},"author":16,"featured_media":49156,"parent":49078,"menu_order":0,"comment_status":"open","ping_status":"closed","template":"g1_template_page_review_new.php","meta":{"_acf_changed":false,"cwp_meta_box_check":"Yes","cwp_rev_product_name":"","cwp_rev_product_image":"","wppr_links":[],"cwp_rev_price":"","wppr_options":[],"wppr_pros":[],"wppr_cons":[],"_monsterinsights_skip_tracking":false,"_monsterinsights_sitenote_active":false,"_monsterinsights_sitenote_note":"","_monsterinsights_sitenote_category":0,"footnotes":""},"categories":[11324],"tags":[11327,11329,5721,11328,11330,11344],"features":[],"class_list":{"0":"post-49150","1":"page","2":"type-page","3":"status-publish","4":"has-post-thumbnail","6":"category-piattaforma-sms-marketing-cat","7":"tag-piattaforma-sms-marketing","8":"tag-programma-sms-marketing","9":"tag-sms-marketing-it","10":"tag-software-sms-marketing","11":"tag-soluzione-sms-marketing","12":"tag-vcita"},"wppr_data":{"cwp_meta_box_check":"Yes","cwp_rev_product_name":"","cwp_rev_product_image":"","cwp_image_link":"image","cwp_rev_price":"","wppr_rating":"0.00"},"acf":[],"yoast_head":"<!-- This site is optimized with the Yoast SEO plugin v27.4 - https:\/\/yoast.com\/product\/yoast-seo-wordpress\/ -->\n<title>Vcita: recensione software sms marketing - Accurate Reviews<\/title>\n<meta name=\"description\" content=\"Vcita: recensione piattaforma sms marketing che include tutti gli strumenti necessari per semplificare la tua giornata lavorativa.\u00a0\" \/>\n<meta name=\"robots\" content=\"index, follow, max-snippet:-1, max-image-preview:large, max-video-preview:-1\" \/>\n<link rel=\"canonical\" href=\"https:\/\/www.accuratereviews.com\/it\/piattaforme-sms-marketing\/vcita-recensione\/\" \/>\n<meta property=\"og:locale\" content=\"it_IT\" \/>\n<meta property=\"og:type\" content=\"article\" \/>\n<meta property=\"og:title\" content=\"Vcita: recensione software sms marketing - Accurate Reviews\" \/>\n<meta property=\"og:description\" content=\"Vcita: recensione piattaforma sms marketing che include tutti gli strumenti necessari per semplificare la tua giornata lavorativa.\u00a0\" \/>\n<meta property=\"og:url\" content=\"https:\/\/www.accuratereviews.com\/it\/piattaforme-sms-marketing\/vcita-recensione\/\" \/>\n<meta property=\"og:site_name\" content=\"Accurate Reviews\" \/>\n<meta property=\"og:image\" content=\"https:\/\/www.accuratereviews.com\/wp-content\/uploads\/2021\/10\/vcita-1.png\" \/>\n\t<meta property=\"og:image:width\" content=\"200\" \/>\n\t<meta property=\"og:image:height\" content=\"200\" \/>\n\t<meta property=\"og:image:type\" content=\"image\/png\" \/>\n<meta name=\"twitter:card\" content=\"summary_large_image\" \/>\n<meta name=\"twitter:label1\" content=\"Tempo di lettura stimato\" \/>\n\t<meta name=\"twitter:data1\" content=\"3 minuti\" \/>\n<script type=\"application\/ld+json\" class=\"yoast-schema-graph\">{\"@context\":\"https:\\\/\\\/schema.org\",\"@graph\":[{\"@type\":\"WebPage\",\"@id\":\"https:\\\/\\\/www.accuratereviews.com\\\/it\\\/piattaforme-sms-marketing\\\/vcita-recensione\\\/\",\"url\":\"https:\\\/\\\/www.accuratereviews.com\\\/it\\\/piattaforme-sms-marketing\\\/vcita-recensione\\\/\",\"name\":\"Vcita: recensione software sms marketing - Accurate Reviews\",\"isPartOf\":{\"@id\":\"https:\\\/\\\/www.accuratereviews.com\\\/it\\\/#website\"},\"primaryImageOfPage\":{\"@id\":\"https:\\\/\\\/www.accuratereviews.com\\\/it\\\/piattaforme-sms-marketing\\\/vcita-recensione\\\/#primaryimage\"},\"image\":{\"@id\":\"https:\\\/\\\/www.accuratereviews.com\\\/it\\\/piattaforme-sms-marketing\\\/vcita-recensione\\\/#primaryimage\"},\"thumbnailUrl\":\"https:\\\/\\\/www.accuratereviews.com\\\/wp-content\\\/uploads\\\/2021\\\/10\\\/vcita-1.png\",\"datePublished\":\"2021-10-27T10:47:02+00:00\",\"description\":\"Vcita: recensione piattaforma sms marketing che include tutti gli strumenti necessari per semplificare la tua giornata lavorativa.\u00a0\",\"breadcrumb\":{\"@id\":\"https:\\\/\\\/www.accuratereviews.com\\\/it\\\/piattaforme-sms-marketing\\\/vcita-recensione\\\/#breadcrumb\"},\"inLanguage\":\"it-IT\",\"potentialAction\":[{\"@type\":\"ReadAction\",\"target\":[\"https:\\\/\\\/www.accuratereviews.com\\\/it\\\/piattaforme-sms-marketing\\\/vcita-recensione\\\/\"]}]},{\"@type\":\"ImageObject\",\"inLanguage\":\"it-IT\",\"@id\":\"https:\\\/\\\/www.accuratereviews.com\\\/it\\\/piattaforme-sms-marketing\\\/vcita-recensione\\\/#primaryimage\",\"url\":\"https:\\\/\\\/www.accuratereviews.com\\\/wp-content\\\/uploads\\\/2021\\\/10\\\/vcita-1.png\",\"contentUrl\":\"https:\\\/\\\/www.accuratereviews.com\\\/wp-content\\\/uploads\\\/2021\\\/10\\\/vcita-1.png\",\"width\":200,\"height\":200},{\"@type\":\"BreadcrumbList\",\"@id\":\"https:\\\/\\\/www.accuratereviews.com\\\/it\\\/piattaforme-sms-marketing\\\/vcita-recensione\\\/#breadcrumb\",\"itemListElement\":[{\"@type\":\"ListItem\",\"position\":1,\"name\":\"Home\",\"item\":\"https:\\\/\\\/www.accuratereviews.com\\\/it\\\/\"},{\"@type\":\"ListItem\",\"position\":2,\"name\":\"Piattaforme per sms marketing\",\"item\":\"https:\\\/\\\/www.accuratereviews.com\\\/it\\\/piattaforme-sms-marketing\\\/\"},{\"@type\":\"ListItem\",\"position\":3,\"name\":\"Vcita\"}]},{\"@type\":\"WebSite\",\"@id\":\"https:\\\/\\\/www.accuratereviews.com\\\/it\\\/#website\",\"url\":\"https:\\\/\\\/www.accuratereviews.com\\\/it\\\/\",\"name\":\"Accurate Reviews\",\"description\":\"\",\"potentialAction\":[{\"@type\":\"SearchAction\",\"target\":{\"@type\":\"EntryPoint\",\"urlTemplate\":\"https:\\\/\\\/www.accuratereviews.com\\\/it\\\/?s={search_term_string}\"},\"query-input\":{\"@type\":\"PropertyValueSpecification\",\"valueRequired\":true,\"valueName\":\"search_term_string\"}}],\"inLanguage\":\"it-IT\"}]}<\/script>\n<!-- \/ Yoast SEO plugin. -->","yoast_head_json":{"title":"Vcita: recensione software sms marketing - Accurate Reviews","description":"Vcita: recensione piattaforma sms marketing che include tutti gli strumenti necessari per semplificare la tua giornata lavorativa.\u00a0","robots":{"index":"index","follow":"follow","max-snippet":"max-snippet:-1","max-image-preview":"max-image-preview:large","max-video-preview":"max-video-preview:-1"},"canonical":"https:\/\/www.accuratereviews.com\/it\/piattaforme-sms-marketing\/vcita-recensione\/","og_locale":"it_IT","og_type":"article","og_title":"Vcita: recensione software sms marketing - Accurate Reviews","og_description":"Vcita: recensione piattaforma sms marketing che include tutti gli strumenti necessari per semplificare la tua giornata lavorativa.\u00a0","og_url":"https:\/\/www.accuratereviews.com\/it\/piattaforme-sms-marketing\/vcita-recensione\/","og_site_name":"Accurate Reviews","og_image":[{"width":200,"height":200,"url":"https:\/\/www.accuratereviews.com\/wp-content\/uploads\/2021\/10\/vcita-1.png","type":"image\/png"}],"twitter_card":"summary_large_image","twitter_misc":{"Tempo di lettura stimato":"3 minuti"},"schema":{"@context":"https:\/\/schema.org","@graph":[{"@type":"WebPage","@id":"https:\/\/www.accuratereviews.com\/it\/piattaforme-sms-marketing\/vcita-recensione\/","url":"https:\/\/www.accuratereviews.com\/it\/piattaforme-sms-marketing\/vcita-recensione\/","name":"Vcita: recensione software sms marketing - Accurate Reviews","isPartOf":{"@id":"https:\/\/www.accuratereviews.com\/it\/#website"},"primaryImageOfPage":{"@id":"https:\/\/www.accuratereviews.com\/it\/piattaforme-sms-marketing\/vcita-recensione\/#primaryimage"},"image":{"@id":"https:\/\/www.accuratereviews.com\/it\/piattaforme-sms-marketing\/vcita-recensione\/#primaryimage"},"thumbnailUrl":"https:\/\/www.accuratereviews.com\/wp-content\/uploads\/2021\/10\/vcita-1.png","datePublished":"2021-10-27T10:47:02+00:00","description":"Vcita: recensione piattaforma sms marketing che include tutti gli strumenti necessari per semplificare la tua giornata lavorativa.\u00a0","breadcrumb":{"@id":"https:\/\/www.accuratereviews.com\/it\/piattaforme-sms-marketing\/vcita-recensione\/#breadcrumb"},"inLanguage":"it-IT","potentialAction":[{"@type":"ReadAction","target":["https:\/\/www.accuratereviews.com\/it\/piattaforme-sms-marketing\/vcita-recensione\/"]}]},{"@type":"ImageObject","inLanguage":"it-IT","@id":"https:\/\/www.accuratereviews.com\/it\/piattaforme-sms-marketing\/vcita-recensione\/#primaryimage","url":"https:\/\/www.accuratereviews.com\/wp-content\/uploads\/2021\/10\/vcita-1.png","contentUrl":"https:\/\/www.accuratereviews.com\/wp-content\/uploads\/2021\/10\/vcita-1.png","width":200,"height":200},{"@type":"BreadcrumbList","@id":"https:\/\/www.accuratereviews.com\/it\/piattaforme-sms-marketing\/vcita-recensione\/#breadcrumb","itemListElement":[{"@type":"ListItem","position":1,"name":"Home","item":"https:\/\/www.accuratereviews.com\/it\/"},{"@type":"ListItem","position":2,"name":"Piattaforme per sms marketing","item":"https:\/\/www.accuratereviews.com\/it\/piattaforme-sms-marketing\/"},{"@type":"ListItem","position":3,"name":"Vcita"}]},{"@type":"WebSite","@id":"https:\/\/www.accuratereviews.com\/it\/#website","url":"https:\/\/www.accuratereviews.com\/it\/","name":"Accurate Reviews","description":"","potentialAction":[{"@type":"SearchAction","target":{"@type":"EntryPoint","urlTemplate":"https:\/\/www.accuratereviews.com\/it\/?s={search_term_string}"},"query-input":{"@type":"PropertyValueSpecification","valueRequired":true,"valueName":"search_term_string"}}],"inLanguage":"it-IT"}]}},"_links":{"self":[{"href":"https:\/\/www.accuratereviews.com\/it\/wp-json\/wp\/v2\/pages\/49150","targetHints":{"allow":["GET"]}}],"collection":[{"href":"https:\/\/www.accuratereviews.com\/it\/wp-json\/wp\/v2\/pages"}],"about":[{"href":"https:\/\/www.accuratereviews.com\/it\/wp-json\/wp\/v2\/types\/page"}],"author":[{"embeddable":true,"href":"https:\/\/www.accuratereviews.com\/it\/wp-json\/wp\/v2\/users\/16"}],"replies":[{"embeddable":true,"href":"https:\/\/www.accuratereviews.com\/it\/wp-json\/wp\/v2\/comments?post=49150"}],"version-history":[{"count":7,"href":"https:\/\/www.accuratereviews.com\/it\/wp-json\/wp\/v2\/pages\/49150\/revisions"}],"predecessor-version":[{"id":49173,"href":"https:\/\/www.accuratereviews.com\/it\/wp-json\/wp\/v2\/pages\/49150\/revisions\/49173"}],"up":[{"embeddable":true,"href":"https:\/\/www.accuratereviews.com\/it\/wp-json\/wp\/v2\/pages\/49078"}],"wp:featuredmedia":[{"embeddable":true,"href":"https:\/\/www.accuratereviews.com\/it\/wp-json\/wp\/v2\/media\/49156"}],"wp:attachment":[{"href":"https:\/\/www.accuratereviews.com\/it\/wp-json\/wp\/v2\/media?parent=49150"}],"wp:term":[{"taxonomy":"category","embeddable":true,"href":"https:\/\/www.accuratereviews.com\/it\/wp-json\/wp\/v2\/categories?post=49150"},{"taxonomy":"post_tag","embeddable":true,"href":"https:\/\/www.accuratereviews.com\/it\/wp-json\/wp\/v2\/tags?post=49150"},{"taxonomy":"features","embeddable":true,"href":"https:\/\/www.accuratereviews.com\/it\/wp-json\/wp\/v2\/features?post=49150"}],"curies":[{"name":"wp","href":"https:\/\/api.w.org\/{rel}","templated":true}]}}