{"id":49219,"date":"2021-10-28T11:30:49","date_gmt":"2021-10-28T11:30:49","guid":{"rendered":"https:\/\/www.accuratereviews.com\/?page_id=49219"},"modified":"2021-10-28T11:30:49","modified_gmt":"2021-10-28T11:30:49","slug":"marketing-360-recensione","status":"publish","type":"page","link":"https:\/\/www.accuratereviews.com\/it\/piattaforme-sms-marketing\/marketing-360-recensione\/","title":{"rendered":"Marketing 360"},"content":{"rendered":"<p><strong>Marketing 360<\/strong> \u00e8 una <strong>piattaforma di sms marketing<\/strong> basata su <strong>cloud<\/strong> che consente alle organizzazioni di eseguire campagne pubblicitarie sui social media, condurre programmi di ottimizzazione dei motori di ricerca e analizzare le prestazioni del marketing digitale. La funzionalit\u00e0 dei siti web UXi \u00a0aiuta gli utenti a creare pagine web che includono pulsanti di invito all&#8217;azione. Inoltre, il sistema fornisce modelli di siti web che possono essere personalizzati e modificati con l&#8217;aiuto della funzionalit\u00e0 drag and drop. La funzione Natural Listing Ads permette agli utenti a gestire i risultati di ricerca organici monitorando il volume e il ranking delle parole chiave. In pi\u00f9, analizza le prestazioni SEO dei concorrenti con le stesse parole chiave e condivide report in tempo reale che forniscono tassi di conversione. Gli annunci di social targeting consentono alle organizzazioni di segmentare e indirizzare i clienti sulla base di dettagli sociali come et\u00e0, sesso, posizione e interessi.<\/p>\n<h2>MARKETING 360 &#8211; TUTORIAL<\/h2>\n<p>Guardiamo insieme some sfruttando le sue funzioni questo <strong>software sms marketing<\/strong> pu\u00f2 aiutarti nel tuo lavoro:<\/p>\n<div id=\"fluid-wrapper-counter-1\" class=\"g1-fluid-wrapper \" style=\"width:686px;\">\n<div style=\"padding-bottom:56.268221574344%;\"><iframe loading=\"lazy\" title=\"PAYMENTS - 2 Minute Demo | Marketing 360\" width=\"686\" height=\"386\" src=\"https:\/\/www.youtube.com\/embed\/vHhw5JFG0Ac?feature=oembed&amp;wmode=transparent&amp;autohide=1&amp;autoplay=0&amp;disablekb=0&amp;fs=1&amp;loop=0&amp;enablejsapi=1&amp;rel=0&amp;controls=2&amp;showinfo=0&amp;wmode=transparent&amp;autohide=2&amp;autoplay=0&amp;disablekb=0&amp;fs=1&amp;loop=0&amp;enablejsapi=1&amp;rel=0&amp;controls=2&amp;showinfo=1\" frameborder=\"0\" allow=\"accelerometer; autoplay; clipboard-write; encrypted-media; gyroscope; picture-in-picture\" allowfullscreen><\/iframe><\/div>\n<\/div>\n<h3>MARKETING 360 &#8211; CARATTERISTICHE<\/h3>\n<ul>\n<li><strong>Campagne per tutti i settori<\/strong>: utilizza i modelli e le campagne di posta elettronica pi\u00f9 diffusi per il tuo settore o creane di tuoi con strumenti di facile utilizzo che adorerai<\/li>\n<li><strong>Automazione dell&#8217;email marketing:<\/strong> imposta bellissime campagne email automatizzate che inviano il messaggio giusto al lead, al cliente o al contatto giusto al momento giusto<\/li>\n<li><strong>Modelli belli e moderni<\/strong>: sfoglia e seleziona da una vasta libreria di modelli di email professionali specifici per il tuo settore e non solo. Trova quello che ti piace di pi\u00f9, quindi fai semplicemente clic<\/li>\n<li><strong>Personalizzazione accattivante<\/strong>: personalizza le tue campagne email aggiungendo in modo dinamico elementi come il nome del destinatario alla riga dell&#8217;oggetto o al contenuto in pochi secondi<\/li>\n<li><strong>Marketing semplice tramite sms:<\/strong> non esiste un modo pi\u00f9 semplice o veloce per creare campagne di marketing tramite messaggi di testo e iniziare a creare il tuo elenco di iscritti. Perfetto per cose come offerte speciali, aggiornamenti in tempo reale e altro ancora<\/li>\n<li><strong>Approfondimenti per aiutarti a migliorare<\/strong>: esplora il rendimento della campagna in modo da poter migliorare nel tempo per ottenere i risultati che stai cercando<\/li>\n<li><strong>Campagne completamente integrate<\/strong>: sblocca la potenza dell&#8217;automazione utilizzando una piattaforma completamente integrata. Ci\u00f2 ti consente di fare cose, come inviare un&#8217;email chiedendo una recensione il giorno dopo che un nuovo cliente ha effettuato un acquisto, senza mai muovere un dito.<\/li>\n<\/ul>\n<h4>LE RECENSIONI DEGLI UTENTI<\/h4>\n<p class=\"font-weight-bold mb-2\"><strong>Joellen S. &#8220;Buono per le attivit\u00e0 di servizi al dettaglio&#8221;<\/strong><\/p>\n<p><span class=\"font-weight-bold\"><strong>Commenti<\/strong>: <\/span>Sembra che il nome e il marchio vengano presentati al pubblico su pi\u00f9 livelli, cosa necessaria nel settore dei servizi. \u00c8 facile lavorare con gli amministratori e contattare spesso per vedere se ci sono cose che devono essere migliorate o aggiornate.<\/p>\n<p class=\"font-weight-bold mb-2\"><strong>Pro<\/strong>:\u00a0Il sito web \u00e8 buono. Il marketing non richiede molte mani, ma ricevo aggiornamenti regolari e la capacit\u00e0 di rispondere se necessario. Integrato bene, in particolare le richieste di assistenza via email. Si adatta bene a un&#8217;attivit\u00e0 di servizi al dettaglio che ha bisogno di mettere costantemente il nostro nome di fronte al pubblico.<\/p>\n<p class=\"font-weight-bold mb-2\"><strong>Contro<\/strong>:\u00a0Nessuna lamentela per la mia azienda in quanto funziona bene per noi. Posso vedere dove potrebbe non funzionare bene per altri tipi di attivit\u00e0 che hanno una clientela diversa.<\/p>\n<p class=\"font-weight-bold mb-2\"><strong>Jose D.&#8221;Team fantastico, software straordinario&#8221;<\/strong><\/p>\n<p><span class=\"font-weight-bold\"><strong>Commenti<\/strong>: gli assistenti del servizio clienti<\/span>\u00a0sono stati straordinari nell&#8217;aiutarmi a generare rinvii per lo studio, nella misura in cui sono stato in grado di lasciare il mio lavoro presso gli affari del veterano come clinico e di dedicarmi a tempo pieno al mio studio privato, un anno in seguito sono stato in grado di reclutare il mio migliore amico e collega per entrare a far parte della mia pratica e presto contatter\u00f2 un terzo medico per riempire il posto mentre raggiungiamo i referral, sono cos\u00ec fortunato ad avere una persona cos\u00ec competente e straordinaria in squadra! Vai Marketing!<\/p>\n<p class=\"font-weight-bold mb-2\"><strong>Pro<\/strong>:\u00a0Il processo \u00e8 molto facile da usare, non si perde tempo a saltare i loop.<\/p>\n<p class=\"font-weight-bold mb-2\"><strong>Contro<\/strong>:\u00a0Non c&#8217;\u00e8 niente che al momento non mi piaccia, lo consiglio a chiunque!<\/p>\n<p class=\"font-weight-bold mb-2\"><strong>Mark T.&#8221;Valutazione alta per Marketing 360&#8243;<\/strong><\/p>\n<p><span class=\"font-weight-bold\"><strong>Commenti<\/strong>: <\/span>Hanno ridisegnato il mio blog in un vero sito web che \u00e8 attraente e facile da visitare per i lettori e facile per me mantenere i contenuti aggiornati pi\u00f9 volte durante il giorno.<\/p>\n<p class=\"font-weight-bold mb-2\"><strong>Pro<\/strong>:\u00a0Marketing 360 \u00e8 un fascio di energia positiva, ha una vasta esperienza nella crescita di siti web, si rende prontamente disponibile ed \u00e8 estremamente reattivo. \u00c8 uno dei motivi principali per cui valuto Madwire 360 tanto quanto me.<\/p>\n<p class=\"font-weight-bold mb-2\"><strong>Contro<\/strong>:\u00a0Inizialmente trovavo la navigazione poco familiare e non particolarmente intuitiva, ma non ci volle molto per superare questo problema.<\/p>\n<div class=\"pl-4 my-4 py-3 border-left border-fog text-ash i18n-translation_vendor_container\" data-translation-id=\"2646076\" data-translation-vendor-target=\"original\">\n<h4 class=\"h5\"><\/h4>\n<\/div>\n","protected":false},"excerpt":{"rendered":"<p>Marketing 360 \u00e8 una piattaforma di sms marketing basata su cloud\u00a0che consente alle organizzazioni di eseguire campagne pubblicitarie sui social media, condurre programmi di ottimizzazione dei motori di ricerca e analizzare le prestazioni del marketing digitale.\u00a0La funzionalit\u00e0 dei siti web UXi \u00a0aiuta gli utenti a creare pagine web che includono pulsanti di invito all&#8217;azione<\/p>\n","protected":false},"author":16,"featured_media":49220,"parent":49078,"menu_order":0,"comment_status":"open","ping_status":"closed","template":"g1_template_page_review_new.php","meta":{"_acf_changed":false,"cwp_meta_box_check":"No","cwp_rev_product_name":"","cwp_rev_product_image":"","wppr_links":[],"cwp_rev_price":"","wppr_options":[],"wppr_pros":[],"wppr_cons":[],"_monsterinsights_skip_tracking":false,"_monsterinsights_sitenote_active":false,"_monsterinsights_sitenote_note":"","_monsterinsights_sitenote_category":0,"footnotes":""},"categories":[11324],"tags":[11360,11327,11329,5721,11328,11330],"features":[],"class_list":{"0":"post-49219","1":"page","2":"type-page","3":"status-publish","4":"has-post-thumbnail","6":"category-piattaforma-sms-marketing-cat","7":"tag-marketing-360","8":"tag-piattaforma-sms-marketing","9":"tag-programma-sms-marketing","10":"tag-sms-marketing-it","11":"tag-software-sms-marketing","12":"tag-soluzione-sms-marketing"},"wppr_data":{"cwp_meta_box_check":"No"},"acf":[],"yoast_head":"<!-- This site is optimized with the Yoast SEO plugin v27.4 - https:\/\/yoast.com\/product\/yoast-seo-wordpress\/ -->\n<title>Marketing 360: recensione software sms marketing - Accurate Reviews<\/title>\n<meta name=\"description\" content=\"Marketing 360: recensione piattaforma di sms marketing basata su cloud\u00a0che consente alle organizzazioni di eseguire campagne pubblicitarie.\" \/>\n<meta name=\"robots\" content=\"index, follow, max-snippet:-1, max-image-preview:large, max-video-preview:-1\" \/>\n<link rel=\"canonical\" href=\"https:\/\/www.accuratereviews.com\/it\/piattaforme-sms-marketing\/marketing-360-recensione\/\" \/>\n<meta property=\"og:locale\" content=\"it_IT\" \/>\n<meta property=\"og:type\" content=\"article\" \/>\n<meta property=\"og:title\" content=\"Marketing 360: recensione software sms marketing - Accurate Reviews\" \/>\n<meta property=\"og:description\" content=\"Marketing 360: recensione piattaforma di sms marketing basata su cloud\u00a0che consente alle organizzazioni di eseguire campagne pubblicitarie.\" \/>\n<meta property=\"og:url\" content=\"https:\/\/www.accuratereviews.com\/it\/piattaforme-sms-marketing\/marketing-360-recensione\/\" \/>\n<meta property=\"og:site_name\" content=\"Accurate Reviews\" \/>\n<meta property=\"og:image\" content=\"https:\/\/www.accuratereviews.com\/wp-content\/uploads\/2021\/10\/Marketing-360.jpg\" \/>\n\t<meta property=\"og:image:width\" content=\"846\" \/>\n\t<meta property=\"og:image:height\" content=\"445\" \/>\n\t<meta property=\"og:image:type\" content=\"image\/jpeg\" \/>\n<meta name=\"twitter:card\" content=\"summary_large_image\" \/>\n<meta name=\"twitter:label1\" content=\"Tempo di lettura stimato\" \/>\n\t<meta name=\"twitter:data1\" content=\"4 minuti\" \/>\n<script type=\"application\/ld+json\" class=\"yoast-schema-graph\">{\"@context\":\"https:\\\/\\\/schema.org\",\"@graph\":[{\"@type\":\"WebPage\",\"@id\":\"https:\\\/\\\/www.accuratereviews.com\\\/it\\\/piattaforme-sms-marketing\\\/marketing-360-recensione\\\/\",\"url\":\"https:\\\/\\\/www.accuratereviews.com\\\/it\\\/piattaforme-sms-marketing\\\/marketing-360-recensione\\\/\",\"name\":\"Marketing 360: recensione software sms marketing - Accurate Reviews\",\"isPartOf\":{\"@id\":\"https:\\\/\\\/www.accuratereviews.com\\\/it\\\/#website\"},\"primaryImageOfPage\":{\"@id\":\"https:\\\/\\\/www.accuratereviews.com\\\/it\\\/piattaforme-sms-marketing\\\/marketing-360-recensione\\\/#primaryimage\"},\"image\":{\"@id\":\"https:\\\/\\\/www.accuratereviews.com\\\/it\\\/piattaforme-sms-marketing\\\/marketing-360-recensione\\\/#primaryimage\"},\"thumbnailUrl\":\"https:\\\/\\\/www.accuratereviews.com\\\/wp-content\\\/uploads\\\/2021\\\/10\\\/Marketing-360.jpg\",\"datePublished\":\"2021-10-28T11:30:49+00:00\",\"description\":\"Marketing 360: recensione piattaforma di sms marketing basata su cloud\u00a0che consente alle organizzazioni di eseguire campagne pubblicitarie.\",\"breadcrumb\":{\"@id\":\"https:\\\/\\\/www.accuratereviews.com\\\/it\\\/piattaforme-sms-marketing\\\/marketing-360-recensione\\\/#breadcrumb\"},\"inLanguage\":\"it-IT\",\"potentialAction\":[{\"@type\":\"ReadAction\",\"target\":[\"https:\\\/\\\/www.accuratereviews.com\\\/it\\\/piattaforme-sms-marketing\\\/marketing-360-recensione\\\/\"]}]},{\"@type\":\"ImageObject\",\"inLanguage\":\"it-IT\",\"@id\":\"https:\\\/\\\/www.accuratereviews.com\\\/it\\\/piattaforme-sms-marketing\\\/marketing-360-recensione\\\/#primaryimage\",\"url\":\"https:\\\/\\\/www.accuratereviews.com\\\/wp-content\\\/uploads\\\/2021\\\/10\\\/Marketing-360.jpg\",\"contentUrl\":\"https:\\\/\\\/www.accuratereviews.com\\\/wp-content\\\/uploads\\\/2021\\\/10\\\/Marketing-360.jpg\",\"width\":846,\"height\":445,\"caption\":\"Marketing 360\u00ae Logo\"},{\"@type\":\"BreadcrumbList\",\"@id\":\"https:\\\/\\\/www.accuratereviews.com\\\/it\\\/piattaforme-sms-marketing\\\/marketing-360-recensione\\\/#breadcrumb\",\"itemListElement\":[{\"@type\":\"ListItem\",\"position\":1,\"name\":\"Home\",\"item\":\"https:\\\/\\\/www.accuratereviews.com\\\/it\\\/\"},{\"@type\":\"ListItem\",\"position\":2,\"name\":\"Piattaforme per sms marketing\",\"item\":\"https:\\\/\\\/www.accuratereviews.com\\\/it\\\/piattaforme-sms-marketing\\\/\"},{\"@type\":\"ListItem\",\"position\":3,\"name\":\"Marketing 360\"}]},{\"@type\":\"WebSite\",\"@id\":\"https:\\\/\\\/www.accuratereviews.com\\\/it\\\/#website\",\"url\":\"https:\\\/\\\/www.accuratereviews.com\\\/it\\\/\",\"name\":\"Accurate Reviews\",\"description\":\"\",\"potentialAction\":[{\"@type\":\"SearchAction\",\"target\":{\"@type\":\"EntryPoint\",\"urlTemplate\":\"https:\\\/\\\/www.accuratereviews.com\\\/it\\\/?s={search_term_string}\"},\"query-input\":{\"@type\":\"PropertyValueSpecification\",\"valueRequired\":true,\"valueName\":\"search_term_string\"}}],\"inLanguage\":\"it-IT\"}]}<\/script>\n<!-- \/ Yoast SEO plugin. -->","yoast_head_json":{"title":"Marketing 360: recensione software sms marketing - Accurate Reviews","description":"Marketing 360: recensione piattaforma di sms marketing basata su cloud\u00a0che consente alle organizzazioni di eseguire campagne pubblicitarie.","robots":{"index":"index","follow":"follow","max-snippet":"max-snippet:-1","max-image-preview":"max-image-preview:large","max-video-preview":"max-video-preview:-1"},"canonical":"https:\/\/www.accuratereviews.com\/it\/piattaforme-sms-marketing\/marketing-360-recensione\/","og_locale":"it_IT","og_type":"article","og_title":"Marketing 360: recensione software sms marketing - Accurate Reviews","og_description":"Marketing 360: recensione piattaforma di sms marketing basata su cloud\u00a0che consente alle organizzazioni di eseguire campagne pubblicitarie.","og_url":"https:\/\/www.accuratereviews.com\/it\/piattaforme-sms-marketing\/marketing-360-recensione\/","og_site_name":"Accurate Reviews","og_image":[{"width":846,"height":445,"url":"https:\/\/www.accuratereviews.com\/wp-content\/uploads\/2021\/10\/Marketing-360.jpg","type":"image\/jpeg"}],"twitter_card":"summary_large_image","twitter_misc":{"Tempo di lettura stimato":"4 minuti"},"schema":{"@context":"https:\/\/schema.org","@graph":[{"@type":"WebPage","@id":"https:\/\/www.accuratereviews.com\/it\/piattaforme-sms-marketing\/marketing-360-recensione\/","url":"https:\/\/www.accuratereviews.com\/it\/piattaforme-sms-marketing\/marketing-360-recensione\/","name":"Marketing 360: recensione software sms marketing - Accurate Reviews","isPartOf":{"@id":"https:\/\/www.accuratereviews.com\/it\/#website"},"primaryImageOfPage":{"@id":"https:\/\/www.accuratereviews.com\/it\/piattaforme-sms-marketing\/marketing-360-recensione\/#primaryimage"},"image":{"@id":"https:\/\/www.accuratereviews.com\/it\/piattaforme-sms-marketing\/marketing-360-recensione\/#primaryimage"},"thumbnailUrl":"https:\/\/www.accuratereviews.com\/wp-content\/uploads\/2021\/10\/Marketing-360.jpg","datePublished":"2021-10-28T11:30:49+00:00","description":"Marketing 360: recensione piattaforma di sms marketing basata su cloud\u00a0che consente alle organizzazioni di eseguire campagne pubblicitarie.","breadcrumb":{"@id":"https:\/\/www.accuratereviews.com\/it\/piattaforme-sms-marketing\/marketing-360-recensione\/#breadcrumb"},"inLanguage":"it-IT","potentialAction":[{"@type":"ReadAction","target":["https:\/\/www.accuratereviews.com\/it\/piattaforme-sms-marketing\/marketing-360-recensione\/"]}]},{"@type":"ImageObject","inLanguage":"it-IT","@id":"https:\/\/www.accuratereviews.com\/it\/piattaforme-sms-marketing\/marketing-360-recensione\/#primaryimage","url":"https:\/\/www.accuratereviews.com\/wp-content\/uploads\/2021\/10\/Marketing-360.jpg","contentUrl":"https:\/\/www.accuratereviews.com\/wp-content\/uploads\/2021\/10\/Marketing-360.jpg","width":846,"height":445,"caption":"Marketing 360\u00ae Logo"},{"@type":"BreadcrumbList","@id":"https:\/\/www.accuratereviews.com\/it\/piattaforme-sms-marketing\/marketing-360-recensione\/#breadcrumb","itemListElement":[{"@type":"ListItem","position":1,"name":"Home","item":"https:\/\/www.accuratereviews.com\/it\/"},{"@type":"ListItem","position":2,"name":"Piattaforme per sms marketing","item":"https:\/\/www.accuratereviews.com\/it\/piattaforme-sms-marketing\/"},{"@type":"ListItem","position":3,"name":"Marketing 360"}]},{"@type":"WebSite","@id":"https:\/\/www.accuratereviews.com\/it\/#website","url":"https:\/\/www.accuratereviews.com\/it\/","name":"Accurate Reviews","description":"","potentialAction":[{"@type":"SearchAction","target":{"@type":"EntryPoint","urlTemplate":"https:\/\/www.accuratereviews.com\/it\/?s={search_term_string}"},"query-input":{"@type":"PropertyValueSpecification","valueRequired":true,"valueName":"search_term_string"}}],"inLanguage":"it-IT"}]}},"_links":{"self":[{"href":"https:\/\/www.accuratereviews.com\/it\/wp-json\/wp\/v2\/pages\/49219","targetHints":{"allow":["GET"]}}],"collection":[{"href":"https:\/\/www.accuratereviews.com\/it\/wp-json\/wp\/v2\/pages"}],"about":[{"href":"https:\/\/www.accuratereviews.com\/it\/wp-json\/wp\/v2\/types\/page"}],"author":[{"embeddable":true,"href":"https:\/\/www.accuratereviews.com\/it\/wp-json\/wp\/v2\/users\/16"}],"replies":[{"embeddable":true,"href":"https:\/\/www.accuratereviews.com\/it\/wp-json\/wp\/v2\/comments?post=49219"}],"version-history":[{"count":9,"href":"https:\/\/www.accuratereviews.com\/it\/wp-json\/wp\/v2\/pages\/49219\/revisions"}],"predecessor-version":[{"id":49279,"href":"https:\/\/www.accuratereviews.com\/it\/wp-json\/wp\/v2\/pages\/49219\/revisions\/49279"}],"up":[{"embeddable":true,"href":"https:\/\/www.accuratereviews.com\/it\/wp-json\/wp\/v2\/pages\/49078"}],"wp:featuredmedia":[{"embeddable":true,"href":"https:\/\/www.accuratereviews.com\/it\/wp-json\/wp\/v2\/media\/49220"}],"wp:attachment":[{"href":"https:\/\/www.accuratereviews.com\/it\/wp-json\/wp\/v2\/media?parent=49219"}],"wp:term":[{"taxonomy":"category","embeddable":true,"href":"https:\/\/www.accuratereviews.com\/it\/wp-json\/wp\/v2\/categories?post=49219"},{"taxonomy":"post_tag","embeddable":true,"href":"https:\/\/www.accuratereviews.com\/it\/wp-json\/wp\/v2\/tags?post=49219"},{"taxonomy":"features","embeddable":true,"href":"https:\/\/www.accuratereviews.com\/it\/wp-json\/wp\/v2\/features?post=49219"}],"curies":[{"name":"wp","href":"https:\/\/api.w.org\/{rel}","templated":true}]}}