{"id":49228,"date":"2021-10-28T11:34:20","date_gmt":"2021-10-28T11:34:20","guid":{"rendered":"https:\/\/www.accuratereviews.com\/?page_id=49228"},"modified":"2021-10-28T11:34:20","modified_gmt":"2021-10-28T11:34:20","slug":"icims-recensione","status":"publish","type":"page","link":"https:\/\/www.accuratereviews.com\/it\/piattaforme-sms-marketing\/icims-recensione\/","title":{"rendered":"Icims"},"content":{"rendered":"<p><strong>iCIMS<\/strong> \u00e8 una <strong>piattaforma per il reclutamento tramite sms<\/strong> che offre i migliori prodotti di reclutamento per il ciclo di vita delle assunzioni.\u00a0Coinvolgendo talenti passivi e coltivando prospettive, i siti di carriera e gestione delle relazioni con i candidati ti consentono di reperire e riempire in modo proattivo le pipeline di talenti meglio della concorrenza, offrendo ai tuoi candidati esperienze personalizzate sul sito di carriera. La funzione <strong>Text Engagement<\/strong> ti trasforma in un datore di lavoro modello grazie alla comunicazione moderna tramite messaggi di testo, chatbot e social media. Il pluripremiato sistema di monitoraggio dei candidati offre un&#8217;esperienza leader del settore, da un processo di candidatura ottimizzato per dispositivi mobili alla ricezione di un&#8217;offerta professionale il tutto riducendo i costi e i tempi di assunzione.<\/p>\n<h2>ICIMS &#8211; TUTORIAL<\/h2>\n<p>Guardiamo insieme questo tutorial in cui mostra le principali funzioni di questo <strong>software per sms<\/strong>:<\/p>\n<div id=\"fluid-wrapper-counter-1\" class=\"g1-fluid-wrapper \" style=\"width:686px;\">\n<div style=\"padding-bottom:56.268221574344%;\"><iframe loading=\"lazy\" title=\"iCIMS Overview\" width=\"686\" height=\"386\" src=\"https:\/\/www.youtube.com\/embed\/z40CyhsBrU0?feature=oembed&amp;wmode=transparent&amp;autohide=1&amp;autoplay=0&amp;disablekb=0&amp;fs=1&amp;loop=0&amp;enablejsapi=1&amp;rel=0&amp;controls=2&amp;showinfo=0&amp;wmode=transparent&amp;autohide=2&amp;autoplay=0&amp;disablekb=0&amp;fs=1&amp;loop=0&amp;enablejsapi=1&amp;rel=0&amp;controls=2&amp;showinfo=1\" frameborder=\"0\" allow=\"accelerometer; autoplay; clipboard-write; encrypted-media; gyroscope; picture-in-picture\" allowfullscreen><\/iframe><\/div>\n<\/div>\n<h3>ICIMS &#8211; CARATTERISTICHE<\/h3>\n<ul>\n<li>Aumenta le percentuali di apertura, dal 20% delle email al 98% dei messaggi<\/li>\n<li>Riduci i tempi di assunzione per ridurre i costi e raggiungere pi\u00f9 rapidamente gli obiettivi di selezione<\/li>\n<li>Converti il talento su scala con flussi di lavoro automatizzati integrati in campagne di messaggistica<\/li>\n<li>Integrazione diretta con l&#8217;applicant tracking system e il candidate relationship management (software di gestione delle relazioni con i candidati)<\/li>\n<li>Ridurre di 3 giorni il tempo per programmare i colloqui con i candidati<\/li>\n<li>Incontrare i candidati dove sono tramite sms, WhatsApp, Facebook Messenger ed eventi virtuali<\/li>\n<li>Rispondi automaticamente alle FAQ in modo che i candidati curiosi possano rimanere informati<\/li>\n<li>Costruisci esperienze moderne per i candidati e ridurre il ghosting dei candidati con una programmazione semplice e self-service, riprogrammazione e promemoria automatici<\/li>\n<li>Invia tempestivamente campagne pertinenti ai candidati, per mantenere la tua azienda al primo posto nei pensieri<\/li>\n<\/ul>\n<h4>LE RECENSIONI DEGLI UTENTI<\/h4>\n<p class=\"h5 font-weight-bold\"><strong>Johon D.&#8221;Monitoraggio del richiedente iCIMS&#8221;<\/strong><\/p>\n<p><span class=\"font-weight-bold\"><strong>Commenti<\/strong>: <\/span>Sebbene il sistema non sia super intuitivo per gli utenti, specialmente quelli che sono nuovi a un ATS, una volta appreso il prodotto, realizzi tutte le funzionalit\u00e0 disponibili per aiutarti a gestire le tue aperture e i candidati.<\/p>\n<p class=\"font-weight-bold mb-2\"><strong>Pro<\/strong>:\u00a0Una delle migliori caratteristiche di iCIMS \u00e8 la sua configurazione e la capacit\u00e0 di inviare messaggi di testo ai candidati, che non molti moduli ATS includono come funzionalit\u00e0. Il sistema consente di gestire molte richieste e attivit\u00e0 del candidato. La dashboard \u00e8 un&#8217;ottima funzionalit\u00e0, che consente agli utenti di visualizzare rapidamente i propri dati.<\/p>\n<p class=\"font-weight-bold mb-2\"><strong>Contro<\/strong>:\u00a0Sarebbe utile aumentare il limite di caratteri del testo per includere pi\u00f9 informazioni ai candidati. L&#8217;esperienza del candidato necessita di alcuni aggiornamenti, ad esempio sarebbe bello consentire pi\u00f9 curricula e lettere di presentazione.<\/p>\n<p class=\"font-weight-bold mb-2\"><strong>Vicki F.&#8221;iCIMS fa risparmiare tempo e denaro&#8221;<\/strong><\/p>\n<p><span class=\"font-weight-bold\"><strong>Commenti<\/strong>: <\/span>La nostra esperienza complessiva \u00e8 molto positiva. Amiamo la configurabilit\u00e0 del prodotto in modo da renderlo unico per il nostro modello di business. Il loro team di supporto \u00e8 fantastico.<\/p>\n<p class=\"font-weight-bold mb-2\"><strong>Pro<\/strong>:\u00a0Prima di iniziare a utilizzare il sistema di tracciamento dei candidati iCIMS, facevamo tutto a mano. Rapporti inclusi. I nostri candidati erano infastiditi perch\u00e9 non avevamo modo di mantenere un profilo con le loro informazioni, e quindi avrebbero dovuto inviarci un curriculum e compilare una domanda ogni volta che si candidavano per una delle posizioni per cui stavamo cercando. Tutto \u00e8 stato faticosamente salvato in una cartella Dropbox per i nostri clienti. Ora tutto \u00e8 automatizzato, i nostri clienti hanno a portata di mano i materiali candidati e noi siamo molto pi\u00f9 efficienti,<\/p>\n<p class=\"font-weight-bold mb-2\"><strong>Contro<\/strong>:\u00a0La curva di apprendimento per iniziare a lavorare se non hai utilizzato un software di monitoraggio dei candidati \u00e8 piuttosto ripida. Chiunque nel tuo team di integrazione deve essere in grado di dedicare una grande quantit\u00e0 di tempo a lavorare con il team iCIMS per impostare tutto. E l&#8217;analisi del curriculum non \u00e8 delle migliori.<\/p>\n<p class=\"font-weight-bold mb-2\"><strong>Jared H.&#8221;Ottimo ATS ad un ottimo prezzo&#8221;<\/strong><\/p>\n<p><span class=\"font-weight-bold\"><strong>Commenti<\/strong>: <\/span>Provengo da un ambiente Taleo, quindi ho pensato che iCIMS avrebbe avuto meno funzionalit\u00e0, ma sono stato estremamente soddisfatto del set di funzionalit\u00e0 fornito da iCIMS e il servizio clienti \u00e8 tra i migliori del settore. I loro rappresentanti sono ben informati e hanno sempre risposto alla mia domanda e spiegato gli articoli in modo chiaro e conciso. Consiglio vivamente iCIMS a chiunque cerchi un ATS.<\/p>\n<p class=\"font-weight-bold mb-2\"><strong>Pro<\/strong>:\u00a0Mi piace l&#8217;ottimo servizio clienti che mi aiuta con tutte le mie esigenze di configurazione. Mi piace che abbia tutte le funzionalit\u00e0 e le \u00a0integrazioni facili da configurare e far funzionare. Mi piace la revisione annuale del sistema e gli utili consigli che iCIMS fornisce per migliorare il sistema.<\/p>\n<p class=\"font-weight-bold mb-2\"><strong>Contro<\/strong>:\u00a0Non mi piace che la loro non sia una progressione automatica. La progressione automatica \u00e8 estremamente utile per gli stati chiave.<\/p>\n","protected":false},"excerpt":{"rendered":"<p>iCIMS \u00e8 una piattaforma per l&#8217;assunzione tramite \u00a0sms che offre i migliori prodotti di reclutamento per il ciclo di vita delle assunzioni.\u00a0Coinvolgendo talenti passivi e coltivando prospettive, i siti di carriera e gestione delle relazioni con i candidati ti consentono di reperire e riempire in modo proattivo le pipeline di talenti meglio della concorrenza, offrendo ai tuoi candidati esperienze personalizzate sul sito di carriera.<\/p>\n","protected":false},"author":16,"featured_media":49235,"parent":49078,"menu_order":0,"comment_status":"open","ping_status":"closed","template":"g1_template_page_review_new.php","meta":{"_acf_changed":false,"cwp_meta_box_check":"No","cwp_rev_product_name":"","cwp_rev_product_image":"","wppr_links":[],"cwp_rev_price":"","wppr_options":[],"wppr_pros":[],"wppr_cons":[],"_monsterinsights_skip_tracking":false,"_monsterinsights_sitenote_active":false,"_monsterinsights_sitenote_note":"","_monsterinsights_sitenote_category":0,"footnotes":""},"categories":[11324],"tags":[11358,11357,11356,11353,11354,11355],"features":[],"class_list":{"0":"post-49228","1":"page","2":"type-page","3":"status-publish","4":"has-post-thumbnail","6":"category-piattaforma-sms-marketing-cat","7":"tag-icims","8":"tag-piattaforma-sms-reclutamento","9":"tag-programma-sms-reclutamento","10":"tag-sms-per-reclutamento","11":"tag-software-sms-reclutamento","12":"tag-soluzione-sms-reclutamento"},"wppr_data":{"cwp_meta_box_check":"No"},"acf":[],"yoast_head":"<!-- This site is optimized with the Yoast SEO plugin v27.4 - https:\/\/yoast.com\/product\/yoast-seo-wordpress\/ -->\n<title>iCIMS: recensione software sms - Accurate Reviews<\/title>\n<meta name=\"description\" content=\"iCIMS: recensione piattaforma per l&#039;assunzione tramite\u00a0sms che offre i migliori prodotti di reclutamento per il ciclo di vita delle assunzioni\" \/>\n<meta name=\"robots\" content=\"index, follow, max-snippet:-1, max-image-preview:large, max-video-preview:-1\" \/>\n<link rel=\"canonical\" href=\"https:\/\/www.accuratereviews.com\/it\/piattaforme-sms-marketing\/icims-recensione\/\" \/>\n<meta property=\"og:locale\" content=\"it_IT\" \/>\n<meta property=\"og:type\" content=\"article\" \/>\n<meta property=\"og:title\" content=\"iCIMS: recensione software sms - Accurate Reviews\" \/>\n<meta property=\"og:description\" content=\"iCIMS: recensione piattaforma per l&#039;assunzione tramite\u00a0sms che offre i migliori prodotti di reclutamento per il ciclo di vita delle assunzioni\" \/>\n<meta property=\"og:url\" content=\"https:\/\/www.accuratereviews.com\/it\/piattaforme-sms-marketing\/icims-recensione\/\" \/>\n<meta property=\"og:site_name\" content=\"Accurate Reviews\" \/>\n<meta property=\"og:image\" content=\"https:\/\/www.accuratereviews.com\/wp-content\/uploads\/2021\/10\/Icims-1.png\" \/>\n\t<meta property=\"og:image:width\" content=\"200\" \/>\n\t<meta property=\"og:image:height\" content=\"200\" \/>\n\t<meta property=\"og:image:type\" content=\"image\/png\" \/>\n<meta name=\"twitter:card\" content=\"summary_large_image\" \/>\n<meta name=\"twitter:label1\" content=\"Tempo di lettura stimato\" \/>\n\t<meta name=\"twitter:data1\" content=\"4 minuti\" \/>\n<script type=\"application\/ld+json\" class=\"yoast-schema-graph\">{\"@context\":\"https:\\\/\\\/schema.org\",\"@graph\":[{\"@type\":\"WebPage\",\"@id\":\"https:\\\/\\\/www.accuratereviews.com\\\/it\\\/piattaforme-sms-marketing\\\/icims-recensione\\\/\",\"url\":\"https:\\\/\\\/www.accuratereviews.com\\\/it\\\/piattaforme-sms-marketing\\\/icims-recensione\\\/\",\"name\":\"iCIMS: recensione software sms - Accurate Reviews\",\"isPartOf\":{\"@id\":\"https:\\\/\\\/www.accuratereviews.com\\\/it\\\/#website\"},\"primaryImageOfPage\":{\"@id\":\"https:\\\/\\\/www.accuratereviews.com\\\/it\\\/piattaforme-sms-marketing\\\/icims-recensione\\\/#primaryimage\"},\"image\":{\"@id\":\"https:\\\/\\\/www.accuratereviews.com\\\/it\\\/piattaforme-sms-marketing\\\/icims-recensione\\\/#primaryimage\"},\"thumbnailUrl\":\"https:\\\/\\\/www.accuratereviews.com\\\/wp-content\\\/uploads\\\/2021\\\/10\\\/Icims-1.png\",\"datePublished\":\"2021-10-28T11:34:20+00:00\",\"description\":\"iCIMS: recensione piattaforma per l'assunzione tramite\u00a0sms che offre i migliori prodotti di reclutamento per il ciclo di vita delle assunzioni\",\"breadcrumb\":{\"@id\":\"https:\\\/\\\/www.accuratereviews.com\\\/it\\\/piattaforme-sms-marketing\\\/icims-recensione\\\/#breadcrumb\"},\"inLanguage\":\"it-IT\",\"potentialAction\":[{\"@type\":\"ReadAction\",\"target\":[\"https:\\\/\\\/www.accuratereviews.com\\\/it\\\/piattaforme-sms-marketing\\\/icims-recensione\\\/\"]}]},{\"@type\":\"ImageObject\",\"inLanguage\":\"it-IT\",\"@id\":\"https:\\\/\\\/www.accuratereviews.com\\\/it\\\/piattaforme-sms-marketing\\\/icims-recensione\\\/#primaryimage\",\"url\":\"https:\\\/\\\/www.accuratereviews.com\\\/wp-content\\\/uploads\\\/2021\\\/10\\\/Icims-1.png\",\"contentUrl\":\"https:\\\/\\\/www.accuratereviews.com\\\/wp-content\\\/uploads\\\/2021\\\/10\\\/Icims-1.png\",\"width\":200,\"height\":200},{\"@type\":\"BreadcrumbList\",\"@id\":\"https:\\\/\\\/www.accuratereviews.com\\\/it\\\/piattaforme-sms-marketing\\\/icims-recensione\\\/#breadcrumb\",\"itemListElement\":[{\"@type\":\"ListItem\",\"position\":1,\"name\":\"Home\",\"item\":\"https:\\\/\\\/www.accuratereviews.com\\\/it\\\/\"},{\"@type\":\"ListItem\",\"position\":2,\"name\":\"Piattaforme per sms marketing\",\"item\":\"https:\\\/\\\/www.accuratereviews.com\\\/it\\\/piattaforme-sms-marketing\\\/\"},{\"@type\":\"ListItem\",\"position\":3,\"name\":\"Icims\"}]},{\"@type\":\"WebSite\",\"@id\":\"https:\\\/\\\/www.accuratereviews.com\\\/it\\\/#website\",\"url\":\"https:\\\/\\\/www.accuratereviews.com\\\/it\\\/\",\"name\":\"Accurate Reviews\",\"description\":\"\",\"potentialAction\":[{\"@type\":\"SearchAction\",\"target\":{\"@type\":\"EntryPoint\",\"urlTemplate\":\"https:\\\/\\\/www.accuratereviews.com\\\/it\\\/?s={search_term_string}\"},\"query-input\":{\"@type\":\"PropertyValueSpecification\",\"valueRequired\":true,\"valueName\":\"search_term_string\"}}],\"inLanguage\":\"it-IT\"}]}<\/script>\n<!-- \/ Yoast SEO plugin. -->","yoast_head_json":{"title":"iCIMS: recensione software sms - Accurate Reviews","description":"iCIMS: recensione piattaforma per l'assunzione tramite\u00a0sms che offre i migliori prodotti di reclutamento per il ciclo di vita delle assunzioni","robots":{"index":"index","follow":"follow","max-snippet":"max-snippet:-1","max-image-preview":"max-image-preview:large","max-video-preview":"max-video-preview:-1"},"canonical":"https:\/\/www.accuratereviews.com\/it\/piattaforme-sms-marketing\/icims-recensione\/","og_locale":"it_IT","og_type":"article","og_title":"iCIMS: recensione software sms - Accurate Reviews","og_description":"iCIMS: recensione piattaforma per l'assunzione tramite\u00a0sms che offre i migliori prodotti di reclutamento per il ciclo di vita delle assunzioni","og_url":"https:\/\/www.accuratereviews.com\/it\/piattaforme-sms-marketing\/icims-recensione\/","og_site_name":"Accurate Reviews","og_image":[{"width":200,"height":200,"url":"https:\/\/www.accuratereviews.com\/wp-content\/uploads\/2021\/10\/Icims-1.png","type":"image\/png"}],"twitter_card":"summary_large_image","twitter_misc":{"Tempo di lettura stimato":"4 minuti"},"schema":{"@context":"https:\/\/schema.org","@graph":[{"@type":"WebPage","@id":"https:\/\/www.accuratereviews.com\/it\/piattaforme-sms-marketing\/icims-recensione\/","url":"https:\/\/www.accuratereviews.com\/it\/piattaforme-sms-marketing\/icims-recensione\/","name":"iCIMS: recensione software sms - Accurate Reviews","isPartOf":{"@id":"https:\/\/www.accuratereviews.com\/it\/#website"},"primaryImageOfPage":{"@id":"https:\/\/www.accuratereviews.com\/it\/piattaforme-sms-marketing\/icims-recensione\/#primaryimage"},"image":{"@id":"https:\/\/www.accuratereviews.com\/it\/piattaforme-sms-marketing\/icims-recensione\/#primaryimage"},"thumbnailUrl":"https:\/\/www.accuratereviews.com\/wp-content\/uploads\/2021\/10\/Icims-1.png","datePublished":"2021-10-28T11:34:20+00:00","description":"iCIMS: recensione piattaforma per l'assunzione tramite\u00a0sms che offre i migliori prodotti di reclutamento per il ciclo di vita delle assunzioni","breadcrumb":{"@id":"https:\/\/www.accuratereviews.com\/it\/piattaforme-sms-marketing\/icims-recensione\/#breadcrumb"},"inLanguage":"it-IT","potentialAction":[{"@type":"ReadAction","target":["https:\/\/www.accuratereviews.com\/it\/piattaforme-sms-marketing\/icims-recensione\/"]}]},{"@type":"ImageObject","inLanguage":"it-IT","@id":"https:\/\/www.accuratereviews.com\/it\/piattaforme-sms-marketing\/icims-recensione\/#primaryimage","url":"https:\/\/www.accuratereviews.com\/wp-content\/uploads\/2021\/10\/Icims-1.png","contentUrl":"https:\/\/www.accuratereviews.com\/wp-content\/uploads\/2021\/10\/Icims-1.png","width":200,"height":200},{"@type":"BreadcrumbList","@id":"https:\/\/www.accuratereviews.com\/it\/piattaforme-sms-marketing\/icims-recensione\/#breadcrumb","itemListElement":[{"@type":"ListItem","position":1,"name":"Home","item":"https:\/\/www.accuratereviews.com\/it\/"},{"@type":"ListItem","position":2,"name":"Piattaforme per sms marketing","item":"https:\/\/www.accuratereviews.com\/it\/piattaforme-sms-marketing\/"},{"@type":"ListItem","position":3,"name":"Icims"}]},{"@type":"WebSite","@id":"https:\/\/www.accuratereviews.com\/it\/#website","url":"https:\/\/www.accuratereviews.com\/it\/","name":"Accurate Reviews","description":"","potentialAction":[{"@type":"SearchAction","target":{"@type":"EntryPoint","urlTemplate":"https:\/\/www.accuratereviews.com\/it\/?s={search_term_string}"},"query-input":{"@type":"PropertyValueSpecification","valueRequired":true,"valueName":"search_term_string"}}],"inLanguage":"it-IT"}]}},"_links":{"self":[{"href":"https:\/\/www.accuratereviews.com\/it\/wp-json\/wp\/v2\/pages\/49228","targetHints":{"allow":["GET"]}}],"collection":[{"href":"https:\/\/www.accuratereviews.com\/it\/wp-json\/wp\/v2\/pages"}],"about":[{"href":"https:\/\/www.accuratereviews.com\/it\/wp-json\/wp\/v2\/types\/page"}],"author":[{"embeddable":true,"href":"https:\/\/www.accuratereviews.com\/it\/wp-json\/wp\/v2\/users\/16"}],"replies":[{"embeddable":true,"href":"https:\/\/www.accuratereviews.com\/it\/wp-json\/wp\/v2\/comments?post=49228"}],"version-history":[{"count":10,"href":"https:\/\/www.accuratereviews.com\/it\/wp-json\/wp\/v2\/pages\/49228\/revisions"}],"predecessor-version":[{"id":49282,"href":"https:\/\/www.accuratereviews.com\/it\/wp-json\/wp\/v2\/pages\/49228\/revisions\/49282"}],"up":[{"embeddable":true,"href":"https:\/\/www.accuratereviews.com\/it\/wp-json\/wp\/v2\/pages\/49078"}],"wp:featuredmedia":[{"embeddable":true,"href":"https:\/\/www.accuratereviews.com\/it\/wp-json\/wp\/v2\/media\/49235"}],"wp:attachment":[{"href":"https:\/\/www.accuratereviews.com\/it\/wp-json\/wp\/v2\/media?parent=49228"}],"wp:term":[{"taxonomy":"category","embeddable":true,"href":"https:\/\/www.accuratereviews.com\/it\/wp-json\/wp\/v2\/categories?post=49228"},{"taxonomy":"post_tag","embeddable":true,"href":"https:\/\/www.accuratereviews.com\/it\/wp-json\/wp\/v2\/tags?post=49228"},{"taxonomy":"features","embeddable":true,"href":"https:\/\/www.accuratereviews.com\/it\/wp-json\/wp\/v2\/features?post=49228"}],"curies":[{"name":"wp","href":"https:\/\/api.w.org\/{rel}","templated":true}]}}