{"id":49248,"date":"2021-10-28T11:35:42","date_gmt":"2021-10-28T11:35:42","guid":{"rendered":"https:\/\/www.accuratereviews.com\/?page_id=49248"},"modified":"2021-10-28T11:35:42","modified_gmt":"2021-10-28T11:35:42","slug":"sms-studio-recensione","status":"publish","type":"page","link":"https:\/\/www.accuratereviews.com\/it\/piattaforme-sms-marketing\/sms-studio-recensione\/","title":{"rendered":"SMS Studio"},"content":{"rendered":"<p><strong>SMS Studio<\/strong> \u00e8 una <strong>piattaforma per sms marketing<\/strong> che ti permette di raggiungere il tuo pubblico in modo istantaneo attraverso i messaggi di testo. Gli sms sono infatti una delle funzioni mobile pi\u00f9 utilizzate prima ancora delle chiamate e delle mail. Pertanto \u00e8 fondamentale creare una strategia di sms marketing con delle campagne sms professionali e di alto livello in grado di coinvolgere i tuoi clienti.<br \/>\nGrazie agli strumenti che <strong>SMS Studio<\/strong> offre, sarai in grado di gestire le liste, il design, l&#8217;ottimizzazione delle campagne e le analisi.<\/p>\n<h2>SMS STUDIO &#8211; IMMAGINE<\/h2>\n<p><a href=\"https:\/\/www.accuratereviews.com\/wp-content\/uploads\/2021\/10\/laptop.png\"><img loading=\"lazy\" decoding=\"async\" class=\"size-full wp-image-49250 aligncenter\" src=\"https:\/\/www.accuratereviews.com\/wp-content\/uploads\/2021\/10\/laptop.png\" alt=\"\" width=\"632\" height=\"378\" srcset=\"https:\/\/www.accuratereviews.com\/wp-content\/uploads\/2021\/10\/laptop.png 632w, https:\/\/www.accuratereviews.com\/wp-content\/uploads\/2021\/10\/laptop-300x179.png 300w, https:\/\/www.accuratereviews.com\/wp-content\/uploads\/2021\/10\/laptop-209x125.png 209w, https:\/\/www.accuratereviews.com\/wp-content\/uploads\/2021\/10\/laptop-50x30.png 50w, https:\/\/www.accuratereviews.com\/wp-content\/uploads\/2021\/10\/laptop-320x191.png 320w, https:\/\/www.accuratereviews.com\/wp-content\/uploads\/2021\/10\/laptop-239x143.png 239w\" sizes=\"auto, (max-width: 632px) 100vw, 632px\" \/><\/a><\/p>\n<h3>SMS STUDIO &#8211; CARATTERISTICHE<\/h3>\n<ul>\n<li><strong>Gestione completa delle liste<\/strong>: costruisci e gestisci il tuo database mobile con facilit\u00e0<\/li>\n<li><strong>Pagine di atterraggio mobili<\/strong>: progetta le tue pagine di atterraggio mobili di classe mondiale che generano lead<\/li>\n<li><strong>A\/B testing<\/strong>: testa senza sforzo le tue campagne per ottimizzare i tuoi risultati<\/li>\n<li><strong>Analisi completa<\/strong>: traccia le performance per monitorare i tuoi risultati<\/li>\n<li><strong>Integrazione API<\/strong>: la piattaforma offre un&#8217;integrazione API facile e sicura<\/li>\n<li><strong>Accorciatore di url incorporato<\/strong>: la messaggistica di testo limita naturalmente la quantit\u00e0 di caratteri consentiti che puoi visualizzare. Al posto di questo, SMS Studio ha la capacit\u00e0 di rendere i tuoi link url pi\u00f9 corti, il che permette di avere pi\u00f9 spazio per il tuo contenuto.<\/li>\n<\/ul>\n<h4>LE RECENSIONI DEGLI UTENTI<\/h4>\n<p><strong>Laura A. &#8220;Studio SMS&#8221;<\/strong><br \/>\nCOMMENTI: l&#8217;esperienza \u00e8 stata molto buona.<br \/>\nPRO: questo software \u00e8 facile da usare, veloce da implementare, il servizio clienti \u00e8 ottimo, sempre disponibile e disposto ad aiutare.<br \/>\nCONTRO: il reporting pu\u00f2 migliorare, tuttavia, stanno costantemente facendo aggiornamenti.<\/p>\n<p><strong>Shahar F. &#8220;Recensione&#8221;<\/strong><br \/>\nCOMMENTI: super felice con il prodotto e lo sto usando da un po&#8217; ormai<br \/>\nCONTRO: le tariffe potrebbero essere in alcune rotte\/paesi un po&#8217; sopra la media.<\/p>\n<p><strong>Eyal S. &#8220;Lo adoro. Anche in viaggio&#8221;<\/strong><br \/>\nCOMMENTI: \u00e8 una buona piattaforma, amo il clicktracking e l&#8217;alias personalizzato.<br \/>\nUso anche l&#8217;API di tanto in tanto per automatizzare i messaggi.<br \/>\nPRO: posso programmare campagne e uscire, tornare indietro e vedere la quantit\u00e0 di clic che ho ottenuto.<br \/>\nCONTRO: nessun supporto Whatsapp (ancora?) Nessun emoji<\/p>\n","protected":false},"excerpt":{"rendered":"<p>SMS Studio \u00e8 una piattaforma per SMS marketing che ti permette di raggiungere il tuo pubblico in modo istantaneo attraverso i messaggi di testo. Gli sms sono infatti una delle funzioni mobile pi\u00f9 utilizzate prima ancora delle chiamate e delle mail. <\/p>\n","protected":false},"author":17,"featured_media":49260,"parent":49078,"menu_order":0,"comment_status":"open","ping_status":"closed","template":"g1_template_page_review_new.php","meta":{"_acf_changed":false,"cwp_meta_box_check":"No","cwp_rev_product_name":"","cwp_rev_product_image":"","wppr_links":[],"cwp_rev_price":"","wppr_options":[],"wppr_pros":[],"wppr_cons":[],"_monsterinsights_skip_tracking":false,"_monsterinsights_sitenote_active":false,"_monsterinsights_sitenote_note":"","_monsterinsights_sitenote_category":0,"footnotes":""},"categories":[11324],"tags":[11327,11329,5721,11353,11328,11330],"features":[],"class_list":{"0":"post-49248","1":"page","2":"type-page","3":"status-publish","4":"has-post-thumbnail","6":"category-piattaforma-sms-marketing-cat","7":"tag-piattaforma-sms-marketing","8":"tag-programma-sms-marketing","9":"tag-sms-marketing-it","10":"tag-sms-per-reclutamento","11":"tag-software-sms-marketing","12":"tag-soluzione-sms-marketing"},"wppr_data":{"cwp_meta_box_check":"No"},"acf":[],"yoast_head":"<!-- This site is optimized with the Yoast SEO plugin v27.4 - https:\/\/yoast.com\/product\/yoast-seo-wordpress\/ -->\n<title>SMS Studio: recensione piattaforma sms marketing - Accurate Reviews<\/title>\n<meta name=\"description\" content=\"SMS Studio: recensione della piattaforma per sms marketing che ti permette di raggiungere il tuo pubblico in modo istantaneo.\" \/>\n<meta name=\"robots\" content=\"index, follow, max-snippet:-1, max-image-preview:large, max-video-preview:-1\" \/>\n<link rel=\"canonical\" href=\"https:\/\/www.accuratereviews.com\/it\/piattaforme-sms-marketing\/sms-studio-recensione\/\" \/>\n<meta property=\"og:locale\" content=\"it_IT\" \/>\n<meta property=\"og:type\" content=\"article\" \/>\n<meta property=\"og:title\" content=\"SMS Studio: recensione piattaforma sms marketing - Accurate Reviews\" \/>\n<meta property=\"og:description\" content=\"SMS Studio: recensione della piattaforma per sms marketing che ti permette di raggiungere il tuo pubblico in modo istantaneo.\" \/>\n<meta property=\"og:url\" content=\"https:\/\/www.accuratereviews.com\/it\/piattaforme-sms-marketing\/sms-studio-recensione\/\" \/>\n<meta property=\"og:site_name\" content=\"Accurate Reviews\" \/>\n<meta property=\"og:image\" content=\"https:\/\/www.accuratereviews.com\/wp-content\/uploads\/2021\/10\/Schermata-2021-10-28-alle-12.04.53-1.png\" \/>\n\t<meta property=\"og:image:width\" content=\"1052\" \/>\n\t<meta property=\"og:image:height\" content=\"200\" \/>\n\t<meta property=\"og:image:type\" content=\"image\/png\" \/>\n<meta name=\"twitter:card\" content=\"summary_large_image\" \/>\n<meta name=\"twitter:label1\" content=\"Tempo di lettura stimato\" \/>\n\t<meta name=\"twitter:data1\" content=\"2 minuti\" \/>\n<script type=\"application\/ld+json\" class=\"yoast-schema-graph\">{\"@context\":\"https:\\\/\\\/schema.org\",\"@graph\":[{\"@type\":\"WebPage\",\"@id\":\"https:\\\/\\\/www.accuratereviews.com\\\/it\\\/piattaforme-sms-marketing\\\/sms-studio-recensione\\\/\",\"url\":\"https:\\\/\\\/www.accuratereviews.com\\\/it\\\/piattaforme-sms-marketing\\\/sms-studio-recensione\\\/\",\"name\":\"SMS Studio: recensione piattaforma sms marketing - Accurate Reviews\",\"isPartOf\":{\"@id\":\"https:\\\/\\\/www.accuratereviews.com\\\/it\\\/#website\"},\"primaryImageOfPage\":{\"@id\":\"https:\\\/\\\/www.accuratereviews.com\\\/it\\\/piattaforme-sms-marketing\\\/sms-studio-recensione\\\/#primaryimage\"},\"image\":{\"@id\":\"https:\\\/\\\/www.accuratereviews.com\\\/it\\\/piattaforme-sms-marketing\\\/sms-studio-recensione\\\/#primaryimage\"},\"thumbnailUrl\":\"https:\\\/\\\/www.accuratereviews.com\\\/wp-content\\\/uploads\\\/2021\\\/10\\\/Schermata-2021-10-28-alle-12.04.53-1.png\",\"datePublished\":\"2021-10-28T11:35:42+00:00\",\"description\":\"SMS Studio: recensione della piattaforma per sms marketing che ti permette di raggiungere il tuo pubblico in modo istantaneo.\",\"breadcrumb\":{\"@id\":\"https:\\\/\\\/www.accuratereviews.com\\\/it\\\/piattaforme-sms-marketing\\\/sms-studio-recensione\\\/#breadcrumb\"},\"inLanguage\":\"it-IT\",\"potentialAction\":[{\"@type\":\"ReadAction\",\"target\":[\"https:\\\/\\\/www.accuratereviews.com\\\/it\\\/piattaforme-sms-marketing\\\/sms-studio-recensione\\\/\"]}]},{\"@type\":\"ImageObject\",\"inLanguage\":\"it-IT\",\"@id\":\"https:\\\/\\\/www.accuratereviews.com\\\/it\\\/piattaforme-sms-marketing\\\/sms-studio-recensione\\\/#primaryimage\",\"url\":\"https:\\\/\\\/www.accuratereviews.com\\\/wp-content\\\/uploads\\\/2021\\\/10\\\/Schermata-2021-10-28-alle-12.04.53-1.png\",\"contentUrl\":\"https:\\\/\\\/www.accuratereviews.com\\\/wp-content\\\/uploads\\\/2021\\\/10\\\/Schermata-2021-10-28-alle-12.04.53-1.png\",\"width\":1052,\"height\":200},{\"@type\":\"BreadcrumbList\",\"@id\":\"https:\\\/\\\/www.accuratereviews.com\\\/it\\\/piattaforme-sms-marketing\\\/sms-studio-recensione\\\/#breadcrumb\",\"itemListElement\":[{\"@type\":\"ListItem\",\"position\":1,\"name\":\"Home\",\"item\":\"https:\\\/\\\/www.accuratereviews.com\\\/it\\\/\"},{\"@type\":\"ListItem\",\"position\":2,\"name\":\"Piattaforme per sms marketing\",\"item\":\"https:\\\/\\\/www.accuratereviews.com\\\/it\\\/piattaforme-sms-marketing\\\/\"},{\"@type\":\"ListItem\",\"position\":3,\"name\":\"SMS Studio\"}]},{\"@type\":\"WebSite\",\"@id\":\"https:\\\/\\\/www.accuratereviews.com\\\/it\\\/#website\",\"url\":\"https:\\\/\\\/www.accuratereviews.com\\\/it\\\/\",\"name\":\"Accurate Reviews\",\"description\":\"\",\"potentialAction\":[{\"@type\":\"SearchAction\",\"target\":{\"@type\":\"EntryPoint\",\"urlTemplate\":\"https:\\\/\\\/www.accuratereviews.com\\\/it\\\/?s={search_term_string}\"},\"query-input\":{\"@type\":\"PropertyValueSpecification\",\"valueRequired\":true,\"valueName\":\"search_term_string\"}}],\"inLanguage\":\"it-IT\"}]}<\/script>\n<!-- \/ Yoast SEO plugin. -->","yoast_head_json":{"title":"SMS Studio: recensione piattaforma sms marketing - Accurate Reviews","description":"SMS Studio: recensione della piattaforma per sms marketing che ti permette di raggiungere il tuo pubblico in modo istantaneo.","robots":{"index":"index","follow":"follow","max-snippet":"max-snippet:-1","max-image-preview":"max-image-preview:large","max-video-preview":"max-video-preview:-1"},"canonical":"https:\/\/www.accuratereviews.com\/it\/piattaforme-sms-marketing\/sms-studio-recensione\/","og_locale":"it_IT","og_type":"article","og_title":"SMS Studio: recensione piattaforma sms marketing - Accurate Reviews","og_description":"SMS Studio: recensione della piattaforma per sms marketing che ti permette di raggiungere il tuo pubblico in modo istantaneo.","og_url":"https:\/\/www.accuratereviews.com\/it\/piattaforme-sms-marketing\/sms-studio-recensione\/","og_site_name":"Accurate Reviews","og_image":[{"width":1052,"height":200,"url":"https:\/\/www.accuratereviews.com\/wp-content\/uploads\/2021\/10\/Schermata-2021-10-28-alle-12.04.53-1.png","type":"image\/png"}],"twitter_card":"summary_large_image","twitter_misc":{"Tempo di lettura stimato":"2 minuti"},"schema":{"@context":"https:\/\/schema.org","@graph":[{"@type":"WebPage","@id":"https:\/\/www.accuratereviews.com\/it\/piattaforme-sms-marketing\/sms-studio-recensione\/","url":"https:\/\/www.accuratereviews.com\/it\/piattaforme-sms-marketing\/sms-studio-recensione\/","name":"SMS Studio: recensione piattaforma sms marketing - Accurate Reviews","isPartOf":{"@id":"https:\/\/www.accuratereviews.com\/it\/#website"},"primaryImageOfPage":{"@id":"https:\/\/www.accuratereviews.com\/it\/piattaforme-sms-marketing\/sms-studio-recensione\/#primaryimage"},"image":{"@id":"https:\/\/www.accuratereviews.com\/it\/piattaforme-sms-marketing\/sms-studio-recensione\/#primaryimage"},"thumbnailUrl":"https:\/\/www.accuratereviews.com\/wp-content\/uploads\/2021\/10\/Schermata-2021-10-28-alle-12.04.53-1.png","datePublished":"2021-10-28T11:35:42+00:00","description":"SMS Studio: recensione della piattaforma per sms marketing che ti permette di raggiungere il tuo pubblico in modo istantaneo.","breadcrumb":{"@id":"https:\/\/www.accuratereviews.com\/it\/piattaforme-sms-marketing\/sms-studio-recensione\/#breadcrumb"},"inLanguage":"it-IT","potentialAction":[{"@type":"ReadAction","target":["https:\/\/www.accuratereviews.com\/it\/piattaforme-sms-marketing\/sms-studio-recensione\/"]}]},{"@type":"ImageObject","inLanguage":"it-IT","@id":"https:\/\/www.accuratereviews.com\/it\/piattaforme-sms-marketing\/sms-studio-recensione\/#primaryimage","url":"https:\/\/www.accuratereviews.com\/wp-content\/uploads\/2021\/10\/Schermata-2021-10-28-alle-12.04.53-1.png","contentUrl":"https:\/\/www.accuratereviews.com\/wp-content\/uploads\/2021\/10\/Schermata-2021-10-28-alle-12.04.53-1.png","width":1052,"height":200},{"@type":"BreadcrumbList","@id":"https:\/\/www.accuratereviews.com\/it\/piattaforme-sms-marketing\/sms-studio-recensione\/#breadcrumb","itemListElement":[{"@type":"ListItem","position":1,"name":"Home","item":"https:\/\/www.accuratereviews.com\/it\/"},{"@type":"ListItem","position":2,"name":"Piattaforme per sms marketing","item":"https:\/\/www.accuratereviews.com\/it\/piattaforme-sms-marketing\/"},{"@type":"ListItem","position":3,"name":"SMS Studio"}]},{"@type":"WebSite","@id":"https:\/\/www.accuratereviews.com\/it\/#website","url":"https:\/\/www.accuratereviews.com\/it\/","name":"Accurate Reviews","description":"","potentialAction":[{"@type":"SearchAction","target":{"@type":"EntryPoint","urlTemplate":"https:\/\/www.accuratereviews.com\/it\/?s={search_term_string}"},"query-input":{"@type":"PropertyValueSpecification","valueRequired":true,"valueName":"search_term_string"}}],"inLanguage":"it-IT"}]}},"_links":{"self":[{"href":"https:\/\/www.accuratereviews.com\/it\/wp-json\/wp\/v2\/pages\/49248","targetHints":{"allow":["GET"]}}],"collection":[{"href":"https:\/\/www.accuratereviews.com\/it\/wp-json\/wp\/v2\/pages"}],"about":[{"href":"https:\/\/www.accuratereviews.com\/it\/wp-json\/wp\/v2\/types\/page"}],"author":[{"embeddable":true,"href":"https:\/\/www.accuratereviews.com\/it\/wp-json\/wp\/v2\/users\/17"}],"replies":[{"embeddable":true,"href":"https:\/\/www.accuratereviews.com\/it\/wp-json\/wp\/v2\/comments?post=49248"}],"version-history":[{"count":4,"href":"https:\/\/www.accuratereviews.com\/it\/wp-json\/wp\/v2\/pages\/49248\/revisions"}],"predecessor-version":[{"id":49278,"href":"https:\/\/www.accuratereviews.com\/it\/wp-json\/wp\/v2\/pages\/49248\/revisions\/49278"}],"up":[{"embeddable":true,"href":"https:\/\/www.accuratereviews.com\/it\/wp-json\/wp\/v2\/pages\/49078"}],"wp:featuredmedia":[{"embeddable":true,"href":"https:\/\/www.accuratereviews.com\/it\/wp-json\/wp\/v2\/media\/49260"}],"wp:attachment":[{"href":"https:\/\/www.accuratereviews.com\/it\/wp-json\/wp\/v2\/media?parent=49248"}],"wp:term":[{"taxonomy":"category","embeddable":true,"href":"https:\/\/www.accuratereviews.com\/it\/wp-json\/wp\/v2\/categories?post=49248"},{"taxonomy":"post_tag","embeddable":true,"href":"https:\/\/www.accuratereviews.com\/it\/wp-json\/wp\/v2\/tags?post=49248"},{"taxonomy":"features","embeddable":true,"href":"https:\/\/www.accuratereviews.com\/it\/wp-json\/wp\/v2\/features?post=49248"}],"curies":[{"name":"wp","href":"https:\/\/api.w.org\/{rel}","templated":true}]}}