{"id":49313,"date":"2021-10-29T10:13:38","date_gmt":"2021-10-29T10:13:38","guid":{"rendered":"https:\/\/www.accuratereviews.com\/?page_id=49313"},"modified":"2021-11-02T10:23:27","modified_gmt":"2021-11-02T10:23:27","slug":"thryv-recensione","status":"publish","type":"page","link":"https:\/\/www.accuratereviews.com\/it\/piattaforme-sms-marketing\/thryv-recensione\/","title":{"rendered":"Thryv"},"content":{"rendered":"<p><strong>Thryv<\/strong> \u00e8 una <strong>piattaforma di sms marketing<\/strong> che si rivolge principalmente alle piccole imprese in crescita, automatizzando e semplificando i loro compiti e il loro lavoro. Grazie a questo <strong>software end-to-end<\/strong> semplice da usare e sicuro, potrai trovare e comunicare con i clienti al momento giusto e nel modo giusto, gestire la tua giornata con la sincronizzazione del calendario, promemoria automatici, e le conversazioni in una casella di posta e ancora richiedere recensioni e ricevere una notifica istantanea in modo da poter rispondere. Tutto questo, da un unico posto.<\/p>\n<h2>THRYV &#8211; TUTORIAL<\/h2>\n<p>Ecco un breve video che ci mostra come funziona questo <strong>software per SMS marketing<\/strong>:<\/p>\n<div id=\"fluid-wrapper-counter-1\" class=\"g1-fluid-wrapper \" style=\"width:686px;\">\n<div style=\"padding-bottom:56.268221574344%;\"><iframe loading=\"lazy\" title=\"Thryv Software Overview\" width=\"686\" height=\"386\" src=\"https:\/\/www.youtube.com\/embed\/FGaU3lp1tpA?feature=oembed&amp;wmode=transparent&amp;autohide=1&amp;autoplay=0&amp;disablekb=0&amp;fs=1&amp;loop=0&amp;enablejsapi=1&amp;rel=0&amp;controls=2&amp;showinfo=0&amp;wmode=transparent&amp;autohide=2&amp;autoplay=0&amp;disablekb=0&amp;fs=1&amp;loop=0&amp;enablejsapi=1&amp;rel=0&amp;controls=2&amp;showinfo=1\" frameborder=\"0\" allow=\"accelerometer; autoplay; clipboard-write; encrypted-media; gyroscope; picture-in-picture\" allowfullscreen><\/iframe><\/div>\n<\/div>\n<h3>THRYV &#8211; CARATTERISTICHE<\/h3>\n<ul>\n<li><strong>Gestione delle relazioni con i clienti<\/strong>: aggiorna la tua lista di contatti in un CRM con approfondimenti dettagliati e una visione personalizzabile dei tuoi contatti e clienti<\/li>\n<li><strong>Vendite e pagamenti<\/strong>: emetti facilmente preventivi e fatture in movimento, e vieni pagato pi\u00f9 velocemente che mai<\/li>\n<li><strong>Comunicazione con i clienti<\/strong>: comunica con i clienti come vogliono, via testo ed email, tutto da un&#8217;unica casella di posta<\/li>\n<li><strong>Programmazione e appuntamenti<\/strong>: sincronizza il tuo calendario esistente, pianifica i progetti e gestisci meglio la tua giornata con la prenotazione opzionale degli appuntamenti e l&#8217;elaborazione dei pagamenti<\/li>\n<li><strong>Gestione della reputazione<\/strong>: prendi il controllo e proteggi la tua reputazione online. Genera recensioni di prima parte e rispondi da un unico posto<\/li>\n<li><strong>Automazione del marketing<\/strong>: attivate automaticamente campagne di marketing mirate in modo da non dimenticare mai pi\u00f9 di seguire i vostri contatti<\/li>\n<li><strong>Presenza online<\/strong>: offri ai clienti un&#8217;area di accesso interattiva online, sincronizza le informazioni della tua azienda su oltre 40 siti di annunci e ottieni un sito web veloce, moderno e pronto per i dispositivi mobili<\/li>\n<li><strong>Archiviazione e condivisione di documenti<\/strong>: richiedi, archivia e condividi in modo sicuro i documenti direttamente con i tuoi contatti<\/li>\n<li><strong>Social media<\/strong>: connetti i tuoi account Facebook, Twitter, Instagram e LinkedIn e pubblica contenuti da un unico posto, compresi i post precostituiti quando hai bisogno di ispirazione.<\/li>\n<\/ul>\n<h4>LE RECENSIONI DEGLI UTENTI<\/h4>\n<p><strong>Ben M. &#8220;Prodotto eccellente con un servizio clienti ancora migliore&#8221;<\/strong><br \/>\nPRO: il software offre una moltitudine di funzioni e offerte di prodotti che sono al di sopra e oltre la maggior parte nel loro campo. Il supporto clienti \u00e8 meraviglioso e sempre pronto a insegnare o dare una mano.<br \/>\nCONTRO: come novizio, risulta un po&#8217; confusionaria la navigazione del software e l&#8217;inserimento delle informazioni di contatto del cliente.<\/p>\n<p><strong>Mari S. &#8220;Prova prima questo!&#8221;<\/strong><br \/>\nCOMMENTI: nuova attivit\u00e0, quindi ancora in fase di assestamento.<br \/>\nPRO: invece di passare attraverso il processo di provare prodotti simili, questo \u00e8 quello da provare con la formazione che hai, \u00e8 pi\u00f9 di un semplice software per computer senza risorse.<br \/>\nCONTRO: l&#8217;integrazione andava bene, mi sto ancora abituando ad alcune funzioni, quindi per ora tutto bene!<\/p>\n<p><strong>Curtis B. &#8220;Thryving&#8221;<\/strong><br \/>\nCOMMENTI: lo adoro, i miei clienti lo adorano. \u00c8 stato facile da usare per tutti. Sicuramente consiglier\u00f2 a tutti gli imprenditori che cercano di avere un migliore controllo sulla loro attivit\u00e0 e sul loro programma. Il sito web \u00e8 raramente inattivo. I bug di solito sono risolti abbastanza rapidamente.<br \/>\nPRO: accessibile ovunque in qualsiasi momento all&#8217;interno e all&#8217;esterno del paese.<br \/>\nCONTRO: molto poco. Importare la lista dei clienti. Impostazione dell&#8217;indirizzo corretto per la risposta di conferma email.<\/p>\n","protected":false},"excerpt":{"rendered":"<p>Thryv \u00e8 una piattaforma di sms marketing che si rivolge principalmente alle piccole imprese in crescita, automatizzando e semplificando i loro compiti e il loro lavoro. Grazie a questo software end-to-end semplice da usare e sicuro, potrai trovare e comunicare con i clienti al momento giusto e nel modo giusto.<\/p>\n","protected":false},"author":17,"featured_media":49314,"parent":49078,"menu_order":0,"comment_status":"open","ping_status":"closed","template":"g1_template_page_review_new.php","meta":{"_acf_changed":false,"cwp_meta_box_check":"No","cwp_rev_product_name":"","cwp_rev_product_image":"","wppr_links":[],"cwp_rev_price":"","wppr_options":[],"wppr_pros":[],"wppr_cons":[],"_monsterinsights_skip_tracking":false,"_monsterinsights_sitenote_active":false,"_monsterinsights_sitenote_note":"","_monsterinsights_sitenote_category":0,"footnotes":""},"categories":[11324],"tags":[11327,11329,11328,11330],"features":[],"class_list":{"0":"post-49313","1":"page","2":"type-page","3":"status-publish","4":"has-post-thumbnail","6":"category-piattaforma-sms-marketing-cat","7":"tag-piattaforma-sms-marketing","8":"tag-programma-sms-marketing","9":"tag-software-sms-marketing","10":"tag-soluzione-sms-marketing"},"wppr_data":{"cwp_meta_box_check":"No"},"acf":[],"yoast_head":"<!-- This site is optimized with the Yoast SEO plugin v27.4 - https:\/\/yoast.com\/product\/yoast-seo-wordpress\/ -->\n<title>Thryv: recensione piattaforma sms marketing - Accurate Reviews<\/title>\n<meta name=\"description\" content=\"Thryv: recensione della piattaforma di sms marketing che si rivolge principalmente alle piccole imprese in crescita.\" \/>\n<meta name=\"robots\" content=\"index, follow, max-snippet:-1, max-image-preview:large, max-video-preview:-1\" \/>\n<link rel=\"canonical\" href=\"https:\/\/www.accuratereviews.com\/it\/piattaforme-sms-marketing\/thryv-recensione\/\" \/>\n<meta property=\"og:locale\" content=\"it_IT\" \/>\n<meta property=\"og:type\" content=\"article\" \/>\n<meta property=\"og:title\" content=\"Thryv: recensione piattaforma sms marketing - Accurate Reviews\" \/>\n<meta property=\"og:description\" content=\"Thryv: recensione della piattaforma di sms marketing che si rivolge principalmente alle piccole imprese in crescita.\" \/>\n<meta property=\"og:url\" content=\"https:\/\/www.accuratereviews.com\/it\/piattaforme-sms-marketing\/thryv-recensione\/\" \/>\n<meta property=\"og:site_name\" content=\"Accurate Reviews\" \/>\n<meta property=\"article:modified_time\" content=\"2021-11-02T10:23:27+00:00\" \/>\n<meta property=\"og:image\" content=\"https:\/\/www.accuratereviews.com\/wp-content\/uploads\/2021\/10\/thryv_RGB_Web.jpg\" \/>\n\t<meta property=\"og:image:width\" content=\"1200\" \/>\n\t<meta property=\"og:image:height\" content=\"627\" \/>\n\t<meta property=\"og:image:type\" content=\"image\/jpeg\" \/>\n<meta name=\"twitter:card\" content=\"summary_large_image\" \/>\n<meta name=\"twitter:label1\" content=\"Tempo di lettura stimato\" \/>\n\t<meta name=\"twitter:data1\" content=\"3 minuti\" \/>\n<script type=\"application\/ld+json\" class=\"yoast-schema-graph\">{\"@context\":\"https:\\\/\\\/schema.org\",\"@graph\":[{\"@type\":\"WebPage\",\"@id\":\"https:\\\/\\\/www.accuratereviews.com\\\/it\\\/piattaforme-sms-marketing\\\/thryv-recensione\\\/\",\"url\":\"https:\\\/\\\/www.accuratereviews.com\\\/it\\\/piattaforme-sms-marketing\\\/thryv-recensione\\\/\",\"name\":\"Thryv: recensione piattaforma sms marketing - Accurate Reviews\",\"isPartOf\":{\"@id\":\"https:\\\/\\\/www.accuratereviews.com\\\/it\\\/#website\"},\"primaryImageOfPage\":{\"@id\":\"https:\\\/\\\/www.accuratereviews.com\\\/it\\\/piattaforme-sms-marketing\\\/thryv-recensione\\\/#primaryimage\"},\"image\":{\"@id\":\"https:\\\/\\\/www.accuratereviews.com\\\/it\\\/piattaforme-sms-marketing\\\/thryv-recensione\\\/#primaryimage\"},\"thumbnailUrl\":\"https:\\\/\\\/www.accuratereviews.com\\\/wp-content\\\/uploads\\\/2021\\\/10\\\/thryv_RGB_Web.jpg\",\"datePublished\":\"2021-10-29T10:13:38+00:00\",\"dateModified\":\"2021-11-02T10:23:27+00:00\",\"description\":\"Thryv: recensione della piattaforma di sms marketing che si rivolge principalmente alle piccole imprese in crescita.\",\"breadcrumb\":{\"@id\":\"https:\\\/\\\/www.accuratereviews.com\\\/it\\\/piattaforme-sms-marketing\\\/thryv-recensione\\\/#breadcrumb\"},\"inLanguage\":\"it-IT\",\"potentialAction\":[{\"@type\":\"ReadAction\",\"target\":[\"https:\\\/\\\/www.accuratereviews.com\\\/it\\\/piattaforme-sms-marketing\\\/thryv-recensione\\\/\"]}]},{\"@type\":\"ImageObject\",\"inLanguage\":\"it-IT\",\"@id\":\"https:\\\/\\\/www.accuratereviews.com\\\/it\\\/piattaforme-sms-marketing\\\/thryv-recensione\\\/#primaryimage\",\"url\":\"https:\\\/\\\/www.accuratereviews.com\\\/wp-content\\\/uploads\\\/2021\\\/10\\\/thryv_RGB_Web.jpg\",\"contentUrl\":\"https:\\\/\\\/www.accuratereviews.com\\\/wp-content\\\/uploads\\\/2021\\\/10\\\/thryv_RGB_Web.jpg\",\"width\":1200,\"height\":627},{\"@type\":\"BreadcrumbList\",\"@id\":\"https:\\\/\\\/www.accuratereviews.com\\\/it\\\/piattaforme-sms-marketing\\\/thryv-recensione\\\/#breadcrumb\",\"itemListElement\":[{\"@type\":\"ListItem\",\"position\":1,\"name\":\"Home\",\"item\":\"https:\\\/\\\/www.accuratereviews.com\\\/it\\\/\"},{\"@type\":\"ListItem\",\"position\":2,\"name\":\"Piattaforme per sms marketing\",\"item\":\"https:\\\/\\\/www.accuratereviews.com\\\/it\\\/piattaforme-sms-marketing\\\/\"},{\"@type\":\"ListItem\",\"position\":3,\"name\":\"Thryv\"}]},{\"@type\":\"WebSite\",\"@id\":\"https:\\\/\\\/www.accuratereviews.com\\\/it\\\/#website\",\"url\":\"https:\\\/\\\/www.accuratereviews.com\\\/it\\\/\",\"name\":\"Accurate Reviews\",\"description\":\"\",\"potentialAction\":[{\"@type\":\"SearchAction\",\"target\":{\"@type\":\"EntryPoint\",\"urlTemplate\":\"https:\\\/\\\/www.accuratereviews.com\\\/it\\\/?s={search_term_string}\"},\"query-input\":{\"@type\":\"PropertyValueSpecification\",\"valueRequired\":true,\"valueName\":\"search_term_string\"}}],\"inLanguage\":\"it-IT\"}]}<\/script>\n<!-- \/ Yoast SEO plugin. -->","yoast_head_json":{"title":"Thryv: recensione piattaforma sms marketing - Accurate Reviews","description":"Thryv: recensione della piattaforma di sms marketing che si rivolge principalmente alle piccole imprese in crescita.","robots":{"index":"index","follow":"follow","max-snippet":"max-snippet:-1","max-image-preview":"max-image-preview:large","max-video-preview":"max-video-preview:-1"},"canonical":"https:\/\/www.accuratereviews.com\/it\/piattaforme-sms-marketing\/thryv-recensione\/","og_locale":"it_IT","og_type":"article","og_title":"Thryv: recensione piattaforma sms marketing - Accurate Reviews","og_description":"Thryv: recensione della piattaforma di sms marketing che si rivolge principalmente alle piccole imprese in crescita.","og_url":"https:\/\/www.accuratereviews.com\/it\/piattaforme-sms-marketing\/thryv-recensione\/","og_site_name":"Accurate Reviews","article_modified_time":"2021-11-02T10:23:27+00:00","og_image":[{"width":1200,"height":627,"url":"https:\/\/www.accuratereviews.com\/wp-content\/uploads\/2021\/10\/thryv_RGB_Web.jpg","type":"image\/jpeg"}],"twitter_card":"summary_large_image","twitter_misc":{"Tempo di lettura stimato":"3 minuti"},"schema":{"@context":"https:\/\/schema.org","@graph":[{"@type":"WebPage","@id":"https:\/\/www.accuratereviews.com\/it\/piattaforme-sms-marketing\/thryv-recensione\/","url":"https:\/\/www.accuratereviews.com\/it\/piattaforme-sms-marketing\/thryv-recensione\/","name":"Thryv: recensione piattaforma sms marketing - Accurate Reviews","isPartOf":{"@id":"https:\/\/www.accuratereviews.com\/it\/#website"},"primaryImageOfPage":{"@id":"https:\/\/www.accuratereviews.com\/it\/piattaforme-sms-marketing\/thryv-recensione\/#primaryimage"},"image":{"@id":"https:\/\/www.accuratereviews.com\/it\/piattaforme-sms-marketing\/thryv-recensione\/#primaryimage"},"thumbnailUrl":"https:\/\/www.accuratereviews.com\/wp-content\/uploads\/2021\/10\/thryv_RGB_Web.jpg","datePublished":"2021-10-29T10:13:38+00:00","dateModified":"2021-11-02T10:23:27+00:00","description":"Thryv: recensione della piattaforma di sms marketing che si rivolge principalmente alle piccole imprese in crescita.","breadcrumb":{"@id":"https:\/\/www.accuratereviews.com\/it\/piattaforme-sms-marketing\/thryv-recensione\/#breadcrumb"},"inLanguage":"it-IT","potentialAction":[{"@type":"ReadAction","target":["https:\/\/www.accuratereviews.com\/it\/piattaforme-sms-marketing\/thryv-recensione\/"]}]},{"@type":"ImageObject","inLanguage":"it-IT","@id":"https:\/\/www.accuratereviews.com\/it\/piattaforme-sms-marketing\/thryv-recensione\/#primaryimage","url":"https:\/\/www.accuratereviews.com\/wp-content\/uploads\/2021\/10\/thryv_RGB_Web.jpg","contentUrl":"https:\/\/www.accuratereviews.com\/wp-content\/uploads\/2021\/10\/thryv_RGB_Web.jpg","width":1200,"height":627},{"@type":"BreadcrumbList","@id":"https:\/\/www.accuratereviews.com\/it\/piattaforme-sms-marketing\/thryv-recensione\/#breadcrumb","itemListElement":[{"@type":"ListItem","position":1,"name":"Home","item":"https:\/\/www.accuratereviews.com\/it\/"},{"@type":"ListItem","position":2,"name":"Piattaforme per sms marketing","item":"https:\/\/www.accuratereviews.com\/it\/piattaforme-sms-marketing\/"},{"@type":"ListItem","position":3,"name":"Thryv"}]},{"@type":"WebSite","@id":"https:\/\/www.accuratereviews.com\/it\/#website","url":"https:\/\/www.accuratereviews.com\/it\/","name":"Accurate Reviews","description":"","potentialAction":[{"@type":"SearchAction","target":{"@type":"EntryPoint","urlTemplate":"https:\/\/www.accuratereviews.com\/it\/?s={search_term_string}"},"query-input":{"@type":"PropertyValueSpecification","valueRequired":true,"valueName":"search_term_string"}}],"inLanguage":"it-IT"}]}},"_links":{"self":[{"href":"https:\/\/www.accuratereviews.com\/it\/wp-json\/wp\/v2\/pages\/49313","targetHints":{"allow":["GET"]}}],"collection":[{"href":"https:\/\/www.accuratereviews.com\/it\/wp-json\/wp\/v2\/pages"}],"about":[{"href":"https:\/\/www.accuratereviews.com\/it\/wp-json\/wp\/v2\/types\/page"}],"author":[{"embeddable":true,"href":"https:\/\/www.accuratereviews.com\/it\/wp-json\/wp\/v2\/users\/17"}],"replies":[{"embeddable":true,"href":"https:\/\/www.accuratereviews.com\/it\/wp-json\/wp\/v2\/comments?post=49313"}],"version-history":[{"count":5,"href":"https:\/\/www.accuratereviews.com\/it\/wp-json\/wp\/v2\/pages\/49313\/revisions"}],"predecessor-version":[{"id":49395,"href":"https:\/\/www.accuratereviews.com\/it\/wp-json\/wp\/v2\/pages\/49313\/revisions\/49395"}],"up":[{"embeddable":true,"href":"https:\/\/www.accuratereviews.com\/it\/wp-json\/wp\/v2\/pages\/49078"}],"wp:featuredmedia":[{"embeddable":true,"href":"https:\/\/www.accuratereviews.com\/it\/wp-json\/wp\/v2\/media\/49314"}],"wp:attachment":[{"href":"https:\/\/www.accuratereviews.com\/it\/wp-json\/wp\/v2\/media?parent=49313"}],"wp:term":[{"taxonomy":"category","embeddable":true,"href":"https:\/\/www.accuratereviews.com\/it\/wp-json\/wp\/v2\/categories?post=49313"},{"taxonomy":"post_tag","embeddable":true,"href":"https:\/\/www.accuratereviews.com\/it\/wp-json\/wp\/v2\/tags?post=49313"},{"taxonomy":"features","embeddable":true,"href":"https:\/\/www.accuratereviews.com\/it\/wp-json\/wp\/v2\/features?post=49313"}],"curies":[{"name":"wp","href":"https:\/\/api.w.org\/{rel}","templated":true}]}}