{"id":49371,"date":"2021-11-02T13:30:09","date_gmt":"2021-11-02T13:30:09","guid":{"rendered":"https:\/\/www.accuratereviews.com\/?page_id=49371"},"modified":"2021-11-02T13:30:09","modified_gmt":"2021-11-02T13:30:09","slug":"twilio-recensione","status":"publish","type":"page","link":"https:\/\/www.accuratereviews.com\/it\/piattaforme-sms-marketing\/twilio-recensione\/","title":{"rendered":"Twilio"},"content":{"rendered":"<p><strong>Twilio<\/strong> \u00e8 una <strong>piattaforma di sms marketing<\/strong> gestita nel cloud che consente alle aziende di aggiungere pi\u00f9 mezzi di comunicazione ai propri canali web e mobili. Permette agli sviluppatori di creare messaggi, chiamate vocali e videochiamate e strumenti di autenticazione nelle loro applicazioni personalizzate.\u00a0Mentre la creazione di un&#8217;app di comunicazione unica richiedeva pi\u00f9 tempo con il vecchio approccio, la piattaforma <strong>Twilio<\/strong> riduce i tempi di produzione poich\u00e9 gli utenti non devono pi\u00f9 preparare l&#8217;infrastruttura richiesta. Ci\u00f2 significa che i programmatori possono costruire istantaneamente le app nella loro lingua preferita o gi\u00e0 in uso. Inoltre, la soluzione consente alle aziende di concentrarsi sulla comunicazione con i propri partner, clienti e dipendenti invece di dedicare una quantit\u00e0 eccessiva di tempo a negoziare contratti con operatori di telecomunicazioni per creare interconnessioni in ogni regione in cui operano.<\/p>\n<h2>TWILIO &#8211; TUTORIAL<\/h2>\n<p>Vediamo come inviare sms con questa <strong>soluzione di marketing<\/strong>:<\/p>\n<div id=\"fluid-wrapper-counter-1\" class=\"g1-fluid-wrapper \" style=\"width:686px;\">\n<div style=\"padding-bottom:56.268221574344%;\"><iframe loading=\"lazy\" title=\"Twilio API Configuration for SMS\" width=\"686\" height=\"386\" src=\"https:\/\/www.youtube.com\/embed\/3bQpzN_q2z4?feature=oembed&amp;wmode=transparent&amp;autohide=1&amp;autoplay=0&amp;disablekb=0&amp;fs=1&amp;loop=0&amp;enablejsapi=1&amp;rel=0&amp;controls=2&amp;showinfo=0&amp;wmode=transparent&amp;autohide=2&amp;autoplay=0&amp;disablekb=0&amp;fs=1&amp;loop=0&amp;enablejsapi=1&amp;rel=0&amp;controls=2&amp;showinfo=1\" frameborder=\"0\" allow=\"accelerometer; autoplay; clipboard-write; encrypted-media; gyroscope; picture-in-picture\" allowfullscreen><\/iframe><\/div>\n<\/div>\n<h3>TWILIO &#8211; CARATTERISTICHE<\/h3>\n<ul>\n<li><strong>Risorse a misura di sviluppatore<\/strong>: invia messaggi di testo con poche righe di codice. Inizia con una documentazione API approfondita o usa esempi di codice open source per i collegamenti ai casi d&#8217;uso comuni. Quindi, collega facilmente i canali o continua a ripetere i flussi sms con Studio, il generatore di flussi di lavoro visivo<\/li>\n<li><strong>Supporto per mittenti globali ad alto volume<\/strong>: consegna sms ai tuoi utenti finali, ovunque si trovino, con mittenti globali e infrastrutture di telecomunicazioni. Risolvi le sfide della scalabilit\u00e0 con un software configurabile per potenziare la gestione dei numeri di telefono, la selezione del mittente, la conformit\u00e0, i contenuti e le risposte<\/li>\n<li><strong>Piattaforma che si adatta a te<\/strong>: l&#8217;sms \u00e8 solo l&#8217;inizio. Espandi a mms, WhatsApp e altro ancora utilizzando la stessa API o aggiungi messaggistica multiparte e multicanale con questa soluzione. Quando sei pronto per distribuire canali aggiuntivi, usa la stessa piattaforma per aggiungere voce, video ed email.<\/li>\n<li><strong>Notifiche ETA<\/strong>: avvisa i clienti in tempo reale con aggiornamenti sugli ordini di servizi su richiesta, come le corse condivise o le consegne degli ordini.<\/li>\n<li><strong>Avvisi di servizio<\/strong>: configura una semplice applicazione web per inviare avvisi agli amministratori del server quando si verifica un errore<\/li>\n<li><strong>Promemoria appuntamenti<\/strong>: invia messaggi ai tuoi clienti per ricordare loro i prossimi appuntamenti<\/li>\n<li><strong>Messaggi di marketing<\/strong>: imposta notifiche di marketing via sms e mms.<\/li>\n<\/ul>\n<h4>LE RECENSIONI DEGLI UTENTI<\/h4>\n<p class=\"font-weight-bold mb-2\"><strong>Nikki B. &#8220;Essere in grado di inviare messaggi SMS ai nostri clienti \u00e8 diventato molto importante&#8221;<\/strong><\/p>\n<p><span class=\"font-weight-bold\"><strong>Commenti<\/strong>: p<\/span>er tutto il tempo in cui abbiamo utilizzato Twilio per inviare messaggi di testo sms, non ho riscontrato problemi. Inviamo da diverse centinaia a mille messaggi di testo al giorno. Abbiamo scoperto che si mettono in coda e impiegano alcune ore per la consegna, ma questo \u00e8 stato vantaggioso per non essere sovraccaricati di telefonate simultanee di ritorno.<\/p>\n<p class=\"font-weight-bold mb-2\"><strong>Pro<\/strong>: quello che mi piace di pi\u00f9 di Twilio \u00e8 che ha permesso al team di inviare messaggi di testo sms a tutti i nostri clienti. Durante il COVID, siamo stati in grado di inviare un messaggio quotidiano per garantire la sicurezza dei nostri clienti.<\/p>\n<p class=\"font-weight-bold mb-2\"><strong>Contro<\/strong>: abbiamo scoperto che Twilio \u00e8 stato piuttosto costoso e che ci sono fornitori pi\u00f9 economici l\u00e0 fuori. Tuttavia, nella sua difesa, Twilio \u00e8 stato molto affidabile. Descriverei Twilio come un servizio premium.<\/p>\n<p class=\"font-weight-bold mb-2\"><strong>Nicole N.&#8221;Facile da usare con un ottimo servizio clienti&#8221;<\/strong><\/p>\n<p class=\"font-weight-bold mb-2\"><strong>Pro<\/strong>: \u00e8\u00a0un ottimo sistema per l&#8217;invio e la creazione di messaggi sms, molto efficace per la comunicazione aziendale e ad un prezzo accessibile. Lo trovo molto affidabile e facile da usare!<\/p>\n<p class=\"font-weight-bold mb-2\"><strong>Contro<\/strong>:\u00a0Nessun contro da segnalare in questo momento, la mia esperienza con Twilio \u00e8 stata solo positiva.<\/p>\n<p class=\"font-weight-bold mb-2\"><strong>John G.&#8221;Soluzione completa in un unico posto&#8221;<\/strong><\/p>\n<p><span class=\"font-weight-bold\"><strong>Commenti<\/strong>: <\/span>Usiamo Twilio da oltre 4 anni. Rimarremo fedeli a loro in quanto sono una piattaforma affidabile e sono il fulcro del nostro modello organizzativo.<\/p>\n<p class=\"font-weight-bold mb-2\"><strong>Pro<\/strong>: la caratteristica migliore \u00e8 che l&#8217;ambiente \u00e8 molto stabile. Utilizziamo alcune centinaia di numeri di telefono a scopo di riferimento e non abbiamo mai avuto problemi con le chiamate in parallelo.<\/p>\n<p class=\"font-weight-bold mb-2\"><strong>Contro<\/strong>: il prezzo per numero \u00e8 un po&#8217; alto. I concorrenti pi\u00f9 vicini hanno prezzi mensili migliori ma non hanno cos\u00ec tante funzionalit\u00e0.<\/p>\n","protected":false},"excerpt":{"rendered":"<p>Twilio \u00e8 una piattaforma di sms marketing gestita nel cloud che consente alle aziende di aggiungere pi\u00f9 mezzi di comunicazione ai propri canali web e mobili. Permette agli sviluppatori di creare messaggi, chiamate vocali e videochiamate e strumenti di autenticazione nelle loro applicazioni personalizzate.\u00a0<\/p>\n","protected":false},"author":16,"featured_media":49372,"parent":49078,"menu_order":0,"comment_status":"open","ping_status":"closed","template":"g1_template_page_review_new.php","meta":{"_acf_changed":false,"cwp_meta_box_check":"No","cwp_rev_product_name":"","cwp_rev_product_image":"","wppr_links":[],"cwp_rev_price":"","wppr_options":[],"wppr_pros":[],"wppr_cons":[],"_monsterinsights_skip_tracking":false,"_monsterinsights_sitenote_active":false,"_monsterinsights_sitenote_note":"","_monsterinsights_sitenote_category":0,"footnotes":""},"categories":[11324],"tags":[11327,11329,5721,11328,11330,11370],"features":[],"class_list":{"0":"post-49371","1":"page","2":"type-page","3":"status-publish","4":"has-post-thumbnail","6":"category-piattaforma-sms-marketing-cat","7":"tag-piattaforma-sms-marketing","8":"tag-programma-sms-marketing","9":"tag-sms-marketing-it","10":"tag-software-sms-marketing","11":"tag-soluzione-sms-marketing","12":"tag-twilio"},"wppr_data":{"cwp_meta_box_check":"No"},"acf":[],"yoast_head":"<!-- This site is optimized with the Yoast SEO plugin v27.4 - https:\/\/yoast.com\/product\/yoast-seo-wordpress\/ -->\n<title>Twilio: recensione software sms marketing - Accurate Reviews<\/title>\n<meta name=\"description\" content=\"Twilio: recensione piattaforma sms marketing gestita nel cloud che consente alle aziende di aggiungere mezzi di comunicazione ai propri canali\" \/>\n<meta name=\"robots\" content=\"index, follow, max-snippet:-1, max-image-preview:large, max-video-preview:-1\" \/>\n<link rel=\"canonical\" href=\"https:\/\/www.accuratereviews.com\/it\/piattaforme-sms-marketing\/twilio-recensione\/\" \/>\n<meta property=\"og:locale\" content=\"it_IT\" \/>\n<meta property=\"og:type\" content=\"article\" \/>\n<meta property=\"og:title\" content=\"Twilio: recensione software sms marketing - Accurate Reviews\" \/>\n<meta property=\"og:description\" content=\"Twilio: recensione piattaforma sms marketing gestita nel cloud che consente alle aziende di aggiungere mezzi di comunicazione ai propri canali\" \/>\n<meta property=\"og:url\" content=\"https:\/\/www.accuratereviews.com\/it\/piattaforme-sms-marketing\/twilio-recensione\/\" \/>\n<meta property=\"og:site_name\" content=\"Accurate Reviews\" \/>\n<meta property=\"og:image\" content=\"https:\/\/www.accuratereviews.com\/wp-content\/uploads\/2021\/11\/twilio.png\" \/>\n\t<meta property=\"og:image:width\" content=\"860\" \/>\n\t<meta property=\"og:image:height\" content=\"802\" \/>\n\t<meta property=\"og:image:type\" content=\"image\/png\" \/>\n<meta name=\"twitter:card\" content=\"summary_large_image\" \/>\n<meta name=\"twitter:label1\" content=\"Tempo di lettura stimato\" \/>\n\t<meta name=\"twitter:data1\" content=\"3 minuti\" \/>\n<script type=\"application\/ld+json\" class=\"yoast-schema-graph\">{\"@context\":\"https:\\\/\\\/schema.org\",\"@graph\":[{\"@type\":\"WebPage\",\"@id\":\"https:\\\/\\\/www.accuratereviews.com\\\/it\\\/piattaforme-sms-marketing\\\/twilio-recensione\\\/\",\"url\":\"https:\\\/\\\/www.accuratereviews.com\\\/it\\\/piattaforme-sms-marketing\\\/twilio-recensione\\\/\",\"name\":\"Twilio: recensione software sms marketing - Accurate Reviews\",\"isPartOf\":{\"@id\":\"https:\\\/\\\/www.accuratereviews.com\\\/it\\\/#website\"},\"primaryImageOfPage\":{\"@id\":\"https:\\\/\\\/www.accuratereviews.com\\\/it\\\/piattaforme-sms-marketing\\\/twilio-recensione\\\/#primaryimage\"},\"image\":{\"@id\":\"https:\\\/\\\/www.accuratereviews.com\\\/it\\\/piattaforme-sms-marketing\\\/twilio-recensione\\\/#primaryimage\"},\"thumbnailUrl\":\"https:\\\/\\\/www.accuratereviews.com\\\/wp-content\\\/uploads\\\/2021\\\/11\\\/twilio.png\",\"datePublished\":\"2021-11-02T13:30:09+00:00\",\"description\":\"Twilio: recensione piattaforma sms marketing gestita nel cloud che consente alle aziende di aggiungere mezzi di comunicazione ai propri canali\",\"breadcrumb\":{\"@id\":\"https:\\\/\\\/www.accuratereviews.com\\\/it\\\/piattaforme-sms-marketing\\\/twilio-recensione\\\/#breadcrumb\"},\"inLanguage\":\"it-IT\",\"potentialAction\":[{\"@type\":\"ReadAction\",\"target\":[\"https:\\\/\\\/www.accuratereviews.com\\\/it\\\/piattaforme-sms-marketing\\\/twilio-recensione\\\/\"]}]},{\"@type\":\"ImageObject\",\"inLanguage\":\"it-IT\",\"@id\":\"https:\\\/\\\/www.accuratereviews.com\\\/it\\\/piattaforme-sms-marketing\\\/twilio-recensione\\\/#primaryimage\",\"url\":\"https:\\\/\\\/www.accuratereviews.com\\\/wp-content\\\/uploads\\\/2021\\\/11\\\/twilio.png\",\"contentUrl\":\"https:\\\/\\\/www.accuratereviews.com\\\/wp-content\\\/uploads\\\/2021\\\/11\\\/twilio.png\",\"width\":860,\"height\":802},{\"@type\":\"BreadcrumbList\",\"@id\":\"https:\\\/\\\/www.accuratereviews.com\\\/it\\\/piattaforme-sms-marketing\\\/twilio-recensione\\\/#breadcrumb\",\"itemListElement\":[{\"@type\":\"ListItem\",\"position\":1,\"name\":\"Home\",\"item\":\"https:\\\/\\\/www.accuratereviews.com\\\/it\\\/\"},{\"@type\":\"ListItem\",\"position\":2,\"name\":\"Piattaforme per sms marketing\",\"item\":\"https:\\\/\\\/www.accuratereviews.com\\\/it\\\/piattaforme-sms-marketing\\\/\"},{\"@type\":\"ListItem\",\"position\":3,\"name\":\"Twilio\"}]},{\"@type\":\"WebSite\",\"@id\":\"https:\\\/\\\/www.accuratereviews.com\\\/it\\\/#website\",\"url\":\"https:\\\/\\\/www.accuratereviews.com\\\/it\\\/\",\"name\":\"Accurate Reviews\",\"description\":\"\",\"potentialAction\":[{\"@type\":\"SearchAction\",\"target\":{\"@type\":\"EntryPoint\",\"urlTemplate\":\"https:\\\/\\\/www.accuratereviews.com\\\/it\\\/?s={search_term_string}\"},\"query-input\":{\"@type\":\"PropertyValueSpecification\",\"valueRequired\":true,\"valueName\":\"search_term_string\"}}],\"inLanguage\":\"it-IT\"}]}<\/script>\n<!-- \/ Yoast SEO plugin. -->","yoast_head_json":{"title":"Twilio: recensione software sms marketing - Accurate Reviews","description":"Twilio: recensione piattaforma sms marketing gestita nel cloud che consente alle aziende di aggiungere mezzi di comunicazione ai propri canali","robots":{"index":"index","follow":"follow","max-snippet":"max-snippet:-1","max-image-preview":"max-image-preview:large","max-video-preview":"max-video-preview:-1"},"canonical":"https:\/\/www.accuratereviews.com\/it\/piattaforme-sms-marketing\/twilio-recensione\/","og_locale":"it_IT","og_type":"article","og_title":"Twilio: recensione software sms marketing - Accurate Reviews","og_description":"Twilio: recensione piattaforma sms marketing gestita nel cloud che consente alle aziende di aggiungere mezzi di comunicazione ai propri canali","og_url":"https:\/\/www.accuratereviews.com\/it\/piattaforme-sms-marketing\/twilio-recensione\/","og_site_name":"Accurate Reviews","og_image":[{"width":860,"height":802,"url":"https:\/\/www.accuratereviews.com\/wp-content\/uploads\/2021\/11\/twilio.png","type":"image\/png"}],"twitter_card":"summary_large_image","twitter_misc":{"Tempo di lettura stimato":"3 minuti"},"schema":{"@context":"https:\/\/schema.org","@graph":[{"@type":"WebPage","@id":"https:\/\/www.accuratereviews.com\/it\/piattaforme-sms-marketing\/twilio-recensione\/","url":"https:\/\/www.accuratereviews.com\/it\/piattaforme-sms-marketing\/twilio-recensione\/","name":"Twilio: recensione software sms marketing - Accurate Reviews","isPartOf":{"@id":"https:\/\/www.accuratereviews.com\/it\/#website"},"primaryImageOfPage":{"@id":"https:\/\/www.accuratereviews.com\/it\/piattaforme-sms-marketing\/twilio-recensione\/#primaryimage"},"image":{"@id":"https:\/\/www.accuratereviews.com\/it\/piattaforme-sms-marketing\/twilio-recensione\/#primaryimage"},"thumbnailUrl":"https:\/\/www.accuratereviews.com\/wp-content\/uploads\/2021\/11\/twilio.png","datePublished":"2021-11-02T13:30:09+00:00","description":"Twilio: recensione piattaforma sms marketing gestita nel cloud che consente alle aziende di aggiungere mezzi di comunicazione ai propri canali","breadcrumb":{"@id":"https:\/\/www.accuratereviews.com\/it\/piattaforme-sms-marketing\/twilio-recensione\/#breadcrumb"},"inLanguage":"it-IT","potentialAction":[{"@type":"ReadAction","target":["https:\/\/www.accuratereviews.com\/it\/piattaforme-sms-marketing\/twilio-recensione\/"]}]},{"@type":"ImageObject","inLanguage":"it-IT","@id":"https:\/\/www.accuratereviews.com\/it\/piattaforme-sms-marketing\/twilio-recensione\/#primaryimage","url":"https:\/\/www.accuratereviews.com\/wp-content\/uploads\/2021\/11\/twilio.png","contentUrl":"https:\/\/www.accuratereviews.com\/wp-content\/uploads\/2021\/11\/twilio.png","width":860,"height":802},{"@type":"BreadcrumbList","@id":"https:\/\/www.accuratereviews.com\/it\/piattaforme-sms-marketing\/twilio-recensione\/#breadcrumb","itemListElement":[{"@type":"ListItem","position":1,"name":"Home","item":"https:\/\/www.accuratereviews.com\/it\/"},{"@type":"ListItem","position":2,"name":"Piattaforme per sms marketing","item":"https:\/\/www.accuratereviews.com\/it\/piattaforme-sms-marketing\/"},{"@type":"ListItem","position":3,"name":"Twilio"}]},{"@type":"WebSite","@id":"https:\/\/www.accuratereviews.com\/it\/#website","url":"https:\/\/www.accuratereviews.com\/it\/","name":"Accurate Reviews","description":"","potentialAction":[{"@type":"SearchAction","target":{"@type":"EntryPoint","urlTemplate":"https:\/\/www.accuratereviews.com\/it\/?s={search_term_string}"},"query-input":{"@type":"PropertyValueSpecification","valueRequired":true,"valueName":"search_term_string"}}],"inLanguage":"it-IT"}]}},"_links":{"self":[{"href":"https:\/\/www.accuratereviews.com\/it\/wp-json\/wp\/v2\/pages\/49371","targetHints":{"allow":["GET"]}}],"collection":[{"href":"https:\/\/www.accuratereviews.com\/it\/wp-json\/wp\/v2\/pages"}],"about":[{"href":"https:\/\/www.accuratereviews.com\/it\/wp-json\/wp\/v2\/types\/page"}],"author":[{"embeddable":true,"href":"https:\/\/www.accuratereviews.com\/it\/wp-json\/wp\/v2\/users\/16"}],"replies":[{"embeddable":true,"href":"https:\/\/www.accuratereviews.com\/it\/wp-json\/wp\/v2\/comments?post=49371"}],"version-history":[{"count":9,"href":"https:\/\/www.accuratereviews.com\/it\/wp-json\/wp\/v2\/pages\/49371\/revisions"}],"predecessor-version":[{"id":49407,"href":"https:\/\/www.accuratereviews.com\/it\/wp-json\/wp\/v2\/pages\/49371\/revisions\/49407"}],"up":[{"embeddable":true,"href":"https:\/\/www.accuratereviews.com\/it\/wp-json\/wp\/v2\/pages\/49078"}],"wp:featuredmedia":[{"embeddable":true,"href":"https:\/\/www.accuratereviews.com\/it\/wp-json\/wp\/v2\/media\/49372"}],"wp:attachment":[{"href":"https:\/\/www.accuratereviews.com\/it\/wp-json\/wp\/v2\/media?parent=49371"}],"wp:term":[{"taxonomy":"category","embeddable":true,"href":"https:\/\/www.accuratereviews.com\/it\/wp-json\/wp\/v2\/categories?post=49371"},{"taxonomy":"post_tag","embeddable":true,"href":"https:\/\/www.accuratereviews.com\/it\/wp-json\/wp\/v2\/tags?post=49371"},{"taxonomy":"features","embeddable":true,"href":"https:\/\/www.accuratereviews.com\/it\/wp-json\/wp\/v2\/features?post=49371"}],"curies":[{"name":"wp","href":"https:\/\/api.w.org\/{rel}","templated":true}]}}