{"id":49378,"date":"2021-11-02T13:21:17","date_gmt":"2021-11-02T13:21:17","guid":{"rendered":"https:\/\/www.accuratereviews.com\/?page_id=49378"},"modified":"2021-11-02T13:21:17","modified_gmt":"2021-11-02T13:21:17","slug":"clearstream-recensione","status":"publish","type":"page","link":"https:\/\/www.accuratereviews.com\/it\/piattaforme-sms-marketing\/clearstream-recensione\/","title":{"rendered":"Clearstream"},"content":{"rendered":"<p><strong>Clearstream<\/strong> \u00e8 una <strong>piattaforma di sms marketing<\/strong> intuitiva e semplice da usare che si rivolge principalmente a chiese di piccole, medie e grandi dimensioni che vogliono migliorare la loro comunicazione con gli attuali e i nuovi ospiti. Gli obiettivi sono molteplici e vanno dalla messaggistica di massa ai follow-up del primo ospite e molto altro ancora.<br \/>\nLa domenica mattina gli ospiti scrivono una parola chiave e compilano una scheda di connessione digitale che ti permetter\u00e0 di inviare loro messaggi automatici di follow-up nelle settimane seguenti, incoraggiandoli a tornare e a inserirsi nella tua comunit\u00e0. Il tutto avviene in modo automatico.<\/p>\n<h2>CLEARSTREAM &#8211; TUTORIAL<\/h2>\n<p>Di seguito un breve tutorial su questo <strong>software di sms marketing<\/strong>:<\/p>\n<div id=\"fluid-wrapper-counter-1\" class=\"g1-fluid-wrapper \" style=\"width:686px;\">\n<div style=\"padding-bottom:56.268221574344%;\"><iframe loading=\"lazy\" title=\"How to Send and Receive Texts in Church\" width=\"686\" height=\"386\" src=\"https:\/\/www.youtube.com\/embed\/xnxJG2Z6jLs?feature=oembed&amp;wmode=transparent&amp;autohide=1&amp;autoplay=0&amp;disablekb=0&amp;fs=1&amp;loop=0&amp;enablejsapi=1&amp;rel=0&amp;controls=2&amp;showinfo=0&amp;wmode=transparent&amp;autohide=2&amp;autoplay=0&amp;disablekb=0&amp;fs=1&amp;loop=0&amp;enablejsapi=1&amp;rel=0&amp;controls=2&amp;showinfo=1\" frameborder=\"0\" allow=\"accelerometer; autoplay; clipboard-write; encrypted-media; gyroscope; picture-in-picture\" allowfullscreen><\/iframe><\/div>\n<\/div>\n<h3>CLEARSTREAM &#8211; FEATURES<\/h3>\n<ul>\n<li>Invia promemoria di servizio, cambiamenti di programma all&#8217;ultimo minuto, avvisi di emergenza, ecc&#8230;<\/li>\n<li>Personalizza ogni messaggio utilizzando campi customizzati<\/li>\n<li>Partecipa ai messaggi in arrivo e alle conversazioni bidirezionali utilizzando la tua casella di posta direttamente all&#8217;interno del tuo account<\/li>\n<li>Integralo con gli strumenti che gi\u00e0 usi come MailChimp, Slack, Zapier, Rock RMS, Church community builder e altro ancora<\/li>\n<li>Permetti a ospiti e membri di usare tutti la stessa parola chiave indipendentemente dalle informazioni di cui hanno bisogno o da quale campus frequentano<\/li>\n<li>I sottoconti ti permettono di creare e gestire facilmente account secondari separati all&#8217;interno del tuo account principale<\/li>\n<li>Passa avanti e indietro tra gli account senza l&#8217;inconveniente di effettuare il login e il logout<\/li>\n<li>Distribuisci specifici crediti per i messaggi, parole chiave e accesso degli utenti a ogni sottoconto<\/li>\n<li>Vedi i rapporti in tempo reale per i tassi di consegna, le risposte in arrivo e gli opt-out in un grafico di facile lettura<\/li>\n<li>Che si tratti di inviare un messaggio a 10 o 10.000 persone, la soluzione fornisce metriche in diretta secondo per secondo<\/li>\n<li>Ricevi rapporti settimanali via email e stampabili che mostrano le metriche chiave e l&#8217;andamento del tuo account.<\/li>\n<\/ul>\n<h4>LE RECENSIONI DEGLI UTENTI<\/h4>\n<p><strong>Mindy N. &#8220;Clearstream recensione&#8221;<\/strong><br \/>\nCOMMENTI: buona facilit\u00e0 d&#8217;uso, ma costoso per i clienti australiani, la lunghezza limitata dei messaggi pu\u00f2 causare frustrazioni, e i crediti non si accumulano.<br \/>\nPRO: il software e il portale web sono molto facili da usare, e si integra bene con il nostro altro sistema di database.<br \/>\nCONTRO: i caratteri limitati rendono l&#8217;invio di messaggi di testo pi\u00f9 lunghi un grosso problema per noi. Il costo di utilizzo \u00e8 anche alto in Australia e non possiamo nemmeno trasferire i crediti al mese successivo, questo \u00e8 un grosso problema.<\/p>\n<p><strong>Rebecca M. &#8220;Grazie per aver risolto uno dei miei problemi di comunicazione!<\/strong><br \/>\nCOMMENTI: delizioso<br \/>\nPRO: come amministratore dell&#8217;ufficio di una piccola chiesa (200 persone), la comunicazione \u00e8 vitale per mantenere tutte le nostre funzioni e ministeri che girano attraverso gli sforzi dei volontari<br \/>\nCONTRO: questo \u00e8 costoso per noi. In parte, perch\u00e9 dobbiamo usare il percorso codice lungo in Canada, e poi anche il tasso di cambio. Lo adoro comunque, e l&#8217;ho raccomandato a molte persone.<\/p>\n<p><strong>Nikole B. &#8220;Miglior strumento di testo&#8221;<\/strong><br \/>\nCOMMENTI: il servizio clienti \u00e8 veloce e facile; non abbiamo avuto alcun problema.<br \/>\nPRO: usiamo Clearstream con Planning Center Online. Questo rende texting facile da usare in base al nostro attuale sistema di gestione della chiesa; non perdiamo i dati di contatto e possiamo avviare flussi di lavoro per mantenere le persone collegate e non cadere attraverso le crepe. Texting \u00e8 affidabile, MOLTO facile da usare, e l&#8217;aspetto di pianificazione rende l&#8217;uso del tempo dell&#8217;utente pi\u00f9 efficiente.<br \/>\nCONTRO: sarebbe fantastico se Clearstream si integrasse con le piattaforme di donazione\/contribuzione. La maggior parte delle piattaforme di donazione hanno una capacit\u00e0 di invio di messaggi molto scarsa e sono limitate. Se Clearstream potesse integrarsi, allora le persone potrebbero inviare messaggi attraverso una piattaforma pi\u00f9 affidabile e facile da usare, cio\u00e8 Clearstream.<\/p>\n","protected":false},"excerpt":{"rendered":"<p>Clearstream \u00e8 una piattaforma sms marketing intuitiva e semplice da usare che si rivolge principalmente a chiese di piccole, medie e grandi dimensioni che vogliono migliorare la loro comunicazione con gli attuali e i nuovi ospiti. Gli obiettivi sono molteplici e vanno dal texting di massa e conversazionale ai follow-up del primo ospite e molto altro ancora.<\/p>\n","protected":false},"author":17,"featured_media":49379,"parent":49078,"menu_order":0,"comment_status":"open","ping_status":"closed","template":"g1_template_page_review_new.php","meta":{"_acf_changed":false,"cwp_meta_box_check":"No","cwp_rev_product_name":"","cwp_rev_product_image":"","wppr_links":[],"cwp_rev_price":"","wppr_options":[],"wppr_pros":[],"wppr_cons":[],"_monsterinsights_skip_tracking":false,"_monsterinsights_sitenote_active":false,"_monsterinsights_sitenote_note":"","_monsterinsights_sitenote_category":0,"footnotes":""},"categories":[11324],"tags":[11327,11357,11329,11353,11328,11330],"features":[],"class_list":{"0":"post-49378","1":"page","2":"type-page","3":"status-publish","4":"has-post-thumbnail","6":"category-piattaforma-sms-marketing-cat","7":"tag-piattaforma-sms-marketing","8":"tag-piattaforma-sms-reclutamento","9":"tag-programma-sms-marketing","10":"tag-sms-per-reclutamento","11":"tag-software-sms-marketing","12":"tag-soluzione-sms-marketing"},"wppr_data":{"cwp_meta_box_check":"No"},"acf":[],"yoast_head":"<!-- This site is optimized with the Yoast SEO plugin v27.4 - https:\/\/yoast.com\/product\/yoast-seo-wordpress\/ -->\n<title>Clearstream: recensione piattaforma sms marketing - Accurate Reviews<\/title>\n<meta name=\"description\" content=\"Clearstream: recensione della piattaforma sms marketing che si rivolge principalmente a chiese di piccole, medie e grandi dimensioni.\" \/>\n<meta name=\"robots\" content=\"index, follow, max-snippet:-1, max-image-preview:large, max-video-preview:-1\" \/>\n<link rel=\"canonical\" href=\"https:\/\/www.accuratereviews.com\/it\/piattaforme-sms-marketing\/clearstream-recensione\/\" \/>\n<meta property=\"og:locale\" content=\"it_IT\" \/>\n<meta property=\"og:type\" content=\"article\" \/>\n<meta property=\"og:title\" content=\"Clearstream: recensione piattaforma sms marketing - Accurate Reviews\" \/>\n<meta property=\"og:description\" content=\"Clearstream: recensione della piattaforma sms marketing che si rivolge principalmente a chiese di piccole, medie e grandi dimensioni.\" \/>\n<meta property=\"og:url\" content=\"https:\/\/www.accuratereviews.com\/it\/piattaforme-sms-marketing\/clearstream-recensione\/\" \/>\n<meta property=\"og:site_name\" content=\"Accurate Reviews\" \/>\n<meta property=\"og:image\" content=\"https:\/\/www.accuratereviews.com\/wp-content\/uploads\/2021\/11\/Unknown.png\" \/>\n\t<meta property=\"og:image:width\" content=\"1473\" \/>\n\t<meta property=\"og:image:height\" content=\"300\" \/>\n\t<meta property=\"og:image:type\" content=\"image\/png\" \/>\n<meta name=\"twitter:card\" content=\"summary_large_image\" \/>\n<meta name=\"twitter:label1\" content=\"Tempo di lettura stimato\" \/>\n\t<meta name=\"twitter:data1\" content=\"3 minuti\" \/>\n<script type=\"application\/ld+json\" class=\"yoast-schema-graph\">{\"@context\":\"https:\\\/\\\/schema.org\",\"@graph\":[{\"@type\":\"WebPage\",\"@id\":\"https:\\\/\\\/www.accuratereviews.com\\\/it\\\/piattaforme-sms-marketing\\\/clearstream-recensione\\\/\",\"url\":\"https:\\\/\\\/www.accuratereviews.com\\\/it\\\/piattaforme-sms-marketing\\\/clearstream-recensione\\\/\",\"name\":\"Clearstream: recensione piattaforma sms marketing - Accurate Reviews\",\"isPartOf\":{\"@id\":\"https:\\\/\\\/www.accuratereviews.com\\\/it\\\/#website\"},\"primaryImageOfPage\":{\"@id\":\"https:\\\/\\\/www.accuratereviews.com\\\/it\\\/piattaforme-sms-marketing\\\/clearstream-recensione\\\/#primaryimage\"},\"image\":{\"@id\":\"https:\\\/\\\/www.accuratereviews.com\\\/it\\\/piattaforme-sms-marketing\\\/clearstream-recensione\\\/#primaryimage\"},\"thumbnailUrl\":\"https:\\\/\\\/www.accuratereviews.com\\\/wp-content\\\/uploads\\\/2021\\\/11\\\/Unknown.png\",\"datePublished\":\"2021-11-02T13:21:17+00:00\",\"description\":\"Clearstream: recensione della piattaforma sms marketing che si rivolge principalmente a chiese di piccole, medie e grandi dimensioni.\",\"breadcrumb\":{\"@id\":\"https:\\\/\\\/www.accuratereviews.com\\\/it\\\/piattaforme-sms-marketing\\\/clearstream-recensione\\\/#breadcrumb\"},\"inLanguage\":\"it-IT\",\"potentialAction\":[{\"@type\":\"ReadAction\",\"target\":[\"https:\\\/\\\/www.accuratereviews.com\\\/it\\\/piattaforme-sms-marketing\\\/clearstream-recensione\\\/\"]}]},{\"@type\":\"ImageObject\",\"inLanguage\":\"it-IT\",\"@id\":\"https:\\\/\\\/www.accuratereviews.com\\\/it\\\/piattaforme-sms-marketing\\\/clearstream-recensione\\\/#primaryimage\",\"url\":\"https:\\\/\\\/www.accuratereviews.com\\\/wp-content\\\/uploads\\\/2021\\\/11\\\/Unknown.png\",\"contentUrl\":\"https:\\\/\\\/www.accuratereviews.com\\\/wp-content\\\/uploads\\\/2021\\\/11\\\/Unknown.png\",\"width\":1473,\"height\":300},{\"@type\":\"BreadcrumbList\",\"@id\":\"https:\\\/\\\/www.accuratereviews.com\\\/it\\\/piattaforme-sms-marketing\\\/clearstream-recensione\\\/#breadcrumb\",\"itemListElement\":[{\"@type\":\"ListItem\",\"position\":1,\"name\":\"Home\",\"item\":\"https:\\\/\\\/www.accuratereviews.com\\\/it\\\/\"},{\"@type\":\"ListItem\",\"position\":2,\"name\":\"Piattaforme per sms marketing\",\"item\":\"https:\\\/\\\/www.accuratereviews.com\\\/it\\\/piattaforme-sms-marketing\\\/\"},{\"@type\":\"ListItem\",\"position\":3,\"name\":\"Clearstream\"}]},{\"@type\":\"WebSite\",\"@id\":\"https:\\\/\\\/www.accuratereviews.com\\\/it\\\/#website\",\"url\":\"https:\\\/\\\/www.accuratereviews.com\\\/it\\\/\",\"name\":\"Accurate Reviews\",\"description\":\"\",\"potentialAction\":[{\"@type\":\"SearchAction\",\"target\":{\"@type\":\"EntryPoint\",\"urlTemplate\":\"https:\\\/\\\/www.accuratereviews.com\\\/it\\\/?s={search_term_string}\"},\"query-input\":{\"@type\":\"PropertyValueSpecification\",\"valueRequired\":true,\"valueName\":\"search_term_string\"}}],\"inLanguage\":\"it-IT\"}]}<\/script>\n<!-- \/ Yoast SEO plugin. -->","yoast_head_json":{"title":"Clearstream: recensione piattaforma sms marketing - Accurate Reviews","description":"Clearstream: recensione della piattaforma sms marketing che si rivolge principalmente a chiese di piccole, medie e grandi dimensioni.","robots":{"index":"index","follow":"follow","max-snippet":"max-snippet:-1","max-image-preview":"max-image-preview:large","max-video-preview":"max-video-preview:-1"},"canonical":"https:\/\/www.accuratereviews.com\/it\/piattaforme-sms-marketing\/clearstream-recensione\/","og_locale":"it_IT","og_type":"article","og_title":"Clearstream: recensione piattaforma sms marketing - Accurate Reviews","og_description":"Clearstream: recensione della piattaforma sms marketing che si rivolge principalmente a chiese di piccole, medie e grandi dimensioni.","og_url":"https:\/\/www.accuratereviews.com\/it\/piattaforme-sms-marketing\/clearstream-recensione\/","og_site_name":"Accurate Reviews","og_image":[{"width":1473,"height":300,"url":"https:\/\/www.accuratereviews.com\/wp-content\/uploads\/2021\/11\/Unknown.png","type":"image\/png"}],"twitter_card":"summary_large_image","twitter_misc":{"Tempo di lettura stimato":"3 minuti"},"schema":{"@context":"https:\/\/schema.org","@graph":[{"@type":"WebPage","@id":"https:\/\/www.accuratereviews.com\/it\/piattaforme-sms-marketing\/clearstream-recensione\/","url":"https:\/\/www.accuratereviews.com\/it\/piattaforme-sms-marketing\/clearstream-recensione\/","name":"Clearstream: recensione piattaforma sms marketing - Accurate Reviews","isPartOf":{"@id":"https:\/\/www.accuratereviews.com\/it\/#website"},"primaryImageOfPage":{"@id":"https:\/\/www.accuratereviews.com\/it\/piattaforme-sms-marketing\/clearstream-recensione\/#primaryimage"},"image":{"@id":"https:\/\/www.accuratereviews.com\/it\/piattaforme-sms-marketing\/clearstream-recensione\/#primaryimage"},"thumbnailUrl":"https:\/\/www.accuratereviews.com\/wp-content\/uploads\/2021\/11\/Unknown.png","datePublished":"2021-11-02T13:21:17+00:00","description":"Clearstream: recensione della piattaforma sms marketing che si rivolge principalmente a chiese di piccole, medie e grandi dimensioni.","breadcrumb":{"@id":"https:\/\/www.accuratereviews.com\/it\/piattaforme-sms-marketing\/clearstream-recensione\/#breadcrumb"},"inLanguage":"it-IT","potentialAction":[{"@type":"ReadAction","target":["https:\/\/www.accuratereviews.com\/it\/piattaforme-sms-marketing\/clearstream-recensione\/"]}]},{"@type":"ImageObject","inLanguage":"it-IT","@id":"https:\/\/www.accuratereviews.com\/it\/piattaforme-sms-marketing\/clearstream-recensione\/#primaryimage","url":"https:\/\/www.accuratereviews.com\/wp-content\/uploads\/2021\/11\/Unknown.png","contentUrl":"https:\/\/www.accuratereviews.com\/wp-content\/uploads\/2021\/11\/Unknown.png","width":1473,"height":300},{"@type":"BreadcrumbList","@id":"https:\/\/www.accuratereviews.com\/it\/piattaforme-sms-marketing\/clearstream-recensione\/#breadcrumb","itemListElement":[{"@type":"ListItem","position":1,"name":"Home","item":"https:\/\/www.accuratereviews.com\/it\/"},{"@type":"ListItem","position":2,"name":"Piattaforme per sms marketing","item":"https:\/\/www.accuratereviews.com\/it\/piattaforme-sms-marketing\/"},{"@type":"ListItem","position":3,"name":"Clearstream"}]},{"@type":"WebSite","@id":"https:\/\/www.accuratereviews.com\/it\/#website","url":"https:\/\/www.accuratereviews.com\/it\/","name":"Accurate Reviews","description":"","potentialAction":[{"@type":"SearchAction","target":{"@type":"EntryPoint","urlTemplate":"https:\/\/www.accuratereviews.com\/it\/?s={search_term_string}"},"query-input":{"@type":"PropertyValueSpecification","valueRequired":true,"valueName":"search_term_string"}}],"inLanguage":"it-IT"}]}},"_links":{"self":[{"href":"https:\/\/www.accuratereviews.com\/it\/wp-json\/wp\/v2\/pages\/49378","targetHints":{"allow":["GET"]}}],"collection":[{"href":"https:\/\/www.accuratereviews.com\/it\/wp-json\/wp\/v2\/pages"}],"about":[{"href":"https:\/\/www.accuratereviews.com\/it\/wp-json\/wp\/v2\/types\/page"}],"author":[{"embeddable":true,"href":"https:\/\/www.accuratereviews.com\/it\/wp-json\/wp\/v2\/users\/17"}],"replies":[{"embeddable":true,"href":"https:\/\/www.accuratereviews.com\/it\/wp-json\/wp\/v2\/comments?post=49378"}],"version-history":[{"count":4,"href":"https:\/\/www.accuratereviews.com\/it\/wp-json\/wp\/v2\/pages\/49378\/revisions"}],"predecessor-version":[{"id":49403,"href":"https:\/\/www.accuratereviews.com\/it\/wp-json\/wp\/v2\/pages\/49378\/revisions\/49403"}],"up":[{"embeddable":true,"href":"https:\/\/www.accuratereviews.com\/it\/wp-json\/wp\/v2\/pages\/49078"}],"wp:featuredmedia":[{"embeddable":true,"href":"https:\/\/www.accuratereviews.com\/it\/wp-json\/wp\/v2\/media\/49379"}],"wp:attachment":[{"href":"https:\/\/www.accuratereviews.com\/it\/wp-json\/wp\/v2\/media?parent=49378"}],"wp:term":[{"taxonomy":"category","embeddable":true,"href":"https:\/\/www.accuratereviews.com\/it\/wp-json\/wp\/v2\/categories?post=49378"},{"taxonomy":"post_tag","embeddable":true,"href":"https:\/\/www.accuratereviews.com\/it\/wp-json\/wp\/v2\/tags?post=49378"},{"taxonomy":"features","embeddable":true,"href":"https:\/\/www.accuratereviews.com\/it\/wp-json\/wp\/v2\/features?post=49378"}],"curies":[{"name":"wp","href":"https:\/\/api.w.org\/{rel}","templated":true}]}}