{"id":49410,"date":"2021-11-03T11:15:08","date_gmt":"2021-11-03T11:15:08","guid":{"rendered":"https:\/\/www.accuratereviews.com\/?page_id=49410"},"modified":"2021-11-03T11:15:08","modified_gmt":"2021-11-03T11:15:08","slug":"txt180-recensione","status":"publish","type":"page","link":"https:\/\/www.accuratereviews.com\/it\/piattaforme-sms-marketing\/txt180-recensione\/","title":{"rendered":"Txt180"},"content":{"rendered":"<p><strong>Txt180<\/strong> \u00e8 uno dei principali <strong>software di marketing di testo di massa<\/strong> per aziende di tutte le dimensioni. L&#8217;applicazione consente alle attivit\u00e0 commerciali di raggiungere i propri clienti in un solo passaggio<strong> tramite sms<\/strong> e aiuta a vendere al dettaglio relazioni durature con i propri clienti. Le aziende hanno anche maggiori possibilit\u00e0 di aumentare gli opt-in per le loro campagne di <strong>sms marketing<\/strong>. Il software dispone di un codice funzione facile da ricordare che permette ai clienti di inviare messaggi di testo. Gli utenti possono raggiungere in modo efficiente la loro base di clienti inviando sms di massa direttamente ai loro telefoni. Le aziende possono aumentare il traffico inviando coupon mobili e offerte speciali del giorno e sostituire i promemoria degli appuntamenti telefonici con un semplice testo.<\/p>\n<h2>TXT180 &#8211; TUTORIAL<\/h2>\n<p>Guarda come \u00e8 semplice scrivere e inviare un messaggio con questo <strong>software per sms marketing<\/strong>:<\/p>\n<div id=\"fluid-wrapper-counter-1\" class=\"g1-fluid-wrapper \" style=\"width:686px;\">\n<div style=\"padding-bottom:56.268221574344%;\"><iframe loading=\"lazy\" title=\"TXT180 - Send Message\" width=\"686\" height=\"386\" src=\"https:\/\/www.youtube.com\/embed\/wcZN92B4AXg?feature=oembed&amp;wmode=transparent&amp;autohide=1&amp;autoplay=0&amp;disablekb=0&amp;fs=1&amp;loop=0&amp;enablejsapi=1&amp;rel=0&amp;controls=2&amp;showinfo=0&amp;wmode=transparent&amp;autohide=2&amp;autoplay=0&amp;disablekb=0&amp;fs=1&amp;loop=0&amp;enablejsapi=1&amp;rel=0&amp;controls=2&amp;showinfo=1\" frameborder=\"0\" allow=\"accelerometer; autoplay; clipboard-write; encrypted-media; gyroscope; picture-in-picture\" allowfullscreen><\/iframe><\/div>\n<\/div>\n<h3>TXT180 &#8211; CARATTERISTICHE<\/h3>\n<ul>\n<li><strong>Risponditore automatico<\/strong>: quando un cliente aderisce alla tua campagna, ricever\u00e0 immediatamente un messaggio di risposta automatica. Questa risposta pu\u00f2 essere modificata in qualsiasi momento per includere un messaggio di benvenuto, un coupon o promozioni<\/li>\n<li><strong>Messaggio alternativo<\/strong>: se un cliente tenta di riattivare il servizio dopo essere gi\u00e0 stato attivato, \u00e8 possibile inviare un messaggio alternativo al posto del risponditore automatico predefinito. Ci\u00f2 impedisce l&#8217;uso duplicato del coupon<\/li>\n<li><strong>Verifica dell&#8217;et\u00e0:<\/strong> questa funzione richiede che il contatto inserisca la propria data di nascita prima di poter attivare una parola chiave. Ottimo per prodotti e servizi soggetti a limiti di et\u00e0<\/li>\n<li><strong>Messaggistica bidirezionale<\/strong>: rispondi direttamente ai tuoi clienti uno a uno dalla tua casella di posta. Le risposte da un messaggio inviato a un gruppo non vengono visualizzate da nessuno nel gruppo, ma arrivano come messaggio individuale nella tua Posta in arrivo. Visualizza l&#8217;intero thread di messaggi per quel numero in un&#8217;interfaccia intuitiva simile a un telefono cellulare.<\/li>\n<li><strong>Programma messaggi di testo<\/strong>: l&#8217;esclusivo programma di pianificazione ti consente di programmare l&#8217;uscita delle tue campagne giornalmente, settimanalmente o mensilmente per farti risparmiare tempo.<\/li>\n<li><strong>QR Code<\/strong>: genera facilmente QR code con tre diverse funzioni. Rimandare a una url, creare un contatto o attivare tramite sms. I codici generati possono essere scaricati e stampati su pubblicit\u00e0 o biglietti da visita<\/li>\n<li><strong>Integrazione Zapier<\/strong>: integra facilmente il tuo account di marketing di testo con altri software che utilizzi come SalesForce, MailChimp, Fogli Google e tanti altri.<\/li>\n<\/ul>\n<h4>LE RECENSIONI DEGLI UTENTI<\/h4>\n<p class=\"font-weight-bold mb-2\"><strong>Richard T. &#8220;Favoloso!&#8221;<\/strong><\/p>\n<p><span class=\"font-weight-bold\"><strong>Commenti<\/strong>: l<\/span>&#8216;esperienza della mia attivit\u00e0 con questo prodotto non \u00e8 stata altro che stellare! Ha migliorato di dieci volte il reclutamento!<\/p>\n<p class=\"font-weight-bold mb-2\"><strong>Pro<\/strong>: molto semplice e facile da implementare. Non c&#8217;\u00e8 niente!<\/p>\n<p class=\"font-weight-bold mb-2\"><strong>Contro<\/strong>: davvero non c&#8217;\u00e8 proprio niente! L&#8217;aggravante \u00e8 la quantit\u00e0 limitata di caratteri che si possono usare per testo. \u00c8 un regolamento del governo.<\/p>\n<p class=\"font-weight-bold mb-2\"><strong>Lora B.&#8221;Recensione&#8221;<\/strong><\/p>\n<p><span class=\"font-weight-bold\"><strong>Commenti<\/strong>: <\/span>Ha un aiuto con i dipendenti morali, costruendo grandi leader<\/p>\n<p class=\"font-weight-bold mb-2\"><strong>Pro<\/strong>: \u00e8\u00a0stato molto positivo per ogni dipendente. Scegliamo un dipendente alla nostra riunione di squadra del venerd\u00ec per condividere un testo ricevuto quella settimana. I dipendenti commentano regolarmente ci\u00f2 che dicono i messaggi. \u00c8 stato estremamente utile per il nostro personale. I messaggi di ispirazione, i messaggi di leadership e il team building sono stati fantastici.<\/p>\n<p class=\"font-weight-bold mb-2\"><strong>Contro<\/strong>: non abbiamo contro. L&#8217;unica cosa \u00e8 prendere tempo per inserire i messaggi.<\/p>\n<p class=\"font-weight-bold mb-2\"><strong>Gabe O. &#8220;Ottima compagnia ed esperienza&#8221;<\/strong><\/p>\n<p><span class=\"font-weight-bold\"><strong>Commenti<\/strong>: n<\/span>on solo sto guadagnando affari dall&#8217;uso di txt180, ma sto anche aiutando gli altri a guadagnare affari.<\/p>\n<p class=\"font-weight-bold mb-2\"><strong>Pro<\/strong>: mi piace perch\u00e9 \u00e8 affidabile, funziona come dicono ed \u00e8 conveniente. Uno dei miei principali punti forti \u00e8 il servizio clienti. Il loro servizio ha superato qualsiasi altra azienda con cui ho avuto a che fare ultimamente.<\/p>\n<p class=\"font-weight-bold mb-2\"><strong>Contro<\/strong>: in attesa di quando supporter\u00e0 gli MMS.<\/p>\n","protected":false},"excerpt":{"rendered":"<p>Txt180 \u00e8 uno dei principali software di marketing di testo di massa per aziende di tutte le dimensioni. L&#8217;applicazione consente alle attivit\u00e0 commerciali di raggiungere i propri clienti in un solo passaggio tramite sms e aiuta a vendere al dettaglio relazioni durature con i propri clienti.<\/p>\n","protected":false},"author":16,"featured_media":49411,"parent":49078,"menu_order":0,"comment_status":"open","ping_status":"closed","template":"g1_template_page_review_new.php","meta":{"_acf_changed":false,"cwp_meta_box_check":"No","cwp_rev_product_name":"","cwp_rev_product_image":"","wppr_links":[],"cwp_rev_price":"","wppr_options":[],"wppr_pros":[],"wppr_cons":[],"_monsterinsights_skip_tracking":false,"_monsterinsights_sitenote_active":false,"_monsterinsights_sitenote_note":"","_monsterinsights_sitenote_category":0,"footnotes":""},"categories":[11324],"tags":[11327,11329,5721,11328,11376,11375],"features":[],"class_list":{"0":"post-49410","1":"page","2":"type-page","3":"status-publish","4":"has-post-thumbnail","6":"category-piattaforma-sms-marketing-cat","7":"tag-piattaforma-sms-marketing","8":"tag-programma-sms-marketing","9":"tag-sms-marketing-it","10":"tag-software-sms-marketing","11":"tag-soluzione-sms-markteting","12":"tag-txt180"},"wppr_data":{"cwp_meta_box_check":"No"},"acf":[],"yoast_head":"<!-- This site is optimized with the Yoast SEO plugin v27.4 - https:\/\/yoast.com\/product\/yoast-seo-wordpress\/ -->\n<title>Txt180: recensione software sms marketing - Accurate Reviews<\/title>\n<meta name=\"description\" content=\"Txt180: recensione dei principali software di marketing di testo di massa per aziende di tutte le dimensioni.\" \/>\n<meta name=\"robots\" content=\"index, follow, max-snippet:-1, max-image-preview:large, max-video-preview:-1\" \/>\n<link rel=\"canonical\" href=\"https:\/\/www.accuratereviews.com\/it\/piattaforme-sms-marketing\/txt180-recensione\/\" \/>\n<meta property=\"og:locale\" content=\"it_IT\" \/>\n<meta property=\"og:type\" content=\"article\" \/>\n<meta property=\"og:title\" content=\"Txt180: recensione software sms marketing - Accurate Reviews\" \/>\n<meta property=\"og:description\" content=\"Txt180: recensione dei principali software di marketing di testo di massa per aziende di tutte le dimensioni.\" \/>\n<meta property=\"og:url\" content=\"https:\/\/www.accuratereviews.com\/it\/piattaforme-sms-marketing\/txt180-recensione\/\" \/>\n<meta property=\"og:site_name\" content=\"Accurate Reviews\" \/>\n<meta property=\"og:image\" content=\"https:\/\/www.accuratereviews.com\/wp-content\/uploads\/2021\/11\/Txt180.jpeg\" \/>\n\t<meta property=\"og:image:width\" content=\"240\" \/>\n\t<meta property=\"og:image:height\" content=\"240\" \/>\n\t<meta property=\"og:image:type\" content=\"image\/jpeg\" \/>\n<meta name=\"twitter:card\" content=\"summary_large_image\" \/>\n<meta name=\"twitter:label1\" content=\"Tempo di lettura stimato\" \/>\n\t<meta name=\"twitter:data1\" content=\"3 minuti\" \/>\n<script type=\"application\/ld+json\" class=\"yoast-schema-graph\">{\"@context\":\"https:\\\/\\\/schema.org\",\"@graph\":[{\"@type\":\"WebPage\",\"@id\":\"https:\\\/\\\/www.accuratereviews.com\\\/it\\\/piattaforme-sms-marketing\\\/txt180-recensione\\\/\",\"url\":\"https:\\\/\\\/www.accuratereviews.com\\\/it\\\/piattaforme-sms-marketing\\\/txt180-recensione\\\/\",\"name\":\"Txt180: recensione software sms marketing - Accurate Reviews\",\"isPartOf\":{\"@id\":\"https:\\\/\\\/www.accuratereviews.com\\\/it\\\/#website\"},\"primaryImageOfPage\":{\"@id\":\"https:\\\/\\\/www.accuratereviews.com\\\/it\\\/piattaforme-sms-marketing\\\/txt180-recensione\\\/#primaryimage\"},\"image\":{\"@id\":\"https:\\\/\\\/www.accuratereviews.com\\\/it\\\/piattaforme-sms-marketing\\\/txt180-recensione\\\/#primaryimage\"},\"thumbnailUrl\":\"https:\\\/\\\/www.accuratereviews.com\\\/wp-content\\\/uploads\\\/2021\\\/11\\\/Txt180.jpeg\",\"datePublished\":\"2021-11-03T11:15:08+00:00\",\"description\":\"Txt180: recensione dei principali software di marketing di testo di massa per aziende di tutte le dimensioni.\",\"breadcrumb\":{\"@id\":\"https:\\\/\\\/www.accuratereviews.com\\\/it\\\/piattaforme-sms-marketing\\\/txt180-recensione\\\/#breadcrumb\"},\"inLanguage\":\"it-IT\",\"potentialAction\":[{\"@type\":\"ReadAction\",\"target\":[\"https:\\\/\\\/www.accuratereviews.com\\\/it\\\/piattaforme-sms-marketing\\\/txt180-recensione\\\/\"]}]},{\"@type\":\"ImageObject\",\"inLanguage\":\"it-IT\",\"@id\":\"https:\\\/\\\/www.accuratereviews.com\\\/it\\\/piattaforme-sms-marketing\\\/txt180-recensione\\\/#primaryimage\",\"url\":\"https:\\\/\\\/www.accuratereviews.com\\\/wp-content\\\/uploads\\\/2021\\\/11\\\/Txt180.jpeg\",\"contentUrl\":\"https:\\\/\\\/www.accuratereviews.com\\\/wp-content\\\/uploads\\\/2021\\\/11\\\/Txt180.jpeg\",\"width\":240,\"height\":240},{\"@type\":\"BreadcrumbList\",\"@id\":\"https:\\\/\\\/www.accuratereviews.com\\\/it\\\/piattaforme-sms-marketing\\\/txt180-recensione\\\/#breadcrumb\",\"itemListElement\":[{\"@type\":\"ListItem\",\"position\":1,\"name\":\"Home\",\"item\":\"https:\\\/\\\/www.accuratereviews.com\\\/it\\\/\"},{\"@type\":\"ListItem\",\"position\":2,\"name\":\"Piattaforme per sms marketing\",\"item\":\"https:\\\/\\\/www.accuratereviews.com\\\/it\\\/piattaforme-sms-marketing\\\/\"},{\"@type\":\"ListItem\",\"position\":3,\"name\":\"Txt180\"}]},{\"@type\":\"WebSite\",\"@id\":\"https:\\\/\\\/www.accuratereviews.com\\\/it\\\/#website\",\"url\":\"https:\\\/\\\/www.accuratereviews.com\\\/it\\\/\",\"name\":\"Accurate Reviews\",\"description\":\"\",\"potentialAction\":[{\"@type\":\"SearchAction\",\"target\":{\"@type\":\"EntryPoint\",\"urlTemplate\":\"https:\\\/\\\/www.accuratereviews.com\\\/it\\\/?s={search_term_string}\"},\"query-input\":{\"@type\":\"PropertyValueSpecification\",\"valueRequired\":true,\"valueName\":\"search_term_string\"}}],\"inLanguage\":\"it-IT\"}]}<\/script>\n<!-- \/ Yoast SEO plugin. -->","yoast_head_json":{"title":"Txt180: recensione software sms marketing - Accurate Reviews","description":"Txt180: recensione dei principali software di marketing di testo di massa per aziende di tutte le dimensioni.","robots":{"index":"index","follow":"follow","max-snippet":"max-snippet:-1","max-image-preview":"max-image-preview:large","max-video-preview":"max-video-preview:-1"},"canonical":"https:\/\/www.accuratereviews.com\/it\/piattaforme-sms-marketing\/txt180-recensione\/","og_locale":"it_IT","og_type":"article","og_title":"Txt180: recensione software sms marketing - Accurate Reviews","og_description":"Txt180: recensione dei principali software di marketing di testo di massa per aziende di tutte le dimensioni.","og_url":"https:\/\/www.accuratereviews.com\/it\/piattaforme-sms-marketing\/txt180-recensione\/","og_site_name":"Accurate Reviews","og_image":[{"width":240,"height":240,"url":"https:\/\/www.accuratereviews.com\/wp-content\/uploads\/2021\/11\/Txt180.jpeg","type":"image\/jpeg"}],"twitter_card":"summary_large_image","twitter_misc":{"Tempo di lettura stimato":"3 minuti"},"schema":{"@context":"https:\/\/schema.org","@graph":[{"@type":"WebPage","@id":"https:\/\/www.accuratereviews.com\/it\/piattaforme-sms-marketing\/txt180-recensione\/","url":"https:\/\/www.accuratereviews.com\/it\/piattaforme-sms-marketing\/txt180-recensione\/","name":"Txt180: recensione software sms marketing - Accurate Reviews","isPartOf":{"@id":"https:\/\/www.accuratereviews.com\/it\/#website"},"primaryImageOfPage":{"@id":"https:\/\/www.accuratereviews.com\/it\/piattaforme-sms-marketing\/txt180-recensione\/#primaryimage"},"image":{"@id":"https:\/\/www.accuratereviews.com\/it\/piattaforme-sms-marketing\/txt180-recensione\/#primaryimage"},"thumbnailUrl":"https:\/\/www.accuratereviews.com\/wp-content\/uploads\/2021\/11\/Txt180.jpeg","datePublished":"2021-11-03T11:15:08+00:00","description":"Txt180: recensione dei principali software di marketing di testo di massa per aziende di tutte le dimensioni.","breadcrumb":{"@id":"https:\/\/www.accuratereviews.com\/it\/piattaforme-sms-marketing\/txt180-recensione\/#breadcrumb"},"inLanguage":"it-IT","potentialAction":[{"@type":"ReadAction","target":["https:\/\/www.accuratereviews.com\/it\/piattaforme-sms-marketing\/txt180-recensione\/"]}]},{"@type":"ImageObject","inLanguage":"it-IT","@id":"https:\/\/www.accuratereviews.com\/it\/piattaforme-sms-marketing\/txt180-recensione\/#primaryimage","url":"https:\/\/www.accuratereviews.com\/wp-content\/uploads\/2021\/11\/Txt180.jpeg","contentUrl":"https:\/\/www.accuratereviews.com\/wp-content\/uploads\/2021\/11\/Txt180.jpeg","width":240,"height":240},{"@type":"BreadcrumbList","@id":"https:\/\/www.accuratereviews.com\/it\/piattaforme-sms-marketing\/txt180-recensione\/#breadcrumb","itemListElement":[{"@type":"ListItem","position":1,"name":"Home","item":"https:\/\/www.accuratereviews.com\/it\/"},{"@type":"ListItem","position":2,"name":"Piattaforme per sms marketing","item":"https:\/\/www.accuratereviews.com\/it\/piattaforme-sms-marketing\/"},{"@type":"ListItem","position":3,"name":"Txt180"}]},{"@type":"WebSite","@id":"https:\/\/www.accuratereviews.com\/it\/#website","url":"https:\/\/www.accuratereviews.com\/it\/","name":"Accurate Reviews","description":"","potentialAction":[{"@type":"SearchAction","target":{"@type":"EntryPoint","urlTemplate":"https:\/\/www.accuratereviews.com\/it\/?s={search_term_string}"},"query-input":{"@type":"PropertyValueSpecification","valueRequired":true,"valueName":"search_term_string"}}],"inLanguage":"it-IT"}]}},"_links":{"self":[{"href":"https:\/\/www.accuratereviews.com\/it\/wp-json\/wp\/v2\/pages\/49410","targetHints":{"allow":["GET"]}}],"collection":[{"href":"https:\/\/www.accuratereviews.com\/it\/wp-json\/wp\/v2\/pages"}],"about":[{"href":"https:\/\/www.accuratereviews.com\/it\/wp-json\/wp\/v2\/types\/page"}],"author":[{"embeddable":true,"href":"https:\/\/www.accuratereviews.com\/it\/wp-json\/wp\/v2\/users\/16"}],"replies":[{"embeddable":true,"href":"https:\/\/www.accuratereviews.com\/it\/wp-json\/wp\/v2\/comments?post=49410"}],"version-history":[{"count":5,"href":"https:\/\/www.accuratereviews.com\/it\/wp-json\/wp\/v2\/pages\/49410\/revisions"}],"predecessor-version":[{"id":49443,"href":"https:\/\/www.accuratereviews.com\/it\/wp-json\/wp\/v2\/pages\/49410\/revisions\/49443"}],"up":[{"embeddable":true,"href":"https:\/\/www.accuratereviews.com\/it\/wp-json\/wp\/v2\/pages\/49078"}],"wp:featuredmedia":[{"embeddable":true,"href":"https:\/\/www.accuratereviews.com\/it\/wp-json\/wp\/v2\/media\/49411"}],"wp:attachment":[{"href":"https:\/\/www.accuratereviews.com\/it\/wp-json\/wp\/v2\/media?parent=49410"}],"wp:term":[{"taxonomy":"category","embeddable":true,"href":"https:\/\/www.accuratereviews.com\/it\/wp-json\/wp\/v2\/categories?post=49410"},{"taxonomy":"post_tag","embeddable":true,"href":"https:\/\/www.accuratereviews.com\/it\/wp-json\/wp\/v2\/tags?post=49410"},{"taxonomy":"features","embeddable":true,"href":"https:\/\/www.accuratereviews.com\/it\/wp-json\/wp\/v2\/features?post=49410"}],"curies":[{"name":"wp","href":"https:\/\/api.w.org\/{rel}","templated":true}]}}