{"id":49442,"date":"2021-11-03T12:51:15","date_gmt":"2021-11-03T12:51:15","guid":{"rendered":"https:\/\/www.accuratereviews.com\/?page_id=49442"},"modified":"2021-11-04T14:14:37","modified_gmt":"2021-11-04T14:14:37","slug":"textmagic-recensione","status":"publish","type":"page","link":"https:\/\/www.accuratereviews.com\/it\/piattaforme-sms-marketing\/textmagic-recensione\/","title":{"rendered":"TextMagic"},"content":{"rendered":"<p><strong>TextMagic<\/strong> \u00e8 una\u00a0<strong>piattaforma di sms marketing<\/strong> sviluppata per imprese e aziende di tutte le dimensioni che vogliono migliorare la comunicazione con i loro clienti. Grazie a questo software semplice e intuitivo potranno infatti inviare messaggi di testo di massa non solo ai clienti, ma anche al personale, ai dipendenti e ai colleghi di lavoro. Questa modalit\u00e0 di messaggistica istantanea permette di condurre <strong>campagne di marketing via sms<\/strong> e di raggiungere chiunque in qualsiasi momento e ovunque.<br \/>\n<strong>TextMagic<\/strong> \u00e8 un programma aziendale accessibile a tutti e disponibile sia in versione desktop (Mac e Windows) che in versione mobile (dispositivi iOS e Android).<\/p>\n<h2>TEXTMAGIC &#8211; TUTORIAL<\/h2>\n<div id=\"fluid-wrapper-counter-1\" class=\"g1-fluid-wrapper \" style=\"width:686px;\">\n<div style=\"padding-bottom:56.268221574344%;\"><iframe loading=\"lazy\" title=\"How to Send Texts Online - TextMagic\" width=\"686\" height=\"386\" src=\"https:\/\/www.youtube.com\/embed\/rgJggQ5ftPQ?feature=oembed&amp;wmode=transparent&amp;autohide=1&amp;autoplay=0&amp;disablekb=0&amp;fs=1&amp;loop=0&amp;enablejsapi=1&amp;rel=0&amp;controls=2&amp;showinfo=0&amp;wmode=transparent&amp;autohide=2&amp;autoplay=0&amp;disablekb=0&amp;fs=1&amp;loop=0&amp;enablejsapi=1&amp;rel=0&amp;controls=2&amp;showinfo=1\" frameborder=\"0\" allow=\"accelerometer; autoplay; clipboard-write; encrypted-media; gyroscope; picture-in-picture\" allowfullscreen><\/iframe><\/div>\n<\/div>\n<h3>TEXTMAGIC &#8211; CARATTERISTICHE<\/h3>\n<ul>\n<li><strong>Invia testi online<\/strong>: invia un testo online al tuo staff e ai tuoi clienti. Importa i contatti e gestisci le liste attraverso il tuo account TextMagic<\/li>\n<li><strong>Gateway sms API<\/strong>: integra il gateway sms con il tuo sito web o software utilizzando strumenti sms API e aggiungi messaggi di testo al tuo flusso di lavoro aziendale<\/li>\n<li><strong>Chat sms bidirezionale<\/strong>: invia e ricevi messaggi di testo istantanei con la chat sms online. \u00c8 perfetta per la comunicazione a distanza con il personale e i clienti<\/li>\n<li><strong>Integrazioni sms Zapier<\/strong>: usa Zapier per collegare TextMagic alle tue app preferite. \u00c8 un&#8217;automazione facile che aiuta il tuo business<\/li>\n<li><strong>Da email a sms<\/strong>: inviare sms da un&#8217;email \u00e8 facile. La tua email viene convertita in un messaggio di testo e consegnata, con tutte le risposte che poi arrivano come email<\/li>\n<li><strong>Numeri di cellulare virtuali<\/strong>: con un numero dedicato alla tua azienda sarai in grado di ricevere messaggi di testo da chiunque senza doverli prima inviare<\/li>\n<li><strong>Programmazione dei messaggi di testo<\/strong>: pianifica i tuoi importanti promemoria sms, avvisi, campagne e notifiche online per essere inviati quando necessario<\/li>\n<li><strong>Liste di sms marketing<\/strong>: migliora la tua comunicazione via sms ordinando tutti i tuoi contatti nel tuo database in diversi gruppi e liste<\/li>\n<li><strong>Allegati sms e mms<\/strong>: se hai bisogno di inviare pi\u00f9 informazioni allo staff e ai clienti, puoi allegare immagini, file Word, file PDF<\/li>\n<li><strong>Importazione di numeri di cellulare<\/strong>: carica da Excel o copia dagli appunti. Ci vuole solo un minuto per iniziare con la tua lista di contatti sms<\/li>\n<li><strong>Sms e modelli<\/strong>: i campi personalizzati mail merge ti permettono di inviare migliaia di sms personalizzati in pochi secondi a destinatari di tutto il mondo<\/li>\n<li><strong>Gestione dell&#8217;opt-out sms<\/strong>: gli abbonati possono scrivere STOP per annullare l&#8217;iscrizione ai tuoi messaggi, permettendo loro di rinunciare in qualsiasi momento e riducendo i tuoi costi<\/li>\n<li><strong>Copertura globale sms<\/strong>: raggiungi i tuoi clienti e il tuo personale in tutto il mondo con l&#8217;accesso a oltre 1.000 reti mobili in pi\u00f9 di 190 paesi<\/li>\n<li><strong>App per iOS e Android<\/strong>: invia e ricevi rapidamente sms, crea liste e contatti, gestisci le tue campagne al volo usando il tuo cellulare<\/li>\n<li><strong>Messaggi di testo lunghi<\/strong>: invia messaggi di testo lunghi fino a 918 caratteri di lunghezza. Puoi inviare messaggi di testo lunghi quando 160 caratteri non sono sufficienti.<\/li>\n<li><strong>Software sms per PC e Mac<\/strong>: TextMagic Messenger \u00e8 un programma desktop che ti permette di inviare messaggi di testo mirati al tuo pubblico, uno alla volta o in blocco.<\/li>\n<\/ul>\n<h4>LE RECENSIONI DEGLI UTENTI<\/h4>\n<p><strong>Jamie R. &#8220;Funziona come dovrebbe&#8221;<\/strong><br \/>\nCOMMENTI: nel complesso \u00e8 uno strumento solido con pochi o nessun problema di cui parlare. Ci sono altre opzioni l\u00e0 fuori, ma questo funziona in modo affidabile per noi<br \/>\nPRO: il backend \u00e8 facile da usare e intuitivo ed \u00e8 stato un gioco da ragazzi impostare i nostri testi, liste e contatti<br \/>\nCONTRO: l&#8217;unica cosa che vorrei che facesse e che ho confermato con il loro team di supporto che non fa \u00e8 di eseguire campagne solo per i giorni feriali, omettendo i fine settimana.<\/p>\n<p><strong>Camille C. &#8220;Ti aiuta a raggiungere rapidamente una grande base di clienti&#8221;<\/strong><br \/>\nPRO: il costo del programma \u00e8 molto ragionevole (il prezzo dei testi effettivi potrebbe non esserlo, a seconda del provider che usi). \u00c8 facile programmare gli invii in anticipo e TextMagic pu\u00f2 supportare una grande lista di contatti<br \/>\nCONTRO: il setup iniziale richiede un po&#8217; di tempo. Un limite di parole pi\u00f9 grande per i messaggi attuali sarebbe anche utile.<\/p>\n<p><strong>Isabelle C. &#8220;Migliore interfaccia, facile da usare, professionale, anche se un po&#8217; caro&#8221;<\/strong><br \/>\nCOMMENTI: non ho ancora trovato un&#8217;alternativa a TextMagic, che possieda tutta la potenza e le capacit\u00e0. TextMagic \u00e8 il migliore. Lo consiglio vivamente!<br \/>\nPRO: TextMagic \u00e8 altamente affidabile come fornitore di comunicazioni. Uso questo software dal 2001 e non ho mai avuto un solo problema. Il servizio sms \u00e8 perfetto con un tasso di consegna del 99,9%. Ottime caratteristiche quando si tratta di Custom Sender ID, costruzione di elenchi di contatti e reporting.<br \/>\nCONTRO: la mia unica piccola osservazione con TextMagic \u00e8 il prezzo. Dovrebbe essere pi\u00f9 basso, per essere pi\u00f9 abbordabile, e se no, offrire dei pacchetti giornalieri e illimitati per esempio.<\/p>\n","protected":false},"excerpt":{"rendered":"<p>TextMagic \u00e8 una\u00a0piattaforma di sms marketing sviluppato per imprese e aziende di tutte le dimensioni che vogliono migliorare la comunicazione con i loro clienti. Grazie a questo software semplice e intuitivo, potranno infatti inviare messaggi di testo di massa non solo ai clienti, ma anche al personale, ai dipendenti e ai colleghi di lavoro.<\/p>\n","protected":false},"author":17,"featured_media":49446,"parent":49078,"menu_order":0,"comment_status":"open","ping_status":"closed","template":"g1_template_page_review_new.php","meta":{"_acf_changed":false,"cwp_meta_box_check":"No","cwp_rev_product_name":"","cwp_rev_product_image":"","wppr_links":[],"cwp_rev_price":"","wppr_options":[],"wppr_pros":[],"wppr_cons":[],"_monsterinsights_skip_tracking":false,"_monsterinsights_sitenote_active":false,"_monsterinsights_sitenote_note":"","_monsterinsights_sitenote_category":0,"footnotes":""},"categories":[11324],"tags":[11327,11357,11356,11377,5721,11328,11330],"features":[],"class_list":{"0":"post-49442","1":"page","2":"type-page","3":"status-publish","4":"has-post-thumbnail","6":"category-piattaforma-sms-marketing-cat","7":"tag-piattaforma-sms-marketing","8":"tag-piattaforma-sms-reclutamento","9":"tag-programma-sms-reclutamento","10":"tag-sms-it","11":"tag-sms-marketing-it","12":"tag-software-sms-marketing","13":"tag-soluzione-sms-marketing"},"wppr_data":{"cwp_meta_box_check":"No"},"acf":[],"yoast_head":"<!-- This site is optimized with the Yoast SEO plugin v27.4 - https:\/\/yoast.com\/product\/yoast-seo-wordpress\/ -->\n<title>TextMagic: recensione piattaforma sms marketing - Accurate Reviews<\/title>\n<meta name=\"description\" content=\"TextMagic: recensione della piattaforma di sms marketing sviluppato per imprese e aziende di tutte le dimensioni.\" \/>\n<meta name=\"robots\" content=\"index, follow, max-snippet:-1, max-image-preview:large, max-video-preview:-1\" \/>\n<link rel=\"canonical\" href=\"https:\/\/www.accuratereviews.com\/it\/piattaforme-sms-marketing\/textmagic-recensione\/\" \/>\n<meta property=\"og:locale\" content=\"it_IT\" \/>\n<meta property=\"og:type\" content=\"article\" \/>\n<meta property=\"og:title\" content=\"TextMagic: recensione piattaforma sms marketing - Accurate Reviews\" \/>\n<meta property=\"og:description\" content=\"TextMagic: recensione della piattaforma di sms marketing sviluppato per imprese e aziende di tutte le dimensioni.\" \/>\n<meta property=\"og:url\" content=\"https:\/\/www.accuratereviews.com\/it\/piattaforme-sms-marketing\/textmagic-recensione\/\" \/>\n<meta property=\"og:site_name\" content=\"Accurate Reviews\" \/>\n<meta property=\"article:modified_time\" content=\"2021-11-04T14:14:37+00:00\" \/>\n<meta property=\"og:image\" content=\"https:\/\/www.accuratereviews.com\/wp-content\/uploads\/2021\/11\/799px-TextMagic_logo.png\" \/>\n\t<meta property=\"og:image:width\" content=\"1120\" \/>\n\t<meta property=\"og:image:height\" content=\"300\" \/>\n\t<meta property=\"og:image:type\" content=\"image\/png\" \/>\n<meta name=\"twitter:card\" content=\"summary_large_image\" \/>\n<meta name=\"twitter:label1\" content=\"Tempo di lettura stimato\" \/>\n\t<meta name=\"twitter:data1\" content=\"4 minuti\" \/>\n<script type=\"application\/ld+json\" class=\"yoast-schema-graph\">{\"@context\":\"https:\\\/\\\/schema.org\",\"@graph\":[{\"@type\":\"WebPage\",\"@id\":\"https:\\\/\\\/www.accuratereviews.com\\\/it\\\/piattaforme-sms-marketing\\\/textmagic-recensione\\\/\",\"url\":\"https:\\\/\\\/www.accuratereviews.com\\\/it\\\/piattaforme-sms-marketing\\\/textmagic-recensione\\\/\",\"name\":\"TextMagic: recensione piattaforma sms marketing - Accurate Reviews\",\"isPartOf\":{\"@id\":\"https:\\\/\\\/www.accuratereviews.com\\\/it\\\/#website\"},\"primaryImageOfPage\":{\"@id\":\"https:\\\/\\\/www.accuratereviews.com\\\/it\\\/piattaforme-sms-marketing\\\/textmagic-recensione\\\/#primaryimage\"},\"image\":{\"@id\":\"https:\\\/\\\/www.accuratereviews.com\\\/it\\\/piattaforme-sms-marketing\\\/textmagic-recensione\\\/#primaryimage\"},\"thumbnailUrl\":\"https:\\\/\\\/www.accuratereviews.com\\\/wp-content\\\/uploads\\\/2021\\\/11\\\/799px-TextMagic_logo.png\",\"datePublished\":\"2021-11-03T12:51:15+00:00\",\"dateModified\":\"2021-11-04T14:14:37+00:00\",\"description\":\"TextMagic: recensione della piattaforma di sms marketing sviluppato per imprese e aziende di tutte le dimensioni.\",\"breadcrumb\":{\"@id\":\"https:\\\/\\\/www.accuratereviews.com\\\/it\\\/piattaforme-sms-marketing\\\/textmagic-recensione\\\/#breadcrumb\"},\"inLanguage\":\"it-IT\",\"potentialAction\":[{\"@type\":\"ReadAction\",\"target\":[\"https:\\\/\\\/www.accuratereviews.com\\\/it\\\/piattaforme-sms-marketing\\\/textmagic-recensione\\\/\"]}]},{\"@type\":\"ImageObject\",\"inLanguage\":\"it-IT\",\"@id\":\"https:\\\/\\\/www.accuratereviews.com\\\/it\\\/piattaforme-sms-marketing\\\/textmagic-recensione\\\/#primaryimage\",\"url\":\"https:\\\/\\\/www.accuratereviews.com\\\/wp-content\\\/uploads\\\/2021\\\/11\\\/799px-TextMagic_logo.png\",\"contentUrl\":\"https:\\\/\\\/www.accuratereviews.com\\\/wp-content\\\/uploads\\\/2021\\\/11\\\/799px-TextMagic_logo.png\",\"width\":1120,\"height\":300},{\"@type\":\"BreadcrumbList\",\"@id\":\"https:\\\/\\\/www.accuratereviews.com\\\/it\\\/piattaforme-sms-marketing\\\/textmagic-recensione\\\/#breadcrumb\",\"itemListElement\":[{\"@type\":\"ListItem\",\"position\":1,\"name\":\"Home\",\"item\":\"https:\\\/\\\/www.accuratereviews.com\\\/it\\\/\"},{\"@type\":\"ListItem\",\"position\":2,\"name\":\"Piattaforme per sms marketing\",\"item\":\"https:\\\/\\\/www.accuratereviews.com\\\/it\\\/piattaforme-sms-marketing\\\/\"},{\"@type\":\"ListItem\",\"position\":3,\"name\":\"TextMagic\"}]},{\"@type\":\"WebSite\",\"@id\":\"https:\\\/\\\/www.accuratereviews.com\\\/it\\\/#website\",\"url\":\"https:\\\/\\\/www.accuratereviews.com\\\/it\\\/\",\"name\":\"Accurate Reviews\",\"description\":\"\",\"potentialAction\":[{\"@type\":\"SearchAction\",\"target\":{\"@type\":\"EntryPoint\",\"urlTemplate\":\"https:\\\/\\\/www.accuratereviews.com\\\/it\\\/?s={search_term_string}\"},\"query-input\":{\"@type\":\"PropertyValueSpecification\",\"valueRequired\":true,\"valueName\":\"search_term_string\"}}],\"inLanguage\":\"it-IT\"}]}<\/script>\n<!-- \/ Yoast SEO plugin. -->","yoast_head_json":{"title":"TextMagic: recensione piattaforma sms marketing - Accurate Reviews","description":"TextMagic: recensione della piattaforma di sms marketing sviluppato per imprese e aziende di tutte le dimensioni.","robots":{"index":"index","follow":"follow","max-snippet":"max-snippet:-1","max-image-preview":"max-image-preview:large","max-video-preview":"max-video-preview:-1"},"canonical":"https:\/\/www.accuratereviews.com\/it\/piattaforme-sms-marketing\/textmagic-recensione\/","og_locale":"it_IT","og_type":"article","og_title":"TextMagic: recensione piattaforma sms marketing - Accurate Reviews","og_description":"TextMagic: recensione della piattaforma di sms marketing sviluppato per imprese e aziende di tutte le dimensioni.","og_url":"https:\/\/www.accuratereviews.com\/it\/piattaforme-sms-marketing\/textmagic-recensione\/","og_site_name":"Accurate Reviews","article_modified_time":"2021-11-04T14:14:37+00:00","og_image":[{"width":1120,"height":300,"url":"https:\/\/www.accuratereviews.com\/wp-content\/uploads\/2021\/11\/799px-TextMagic_logo.png","type":"image\/png"}],"twitter_card":"summary_large_image","twitter_misc":{"Tempo di lettura stimato":"4 minuti"},"schema":{"@context":"https:\/\/schema.org","@graph":[{"@type":"WebPage","@id":"https:\/\/www.accuratereviews.com\/it\/piattaforme-sms-marketing\/textmagic-recensione\/","url":"https:\/\/www.accuratereviews.com\/it\/piattaforme-sms-marketing\/textmagic-recensione\/","name":"TextMagic: recensione piattaforma sms marketing - Accurate Reviews","isPartOf":{"@id":"https:\/\/www.accuratereviews.com\/it\/#website"},"primaryImageOfPage":{"@id":"https:\/\/www.accuratereviews.com\/it\/piattaforme-sms-marketing\/textmagic-recensione\/#primaryimage"},"image":{"@id":"https:\/\/www.accuratereviews.com\/it\/piattaforme-sms-marketing\/textmagic-recensione\/#primaryimage"},"thumbnailUrl":"https:\/\/www.accuratereviews.com\/wp-content\/uploads\/2021\/11\/799px-TextMagic_logo.png","datePublished":"2021-11-03T12:51:15+00:00","dateModified":"2021-11-04T14:14:37+00:00","description":"TextMagic: recensione della piattaforma di sms marketing sviluppato per imprese e aziende di tutte le dimensioni.","breadcrumb":{"@id":"https:\/\/www.accuratereviews.com\/it\/piattaforme-sms-marketing\/textmagic-recensione\/#breadcrumb"},"inLanguage":"it-IT","potentialAction":[{"@type":"ReadAction","target":["https:\/\/www.accuratereviews.com\/it\/piattaforme-sms-marketing\/textmagic-recensione\/"]}]},{"@type":"ImageObject","inLanguage":"it-IT","@id":"https:\/\/www.accuratereviews.com\/it\/piattaforme-sms-marketing\/textmagic-recensione\/#primaryimage","url":"https:\/\/www.accuratereviews.com\/wp-content\/uploads\/2021\/11\/799px-TextMagic_logo.png","contentUrl":"https:\/\/www.accuratereviews.com\/wp-content\/uploads\/2021\/11\/799px-TextMagic_logo.png","width":1120,"height":300},{"@type":"BreadcrumbList","@id":"https:\/\/www.accuratereviews.com\/it\/piattaforme-sms-marketing\/textmagic-recensione\/#breadcrumb","itemListElement":[{"@type":"ListItem","position":1,"name":"Home","item":"https:\/\/www.accuratereviews.com\/it\/"},{"@type":"ListItem","position":2,"name":"Piattaforme per sms marketing","item":"https:\/\/www.accuratereviews.com\/it\/piattaforme-sms-marketing\/"},{"@type":"ListItem","position":3,"name":"TextMagic"}]},{"@type":"WebSite","@id":"https:\/\/www.accuratereviews.com\/it\/#website","url":"https:\/\/www.accuratereviews.com\/it\/","name":"Accurate Reviews","description":"","potentialAction":[{"@type":"SearchAction","target":{"@type":"EntryPoint","urlTemplate":"https:\/\/www.accuratereviews.com\/it\/?s={search_term_string}"},"query-input":{"@type":"PropertyValueSpecification","valueRequired":true,"valueName":"search_term_string"}}],"inLanguage":"it-IT"}]}},"_links":{"self":[{"href":"https:\/\/www.accuratereviews.com\/it\/wp-json\/wp\/v2\/pages\/49442","targetHints":{"allow":["GET"]}}],"collection":[{"href":"https:\/\/www.accuratereviews.com\/it\/wp-json\/wp\/v2\/pages"}],"about":[{"href":"https:\/\/www.accuratereviews.com\/it\/wp-json\/wp\/v2\/types\/page"}],"author":[{"embeddable":true,"href":"https:\/\/www.accuratereviews.com\/it\/wp-json\/wp\/v2\/users\/17"}],"replies":[{"embeddable":true,"href":"https:\/\/www.accuratereviews.com\/it\/wp-json\/wp\/v2\/comments?post=49442"}],"version-history":[{"count":5,"href":"https:\/\/www.accuratereviews.com\/it\/wp-json\/wp\/v2\/pages\/49442\/revisions"}],"predecessor-version":[{"id":49503,"href":"https:\/\/www.accuratereviews.com\/it\/wp-json\/wp\/v2\/pages\/49442\/revisions\/49503"}],"up":[{"embeddable":true,"href":"https:\/\/www.accuratereviews.com\/it\/wp-json\/wp\/v2\/pages\/49078"}],"wp:featuredmedia":[{"embeddable":true,"href":"https:\/\/www.accuratereviews.com\/it\/wp-json\/wp\/v2\/media\/49446"}],"wp:attachment":[{"href":"https:\/\/www.accuratereviews.com\/it\/wp-json\/wp\/v2\/media?parent=49442"}],"wp:term":[{"taxonomy":"category","embeddable":true,"href":"https:\/\/www.accuratereviews.com\/it\/wp-json\/wp\/v2\/categories?post=49442"},{"taxonomy":"post_tag","embeddable":true,"href":"https:\/\/www.accuratereviews.com\/it\/wp-json\/wp\/v2\/tags?post=49442"},{"taxonomy":"features","embeddable":true,"href":"https:\/\/www.accuratereviews.com\/it\/wp-json\/wp\/v2\/features?post=49442"}],"curies":[{"name":"wp","href":"https:\/\/api.w.org\/{rel}","templated":true}]}}