{"id":49475,"date":"2021-11-04T12:41:24","date_gmt":"2021-11-04T12:41:24","guid":{"rendered":"https:\/\/www.accuratereviews.com\/?page_id=49475"},"modified":"2021-11-04T12:41:24","modified_gmt":"2021-11-04T12:41:24","slug":"solutionreach-recensione","status":"publish","type":"page","link":"https:\/\/www.accuratereviews.com\/it\/piattaforme-sms-marketing\/solutionreach-recensione\/","title":{"rendered":"Solutionreach"},"content":{"rendered":"<p><strong>Solutionreach<\/strong> \u00e8 una <strong>piattaforma di coinvolgimento dei pazienti<\/strong> con la quale i team sanitari possono accedere a una serie completa di funzionalit\u00e0 tra cui gestione del sito web, pianificazione online, gestione della reputazione, sondaggi di follow-up, portale per i pazienti, telemedicina e altro ancora. Fornisce promemoria intelligenti per gli appuntamenti che vengono condivisi\u00a0 tramite <strong>sms<\/strong>. Con i moduli di assunzione digitali, i pazienti possono fare clic su un collegamento diretto per rivedere e firmare moduli precompilati utilizzando i propri dispositivi mobili. Inoltre, gli ambulatori possono inviare messaggi di gruppo in base a criteri specifici del paziente, come et\u00e0, codice procedura, sesso, ecc&#8230; Altre funzionalit\u00e0 includono il monitoraggio dei lead, la gestione SEO, il monitoraggio dei social media, i rapporti\/analisi, la chat di gruppo e altro ancora.<\/p>\n<h2>SOLUTIONREACH &#8211; TUTORIAL<\/h2>\n<p>Guardiamo come \u00e8 semplice mandare un messaggio tramite questa <strong>soluzione sms marketing<\/strong>:<\/p>\n<div id=\"fluid-wrapper-counter-1\" class=\"g1-fluid-wrapper \" style=\"width:686px;\">\n<div style=\"padding-bottom:56.268221574344%;\"><iframe loading=\"lazy\" title=\"Send an Email or Text Message to a Group\" width=\"686\" height=\"386\" src=\"https:\/\/www.youtube.com\/embed\/WPtN5RZ_wsI?feature=oembed&amp;wmode=transparent&amp;autohide=1&amp;autoplay=0&amp;disablekb=0&amp;fs=1&amp;loop=0&amp;enablejsapi=1&amp;rel=0&amp;controls=2&amp;showinfo=0&amp;wmode=transparent&amp;autohide=2&amp;autoplay=0&amp;disablekb=0&amp;fs=1&amp;loop=0&amp;enablejsapi=1&amp;rel=0&amp;controls=2&amp;showinfo=1\" frameborder=\"0\" allow=\"accelerometer; autoplay; clipboard-write; encrypted-media; gyroscope; picture-in-picture\" allowfullscreen><\/iframe><\/div>\n<\/div>\n<h3>SOLUTIONREACH &#8211; CARATTERISTICHE<\/h3>\n<ul>\n<li>Ottieni le informazioni esatte di cui hai bisogno<\/li>\n<li>Richiedi\/Programma dal tuo sito web o tramite un collegamento di testo\/email che invii loro<\/li>\n<li>Offri ai pazienti la flessibilit\u00e0 che desiderano<\/li>\n<li>Richiedi\/programma da un link che pubblichi sul tuo profilo Google, pagina Facebook o includi nelle tue newsletter<\/li>\n<li>Massimo controllo del tuo programma attraverso la possibilit\u00e0 di approvare o rifiutare le richieste di appuntamento<\/li>\n<li>Richiedi appuntamenti da email\/testi di richiamo automatico<\/li>\n<li>Carica un&#8217;immagine della loro tessera assicurativa<\/li>\n<li>Abbina alle preferenze del singolo paziente: riduce al minimo gli opt-out<\/li>\n<li>Qualsiasi combinazione di testo\/email\/voce<\/li>\n<li>Annulla o riprogramma le richieste<\/li>\n<li>Risposte automatiche intelligenti disponibili, ad es. al di fuori dell&#8217;orario d&#8217;ufficio<\/li>\n<li>Riscontri di conferma automatizzati per la gestione dello studio<\/li>\n<li>Possibilit\u00e0 di limitare i fine settimana e i promemoria mattutini per le preferenze del paziente<\/li>\n<li>Visualizza la cronologia completa dei messaggi per paziente<\/li>\n<li>Tutti i testi automatici e manuali consolidati in 1 vista<\/li>\n<li>Possibilit\u00e0 di inviare immagini e allegati<\/li>\n<li>Tracker consenso HIPAA e facile approvazione del paziente tramite testo<\/li>\n<li>Link di telemedicina generati per chiamate via sms<\/li>\n<li>Moduli personalizzabili per paziente e tipo di appuntamento<\/li>\n<li>Invia pacchetti personalizzati con i moduli che crei<\/li>\n<li>Visualizza lo stato dei moduli in tempo reale<\/li>\n<li>Caricamenti automatici delle informazioni completate e riscrittura dei dati su tutti i principali PM o software EHR<\/li>\n<\/ul>\n<h4>LE RECENSIONI DEGLI UTENTI<\/h4>\n<p class=\"font-weight-bold mb-2\"><strong>Deb P. &#8220;Solutionreach eleva il nostro servizio clienti&#8221;<\/strong><\/p>\n<p><span class=\"font-weight-bold\"><strong>Commenti<\/strong>: <\/span>Solutionreach ha permesso al nostro team di migliorare l&#8217;efficienza delle operazioni quotidiane automatizzando alcune delle attivit\u00e0 essenziali per mantenere una giornata di cura del paziente ben pianificata.<\/p>\n<p class=\"font-weight-bold mb-2\"><strong>Pro<\/strong>:\u00a0La capacit\u00e0 di messaggistica della piattaforma \u00e8 stata facile da incorporare ed \u00e8 utilizzata da tutti i membri del team da qualsiasi computer dell&#8217;ufficio. Ci\u00f2 aumenta la nostra capacit\u00e0 di lavorare come una squadra e non fare affidamento esclusivamente su un paio di membri del team seduti nell&#8217;area aziendale.<\/p>\n<p class=\"font-weight-bold mb-2\"><strong>Contro<\/strong>:\u00a0A volte sperimentiamo &#8220;glitch&#8221; in cui il software di comunicazione \u00e8 in ritardo e ci impedisce di ricevere messaggi dai nostri pazienti.<\/p>\n<p class=\"font-weight-bold mb-2\"><strong>Nancy H.&#8221;Il miglior risparmio di denaro che ci sia in uno studio medico!&#8221;<\/strong><\/p>\n<p><span class=\"font-weight-bold\"><strong>Commenti<\/strong>: <\/span>Inizialmente siamo andati con Solutionreach e siamo rimasti contenti, tuttavia, uno dei membri del mio staff per un altro fornitore dello stesso servizio che era meno economico. La differenza non era significativa, ma lei insisteva sul fatto che si sommassero, ecc. Quindi ho accettato. Siamo stati con l&#8217;altro fornitore per alcuni mesi e ci siamo subito resi conto che si trattava di un errore. Siamo tornati a Solutionreach e non lo faremo mai pi\u00f9!<\/p>\n<p class=\"font-weight-bold mb-2\"><strong>Pro<\/strong>:\u00a0Risparmi due volte! Non devo pi\u00f9 pagare nessuno per contattare i nostri pazienti per ricordare loro i loro appuntamenti e risparmio denaro per i pazienti che non mancano all&#8217;appuntamento! Se sommi il tempo impiegato da qualcuno per farlo e il costo, penso che sarebbe difficile scoprire che non \u00e8 conveniente. Non solo invia messaggi di testo, ma invia anche un&#8217;e-mail al paziente. Praticamente non abbiamo pi\u00f9 pazienti che non si presentano agli appuntamenti. Se non possono prendere l&#8217;appuntamento, chiamano per riprogrammare. Non vengono avvisati solo una volta, vengono avvisati alcune volte, tramite SMS ed e-mail, entro una settimana prima del loro appuntamento.<\/p>\n<p class=\"font-weight-bold mb-2\"><strong>Contro<\/strong>:\u00a0Non riesco proprio a pensare a niente. Mi preoccupo sempre di HIPPA, ma hanno una rete molto sicura.<\/p>\n<p class=\"font-weight-bold mb-2\"><strong>Joni W. &#8220;Ottimo per pi\u00f9 localit\u00e0&#8221;<\/strong><\/p>\n<p class=\"font-weight-bold mb-2\"><strong>Pro<\/strong>: mi piace la possibilit\u00e0 di vedere tutti i miei pazienti in una dashboard o in ogni luogo.<\/p>\n<p class=\"font-weight-bold mb-2\"><strong>Contro<\/strong>: in precedenza avevano una mappa termica per vedere le posizioni dei tuoi pazienti che potevi ordinare per zip e tipo di appuntamento. Questa era una grande caratteristica che avrei voluto non fosse stata rimossa.<\/p>\n<div class=\"pl-4 my-4 py-3 border-left border-fog text-ash i18n-translation_vendor_container\" data-translation-id=\"2600442\" data-translation-vendor-target=\"original\">\n<h4 class=\"h5\"><\/h4>\n<\/div>\n","protected":false},"excerpt":{"rendered":"<p>Solutionreach \u00e8 una piattaforma di coinvolgimento dei pazienti\u00a0con la quale i team sanitari possono accedere a una serie completa di funzionalit\u00e0 tra cui gestione del sito web, pianificazione online, gestione della reputazione, sondaggi di follow-up, portale per i pazienti, telemedicina e altro ancora.<\/p>\n","protected":false},"author":16,"featured_media":49476,"parent":49078,"menu_order":0,"comment_status":"open","ping_status":"closed","template":"g1_template_page_review_new.php","meta":{"_acf_changed":false,"cwp_meta_box_check":"No","cwp_rev_product_name":"","cwp_rev_product_image":"","wppr_links":[],"cwp_rev_price":"","wppr_options":[],"wppr_pros":[],"wppr_cons":[],"_monsterinsights_skip_tracking":false,"_monsterinsights_sitenote_active":false,"_monsterinsights_sitenote_note":"","_monsterinsights_sitenote_category":0,"footnotes":""},"categories":[11324],"tags":[11383,11327,11329,5721,11328,11382,11330],"features":[],"class_list":{"0":"post-49475","1":"page","2":"type-page","3":"status-publish","4":"has-post-thumbnail","6":"category-piattaforma-sms-marketing-cat","7":"tag-piattaforma-di-coinvolgimento-dei-pazienti","8":"tag-piattaforma-sms-marketing","9":"tag-programma-sms-marketing","10":"tag-sms-marketing-it","11":"tag-software-sms-marketing","12":"tag-solutionreach","13":"tag-soluzione-sms-marketing"},"wppr_data":{"cwp_meta_box_check":"No"},"acf":[],"yoast_head":"<!-- This site is optimized with the Yoast SEO plugin v27.4 - https:\/\/yoast.com\/product\/yoast-seo-wordpress\/ -->\n<title>Solutionreach: recensione software sms marketing - Accurate Reviews<\/title>\n<meta name=\"description\" content=\"Solutionreach: recensione piattaforma di coinvolgimento dei pazienti\u00a0con la quale i team possono accedere a una serie completa di funzionalit\u00e0\" \/>\n<meta name=\"robots\" content=\"index, follow, max-snippet:-1, max-image-preview:large, max-video-preview:-1\" \/>\n<link rel=\"canonical\" href=\"https:\/\/www.accuratereviews.com\/it\/piattaforme-sms-marketing\/solutionreach-recensione\/\" \/>\n<meta property=\"og:locale\" content=\"it_IT\" \/>\n<meta property=\"og:type\" content=\"article\" \/>\n<meta property=\"og:title\" content=\"Solutionreach: recensione software sms marketing - Accurate Reviews\" \/>\n<meta property=\"og:description\" content=\"Solutionreach: recensione piattaforma di coinvolgimento dei pazienti\u00a0con la quale i team possono accedere a una serie completa di funzionalit\u00e0\" \/>\n<meta property=\"og:url\" content=\"https:\/\/www.accuratereviews.com\/it\/piattaforme-sms-marketing\/solutionreach-recensione\/\" \/>\n<meta property=\"og:site_name\" content=\"Accurate Reviews\" \/>\n<meta property=\"og:image\" content=\"https:\/\/www.accuratereviews.com\/wp-content\/uploads\/2021\/11\/SolutionReach-logo-1.jpeg\" \/>\n\t<meta property=\"og:image:width\" content=\"220\" \/>\n\t<meta property=\"og:image:height\" content=\"220\" \/>\n\t<meta property=\"og:image:type\" content=\"image\/jpeg\" \/>\n<meta name=\"twitter:card\" content=\"summary_large_image\" \/>\n<meta name=\"twitter:label1\" content=\"Tempo di lettura stimato\" \/>\n\t<meta name=\"twitter:data1\" content=\"4 minuti\" \/>\n<script type=\"application\/ld+json\" class=\"yoast-schema-graph\">{\"@context\":\"https:\\\/\\\/schema.org\",\"@graph\":[{\"@type\":\"WebPage\",\"@id\":\"https:\\\/\\\/www.accuratereviews.com\\\/it\\\/piattaforme-sms-marketing\\\/solutionreach-recensione\\\/\",\"url\":\"https:\\\/\\\/www.accuratereviews.com\\\/it\\\/piattaforme-sms-marketing\\\/solutionreach-recensione\\\/\",\"name\":\"Solutionreach: recensione software sms marketing - Accurate Reviews\",\"isPartOf\":{\"@id\":\"https:\\\/\\\/www.accuratereviews.com\\\/it\\\/#website\"},\"primaryImageOfPage\":{\"@id\":\"https:\\\/\\\/www.accuratereviews.com\\\/it\\\/piattaforme-sms-marketing\\\/solutionreach-recensione\\\/#primaryimage\"},\"image\":{\"@id\":\"https:\\\/\\\/www.accuratereviews.com\\\/it\\\/piattaforme-sms-marketing\\\/solutionreach-recensione\\\/#primaryimage\"},\"thumbnailUrl\":\"https:\\\/\\\/www.accuratereviews.com\\\/wp-content\\\/uploads\\\/2021\\\/11\\\/SolutionReach-logo-1.jpeg\",\"datePublished\":\"2021-11-04T12:41:24+00:00\",\"description\":\"Solutionreach: recensione piattaforma di coinvolgimento dei pazienti\u00a0con la quale i team possono accedere a una serie completa di funzionalit\u00e0\",\"breadcrumb\":{\"@id\":\"https:\\\/\\\/www.accuratereviews.com\\\/it\\\/piattaforme-sms-marketing\\\/solutionreach-recensione\\\/#breadcrumb\"},\"inLanguage\":\"it-IT\",\"potentialAction\":[{\"@type\":\"ReadAction\",\"target\":[\"https:\\\/\\\/www.accuratereviews.com\\\/it\\\/piattaforme-sms-marketing\\\/solutionreach-recensione\\\/\"]}]},{\"@type\":\"ImageObject\",\"inLanguage\":\"it-IT\",\"@id\":\"https:\\\/\\\/www.accuratereviews.com\\\/it\\\/piattaforme-sms-marketing\\\/solutionreach-recensione\\\/#primaryimage\",\"url\":\"https:\\\/\\\/www.accuratereviews.com\\\/wp-content\\\/uploads\\\/2021\\\/11\\\/SolutionReach-logo-1.jpeg\",\"contentUrl\":\"https:\\\/\\\/www.accuratereviews.com\\\/wp-content\\\/uploads\\\/2021\\\/11\\\/SolutionReach-logo-1.jpeg\",\"width\":220,\"height\":220},{\"@type\":\"BreadcrumbList\",\"@id\":\"https:\\\/\\\/www.accuratereviews.com\\\/it\\\/piattaforme-sms-marketing\\\/solutionreach-recensione\\\/#breadcrumb\",\"itemListElement\":[{\"@type\":\"ListItem\",\"position\":1,\"name\":\"Home\",\"item\":\"https:\\\/\\\/www.accuratereviews.com\\\/it\\\/\"},{\"@type\":\"ListItem\",\"position\":2,\"name\":\"Piattaforme per sms marketing\",\"item\":\"https:\\\/\\\/www.accuratereviews.com\\\/it\\\/piattaforme-sms-marketing\\\/\"},{\"@type\":\"ListItem\",\"position\":3,\"name\":\"Solutionreach\"}]},{\"@type\":\"WebSite\",\"@id\":\"https:\\\/\\\/www.accuratereviews.com\\\/it\\\/#website\",\"url\":\"https:\\\/\\\/www.accuratereviews.com\\\/it\\\/\",\"name\":\"Accurate Reviews\",\"description\":\"\",\"potentialAction\":[{\"@type\":\"SearchAction\",\"target\":{\"@type\":\"EntryPoint\",\"urlTemplate\":\"https:\\\/\\\/www.accuratereviews.com\\\/it\\\/?s={search_term_string}\"},\"query-input\":{\"@type\":\"PropertyValueSpecification\",\"valueRequired\":true,\"valueName\":\"search_term_string\"}}],\"inLanguage\":\"it-IT\"}]}<\/script>\n<!-- \/ Yoast SEO plugin. -->","yoast_head_json":{"title":"Solutionreach: recensione software sms marketing - Accurate Reviews","description":"Solutionreach: recensione piattaforma di coinvolgimento dei pazienti\u00a0con la quale i team possono accedere a una serie completa di funzionalit\u00e0","robots":{"index":"index","follow":"follow","max-snippet":"max-snippet:-1","max-image-preview":"max-image-preview:large","max-video-preview":"max-video-preview:-1"},"canonical":"https:\/\/www.accuratereviews.com\/it\/piattaforme-sms-marketing\/solutionreach-recensione\/","og_locale":"it_IT","og_type":"article","og_title":"Solutionreach: recensione software sms marketing - Accurate Reviews","og_description":"Solutionreach: recensione piattaforma di coinvolgimento dei pazienti\u00a0con la quale i team possono accedere a una serie completa di funzionalit\u00e0","og_url":"https:\/\/www.accuratereviews.com\/it\/piattaforme-sms-marketing\/solutionreach-recensione\/","og_site_name":"Accurate Reviews","og_image":[{"width":220,"height":220,"url":"https:\/\/www.accuratereviews.com\/wp-content\/uploads\/2021\/11\/SolutionReach-logo-1.jpeg","type":"image\/jpeg"}],"twitter_card":"summary_large_image","twitter_misc":{"Tempo di lettura stimato":"4 minuti"},"schema":{"@context":"https:\/\/schema.org","@graph":[{"@type":"WebPage","@id":"https:\/\/www.accuratereviews.com\/it\/piattaforme-sms-marketing\/solutionreach-recensione\/","url":"https:\/\/www.accuratereviews.com\/it\/piattaforme-sms-marketing\/solutionreach-recensione\/","name":"Solutionreach: recensione software sms marketing - Accurate Reviews","isPartOf":{"@id":"https:\/\/www.accuratereviews.com\/it\/#website"},"primaryImageOfPage":{"@id":"https:\/\/www.accuratereviews.com\/it\/piattaforme-sms-marketing\/solutionreach-recensione\/#primaryimage"},"image":{"@id":"https:\/\/www.accuratereviews.com\/it\/piattaforme-sms-marketing\/solutionreach-recensione\/#primaryimage"},"thumbnailUrl":"https:\/\/www.accuratereviews.com\/wp-content\/uploads\/2021\/11\/SolutionReach-logo-1.jpeg","datePublished":"2021-11-04T12:41:24+00:00","description":"Solutionreach: recensione piattaforma di coinvolgimento dei pazienti\u00a0con la quale i team possono accedere a una serie completa di funzionalit\u00e0","breadcrumb":{"@id":"https:\/\/www.accuratereviews.com\/it\/piattaforme-sms-marketing\/solutionreach-recensione\/#breadcrumb"},"inLanguage":"it-IT","potentialAction":[{"@type":"ReadAction","target":["https:\/\/www.accuratereviews.com\/it\/piattaforme-sms-marketing\/solutionreach-recensione\/"]}]},{"@type":"ImageObject","inLanguage":"it-IT","@id":"https:\/\/www.accuratereviews.com\/it\/piattaforme-sms-marketing\/solutionreach-recensione\/#primaryimage","url":"https:\/\/www.accuratereviews.com\/wp-content\/uploads\/2021\/11\/SolutionReach-logo-1.jpeg","contentUrl":"https:\/\/www.accuratereviews.com\/wp-content\/uploads\/2021\/11\/SolutionReach-logo-1.jpeg","width":220,"height":220},{"@type":"BreadcrumbList","@id":"https:\/\/www.accuratereviews.com\/it\/piattaforme-sms-marketing\/solutionreach-recensione\/#breadcrumb","itemListElement":[{"@type":"ListItem","position":1,"name":"Home","item":"https:\/\/www.accuratereviews.com\/it\/"},{"@type":"ListItem","position":2,"name":"Piattaforme per sms marketing","item":"https:\/\/www.accuratereviews.com\/it\/piattaforme-sms-marketing\/"},{"@type":"ListItem","position":3,"name":"Solutionreach"}]},{"@type":"WebSite","@id":"https:\/\/www.accuratereviews.com\/it\/#website","url":"https:\/\/www.accuratereviews.com\/it\/","name":"Accurate Reviews","description":"","potentialAction":[{"@type":"SearchAction","target":{"@type":"EntryPoint","urlTemplate":"https:\/\/www.accuratereviews.com\/it\/?s={search_term_string}"},"query-input":{"@type":"PropertyValueSpecification","valueRequired":true,"valueName":"search_term_string"}}],"inLanguage":"it-IT"}]}},"_links":{"self":[{"href":"https:\/\/www.accuratereviews.com\/it\/wp-json\/wp\/v2\/pages\/49475","targetHints":{"allow":["GET"]}}],"collection":[{"href":"https:\/\/www.accuratereviews.com\/it\/wp-json\/wp\/v2\/pages"}],"about":[{"href":"https:\/\/www.accuratereviews.com\/it\/wp-json\/wp\/v2\/types\/page"}],"author":[{"embeddable":true,"href":"https:\/\/www.accuratereviews.com\/it\/wp-json\/wp\/v2\/users\/16"}],"replies":[{"embeddable":true,"href":"https:\/\/www.accuratereviews.com\/it\/wp-json\/wp\/v2\/comments?post=49475"}],"version-history":[{"count":7,"href":"https:\/\/www.accuratereviews.com\/it\/wp-json\/wp\/v2\/pages\/49475\/revisions"}],"predecessor-version":[{"id":49493,"href":"https:\/\/www.accuratereviews.com\/it\/wp-json\/wp\/v2\/pages\/49475\/revisions\/49493"}],"up":[{"embeddable":true,"href":"https:\/\/www.accuratereviews.com\/it\/wp-json\/wp\/v2\/pages\/49078"}],"wp:featuredmedia":[{"embeddable":true,"href":"https:\/\/www.accuratereviews.com\/it\/wp-json\/wp\/v2\/media\/49476"}],"wp:attachment":[{"href":"https:\/\/www.accuratereviews.com\/it\/wp-json\/wp\/v2\/media?parent=49475"}],"wp:term":[{"taxonomy":"category","embeddable":true,"href":"https:\/\/www.accuratereviews.com\/it\/wp-json\/wp\/v2\/categories?post=49475"},{"taxonomy":"post_tag","embeddable":true,"href":"https:\/\/www.accuratereviews.com\/it\/wp-json\/wp\/v2\/tags?post=49475"},{"taxonomy":"features","embeddable":true,"href":"https:\/\/www.accuratereviews.com\/it\/wp-json\/wp\/v2\/features?post=49475"}],"curies":[{"name":"wp","href":"https:\/\/api.w.org\/{rel}","templated":true}]}}