{"id":49510,"date":"2021-11-05T11:22:03","date_gmt":"2021-11-05T11:22:03","guid":{"rendered":"https:\/\/www.accuratereviews.com\/?page_id=49510"},"modified":"2021-11-05T11:22:03","modified_gmt":"2021-11-05T11:22:03","slug":"ringy-recensione","status":"publish","type":"page","link":"https:\/\/www.accuratereviews.com\/it\/piattaforme-sms-marketing\/ringy-recensione\/","title":{"rendered":"Ringy"},"content":{"rendered":"<p><strong>Ringy<\/strong> (precedentemente<strong> iSalesCRM<\/strong>) \u00e8 un <strong>software di gestione delle relazioni<\/strong> con i clienti che fornisce alle aziende strumenti per generare lead e automatizzare le <strong>operazioni di marketing<\/strong>. I supervisori possono utilizzare la dashboard per ottenere una panoramica dei tassi di turnover, lead in entrata, chiamate in uscita, saldo del conto e altre metriche chiave.\u00a0<strong>Ringy<\/strong> consente di distribuire lead tra i membri del team e creare automaticamente attivit\u00e0 di assegnazione. I professionisti possono utilizzare il softphone integrato per comunicare con i clienti e semplificare i processi di follow-up tramite <strong>sms<\/strong>. Offre applicazioni mobili, che consentono agli utenti di accedere alle informazioni sui lead, tenere traccia degli appuntamenti imminenti e ricevere notifiche automatiche o avvisi di chiamata.\u00a0I manager possono organizzare campagne di marketing in base a luoghi specifici e tempistiche. Il software consente inoltre di inoltrare le chiamate in corso agli agenti, ricevere messaggi vocali e generare rapporti operativi.<\/p>\n<h2>RINGY &#8211; TUTORIAL<\/h2>\n<p>In questo video vediamo come funziona l&#8217;integrazione del calendario google con questa <strong>piattaforma sms marketing<\/strong>:<\/p>\n<div id=\"fluid-wrapper-counter-1\" class=\"g1-fluid-wrapper \" style=\"width:686px;\">\n<div style=\"padding-bottom:56.268221574344%;\"><iframe loading=\"lazy\" title=\"Ringy CRM Google Calendar Integration\" width=\"686\" height=\"386\" src=\"https:\/\/www.youtube.com\/embed\/22KVTwEzPEs?feature=oembed&amp;wmode=transparent&amp;autohide=1&amp;autoplay=0&amp;disablekb=0&amp;fs=1&amp;loop=0&amp;enablejsapi=1&amp;rel=0&amp;controls=2&amp;showinfo=0&amp;wmode=transparent&amp;autohide=2&amp;autoplay=0&amp;disablekb=0&amp;fs=1&amp;loop=0&amp;enablejsapi=1&amp;rel=0&amp;controls=2&amp;showinfo=1\" frameborder=\"0\" allow=\"accelerometer; autoplay; clipboard-write; encrypted-media; gyroscope; picture-in-picture\" allowfullscreen><\/iframe><\/div>\n<\/div>\n<h3>RINGY &#8211; CARATTERISTICHE<\/h3>\n<ul>\n<li><strong>Email<\/strong>: promuovi il tuo servizio, conosci nuovi potenziali clienti o semplicemente tieniti in contatto con loro. Crea un modello e invialo a tutti i lead che desideri, nel momento pi\u00f9 efficace. Le email possono essere automatizzate o personalizzate a piacimento, inviate da sole o come parte di una campagna strategica<\/li>\n<li><strong>Sms<\/strong>: i messaggi di testo sono pi\u00f9 personali e a cui \u00e8 pi\u00f9 facile rispondere. Puoi inviare un sms intelligente a tutti i lead, in qualsiasi momento e con qualsiasi messaggio che funzioni. Con la tua casella di posta sulla dashboard, puoi automatizzare le risposte o rispondere in tempo reale per creare una chat personalizzata<\/li>\n<li><strong>Il modo intelligente per aumentare lead<\/strong>: la piattaforma adatta automaticamente i messaggi in base ai dettagli personali del tuo lead e include modelli utili realizzati per adattarsi alla tua attivit\u00e0<\/li>\n<li><strong>Organizza i contatti<\/strong>: aggiungi tu stesso i lead, importane molti o integra un fornitore in modo che possano entrare automaticamente. Gli agenti possono vedere a colpo d&#8217;occhio la cronologia completa di un potenziale cliente e iniziare subito prima di una chiamata. Puoi raggruppare i tuoi contatti per organizzazione, fase della pipeline di vendita o livello di contatto<\/li>\n<li><strong>Gestisci la pipeline<\/strong>: personalizza i tuoi elenchi di chiamate e la pipeline in base ai tuoi obiettivi. Il programma si integra con il tuo calendario, quindi il tuo flusso di lavoro \u00e8 accessibile e personalizzabile. I tuoi potenziali clienti possono programmare gli appuntamenti da soli e il software pu\u00f2 crearli automaticamente<\/li>\n<li><strong>Tieni traccia dei progressi<\/strong>: riceverai aggiornamenti istantanei dai tuoi potenziali clienti e dal tuo team, cos\u00ec non perderai mai nulla. Il software consente ai team di vendita impegnati di mantenere relazioni personalizzate con i potenziali clienti, ridimensionando le loro prestazioni.<\/li>\n<\/ul>\n<h4>LE RECENSIONI DEGLI UTENTI<\/h4>\n<h5 class=\"font-weight-bold mb-2\">Kenneth W.&#8221;ISalesCRM ora \u00e8 Ringy&#8221;<\/h5>\n<p><span class=\"font-weight-bold\"><strong>Commenti<\/strong>: p<\/span>i\u00f9 lo uso, meglio riesco a usarlo. Come con qualsiasi CRM, c&#8217;\u00e8 una curva di apprendimento. Non mi sono avvalsa dei nuovi video di formazione che consiglierei a qualsiasi nuovo utente. Il servizio clienti \u00e8 approssimativo. Per il costo, sembra che valga la pena.<\/p>\n<p class=\"font-weight-bold mb-2\"><strong>Pro<\/strong>: come qualsiasi software CRM, pi\u00f9 conosci ci\u00f2 di cui hai bisogno e meglio comprendi le sue funzionalit\u00e0, meglio pu\u00f2 soddisfare le tue esigenze. Dopo quasi due anni, sto ancora imparando a conoscerne le caratteristiche e le funzionalit\u00e0. Soprattutto come l&#8217;opzione campagna.<\/p>\n<p class=\"font-weight-bold mb-2\"><strong>Contro<\/strong>: i\u00a0tag di disposizione e le azioni automatiche sono un po&#8217; ridondanti o forse non ho capito come usarli al meglio.<\/p>\n<p class=\"font-weight-bold mb-2\"><strong>Alicia C.&#8221;Grande valore e facile da usare&#8221;<\/strong><\/p>\n<p><span class=\"font-weight-bold\"><strong>Commenti<\/strong>: <\/span>Ottima esperienza complessiva. Molto intuitivo e facile da usare. Dashboard e report di facile lettura.<\/p>\n<p class=\"font-weight-bold mb-2\"><strong>Vantaggi<\/strong>:\u00a0Utilizzo iSales quotidianamente per acquisire e qualificare i lead. Mi piace la funzione di marketing a goccia e il fatto che mi permetta di lavorare in modo pi\u00f9 intelligente, non di pi\u00f9. iSales \u00e8 come avere un altro paio di occhi e orecchie. Ho consigliato questo software ai miei colleghi.<\/p>\n<p class=\"font-weight-bold mb-2\"><strong>Contro<\/strong>:\u00a0Impossibile integrarlo con VanillaSoft CRM, quindi utilizzo Textdrip per questa funzione.<\/p>\n<h5 class=\"font-weight-bold mb-2\">Nicolas S.&#8221;Ottimo sistema!!! Il miglior CRM in assoluto&#8221;<\/h5>\n<p class=\"font-weight-bold mb-2\"><strong>Pro<\/strong>:\u00a0La facilit\u00e0 d&#8217;uso di Isales \u00e8 fantastica! \u00c8 un assistente personale per una frazione del prezzo di un vero assistente. Rende molto pi\u00f9 facile contattare i potenziali clienti.<\/p>\n<p class=\"font-weight-bold mb-2\"><strong>Inconvenienti<\/strong>:\u00a0A volte con messaggi di testo di massa vengono spammati<\/p>\n","protected":false},"excerpt":{"rendered":"<p>Ringy (precedentemente iSalesCRM) \u00e8 un software di gestione delle relazioni con i clienti che fornisce alle aziende strumenti per generare lead e automatizzare le operazioni di marketing. I supervisori possono utilizzare la dashboard per ottenere una panoramica dei tassi di turnover, lead in entrata, chiamate in uscita, saldo del conto e altre metriche chiave.\u00a0<\/p>\n","protected":false},"author":16,"featured_media":49511,"parent":49078,"menu_order":0,"comment_status":"open","ping_status":"closed","template":"g1_template_page_review_new.php","meta":{"_acf_changed":false,"cwp_meta_box_check":"No","cwp_rev_product_name":"","cwp_rev_product_image":"","wppr_links":[],"cwp_rev_price":"","wppr_options":[],"wppr_pros":[],"wppr_cons":[],"_monsterinsights_skip_tracking":false,"_monsterinsights_sitenote_active":false,"_monsterinsights_sitenote_note":"","_monsterinsights_sitenote_category":0,"footnotes":""},"categories":[11324],"tags":[11327,11329,11387,5721,11328,11330],"features":[],"class_list":{"0":"post-49510","1":"page","2":"type-page","3":"status-publish","4":"has-post-thumbnail","6":"category-piattaforma-sms-marketing-cat","7":"tag-piattaforma-sms-marketing","8":"tag-programma-sms-marketing","9":"tag-ringy","10":"tag-sms-marketing-it","11":"tag-software-sms-marketing","12":"tag-soluzione-sms-marketing"},"wppr_data":{"cwp_meta_box_check":"No"},"acf":[],"yoast_head":"<!-- This site is optimized with the Yoast SEO plugin v27.4 - https:\/\/yoast.com\/product\/yoast-seo-wordpress\/ -->\n<title>Ringy: recensione software sms marketing - Accurate Reviews<\/title>\n<meta name=\"description\" content=\"Ringy: recensione software di gestione delle relazioni con clienti che d\u00e0 strumenti per generare lead e automatizzare operazioni di marketing.\" \/>\n<meta name=\"robots\" content=\"index, follow, max-snippet:-1, max-image-preview:large, max-video-preview:-1\" \/>\n<link rel=\"canonical\" href=\"https:\/\/www.accuratereviews.com\/it\/piattaforme-sms-marketing\/ringy-recensione\/\" \/>\n<meta property=\"og:locale\" content=\"it_IT\" \/>\n<meta property=\"og:type\" content=\"article\" \/>\n<meta property=\"og:title\" content=\"Ringy: recensione software sms marketing - Accurate Reviews\" \/>\n<meta property=\"og:description\" content=\"Ringy: recensione software di gestione delle relazioni con clienti che d\u00e0 strumenti per generare lead e automatizzare operazioni di marketing.\" \/>\n<meta property=\"og:url\" content=\"https:\/\/www.accuratereviews.com\/it\/piattaforme-sms-marketing\/ringy-recensione\/\" \/>\n<meta property=\"og:site_name\" content=\"Accurate Reviews\" \/>\n<meta property=\"og:image\" content=\"https:\/\/www.accuratereviews.com\/wp-content\/uploads\/2021\/11\/Ringy.png\" \/>\n\t<meta property=\"og:image:width\" content=\"1395\" \/>\n\t<meta property=\"og:image:height\" content=\"680\" \/>\n\t<meta property=\"og:image:type\" content=\"image\/png\" \/>\n<meta name=\"twitter:card\" content=\"summary_large_image\" \/>\n<meta name=\"twitter:label1\" content=\"Tempo di lettura stimato\" \/>\n\t<meta name=\"twitter:data1\" content=\"4 minuti\" \/>\n<script type=\"application\/ld+json\" class=\"yoast-schema-graph\">{\"@context\":\"https:\\\/\\\/schema.org\",\"@graph\":[{\"@type\":\"WebPage\",\"@id\":\"https:\\\/\\\/www.accuratereviews.com\\\/it\\\/piattaforme-sms-marketing\\\/ringy-recensione\\\/\",\"url\":\"https:\\\/\\\/www.accuratereviews.com\\\/it\\\/piattaforme-sms-marketing\\\/ringy-recensione\\\/\",\"name\":\"Ringy: recensione software sms marketing - Accurate Reviews\",\"isPartOf\":{\"@id\":\"https:\\\/\\\/www.accuratereviews.com\\\/it\\\/#website\"},\"primaryImageOfPage\":{\"@id\":\"https:\\\/\\\/www.accuratereviews.com\\\/it\\\/piattaforme-sms-marketing\\\/ringy-recensione\\\/#primaryimage\"},\"image\":{\"@id\":\"https:\\\/\\\/www.accuratereviews.com\\\/it\\\/piattaforme-sms-marketing\\\/ringy-recensione\\\/#primaryimage\"},\"thumbnailUrl\":\"https:\\\/\\\/www.accuratereviews.com\\\/wp-content\\\/uploads\\\/2021\\\/11\\\/Ringy.png\",\"datePublished\":\"2021-11-05T11:22:03+00:00\",\"description\":\"Ringy: recensione software di gestione delle relazioni con clienti che d\u00e0 strumenti per generare lead e automatizzare operazioni di marketing.\",\"breadcrumb\":{\"@id\":\"https:\\\/\\\/www.accuratereviews.com\\\/it\\\/piattaforme-sms-marketing\\\/ringy-recensione\\\/#breadcrumb\"},\"inLanguage\":\"it-IT\",\"potentialAction\":[{\"@type\":\"ReadAction\",\"target\":[\"https:\\\/\\\/www.accuratereviews.com\\\/it\\\/piattaforme-sms-marketing\\\/ringy-recensione\\\/\"]}]},{\"@type\":\"ImageObject\",\"inLanguage\":\"it-IT\",\"@id\":\"https:\\\/\\\/www.accuratereviews.com\\\/it\\\/piattaforme-sms-marketing\\\/ringy-recensione\\\/#primaryimage\",\"url\":\"https:\\\/\\\/www.accuratereviews.com\\\/wp-content\\\/uploads\\\/2021\\\/11\\\/Ringy.png\",\"contentUrl\":\"https:\\\/\\\/www.accuratereviews.com\\\/wp-content\\\/uploads\\\/2021\\\/11\\\/Ringy.png\",\"width\":1395,\"height\":680},{\"@type\":\"BreadcrumbList\",\"@id\":\"https:\\\/\\\/www.accuratereviews.com\\\/it\\\/piattaforme-sms-marketing\\\/ringy-recensione\\\/#breadcrumb\",\"itemListElement\":[{\"@type\":\"ListItem\",\"position\":1,\"name\":\"Home\",\"item\":\"https:\\\/\\\/www.accuratereviews.com\\\/it\\\/\"},{\"@type\":\"ListItem\",\"position\":2,\"name\":\"Piattaforme per sms marketing\",\"item\":\"https:\\\/\\\/www.accuratereviews.com\\\/it\\\/piattaforme-sms-marketing\\\/\"},{\"@type\":\"ListItem\",\"position\":3,\"name\":\"Ringy\"}]},{\"@type\":\"WebSite\",\"@id\":\"https:\\\/\\\/www.accuratereviews.com\\\/it\\\/#website\",\"url\":\"https:\\\/\\\/www.accuratereviews.com\\\/it\\\/\",\"name\":\"Accurate Reviews\",\"description\":\"\",\"potentialAction\":[{\"@type\":\"SearchAction\",\"target\":{\"@type\":\"EntryPoint\",\"urlTemplate\":\"https:\\\/\\\/www.accuratereviews.com\\\/it\\\/?s={search_term_string}\"},\"query-input\":{\"@type\":\"PropertyValueSpecification\",\"valueRequired\":true,\"valueName\":\"search_term_string\"}}],\"inLanguage\":\"it-IT\"}]}<\/script>\n<!-- \/ Yoast SEO plugin. -->","yoast_head_json":{"title":"Ringy: recensione software sms marketing - Accurate Reviews","description":"Ringy: recensione software di gestione delle relazioni con clienti che d\u00e0 strumenti per generare lead e automatizzare operazioni di marketing.","robots":{"index":"index","follow":"follow","max-snippet":"max-snippet:-1","max-image-preview":"max-image-preview:large","max-video-preview":"max-video-preview:-1"},"canonical":"https:\/\/www.accuratereviews.com\/it\/piattaforme-sms-marketing\/ringy-recensione\/","og_locale":"it_IT","og_type":"article","og_title":"Ringy: recensione software sms marketing - Accurate Reviews","og_description":"Ringy: recensione software di gestione delle relazioni con clienti che d\u00e0 strumenti per generare lead e automatizzare operazioni di marketing.","og_url":"https:\/\/www.accuratereviews.com\/it\/piattaforme-sms-marketing\/ringy-recensione\/","og_site_name":"Accurate Reviews","og_image":[{"width":1395,"height":680,"url":"https:\/\/www.accuratereviews.com\/wp-content\/uploads\/2021\/11\/Ringy.png","type":"image\/png"}],"twitter_card":"summary_large_image","twitter_misc":{"Tempo di lettura stimato":"4 minuti"},"schema":{"@context":"https:\/\/schema.org","@graph":[{"@type":"WebPage","@id":"https:\/\/www.accuratereviews.com\/it\/piattaforme-sms-marketing\/ringy-recensione\/","url":"https:\/\/www.accuratereviews.com\/it\/piattaforme-sms-marketing\/ringy-recensione\/","name":"Ringy: recensione software sms marketing - Accurate Reviews","isPartOf":{"@id":"https:\/\/www.accuratereviews.com\/it\/#website"},"primaryImageOfPage":{"@id":"https:\/\/www.accuratereviews.com\/it\/piattaforme-sms-marketing\/ringy-recensione\/#primaryimage"},"image":{"@id":"https:\/\/www.accuratereviews.com\/it\/piattaforme-sms-marketing\/ringy-recensione\/#primaryimage"},"thumbnailUrl":"https:\/\/www.accuratereviews.com\/wp-content\/uploads\/2021\/11\/Ringy.png","datePublished":"2021-11-05T11:22:03+00:00","description":"Ringy: recensione software di gestione delle relazioni con clienti che d\u00e0 strumenti per generare lead e automatizzare operazioni di marketing.","breadcrumb":{"@id":"https:\/\/www.accuratereviews.com\/it\/piattaforme-sms-marketing\/ringy-recensione\/#breadcrumb"},"inLanguage":"it-IT","potentialAction":[{"@type":"ReadAction","target":["https:\/\/www.accuratereviews.com\/it\/piattaforme-sms-marketing\/ringy-recensione\/"]}]},{"@type":"ImageObject","inLanguage":"it-IT","@id":"https:\/\/www.accuratereviews.com\/it\/piattaforme-sms-marketing\/ringy-recensione\/#primaryimage","url":"https:\/\/www.accuratereviews.com\/wp-content\/uploads\/2021\/11\/Ringy.png","contentUrl":"https:\/\/www.accuratereviews.com\/wp-content\/uploads\/2021\/11\/Ringy.png","width":1395,"height":680},{"@type":"BreadcrumbList","@id":"https:\/\/www.accuratereviews.com\/it\/piattaforme-sms-marketing\/ringy-recensione\/#breadcrumb","itemListElement":[{"@type":"ListItem","position":1,"name":"Home","item":"https:\/\/www.accuratereviews.com\/it\/"},{"@type":"ListItem","position":2,"name":"Piattaforme per sms marketing","item":"https:\/\/www.accuratereviews.com\/it\/piattaforme-sms-marketing\/"},{"@type":"ListItem","position":3,"name":"Ringy"}]},{"@type":"WebSite","@id":"https:\/\/www.accuratereviews.com\/it\/#website","url":"https:\/\/www.accuratereviews.com\/it\/","name":"Accurate Reviews","description":"","potentialAction":[{"@type":"SearchAction","target":{"@type":"EntryPoint","urlTemplate":"https:\/\/www.accuratereviews.com\/it\/?s={search_term_string}"},"query-input":{"@type":"PropertyValueSpecification","valueRequired":true,"valueName":"search_term_string"}}],"inLanguage":"it-IT"}]}},"_links":{"self":[{"href":"https:\/\/www.accuratereviews.com\/it\/wp-json\/wp\/v2\/pages\/49510","targetHints":{"allow":["GET"]}}],"collection":[{"href":"https:\/\/www.accuratereviews.com\/it\/wp-json\/wp\/v2\/pages"}],"about":[{"href":"https:\/\/www.accuratereviews.com\/it\/wp-json\/wp\/v2\/types\/page"}],"author":[{"embeddable":true,"href":"https:\/\/www.accuratereviews.com\/it\/wp-json\/wp\/v2\/users\/16"}],"replies":[{"embeddable":true,"href":"https:\/\/www.accuratereviews.com\/it\/wp-json\/wp\/v2\/comments?post=49510"}],"version-history":[{"count":6,"href":"https:\/\/www.accuratereviews.com\/it\/wp-json\/wp\/v2\/pages\/49510\/revisions"}],"predecessor-version":[{"id":49557,"href":"https:\/\/www.accuratereviews.com\/it\/wp-json\/wp\/v2\/pages\/49510\/revisions\/49557"}],"up":[{"embeddable":true,"href":"https:\/\/www.accuratereviews.com\/it\/wp-json\/wp\/v2\/pages\/49078"}],"wp:featuredmedia":[{"embeddable":true,"href":"https:\/\/www.accuratereviews.com\/it\/wp-json\/wp\/v2\/media\/49511"}],"wp:attachment":[{"href":"https:\/\/www.accuratereviews.com\/it\/wp-json\/wp\/v2\/media?parent=49510"}],"wp:term":[{"taxonomy":"category","embeddable":true,"href":"https:\/\/www.accuratereviews.com\/it\/wp-json\/wp\/v2\/categories?post=49510"},{"taxonomy":"post_tag","embeddable":true,"href":"https:\/\/www.accuratereviews.com\/it\/wp-json\/wp\/v2\/tags?post=49510"},{"taxonomy":"features","embeddable":true,"href":"https:\/\/www.accuratereviews.com\/it\/wp-json\/wp\/v2\/features?post=49510"}],"curies":[{"name":"wp","href":"https:\/\/api.w.org\/{rel}","templated":true}]}}