{"id":49571,"date":"2021-11-08T11:21:57","date_gmt":"2021-11-08T11:21:57","guid":{"rendered":"https:\/\/www.accuratereviews.com\/?page_id=49571"},"modified":"2021-11-08T11:21:57","modified_gmt":"2021-11-08T11:21:57","slug":"avochato-recensione","status":"publish","type":"page","link":"https:\/\/www.accuratereviews.com\/it\/piattaforme-sms-marketing\/avochato-recensione\/","title":{"rendered":"Avochato"},"content":{"rendered":"<p><strong>Avochato<\/strong> \u00e8 un affidabile <strong>software di messaggistica<\/strong> di testo basato su <strong>cloud<\/strong> progettato per i team di vendita. La soluzione consente ai gruppi di vendita di aumentare l&#8217;efficienza, al servizio clienti di creare un&#8217;esperienza di supporto eccezionale e ai team di marketing di condividere pubblicit\u00e0 e promozioni tramite messaggi. Questa soluzione ben congegnata aiuta le aziende a connettersi meglio con i propri fornitori e clienti tramite messaggi di testo sempre attivi per aumentare il coinvolgimento e concludere pi\u00f9 affari. Inoltre, incorporando messaggi di testo nel toolkit di un&#8217;azienda, <strong>Avochato<\/strong> semplifica ai team l&#8217;implementazione di comunicazioni efficaci per offrire un&#8217;esperienza senza soluzione di continuit\u00e0 in ogni aspetto del percorso, dalla divulgazione e dall&#8217;assegnazione delle priorit\u00e0 alla chiusura delle trattative e al supporto post-vendita.\u00a0Alcune delle sue caratteristiche principali includono chiamate in entrata e in uscita, <strong>sms<\/strong>, routing dei messaggi, posta vocale e thread di messaggi.<\/p>\n<h2>AVOCHATO &#8211; TUTORIAL<\/h2>\n<p>Ecco come rimanere in contatto con i tuoi clienti su WhatsApp utilizzando questo <strong>software sms marketing<\/strong>:<\/p>\n<div id=\"fluid-wrapper-counter-1\" class=\"g1-fluid-wrapper \" style=\"width:686px;\">\n<div style=\"padding-bottom:56.268221574344%;\"><iframe loading=\"lazy\" title=\"Avochato WhatsApp Demo\" width=\"686\" height=\"386\" src=\"https:\/\/www.youtube.com\/embed\/y8UXpY5et3g?feature=oembed&amp;wmode=transparent&amp;autohide=1&amp;autoplay=0&amp;disablekb=0&amp;fs=1&amp;loop=0&amp;enablejsapi=1&amp;rel=0&amp;controls=2&amp;showinfo=0&amp;wmode=transparent&amp;autohide=2&amp;autoplay=0&amp;disablekb=0&amp;fs=1&amp;loop=0&amp;enablejsapi=1&amp;rel=0&amp;controls=2&amp;showinfo=1\" frameborder=\"0\" allow=\"accelerometer; autoplay; clipboard-write; encrypted-media; gyroscope; picture-in-picture\" allowfullscreen><\/iframe><\/div>\n<\/div>\n<h3>AVOCHATO &#8211; CARATTERISTICHE<\/h3>\n<ul>\n<li><strong>Niente pi\u00f9 messaggi non letti<\/strong>: Il 98% degli sms viene letto, quindi puoi essere sicuro di raggiungere sempre il tuo pubblico<\/li>\n<li><strong>Efficienza di livello superiore<\/strong>: gli agenti possono gestire pi\u00f9 conversazioni contemporaneamente e fare affidamento su potenti funzionalit\u00e0 per risparmiare tempo rimanendo cos\u00ec produttivi<\/li>\n<li><strong>Il pilota automatico incontra il tocco umano<\/strong>: invia messaggi automatizzati in base a diversi trigger e passa senza problemi a conversazioni 1 a 1 quando \u00e8 necessaria l&#8217;interazione umana<\/li>\n<li><strong>Primo approccio all&#8217;integrazione<\/strong>: collega la soluzione a sistemi esistenti come Salesforce, Slack e Microsoft Teams in modo da non doverti preoccupare di disturbare i processi interni o di creare lavoro extra per il tuo team.<\/li>\n<li><strong>Zero problemi<\/strong>: configura il tuo account in pochi minuti e inizia subito a inviare messaggi dalla nostra interfaccia intuitiva e facile da usare<\/li>\n<li><strong>Costruito per l&#8217;impresa<\/strong>: offre\u00a0la migliore sicurezza, conformit\u00e0 e integrazioni solide per supportare grandi team globali.<\/li>\n<\/ul>\n<h4>LE RECENSIONI DEGLI UTENTI<\/h4>\n<p class=\"font-weight-bold mb-2\"><strong>Andrew K.&#8221;Strumento fantastico, maturo per l&#8217;automazione&#8221;<\/strong><\/p>\n<p><span class=\"font-weight-bold\"><strong>Commenti<\/strong>: a<\/span>vochato \u00e8 stata una grande risorsa per il nostro team incentrato sul cliente e lo consiglio vivamente.<\/p>\n<p class=\"font-weight-bold mb-2\"><strong>Pro<\/strong>: super facile da acquistare, implementare e iniziare a utilizzare. Si integra anche molto bene con Zapier, il che lo rende piacevole da usare nei flussi di lavoro automatizzati. Il loro supporto \u00e8 stato buono anche quando ho avuto bisogno di contattarli.<\/p>\n<p class=\"font-weight-bold mb-2\"><strong>Contro<\/strong>:\u00a0Non c&#8217;\u00e8 davvero niente che non mi piaccia, conteneva esattamente le caratteristiche che stavamo cercando e il costo \u00e8 ragionevole.<\/p>\n<p class=\"font-weight-bold mb-2\"><strong>Dominic A.&#8221;Versione Budget di Reclutamento sms&#8221;<\/strong><\/p>\n<p class=\"font-weight-bold mb-2\"><strong>Pro<\/strong>: avevamo bisogno di uno strumento per la chat sms con i candidati al lavoro e abbiamo esaminato cose come Text Recruit, ma onestamente qualsiasi piattaforma sms funziona per questo. Avochato \u00e8 facile da usare, pu\u00f2 trasmettere messaggi e ha buone capacit\u00e0 di collaborazione.<\/p>\n<p class=\"font-weight-bold mb-2\"><strong>Contro<\/strong>: il widget web non \u00e8 molto evidente e sarebbe molto meglio se portasse a una chat reale e non a un numero sms a cui inviare un sms.<\/p>\n<p class=\"font-weight-bold mb-2\"><strong>Paige S.&#8221;Recensione chat&#8221;<\/strong><\/p>\n<p><span class=\"font-weight-bold\"><strong>Commenti<\/strong>: \u00e8<\/span>\u00a0pi\u00f9 vantaggioso per me e i miei colleghi utilizzare questo software invece dei nostri telefoni. Abbiamo la possibilit\u00e0 di vedere tutti i messaggi ed essere in grado di rispondere se\/quando necessario. Vorrei che ci fosse una funzione di chat privata in cui tu e solo tu puoi vedere il messaggio tra te e la persona con cui stai chattando. Sarebbe bello poter aprire quella chat privata a tutti, se necessario. -Soprattutto ha reso anche la comunicazione con i nostri caregiver molto pi\u00f9 facile.<\/p>\n<p class=\"font-weight-bold mb-2\"><strong>Pro<\/strong>: mi piace che il software Avochato possa essere utilizzato sul tuo dispositivo mobile e computer. Mi piace anche che ci sia anche un&#8217;APP che pu\u00f2 essere utilizzata.<\/p>\n<p class=\"font-weight-bold mb-2\"><strong>Contro<\/strong>: boradcast non funziona cos\u00ec efficacemente come pensavo. Quando si invia un testo di gruppo tramite trasmissione, i messaggi non arrivano correttamente.<\/p>\n","protected":false},"excerpt":{"rendered":"<p>Avochato \u00e8 un affidabile software di messaggistica di testo basato su cloud progettato per i team di vendita. \u00a0La soluzione consente: ai gruppi di vendita di aumentare l&#8217;efficienza, al servizio clienti di creare un&#8217;esperienza di supporto eccezionale e ai team di marketing di condividere pubblicit\u00e0 e promozioni tramite messaggi.<\/p>\n","protected":false},"author":16,"featured_media":49572,"parent":49078,"menu_order":0,"comment_status":"open","ping_status":"closed","template":"g1_template_page_review_new.php","meta":{"_acf_changed":false,"cwp_meta_box_check":"No","cwp_rev_product_name":"","cwp_rev_product_image":"","wppr_links":[],"cwp_rev_price":"","wppr_options":[],"wppr_pros":[],"wppr_cons":[],"_monsterinsights_skip_tracking":false,"_monsterinsights_sitenote_active":false,"_monsterinsights_sitenote_note":"","_monsterinsights_sitenote_category":0,"footnotes":""},"categories":[11324],"tags":[11393,11327,11329,11328,11330],"features":[],"class_list":{"0":"post-49571","1":"page","2":"type-page","3":"status-publish","4":"has-post-thumbnail","6":"category-piattaforma-sms-marketing-cat","7":"tag-avochato","8":"tag-piattaforma-sms-marketing","9":"tag-programma-sms-marketing","10":"tag-software-sms-marketing","11":"tag-soluzione-sms-marketing"},"wppr_data":{"cwp_meta_box_check":"No"},"acf":[],"yoast_head":"<!-- This site is optimized with the Yoast SEO plugin v27.4 - https:\/\/yoast.com\/product\/yoast-seo-wordpress\/ -->\n<title>Avochato: recensione software sms marketing - Accurate Reviews<\/title>\n<meta name=\"description\" content=\"Avochato: recensione software di messaggistica di testo basato su cloud progettato per i team di vendita di qualsiasi settore.\" \/>\n<meta name=\"robots\" content=\"index, follow, max-snippet:-1, max-image-preview:large, max-video-preview:-1\" \/>\n<link rel=\"canonical\" href=\"https:\/\/www.accuratereviews.com\/it\/piattaforme-sms-marketing\/avochato-recensione\/\" \/>\n<meta property=\"og:locale\" content=\"it_IT\" \/>\n<meta property=\"og:type\" content=\"article\" \/>\n<meta property=\"og:title\" content=\"Avochato: recensione software sms marketing - Accurate Reviews\" \/>\n<meta property=\"og:description\" content=\"Avochato: recensione software di messaggistica di testo basato su cloud progettato per i team di vendita di qualsiasi settore.\" \/>\n<meta property=\"og:url\" content=\"https:\/\/www.accuratereviews.com\/it\/piattaforme-sms-marketing\/avochato-recensione\/\" \/>\n<meta property=\"og:site_name\" content=\"Accurate Reviews\" \/>\n<meta property=\"og:image\" content=\"https:\/\/www.accuratereviews.com\/wp-content\/uploads\/2021\/11\/Avochato.jpeg\" \/>\n\t<meta property=\"og:image:width\" content=\"200\" \/>\n\t<meta property=\"og:image:height\" content=\"200\" \/>\n\t<meta property=\"og:image:type\" content=\"image\/jpeg\" \/>\n<meta name=\"twitter:card\" content=\"summary_large_image\" \/>\n<meta name=\"twitter:label1\" content=\"Tempo di lettura stimato\" \/>\n\t<meta name=\"twitter:data1\" content=\"3 minuti\" \/>\n<script type=\"application\/ld+json\" class=\"yoast-schema-graph\">{\"@context\":\"https:\\\/\\\/schema.org\",\"@graph\":[{\"@type\":\"WebPage\",\"@id\":\"https:\\\/\\\/www.accuratereviews.com\\\/it\\\/piattaforme-sms-marketing\\\/avochato-recensione\\\/\",\"url\":\"https:\\\/\\\/www.accuratereviews.com\\\/it\\\/piattaforme-sms-marketing\\\/avochato-recensione\\\/\",\"name\":\"Avochato: recensione software sms marketing - Accurate Reviews\",\"isPartOf\":{\"@id\":\"https:\\\/\\\/www.accuratereviews.com\\\/it\\\/#website\"},\"primaryImageOfPage\":{\"@id\":\"https:\\\/\\\/www.accuratereviews.com\\\/it\\\/piattaforme-sms-marketing\\\/avochato-recensione\\\/#primaryimage\"},\"image\":{\"@id\":\"https:\\\/\\\/www.accuratereviews.com\\\/it\\\/piattaforme-sms-marketing\\\/avochato-recensione\\\/#primaryimage\"},\"thumbnailUrl\":\"https:\\\/\\\/www.accuratereviews.com\\\/wp-content\\\/uploads\\\/2021\\\/11\\\/Avochato.jpeg\",\"datePublished\":\"2021-11-08T11:21:57+00:00\",\"description\":\"Avochato: recensione software di messaggistica di testo basato su cloud progettato per i team di vendita di qualsiasi settore.\",\"breadcrumb\":{\"@id\":\"https:\\\/\\\/www.accuratereviews.com\\\/it\\\/piattaforme-sms-marketing\\\/avochato-recensione\\\/#breadcrumb\"},\"inLanguage\":\"it-IT\",\"potentialAction\":[{\"@type\":\"ReadAction\",\"target\":[\"https:\\\/\\\/www.accuratereviews.com\\\/it\\\/piattaforme-sms-marketing\\\/avochato-recensione\\\/\"]}]},{\"@type\":\"ImageObject\",\"inLanguage\":\"it-IT\",\"@id\":\"https:\\\/\\\/www.accuratereviews.com\\\/it\\\/piattaforme-sms-marketing\\\/avochato-recensione\\\/#primaryimage\",\"url\":\"https:\\\/\\\/www.accuratereviews.com\\\/wp-content\\\/uploads\\\/2021\\\/11\\\/Avochato.jpeg\",\"contentUrl\":\"https:\\\/\\\/www.accuratereviews.com\\\/wp-content\\\/uploads\\\/2021\\\/11\\\/Avochato.jpeg\",\"width\":200,\"height\":200},{\"@type\":\"BreadcrumbList\",\"@id\":\"https:\\\/\\\/www.accuratereviews.com\\\/it\\\/piattaforme-sms-marketing\\\/avochato-recensione\\\/#breadcrumb\",\"itemListElement\":[{\"@type\":\"ListItem\",\"position\":1,\"name\":\"Home\",\"item\":\"https:\\\/\\\/www.accuratereviews.com\\\/it\\\/\"},{\"@type\":\"ListItem\",\"position\":2,\"name\":\"Piattaforme per sms marketing\",\"item\":\"https:\\\/\\\/www.accuratereviews.com\\\/it\\\/piattaforme-sms-marketing\\\/\"},{\"@type\":\"ListItem\",\"position\":3,\"name\":\"Avochato\"}]},{\"@type\":\"WebSite\",\"@id\":\"https:\\\/\\\/www.accuratereviews.com\\\/it\\\/#website\",\"url\":\"https:\\\/\\\/www.accuratereviews.com\\\/it\\\/\",\"name\":\"Accurate Reviews\",\"description\":\"\",\"potentialAction\":[{\"@type\":\"SearchAction\",\"target\":{\"@type\":\"EntryPoint\",\"urlTemplate\":\"https:\\\/\\\/www.accuratereviews.com\\\/it\\\/?s={search_term_string}\"},\"query-input\":{\"@type\":\"PropertyValueSpecification\",\"valueRequired\":true,\"valueName\":\"search_term_string\"}}],\"inLanguage\":\"it-IT\"}]}<\/script>\n<!-- \/ Yoast SEO plugin. -->","yoast_head_json":{"title":"Avochato: recensione software sms marketing - Accurate Reviews","description":"Avochato: recensione software di messaggistica di testo basato su cloud progettato per i team di vendita di qualsiasi settore.","robots":{"index":"index","follow":"follow","max-snippet":"max-snippet:-1","max-image-preview":"max-image-preview:large","max-video-preview":"max-video-preview:-1"},"canonical":"https:\/\/www.accuratereviews.com\/it\/piattaforme-sms-marketing\/avochato-recensione\/","og_locale":"it_IT","og_type":"article","og_title":"Avochato: recensione software sms marketing - Accurate Reviews","og_description":"Avochato: recensione software di messaggistica di testo basato su cloud progettato per i team di vendita di qualsiasi settore.","og_url":"https:\/\/www.accuratereviews.com\/it\/piattaforme-sms-marketing\/avochato-recensione\/","og_site_name":"Accurate Reviews","og_image":[{"width":200,"height":200,"url":"https:\/\/www.accuratereviews.com\/wp-content\/uploads\/2021\/11\/Avochato.jpeg","type":"image\/jpeg"}],"twitter_card":"summary_large_image","twitter_misc":{"Tempo di lettura stimato":"3 minuti"},"schema":{"@context":"https:\/\/schema.org","@graph":[{"@type":"WebPage","@id":"https:\/\/www.accuratereviews.com\/it\/piattaforme-sms-marketing\/avochato-recensione\/","url":"https:\/\/www.accuratereviews.com\/it\/piattaforme-sms-marketing\/avochato-recensione\/","name":"Avochato: recensione software sms marketing - Accurate Reviews","isPartOf":{"@id":"https:\/\/www.accuratereviews.com\/it\/#website"},"primaryImageOfPage":{"@id":"https:\/\/www.accuratereviews.com\/it\/piattaforme-sms-marketing\/avochato-recensione\/#primaryimage"},"image":{"@id":"https:\/\/www.accuratereviews.com\/it\/piattaforme-sms-marketing\/avochato-recensione\/#primaryimage"},"thumbnailUrl":"https:\/\/www.accuratereviews.com\/wp-content\/uploads\/2021\/11\/Avochato.jpeg","datePublished":"2021-11-08T11:21:57+00:00","description":"Avochato: recensione software di messaggistica di testo basato su cloud progettato per i team di vendita di qualsiasi settore.","breadcrumb":{"@id":"https:\/\/www.accuratereviews.com\/it\/piattaforme-sms-marketing\/avochato-recensione\/#breadcrumb"},"inLanguage":"it-IT","potentialAction":[{"@type":"ReadAction","target":["https:\/\/www.accuratereviews.com\/it\/piattaforme-sms-marketing\/avochato-recensione\/"]}]},{"@type":"ImageObject","inLanguage":"it-IT","@id":"https:\/\/www.accuratereviews.com\/it\/piattaforme-sms-marketing\/avochato-recensione\/#primaryimage","url":"https:\/\/www.accuratereviews.com\/wp-content\/uploads\/2021\/11\/Avochato.jpeg","contentUrl":"https:\/\/www.accuratereviews.com\/wp-content\/uploads\/2021\/11\/Avochato.jpeg","width":200,"height":200},{"@type":"BreadcrumbList","@id":"https:\/\/www.accuratereviews.com\/it\/piattaforme-sms-marketing\/avochato-recensione\/#breadcrumb","itemListElement":[{"@type":"ListItem","position":1,"name":"Home","item":"https:\/\/www.accuratereviews.com\/it\/"},{"@type":"ListItem","position":2,"name":"Piattaforme per sms marketing","item":"https:\/\/www.accuratereviews.com\/it\/piattaforme-sms-marketing\/"},{"@type":"ListItem","position":3,"name":"Avochato"}]},{"@type":"WebSite","@id":"https:\/\/www.accuratereviews.com\/it\/#website","url":"https:\/\/www.accuratereviews.com\/it\/","name":"Accurate Reviews","description":"","potentialAction":[{"@type":"SearchAction","target":{"@type":"EntryPoint","urlTemplate":"https:\/\/www.accuratereviews.com\/it\/?s={search_term_string}"},"query-input":{"@type":"PropertyValueSpecification","valueRequired":true,"valueName":"search_term_string"}}],"inLanguage":"it-IT"}]}},"_links":{"self":[{"href":"https:\/\/www.accuratereviews.com\/it\/wp-json\/wp\/v2\/pages\/49571","targetHints":{"allow":["GET"]}}],"collection":[{"href":"https:\/\/www.accuratereviews.com\/it\/wp-json\/wp\/v2\/pages"}],"about":[{"href":"https:\/\/www.accuratereviews.com\/it\/wp-json\/wp\/v2\/types\/page"}],"author":[{"embeddable":true,"href":"https:\/\/www.accuratereviews.com\/it\/wp-json\/wp\/v2\/users\/16"}],"replies":[{"embeddable":true,"href":"https:\/\/www.accuratereviews.com\/it\/wp-json\/wp\/v2\/comments?post=49571"}],"version-history":[{"count":7,"href":"https:\/\/www.accuratereviews.com\/it\/wp-json\/wp\/v2\/pages\/49571\/revisions"}],"predecessor-version":[{"id":49604,"href":"https:\/\/www.accuratereviews.com\/it\/wp-json\/wp\/v2\/pages\/49571\/revisions\/49604"}],"up":[{"embeddable":true,"href":"https:\/\/www.accuratereviews.com\/it\/wp-json\/wp\/v2\/pages\/49078"}],"wp:featuredmedia":[{"embeddable":true,"href":"https:\/\/www.accuratereviews.com\/it\/wp-json\/wp\/v2\/media\/49572"}],"wp:attachment":[{"href":"https:\/\/www.accuratereviews.com\/it\/wp-json\/wp\/v2\/media?parent=49571"}],"wp:term":[{"taxonomy":"category","embeddable":true,"href":"https:\/\/www.accuratereviews.com\/it\/wp-json\/wp\/v2\/categories?post=49571"},{"taxonomy":"post_tag","embeddable":true,"href":"https:\/\/www.accuratereviews.com\/it\/wp-json\/wp\/v2\/tags?post=49571"},{"taxonomy":"features","embeddable":true,"href":"https:\/\/www.accuratereviews.com\/it\/wp-json\/wp\/v2\/features?post=49571"}],"curies":[{"name":"wp","href":"https:\/\/api.w.org\/{rel}","templated":true}]}}