{"id":49581,"date":"2021-11-08T11:25:22","date_gmt":"2021-11-08T11:25:22","guid":{"rendered":"https:\/\/www.accuratereviews.com\/?page_id=49581"},"modified":"2021-11-08T11:25:22","modified_gmt":"2021-11-08T11:25:22","slug":"reviewtrackers-recensione","status":"publish","type":"page","link":"https:\/\/www.accuratereviews.com\/it\/piattaforme-sms-marketing\/reviewtrackers-recensione\/","title":{"rendered":"ReviewTrackers"},"content":{"rendered":"<p><strong>ReviewTrackers<\/strong> \u00e8 una <strong>piattaforma di gestione delle recensioni<\/strong> online che raccoglie e centralizza le recensioni online per aziende con pi\u00f9 sedi. \u00c8 una soluzione ideale per qualsiasi attivit\u00e0 commerciale che sia alla ricerca di un modo affidabile ed efficace per gestire le recensioni pubblicate su siti popolari come Yelp, Google, Facebook, Opentable, Foursquare e altri prontamente disponibili per l&#8217;accesso dei clienti e la distribuzione. Richiedi recensioni tramite <strong>campagne sms<\/strong> ed email semplici e facili da usare. Da queste informazioni puoi quindi ottenere informazioni su come migliorare i tuoi prodotti e servizi. Puoi fare tutto questo da una dashboard unificata e facile da usare. Il software consente ai clienti di raccogliere e condividere in modo efficace recensioni positive online, lavorare sulla reputazione aziendale e comprendere i tuoi consumatori in modo che abbiano un impatto positivo sui loro profitti.<\/p>\n<h2>REVIEWTRACKERS &#8211; TUTORIAL<\/h2>\n<p>Ecco un breve tutorial su come rispondere alle recensioni positive dei clienti online con questo<strong> software sms marketing<\/strong>:<\/p>\n<div id=\"fluid-wrapper-counter-1\" class=\"g1-fluid-wrapper \" style=\"width:686px;\">\n<div style=\"padding-bottom:56.268221574344%;\"><iframe loading=\"lazy\" title=\"How to Respond to Positive Reviews\" width=\"686\" height=\"386\" src=\"https:\/\/www.youtube.com\/embed\/ThfDkZn3FzM?feature=oembed&amp;wmode=transparent&amp;autohide=1&amp;autoplay=0&amp;disablekb=0&amp;fs=1&amp;loop=0&amp;enablejsapi=1&amp;rel=0&amp;controls=2&amp;showinfo=0&amp;wmode=transparent&amp;autohide=2&amp;autoplay=0&amp;disablekb=0&amp;fs=1&amp;loop=0&amp;enablejsapi=1&amp;rel=0&amp;controls=2&amp;showinfo=1\" frameborder=\"0\" allow=\"accelerometer; autoplay; clipboard-write; encrypted-media; gyroscope; picture-in-picture\" allowfullscreen><\/iframe><\/div>\n<\/div>\n<h3>REVIEWTRACKERS &#8211; CARATTERISTICHE<\/h3>\n<ul>\n<li><strong>Gestisci le recensioni dalle directory principali che generano entrate<\/strong>: assicurati che il tuo marchio superi le aspettative dei clienti aggregando le recensioni dalle directory principali per tenere traccia di ci\u00f2 che i clienti dicono delle loro esperienze<\/li>\n<li><strong>Richiedi recensioni per aumentare la visibilit\u00e0 della ricerca locale e acquisire pi\u00f9 clienti<\/strong>: acquisisci feedback preziosi e migliora la tua reputazione, dando al tuo brand una valutazione pi\u00f9 alta e una maggiore presenza nella ricerca locale<\/li>\n<li><strong>Costruisci una strategia di coinvolgimento dei clienti sfruttando le recensioni per garantire la soddisfazione<\/strong>: rispondi in-app alle recensioni di Google e Facebook e sfrutta la tecnologia Smart Response per personalizzare in modo rapido ed efficiente le risposte alle recensioni, utilizzando risposte basate su modelli del marchio<\/li>\n<li><strong>Social proof per aumentare le conversioni e migliorare la visibilit\u00e0 della ricerca online<\/strong>: costruisci credibilit\u00e0, aumenta il ranking di ricerca online dei tuoi brand e genera pi\u00f9 conversioni visualizzando recensioni aziendali sulle pagine web in cui gli acquirenti convertono<\/li>\n<li><strong>Potenzia la strategia di generazione di recensioni<\/strong>: migliora la tua reputazione online generando un flusso costante di recensioni, dando al tuo marchio una valutazione pi\u00f9 alta e una maggiore presenza nella ricerca locale<\/li>\n<li><strong>Automatizza una strategia di risposta alle recensioni per coinvolgere i clienti<\/strong>: crea una strategia di risposta personalizzata per le recensioni positive e negative per ispirare la fedelt\u00e0 al marchio, aumentare la fiducia dei clienti e migliorare il ranking di ricerca online.<\/li>\n<li><strong>Trasforma le informazioni sulle recensioni in azioni<\/strong>: il motore di elaborazione del linguaggio naturale identifica tendenze e sentiment attraverso feedback e recensioni<\/li>\n<li><strong>Mitiga il rischio del marchio<\/strong>: monitora feedback e recensioni per le tendenze che segnalano violazioni della conformit\u00e0 specifiche per la tua attivit\u00e0 e consenti al tuo team di intensificare e risolvere questi problemi internamente.<\/li>\n<\/ul>\n<h4>LE RECENSIONI DEGLI UTENTI<\/h4>\n<p class=\"font-weight-bold mb-2\"><strong>Cameron C.&#8221;Super utile!&#8221;<\/strong><\/p>\n<p><span class=\"font-weight-bold\"><strong>Commenti<\/strong>: r<\/span>ende l&#8217;acquisizione dei dati delle recensioni per i rapporti 10 volte pi\u00f9 semplice! Mi piace anche avere 1 posto per tutte le nostre recensioni su tutte le nostre propriet\u00e0, rendendo molto pi\u00f9 facile il monitoraggio.<\/p>\n<p class=\"font-weight-bold mb-2\"><strong>Pro<\/strong>: semplifica l&#8217;accesso e la risposta alle recensioni per tutti i nostri manager di tutte le nostre propriet\u00e0. La dashboard \u00e8 anche ottima per monitorare tutte le recensioni che riceviamo su tutte le piattaforme. Il sistema di avviso \u00e8 super utile quando si desidera rispondere immediatamente a quelle recensioni negative! Finalmente esportare le recensioni per i rapporti settimanali non \u00e8 mai stato cos\u00ec facile<\/p>\n<p class=\"font-weight-bold mb-2\"><strong>Contro<\/strong>: non essere in grado di rispondere direttamente ad alcune fonti senza uscire da ReviewTrackers (TripAdvisor) Non tutti gli stati delle recensioni cambiano automaticamente quando si risponde al di fuori di ReviewTrackers.<\/p>\n<p><strong>Turner A.&#8221;Ottima opzione per l&#8217;aggregazione delle recensioni&#8221;<\/strong><\/p>\n<p><span class=\"font-weight-bold\"><strong>Commenti<\/strong>: l<\/span>o usiamo per tracciare e rispondere a centinaia di recensioni al mese ed \u00e8 un ottimo strumento nel complesso.<\/p>\n<p class=\"font-weight-bold mb-2\"><strong>Pro<\/strong>:\u00a0ReviewTrackers \u00e8 facile da usare e conveniente. Tonnellate di fantastiche funzioni e app mobile per vedere le tue recensioni e ricevere notifiche in movimento.<\/p>\n<p class=\"font-weight-bold mb-2\"><strong>Contro<\/strong>:\u00a0Le funzioni di risposta automatica a volte sono difficili da usare.<\/p>\n<p class=\"font-weight-bold mb-2\"><strong>James B.&#8221;Adoro il prodotto, attendo con ansia i futuri aggiornamenti.&#8221;<\/strong><\/p>\n<p><span class=\"font-weight-bold\"><strong>Commenti<\/strong>: a<\/span>doro assolutamente usare il prodotto e, ancora una volta, adoro la sua facilit\u00e0 d&#8217;uso. In attesa di aggiornamenti sulle risposte automatiche. Dar\u00f2 sicuramente un 10\/10 una volta che succede!<\/p>\n<p class=\"font-weight-bold mb-2\"><strong>Pro<\/strong>: adoro quanto sia facile filtrare le recensioni, sia per azienda, stelle o piattaforma. L&#8217;interfaccia \u00e8 estremamente facile da usare. Il supporto \u00e8 fantastico e ti risponder\u00e0 in modo tempestivo.<\/p>\n<p class=\"font-weight-bold mb-2\"><strong>Contro<\/strong>: attualmente gestisco le recensioni per tre ristoranti e mi piacerebbe avere risposte automatiche individuali per ogni ristorante invece di una onnicomprensiva.<\/p>\n<p>&nbsp;<\/p>\n","protected":false},"excerpt":{"rendered":"<p>ReviewTrackers \u00e8 una piattaforma di gestione delle recensioni online che raccoglie e centralizza le recensioni online per aziende con pi\u00f9 sedi. \u00c8 una soluzione ideale per qualsiasi attivit\u00e0 commerciale che sia alla ricerca di un modo affidabile ed efficace per gestire le recensioni pubblicate su siti popolari come Yelp, Google, Facebook, Opentable, Foursquare e altri prontamente disponibili per l&#8217;accesso dei clienti e distribuzione.<\/p>\n","protected":false},"author":16,"featured_media":49582,"parent":49078,"menu_order":0,"comment_status":"open","ping_status":"closed","template":"g1_template_page_review_new.php","meta":{"_acf_changed":false,"cwp_meta_box_check":"No","cwp_rev_product_name":"","cwp_rev_product_image":"","wppr_links":[],"cwp_rev_price":"","wppr_options":[],"wppr_pros":[],"wppr_cons":[],"_monsterinsights_skip_tracking":false,"_monsterinsights_sitenote_active":false,"_monsterinsights_sitenote_note":"","_monsterinsights_sitenote_category":0,"footnotes":""},"categories":[11324],"tags":[11327,11329,11392,5721,11328,11330],"features":[],"class_list":{"0":"post-49581","1":"page","2":"type-page","3":"status-publish","4":"has-post-thumbnail","6":"category-piattaforma-sms-marketing-cat","7":"tag-piattaforma-sms-marketing","8":"tag-programma-sms-marketing","9":"tag-reviewtrackers","10":"tag-sms-marketing-it","11":"tag-software-sms-marketing","12":"tag-soluzione-sms-marketing"},"wppr_data":{"cwp_meta_box_check":"No"},"acf":[],"yoast_head":"<!-- This site is optimized with the Yoast SEO plugin v27.4 - https:\/\/yoast.com\/product\/yoast-seo-wordpress\/ -->\n<title>ReviewTrackers: recensione software sms marketing - Accurate Reviews<\/title>\n<meta name=\"description\" content=\"ReviewTrackers: recensione piattaforma di gestione delle recensioni online che raccoglie e centralizza le recensioni per aziende con pi\u00f9 sedi.\" \/>\n<meta name=\"robots\" content=\"index, follow, max-snippet:-1, max-image-preview:large, max-video-preview:-1\" \/>\n<link rel=\"canonical\" href=\"https:\/\/www.accuratereviews.com\/it\/piattaforme-sms-marketing\/reviewtrackers-recensione\/\" \/>\n<meta property=\"og:locale\" content=\"it_IT\" \/>\n<meta property=\"og:type\" content=\"article\" \/>\n<meta property=\"og:title\" content=\"ReviewTrackers: recensione software sms marketing - Accurate Reviews\" \/>\n<meta property=\"og:description\" content=\"ReviewTrackers: recensione piattaforma di gestione delle recensioni online che raccoglie e centralizza le recensioni per aziende con pi\u00f9 sedi.\" \/>\n<meta property=\"og:url\" content=\"https:\/\/www.accuratereviews.com\/it\/piattaforme-sms-marketing\/reviewtrackers-recensione\/\" \/>\n<meta property=\"og:site_name\" content=\"Accurate Reviews\" \/>\n<meta property=\"og:image\" content=\"https:\/\/www.accuratereviews.com\/wp-content\/uploads\/2021\/11\/Review-Trackers-Logo-Square-Insight-Platforms.png\" \/>\n\t<meta property=\"og:image:width\" content=\"500\" \/>\n\t<meta property=\"og:image:height\" content=\"500\" \/>\n\t<meta property=\"og:image:type\" content=\"image\/png\" \/>\n<meta name=\"twitter:card\" content=\"summary_large_image\" \/>\n<meta name=\"twitter:label1\" content=\"Tempo di lettura stimato\" \/>\n\t<meta name=\"twitter:data1\" content=\"4 minuti\" \/>\n<script type=\"application\/ld+json\" class=\"yoast-schema-graph\">{\"@context\":\"https:\\\/\\\/schema.org\",\"@graph\":[{\"@type\":\"WebPage\",\"@id\":\"https:\\\/\\\/www.accuratereviews.com\\\/it\\\/piattaforme-sms-marketing\\\/reviewtrackers-recensione\\\/\",\"url\":\"https:\\\/\\\/www.accuratereviews.com\\\/it\\\/piattaforme-sms-marketing\\\/reviewtrackers-recensione\\\/\",\"name\":\"ReviewTrackers: recensione software sms marketing - Accurate Reviews\",\"isPartOf\":{\"@id\":\"https:\\\/\\\/www.accuratereviews.com\\\/it\\\/#website\"},\"primaryImageOfPage\":{\"@id\":\"https:\\\/\\\/www.accuratereviews.com\\\/it\\\/piattaforme-sms-marketing\\\/reviewtrackers-recensione\\\/#primaryimage\"},\"image\":{\"@id\":\"https:\\\/\\\/www.accuratereviews.com\\\/it\\\/piattaforme-sms-marketing\\\/reviewtrackers-recensione\\\/#primaryimage\"},\"thumbnailUrl\":\"https:\\\/\\\/www.accuratereviews.com\\\/wp-content\\\/uploads\\\/2021\\\/11\\\/Review-Trackers-Logo-Square-Insight-Platforms.png\",\"datePublished\":\"2021-11-08T11:25:22+00:00\",\"description\":\"ReviewTrackers: recensione piattaforma di gestione delle recensioni online che raccoglie e centralizza le recensioni per aziende con pi\u00f9 sedi.\",\"breadcrumb\":{\"@id\":\"https:\\\/\\\/www.accuratereviews.com\\\/it\\\/piattaforme-sms-marketing\\\/reviewtrackers-recensione\\\/#breadcrumb\"},\"inLanguage\":\"it-IT\",\"potentialAction\":[{\"@type\":\"ReadAction\",\"target\":[\"https:\\\/\\\/www.accuratereviews.com\\\/it\\\/piattaforme-sms-marketing\\\/reviewtrackers-recensione\\\/\"]}]},{\"@type\":\"ImageObject\",\"inLanguage\":\"it-IT\",\"@id\":\"https:\\\/\\\/www.accuratereviews.com\\\/it\\\/piattaforme-sms-marketing\\\/reviewtrackers-recensione\\\/#primaryimage\",\"url\":\"https:\\\/\\\/www.accuratereviews.com\\\/wp-content\\\/uploads\\\/2021\\\/11\\\/Review-Trackers-Logo-Square-Insight-Platforms.png\",\"contentUrl\":\"https:\\\/\\\/www.accuratereviews.com\\\/wp-content\\\/uploads\\\/2021\\\/11\\\/Review-Trackers-Logo-Square-Insight-Platforms.png\",\"width\":500,\"height\":500},{\"@type\":\"BreadcrumbList\",\"@id\":\"https:\\\/\\\/www.accuratereviews.com\\\/it\\\/piattaforme-sms-marketing\\\/reviewtrackers-recensione\\\/#breadcrumb\",\"itemListElement\":[{\"@type\":\"ListItem\",\"position\":1,\"name\":\"Home\",\"item\":\"https:\\\/\\\/www.accuratereviews.com\\\/it\\\/\"},{\"@type\":\"ListItem\",\"position\":2,\"name\":\"Piattaforme per sms marketing\",\"item\":\"https:\\\/\\\/www.accuratereviews.com\\\/it\\\/piattaforme-sms-marketing\\\/\"},{\"@type\":\"ListItem\",\"position\":3,\"name\":\"ReviewTrackers\"}]},{\"@type\":\"WebSite\",\"@id\":\"https:\\\/\\\/www.accuratereviews.com\\\/it\\\/#website\",\"url\":\"https:\\\/\\\/www.accuratereviews.com\\\/it\\\/\",\"name\":\"Accurate Reviews\",\"description\":\"\",\"potentialAction\":[{\"@type\":\"SearchAction\",\"target\":{\"@type\":\"EntryPoint\",\"urlTemplate\":\"https:\\\/\\\/www.accuratereviews.com\\\/it\\\/?s={search_term_string}\"},\"query-input\":{\"@type\":\"PropertyValueSpecification\",\"valueRequired\":true,\"valueName\":\"search_term_string\"}}],\"inLanguage\":\"it-IT\"}]}<\/script>\n<!-- \/ Yoast SEO plugin. -->","yoast_head_json":{"title":"ReviewTrackers: recensione software sms marketing - Accurate Reviews","description":"ReviewTrackers: recensione piattaforma di gestione delle recensioni online che raccoglie e centralizza le recensioni per aziende con pi\u00f9 sedi.","robots":{"index":"index","follow":"follow","max-snippet":"max-snippet:-1","max-image-preview":"max-image-preview:large","max-video-preview":"max-video-preview:-1"},"canonical":"https:\/\/www.accuratereviews.com\/it\/piattaforme-sms-marketing\/reviewtrackers-recensione\/","og_locale":"it_IT","og_type":"article","og_title":"ReviewTrackers: recensione software sms marketing - Accurate Reviews","og_description":"ReviewTrackers: recensione piattaforma di gestione delle recensioni online che raccoglie e centralizza le recensioni per aziende con pi\u00f9 sedi.","og_url":"https:\/\/www.accuratereviews.com\/it\/piattaforme-sms-marketing\/reviewtrackers-recensione\/","og_site_name":"Accurate Reviews","og_image":[{"width":500,"height":500,"url":"https:\/\/www.accuratereviews.com\/wp-content\/uploads\/2021\/11\/Review-Trackers-Logo-Square-Insight-Platforms.png","type":"image\/png"}],"twitter_card":"summary_large_image","twitter_misc":{"Tempo di lettura stimato":"4 minuti"},"schema":{"@context":"https:\/\/schema.org","@graph":[{"@type":"WebPage","@id":"https:\/\/www.accuratereviews.com\/it\/piattaforme-sms-marketing\/reviewtrackers-recensione\/","url":"https:\/\/www.accuratereviews.com\/it\/piattaforme-sms-marketing\/reviewtrackers-recensione\/","name":"ReviewTrackers: recensione software sms marketing - Accurate Reviews","isPartOf":{"@id":"https:\/\/www.accuratereviews.com\/it\/#website"},"primaryImageOfPage":{"@id":"https:\/\/www.accuratereviews.com\/it\/piattaforme-sms-marketing\/reviewtrackers-recensione\/#primaryimage"},"image":{"@id":"https:\/\/www.accuratereviews.com\/it\/piattaforme-sms-marketing\/reviewtrackers-recensione\/#primaryimage"},"thumbnailUrl":"https:\/\/www.accuratereviews.com\/wp-content\/uploads\/2021\/11\/Review-Trackers-Logo-Square-Insight-Platforms.png","datePublished":"2021-11-08T11:25:22+00:00","description":"ReviewTrackers: recensione piattaforma di gestione delle recensioni online che raccoglie e centralizza le recensioni per aziende con pi\u00f9 sedi.","breadcrumb":{"@id":"https:\/\/www.accuratereviews.com\/it\/piattaforme-sms-marketing\/reviewtrackers-recensione\/#breadcrumb"},"inLanguage":"it-IT","potentialAction":[{"@type":"ReadAction","target":["https:\/\/www.accuratereviews.com\/it\/piattaforme-sms-marketing\/reviewtrackers-recensione\/"]}]},{"@type":"ImageObject","inLanguage":"it-IT","@id":"https:\/\/www.accuratereviews.com\/it\/piattaforme-sms-marketing\/reviewtrackers-recensione\/#primaryimage","url":"https:\/\/www.accuratereviews.com\/wp-content\/uploads\/2021\/11\/Review-Trackers-Logo-Square-Insight-Platforms.png","contentUrl":"https:\/\/www.accuratereviews.com\/wp-content\/uploads\/2021\/11\/Review-Trackers-Logo-Square-Insight-Platforms.png","width":500,"height":500},{"@type":"BreadcrumbList","@id":"https:\/\/www.accuratereviews.com\/it\/piattaforme-sms-marketing\/reviewtrackers-recensione\/#breadcrumb","itemListElement":[{"@type":"ListItem","position":1,"name":"Home","item":"https:\/\/www.accuratereviews.com\/it\/"},{"@type":"ListItem","position":2,"name":"Piattaforme per sms marketing","item":"https:\/\/www.accuratereviews.com\/it\/piattaforme-sms-marketing\/"},{"@type":"ListItem","position":3,"name":"ReviewTrackers"}]},{"@type":"WebSite","@id":"https:\/\/www.accuratereviews.com\/it\/#website","url":"https:\/\/www.accuratereviews.com\/it\/","name":"Accurate Reviews","description":"","potentialAction":[{"@type":"SearchAction","target":{"@type":"EntryPoint","urlTemplate":"https:\/\/www.accuratereviews.com\/it\/?s={search_term_string}"},"query-input":{"@type":"PropertyValueSpecification","valueRequired":true,"valueName":"search_term_string"}}],"inLanguage":"it-IT"}]}},"_links":{"self":[{"href":"https:\/\/www.accuratereviews.com\/it\/wp-json\/wp\/v2\/pages\/49581","targetHints":{"allow":["GET"]}}],"collection":[{"href":"https:\/\/www.accuratereviews.com\/it\/wp-json\/wp\/v2\/pages"}],"about":[{"href":"https:\/\/www.accuratereviews.com\/it\/wp-json\/wp\/v2\/types\/page"}],"author":[{"embeddable":true,"href":"https:\/\/www.accuratereviews.com\/it\/wp-json\/wp\/v2\/users\/16"}],"replies":[{"embeddable":true,"href":"https:\/\/www.accuratereviews.com\/it\/wp-json\/wp\/v2\/comments?post=49581"}],"version-history":[{"count":10,"href":"https:\/\/www.accuratereviews.com\/it\/wp-json\/wp\/v2\/pages\/49581\/revisions"}],"predecessor-version":[{"id":49606,"href":"https:\/\/www.accuratereviews.com\/it\/wp-json\/wp\/v2\/pages\/49581\/revisions\/49606"}],"up":[{"embeddable":true,"href":"https:\/\/www.accuratereviews.com\/it\/wp-json\/wp\/v2\/pages\/49078"}],"wp:featuredmedia":[{"embeddable":true,"href":"https:\/\/www.accuratereviews.com\/it\/wp-json\/wp\/v2\/media\/49582"}],"wp:attachment":[{"href":"https:\/\/www.accuratereviews.com\/it\/wp-json\/wp\/v2\/media?parent=49581"}],"wp:term":[{"taxonomy":"category","embeddable":true,"href":"https:\/\/www.accuratereviews.com\/it\/wp-json\/wp\/v2\/categories?post=49581"},{"taxonomy":"post_tag","embeddable":true,"href":"https:\/\/www.accuratereviews.com\/it\/wp-json\/wp\/v2\/tags?post=49581"},{"taxonomy":"features","embeddable":true,"href":"https:\/\/www.accuratereviews.com\/it\/wp-json\/wp\/v2\/features?post=49581"}],"curies":[{"name":"wp","href":"https:\/\/api.w.org\/{rel}","templated":true}]}}