{"id":49684,"date":"2021-11-09T15:13:55","date_gmt":"2021-11-09T15:13:55","guid":{"rendered":"https:\/\/www.accuratereviews.com\/?page_id=49684"},"modified":"2021-11-09T15:13:55","modified_gmt":"2021-11-09T15:13:55","slug":"doctible-recensione","status":"publish","type":"page","link":"https:\/\/www.accuratereviews.com\/it\/piattaforme-sms-marketing\/doctible-recensione\/","title":{"rendered":"Doctible"},"content":{"rendered":"<p><strong>Doctible<\/strong> \u00e8 una <strong>piattaforma di comunicazione con il paziente<\/strong> che si rivolge principalmente a studi medici e dentistici che hanno bisogno di un sistema automatizzato che fornisca <strong>sms\u00a0bidirezionali<\/strong>, promemoria automatici, moduli di assunzione digitali e programmazione online. Si tratta di una vera e propria sala d&#8217;attesa virtuale che automatizza lo screening dei pazienti, semplificando il check-in e utilizzando una tecnologia semplice e sicura che ti aiuta non solo\u00a0a conservare i tuoi pazienti affezionati ma anche di acquisirne di nuovi favorendo nuove entrate.<\/p>\n<h2>DOCTIBLE &#8211; TUTORIAL<\/h2>\n<p>Ecco un breve video che ci mostra come funziona questa <strong>piattaforma per sms marketing<\/strong>:<\/p>\n<div id=\"fluid-wrapper-counter-1\" class=\"g1-fluid-wrapper \" style=\"width:686px;\">\n<div style=\"padding-bottom:56.268221574344%;\"><iframe loading=\"lazy\" title=\"Online Scheduling Demo\" width=\"686\" height=\"386\" src=\"https:\/\/www.youtube.com\/embed\/VhWCBsgsoTw?feature=oembed&amp;wmode=transparent&amp;autohide=1&amp;autoplay=0&amp;disablekb=0&amp;fs=1&amp;loop=0&amp;enablejsapi=1&amp;rel=0&amp;controls=2&amp;showinfo=0&amp;wmode=transparent&amp;autohide=2&amp;autoplay=0&amp;disablekb=0&amp;fs=1&amp;loop=0&amp;enablejsapi=1&amp;rel=0&amp;controls=2&amp;showinfo=1\" frameborder=\"0\" allow=\"accelerometer; autoplay; clipboard-write; encrypted-media; gyroscope; picture-in-picture\" allowfullscreen><\/iframe><\/div>\n<\/div>\n<h3>DOCTIBLE &#8211; CARATTERISTICHE<\/h3>\n<ul>\n<li><strong>Gestione della reputazione<\/strong>: possiedi la tua presenza online e gestisci i feedback e le recensioni<\/li>\n<li><strong>Comunicazione con i pazienti<\/strong>: invia un messaggio ai tuoi pazienti dal tuo telefono fisso. Nessuna impostazione richiesta<\/li>\n<li><strong>Appuntamenti<\/strong>: ricorda automaticamente ai tuoi pazienti gli appuntamenti scaduti<\/li>\n<li><strong>Sala d&#8217;attesa virtuale<\/strong>: seleziona i pazienti in modo facile e sicuro<\/li>\n<li><strong>Promemoria<\/strong>: automatizza i promemoria per prevenire la mancata presentazione<\/li>\n<li><strong>Messaggistica<\/strong>: automatizza la messaggistica ripetitiva dei pazienti per trattamento, procedura o operazione<\/li>\n<li><strong>Website Messenger<\/strong>: non perdere mai l&#8217;impegno con i visitatori del tuo sito web<\/li>\n<li><strong>Moduli onlin<\/strong>e: digitalizzate il vostro processo di assunzione dei pazienti attraverso moduli online<\/li>\n<li><strong>Programmazione online<\/strong>: autorizza i pazienti a prenotare appuntamenti sul tuo sito web<\/li>\n<\/ul>\n<h4>LE RECENSIONI DEGLI UTENTI<\/h4>\n<p><strong>Kristin B. &#8220;Ottimo modo per stare al passo con le recensioni dei clienti&#8221;<\/strong><br \/>\nCOMMENTI: inviamo richieste di recensioni per nuovi pazienti e altri servizi per continuare a costruire le nostre relazioni commerciali e risolvere qualsiasi potenziale problema.<br \/>\nPRO: come essere in grado di intervenire su recensioni scadenti e correggere i problemi prima che vengano pubblicati. \u00c8 anche fantastico seguire le persone e avere la nostra gestione delle recensioni in un unico posto.<br \/>\nCONTRO: sembra costoso per quello che stiamo facendo. Vorremmo anche che fosse interpretato direttamente con il nostro software per un uso pi\u00f9 facile.<\/p>\n<p><strong>Quinn C. &#8220;Facile da usare e semplice!&#8221;<\/strong><br \/>\nPRO: semplicit\u00e0. Si possono aggiungere pi\u00f9 utenti.<br \/>\nCONTRO: la frequenza con cui il software controlla gli aggiornamenti in programma, che \u00e8 troppo breve a 1 ora.<\/p>\n<p><strong>Ron T. &#8220;\u00c8 un semplice sistema di messaggistica di massa che fa il lavoro&#8221;<\/strong><br \/>\nPRO: \u00e8 semplice da usare e l&#8217;efficacia \u00e8 alta perch\u00e9 quasi tutti leggono i messaggi di testo.<br \/>\nCONTRO: il fatto che non possiamo personalizzare le email.<\/p>\n","protected":false},"excerpt":{"rendered":"<p>Doctible \u00e8 una piattaforma di comunicazione con il paziente che si rivolge principalmente a studi medici e dentistici che hanno bisogno di un sistema automatizzato che fornisca sms\u00a0bidirezionali, promemoria automatici, moduli di assunzione digitali e programmazione online.<\/p>\n","protected":false},"author":17,"featured_media":49686,"parent":49078,"menu_order":0,"comment_status":"open","ping_status":"closed","template":"g1_template_page_review_new.php","meta":{"_acf_changed":false,"cwp_meta_box_check":"No","cwp_rev_product_name":"","cwp_rev_product_image":"","wppr_links":[],"cwp_rev_price":"","wppr_options":[],"wppr_pros":[],"wppr_cons":[],"_monsterinsights_skip_tracking":false,"_monsterinsights_sitenote_active":false,"_monsterinsights_sitenote_note":"","_monsterinsights_sitenote_category":0,"footnotes":""},"categories":[11324],"tags":[11327,11328,11330,11376],"features":[],"class_list":{"0":"post-49684","1":"page","2":"type-page","3":"status-publish","4":"has-post-thumbnail","6":"category-piattaforma-sms-marketing-cat","7":"tag-piattaforma-sms-marketing","8":"tag-software-sms-marketing","9":"tag-soluzione-sms-marketing","10":"tag-soluzione-sms-markteting"},"wppr_data":{"cwp_meta_box_check":"No"},"acf":[],"yoast_head":"<!-- This site is optimized with the Yoast SEO plugin v27.4 - https:\/\/yoast.com\/product\/yoast-seo-wordpress\/ -->\n<title>Doctible: recensione piattaforma sms marketing - Accurate Reviews<\/title>\n<meta name=\"description\" content=\"Doctible: recensione della piattaforma di comunicazione con il paziente che si rivolge principalmente a studi medici e dentistici.\" \/>\n<meta name=\"robots\" content=\"index, follow, max-snippet:-1, max-image-preview:large, max-video-preview:-1\" \/>\n<link rel=\"canonical\" href=\"https:\/\/www.accuratereviews.com\/it\/piattaforme-sms-marketing\/doctible-recensione\/\" \/>\n<meta property=\"og:locale\" content=\"it_IT\" \/>\n<meta property=\"og:type\" content=\"article\" \/>\n<meta property=\"og:title\" content=\"Doctible: recensione piattaforma sms marketing - Accurate Reviews\" \/>\n<meta property=\"og:description\" content=\"Doctible: recensione della piattaforma di comunicazione con il paziente che si rivolge principalmente a studi medici e dentistici.\" \/>\n<meta property=\"og:url\" content=\"https:\/\/www.accuratereviews.com\/it\/piattaforme-sms-marketing\/doctible-recensione\/\" \/>\n<meta property=\"og:site_name\" content=\"Accurate Reviews\" \/>\n<meta property=\"og:image\" content=\"https:\/\/www.accuratereviews.com\/wp-content\/uploads\/2021\/11\/SDVG-Cool-Company-2018-Doctible-Logo.png\" \/>\n\t<meta property=\"og:image:width\" content=\"700\" \/>\n\t<meta property=\"og:image:height\" content=\"375\" \/>\n\t<meta property=\"og:image:type\" content=\"image\/png\" \/>\n<meta name=\"twitter:card\" content=\"summary_large_image\" \/>\n<meta name=\"twitter:label1\" content=\"Tempo di lettura stimato\" \/>\n\t<meta name=\"twitter:data1\" content=\"2 minuti\" \/>\n<script type=\"application\/ld+json\" class=\"yoast-schema-graph\">{\"@context\":\"https:\\\/\\\/schema.org\",\"@graph\":[{\"@type\":\"WebPage\",\"@id\":\"https:\\\/\\\/www.accuratereviews.com\\\/it\\\/piattaforme-sms-marketing\\\/doctible-recensione\\\/\",\"url\":\"https:\\\/\\\/www.accuratereviews.com\\\/it\\\/piattaforme-sms-marketing\\\/doctible-recensione\\\/\",\"name\":\"Doctible: recensione piattaforma sms marketing - Accurate Reviews\",\"isPartOf\":{\"@id\":\"https:\\\/\\\/www.accuratereviews.com\\\/it\\\/#website\"},\"primaryImageOfPage\":{\"@id\":\"https:\\\/\\\/www.accuratereviews.com\\\/it\\\/piattaforme-sms-marketing\\\/doctible-recensione\\\/#primaryimage\"},\"image\":{\"@id\":\"https:\\\/\\\/www.accuratereviews.com\\\/it\\\/piattaforme-sms-marketing\\\/doctible-recensione\\\/#primaryimage\"},\"thumbnailUrl\":\"https:\\\/\\\/www.accuratereviews.com\\\/wp-content\\\/uploads\\\/2021\\\/11\\\/SDVG-Cool-Company-2018-Doctible-Logo.png\",\"datePublished\":\"2021-11-09T15:13:55+00:00\",\"description\":\"Doctible: recensione della piattaforma di comunicazione con il paziente che si rivolge principalmente a studi medici e dentistici.\",\"breadcrumb\":{\"@id\":\"https:\\\/\\\/www.accuratereviews.com\\\/it\\\/piattaforme-sms-marketing\\\/doctible-recensione\\\/#breadcrumb\"},\"inLanguage\":\"it-IT\",\"potentialAction\":[{\"@type\":\"ReadAction\",\"target\":[\"https:\\\/\\\/www.accuratereviews.com\\\/it\\\/piattaforme-sms-marketing\\\/doctible-recensione\\\/\"]}]},{\"@type\":\"ImageObject\",\"inLanguage\":\"it-IT\",\"@id\":\"https:\\\/\\\/www.accuratereviews.com\\\/it\\\/piattaforme-sms-marketing\\\/doctible-recensione\\\/#primaryimage\",\"url\":\"https:\\\/\\\/www.accuratereviews.com\\\/wp-content\\\/uploads\\\/2021\\\/11\\\/SDVG-Cool-Company-2018-Doctible-Logo.png\",\"contentUrl\":\"https:\\\/\\\/www.accuratereviews.com\\\/wp-content\\\/uploads\\\/2021\\\/11\\\/SDVG-Cool-Company-2018-Doctible-Logo.png\",\"width\":700,\"height\":375},{\"@type\":\"BreadcrumbList\",\"@id\":\"https:\\\/\\\/www.accuratereviews.com\\\/it\\\/piattaforme-sms-marketing\\\/doctible-recensione\\\/#breadcrumb\",\"itemListElement\":[{\"@type\":\"ListItem\",\"position\":1,\"name\":\"Home\",\"item\":\"https:\\\/\\\/www.accuratereviews.com\\\/it\\\/\"},{\"@type\":\"ListItem\",\"position\":2,\"name\":\"Piattaforme per sms marketing\",\"item\":\"https:\\\/\\\/www.accuratereviews.com\\\/it\\\/piattaforme-sms-marketing\\\/\"},{\"@type\":\"ListItem\",\"position\":3,\"name\":\"Doctible\"}]},{\"@type\":\"WebSite\",\"@id\":\"https:\\\/\\\/www.accuratereviews.com\\\/it\\\/#website\",\"url\":\"https:\\\/\\\/www.accuratereviews.com\\\/it\\\/\",\"name\":\"Accurate Reviews\",\"description\":\"\",\"potentialAction\":[{\"@type\":\"SearchAction\",\"target\":{\"@type\":\"EntryPoint\",\"urlTemplate\":\"https:\\\/\\\/www.accuratereviews.com\\\/it\\\/?s={search_term_string}\"},\"query-input\":{\"@type\":\"PropertyValueSpecification\",\"valueRequired\":true,\"valueName\":\"search_term_string\"}}],\"inLanguage\":\"it-IT\"}]}<\/script>\n<!-- \/ Yoast SEO plugin. -->","yoast_head_json":{"title":"Doctible: recensione piattaforma sms marketing - Accurate Reviews","description":"Doctible: recensione della piattaforma di comunicazione con il paziente che si rivolge principalmente a studi medici e dentistici.","robots":{"index":"index","follow":"follow","max-snippet":"max-snippet:-1","max-image-preview":"max-image-preview:large","max-video-preview":"max-video-preview:-1"},"canonical":"https:\/\/www.accuratereviews.com\/it\/piattaforme-sms-marketing\/doctible-recensione\/","og_locale":"it_IT","og_type":"article","og_title":"Doctible: recensione piattaforma sms marketing - Accurate Reviews","og_description":"Doctible: recensione della piattaforma di comunicazione con il paziente che si rivolge principalmente a studi medici e dentistici.","og_url":"https:\/\/www.accuratereviews.com\/it\/piattaforme-sms-marketing\/doctible-recensione\/","og_site_name":"Accurate Reviews","og_image":[{"width":700,"height":375,"url":"https:\/\/www.accuratereviews.com\/wp-content\/uploads\/2021\/11\/SDVG-Cool-Company-2018-Doctible-Logo.png","type":"image\/png"}],"twitter_card":"summary_large_image","twitter_misc":{"Tempo di lettura stimato":"2 minuti"},"schema":{"@context":"https:\/\/schema.org","@graph":[{"@type":"WebPage","@id":"https:\/\/www.accuratereviews.com\/it\/piattaforme-sms-marketing\/doctible-recensione\/","url":"https:\/\/www.accuratereviews.com\/it\/piattaforme-sms-marketing\/doctible-recensione\/","name":"Doctible: recensione piattaforma sms marketing - Accurate Reviews","isPartOf":{"@id":"https:\/\/www.accuratereviews.com\/it\/#website"},"primaryImageOfPage":{"@id":"https:\/\/www.accuratereviews.com\/it\/piattaforme-sms-marketing\/doctible-recensione\/#primaryimage"},"image":{"@id":"https:\/\/www.accuratereviews.com\/it\/piattaforme-sms-marketing\/doctible-recensione\/#primaryimage"},"thumbnailUrl":"https:\/\/www.accuratereviews.com\/wp-content\/uploads\/2021\/11\/SDVG-Cool-Company-2018-Doctible-Logo.png","datePublished":"2021-11-09T15:13:55+00:00","description":"Doctible: recensione della piattaforma di comunicazione con il paziente che si rivolge principalmente a studi medici e dentistici.","breadcrumb":{"@id":"https:\/\/www.accuratereviews.com\/it\/piattaforme-sms-marketing\/doctible-recensione\/#breadcrumb"},"inLanguage":"it-IT","potentialAction":[{"@type":"ReadAction","target":["https:\/\/www.accuratereviews.com\/it\/piattaforme-sms-marketing\/doctible-recensione\/"]}]},{"@type":"ImageObject","inLanguage":"it-IT","@id":"https:\/\/www.accuratereviews.com\/it\/piattaforme-sms-marketing\/doctible-recensione\/#primaryimage","url":"https:\/\/www.accuratereviews.com\/wp-content\/uploads\/2021\/11\/SDVG-Cool-Company-2018-Doctible-Logo.png","contentUrl":"https:\/\/www.accuratereviews.com\/wp-content\/uploads\/2021\/11\/SDVG-Cool-Company-2018-Doctible-Logo.png","width":700,"height":375},{"@type":"BreadcrumbList","@id":"https:\/\/www.accuratereviews.com\/it\/piattaforme-sms-marketing\/doctible-recensione\/#breadcrumb","itemListElement":[{"@type":"ListItem","position":1,"name":"Home","item":"https:\/\/www.accuratereviews.com\/it\/"},{"@type":"ListItem","position":2,"name":"Piattaforme per sms marketing","item":"https:\/\/www.accuratereviews.com\/it\/piattaforme-sms-marketing\/"},{"@type":"ListItem","position":3,"name":"Doctible"}]},{"@type":"WebSite","@id":"https:\/\/www.accuratereviews.com\/it\/#website","url":"https:\/\/www.accuratereviews.com\/it\/","name":"Accurate Reviews","description":"","potentialAction":[{"@type":"SearchAction","target":{"@type":"EntryPoint","urlTemplate":"https:\/\/www.accuratereviews.com\/it\/?s={search_term_string}"},"query-input":{"@type":"PropertyValueSpecification","valueRequired":true,"valueName":"search_term_string"}}],"inLanguage":"it-IT"}]}},"_links":{"self":[{"href":"https:\/\/www.accuratereviews.com\/it\/wp-json\/wp\/v2\/pages\/49684","targetHints":{"allow":["GET"]}}],"collection":[{"href":"https:\/\/www.accuratereviews.com\/it\/wp-json\/wp\/v2\/pages"}],"about":[{"href":"https:\/\/www.accuratereviews.com\/it\/wp-json\/wp\/v2\/types\/page"}],"author":[{"embeddable":true,"href":"https:\/\/www.accuratereviews.com\/it\/wp-json\/wp\/v2\/users\/17"}],"replies":[{"embeddable":true,"href":"https:\/\/www.accuratereviews.com\/it\/wp-json\/wp\/v2\/comments?post=49684"}],"version-history":[{"count":6,"href":"https:\/\/www.accuratereviews.com\/it\/wp-json\/wp\/v2\/pages\/49684\/revisions"}],"predecessor-version":[{"id":49709,"href":"https:\/\/www.accuratereviews.com\/it\/wp-json\/wp\/v2\/pages\/49684\/revisions\/49709"}],"up":[{"embeddable":true,"href":"https:\/\/www.accuratereviews.com\/it\/wp-json\/wp\/v2\/pages\/49078"}],"wp:featuredmedia":[{"embeddable":true,"href":"https:\/\/www.accuratereviews.com\/it\/wp-json\/wp\/v2\/media\/49686"}],"wp:attachment":[{"href":"https:\/\/www.accuratereviews.com\/it\/wp-json\/wp\/v2\/media?parent=49684"}],"wp:term":[{"taxonomy":"category","embeddable":true,"href":"https:\/\/www.accuratereviews.com\/it\/wp-json\/wp\/v2\/categories?post=49684"},{"taxonomy":"post_tag","embeddable":true,"href":"https:\/\/www.accuratereviews.com\/it\/wp-json\/wp\/v2\/tags?post=49684"},{"taxonomy":"features","embeddable":true,"href":"https:\/\/www.accuratereviews.com\/it\/wp-json\/wp\/v2\/features?post=49684"}],"curies":[{"name":"wp","href":"https:\/\/api.w.org\/{rel}","templated":true}]}}