{"id":49815,"date":"2021-11-11T11:26:11","date_gmt":"2021-11-11T11:26:11","guid":{"rendered":"https:\/\/www.accuratereviews.com\/?page_id=49815"},"modified":"2021-11-12T10:00:29","modified_gmt":"2021-11-12T10:00:29","slug":"maglr-recensione","status":"publish","type":"page","link":"https:\/\/www.accuratereviews.com\/it\/programmi-grafica-design\/maglr-recensione\/","title":{"rendered":"Maglr"},"content":{"rendered":"<p><strong>Maglr<\/strong> \u00e8 una <strong>soluzione di progettazione grafica<\/strong> e gestione dei contenuti basata su <strong>cloud<\/strong> per professionisti del marketing e designer, utile a creare contenuti visivi interattivi per una vasta gamma di pubblicazioni digitali come riviste online, landing page, strumenti di vendita o presentazioni aziendali. Il software include pi\u00f9 di 150 modelli personalizzabili per diversi tipi di contenuto, che possono essere combinati per creare una trama. L&#8217;editor di modelli <strong>drag-and-drop<\/strong> consente agli utenti di aggiungere diversi blocchi di contenuto preimpostati come pulsanti, cursori, testo e citazioni. Gli utenti possono definire la combinazione di colori e i caratteri della propria organizzazione, che vengono applicati automaticamente a qualsiasi modello selezionato. I modelli responsive assicurano che le pubblicazioni possano essere lette su qualsiasi dispositivo, con ridimensionamento automatico delle immagini e la possibilit\u00e0 per gli utenti di correggere manualmente la visualizzazione.<\/p>\n<h2>MAGLR &#8211; TUTORIAL<\/h2>\n<p>Scopri dove puoi trovare tutti i pannelli, gli strumenti e quali funzioni servono per creare contenuti interattivi e accattivanti con questo <strong>programma di progettazione grafica<\/strong>:<\/p>\n<div id=\"fluid-wrapper-counter-1\" class=\"g1-fluid-wrapper \" style=\"width:686px;\">\n<div style=\"padding-bottom:56.268221574344%;\"><iframe loading=\"lazy\" title=\"The Interface - Crash Course - Maglr Pro\" width=\"686\" height=\"386\" src=\"https:\/\/www.youtube.com\/embed\/xNiUsdgCTk0?list=PLDyNaBrHiorOd4RBQRHaNlc7GlRd4ccER\" frameborder=\"0\" allow=\"accelerometer; autoplay; clipboard-write; encrypted-media; gyroscope; picture-in-picture\" allowfullscreen><\/iframe><\/div>\n<\/div>\n<h3>MAGLR &#8211; CARATTERISTICHE<\/h3>\n<ul>\n<li><strong>Scegli tra 5 tipi di navigazione<\/strong>: scegli tra diversi tipi di navigazione con cui vengono visualizzate le pubblicazioni. Personalizzalo con la tua tavolozza di colori<\/li>\n<li><strong>Impostazioni del motore di ricerca<\/strong>: apporta modifiche separate ai titoli e alle descrizioni di una pagina. Adatto per motori di ricerca e post sui social media<\/li>\n<li><strong>Incorpora la pubblicazione<\/strong>: con un codice di incorporamento puoi posizionare una singola pagina o una pubblicazione completa in una posizione esterna<\/li>\n<li><strong>Pubblica in pi\u00f9 lingue<\/strong>: dividi le tue pubblicazioni in pi\u00f9 ambienti, in diverse categorie, domini o lingue<\/li>\n<li><strong>Il tuo dominio<\/strong>: scegli un dominio o collega il tuo dominio a una pubblicazione. I certificati SSL sono disponibili come opzione aggiuntiva<\/li>\n<li><strong>Possibilit\u00e0 offline<\/strong>: scarica le pubblicazioni sul tuo computer tramite la app offline o installa l&#8217;app del programma per iPad<\/li>\n<li><strong>Crea un PDF da una presentazione<\/strong>: converti le pagine interattive in un documento PDF stampabile. A seconda del tuo design, tutte le parti visibili sulla pagina possono essere stampate su un formato A4 orizzontale<\/li>\n<li><strong>Adatto per il marketing e comunicazione<\/strong>: analizza come vengono visualizzate le tue presentazioni. L&#8217;integrazione con Google Analytics ti d\u00e0 una visione esatta di quali presentazioni vengono visualizzate meglio e su quali contenuti si fa clic<\/li>\n<\/ul>\n<h4>LE RECENSIONI DEGLI UTENTI<\/h4>\n<h5 class=\"font-weight-bold mb-2\">Sandro Roberto L.&#8221;Maglr \u00e8 lo strumento migliore per dimostrare i tuoi prodotti o servizi&#8221;<\/h5>\n<p class=\"font-weight-bold mb-2\"><strong>Pro<\/strong>: molto facile da usare, ogni fase della creazione dei contenuti \u00e8 completamente intuitiva, chiunque pu\u00f2 gestire lo strumento senza alcun problema, fantastica qualit\u00e0 dei contenuti, che si tratti di video, presentazioni o riviste digitali. Abbiamo usato molto Maglr per pubblicizzare il lavoro della nostra istituzione, specialmente ora nella pandemia. Abbiamo avuto una grande esperienza creando una rivista digitale per commemorare il 30\u00b0 anniversario dell&#8217;istituzione. La qualit\u00e0 dei video su Youtube realizzati con lo strumento ha valorizzato notevolmente le visualizzazioni del nostro lavoro. Come possiamo dire su altre piattaforme, la qualit\u00e0 del materiale \u00e8 sempre la stessa: sorprendente, impeccabile, impressionante!<\/p>\n<p class=\"font-weight-bold mb-2\"><strong>Contro<\/strong>: in alcune occasioni abbiamo dovuto lavorare per caricare i video su Youtube, perch\u00e9 in quel momento Internet era instabile. Sarebbe bello se non influisse cos\u00ec tanto durante il caricamento dei video. Ma niente per screditare la qualit\u00e0 di Maglr<\/p>\n<h5 class=\"font-weight-bold mb-2\">Muhammad T.&#8221;Diventa creativo con la campagna di marketing&#8221;<\/h5>\n<p><span class=\"font-weight-bold\"><strong>Commenti<\/strong>: m<\/span>aglr mi ha permesso di essere creativo con il mio materiale di marketing e i miei contenuti senza la necessit\u00e0 di avere competenze nella progettazione grafica, tutto ci\u00f2 di cui ho bisogno \u00e8 una creativit\u00e0 per fare in modo che il contenuto attiri l&#8217;interesse della folla e raggiunga l&#8217;obiettivo della mia campagna.<\/p>\n<p class=\"font-weight-bold mb-2\"><strong>Pro<\/strong>: maglr ha un pacchetto completo per la pubblicazione di contenuti di marketing e canalizzazioni di marketing. Creare un contenuto di marketing interattivo in grado di catturare l&#8217;attenzione del nostro pubblico mirato. Ha un modello di marketing facile da organizzare e da giocare per avere il miglior risultato.<\/p>\n<p class=\"font-weight-bold mb-2\"><strong>Contro<\/strong>: finora, non c&#8217;\u00e8 niente che non ti piace con questo software. Ci sono alcune funzionalit\u00e0 che possono essere sviluppate per archiviare un risultato migliore, ma questo \u00e8 solo un problema minore. Sono felice di lavorare con questo software.<\/p>\n<h5 class=\"font-weight-bold mb-2\">Federica R.&#8221;Eccelle nella parte editoriale del processo&#8221;<\/h5>\n<p class=\"font-weight-bold mb-2\"><strong>Pro<\/strong>: c&#8217;\u00e8 una selezione molto ampia di modelli gi\u00e0 esistenti, il che rende le cose pi\u00f9 facili per i principianti. Puoi anche inserire animazioni e possono essere facilmente personalizzate per adattarle alla tua cornice. Puoi pubblicare sui social direttamente dal programma e mi piace che tutto con Maglr sia fatto &#8220;in-house&#8221;.<\/p>\n<p class=\"font-weight-bold mb-2\"><strong>Contro<\/strong>: \u00e8\u00a0un software specializzato e come tale costoso. Tuttavia, la quantit\u00e0 di lavoro che svolgiamo garantisce che Maglr si ripaghi da sola. \u00c8 anche travolgente da usare all&#8217;inizio a meno che tu non abbia qualcuno esperto che ti istruisce.<\/p>\n","protected":false},"excerpt":{"rendered":"<p>Maglr \u00e8 una soluzione di progettazione grafica e gestione dei contenuti basata su cloud per professionisti del marketing e designer per creare contenuti visivi interattivi per una vasta gamma di pubblicazioni digitali; incluse riviste online, landing page, strumenti di vendita o presentazioni aziendali.<\/p>\n","protected":false},"author":16,"featured_media":49816,"parent":49827,"menu_order":0,"comment_status":"open","ping_status":"closed","template":"g1_template_page_review_new.php","meta":{"_acf_changed":false,"cwp_meta_box_check":"No","cwp_rev_product_name":"","cwp_rev_product_image":"","wppr_links":[],"cwp_rev_price":"","wppr_options":[],"wppr_pros":[],"wppr_cons":[],"_monsterinsights_skip_tracking":false,"_monsterinsights_sitenote_active":false,"_monsterinsights_sitenote_note":"","_monsterinsights_sitenote_category":0,"footnotes":""},"categories":[11404],"tags":[11407,11410,11409,11408,11406,11405],"features":[],"class_list":{"0":"post-49815","1":"page","2":"type-page","3":"status-publish","4":"has-post-thumbnail","6":"category-programmi-grafica-design-cat","7":"tag-grafica-design","8":"tag-maglr","9":"tag-piattaforma-grafica-design","10":"tag-programma-grafica-design","11":"tag-software-grafica-design","12":"tag-soluzione-grafica-design"},"wppr_data":{"cwp_meta_box_check":"No"},"acf":[],"yoast_head":"<!-- This site is optimized with the Yoast SEO plugin v27.4 - https:\/\/yoast.com\/product\/yoast-seo-wordpress\/ -->\n<title>Maglr: recensione software grafica design - Accurate Reviews<\/title>\n<meta name=\"description\" content=\"Maglr: recensione soluzione di progettazione grafica e gestione dei contenuti basata su cloud per professionisti del marketing e designer.\" \/>\n<meta name=\"robots\" content=\"index, follow, max-snippet:-1, max-image-preview:large, max-video-preview:-1\" \/>\n<link rel=\"canonical\" href=\"https:\/\/www.accuratereviews.com\/it\/programmi-grafica-design\/maglr-recensione\/\" \/>\n<meta property=\"og:locale\" content=\"it_IT\" \/>\n<meta property=\"og:type\" content=\"article\" \/>\n<meta property=\"og:title\" content=\"Maglr: recensione software grafica design - Accurate Reviews\" \/>\n<meta property=\"og:description\" content=\"Maglr: recensione soluzione di progettazione grafica e gestione dei contenuti basata su cloud per professionisti del marketing e designer.\" \/>\n<meta property=\"og:url\" content=\"https:\/\/www.accuratereviews.com\/it\/programmi-grafica-design\/maglr-recensione\/\" \/>\n<meta property=\"og:site_name\" content=\"Accurate Reviews\" \/>\n<meta property=\"article:modified_time\" content=\"2021-11-12T10:00:29+00:00\" \/>\n<meta property=\"og:image\" content=\"https:\/\/www.accuratereviews.com\/wp-content\/uploads\/2021\/11\/maglr.png\" \/>\n\t<meta property=\"og:image:width\" content=\"2721\" \/>\n\t<meta property=\"og:image:height\" content=\"1006\" \/>\n\t<meta property=\"og:image:type\" content=\"image\/png\" \/>\n<meta name=\"twitter:card\" content=\"summary_large_image\" \/>\n<meta name=\"twitter:label1\" content=\"Tempo di lettura stimato\" \/>\n\t<meta name=\"twitter:data1\" content=\"4 minuti\" \/>\n<script type=\"application\/ld+json\" class=\"yoast-schema-graph\">{\"@context\":\"https:\\\/\\\/schema.org\",\"@graph\":[{\"@type\":\"WebPage\",\"@id\":\"https:\\\/\\\/www.accuratereviews.com\\\/it\\\/programmi-grafica-design\\\/maglr-recensione\\\/\",\"url\":\"https:\\\/\\\/www.accuratereviews.com\\\/it\\\/programmi-grafica-design\\\/maglr-recensione\\\/\",\"name\":\"Maglr: recensione software grafica design - Accurate Reviews\",\"isPartOf\":{\"@id\":\"https:\\\/\\\/www.accuratereviews.com\\\/it\\\/#website\"},\"primaryImageOfPage\":{\"@id\":\"https:\\\/\\\/www.accuratereviews.com\\\/it\\\/programmi-grafica-design\\\/maglr-recensione\\\/#primaryimage\"},\"image\":{\"@id\":\"https:\\\/\\\/www.accuratereviews.com\\\/it\\\/programmi-grafica-design\\\/maglr-recensione\\\/#primaryimage\"},\"thumbnailUrl\":\"https:\\\/\\\/www.accuratereviews.com\\\/wp-content\\\/uploads\\\/2021\\\/11\\\/maglr.png\",\"datePublished\":\"2021-11-11T11:26:11+00:00\",\"dateModified\":\"2021-11-12T10:00:29+00:00\",\"description\":\"Maglr: recensione soluzione di progettazione grafica e gestione dei contenuti basata su cloud per professionisti del marketing e designer.\",\"breadcrumb\":{\"@id\":\"https:\\\/\\\/www.accuratereviews.com\\\/it\\\/programmi-grafica-design\\\/maglr-recensione\\\/#breadcrumb\"},\"inLanguage\":\"it-IT\",\"potentialAction\":[{\"@type\":\"ReadAction\",\"target\":[\"https:\\\/\\\/www.accuratereviews.com\\\/it\\\/programmi-grafica-design\\\/maglr-recensione\\\/\"]}]},{\"@type\":\"ImageObject\",\"inLanguage\":\"it-IT\",\"@id\":\"https:\\\/\\\/www.accuratereviews.com\\\/it\\\/programmi-grafica-design\\\/maglr-recensione\\\/#primaryimage\",\"url\":\"https:\\\/\\\/www.accuratereviews.com\\\/wp-content\\\/uploads\\\/2021\\\/11\\\/maglr.png\",\"contentUrl\":\"https:\\\/\\\/www.accuratereviews.com\\\/wp-content\\\/uploads\\\/2021\\\/11\\\/maglr.png\",\"width\":2721,\"height\":1006},{\"@type\":\"BreadcrumbList\",\"@id\":\"https:\\\/\\\/www.accuratereviews.com\\\/it\\\/programmi-grafica-design\\\/maglr-recensione\\\/#breadcrumb\",\"itemListElement\":[{\"@type\":\"ListItem\",\"position\":1,\"name\":\"Home\",\"item\":\"https:\\\/\\\/www.accuratereviews.com\\\/it\\\/\"},{\"@type\":\"ListItem\",\"position\":2,\"name\":\"Programmi grafica design\",\"item\":\"https:\\\/\\\/www.accuratereviews.com\\\/it\\\/programmi-grafica-design\\\/\"},{\"@type\":\"ListItem\",\"position\":3,\"name\":\"Maglr\"}]},{\"@type\":\"WebSite\",\"@id\":\"https:\\\/\\\/www.accuratereviews.com\\\/it\\\/#website\",\"url\":\"https:\\\/\\\/www.accuratereviews.com\\\/it\\\/\",\"name\":\"Accurate Reviews\",\"description\":\"\",\"potentialAction\":[{\"@type\":\"SearchAction\",\"target\":{\"@type\":\"EntryPoint\",\"urlTemplate\":\"https:\\\/\\\/www.accuratereviews.com\\\/it\\\/?s={search_term_string}\"},\"query-input\":{\"@type\":\"PropertyValueSpecification\",\"valueRequired\":true,\"valueName\":\"search_term_string\"}}],\"inLanguage\":\"it-IT\"}]}<\/script>\n<!-- \/ Yoast SEO plugin. -->","yoast_head_json":{"title":"Maglr: recensione software grafica design - Accurate Reviews","description":"Maglr: recensione soluzione di progettazione grafica e gestione dei contenuti basata su cloud per professionisti del marketing e designer.","robots":{"index":"index","follow":"follow","max-snippet":"max-snippet:-1","max-image-preview":"max-image-preview:large","max-video-preview":"max-video-preview:-1"},"canonical":"https:\/\/www.accuratereviews.com\/it\/programmi-grafica-design\/maglr-recensione\/","og_locale":"it_IT","og_type":"article","og_title":"Maglr: recensione software grafica design - Accurate Reviews","og_description":"Maglr: recensione soluzione di progettazione grafica e gestione dei contenuti basata su cloud per professionisti del marketing e designer.","og_url":"https:\/\/www.accuratereviews.com\/it\/programmi-grafica-design\/maglr-recensione\/","og_site_name":"Accurate Reviews","article_modified_time":"2021-11-12T10:00:29+00:00","og_image":[{"width":2721,"height":1006,"url":"https:\/\/www.accuratereviews.com\/wp-content\/uploads\/2021\/11\/maglr.png","type":"image\/png"}],"twitter_card":"summary_large_image","twitter_misc":{"Tempo di lettura stimato":"4 minuti"},"schema":{"@context":"https:\/\/schema.org","@graph":[{"@type":"WebPage","@id":"https:\/\/www.accuratereviews.com\/it\/programmi-grafica-design\/maglr-recensione\/","url":"https:\/\/www.accuratereviews.com\/it\/programmi-grafica-design\/maglr-recensione\/","name":"Maglr: recensione software grafica design - Accurate Reviews","isPartOf":{"@id":"https:\/\/www.accuratereviews.com\/it\/#website"},"primaryImageOfPage":{"@id":"https:\/\/www.accuratereviews.com\/it\/programmi-grafica-design\/maglr-recensione\/#primaryimage"},"image":{"@id":"https:\/\/www.accuratereviews.com\/it\/programmi-grafica-design\/maglr-recensione\/#primaryimage"},"thumbnailUrl":"https:\/\/www.accuratereviews.com\/wp-content\/uploads\/2021\/11\/maglr.png","datePublished":"2021-11-11T11:26:11+00:00","dateModified":"2021-11-12T10:00:29+00:00","description":"Maglr: recensione soluzione di progettazione grafica e gestione dei contenuti basata su cloud per professionisti del marketing e designer.","breadcrumb":{"@id":"https:\/\/www.accuratereviews.com\/it\/programmi-grafica-design\/maglr-recensione\/#breadcrumb"},"inLanguage":"it-IT","potentialAction":[{"@type":"ReadAction","target":["https:\/\/www.accuratereviews.com\/it\/programmi-grafica-design\/maglr-recensione\/"]}]},{"@type":"ImageObject","inLanguage":"it-IT","@id":"https:\/\/www.accuratereviews.com\/it\/programmi-grafica-design\/maglr-recensione\/#primaryimage","url":"https:\/\/www.accuratereviews.com\/wp-content\/uploads\/2021\/11\/maglr.png","contentUrl":"https:\/\/www.accuratereviews.com\/wp-content\/uploads\/2021\/11\/maglr.png","width":2721,"height":1006},{"@type":"BreadcrumbList","@id":"https:\/\/www.accuratereviews.com\/it\/programmi-grafica-design\/maglr-recensione\/#breadcrumb","itemListElement":[{"@type":"ListItem","position":1,"name":"Home","item":"https:\/\/www.accuratereviews.com\/it\/"},{"@type":"ListItem","position":2,"name":"Programmi grafica design","item":"https:\/\/www.accuratereviews.com\/it\/programmi-grafica-design\/"},{"@type":"ListItem","position":3,"name":"Maglr"}]},{"@type":"WebSite","@id":"https:\/\/www.accuratereviews.com\/it\/#website","url":"https:\/\/www.accuratereviews.com\/it\/","name":"Accurate Reviews","description":"","potentialAction":[{"@type":"SearchAction","target":{"@type":"EntryPoint","urlTemplate":"https:\/\/www.accuratereviews.com\/it\/?s={search_term_string}"},"query-input":{"@type":"PropertyValueSpecification","valueRequired":true,"valueName":"search_term_string"}}],"inLanguage":"it-IT"}]}},"_links":{"self":[{"href":"https:\/\/www.accuratereviews.com\/it\/wp-json\/wp\/v2\/pages\/49815","targetHints":{"allow":["GET"]}}],"collection":[{"href":"https:\/\/www.accuratereviews.com\/it\/wp-json\/wp\/v2\/pages"}],"about":[{"href":"https:\/\/www.accuratereviews.com\/it\/wp-json\/wp\/v2\/types\/page"}],"author":[{"embeddable":true,"href":"https:\/\/www.accuratereviews.com\/it\/wp-json\/wp\/v2\/users\/16"}],"replies":[{"embeddable":true,"href":"https:\/\/www.accuratereviews.com\/it\/wp-json\/wp\/v2\/comments?post=49815"}],"version-history":[{"count":7,"href":"https:\/\/www.accuratereviews.com\/it\/wp-json\/wp\/v2\/pages\/49815\/revisions"}],"predecessor-version":[{"id":49906,"href":"https:\/\/www.accuratereviews.com\/it\/wp-json\/wp\/v2\/pages\/49815\/revisions\/49906"}],"up":[{"embeddable":true,"href":"https:\/\/www.accuratereviews.com\/it\/wp-json\/wp\/v2\/pages\/49827"}],"wp:featuredmedia":[{"embeddable":true,"href":"https:\/\/www.accuratereviews.com\/it\/wp-json\/wp\/v2\/media\/49816"}],"wp:attachment":[{"href":"https:\/\/www.accuratereviews.com\/it\/wp-json\/wp\/v2\/media?parent=49815"}],"wp:term":[{"taxonomy":"category","embeddable":true,"href":"https:\/\/www.accuratereviews.com\/it\/wp-json\/wp\/v2\/categories?post=49815"},{"taxonomy":"post_tag","embeddable":true,"href":"https:\/\/www.accuratereviews.com\/it\/wp-json\/wp\/v2\/tags?post=49815"},{"taxonomy":"features","embeddable":true,"href":"https:\/\/www.accuratereviews.com\/it\/wp-json\/wp\/v2\/features?post=49815"}],"curies":[{"name":"wp","href":"https:\/\/api.w.org\/{rel}","templated":true}]}}