{"id":49881,"date":"2021-11-12T10:59:57","date_gmt":"2021-11-12T10:59:57","guid":{"rendered":"https:\/\/www.accuratereviews.com\/?page_id=49881"},"modified":"2021-11-12T10:59:57","modified_gmt":"2021-11-12T10:59:57","slug":"creatopy-recensione","status":"publish","type":"page","link":"https:\/\/www.accuratereviews.com\/it\/programmi-grafica-design\/creatopy-recensione\/","title":{"rendered":"Creatopy"},"content":{"rendered":"<p><strong>Creatopy<\/strong> \u00e8 un <strong>programma di grafica<\/strong> che automatizza e semplifica il processo di progettazione di grafiche e di creazione di annunci e campagne marketing coinvolgenti. Si rivolge a imprese di tutte le dimensioni che vogliono aumentare la propria efficienza utilizzando una <strong>soluzione scalabile di design degli annunci<\/strong> che si adatta alle esigenze di tutti i team creativi.<br \/>\nQuesta piattaforma online consente di personalizzare, automatizzare e scalare la produzione e la consegna degli annunci e anche di gestire pi\u00f9 clienti senza sforzo grazie a funzionalit\u00e0 di collaborazione avanzate.<\/p>\n<h2>CREATOPY &#8211; TUTORIAL<\/h2>\n<p>Ecco un breve video che ti mostrer\u00e0 come funziona questo software di grafica:<\/p>\n<div id=\"fluid-wrapper-counter-1\" class=\"g1-fluid-wrapper \" style=\"width:686px;\">\n<div style=\"padding-bottom:56.268221574344%;\"><iframe loading=\"lazy\" title=\"Meet Creatopy!\" width=\"686\" height=\"386\" src=\"https:\/\/www.youtube.com\/embed\/0i_LCD918p4?feature=oembed&amp;wmode=transparent&amp;autohide=1&amp;autoplay=0&amp;disablekb=0&amp;fs=1&amp;loop=0&amp;enablejsapi=1&amp;rel=0&amp;controls=2&amp;showinfo=0&amp;wmode=transparent&amp;autohide=2&amp;autoplay=0&amp;disablekb=0&amp;fs=1&amp;loop=0&amp;enablejsapi=1&amp;rel=0&amp;controls=2&amp;showinfo=1\" frameborder=\"0\" allow=\"accelerometer; autoplay; clipboard-write; encrypted-media; gyroscope; picture-in-picture\" allowfullscreen><\/iframe><\/div>\n<\/div>\n<h3>CRREATOPY &#8211; CARATTERISTICHE<\/h3>\n<ul>\n<li><strong>Progetta annunci personalizzati senza sforzo<\/strong>: inizia da una tela bianca o lasciati ispirare dalla vasta collezione di modelli specifici del settore. Personalizza il movimento, gli elementi creativi, l&#8217;animazione HTML5, i flussi di lavoro e tutto quello che ti viene in mente. Usa il creatore di annunci per costruire progetti di annunci in un&#8217;ampia variet\u00e0 di dimensioni<\/li>\n<li><strong>Aggiungi movimento alle tue immagini<\/strong>: crea design che muoveranno il pubblico. Personalizza e controlla l&#8217;animazione HTML5 in modo intuitivo. Aggiungi il movimento alle tue immagini con un solo clic e personalizza il flusso dei singoli elementi di design esattamente come vuoi per potenti annunci animati<\/li>\n<li><strong>Aumenta la tua produzione creativa<\/strong>: ottimizza il processo di progettazione degli annunci con strumenti intuitivi di versioning creativo. Costruisci rapidamente design di annunci di prodotto adatti a una variet\u00e0 di piattaforme e lingue. Scala le tue informazioni sui contenuti usando i feed di dati per variazioni rapide degli annunci. Ridimensiona qualsiasi annuncio su pi\u00f9 dimensioni con un solo clic, modifica in blocco, anima e scarica<\/li>\n<li><strong>Lavora insieme per una maggiore efficienza<\/strong>: rendi il tuo processo di creazione degli annunci pi\u00f9 efficiente gestendo e personalizzando facilmente il tuo flusso di lavoro. Organizza il tuo lavoro in progetti e cartelle, condividi i tuoi progetti con il tuo team e i tuoi clienti per dare e ricevere feedback istantaneamente e personalizza la tua pagina condivisa per un&#8217;esperienza collaborativa completamente personalizzata<\/li>\n<li><strong>Trasmetti il tuo messaggio senza soluzione di continuit\u00e0<\/strong>: fai sentire il tuo messaggio su qualsiasi canale digitale. Servi i tuoi annunci sulle reti di visualizzazione di vostra scelta, monitora le prestazioni e aggiorna i contenuti dal vivo all&#8217;istante. Oppure, scarica le tue immagini come file ottimizzati di alta qualit\u00e0 in tutti i formati adatti agli annunci digitali.<\/li>\n<\/ul>\n<h4>LE RECENSIONI DEGLI UTENTI<\/h4>\n<p><strong>Nicole D. &#8220;la mia recensione&#8221;<\/strong><br \/>\nCOMMENTI: il team \u00e8 molto reattivo e disponibile ogni volta che ho problemi.<br \/>\nPRO: \u00e8 un modo fantastico e facile da usare per fare GIF e grafica. Ha una tonnellata di opzioni e crea contenuti di alta qualit\u00e0.<br \/>\nCONTRO: ogni tanto ci sono alcuni problemi nel download, e vorrei che ci fossero alcuni strumenti in pi\u00f9 per allineare e spazializzare le cose.<\/p>\n<p><strong>John M. &#8220;Ottimo per nessun designer&#8221;<\/strong><br \/>\nCOMMENTI: nel complesso, sono pi\u00f9 che soddisfatto. Per il prezzo, non c&#8217;\u00e8 una soluzione migliore.<br \/>\nPRO: mi piace perch\u00e9 non sono un designer! Con Creatopy, sono in grado di creare semplici banner ed elementi del sito web che prima dovevo aspettare che il mio designer finisse.<br \/>\nCONTRO: la mia unica lamentela sarebbe che a volte la qualit\u00e0 della risoluzione \u00e8 ridotta quando si fanno grandi grafiche, ma questo \u00e8 davvero tutto.<\/p>\n<p><strong>Kara R. &#8220;Ottimo modo per essere visti&#8221;<\/strong><br \/>\nCOMMENTI: posso impostarlo e dimenticarlo. \u00c8 sempre emozionante quando vedo il mio annuncio o qualcuno che conosco dice di averlo visto.<br \/>\nPRO: una volta che lo capisci \u00e8 facile da usare.<br \/>\nCONTRO: avrei voluto ci fossero dei video di aiuto quando ho iniziato.<\/p>\n","protected":false},"excerpt":{"rendered":"<p>Creatopy \u00e8 un programma di grafica che automatizza e semplifica il processo di progettazione di grafiche e di creazione di annunci e campagne marketing coinvolgenti. Si rivolge a imprese di tutte le dimensioni che vogliono aumentare la propria efficienza utilizzando una soluzione scalabile di design degli annunci che si adatta alle esigenze di tutti i team creativi.<\/p>\n","protected":false},"author":17,"featured_media":49882,"parent":49827,"menu_order":0,"comment_status":"open","ping_status":"closed","template":"g1_template_page_review_new.php","meta":{"_acf_changed":false,"cwp_meta_box_check":"No","cwp_rev_product_name":"","cwp_rev_product_image":"","wppr_links":[],"cwp_rev_price":"","wppr_options":[],"wppr_pros":[],"wppr_cons":[],"_monsterinsights_skip_tracking":false,"_monsterinsights_sitenote_active":false,"_monsterinsights_sitenote_note":"","_monsterinsights_sitenote_category":0,"footnotes":""},"categories":[11404],"tags":[11429,11407,11432,11409,11430,11408,11431,11406,11405],"features":[],"class_list":{"0":"post-49881","1":"page","2":"type-page","3":"status-publish","4":"has-post-thumbnail","6":"category-programmi-grafica-design-cat","7":"tag-creatopy","8":"tag-grafica-design","9":"tag-graphic-design-it","10":"tag-piattaforma-grafica-design","11":"tag-programma-grafica","12":"tag-programma-grafica-design","13":"tag-software-grafica","14":"tag-software-grafica-design","15":"tag-soluzione-grafica-design"},"wppr_data":{"cwp_meta_box_check":"No"},"acf":[],"yoast_head":"<!-- This site is optimized with the Yoast SEO plugin v27.4 - https:\/\/yoast.com\/product\/yoast-seo-wordpress\/ -->\n<title>Creatopy: recensione programma grafica - Accurate Reviews<\/title>\n<meta name=\"description\" content=\"Creatopy: recensione del programma di grafica che automatizza e semplifica il processo di progettazione di grafiche e di annunci.\" \/>\n<meta name=\"robots\" content=\"index, follow, max-snippet:-1, max-image-preview:large, max-video-preview:-1\" \/>\n<link rel=\"canonical\" href=\"https:\/\/www.accuratereviews.com\/it\/programmi-grafica-design\/creatopy-recensione\/\" \/>\n<meta property=\"og:locale\" content=\"it_IT\" \/>\n<meta property=\"og:type\" content=\"article\" \/>\n<meta property=\"og:title\" content=\"Creatopy: recensione programma grafica - Accurate Reviews\" \/>\n<meta property=\"og:description\" content=\"Creatopy: recensione del programma di grafica che automatizza e semplifica il processo di progettazione di grafiche e di annunci.\" \/>\n<meta property=\"og:url\" content=\"https:\/\/www.accuratereviews.com\/it\/programmi-grafica-design\/creatopy-recensione\/\" \/>\n<meta property=\"og:site_name\" content=\"Accurate Reviews\" \/>\n<meta property=\"og:image\" content=\"https:\/\/www.accuratereviews.com\/wp-content\/uploads\/2021\/11\/creatopy-logo-freelogovectors.net_.png\" \/>\n\t<meta property=\"og:image:width\" content=\"1200\" \/>\n\t<meta property=\"og:image:height\" content=\"495\" \/>\n\t<meta property=\"og:image:type\" content=\"image\/png\" \/>\n<meta name=\"twitter:card\" content=\"summary_large_image\" \/>\n<meta name=\"twitter:label1\" content=\"Tempo di lettura stimato\" \/>\n\t<meta name=\"twitter:data1\" content=\"3 minuti\" \/>\n<script type=\"application\/ld+json\" class=\"yoast-schema-graph\">{\"@context\":\"https:\\\/\\\/schema.org\",\"@graph\":[{\"@type\":\"WebPage\",\"@id\":\"https:\\\/\\\/www.accuratereviews.com\\\/it\\\/programmi-grafica-design\\\/creatopy-recensione\\\/\",\"url\":\"https:\\\/\\\/www.accuratereviews.com\\\/it\\\/programmi-grafica-design\\\/creatopy-recensione\\\/\",\"name\":\"Creatopy: recensione programma grafica - Accurate Reviews\",\"isPartOf\":{\"@id\":\"https:\\\/\\\/www.accuratereviews.com\\\/it\\\/#website\"},\"primaryImageOfPage\":{\"@id\":\"https:\\\/\\\/www.accuratereviews.com\\\/it\\\/programmi-grafica-design\\\/creatopy-recensione\\\/#primaryimage\"},\"image\":{\"@id\":\"https:\\\/\\\/www.accuratereviews.com\\\/it\\\/programmi-grafica-design\\\/creatopy-recensione\\\/#primaryimage\"},\"thumbnailUrl\":\"https:\\\/\\\/www.accuratereviews.com\\\/wp-content\\\/uploads\\\/2021\\\/11\\\/creatopy-logo-freelogovectors.net_.png\",\"datePublished\":\"2021-11-12T10:59:57+00:00\",\"description\":\"Creatopy: recensione del programma di grafica che automatizza e semplifica il processo di progettazione di grafiche e di annunci.\",\"breadcrumb\":{\"@id\":\"https:\\\/\\\/www.accuratereviews.com\\\/it\\\/programmi-grafica-design\\\/creatopy-recensione\\\/#breadcrumb\"},\"inLanguage\":\"it-IT\",\"potentialAction\":[{\"@type\":\"ReadAction\",\"target\":[\"https:\\\/\\\/www.accuratereviews.com\\\/it\\\/programmi-grafica-design\\\/creatopy-recensione\\\/\"]}]},{\"@type\":\"ImageObject\",\"inLanguage\":\"it-IT\",\"@id\":\"https:\\\/\\\/www.accuratereviews.com\\\/it\\\/programmi-grafica-design\\\/creatopy-recensione\\\/#primaryimage\",\"url\":\"https:\\\/\\\/www.accuratereviews.com\\\/wp-content\\\/uploads\\\/2021\\\/11\\\/creatopy-logo-freelogovectors.net_.png\",\"contentUrl\":\"https:\\\/\\\/www.accuratereviews.com\\\/wp-content\\\/uploads\\\/2021\\\/11\\\/creatopy-logo-freelogovectors.net_.png\",\"width\":1200,\"height\":495},{\"@type\":\"BreadcrumbList\",\"@id\":\"https:\\\/\\\/www.accuratereviews.com\\\/it\\\/programmi-grafica-design\\\/creatopy-recensione\\\/#breadcrumb\",\"itemListElement\":[{\"@type\":\"ListItem\",\"position\":1,\"name\":\"Home\",\"item\":\"https:\\\/\\\/www.accuratereviews.com\\\/it\\\/\"},{\"@type\":\"ListItem\",\"position\":2,\"name\":\"Programmi grafica design\",\"item\":\"https:\\\/\\\/www.accuratereviews.com\\\/it\\\/programmi-grafica-design\\\/\"},{\"@type\":\"ListItem\",\"position\":3,\"name\":\"Creatopy\"}]},{\"@type\":\"WebSite\",\"@id\":\"https:\\\/\\\/www.accuratereviews.com\\\/it\\\/#website\",\"url\":\"https:\\\/\\\/www.accuratereviews.com\\\/it\\\/\",\"name\":\"Accurate Reviews\",\"description\":\"\",\"potentialAction\":[{\"@type\":\"SearchAction\",\"target\":{\"@type\":\"EntryPoint\",\"urlTemplate\":\"https:\\\/\\\/www.accuratereviews.com\\\/it\\\/?s={search_term_string}\"},\"query-input\":{\"@type\":\"PropertyValueSpecification\",\"valueRequired\":true,\"valueName\":\"search_term_string\"}}],\"inLanguage\":\"it-IT\"}]}<\/script>\n<!-- \/ Yoast SEO plugin. -->","yoast_head_json":{"title":"Creatopy: recensione programma grafica - Accurate Reviews","description":"Creatopy: recensione del programma di grafica che automatizza e semplifica il processo di progettazione di grafiche e di annunci.","robots":{"index":"index","follow":"follow","max-snippet":"max-snippet:-1","max-image-preview":"max-image-preview:large","max-video-preview":"max-video-preview:-1"},"canonical":"https:\/\/www.accuratereviews.com\/it\/programmi-grafica-design\/creatopy-recensione\/","og_locale":"it_IT","og_type":"article","og_title":"Creatopy: recensione programma grafica - Accurate Reviews","og_description":"Creatopy: recensione del programma di grafica che automatizza e semplifica il processo di progettazione di grafiche e di annunci.","og_url":"https:\/\/www.accuratereviews.com\/it\/programmi-grafica-design\/creatopy-recensione\/","og_site_name":"Accurate Reviews","og_image":[{"width":1200,"height":495,"url":"https:\/\/www.accuratereviews.com\/wp-content\/uploads\/2021\/11\/creatopy-logo-freelogovectors.net_.png","type":"image\/png"}],"twitter_card":"summary_large_image","twitter_misc":{"Tempo di lettura stimato":"3 minuti"},"schema":{"@context":"https:\/\/schema.org","@graph":[{"@type":"WebPage","@id":"https:\/\/www.accuratereviews.com\/it\/programmi-grafica-design\/creatopy-recensione\/","url":"https:\/\/www.accuratereviews.com\/it\/programmi-grafica-design\/creatopy-recensione\/","name":"Creatopy: recensione programma grafica - Accurate Reviews","isPartOf":{"@id":"https:\/\/www.accuratereviews.com\/it\/#website"},"primaryImageOfPage":{"@id":"https:\/\/www.accuratereviews.com\/it\/programmi-grafica-design\/creatopy-recensione\/#primaryimage"},"image":{"@id":"https:\/\/www.accuratereviews.com\/it\/programmi-grafica-design\/creatopy-recensione\/#primaryimage"},"thumbnailUrl":"https:\/\/www.accuratereviews.com\/wp-content\/uploads\/2021\/11\/creatopy-logo-freelogovectors.net_.png","datePublished":"2021-11-12T10:59:57+00:00","description":"Creatopy: recensione del programma di grafica che automatizza e semplifica il processo di progettazione di grafiche e di annunci.","breadcrumb":{"@id":"https:\/\/www.accuratereviews.com\/it\/programmi-grafica-design\/creatopy-recensione\/#breadcrumb"},"inLanguage":"it-IT","potentialAction":[{"@type":"ReadAction","target":["https:\/\/www.accuratereviews.com\/it\/programmi-grafica-design\/creatopy-recensione\/"]}]},{"@type":"ImageObject","inLanguage":"it-IT","@id":"https:\/\/www.accuratereviews.com\/it\/programmi-grafica-design\/creatopy-recensione\/#primaryimage","url":"https:\/\/www.accuratereviews.com\/wp-content\/uploads\/2021\/11\/creatopy-logo-freelogovectors.net_.png","contentUrl":"https:\/\/www.accuratereviews.com\/wp-content\/uploads\/2021\/11\/creatopy-logo-freelogovectors.net_.png","width":1200,"height":495},{"@type":"BreadcrumbList","@id":"https:\/\/www.accuratereviews.com\/it\/programmi-grafica-design\/creatopy-recensione\/#breadcrumb","itemListElement":[{"@type":"ListItem","position":1,"name":"Home","item":"https:\/\/www.accuratereviews.com\/it\/"},{"@type":"ListItem","position":2,"name":"Programmi grafica design","item":"https:\/\/www.accuratereviews.com\/it\/programmi-grafica-design\/"},{"@type":"ListItem","position":3,"name":"Creatopy"}]},{"@type":"WebSite","@id":"https:\/\/www.accuratereviews.com\/it\/#website","url":"https:\/\/www.accuratereviews.com\/it\/","name":"Accurate Reviews","description":"","potentialAction":[{"@type":"SearchAction","target":{"@type":"EntryPoint","urlTemplate":"https:\/\/www.accuratereviews.com\/it\/?s={search_term_string}"},"query-input":{"@type":"PropertyValueSpecification","valueRequired":true,"valueName":"search_term_string"}}],"inLanguage":"it-IT"}]}},"_links":{"self":[{"href":"https:\/\/www.accuratereviews.com\/it\/wp-json\/wp\/v2\/pages\/49881","targetHints":{"allow":["GET"]}}],"collection":[{"href":"https:\/\/www.accuratereviews.com\/it\/wp-json\/wp\/v2\/pages"}],"about":[{"href":"https:\/\/www.accuratereviews.com\/it\/wp-json\/wp\/v2\/types\/page"}],"author":[{"embeddable":true,"href":"https:\/\/www.accuratereviews.com\/it\/wp-json\/wp\/v2\/users\/17"}],"replies":[{"embeddable":true,"href":"https:\/\/www.accuratereviews.com\/it\/wp-json\/wp\/v2\/comments?post=49881"}],"version-history":[{"count":5,"href":"https:\/\/www.accuratereviews.com\/it\/wp-json\/wp\/v2\/pages\/49881\/revisions"}],"predecessor-version":[{"id":49922,"href":"https:\/\/www.accuratereviews.com\/it\/wp-json\/wp\/v2\/pages\/49881\/revisions\/49922"}],"up":[{"embeddable":true,"href":"https:\/\/www.accuratereviews.com\/it\/wp-json\/wp\/v2\/pages\/49827"}],"wp:featuredmedia":[{"embeddable":true,"href":"https:\/\/www.accuratereviews.com\/it\/wp-json\/wp\/v2\/media\/49882"}],"wp:attachment":[{"href":"https:\/\/www.accuratereviews.com\/it\/wp-json\/wp\/v2\/media?parent=49881"}],"wp:term":[{"taxonomy":"category","embeddable":true,"href":"https:\/\/www.accuratereviews.com\/it\/wp-json\/wp\/v2\/categories?post=49881"},{"taxonomy":"post_tag","embeddable":true,"href":"https:\/\/www.accuratereviews.com\/it\/wp-json\/wp\/v2\/tags?post=49881"},{"taxonomy":"features","embeddable":true,"href":"https:\/\/www.accuratereviews.com\/it\/wp-json\/wp\/v2\/features?post=49881"}],"curies":[{"name":"wp","href":"https:\/\/api.w.org\/{rel}","templated":true}]}}